{"id":107327,"date":"2016-09-14T21:12:37","date_gmt":"2016-09-14T18:12:37","guid":{"rendered":"https:\/\/muumimukitrahaksi.fi\/tuote\/muminburk-pa-aventyr-0-7l-2009-2013-etikett-2\/"},"modified":"2025-09-25T19:27:49","modified_gmt":"2025-09-25T16:27:49","slug":"muminburk-pa-aventyr-0-7l-2009-2013-etikett-2","status":"publish","type":"product","link":"https:\/\/muumimukitrahaksi.fi\/sv\/produkt\/muminburk-pa-aventyr-0-7l-2009-2013-etikett-2\/","title":{"rendered":"Muminburk P\u00e5 \u00e4ventyr 0.7l (2009-2013) *ETIKETT*"},"content":{"rendered":"<p style=\"text-align: center;\"><strong>\u2022 Officiell Moomin Characters\u00a0 licensinnehavare \u2022 Delbetalning\/faktura \u2022 Kvalitetsgranskade produkter<\/strong><\/p>\n<p>Muminburken P\u00e5 \u00e4ventyr lanserades \u00e5r 2009 som en del av den stora P\u00e5 \u00e4ventyr-produktserien. Burkens volym \u00e4r 0,7 liter. Till en b\u00f6rjan tillverkades en version av burken med tr\u00e4lock, som senare ersattes med ett svart lock. Versionen med tr\u00e4lock \u00e4r n\u00e5got mer eftertraktad bland samlare p\u00e5 grund av dess l\u00e4gre produktionsm\u00e4ngd.<\/p>\n<p>Den svartvita illustrationen i burkens bakgrund \u00e4r h\u00e4mtad fr\u00e5n Tove Janssons roman Trollkarlens hatt. P\u00e5 \u00e4ventyr-produktserien \u00e4r popul\u00e4r bland samlare, men \u00e4ven i vanliga hush\u00e5ll. P\u00e5 grund av den svartvita designen passar serien in i m\u00e5nga k\u00f6ksinredningar. Till serien P\u00e5 \u00e4ventyr h\u00f6r f\u00f6rutom burkarna \u00e4ven en mugg, en sk\u00e5l, en tallrik, en kanna, en serveringssk\u00e5l, en bricka, barnbestick, tv\u00e5 l\u00e5nga skedar samt en v\u00e4ggklocka.<\/p>\n<p><a href=\"https:\/\/www.youtube.com\/watch?v=6soOWMgtGdQ\">Kolla videon p\u00e5 P\u00e5 \u00e4ventyr -muminmuggen, som \u00e4r ur samma serie som burken, p\u00e5 v\u00e5r Youtubekanal.<\/a><\/p>\n<p>Kolla in andra P\u00e5 \u00e4ventyr -produkter <a href=\"https:\/\/muumimukitrahaksi.fi\/sv\/produkt-nyckelord\/aventyr\/\">h\u00e4r.\u00a0<\/a><\/p>\n<p>Har du en P\u00e5 \u00e4ventyr -muminburk och vill s\u00e4lja den? Vi k\u00f6per ocks\u00e5 muminburkar. Klicka <a href=\"https:\/\/muumimukitrahaksi.fi\/en\/sell-moomin\/\">h\u00e4r<\/a>, fyll i formul\u00e4ret och f\u00e5 en offert samma dag.<\/p>\n","protected":false},"excerpt":{"rendered":"<p style=\"text-align: center;\"><strong>\u2022 H\u00f6gklassiga varor \u2022 Snabb leverans<\/strong><\/p>\n<p>Arabias muminburk P\u00e5 \u00e4ventyr (ur produktion). Burkens volym \u00e4r 0,7 liter. Burken \u00e4r ny och har etiketten kvar. Etiketten finns p\u00e5 botten av burken. Det kan f\u00f6rekomma anv\u00e4ndningssp\u00e5r p\u00e5 burkens lock. Burkarna packas med omsorg och f\u00f6rnybara material.<\/p>\n<p style=\"text-align: center;\"><strong>\u2022 S\u00e4kra betalningss\u00e4tt<\/strong><\/p>\n<p><img loading=\"lazy\" decoding=\"async\" class=\"aligncenter wp-image-20415 size-full\" src=\"https:\/\/muumimukitrahaksi.fi\/wp-content\/uploads\/2020\/06\/maksutavat-2026-pieni-eng.png\" alt=\"Payment options\" width=\"350\" height=\"200\" \/><\/p>\n","protected":false},"featured_media":107323,"template":"","meta":[],"product_brand":[],"product_cat":[557,548],"product_tag":[618,626,600],"class_list":{"0":"post-107327","1":"product","2":"type-product","3":"status-publish","4":"has-post-thumbnail","6":"product_cat-burkar","7":"product_cat-ovriga-produkter","8":"product_tag-aventyr","9":"product_tag-med-etikett","10":"product_tag-muminburk","11":"product_shipping_class-iso-tuote-sv","13":"first","14":"outofstock","15":"taxable","16":"shipping-taxable","17":"purchasable","18":"product-type-simple"},"yoast_head":"<!-- This site is optimized with the Yoast SEO plugin v27.1.1 - https:\/\/yoast.com\/product\/yoast-seo-wordpress\/ -->\n<title>Muminburk P\u00e5 \u00e4ventyr 0.7l (2009-2013) *ETIKETT* - Muumimukit Rahaksi<\/title>\n<meta name=\"description\" content=\"Arabias muminburk P\u00e5 \u00e4ventyr (ur produktion). Burkens volym \u00e4r 0,7 liter. Burken \u00e4r ny och har etiketten kvar.\" \/>\n<meta name=\"robots\" content=\"index, follow, max-snippet:-1, max-image-preview:large, max-video-preview:-1\" \/>\n<link rel=\"canonical\" href=\"https:\/\/muumimukitrahaksi.fi\/produkt\/muumipurkki-seikkailu-0-7l-2008-2013-tarra\/\" \/>\n<meta property=\"og:locale\" content=\"sv_SE\" \/>\n<meta property=\"og:type\" content=\"article\" \/>\n<meta property=\"og:title\" content=\"Muminburk P\u00e5 \u00e4ventyr 0.7l (2009-2013) *ETIKETT* - Muumimukit Rahaksi\" \/>\n<meta property=\"og:description\" content=\"Arabias muminburk P\u00e5 \u00e4ventyr (ur produktion). Burkens volym \u00e4r 0,7 liter. Burken \u00e4r ny och har etiketten kvar.\" \/>\n<meta property=\"og:url\" content=\"https:\/\/muumimukitrahaksi.fi\/produkt\/muumipurkki-seikkailu-0-7l-2008-2013-tarra\/\" \/>\n<meta property=\"og:site_name\" content=\"Muumimukit Rahaksi\" \/>\n<meta property=\"article:publisher\" content=\"https:\/\/www.facebook.com\/muumimukitrahaksi\/\" \/>\n<meta property=\"article:modified_time\" content=\"2025-09-25T16:27:49+00:00\" \/>\n<meta property=\"og:image\" content=\"https:\/\/muumimukitrahaksi.fi\/wp-content\/uploads\/2021\/03\/DSC04304.jpg\" \/>\n\t<meta property=\"og:image:width\" content=\"1000\" \/>\n\t<meta property=\"og:image:height\" content=\"1000\" \/>\n\t<meta property=\"og:image:type\" content=\"image\/jpeg\" \/>\n<meta name=\"twitter:card\" content=\"summary_large_image\" \/>\n<meta name=\"twitter:site\" content=\"@MuumitRahaksi\" \/>\n<meta name=\"twitter:label1\" content=\"Ber\u00e4knad l\u00e4stid\" \/>\n\t<meta name=\"twitter:data1\" content=\"1 minut\" \/>\n<script type=\"application\/ld+json\" class=\"yoast-schema-graph\">{\"@context\":\"https:\/\/schema.org\",\"@graph\":[{\"@type\":\"WebPage\",\"@id\":\"https:\/\/muumimukitrahaksi.fi\/produkt\/muumipurkki-seikkailu-0-7l-2008-2013-tarra\/\",\"url\":\"https:\/\/muumimukitrahaksi.fi\/produkt\/muumipurkki-seikkailu-0-7l-2008-2013-tarra\/\",\"name\":\"Muminburk P\u00e5 \u00e4ventyr 0.7l (2009-2013) *ETIKETT* - Muumimukit Rahaksi\",\"isPartOf\":{\"@id\":\"https:\/\/muumimukitrahaksi.fi\/#website\"},\"primaryImageOfPage\":{\"@id\":\"https:\/\/muumimukitrahaksi.fi\/produkt\/muumipurkki-seikkailu-0-7l-2008-2013-tarra\/#primaryimage\"},\"image\":{\"@id\":\"https:\/\/muumimukitrahaksi.fi\/produkt\/muumipurkki-seikkailu-0-7l-2008-2013-tarra\/#primaryimage\"},\"thumbnailUrl\":\"https:\/\/muumimukitrahaksi.fi\/wp-content\/uploads\/2021\/03\/DSC04304.jpg\",\"datePublished\":\"2016-09-14T18:12:37+00:00\",\"dateModified\":\"2025-09-25T16:27:49+00:00\",\"description\":\"Arabias muminburk P\u00e5 \u00e4ventyr (ur produktion). Burkens volym \u00e4r 0,7 liter. Burken \u00e4r ny och har etiketten kvar.\",\"breadcrumb\":{\"@id\":\"https:\/\/muumimukitrahaksi.fi\/produkt\/muumipurkki-seikkailu-0-7l-2008-2013-tarra\/#breadcrumb\"},\"inLanguage\":\"sv-SE\",\"potentialAction\":[{\"@type\":\"ReadAction\",\"target\":[\"https:\/\/muumimukitrahaksi.fi\/produkt\/muumipurkki-seikkailu-0-7l-2008-2013-tarra\/\"]}]},{\"@type\":\"ImageObject\",\"inLanguage\":\"sv-SE\",\"@id\":\"https:\/\/muumimukitrahaksi.fi\/produkt\/muumipurkki-seikkailu-0-7l-2008-2013-tarra\/#primaryimage\",\"url\":\"https:\/\/muumimukitrahaksi.fi\/wp-content\/uploads\/2021\/03\/DSC04304.jpg\",\"contentUrl\":\"https:\/\/muumimukitrahaksi.fi\/wp-content\/uploads\/2021\/03\/DSC04304.jpg\",\"width\":1000,\"height\":1000,\"caption\":\"Muminburk P\u00e5 \u00e4ventyr 0.7l\"},{\"@type\":\"BreadcrumbList\",\"@id\":\"https:\/\/muumimukitrahaksi.fi\/produkt\/muumipurkki-seikkailu-0-7l-2008-2013-tarra\/#breadcrumb\",\"itemListElement\":[{\"@type\":\"ListItem\",\"position\":1,\"name\":\"Etusivu\",\"item\":\"https:\/\/muumimukitrahaksi.fi\/sv\/\"},{\"@type\":\"ListItem\",\"position\":2,\"name\":\"Butik\",\"item\":\"https:\/\/muumimukitrahaksi.fi\/sv\/butik\/\"},{\"@type\":\"ListItem\",\"position\":3,\"name\":\"Muminburk P\u00e5 \u00e4ventyr 0.7l (2009-2013) *ETIKETT*\"}]},{\"@type\":\"WebSite\",\"@id\":\"https:\/\/muumimukitrahaksi.fi\/#website\",\"url\":\"https:\/\/muumimukitrahaksi.fi\/\",\"name\":\"Muumimukit Rahaksi\",\"description\":\"Muumimukeja, -kulhoja ja -lautasia ker\u00e4ilij\u00f6ille!\",\"publisher\":{\"@id\":\"https:\/\/muumimukitrahaksi.fi\/#organization\"},\"potentialAction\":[{\"@type\":\"SearchAction\",\"target\":{\"@type\":\"EntryPoint\",\"urlTemplate\":\"https:\/\/muumimukitrahaksi.fi\/?s={search_term_string}\"},\"query-input\":{\"@type\":\"PropertyValueSpecification\",\"valueRequired\":true,\"valueName\":\"search_term_string\"}}],\"inLanguage\":\"sv-SE\"},{\"@type\":\"Organization\",\"@id\":\"https:\/\/muumimukitrahaksi.fi\/#organization\",\"name\":\"Muumimukit Rahaksi\",\"url\":\"https:\/\/muumimukitrahaksi.fi\/\",\"logo\":{\"@type\":\"ImageObject\",\"inLanguage\":\"sv-SE\",\"@id\":\"https:\/\/muumimukitrahaksi.fi\/#\/schema\/logo\/image\/\",\"url\":\"https:\/\/muumimukitrahaksi.fi\/wp-content\/uploads\/2017\/09\/logooo.jpg\",\"contentUrl\":\"https:\/\/muumimukitrahaksi.fi\/wp-content\/uploads\/2017\/09\/logooo.jpg\",\"width\":514,\"height\":514,\"caption\":\"Muumimukit Rahaksi\"},\"image\":{\"@id\":\"https:\/\/muumimukitrahaksi.fi\/#\/schema\/logo\/image\/\"},\"sameAs\":[\"https:\/\/www.facebook.com\/muumimukitrahaksi\/\",\"https:\/\/x.com\/MuumitRahaksi\",\"https:\/\/www.instagram.com\/muumimukitrahaksi\/\"]}]}<\/script>\n<!-- \/ Yoast SEO plugin. -->","yoast_head_json":{"title":"Muminburk P\u00e5 \u00e4ventyr 0.7l (2009-2013) *ETIKETT* - Muumimukit Rahaksi","description":"Arabias muminburk P\u00e5 \u00e4ventyr (ur produktion). Burkens volym \u00e4r 0,7 liter. Burken \u00e4r ny och har etiketten kvar.","robots":{"index":"index","follow":"follow","max-snippet":"max-snippet:-1","max-image-preview":"max-image-preview:large","max-video-preview":"max-video-preview:-1"},"canonical":"https:\/\/muumimukitrahaksi.fi\/produkt\/muumipurkki-seikkailu-0-7l-2008-2013-tarra\/","og_locale":"sv_SE","og_type":"article","og_title":"Muminburk P\u00e5 \u00e4ventyr 0.7l (2009-2013) *ETIKETT* - Muumimukit Rahaksi","og_description":"Arabias muminburk P\u00e5 \u00e4ventyr (ur produktion). Burkens volym \u00e4r 0,7 liter. Burken \u00e4r ny och har etiketten kvar.","og_url":"https:\/\/muumimukitrahaksi.fi\/produkt\/muumipurkki-seikkailu-0-7l-2008-2013-tarra\/","og_site_name":"Muumimukit Rahaksi","article_publisher":"https:\/\/www.facebook.com\/muumimukitrahaksi\/","article_modified_time":"2025-09-25T16:27:49+00:00","og_image":[{"width":1000,"height":1000,"url":"https:\/\/muumimukitrahaksi.fi\/wp-content\/uploads\/2021\/03\/DSC04304.jpg","type":"image\/jpeg"}],"twitter_card":"summary_large_image","twitter_site":"@MuumitRahaksi","twitter_misc":{"Ber\u00e4knad l\u00e4stid":"1 minut"},"schema":{"@context":"https:\/\/schema.org","@graph":[{"@type":"WebPage","@id":"https:\/\/muumimukitrahaksi.fi\/produkt\/muumipurkki-seikkailu-0-7l-2008-2013-tarra\/","url":"https:\/\/muumimukitrahaksi.fi\/produkt\/muumipurkki-seikkailu-0-7l-2008-2013-tarra\/","name":"Muminburk P\u00e5 \u00e4ventyr 0.7l (2009-2013) *ETIKETT* - Muumimukit Rahaksi","isPartOf":{"@id":"https:\/\/muumimukitrahaksi.fi\/#website"},"primaryImageOfPage":{"@id":"https:\/\/muumimukitrahaksi.fi\/produkt\/muumipurkki-seikkailu-0-7l-2008-2013-tarra\/#primaryimage"},"image":{"@id":"https:\/\/muumimukitrahaksi.fi\/produkt\/muumipurkki-seikkailu-0-7l-2008-2013-tarra\/#primaryimage"},"thumbnailUrl":"https:\/\/muumimukitrahaksi.fi\/wp-content\/uploads\/2021\/03\/DSC04304.jpg","datePublished":"2016-09-14T18:12:37+00:00","dateModified":"2025-09-25T16:27:49+00:00","description":"Arabias muminburk P\u00e5 \u00e4ventyr (ur produktion). Burkens volym \u00e4r 0,7 liter. Burken \u00e4r ny och har etiketten kvar.","breadcrumb":{"@id":"https:\/\/muumimukitrahaksi.fi\/produkt\/muumipurkki-seikkailu-0-7l-2008-2013-tarra\/#breadcrumb"},"inLanguage":"sv-SE","potentialAction":[{"@type":"ReadAction","target":["https:\/\/muumimukitrahaksi.fi\/produkt\/muumipurkki-seikkailu-0-7l-2008-2013-tarra\/"]}]},{"@type":"ImageObject","inLanguage":"sv-SE","@id":"https:\/\/muumimukitrahaksi.fi\/produkt\/muumipurkki-seikkailu-0-7l-2008-2013-tarra\/#primaryimage","url":"https:\/\/muumimukitrahaksi.fi\/wp-content\/uploads\/2021\/03\/DSC04304.jpg","contentUrl":"https:\/\/muumimukitrahaksi.fi\/wp-content\/uploads\/2021\/03\/DSC04304.jpg","width":1000,"height":1000,"caption":"Muminburk P\u00e5 \u00e4ventyr 0.7l"},{"@type":"BreadcrumbList","@id":"https:\/\/muumimukitrahaksi.fi\/produkt\/muumipurkki-seikkailu-0-7l-2008-2013-tarra\/#breadcrumb","itemListElement":[{"@type":"ListItem","position":1,"name":"Etusivu","item":"https:\/\/muumimukitrahaksi.fi\/sv\/"},{"@type":"ListItem","position":2,"name":"Butik","item":"https:\/\/muumimukitrahaksi.fi\/sv\/butik\/"},{"@type":"ListItem","position":3,"name":"Muminburk P\u00e5 \u00e4ventyr 0.7l (2009-2013) *ETIKETT*"}]},{"@type":"WebSite","@id":"https:\/\/muumimukitrahaksi.fi\/#website","url":"https:\/\/muumimukitrahaksi.fi\/","name":"Muumimukit Rahaksi","description":"Muumimukeja, -kulhoja ja -lautasia ker\u00e4ilij\u00f6ille!","publisher":{"@id":"https:\/\/muumimukitrahaksi.fi\/#organization"},"potentialAction":[{"@type":"SearchAction","target":{"@type":"EntryPoint","urlTemplate":"https:\/\/muumimukitrahaksi.fi\/?s={search_term_string}"},"query-input":{"@type":"PropertyValueSpecification","valueRequired":true,"valueName":"search_term_string"}}],"inLanguage":"sv-SE"},{"@type":"Organization","@id":"https:\/\/muumimukitrahaksi.fi\/#organization","name":"Muumimukit Rahaksi","url":"https:\/\/muumimukitrahaksi.fi\/","logo":{"@type":"ImageObject","inLanguage":"sv-SE","@id":"https:\/\/muumimukitrahaksi.fi\/#\/schema\/logo\/image\/","url":"https:\/\/muumimukitrahaksi.fi\/wp-content\/uploads\/2017\/09\/logooo.jpg","contentUrl":"https:\/\/muumimukitrahaksi.fi\/wp-content\/uploads\/2017\/09\/logooo.jpg","width":514,"height":514,"caption":"Muumimukit Rahaksi"},"image":{"@id":"https:\/\/muumimukitrahaksi.fi\/#\/schema\/logo\/image\/"},"sameAs":["https:\/\/www.facebook.com\/muumimukitrahaksi\/","https:\/\/x.com\/MuumitRahaksi","https:\/\/www.instagram.com\/muumimukitrahaksi\/"]}]}},"_links":{"self":[{"href":"https:\/\/muumimukitrahaksi.fi\/sv\/wp-json\/wp\/v2\/product\/107327","targetHints":{"allow":["GET"]}}],"collection":[{"href":"https:\/\/muumimukitrahaksi.fi\/sv\/wp-json\/wp\/v2\/product"}],"about":[{"href":"https:\/\/muumimukitrahaksi.fi\/sv\/wp-json\/wp\/v2\/types\/product"}],"wp:featuredmedia":[{"embeddable":true,"href":"https:\/\/muumimukitrahaksi.fi\/sv\/wp-json\/wp\/v2\/media\/107323"}],"wp:attachment":[{"href":"https:\/\/muumimukitrahaksi.fi\/sv\/wp-json\/wp\/v2\/media?parent=107327"}],"wp:term":[{"taxonomy":"product_brand","embeddable":true,"href":"https:\/\/muumimukitrahaksi.fi\/sv\/wp-json\/wp\/v2\/product_brand?post=107327"},{"taxonomy":"product_cat","embeddable":true,"href":"https:\/\/muumimukitrahaksi.fi\/sv\/wp-json\/wp\/v2\/product_cat?post=107327"},{"taxonomy":"product_tag","embeddable":true,"href":"https:\/\/muumimukitrahaksi.fi\/sv\/wp-json\/wp\/v2\/product_tag?post=107327"}],"curies":[{"name":"wp","href":"https:\/\/api.w.org\/{rel}","templated":true}]}}