{"id":107703,"date":"2018-08-28T18:17:52","date_gmt":"2018-08-28T15:17:52","guid":{"rendered":"https:\/\/muumimukitrahaksi.fi\/tuote\/mumin-vaggtallrik-sondagspromenad-1999-2005-ny\/"},"modified":"2024-05-29T19:46:48","modified_gmt":"2024-05-29T16:46:48","slug":"mumin-vaggtallrik-sondagspromenad-1999-2005-ny","status":"publish","type":"product","link":"https:\/\/muumimukitrahaksi.fi\/sv\/produkt\/mumin-vaggtallrik-sondagspromenad-1999-2005-ny\/","title":{"rendered":"Mumin v\u00e4ggtallrik S\u00f6ndagspromenad (1999-2005) *NY*"},"content":{"rendered":"<p style=\"text-align: center;\"><strong>\u2022 Officiell Moomin Characters\u00a0 licensinnehavare \u2022 Delbetalning\/faktura \u2022 Kvalitetsgranskade produkter<\/strong><\/p>\n<p>Mumin v\u00e4ggtallriken S\u00f6ndagspromenad \u00e4r en del av en serie med v\u00e4ggtallrikar tillverkade av Arabia, varav de f\u00f6rsta publicerades redan \u00e5r 1990. Totalt tillverkades 28 olika v\u00e4ggtallrikar, varav den sista togs ur produktion \u00e5r 2007. De flesta v\u00e4ggtallrikarna har en diameter p\u00e5 12 cm.<\/p>\n<p>Illustrationerna p\u00e5 v\u00e4ggtallrikarna baseras p\u00e5 Tove Janssons originalillustrationer, som Tove Slotte komponerat till vackra helheter. P\u00e5 grund av de vackra och f\u00e4rgglada illustrationerna passar v\u00e4ggtallrikarna utm\u00e4rkt f\u00f6r att dekorera k\u00f6kets, stugans eller till och med barnrummets v\u00e4gg.<\/p>\n<p>Kolla in andra v\u00e4ggtallrikar <a href=\"https:\/\/muumimukitrahaksi.fi\/sv\/produkt-avdelning\/ovriga-produkter\/vaggtallrikar\/\">h\u00e4r.<\/a><\/p>\n<p>Har du en Mumin v\u00e4ggtallrik och vill s\u00e4lja den? Vi k\u00f6per ocks\u00e5 v\u00e4ggtallrikar. Klicka <a href=\"https:\/\/muumimukitrahaksi.fi\/en\/sell-moomin\/\">h\u00e4r<\/a>, fyll i formul\u00e4ret och f\u00e5 en offert samma dag.<\/p>\n","protected":false},"excerpt":{"rendered":"<p style=\"text-align: center;\"><strong>\u2022 H\u00f6gklassiga varor \u2022 Snabb leverans<\/strong><\/p>\n<p>Arabias Mumin v\u00e4ggtallrik S\u00f6ndagspromenad (ur produktion). V\u00e4ggtallriken \u00e4r ny och kommer i sin ursprungliga f\u00f6rpackning. F\u00f6rpackningen \u00e4r m\u00f6jligen aningen sliten. Produkterna packas med omsorg och f\u00f6rnybara material.<\/p>\n<p style=\"text-align: center;\"><strong>\u2022 S\u00e4kra betalningss\u00e4tt<\/strong><\/p>\n<p><img loading=\"lazy\" decoding=\"async\" class=\"aligncenter wp-image-20415 size-full\" src=\"https:\/\/muumimukitrahaksi.fi\/wp-content\/uploads\/2020\/06\/maksutavat-2026-pieni-eng.png\" alt=\"Payment options\" width=\"350\" height=\"200\" \/><\/p>\n","protected":false},"featured_media":107704,"template":"","meta":[],"product_brand":[],"product_cat":[548,560],"product_tag":[626,620],"class_list":{"0":"post-107703","1":"product","2":"type-product","3":"status-publish","4":"has-post-thumbnail","6":"product_cat-ovriga-produkter","7":"product_cat-vaggtallrikar","8":"product_tag-med-etikett","9":"product_tag-vaggtallrik","11":"first","12":"instock","13":"taxable","14":"shipping-taxable","15":"purchasable","16":"product-type-simple"},"yoast_head":"<!-- This site is optimized with the Yoast SEO plugin v27.1.1 - https:\/\/yoast.com\/product\/yoast-seo-wordpress\/ -->\n<title>Mumin v\u00e4ggtallrik S\u00f6ndagspromenad (1999-2005) *NY* - Muumimukit Rahaksi<\/title>\n<meta name=\"description\" content=\"Arabias Mumin v\u00e4ggtallrik S\u00f6ndagspromenad (ur produktion). V\u00e4ggtallriken \u00e4r ny och kommer i sin ursprungliga f\u00f6rpackning.\" \/>\n<meta name=\"robots\" content=\"index, follow, max-snippet:-1, max-image-preview:large, max-video-preview:-1\" \/>\n<link rel=\"canonical\" href=\"https:\/\/muumimukitrahaksi.fi\/produkt\/muumi-seinalautanen-sunnuntaikavely-1999-2005-uusi\/\" \/>\n<meta property=\"og:locale\" content=\"sv_SE\" \/>\n<meta property=\"og:type\" content=\"article\" \/>\n<meta property=\"og:title\" content=\"Mumin v\u00e4ggtallrik S\u00f6ndagspromenad (1999-2005) *NY* - Muumimukit Rahaksi\" \/>\n<meta property=\"og:description\" content=\"Arabias Mumin v\u00e4ggtallrik S\u00f6ndagspromenad (ur produktion). V\u00e4ggtallriken \u00e4r ny och kommer i sin ursprungliga f\u00f6rpackning.\" \/>\n<meta property=\"og:url\" content=\"https:\/\/muumimukitrahaksi.fi\/produkt\/muumi-seinalautanen-sunnuntaikavely-1999-2005-uusi\/\" \/>\n<meta property=\"og:site_name\" content=\"Muumimukit Rahaksi\" \/>\n<meta property=\"article:publisher\" content=\"https:\/\/www.facebook.com\/muumimukitrahaksi\/\" \/>\n<meta property=\"article:modified_time\" content=\"2024-05-29T16:46:48+00:00\" \/>\n<meta property=\"og:image\" content=\"https:\/\/muumimukitrahaksi.fi\/wp-content\/uploads\/2022\/09\/DSC02308.jpg\" \/>\n\t<meta property=\"og:image:width\" content=\"1000\" \/>\n\t<meta property=\"og:image:height\" content=\"1000\" \/>\n\t<meta property=\"og:image:type\" content=\"image\/jpeg\" \/>\n<meta name=\"twitter:card\" content=\"summary_large_image\" \/>\n<meta name=\"twitter:site\" content=\"@MuumitRahaksi\" \/>\n<meta name=\"twitter:label1\" content=\"Ber\u00e4knad l\u00e4stid\" \/>\n\t<meta name=\"twitter:data1\" content=\"1 minut\" \/>\n<script type=\"application\/ld+json\" class=\"yoast-schema-graph\">{\"@context\":\"https:\/\/schema.org\",\"@graph\":[{\"@type\":\"WebPage\",\"@id\":\"https:\/\/muumimukitrahaksi.fi\/produkt\/muumi-seinalautanen-sunnuntaikavely-1999-2005-uusi\/\",\"url\":\"https:\/\/muumimukitrahaksi.fi\/produkt\/muumi-seinalautanen-sunnuntaikavely-1999-2005-uusi\/\",\"name\":\"Mumin v\u00e4ggtallrik S\u00f6ndagspromenad (1999-2005) *NY* - Muumimukit Rahaksi\",\"isPartOf\":{\"@id\":\"https:\/\/muumimukitrahaksi.fi\/#website\"},\"primaryImageOfPage\":{\"@id\":\"https:\/\/muumimukitrahaksi.fi\/produkt\/muumi-seinalautanen-sunnuntaikavely-1999-2005-uusi\/#primaryimage\"},\"image\":{\"@id\":\"https:\/\/muumimukitrahaksi.fi\/produkt\/muumi-seinalautanen-sunnuntaikavely-1999-2005-uusi\/#primaryimage\"},\"thumbnailUrl\":\"https:\/\/muumimukitrahaksi.fi\/wp-content\/uploads\/2022\/09\/DSC02308.jpg\",\"datePublished\":\"2018-08-28T15:17:52+00:00\",\"dateModified\":\"2024-05-29T16:46:48+00:00\",\"description\":\"Arabias Mumin v\u00e4ggtallrik S\u00f6ndagspromenad (ur produktion). V\u00e4ggtallriken \u00e4r ny och kommer i sin ursprungliga f\u00f6rpackning.\",\"breadcrumb\":{\"@id\":\"https:\/\/muumimukitrahaksi.fi\/produkt\/muumi-seinalautanen-sunnuntaikavely-1999-2005-uusi\/#breadcrumb\"},\"inLanguage\":\"sv-SE\",\"potentialAction\":[{\"@type\":\"ReadAction\",\"target\":[\"https:\/\/muumimukitrahaksi.fi\/produkt\/muumi-seinalautanen-sunnuntaikavely-1999-2005-uusi\/\"]}]},{\"@type\":\"ImageObject\",\"inLanguage\":\"sv-SE\",\"@id\":\"https:\/\/muumimukitrahaksi.fi\/produkt\/muumi-seinalautanen-sunnuntaikavely-1999-2005-uusi\/#primaryimage\",\"url\":\"https:\/\/muumimukitrahaksi.fi\/wp-content\/uploads\/2022\/09\/DSC02308.jpg\",\"contentUrl\":\"https:\/\/muumimukitrahaksi.fi\/wp-content\/uploads\/2022\/09\/DSC02308.jpg\",\"width\":1000,\"height\":1000,\"caption\":\"Mumin v\u00e4ggtallrik S\u00f6ndagspromenad\"},{\"@type\":\"BreadcrumbList\",\"@id\":\"https:\/\/muumimukitrahaksi.fi\/produkt\/muumi-seinalautanen-sunnuntaikavely-1999-2005-uusi\/#breadcrumb\",\"itemListElement\":[{\"@type\":\"ListItem\",\"position\":1,\"name\":\"Etusivu\",\"item\":\"https:\/\/muumimukitrahaksi.fi\/sv\/\"},{\"@type\":\"ListItem\",\"position\":2,\"name\":\"Butik\",\"item\":\"https:\/\/muumimukitrahaksi.fi\/sv\/butik\/\"},{\"@type\":\"ListItem\",\"position\":3,\"name\":\"Mumin v\u00e4ggtallrik S\u00f6ndagspromenad (1999-2005) *NY*\"}]},{\"@type\":\"WebSite\",\"@id\":\"https:\/\/muumimukitrahaksi.fi\/#website\",\"url\":\"https:\/\/muumimukitrahaksi.fi\/\",\"name\":\"Muumimukit Rahaksi\",\"description\":\"Muumimukeja, -kulhoja ja -lautasia ker\u00e4ilij\u00f6ille!\",\"publisher\":{\"@id\":\"https:\/\/muumimukitrahaksi.fi\/#organization\"},\"potentialAction\":[{\"@type\":\"SearchAction\",\"target\":{\"@type\":\"EntryPoint\",\"urlTemplate\":\"https:\/\/muumimukitrahaksi.fi\/?s={search_term_string}\"},\"query-input\":{\"@type\":\"PropertyValueSpecification\",\"valueRequired\":true,\"valueName\":\"search_term_string\"}}],\"inLanguage\":\"sv-SE\"},{\"@type\":\"Organization\",\"@id\":\"https:\/\/muumimukitrahaksi.fi\/#organization\",\"name\":\"Muumimukit Rahaksi\",\"url\":\"https:\/\/muumimukitrahaksi.fi\/\",\"logo\":{\"@type\":\"ImageObject\",\"inLanguage\":\"sv-SE\",\"@id\":\"https:\/\/muumimukitrahaksi.fi\/#\/schema\/logo\/image\/\",\"url\":\"https:\/\/muumimukitrahaksi.fi\/wp-content\/uploads\/2017\/09\/logooo.jpg\",\"contentUrl\":\"https:\/\/muumimukitrahaksi.fi\/wp-content\/uploads\/2017\/09\/logooo.jpg\",\"width\":514,\"height\":514,\"caption\":\"Muumimukit Rahaksi\"},\"image\":{\"@id\":\"https:\/\/muumimukitrahaksi.fi\/#\/schema\/logo\/image\/\"},\"sameAs\":[\"https:\/\/www.facebook.com\/muumimukitrahaksi\/\",\"https:\/\/x.com\/MuumitRahaksi\",\"https:\/\/www.instagram.com\/muumimukitrahaksi\/\"]}]}<\/script>\n<!-- \/ Yoast SEO plugin. -->","yoast_head_json":{"title":"Mumin v\u00e4ggtallrik S\u00f6ndagspromenad (1999-2005) *NY* - Muumimukit Rahaksi","description":"Arabias Mumin v\u00e4ggtallrik S\u00f6ndagspromenad (ur produktion). V\u00e4ggtallriken \u00e4r ny och kommer i sin ursprungliga f\u00f6rpackning.","robots":{"index":"index","follow":"follow","max-snippet":"max-snippet:-1","max-image-preview":"max-image-preview:large","max-video-preview":"max-video-preview:-1"},"canonical":"https:\/\/muumimukitrahaksi.fi\/produkt\/muumi-seinalautanen-sunnuntaikavely-1999-2005-uusi\/","og_locale":"sv_SE","og_type":"article","og_title":"Mumin v\u00e4ggtallrik S\u00f6ndagspromenad (1999-2005) *NY* - Muumimukit Rahaksi","og_description":"Arabias Mumin v\u00e4ggtallrik S\u00f6ndagspromenad (ur produktion). V\u00e4ggtallriken \u00e4r ny och kommer i sin ursprungliga f\u00f6rpackning.","og_url":"https:\/\/muumimukitrahaksi.fi\/produkt\/muumi-seinalautanen-sunnuntaikavely-1999-2005-uusi\/","og_site_name":"Muumimukit Rahaksi","article_publisher":"https:\/\/www.facebook.com\/muumimukitrahaksi\/","article_modified_time":"2024-05-29T16:46:48+00:00","og_image":[{"width":1000,"height":1000,"url":"https:\/\/muumimukitrahaksi.fi\/wp-content\/uploads\/2022\/09\/DSC02308.jpg","type":"image\/jpeg"}],"twitter_card":"summary_large_image","twitter_site":"@MuumitRahaksi","twitter_misc":{"Ber\u00e4knad l\u00e4stid":"1 minut"},"schema":{"@context":"https:\/\/schema.org","@graph":[{"@type":"WebPage","@id":"https:\/\/muumimukitrahaksi.fi\/produkt\/muumi-seinalautanen-sunnuntaikavely-1999-2005-uusi\/","url":"https:\/\/muumimukitrahaksi.fi\/produkt\/muumi-seinalautanen-sunnuntaikavely-1999-2005-uusi\/","name":"Mumin v\u00e4ggtallrik S\u00f6ndagspromenad (1999-2005) *NY* - Muumimukit Rahaksi","isPartOf":{"@id":"https:\/\/muumimukitrahaksi.fi\/#website"},"primaryImageOfPage":{"@id":"https:\/\/muumimukitrahaksi.fi\/produkt\/muumi-seinalautanen-sunnuntaikavely-1999-2005-uusi\/#primaryimage"},"image":{"@id":"https:\/\/muumimukitrahaksi.fi\/produkt\/muumi-seinalautanen-sunnuntaikavely-1999-2005-uusi\/#primaryimage"},"thumbnailUrl":"https:\/\/muumimukitrahaksi.fi\/wp-content\/uploads\/2022\/09\/DSC02308.jpg","datePublished":"2018-08-28T15:17:52+00:00","dateModified":"2024-05-29T16:46:48+00:00","description":"Arabias Mumin v\u00e4ggtallrik S\u00f6ndagspromenad (ur produktion). V\u00e4ggtallriken \u00e4r ny och kommer i sin ursprungliga f\u00f6rpackning.","breadcrumb":{"@id":"https:\/\/muumimukitrahaksi.fi\/produkt\/muumi-seinalautanen-sunnuntaikavely-1999-2005-uusi\/#breadcrumb"},"inLanguage":"sv-SE","potentialAction":[{"@type":"ReadAction","target":["https:\/\/muumimukitrahaksi.fi\/produkt\/muumi-seinalautanen-sunnuntaikavely-1999-2005-uusi\/"]}]},{"@type":"ImageObject","inLanguage":"sv-SE","@id":"https:\/\/muumimukitrahaksi.fi\/produkt\/muumi-seinalautanen-sunnuntaikavely-1999-2005-uusi\/#primaryimage","url":"https:\/\/muumimukitrahaksi.fi\/wp-content\/uploads\/2022\/09\/DSC02308.jpg","contentUrl":"https:\/\/muumimukitrahaksi.fi\/wp-content\/uploads\/2022\/09\/DSC02308.jpg","width":1000,"height":1000,"caption":"Mumin v\u00e4ggtallrik S\u00f6ndagspromenad"},{"@type":"BreadcrumbList","@id":"https:\/\/muumimukitrahaksi.fi\/produkt\/muumi-seinalautanen-sunnuntaikavely-1999-2005-uusi\/#breadcrumb","itemListElement":[{"@type":"ListItem","position":1,"name":"Etusivu","item":"https:\/\/muumimukitrahaksi.fi\/sv\/"},{"@type":"ListItem","position":2,"name":"Butik","item":"https:\/\/muumimukitrahaksi.fi\/sv\/butik\/"},{"@type":"ListItem","position":3,"name":"Mumin v\u00e4ggtallrik S\u00f6ndagspromenad (1999-2005) *NY*"}]},{"@type":"WebSite","@id":"https:\/\/muumimukitrahaksi.fi\/#website","url":"https:\/\/muumimukitrahaksi.fi\/","name":"Muumimukit Rahaksi","description":"Muumimukeja, -kulhoja ja -lautasia ker\u00e4ilij\u00f6ille!","publisher":{"@id":"https:\/\/muumimukitrahaksi.fi\/#organization"},"potentialAction":[{"@type":"SearchAction","target":{"@type":"EntryPoint","urlTemplate":"https:\/\/muumimukitrahaksi.fi\/?s={search_term_string}"},"query-input":{"@type":"PropertyValueSpecification","valueRequired":true,"valueName":"search_term_string"}}],"inLanguage":"sv-SE"},{"@type":"Organization","@id":"https:\/\/muumimukitrahaksi.fi\/#organization","name":"Muumimukit Rahaksi","url":"https:\/\/muumimukitrahaksi.fi\/","logo":{"@type":"ImageObject","inLanguage":"sv-SE","@id":"https:\/\/muumimukitrahaksi.fi\/#\/schema\/logo\/image\/","url":"https:\/\/muumimukitrahaksi.fi\/wp-content\/uploads\/2017\/09\/logooo.jpg","contentUrl":"https:\/\/muumimukitrahaksi.fi\/wp-content\/uploads\/2017\/09\/logooo.jpg","width":514,"height":514,"caption":"Muumimukit Rahaksi"},"image":{"@id":"https:\/\/muumimukitrahaksi.fi\/#\/schema\/logo\/image\/"},"sameAs":["https:\/\/www.facebook.com\/muumimukitrahaksi\/","https:\/\/x.com\/MuumitRahaksi","https:\/\/www.instagram.com\/muumimukitrahaksi\/"]}]}},"_links":{"self":[{"href":"https:\/\/muumimukitrahaksi.fi\/sv\/wp-json\/wp\/v2\/product\/107703","targetHints":{"allow":["GET"]}}],"collection":[{"href":"https:\/\/muumimukitrahaksi.fi\/sv\/wp-json\/wp\/v2\/product"}],"about":[{"href":"https:\/\/muumimukitrahaksi.fi\/sv\/wp-json\/wp\/v2\/types\/product"}],"wp:featuredmedia":[{"embeddable":true,"href":"https:\/\/muumimukitrahaksi.fi\/sv\/wp-json\/wp\/v2\/media\/107704"}],"wp:attachment":[{"href":"https:\/\/muumimukitrahaksi.fi\/sv\/wp-json\/wp\/v2\/media?parent=107703"}],"wp:term":[{"taxonomy":"product_brand","embeddable":true,"href":"https:\/\/muumimukitrahaksi.fi\/sv\/wp-json\/wp\/v2\/product_brand?post=107703"},{"taxonomy":"product_cat","embeddable":true,"href":"https:\/\/muumimukitrahaksi.fi\/sv\/wp-json\/wp\/v2\/product_cat?post=107703"},{"taxonomy":"product_tag","embeddable":true,"href":"https:\/\/muumimukitrahaksi.fi\/sv\/wp-json\/wp\/v2\/product_tag?post=107703"}],"curies":[{"name":"wp","href":"https:\/\/api.w.org\/{rel}","templated":true}]}}