{"id":107768,"date":"2024-01-30T17:16:39","date_gmt":"2024-01-30T15:16:39","guid":{"rendered":"https:\/\/muumimukitrahaksi.fi\/tuote\/muminskal-mystisk-skog-tallgron-2024-ny\/"},"modified":"2024-09-02T16:39:05","modified_gmt":"2024-09-02T13:39:05","slug":"muminskal-mystisk-skog-tallgron-2024-ny","status":"publish","type":"product","link":"https:\/\/muumimukitrahaksi.fi\/sv\/produkt\/muminskal-mystisk-skog-tallgron-2024-ny\/","title":{"rendered":"Muminsk\u00e5l Mystisk skog, tallgr\u00f6n (2024-) *NY*"},"content":{"rendered":"<p style=\"text-align: center;\"><strong>\u2022 Officiell Moomin Characters\u00a0 licensinnehavare \u2022 Delbetalning\/faktura \u2022 Kvalitetsgranskade produkter<\/strong><\/p>\n<p>Moomin Arabias f\u00f6rsta glasservis vid namnet Mystisk skog, tillverkas i Finland vid Iittalas glasbruk. Vid Iittalas glasbruk, grundat \u00e5r 1881, anv\u00e4nds b\u00e5de traditionella metoder och de senaste tillverkningsteknikerna f\u00f6r att skapa servis med utmanande reliefm\u00f6nster. Karafferna i servisen tillverkas p\u00e5 traditionellt vis genom munbl\u00e5sning. D\u00e4rmed \u00e4r karafferna handgjorda och varje karaff \u00e4r unik.<\/p>\n<p>Illustrationerna p\u00e5 servisen har inspirerats av Tove Janssons magiska och \u00e4ventyrliga roman Trollkarlens hatt (1948). Janssons illustrationer inneh\u00e5ller m\u00e5nga fantastiska v\u00e4xt- och naturmotiv som erbj\u00f6d utm\u00e4rkta utg\u00e5ngspunkter f\u00f6r m\u00f6nstren till Mystisk skog-servisen. Varje k\u00e4rl i serien har m\u00e5nga intressanta detaljer som utstr\u00e5lar den mystiska skogens magi, \u00e4ventyr och den lekfulla atmosf\u00e4ren fr\u00e5n Mumindalen.<\/p>\n<p>Mystisk skog-servisen inkluderar en karaff, ett dricksglas, en tallrik och en sk\u00e5l. Varje k\u00e4rl finns i en klar f\u00e4rg samt i en gr\u00f6n nyans som p\u00e5minner om suset fr\u00e5n skogsb\u00e4cken och doften av tallar i skogen.<\/p>\n<p>Kolla in andra produkter ur servisen Mystisk skog <a href=\"https:\/\/muumimukitrahaksi.fi\/sv\/?s=mystisk+skog&amp;post_type=product&amp;lang=sv\">h\u00e4r.<\/a><\/p>\n<p>Har du en muminsk\u00e5l Mystisk skog och vill s\u00e4lja den? Vi k\u00f6per ocks\u00e5 muminsk\u00e5lar. Klicka <a href=\"https:\/\/muumimukitrahaksi.fi\/en\/sell-moomin\/\">h\u00e4r<\/a>, fyll i formul\u00e4ret och f\u00e5 en offert samma dag.<\/p>\n","protected":false},"excerpt":{"rendered":"<p style=\"text-align: center;\"><strong>\u2022 H\u00f6gklassiga varor \u2022 Snabb leverans<\/strong><\/p>\n<p>Moomin Arabias muminsk\u00e5l Mystisk skog, tallgr\u00f6n. Sk\u00e5len \u00e4r ny och kommer i den ursprungliga f\u00f6rpackningen. Sk\u00e5len \u00e4r tillverkad i Finland. Sk\u00e5len rymmer 35 cl. Sk\u00e5len packas med omsorg och f\u00f6rnybara material.<\/p>\n<p style=\"text-align: center;\"><strong>\u2022 S\u00e4kra betalningss\u00e4tt<\/strong><\/p>\n<p><img loading=\"lazy\" decoding=\"async\" class=\"aligncenter wp-image-20415 size-full\" src=\"https:\/\/muumimukitrahaksi.fi\/wp-content\/uploads\/2020\/06\/maksutavat-2026-pieni-eng.png\" alt=\"Payment options\" width=\"350\" height=\"200\" \/><\/p>\n","protected":false},"featured_media":102324,"template":"","meta":[],"product_brand":[],"product_cat":[519,525,523],"product_tag":[612,626,593],"class_list":{"0":"post-107768","1":"product","2":"type-product","3":"status-publish","4":"has-post-thumbnail","6":"product_cat-skalar","7":"product_cat-skalar-i-produktion","8":"product_cat-skalar-med-etikett","9":"product_tag-lilla-my","10":"product_tag-med-etikett","11":"product_tag-muminskal","13":"first","14":"instock","15":"taxable","16":"shipping-taxable","17":"purchasable","18":"product-type-simple"},"yoast_head":"<!-- This site is optimized with the Yoast SEO plugin v27.1.1 - https:\/\/yoast.com\/product\/yoast-seo-wordpress\/ -->\n<title>Muminsk\u00e5l Mystisk skog, tallgr\u00f6n (2024-) *NY* - Muumimukit Rahaksi<\/title>\n<meta name=\"description\" content=\"Moomin Arabias muminsk\u00e5l Mystisk skog, tallgr\u00f6n. Sk\u00e5len \u00e4r ny och kommer i den ursprungliga f\u00f6rpackningen. Sk\u00e5len \u00e4r tillverkad i Finland.\" \/>\n<meta name=\"robots\" content=\"index, follow, max-snippet:-1, max-image-preview:large, max-video-preview:-1\" \/>\n<link rel=\"canonical\" href=\"https:\/\/muumimukitrahaksi.fi\/produkt\/muumikulho-lumottu-metsa-havunvihrea-2024-uusi\/\" \/>\n<meta property=\"og:locale\" content=\"sv_SE\" \/>\n<meta property=\"og:type\" content=\"article\" \/>\n<meta property=\"og:title\" content=\"Muminsk\u00e5l Mystisk skog, tallgr\u00f6n (2024-) *NY* - Muumimukit Rahaksi\" \/>\n<meta property=\"og:description\" content=\"Moomin Arabias muminsk\u00e5l Mystisk skog, tallgr\u00f6n. Sk\u00e5len \u00e4r ny och kommer i den ursprungliga f\u00f6rpackningen. Sk\u00e5len \u00e4r tillverkad i Finland.\" \/>\n<meta property=\"og:url\" content=\"https:\/\/muumimukitrahaksi.fi\/produkt\/muumikulho-lumottu-metsa-havunvihrea-2024-uusi\/\" \/>\n<meta property=\"og:site_name\" content=\"Muumimukit Rahaksi\" \/>\n<meta property=\"article:publisher\" content=\"https:\/\/www.facebook.com\/muumimukitrahaksi\/\" \/>\n<meta property=\"article:modified_time\" content=\"2024-09-02T13:39:05+00:00\" \/>\n<meta property=\"og:image\" content=\"https:\/\/muumimukitrahaksi.fi\/wp-content\/uploads\/2024\/01\/muumikulhovihrea_3.jpg\" \/>\n\t<meta property=\"og:image:width\" content=\"1000\" \/>\n\t<meta property=\"og:image:height\" content=\"1000\" \/>\n\t<meta property=\"og:image:type\" content=\"image\/jpeg\" \/>\n<meta name=\"twitter:card\" content=\"summary_large_image\" \/>\n<meta name=\"twitter:site\" content=\"@MuumitRahaksi\" \/>\n<meta name=\"twitter:label1\" content=\"Ber\u00e4knad l\u00e4stid\" \/>\n\t<meta name=\"twitter:data1\" content=\"1 minut\" \/>\n<script type=\"application\/ld+json\" class=\"yoast-schema-graph\">{\"@context\":\"https:\/\/schema.org\",\"@graph\":[{\"@type\":\"WebPage\",\"@id\":\"https:\/\/muumimukitrahaksi.fi\/produkt\/muumikulho-lumottu-metsa-havunvihrea-2024-uusi\/\",\"url\":\"https:\/\/muumimukitrahaksi.fi\/produkt\/muumikulho-lumottu-metsa-havunvihrea-2024-uusi\/\",\"name\":\"Muminsk\u00e5l Mystisk skog, tallgr\u00f6n (2024-) *NY* - Muumimukit Rahaksi\",\"isPartOf\":{\"@id\":\"https:\/\/muumimukitrahaksi.fi\/#website\"},\"primaryImageOfPage\":{\"@id\":\"https:\/\/muumimukitrahaksi.fi\/produkt\/muumikulho-lumottu-metsa-havunvihrea-2024-uusi\/#primaryimage\"},\"image\":{\"@id\":\"https:\/\/muumimukitrahaksi.fi\/produkt\/muumikulho-lumottu-metsa-havunvihrea-2024-uusi\/#primaryimage\"},\"thumbnailUrl\":\"https:\/\/muumimukitrahaksi.fi\/wp-content\/uploads\/2024\/01\/muumikulhovihrea_3.jpg\",\"datePublished\":\"2024-01-30T15:16:39+00:00\",\"dateModified\":\"2024-09-02T13:39:05+00:00\",\"description\":\"Moomin Arabias muminsk\u00e5l Mystisk skog, tallgr\u00f6n. Sk\u00e5len \u00e4r ny och kommer i den ursprungliga f\u00f6rpackningen. Sk\u00e5len \u00e4r tillverkad i Finland.\",\"breadcrumb\":{\"@id\":\"https:\/\/muumimukitrahaksi.fi\/produkt\/muumikulho-lumottu-metsa-havunvihrea-2024-uusi\/#breadcrumb\"},\"inLanguage\":\"sv-SE\",\"potentialAction\":[{\"@type\":\"ReadAction\",\"target\":[\"https:\/\/muumimukitrahaksi.fi\/produkt\/muumikulho-lumottu-metsa-havunvihrea-2024-uusi\/\"]}]},{\"@type\":\"ImageObject\",\"inLanguage\":\"sv-SE\",\"@id\":\"https:\/\/muumimukitrahaksi.fi\/produkt\/muumikulho-lumottu-metsa-havunvihrea-2024-uusi\/#primaryimage\",\"url\":\"https:\/\/muumimukitrahaksi.fi\/wp-content\/uploads\/2024\/01\/muumikulhovihrea_3.jpg\",\"contentUrl\":\"https:\/\/muumimukitrahaksi.fi\/wp-content\/uploads\/2024\/01\/muumikulhovihrea_3.jpg\",\"width\":1000,\"height\":1000,\"caption\":\"Muminsk\u00e5l Mystisk skog tallgr\u00f6n\"},{\"@type\":\"BreadcrumbList\",\"@id\":\"https:\/\/muumimukitrahaksi.fi\/produkt\/muumikulho-lumottu-metsa-havunvihrea-2024-uusi\/#breadcrumb\",\"itemListElement\":[{\"@type\":\"ListItem\",\"position\":1,\"name\":\"Etusivu\",\"item\":\"https:\/\/muumimukitrahaksi.fi\/sv\/\"},{\"@type\":\"ListItem\",\"position\":2,\"name\":\"Butik\",\"item\":\"https:\/\/muumimukitrahaksi.fi\/sv\/butik\/\"},{\"@type\":\"ListItem\",\"position\":3,\"name\":\"Muminsk\u00e5l Mystisk skog, tallgr\u00f6n (2024-) *NY*\"}]},{\"@type\":\"WebSite\",\"@id\":\"https:\/\/muumimukitrahaksi.fi\/#website\",\"url\":\"https:\/\/muumimukitrahaksi.fi\/\",\"name\":\"Muumimukit Rahaksi\",\"description\":\"Muumimukeja, -kulhoja ja -lautasia ker\u00e4ilij\u00f6ille!\",\"publisher\":{\"@id\":\"https:\/\/muumimukitrahaksi.fi\/#organization\"},\"potentialAction\":[{\"@type\":\"SearchAction\",\"target\":{\"@type\":\"EntryPoint\",\"urlTemplate\":\"https:\/\/muumimukitrahaksi.fi\/?s={search_term_string}\"},\"query-input\":{\"@type\":\"PropertyValueSpecification\",\"valueRequired\":true,\"valueName\":\"search_term_string\"}}],\"inLanguage\":\"sv-SE\"},{\"@type\":\"Organization\",\"@id\":\"https:\/\/muumimukitrahaksi.fi\/#organization\",\"name\":\"Muumimukit Rahaksi\",\"url\":\"https:\/\/muumimukitrahaksi.fi\/\",\"logo\":{\"@type\":\"ImageObject\",\"inLanguage\":\"sv-SE\",\"@id\":\"https:\/\/muumimukitrahaksi.fi\/#\/schema\/logo\/image\/\",\"url\":\"https:\/\/muumimukitrahaksi.fi\/wp-content\/uploads\/2017\/09\/logooo.jpg\",\"contentUrl\":\"https:\/\/muumimukitrahaksi.fi\/wp-content\/uploads\/2017\/09\/logooo.jpg\",\"width\":514,\"height\":514,\"caption\":\"Muumimukit Rahaksi\"},\"image\":{\"@id\":\"https:\/\/muumimukitrahaksi.fi\/#\/schema\/logo\/image\/\"},\"sameAs\":[\"https:\/\/www.facebook.com\/muumimukitrahaksi\/\",\"https:\/\/x.com\/MuumitRahaksi\",\"https:\/\/www.instagram.com\/muumimukitrahaksi\/\"]}]}<\/script>\n<!-- \/ Yoast SEO plugin. -->","yoast_head_json":{"title":"Muminsk\u00e5l Mystisk skog, tallgr\u00f6n (2024-) *NY* - Muumimukit Rahaksi","description":"Moomin Arabias muminsk\u00e5l Mystisk skog, tallgr\u00f6n. Sk\u00e5len \u00e4r ny och kommer i den ursprungliga f\u00f6rpackningen. Sk\u00e5len \u00e4r tillverkad i Finland.","robots":{"index":"index","follow":"follow","max-snippet":"max-snippet:-1","max-image-preview":"max-image-preview:large","max-video-preview":"max-video-preview:-1"},"canonical":"https:\/\/muumimukitrahaksi.fi\/produkt\/muumikulho-lumottu-metsa-havunvihrea-2024-uusi\/","og_locale":"sv_SE","og_type":"article","og_title":"Muminsk\u00e5l Mystisk skog, tallgr\u00f6n (2024-) *NY* - Muumimukit Rahaksi","og_description":"Moomin Arabias muminsk\u00e5l Mystisk skog, tallgr\u00f6n. Sk\u00e5len \u00e4r ny och kommer i den ursprungliga f\u00f6rpackningen. Sk\u00e5len \u00e4r tillverkad i Finland.","og_url":"https:\/\/muumimukitrahaksi.fi\/produkt\/muumikulho-lumottu-metsa-havunvihrea-2024-uusi\/","og_site_name":"Muumimukit Rahaksi","article_publisher":"https:\/\/www.facebook.com\/muumimukitrahaksi\/","article_modified_time":"2024-09-02T13:39:05+00:00","og_image":[{"width":1000,"height":1000,"url":"https:\/\/muumimukitrahaksi.fi\/wp-content\/uploads\/2024\/01\/muumikulhovihrea_3.jpg","type":"image\/jpeg"}],"twitter_card":"summary_large_image","twitter_site":"@MuumitRahaksi","twitter_misc":{"Ber\u00e4knad l\u00e4stid":"1 minut"},"schema":{"@context":"https:\/\/schema.org","@graph":[{"@type":"WebPage","@id":"https:\/\/muumimukitrahaksi.fi\/produkt\/muumikulho-lumottu-metsa-havunvihrea-2024-uusi\/","url":"https:\/\/muumimukitrahaksi.fi\/produkt\/muumikulho-lumottu-metsa-havunvihrea-2024-uusi\/","name":"Muminsk\u00e5l Mystisk skog, tallgr\u00f6n (2024-) *NY* - Muumimukit Rahaksi","isPartOf":{"@id":"https:\/\/muumimukitrahaksi.fi\/#website"},"primaryImageOfPage":{"@id":"https:\/\/muumimukitrahaksi.fi\/produkt\/muumikulho-lumottu-metsa-havunvihrea-2024-uusi\/#primaryimage"},"image":{"@id":"https:\/\/muumimukitrahaksi.fi\/produkt\/muumikulho-lumottu-metsa-havunvihrea-2024-uusi\/#primaryimage"},"thumbnailUrl":"https:\/\/muumimukitrahaksi.fi\/wp-content\/uploads\/2024\/01\/muumikulhovihrea_3.jpg","datePublished":"2024-01-30T15:16:39+00:00","dateModified":"2024-09-02T13:39:05+00:00","description":"Moomin Arabias muminsk\u00e5l Mystisk skog, tallgr\u00f6n. Sk\u00e5len \u00e4r ny och kommer i den ursprungliga f\u00f6rpackningen. Sk\u00e5len \u00e4r tillverkad i Finland.","breadcrumb":{"@id":"https:\/\/muumimukitrahaksi.fi\/produkt\/muumikulho-lumottu-metsa-havunvihrea-2024-uusi\/#breadcrumb"},"inLanguage":"sv-SE","potentialAction":[{"@type":"ReadAction","target":["https:\/\/muumimukitrahaksi.fi\/produkt\/muumikulho-lumottu-metsa-havunvihrea-2024-uusi\/"]}]},{"@type":"ImageObject","inLanguage":"sv-SE","@id":"https:\/\/muumimukitrahaksi.fi\/produkt\/muumikulho-lumottu-metsa-havunvihrea-2024-uusi\/#primaryimage","url":"https:\/\/muumimukitrahaksi.fi\/wp-content\/uploads\/2024\/01\/muumikulhovihrea_3.jpg","contentUrl":"https:\/\/muumimukitrahaksi.fi\/wp-content\/uploads\/2024\/01\/muumikulhovihrea_3.jpg","width":1000,"height":1000,"caption":"Muminsk\u00e5l Mystisk skog tallgr\u00f6n"},{"@type":"BreadcrumbList","@id":"https:\/\/muumimukitrahaksi.fi\/produkt\/muumikulho-lumottu-metsa-havunvihrea-2024-uusi\/#breadcrumb","itemListElement":[{"@type":"ListItem","position":1,"name":"Etusivu","item":"https:\/\/muumimukitrahaksi.fi\/sv\/"},{"@type":"ListItem","position":2,"name":"Butik","item":"https:\/\/muumimukitrahaksi.fi\/sv\/butik\/"},{"@type":"ListItem","position":3,"name":"Muminsk\u00e5l Mystisk skog, tallgr\u00f6n (2024-) *NY*"}]},{"@type":"WebSite","@id":"https:\/\/muumimukitrahaksi.fi\/#website","url":"https:\/\/muumimukitrahaksi.fi\/","name":"Muumimukit Rahaksi","description":"Muumimukeja, -kulhoja ja -lautasia ker\u00e4ilij\u00f6ille!","publisher":{"@id":"https:\/\/muumimukitrahaksi.fi\/#organization"},"potentialAction":[{"@type":"SearchAction","target":{"@type":"EntryPoint","urlTemplate":"https:\/\/muumimukitrahaksi.fi\/?s={search_term_string}"},"query-input":{"@type":"PropertyValueSpecification","valueRequired":true,"valueName":"search_term_string"}}],"inLanguage":"sv-SE"},{"@type":"Organization","@id":"https:\/\/muumimukitrahaksi.fi\/#organization","name":"Muumimukit Rahaksi","url":"https:\/\/muumimukitrahaksi.fi\/","logo":{"@type":"ImageObject","inLanguage":"sv-SE","@id":"https:\/\/muumimukitrahaksi.fi\/#\/schema\/logo\/image\/","url":"https:\/\/muumimukitrahaksi.fi\/wp-content\/uploads\/2017\/09\/logooo.jpg","contentUrl":"https:\/\/muumimukitrahaksi.fi\/wp-content\/uploads\/2017\/09\/logooo.jpg","width":514,"height":514,"caption":"Muumimukit Rahaksi"},"image":{"@id":"https:\/\/muumimukitrahaksi.fi\/#\/schema\/logo\/image\/"},"sameAs":["https:\/\/www.facebook.com\/muumimukitrahaksi\/","https:\/\/x.com\/MuumitRahaksi","https:\/\/www.instagram.com\/muumimukitrahaksi\/"]}]}},"_links":{"self":[{"href":"https:\/\/muumimukitrahaksi.fi\/sv\/wp-json\/wp\/v2\/product\/107768","targetHints":{"allow":["GET"]}}],"collection":[{"href":"https:\/\/muumimukitrahaksi.fi\/sv\/wp-json\/wp\/v2\/product"}],"about":[{"href":"https:\/\/muumimukitrahaksi.fi\/sv\/wp-json\/wp\/v2\/types\/product"}],"wp:featuredmedia":[{"embeddable":true,"href":"https:\/\/muumimukitrahaksi.fi\/sv\/wp-json\/wp\/v2\/media\/102324"}],"wp:attachment":[{"href":"https:\/\/muumimukitrahaksi.fi\/sv\/wp-json\/wp\/v2\/media?parent=107768"}],"wp:term":[{"taxonomy":"product_brand","embeddable":true,"href":"https:\/\/muumimukitrahaksi.fi\/sv\/wp-json\/wp\/v2\/product_brand?post=107768"},{"taxonomy":"product_cat","embeddable":true,"href":"https:\/\/muumimukitrahaksi.fi\/sv\/wp-json\/wp\/v2\/product_cat?post=107768"},{"taxonomy":"product_tag","embeddable":true,"href":"https:\/\/muumimukitrahaksi.fi\/sv\/wp-json\/wp\/v2\/product_tag?post=107768"}],"curies":[{"name":"wp","href":"https:\/\/api.w.org\/{rel}","templated":true}]}}