{"id":107833,"date":"2022-12-12T15:53:48","date_gmt":"2022-12-12T13:53:48","guid":{"rendered":"https:\/\/muumimukitrahaksi.fi\/tuote\/muumimukit-rahaksi-presentforpackning\/"},"modified":"2026-03-16T17:46:19","modified_gmt":"2026-03-16T15:46:19","slug":"muumimukit-rahaksi-presentforpackning","status":"publish","type":"product","link":"https:\/\/muumimukitrahaksi.fi\/sv\/produkt\/muumimukit-rahaksi-presentforpackning\/","title":{"rendered":"Muumimukit Rahaksi Presentf\u00f6rpackning"},"content":{"rendered":"<p style=\"text-align: center;\"><strong>\u2022 Officiell Moomin Characters\u00a0 licensinnehavare \u2022 Delbetalning\/faktura \u2022 Kvalitetsgranskade produkter<\/strong><\/p>\n<p>En perfekt presentf\u00f6rpackning f\u00f6r muminmuggar! Muumimukit Rahaksi-presentf\u00f6rpackningen \u00e4r tillverkad i Finland av h\u00f6gkvalitativ och stadig kartong. Presentf\u00f6rpackningen \u00e4r skr\u00e4ddarsydd f\u00f6r att passa perfekt till Arabias traditionella 0,3 liters muminmugg i serien Teema. P\u00e5 framsidan av presentf\u00f6rpackningen finns en utskuren logotyp som elegant avsl\u00f6jar muggen inuti f\u00f6rpackningen. Presentf\u00f6rpackningen levereras platt, vilket betyder att den m\u00e5ste vikas ihop sj\u00e4lv. Om du \u00f6nskar att presentf\u00f6rpackningen ska vara vikt och redo f\u00f6r en specifik mugg i din best\u00e4llning, v\u00e4nligen meddela detta i kommentarsf\u00e4ltet i samband med best\u00e4llningen. Observera: Muggen som syns p\u00e5 bilderna ing\u00e5r inte i k\u00f6pet.<\/p>\n<p>Kolla \u00e4ven in presentkorten <a href=\"https:\/\/muumimukitrahaksi.fi\/sv\/produkt-avdelning\/ovriga-produkter\/presentkort\/\">h\u00e4r.<\/a><\/p>\n","protected":false},"excerpt":{"rendered":"<p style=\"text-align: center;\"><strong>H\u00f6gklassiga varor \u2022 Snabb leverans<\/strong><\/p>\n<p>Letar du efter den perfekta presentf\u00f6rpackningen f\u00f6r en muminmugg? Muumimukit Rahaksi-presentf\u00f6rpackningen \u00e4r tillverkad i Finland av h\u00f6gkvalitativ och stadig kartong. Presentf\u00f6rpackningen \u00e4r skr\u00e4ddarsydd f\u00f6r att passa perfekt till Arabias traditionella 0,3 liters muminmugg i serien Teema. Presentf\u00f6rpackningen levereras platt, vilket betyder att den m\u00e5ste vikas ihop sj\u00e4lv. <strong>Ifall du \u00f6nskar att presentf\u00f6rpackningen ska vara vikt och redo f\u00f6r en specifik mugg i din best\u00e4llning, v\u00e4nligen meddela detta i kommentarsf\u00e4ltet i samband med best\u00e4llningen.<\/strong> Produkten \u00e4r ny. I priset ing\u00e5r finsk moms (24%). Momsen kommer att tas bort i kassan f\u00f6r kunder utanf\u00f6r EU.<\/p>\n<p style=\"text-align: center;\"><strong>\u2022 S\u00e4kra betalningss\u00e4tt<\/strong><\/p>\n<p><img loading=\"lazy\" decoding=\"async\" class=\"aligncenter wp-image-20415 size-full\" src=\"https:\/\/muumimukitrahaksi.fi\/wp-content\/uploads\/2020\/06\/maksutavat-2026-pieni-eng.png\" alt=\"Payment options\" width=\"350\" height=\"200\" \/><\/p>\n","protected":false},"featured_media":107834,"template":"","meta":[],"product_brand":[],"product_cat":[548,556],"product_tag":[],"class_list":{"0":"post-107833","1":"product","2":"type-product","3":"status-publish","4":"has-post-thumbnail","6":"product_cat-ovriga-produkter","7":"product_cat-ovrigt","9":"first","10":"instock","11":"featured","12":"taxable","13":"shipping-taxable","14":"purchasable","15":"product-type-simple"},"yoast_head":"<!-- This site is optimized with the Yoast SEO plugin v27.1.1 - https:\/\/yoast.com\/product\/yoast-seo-wordpress\/ -->\n<title>Muumimukit Rahaksi Presentf\u00f6rpackning - Muumimukit Rahaksi<\/title>\n<meta name=\"description\" content=\"Letar du efter den perfekta presentf\u00f6rpackningen f\u00f6r en muminmugg? Muumimukit Rahaksi-presentf\u00f6rpackningen \u00e4r tillverkad i Finland av h\u00f6gkvalitativ och stadig kartong.\" \/>\n<meta name=\"robots\" content=\"index, follow, max-snippet:-1, max-image-preview:large, max-video-preview:-1\" \/>\n<link rel=\"canonical\" href=\"https:\/\/muumimukitrahaksi.fi\/produkt\/muumimukit-rahaksi-lahjapakkaus\/\" \/>\n<meta property=\"og:locale\" content=\"sv_SE\" \/>\n<meta property=\"og:type\" content=\"article\" \/>\n<meta property=\"og:title\" content=\"Muumimukit Rahaksi Presentf\u00f6rpackning - Muumimukit Rahaksi\" \/>\n<meta property=\"og:description\" content=\"Letar du efter den perfekta presentf\u00f6rpackningen f\u00f6r en muminmugg? Muumimukit Rahaksi-presentf\u00f6rpackningen \u00e4r tillverkad i Finland av h\u00f6gkvalitativ och stadig kartong.\" \/>\n<meta property=\"og:url\" content=\"https:\/\/muumimukitrahaksi.fi\/produkt\/muumimukit-rahaksi-lahjapakkaus\/\" \/>\n<meta property=\"og:site_name\" content=\"Muumimukit Rahaksi\" \/>\n<meta property=\"article:publisher\" content=\"https:\/\/www.facebook.com\/muumimukitrahaksi\/\" \/>\n<meta property=\"article:modified_time\" content=\"2026-03-16T15:46:19+00:00\" \/>\n<meta property=\"og:image\" content=\"https:\/\/muumimukitrahaksi.fi\/wp-content\/uploads\/2022\/12\/Mukilaatikko_1.jpg\" \/>\n\t<meta property=\"og:image:width\" content=\"1000\" \/>\n\t<meta property=\"og:image:height\" content=\"1000\" \/>\n\t<meta property=\"og:image:type\" content=\"image\/jpeg\" \/>\n<meta name=\"twitter:card\" content=\"summary_large_image\" \/>\n<meta name=\"twitter:site\" content=\"@MuumitRahaksi\" \/>\n<meta name=\"twitter:label1\" content=\"Ber\u00e4knad l\u00e4stid\" \/>\n\t<meta name=\"twitter:data1\" content=\"1 minut\" \/>\n<script type=\"application\/ld+json\" class=\"yoast-schema-graph\">{\"@context\":\"https:\/\/schema.org\",\"@graph\":[{\"@type\":\"WebPage\",\"@id\":\"https:\/\/muumimukitrahaksi.fi\/produkt\/muumimukit-rahaksi-lahjapakkaus\/\",\"url\":\"https:\/\/muumimukitrahaksi.fi\/produkt\/muumimukit-rahaksi-lahjapakkaus\/\",\"name\":\"Muumimukit Rahaksi Presentf\u00f6rpackning - Muumimukit Rahaksi\",\"isPartOf\":{\"@id\":\"https:\/\/muumimukitrahaksi.fi\/#website\"},\"primaryImageOfPage\":{\"@id\":\"https:\/\/muumimukitrahaksi.fi\/produkt\/muumimukit-rahaksi-lahjapakkaus\/#primaryimage\"},\"image\":{\"@id\":\"https:\/\/muumimukitrahaksi.fi\/produkt\/muumimukit-rahaksi-lahjapakkaus\/#primaryimage\"},\"thumbnailUrl\":\"https:\/\/muumimukitrahaksi.fi\/wp-content\/uploads\/2022\/12\/Mukilaatikko_1.jpg\",\"datePublished\":\"2022-12-12T13:53:48+00:00\",\"dateModified\":\"2026-03-16T15:46:19+00:00\",\"description\":\"Letar du efter den perfekta presentf\u00f6rpackningen f\u00f6r en muminmugg? Muumimukit Rahaksi-presentf\u00f6rpackningen \u00e4r tillverkad i Finland av h\u00f6gkvalitativ och stadig kartong.\",\"breadcrumb\":{\"@id\":\"https:\/\/muumimukitrahaksi.fi\/produkt\/muumimukit-rahaksi-lahjapakkaus\/#breadcrumb\"},\"inLanguage\":\"sv-SE\",\"potentialAction\":[{\"@type\":\"ReadAction\",\"target\":[\"https:\/\/muumimukitrahaksi.fi\/produkt\/muumimukit-rahaksi-lahjapakkaus\/\"]}]},{\"@type\":\"ImageObject\",\"inLanguage\":\"sv-SE\",\"@id\":\"https:\/\/muumimukitrahaksi.fi\/produkt\/muumimukit-rahaksi-lahjapakkaus\/#primaryimage\",\"url\":\"https:\/\/muumimukitrahaksi.fi\/wp-content\/uploads\/2022\/12\/Mukilaatikko_1.jpg\",\"contentUrl\":\"https:\/\/muumimukitrahaksi.fi\/wp-content\/uploads\/2022\/12\/Mukilaatikko_1.jpg\",\"width\":1000,\"height\":1000,\"caption\":\"Muumimukit Rahaksi Presentf\u00f6rpackning\"},{\"@type\":\"BreadcrumbList\",\"@id\":\"https:\/\/muumimukitrahaksi.fi\/produkt\/muumimukit-rahaksi-lahjapakkaus\/#breadcrumb\",\"itemListElement\":[{\"@type\":\"ListItem\",\"position\":1,\"name\":\"Etusivu\",\"item\":\"https:\/\/muumimukitrahaksi.fi\/sv\/\"},{\"@type\":\"ListItem\",\"position\":2,\"name\":\"Butik\",\"item\":\"https:\/\/muumimukitrahaksi.fi\/sv\/butik\/\"},{\"@type\":\"ListItem\",\"position\":3,\"name\":\"Muumimukit Rahaksi Presentf\u00f6rpackning\"}]},{\"@type\":\"WebSite\",\"@id\":\"https:\/\/muumimukitrahaksi.fi\/#website\",\"url\":\"https:\/\/muumimukitrahaksi.fi\/\",\"name\":\"Muumimukit Rahaksi\",\"description\":\"Muumimukeja, -kulhoja ja -lautasia ker\u00e4ilij\u00f6ille!\",\"publisher\":{\"@id\":\"https:\/\/muumimukitrahaksi.fi\/#organization\"},\"potentialAction\":[{\"@type\":\"SearchAction\",\"target\":{\"@type\":\"EntryPoint\",\"urlTemplate\":\"https:\/\/muumimukitrahaksi.fi\/?s={search_term_string}\"},\"query-input\":{\"@type\":\"PropertyValueSpecification\",\"valueRequired\":true,\"valueName\":\"search_term_string\"}}],\"inLanguage\":\"sv-SE\"},{\"@type\":\"Organization\",\"@id\":\"https:\/\/muumimukitrahaksi.fi\/#organization\",\"name\":\"Muumimukit Rahaksi\",\"url\":\"https:\/\/muumimukitrahaksi.fi\/\",\"logo\":{\"@type\":\"ImageObject\",\"inLanguage\":\"sv-SE\",\"@id\":\"https:\/\/muumimukitrahaksi.fi\/#\/schema\/logo\/image\/\",\"url\":\"https:\/\/muumimukitrahaksi.fi\/wp-content\/uploads\/2017\/09\/logooo.jpg\",\"contentUrl\":\"https:\/\/muumimukitrahaksi.fi\/wp-content\/uploads\/2017\/09\/logooo.jpg\",\"width\":514,\"height\":514,\"caption\":\"Muumimukit Rahaksi\"},\"image\":{\"@id\":\"https:\/\/muumimukitrahaksi.fi\/#\/schema\/logo\/image\/\"},\"sameAs\":[\"https:\/\/www.facebook.com\/muumimukitrahaksi\/\",\"https:\/\/x.com\/MuumitRahaksi\",\"https:\/\/www.instagram.com\/muumimukitrahaksi\/\"]}]}<\/script>\n<!-- \/ Yoast SEO plugin. -->","yoast_head_json":{"title":"Muumimukit Rahaksi Presentf\u00f6rpackning - Muumimukit Rahaksi","description":"Letar du efter den perfekta presentf\u00f6rpackningen f\u00f6r en muminmugg? Muumimukit Rahaksi-presentf\u00f6rpackningen \u00e4r tillverkad i Finland av h\u00f6gkvalitativ och stadig kartong.","robots":{"index":"index","follow":"follow","max-snippet":"max-snippet:-1","max-image-preview":"max-image-preview:large","max-video-preview":"max-video-preview:-1"},"canonical":"https:\/\/muumimukitrahaksi.fi\/produkt\/muumimukit-rahaksi-lahjapakkaus\/","og_locale":"sv_SE","og_type":"article","og_title":"Muumimukit Rahaksi Presentf\u00f6rpackning - Muumimukit Rahaksi","og_description":"Letar du efter den perfekta presentf\u00f6rpackningen f\u00f6r en muminmugg? Muumimukit Rahaksi-presentf\u00f6rpackningen \u00e4r tillverkad i Finland av h\u00f6gkvalitativ och stadig kartong.","og_url":"https:\/\/muumimukitrahaksi.fi\/produkt\/muumimukit-rahaksi-lahjapakkaus\/","og_site_name":"Muumimukit Rahaksi","article_publisher":"https:\/\/www.facebook.com\/muumimukitrahaksi\/","article_modified_time":"2026-03-16T15:46:19+00:00","og_image":[{"width":1000,"height":1000,"url":"https:\/\/muumimukitrahaksi.fi\/wp-content\/uploads\/2022\/12\/Mukilaatikko_1.jpg","type":"image\/jpeg"}],"twitter_card":"summary_large_image","twitter_site":"@MuumitRahaksi","twitter_misc":{"Ber\u00e4knad l\u00e4stid":"1 minut"},"schema":{"@context":"https:\/\/schema.org","@graph":[{"@type":"WebPage","@id":"https:\/\/muumimukitrahaksi.fi\/produkt\/muumimukit-rahaksi-lahjapakkaus\/","url":"https:\/\/muumimukitrahaksi.fi\/produkt\/muumimukit-rahaksi-lahjapakkaus\/","name":"Muumimukit Rahaksi Presentf\u00f6rpackning - Muumimukit Rahaksi","isPartOf":{"@id":"https:\/\/muumimukitrahaksi.fi\/#website"},"primaryImageOfPage":{"@id":"https:\/\/muumimukitrahaksi.fi\/produkt\/muumimukit-rahaksi-lahjapakkaus\/#primaryimage"},"image":{"@id":"https:\/\/muumimukitrahaksi.fi\/produkt\/muumimukit-rahaksi-lahjapakkaus\/#primaryimage"},"thumbnailUrl":"https:\/\/muumimukitrahaksi.fi\/wp-content\/uploads\/2022\/12\/Mukilaatikko_1.jpg","datePublished":"2022-12-12T13:53:48+00:00","dateModified":"2026-03-16T15:46:19+00:00","description":"Letar du efter den perfekta presentf\u00f6rpackningen f\u00f6r en muminmugg? Muumimukit Rahaksi-presentf\u00f6rpackningen \u00e4r tillverkad i Finland av h\u00f6gkvalitativ och stadig kartong.","breadcrumb":{"@id":"https:\/\/muumimukitrahaksi.fi\/produkt\/muumimukit-rahaksi-lahjapakkaus\/#breadcrumb"},"inLanguage":"sv-SE","potentialAction":[{"@type":"ReadAction","target":["https:\/\/muumimukitrahaksi.fi\/produkt\/muumimukit-rahaksi-lahjapakkaus\/"]}]},{"@type":"ImageObject","inLanguage":"sv-SE","@id":"https:\/\/muumimukitrahaksi.fi\/produkt\/muumimukit-rahaksi-lahjapakkaus\/#primaryimage","url":"https:\/\/muumimukitrahaksi.fi\/wp-content\/uploads\/2022\/12\/Mukilaatikko_1.jpg","contentUrl":"https:\/\/muumimukitrahaksi.fi\/wp-content\/uploads\/2022\/12\/Mukilaatikko_1.jpg","width":1000,"height":1000,"caption":"Muumimukit Rahaksi Presentf\u00f6rpackning"},{"@type":"BreadcrumbList","@id":"https:\/\/muumimukitrahaksi.fi\/produkt\/muumimukit-rahaksi-lahjapakkaus\/#breadcrumb","itemListElement":[{"@type":"ListItem","position":1,"name":"Etusivu","item":"https:\/\/muumimukitrahaksi.fi\/sv\/"},{"@type":"ListItem","position":2,"name":"Butik","item":"https:\/\/muumimukitrahaksi.fi\/sv\/butik\/"},{"@type":"ListItem","position":3,"name":"Muumimukit Rahaksi Presentf\u00f6rpackning"}]},{"@type":"WebSite","@id":"https:\/\/muumimukitrahaksi.fi\/#website","url":"https:\/\/muumimukitrahaksi.fi\/","name":"Muumimukit Rahaksi","description":"Muumimukeja, -kulhoja ja -lautasia ker\u00e4ilij\u00f6ille!","publisher":{"@id":"https:\/\/muumimukitrahaksi.fi\/#organization"},"potentialAction":[{"@type":"SearchAction","target":{"@type":"EntryPoint","urlTemplate":"https:\/\/muumimukitrahaksi.fi\/?s={search_term_string}"},"query-input":{"@type":"PropertyValueSpecification","valueRequired":true,"valueName":"search_term_string"}}],"inLanguage":"sv-SE"},{"@type":"Organization","@id":"https:\/\/muumimukitrahaksi.fi\/#organization","name":"Muumimukit Rahaksi","url":"https:\/\/muumimukitrahaksi.fi\/","logo":{"@type":"ImageObject","inLanguage":"sv-SE","@id":"https:\/\/muumimukitrahaksi.fi\/#\/schema\/logo\/image\/","url":"https:\/\/muumimukitrahaksi.fi\/wp-content\/uploads\/2017\/09\/logooo.jpg","contentUrl":"https:\/\/muumimukitrahaksi.fi\/wp-content\/uploads\/2017\/09\/logooo.jpg","width":514,"height":514,"caption":"Muumimukit Rahaksi"},"image":{"@id":"https:\/\/muumimukitrahaksi.fi\/#\/schema\/logo\/image\/"},"sameAs":["https:\/\/www.facebook.com\/muumimukitrahaksi\/","https:\/\/x.com\/MuumitRahaksi","https:\/\/www.instagram.com\/muumimukitrahaksi\/"]}]}},"_links":{"self":[{"href":"https:\/\/muumimukitrahaksi.fi\/sv\/wp-json\/wp\/v2\/product\/107833","targetHints":{"allow":["GET"]}}],"collection":[{"href":"https:\/\/muumimukitrahaksi.fi\/sv\/wp-json\/wp\/v2\/product"}],"about":[{"href":"https:\/\/muumimukitrahaksi.fi\/sv\/wp-json\/wp\/v2\/types\/product"}],"wp:featuredmedia":[{"embeddable":true,"href":"https:\/\/muumimukitrahaksi.fi\/sv\/wp-json\/wp\/v2\/media\/107834"}],"wp:attachment":[{"href":"https:\/\/muumimukitrahaksi.fi\/sv\/wp-json\/wp\/v2\/media?parent=107833"}],"wp:term":[{"taxonomy":"product_brand","embeddable":true,"href":"https:\/\/muumimukitrahaksi.fi\/sv\/wp-json\/wp\/v2\/product_brand?post=107833"},{"taxonomy":"product_cat","embeddable":true,"href":"https:\/\/muumimukitrahaksi.fi\/sv\/wp-json\/wp\/v2\/product_cat?post=107833"},{"taxonomy":"product_tag","embeddable":true,"href":"https:\/\/muumimukitrahaksi.fi\/sv\/wp-json\/wp\/v2\/product_tag?post=107833"}],"curies":[{"name":"wp","href":"https:\/\/api.w.org\/{rel}","templated":true}]}}