{"id":107874,"date":"2022-10-19T16:02:22","date_gmt":"2022-10-19T13:02:22","guid":{"rendered":"https:\/\/muumimukitrahaksi.fi\/tuote\/mumin-glaskort-snorkfrokens-midsommarblommor-2002-2005\/"},"modified":"2025-03-28T20:03:07","modified_gmt":"2025-03-28T18:03:07","slug":"mumin-glaskort-snorkfrokens-midsommarblommor-2002-2005","status":"publish","type":"product","link":"https:\/\/muumimukitrahaksi.fi\/sv\/produkt\/mumin-glaskort-snorkfrokens-midsommarblommor-2002-2005\/","title":{"rendered":"Mumin glaskort Snorkfr\u00f6kens midsommarblommor (2002-2005)"},"content":{"rendered":"<p style=\"text-align: center;\"><strong>\u2022 Officiell Moomin Characters\u00a0 licensinnehavare \u2022 Delbetalning\/faktura \u2022 Kvalitetsgranskade produkter<\/strong><\/p>\n<p>Iittalas Mumin glaskort producerades mellan 2002 och 2005 med sammanlagt fyra olika bilder. Glaskorten \u00e4r designade av Tove Slotte, som \u00e4ven \u00e4r k\u00e4nd f\u00f6r designen av muminmuggarna. Glaskortets storlek \u00e4r 10 cm x 8 cm. I den h\u00e4r modellen ser vi Snorkfr\u00f6ken plocka midsommarblommor ute p\u00e5 \u00e4ngen. I bakgrunden skymtar \u00e4ven Snusmumriken.<\/p>\n<p>Kolla in andra glaskort <a href=\"https:\/\/muumimukitrahaksi.fi\/sv\/?s=glaskort&amp;post_type=product&amp;lang=sv\">h\u00e4r.<\/a><\/p>\n<p>Har du ett Mumin glaskort och vill s\u00e4lja det? Vi k\u00f6per ocks\u00e5 glaskort. Klicka <a href=\"https:\/\/muumimukitrahaksi.fi\/en\/sell-moomin\/\">h\u00e4r<\/a>, fyll i formul\u00e4ret och f\u00e5 en offert samma dag.<\/p>\n","protected":false},"excerpt":{"rendered":"<p style=\"text-align: center;\"><strong>\u2022 H\u00f6gklassiga varor \u2022 Snabb leverans<\/strong><\/p>\n<p>Iittalas Mumin glaskort Snorkfr\u00f6kens midsommarblommor (ur produktion). Glaskortet \u00e4r i mycket bra skick. Inga synliga skr\u00e5mor eller andra fel. Glaskortet packas med omsorg och f\u00f6rnybara material.<\/p>\n<p style=\"text-align: center;\"><strong>\u2022 S\u00e4kra betalningss\u00e4tt<\/strong><\/p>\n<p><img loading=\"lazy\" decoding=\"async\" class=\"aligncenter wp-image-20415 size-full\" src=\"https:\/\/muumimukitrahaksi.fi\/wp-content\/uploads\/2020\/06\/maksutavat-2026-pieni-eng.png\" alt=\"Payment options\" width=\"350\" height=\"200\" \/><\/p>\n","protected":false},"featured_media":107875,"template":"","meta":[],"product_brand":[],"product_cat":[548,556],"product_tag":[606,627],"class_list":{"0":"post-107874","1":"product","2":"type-product","3":"status-publish","4":"has-post-thumbnail","6":"product_cat-ovriga-produkter","7":"product_cat-ovrigt","8":"product_tag-snorkfroken","9":"product_tag-utan-etikett","11":"first","12":"instock","13":"taxable","14":"shipping-taxable","15":"purchasable","16":"product-type-simple"},"yoast_head":"<!-- This site is optimized with the Yoast SEO plugin v27.1.1 - https:\/\/yoast.com\/product\/yoast-seo-wordpress\/ -->\n<title>Mumin glaskort Snorkfr\u00f6kens midsommarblommor (2002-2005) - Muumimukit Rahaksi<\/title>\n<meta name=\"description\" content=\"Iittalas Mumin glaskort Snorkfr\u00f6kens midsommarblommor (ur produktion). Glaskortet \u00e4r i mycket bra skick.\" \/>\n<meta name=\"robots\" content=\"index, follow, max-snippet:-1, max-image-preview:large, max-video-preview:-1\" \/>\n<link rel=\"canonical\" href=\"https:\/\/muumimukitrahaksi.fi\/produkt\/muumi-lasikortti-niiskuneidin-juhannuskukat-2002-2005\/\" \/>\n<meta property=\"og:locale\" content=\"sv_SE\" \/>\n<meta property=\"og:type\" content=\"article\" \/>\n<meta property=\"og:title\" content=\"Mumin glaskort Snorkfr\u00f6kens midsommarblommor (2002-2005) - Muumimukit Rahaksi\" \/>\n<meta property=\"og:description\" content=\"Iittalas Mumin glaskort Snorkfr\u00f6kens midsommarblommor (ur produktion). Glaskortet \u00e4r i mycket bra skick.\" \/>\n<meta property=\"og:url\" content=\"https:\/\/muumimukitrahaksi.fi\/produkt\/muumi-lasikortti-niiskuneidin-juhannuskukat-2002-2005\/\" \/>\n<meta property=\"og:site_name\" content=\"Muumimukit Rahaksi\" \/>\n<meta property=\"article:publisher\" content=\"https:\/\/www.facebook.com\/muumimukitrahaksi\/\" \/>\n<meta property=\"article:modified_time\" content=\"2025-03-28T18:03:07+00:00\" \/>\n<meta property=\"og:image\" content=\"https:\/\/muumimukitrahaksi.fi\/wp-content\/uploads\/2022\/08\/DSC00125.jpg\" \/>\n\t<meta property=\"og:image:width\" content=\"1000\" \/>\n\t<meta property=\"og:image:height\" content=\"1000\" \/>\n\t<meta property=\"og:image:type\" content=\"image\/jpeg\" \/>\n<meta name=\"twitter:card\" content=\"summary_large_image\" \/>\n<meta name=\"twitter:site\" content=\"@MuumitRahaksi\" \/>\n<script type=\"application\/ld+json\" class=\"yoast-schema-graph\">{\"@context\":\"https:\/\/schema.org\",\"@graph\":[{\"@type\":\"WebPage\",\"@id\":\"https:\/\/muumimukitrahaksi.fi\/produkt\/muumi-lasikortti-niiskuneidin-juhannuskukat-2002-2005\/\",\"url\":\"https:\/\/muumimukitrahaksi.fi\/produkt\/muumi-lasikortti-niiskuneidin-juhannuskukat-2002-2005\/\",\"name\":\"Mumin glaskort Snorkfr\u00f6kens midsommarblommor (2002-2005) - Muumimukit Rahaksi\",\"isPartOf\":{\"@id\":\"https:\/\/muumimukitrahaksi.fi\/#website\"},\"primaryImageOfPage\":{\"@id\":\"https:\/\/muumimukitrahaksi.fi\/produkt\/muumi-lasikortti-niiskuneidin-juhannuskukat-2002-2005\/#primaryimage\"},\"image\":{\"@id\":\"https:\/\/muumimukitrahaksi.fi\/produkt\/muumi-lasikortti-niiskuneidin-juhannuskukat-2002-2005\/#primaryimage\"},\"thumbnailUrl\":\"https:\/\/muumimukitrahaksi.fi\/wp-content\/uploads\/2022\/08\/DSC00125.jpg\",\"datePublished\":\"2022-10-19T13:02:22+00:00\",\"dateModified\":\"2025-03-28T18:03:07+00:00\",\"description\":\"Iittalas Mumin glaskort Snorkfr\u00f6kens midsommarblommor (ur produktion). Glaskortet \u00e4r i mycket bra skick.\",\"breadcrumb\":{\"@id\":\"https:\/\/muumimukitrahaksi.fi\/produkt\/muumi-lasikortti-niiskuneidin-juhannuskukat-2002-2005\/#breadcrumb\"},\"inLanguage\":\"sv-SE\",\"potentialAction\":[{\"@type\":\"ReadAction\",\"target\":[\"https:\/\/muumimukitrahaksi.fi\/produkt\/muumi-lasikortti-niiskuneidin-juhannuskukat-2002-2005\/\"]}]},{\"@type\":\"ImageObject\",\"inLanguage\":\"sv-SE\",\"@id\":\"https:\/\/muumimukitrahaksi.fi\/produkt\/muumi-lasikortti-niiskuneidin-juhannuskukat-2002-2005\/#primaryimage\",\"url\":\"https:\/\/muumimukitrahaksi.fi\/wp-content\/uploads\/2022\/08\/DSC00125.jpg\",\"contentUrl\":\"https:\/\/muumimukitrahaksi.fi\/wp-content\/uploads\/2022\/08\/DSC00125.jpg\",\"width\":1000,\"height\":1000,\"caption\":\"Mumin glaskort Snorkfr\u00f6kens midsommarblommor\"},{\"@type\":\"BreadcrumbList\",\"@id\":\"https:\/\/muumimukitrahaksi.fi\/produkt\/muumi-lasikortti-niiskuneidin-juhannuskukat-2002-2005\/#breadcrumb\",\"itemListElement\":[{\"@type\":\"ListItem\",\"position\":1,\"name\":\"Etusivu\",\"item\":\"https:\/\/muumimukitrahaksi.fi\/sv\/\"},{\"@type\":\"ListItem\",\"position\":2,\"name\":\"Butik\",\"item\":\"https:\/\/muumimukitrahaksi.fi\/sv\/butik\/\"},{\"@type\":\"ListItem\",\"position\":3,\"name\":\"Mumin glaskort Snorkfr\u00f6kens midsommarblommor (2002-2005)\"}]},{\"@type\":\"WebSite\",\"@id\":\"https:\/\/muumimukitrahaksi.fi\/#website\",\"url\":\"https:\/\/muumimukitrahaksi.fi\/\",\"name\":\"Muumimukit Rahaksi\",\"description\":\"Muumimukeja, -kulhoja ja -lautasia ker\u00e4ilij\u00f6ille!\",\"publisher\":{\"@id\":\"https:\/\/muumimukitrahaksi.fi\/#organization\"},\"potentialAction\":[{\"@type\":\"SearchAction\",\"target\":{\"@type\":\"EntryPoint\",\"urlTemplate\":\"https:\/\/muumimukitrahaksi.fi\/?s={search_term_string}\"},\"query-input\":{\"@type\":\"PropertyValueSpecification\",\"valueRequired\":true,\"valueName\":\"search_term_string\"}}],\"inLanguage\":\"sv-SE\"},{\"@type\":\"Organization\",\"@id\":\"https:\/\/muumimukitrahaksi.fi\/#organization\",\"name\":\"Muumimukit Rahaksi\",\"url\":\"https:\/\/muumimukitrahaksi.fi\/\",\"logo\":{\"@type\":\"ImageObject\",\"inLanguage\":\"sv-SE\",\"@id\":\"https:\/\/muumimukitrahaksi.fi\/#\/schema\/logo\/image\/\",\"url\":\"https:\/\/muumimukitrahaksi.fi\/wp-content\/uploads\/2017\/09\/logooo.jpg\",\"contentUrl\":\"https:\/\/muumimukitrahaksi.fi\/wp-content\/uploads\/2017\/09\/logooo.jpg\",\"width\":514,\"height\":514,\"caption\":\"Muumimukit Rahaksi\"},\"image\":{\"@id\":\"https:\/\/muumimukitrahaksi.fi\/#\/schema\/logo\/image\/\"},\"sameAs\":[\"https:\/\/www.facebook.com\/muumimukitrahaksi\/\",\"https:\/\/x.com\/MuumitRahaksi\",\"https:\/\/www.instagram.com\/muumimukitrahaksi\/\"]}]}<\/script>\n<!-- \/ Yoast SEO plugin. -->","yoast_head_json":{"title":"Mumin glaskort Snorkfr\u00f6kens midsommarblommor (2002-2005) - Muumimukit Rahaksi","description":"Iittalas Mumin glaskort Snorkfr\u00f6kens midsommarblommor (ur produktion). Glaskortet \u00e4r i mycket bra skick.","robots":{"index":"index","follow":"follow","max-snippet":"max-snippet:-1","max-image-preview":"max-image-preview:large","max-video-preview":"max-video-preview:-1"},"canonical":"https:\/\/muumimukitrahaksi.fi\/produkt\/muumi-lasikortti-niiskuneidin-juhannuskukat-2002-2005\/","og_locale":"sv_SE","og_type":"article","og_title":"Mumin glaskort Snorkfr\u00f6kens midsommarblommor (2002-2005) - Muumimukit Rahaksi","og_description":"Iittalas Mumin glaskort Snorkfr\u00f6kens midsommarblommor (ur produktion). Glaskortet \u00e4r i mycket bra skick.","og_url":"https:\/\/muumimukitrahaksi.fi\/produkt\/muumi-lasikortti-niiskuneidin-juhannuskukat-2002-2005\/","og_site_name":"Muumimukit Rahaksi","article_publisher":"https:\/\/www.facebook.com\/muumimukitrahaksi\/","article_modified_time":"2025-03-28T18:03:07+00:00","og_image":[{"width":1000,"height":1000,"url":"https:\/\/muumimukitrahaksi.fi\/wp-content\/uploads\/2022\/08\/DSC00125.jpg","type":"image\/jpeg"}],"twitter_card":"summary_large_image","twitter_site":"@MuumitRahaksi","schema":{"@context":"https:\/\/schema.org","@graph":[{"@type":"WebPage","@id":"https:\/\/muumimukitrahaksi.fi\/produkt\/muumi-lasikortti-niiskuneidin-juhannuskukat-2002-2005\/","url":"https:\/\/muumimukitrahaksi.fi\/produkt\/muumi-lasikortti-niiskuneidin-juhannuskukat-2002-2005\/","name":"Mumin glaskort Snorkfr\u00f6kens midsommarblommor (2002-2005) - Muumimukit Rahaksi","isPartOf":{"@id":"https:\/\/muumimukitrahaksi.fi\/#website"},"primaryImageOfPage":{"@id":"https:\/\/muumimukitrahaksi.fi\/produkt\/muumi-lasikortti-niiskuneidin-juhannuskukat-2002-2005\/#primaryimage"},"image":{"@id":"https:\/\/muumimukitrahaksi.fi\/produkt\/muumi-lasikortti-niiskuneidin-juhannuskukat-2002-2005\/#primaryimage"},"thumbnailUrl":"https:\/\/muumimukitrahaksi.fi\/wp-content\/uploads\/2022\/08\/DSC00125.jpg","datePublished":"2022-10-19T13:02:22+00:00","dateModified":"2025-03-28T18:03:07+00:00","description":"Iittalas Mumin glaskort Snorkfr\u00f6kens midsommarblommor (ur produktion). Glaskortet \u00e4r i mycket bra skick.","breadcrumb":{"@id":"https:\/\/muumimukitrahaksi.fi\/produkt\/muumi-lasikortti-niiskuneidin-juhannuskukat-2002-2005\/#breadcrumb"},"inLanguage":"sv-SE","potentialAction":[{"@type":"ReadAction","target":["https:\/\/muumimukitrahaksi.fi\/produkt\/muumi-lasikortti-niiskuneidin-juhannuskukat-2002-2005\/"]}]},{"@type":"ImageObject","inLanguage":"sv-SE","@id":"https:\/\/muumimukitrahaksi.fi\/produkt\/muumi-lasikortti-niiskuneidin-juhannuskukat-2002-2005\/#primaryimage","url":"https:\/\/muumimukitrahaksi.fi\/wp-content\/uploads\/2022\/08\/DSC00125.jpg","contentUrl":"https:\/\/muumimukitrahaksi.fi\/wp-content\/uploads\/2022\/08\/DSC00125.jpg","width":1000,"height":1000,"caption":"Mumin glaskort Snorkfr\u00f6kens midsommarblommor"},{"@type":"BreadcrumbList","@id":"https:\/\/muumimukitrahaksi.fi\/produkt\/muumi-lasikortti-niiskuneidin-juhannuskukat-2002-2005\/#breadcrumb","itemListElement":[{"@type":"ListItem","position":1,"name":"Etusivu","item":"https:\/\/muumimukitrahaksi.fi\/sv\/"},{"@type":"ListItem","position":2,"name":"Butik","item":"https:\/\/muumimukitrahaksi.fi\/sv\/butik\/"},{"@type":"ListItem","position":3,"name":"Mumin glaskort Snorkfr\u00f6kens midsommarblommor (2002-2005)"}]},{"@type":"WebSite","@id":"https:\/\/muumimukitrahaksi.fi\/#website","url":"https:\/\/muumimukitrahaksi.fi\/","name":"Muumimukit Rahaksi","description":"Muumimukeja, -kulhoja ja -lautasia ker\u00e4ilij\u00f6ille!","publisher":{"@id":"https:\/\/muumimukitrahaksi.fi\/#organization"},"potentialAction":[{"@type":"SearchAction","target":{"@type":"EntryPoint","urlTemplate":"https:\/\/muumimukitrahaksi.fi\/?s={search_term_string}"},"query-input":{"@type":"PropertyValueSpecification","valueRequired":true,"valueName":"search_term_string"}}],"inLanguage":"sv-SE"},{"@type":"Organization","@id":"https:\/\/muumimukitrahaksi.fi\/#organization","name":"Muumimukit Rahaksi","url":"https:\/\/muumimukitrahaksi.fi\/","logo":{"@type":"ImageObject","inLanguage":"sv-SE","@id":"https:\/\/muumimukitrahaksi.fi\/#\/schema\/logo\/image\/","url":"https:\/\/muumimukitrahaksi.fi\/wp-content\/uploads\/2017\/09\/logooo.jpg","contentUrl":"https:\/\/muumimukitrahaksi.fi\/wp-content\/uploads\/2017\/09\/logooo.jpg","width":514,"height":514,"caption":"Muumimukit Rahaksi"},"image":{"@id":"https:\/\/muumimukitrahaksi.fi\/#\/schema\/logo\/image\/"},"sameAs":["https:\/\/www.facebook.com\/muumimukitrahaksi\/","https:\/\/x.com\/MuumitRahaksi","https:\/\/www.instagram.com\/muumimukitrahaksi\/"]}]}},"_links":{"self":[{"href":"https:\/\/muumimukitrahaksi.fi\/sv\/wp-json\/wp\/v2\/product\/107874","targetHints":{"allow":["GET"]}}],"collection":[{"href":"https:\/\/muumimukitrahaksi.fi\/sv\/wp-json\/wp\/v2\/product"}],"about":[{"href":"https:\/\/muumimukitrahaksi.fi\/sv\/wp-json\/wp\/v2\/types\/product"}],"wp:featuredmedia":[{"embeddable":true,"href":"https:\/\/muumimukitrahaksi.fi\/sv\/wp-json\/wp\/v2\/media\/107875"}],"wp:attachment":[{"href":"https:\/\/muumimukitrahaksi.fi\/sv\/wp-json\/wp\/v2\/media?parent=107874"}],"wp:term":[{"taxonomy":"product_brand","embeddable":true,"href":"https:\/\/muumimukitrahaksi.fi\/sv\/wp-json\/wp\/v2\/product_brand?post=107874"},{"taxonomy":"product_cat","embeddable":true,"href":"https:\/\/muumimukitrahaksi.fi\/sv\/wp-json\/wp\/v2\/product_cat?post=107874"},{"taxonomy":"product_tag","embeddable":true,"href":"https:\/\/muumimukitrahaksi.fi\/sv\/wp-json\/wp\/v2\/product_tag?post=107874"}],"curies":[{"name":"wp","href":"https:\/\/api.w.org\/{rel}","templated":true}]}}