{"id":107882,"date":"2023-04-27T17:49:20","date_gmt":"2023-04-27T14:49:20","guid":{"rendered":"https:\/\/muumimukitrahaksi.fi\/tuote\/mumin-ljuslykta-muminhuset-2006\/"},"modified":"2024-04-03T10:41:23","modified_gmt":"2024-04-03T07:41:23","slug":"mumin-ljuslykta-muminhuset-2006","status":"publish","type":"product","link":"https:\/\/muumimukitrahaksi.fi\/sv\/produkt\/mumin-ljuslykta-muminhuset-2006\/","title":{"rendered":"Mumin ljuslykta Muminhuset (2006)"},"content":{"rendered":"<p style=\"text-align: center;\"><strong>\u2022 Officiell Moomin Characters\u00a0 licensinnehavare \u2022 Delbetalning\/faktura \u2022 Kvalitetsgranskade produkter<\/strong><\/p>\n<p>Mumin ljuslyktan Mumindalen s\u00e5ldes endast \u00e5r 2006. Totalt tillverkades cirka 1900 ljuslyktor. Varje ljuslykta \u00e4r handgjord. P\u00e5 botten av varje ljuslykta finns f\u00f6rutom Moomin Characters-st\u00e4mpeln \u00e4ven ljuslyktans tillverkares signatur. Flera olika konstn\u00e4rer var inblandade i tillverkningen av ljuslyktorna, vilket betyder att signaturen p\u00e5 botten kan variera mellan exemplaren. Ljuslyktans h\u00f6jd \u00e4r cirka 27 cm.<\/p>\n<p>Kolla in andra Muminhuset-produkter <a href=\"https:\/\/muumimukitrahaksi.fi\/sv\/?s=muminhuset&amp;post_type=product&amp;lang=sv\">h\u00e4r.<\/a><\/p>\n<p>Har du en Mumin ljuslykta och vill s\u00e4lja den? Vi k\u00f6per ocks\u00e5 ljuslyktor. Klicka <a href=\"https:\/\/muumimukitrahaksi.fi\/en\/sell-moomin\/\">h\u00e4r<\/a>, fyll i formul\u00e4ret och f\u00e5 en offert samma dag.<\/p>\n","protected":false},"excerpt":{"rendered":"<p style=\"text-align: center;\"><strong>\u2022 H\u00f6gklassiga varor \u2022 Snabb leverans<\/strong><\/p>\n<p>En s\u00e4llsynt keramisk Mumin ljuslykta Muminhuset. Lyktan tillverkades f\u00f6r hand endast under ett \u00e5r, totalt cirka 1900 exemplar. Lyktan \u00e4r en officiell licensprodukt fr\u00e5n Moomin Characters. Flera olika konstn\u00e4rer tillverkade lyktorna, och f\u00f6rutom Moomin Characters-st\u00e4mpeln finns ocks\u00e5 konstn\u00e4rens signatur p\u00e5 botten. Lyktan \u00e4r cirka 27 cm h\u00f6g. Ljuslyktan \u00e4r i nyskick. Produkterna packas med omsorg och f\u00f6rnybara material.<\/p>\n<p style=\"text-align: center;\"><strong>\u2022 S\u00e4kra betalningss\u00e4tt<\/strong><\/p>\n<p><img loading=\"lazy\" decoding=\"async\" class=\"aligncenter wp-image-20415 size-full\" src=\"https:\/\/muumimukitrahaksi.fi\/wp-content\/uploads\/2020\/06\/maksutavat-2026-pieni-eng.png\" alt=\"Payment options\" width=\"350\" height=\"200\" \/><\/p>\n","protected":false},"featured_media":107883,"template":"","meta":[],"product_brand":[],"product_cat":[548,556],"product_tag":[],"class_list":{"0":"post-107882","1":"product","2":"type-product","3":"status-publish","4":"has-post-thumbnail","6":"product_cat-ovriga-produkter","7":"product_cat-ovrigt","8":"product_shipping_class-iso-tuote-sv","10":"first","11":"outofstock","12":"taxable","13":"shipping-taxable","14":"purchasable","15":"product-type-simple"},"yoast_head":"<!-- This site is optimized with the Yoast SEO plugin v27.1.1 - https:\/\/yoast.com\/product\/yoast-seo-wordpress\/ -->\n<title>Mumin ljuslykta Muminhuset (2006) - Muumimukit Rahaksi<\/title>\n<meta name=\"description\" content=\"En s\u00e4llsynt keramisk Mumin ljuslykta Muminhuset. Lyktan tillverkades f\u00f6r hand endast under ett \u00e5r, totalt cirka 1900 exemplar.\" \/>\n<meta name=\"robots\" content=\"index, follow, max-snippet:-1, max-image-preview:large, max-video-preview:-1\" \/>\n<link rel=\"canonical\" href=\"https:\/\/muumimukitrahaksi.fi\/produkt\/muumi-kynttilalyhty-muumitalo-2006-2\/\" \/>\n<meta property=\"og:locale\" content=\"sv_SE\" \/>\n<meta property=\"og:type\" content=\"article\" \/>\n<meta property=\"og:title\" content=\"Mumin ljuslykta Muminhuset (2006) - Muumimukit Rahaksi\" \/>\n<meta property=\"og:description\" content=\"En s\u00e4llsynt keramisk Mumin ljuslykta Muminhuset. Lyktan tillverkades f\u00f6r hand endast under ett \u00e5r, totalt cirka 1900 exemplar.\" \/>\n<meta property=\"og:url\" content=\"https:\/\/muumimukitrahaksi.fi\/produkt\/muumi-kynttilalyhty-muumitalo-2006-2\/\" \/>\n<meta property=\"og:site_name\" content=\"Muumimukit Rahaksi\" \/>\n<meta property=\"article:publisher\" content=\"https:\/\/www.facebook.com\/muumimukitrahaksi\/\" \/>\n<meta property=\"article:modified_time\" content=\"2024-04-03T07:41:23+00:00\" \/>\n<meta property=\"og:image\" content=\"https:\/\/muumimukitrahaksi.fi\/wp-content\/uploads\/2021\/02\/DSC03821.jpg\" \/>\n\t<meta property=\"og:image:width\" content=\"1000\" \/>\n\t<meta property=\"og:image:height\" content=\"1000\" \/>\n\t<meta property=\"og:image:type\" content=\"image\/jpeg\" \/>\n<meta name=\"twitter:card\" content=\"summary_large_image\" \/>\n<meta name=\"twitter:site\" content=\"@MuumitRahaksi\" \/>\n<script type=\"application\/ld+json\" class=\"yoast-schema-graph\">{\"@context\":\"https:\/\/schema.org\",\"@graph\":[{\"@type\":\"WebPage\",\"@id\":\"https:\/\/muumimukitrahaksi.fi\/produkt\/muumi-kynttilalyhty-muumitalo-2006-2\/\",\"url\":\"https:\/\/muumimukitrahaksi.fi\/produkt\/muumi-kynttilalyhty-muumitalo-2006-2\/\",\"name\":\"Mumin ljuslykta Muminhuset (2006) - Muumimukit Rahaksi\",\"isPartOf\":{\"@id\":\"https:\/\/muumimukitrahaksi.fi\/#website\"},\"primaryImageOfPage\":{\"@id\":\"https:\/\/muumimukitrahaksi.fi\/produkt\/muumi-kynttilalyhty-muumitalo-2006-2\/#primaryimage\"},\"image\":{\"@id\":\"https:\/\/muumimukitrahaksi.fi\/produkt\/muumi-kynttilalyhty-muumitalo-2006-2\/#primaryimage\"},\"thumbnailUrl\":\"https:\/\/muumimukitrahaksi.fi\/wp-content\/uploads\/2021\/02\/DSC03821.jpg\",\"datePublished\":\"2023-04-27T14:49:20+00:00\",\"dateModified\":\"2024-04-03T07:41:23+00:00\",\"description\":\"En s\u00e4llsynt keramisk Mumin ljuslykta Muminhuset. Lyktan tillverkades f\u00f6r hand endast under ett \u00e5r, totalt cirka 1900 exemplar.\",\"breadcrumb\":{\"@id\":\"https:\/\/muumimukitrahaksi.fi\/produkt\/muumi-kynttilalyhty-muumitalo-2006-2\/#breadcrumb\"},\"inLanguage\":\"sv-SE\",\"potentialAction\":[{\"@type\":\"ReadAction\",\"target\":[\"https:\/\/muumimukitrahaksi.fi\/produkt\/muumi-kynttilalyhty-muumitalo-2006-2\/\"]}]},{\"@type\":\"ImageObject\",\"inLanguage\":\"sv-SE\",\"@id\":\"https:\/\/muumimukitrahaksi.fi\/produkt\/muumi-kynttilalyhty-muumitalo-2006-2\/#primaryimage\",\"url\":\"https:\/\/muumimukitrahaksi.fi\/wp-content\/uploads\/2021\/02\/DSC03821.jpg\",\"contentUrl\":\"https:\/\/muumimukitrahaksi.fi\/wp-content\/uploads\/2021\/02\/DSC03821.jpg\",\"width\":1000,\"height\":1000,\"caption\":\"Mumin ljuslykta Muminhuset\"},{\"@type\":\"BreadcrumbList\",\"@id\":\"https:\/\/muumimukitrahaksi.fi\/produkt\/muumi-kynttilalyhty-muumitalo-2006-2\/#breadcrumb\",\"itemListElement\":[{\"@type\":\"ListItem\",\"position\":1,\"name\":\"Etusivu\",\"item\":\"https:\/\/muumimukitrahaksi.fi\/sv\/\"},{\"@type\":\"ListItem\",\"position\":2,\"name\":\"Butik\",\"item\":\"https:\/\/muumimukitrahaksi.fi\/sv\/butik\/\"},{\"@type\":\"ListItem\",\"position\":3,\"name\":\"Mumin ljuslykta Muminhuset (2006)\"}]},{\"@type\":\"WebSite\",\"@id\":\"https:\/\/muumimukitrahaksi.fi\/#website\",\"url\":\"https:\/\/muumimukitrahaksi.fi\/\",\"name\":\"Muumimukit Rahaksi\",\"description\":\"Muumimukeja, -kulhoja ja -lautasia ker\u00e4ilij\u00f6ille!\",\"publisher\":{\"@id\":\"https:\/\/muumimukitrahaksi.fi\/#organization\"},\"potentialAction\":[{\"@type\":\"SearchAction\",\"target\":{\"@type\":\"EntryPoint\",\"urlTemplate\":\"https:\/\/muumimukitrahaksi.fi\/?s={search_term_string}\"},\"query-input\":{\"@type\":\"PropertyValueSpecification\",\"valueRequired\":true,\"valueName\":\"search_term_string\"}}],\"inLanguage\":\"sv-SE\"},{\"@type\":\"Organization\",\"@id\":\"https:\/\/muumimukitrahaksi.fi\/#organization\",\"name\":\"Muumimukit Rahaksi\",\"url\":\"https:\/\/muumimukitrahaksi.fi\/\",\"logo\":{\"@type\":\"ImageObject\",\"inLanguage\":\"sv-SE\",\"@id\":\"https:\/\/muumimukitrahaksi.fi\/#\/schema\/logo\/image\/\",\"url\":\"https:\/\/muumimukitrahaksi.fi\/wp-content\/uploads\/2017\/09\/logooo.jpg\",\"contentUrl\":\"https:\/\/muumimukitrahaksi.fi\/wp-content\/uploads\/2017\/09\/logooo.jpg\",\"width\":514,\"height\":514,\"caption\":\"Muumimukit Rahaksi\"},\"image\":{\"@id\":\"https:\/\/muumimukitrahaksi.fi\/#\/schema\/logo\/image\/\"},\"sameAs\":[\"https:\/\/www.facebook.com\/muumimukitrahaksi\/\",\"https:\/\/x.com\/MuumitRahaksi\",\"https:\/\/www.instagram.com\/muumimukitrahaksi\/\"]}]}<\/script>\n<!-- \/ Yoast SEO plugin. -->","yoast_head_json":{"title":"Mumin ljuslykta Muminhuset (2006) - Muumimukit Rahaksi","description":"En s\u00e4llsynt keramisk Mumin ljuslykta Muminhuset. Lyktan tillverkades f\u00f6r hand endast under ett \u00e5r, totalt cirka 1900 exemplar.","robots":{"index":"index","follow":"follow","max-snippet":"max-snippet:-1","max-image-preview":"max-image-preview:large","max-video-preview":"max-video-preview:-1"},"canonical":"https:\/\/muumimukitrahaksi.fi\/produkt\/muumi-kynttilalyhty-muumitalo-2006-2\/","og_locale":"sv_SE","og_type":"article","og_title":"Mumin ljuslykta Muminhuset (2006) - Muumimukit Rahaksi","og_description":"En s\u00e4llsynt keramisk Mumin ljuslykta Muminhuset. Lyktan tillverkades f\u00f6r hand endast under ett \u00e5r, totalt cirka 1900 exemplar.","og_url":"https:\/\/muumimukitrahaksi.fi\/produkt\/muumi-kynttilalyhty-muumitalo-2006-2\/","og_site_name":"Muumimukit Rahaksi","article_publisher":"https:\/\/www.facebook.com\/muumimukitrahaksi\/","article_modified_time":"2024-04-03T07:41:23+00:00","og_image":[{"width":1000,"height":1000,"url":"https:\/\/muumimukitrahaksi.fi\/wp-content\/uploads\/2021\/02\/DSC03821.jpg","type":"image\/jpeg"}],"twitter_card":"summary_large_image","twitter_site":"@MuumitRahaksi","schema":{"@context":"https:\/\/schema.org","@graph":[{"@type":"WebPage","@id":"https:\/\/muumimukitrahaksi.fi\/produkt\/muumi-kynttilalyhty-muumitalo-2006-2\/","url":"https:\/\/muumimukitrahaksi.fi\/produkt\/muumi-kynttilalyhty-muumitalo-2006-2\/","name":"Mumin ljuslykta Muminhuset (2006) - Muumimukit Rahaksi","isPartOf":{"@id":"https:\/\/muumimukitrahaksi.fi\/#website"},"primaryImageOfPage":{"@id":"https:\/\/muumimukitrahaksi.fi\/produkt\/muumi-kynttilalyhty-muumitalo-2006-2\/#primaryimage"},"image":{"@id":"https:\/\/muumimukitrahaksi.fi\/produkt\/muumi-kynttilalyhty-muumitalo-2006-2\/#primaryimage"},"thumbnailUrl":"https:\/\/muumimukitrahaksi.fi\/wp-content\/uploads\/2021\/02\/DSC03821.jpg","datePublished":"2023-04-27T14:49:20+00:00","dateModified":"2024-04-03T07:41:23+00:00","description":"En s\u00e4llsynt keramisk Mumin ljuslykta Muminhuset. Lyktan tillverkades f\u00f6r hand endast under ett \u00e5r, totalt cirka 1900 exemplar.","breadcrumb":{"@id":"https:\/\/muumimukitrahaksi.fi\/produkt\/muumi-kynttilalyhty-muumitalo-2006-2\/#breadcrumb"},"inLanguage":"sv-SE","potentialAction":[{"@type":"ReadAction","target":["https:\/\/muumimukitrahaksi.fi\/produkt\/muumi-kynttilalyhty-muumitalo-2006-2\/"]}]},{"@type":"ImageObject","inLanguage":"sv-SE","@id":"https:\/\/muumimukitrahaksi.fi\/produkt\/muumi-kynttilalyhty-muumitalo-2006-2\/#primaryimage","url":"https:\/\/muumimukitrahaksi.fi\/wp-content\/uploads\/2021\/02\/DSC03821.jpg","contentUrl":"https:\/\/muumimukitrahaksi.fi\/wp-content\/uploads\/2021\/02\/DSC03821.jpg","width":1000,"height":1000,"caption":"Mumin ljuslykta Muminhuset"},{"@type":"BreadcrumbList","@id":"https:\/\/muumimukitrahaksi.fi\/produkt\/muumi-kynttilalyhty-muumitalo-2006-2\/#breadcrumb","itemListElement":[{"@type":"ListItem","position":1,"name":"Etusivu","item":"https:\/\/muumimukitrahaksi.fi\/sv\/"},{"@type":"ListItem","position":2,"name":"Butik","item":"https:\/\/muumimukitrahaksi.fi\/sv\/butik\/"},{"@type":"ListItem","position":3,"name":"Mumin ljuslykta Muminhuset (2006)"}]},{"@type":"WebSite","@id":"https:\/\/muumimukitrahaksi.fi\/#website","url":"https:\/\/muumimukitrahaksi.fi\/","name":"Muumimukit Rahaksi","description":"Muumimukeja, -kulhoja ja -lautasia ker\u00e4ilij\u00f6ille!","publisher":{"@id":"https:\/\/muumimukitrahaksi.fi\/#organization"},"potentialAction":[{"@type":"SearchAction","target":{"@type":"EntryPoint","urlTemplate":"https:\/\/muumimukitrahaksi.fi\/?s={search_term_string}"},"query-input":{"@type":"PropertyValueSpecification","valueRequired":true,"valueName":"search_term_string"}}],"inLanguage":"sv-SE"},{"@type":"Organization","@id":"https:\/\/muumimukitrahaksi.fi\/#organization","name":"Muumimukit Rahaksi","url":"https:\/\/muumimukitrahaksi.fi\/","logo":{"@type":"ImageObject","inLanguage":"sv-SE","@id":"https:\/\/muumimukitrahaksi.fi\/#\/schema\/logo\/image\/","url":"https:\/\/muumimukitrahaksi.fi\/wp-content\/uploads\/2017\/09\/logooo.jpg","contentUrl":"https:\/\/muumimukitrahaksi.fi\/wp-content\/uploads\/2017\/09\/logooo.jpg","width":514,"height":514,"caption":"Muumimukit Rahaksi"},"image":{"@id":"https:\/\/muumimukitrahaksi.fi\/#\/schema\/logo\/image\/"},"sameAs":["https:\/\/www.facebook.com\/muumimukitrahaksi\/","https:\/\/x.com\/MuumitRahaksi","https:\/\/www.instagram.com\/muumimukitrahaksi\/"]}]}},"_links":{"self":[{"href":"https:\/\/muumimukitrahaksi.fi\/sv\/wp-json\/wp\/v2\/product\/107882","targetHints":{"allow":["GET"]}}],"collection":[{"href":"https:\/\/muumimukitrahaksi.fi\/sv\/wp-json\/wp\/v2\/product"}],"about":[{"href":"https:\/\/muumimukitrahaksi.fi\/sv\/wp-json\/wp\/v2\/types\/product"}],"wp:featuredmedia":[{"embeddable":true,"href":"https:\/\/muumimukitrahaksi.fi\/sv\/wp-json\/wp\/v2\/media\/107883"}],"wp:attachment":[{"href":"https:\/\/muumimukitrahaksi.fi\/sv\/wp-json\/wp\/v2\/media?parent=107882"}],"wp:term":[{"taxonomy":"product_brand","embeddable":true,"href":"https:\/\/muumimukitrahaksi.fi\/sv\/wp-json\/wp\/v2\/product_brand?post=107882"},{"taxonomy":"product_cat","embeddable":true,"href":"https:\/\/muumimukitrahaksi.fi\/sv\/wp-json\/wp\/v2\/product_cat?post=107882"},{"taxonomy":"product_tag","embeddable":true,"href":"https:\/\/muumimukitrahaksi.fi\/sv\/wp-json\/wp\/v2\/product_tag?post=107882"}],"curies":[{"name":"wp","href":"https:\/\/api.w.org\/{rel}","templated":true}]}}