{"id":110504,"date":"2024-05-24T17:37:43","date_gmt":"2024-05-24T14:37:43","guid":{"rendered":"https:\/\/muumimukitrahaksi.fi\/tuote\/skatter-fran-mumindalen-samlarens-guide-till-tove-janssons-mumintroll-2024-ny\/"},"modified":"2026-01-06T20:23:22","modified_gmt":"2026-01-06T18:23:22","slug":"skatter-fran-mumindalen-samlarens-guide-till-tove-janssons-mumintroll-2024-ny","status":"publish","type":"product","link":"https:\/\/muumimukitrahaksi.fi\/sv\/produkt\/skatter-fran-mumindalen-samlarens-guide-till-tove-janssons-mumintroll-2024-ny\/","title":{"rendered":"Skatter fr\u00e5n Mumindalen &#8211; Samlarens Guide till Tove Janssons Mumintroll (2024) *NY*"},"content":{"rendered":"<p style=\"text-align: center;\"><strong>\u2022 Officiell Moomin Characters\u00a0 licensinnehavare \u2022 Delbetalning\/faktura \u2022 Kvalitetsgranskade produkter<\/strong><\/p>\n<p><strong>Skatter fr\u00e5n Mumindalen &#8211; Samlarens Guide till Tove Janssons Mumintroll<\/strong> \u00e4r en samlarguide som presenterar skatterna fr\u00e5n Mumindalen, redigerad av Anders Land\u00e9n. Den tjocka boken \u00e4r fylld med b\u00e5de ber\u00e4ttelser om Mumintrollens historia och information om olika produkter fr\u00e5n 1950-talet och fram\u00e5t. Boken finns tillg\u00e4nglig b\u00e5de p\u00e5 engelska och svenska.<\/p>\n<p>Det tog \u00f6ver tv\u00e5 \u00e5r att skriva den \u00f6ver 500 sidor l\u00e5nga samlarguiden. Mellan p\u00e4rmarna finns nu den \u00f6verl\u00e4gset mest omfattande kunskapsbanken om muminprodukter fr\u00e5n 50-talet fram till idag. Anders Land\u00e9n tillbringade otaliga timmar i arkiv, fotograferade allt han hittade och letade efter rariteter p\u00e5 auktioner. I det enorma arbetet fick han hj\u00e4lp av bland annat Maria Andersin, arkivansvarig p\u00e5 Moomin Characters. Resultatet \u00e4r ett massivt verk med nio kapitel, 516 sidor och \u00f6ver 1200 bilder, som \u00e4r en verklig guldgruva f\u00f6r alla muminsamlarna.<\/p>\n<p>Produktinformation: Inbunden, 516 sidor, 1500 gram, ISBN 9789152795262<\/p>\n<p>Uppt\u00e4ck de muminskatter som finns i boken fr\u00e5n v\u00e4rldens mest omfattande urval av mumin-samlingsprodukter <a href=\"https:\/\/muumimukitrahaksi.fi\/sv\/butik\/\">h\u00e4r.<\/a><\/p>\n","protected":false},"excerpt":{"rendered":"<p style=\"text-align: center;\"><strong>H\u00f6gklassiga varor \u2022 Snabb leverans<\/strong><\/p>\n<p>Skatter fr\u00e5n Mumindalen &#8211; Samlarens Guide till Tove Janssons Mumintroll 2024. Boken \u00e4r skriven av Anders Land\u00e9n. Boken finns tillg\u00e4nglig b\u00e5de p\u00e5 engelska och svenska. <strong>V\u00e4lj spr\u00e5k i tabellen nedan.<\/strong> Boken \u00e4r ny. I priset ing\u00e5r finsk moms (13.5%). Momsen kommer att tas bort i kassan f\u00f6r kunder utanf\u00f6r EU. Boken packas med omsorg och f\u00f6rnybara material.<\/p>\n<p style=\"text-align: center;\"><strong>\u2022 S\u00e4kra betalningss\u00e4tt<\/strong><\/p>\n<p><img loading=\"lazy\" decoding=\"async\" class=\"aligncenter wp-image-20415 size-full\" src=\"https:\/\/muumimukitrahaksi.fi\/wp-content\/uploads\/2020\/06\/maksutavat-2026-pieni-eng.png\" alt=\"Payment options\" width=\"350\" height=\"200\" \/><\/p>\n","protected":false},"featured_media":124317,"template":"","meta":[],"product_brand":[],"product_cat":[548,556],"product_tag":[],"class_list":{"0":"post-110504","1":"product","2":"type-product","3":"status-publish","4":"has-post-thumbnail","6":"product_cat-ovriga-produkter","7":"product_cat-ovrigt","9":"first","10":"instock","11":"taxable","12":"shipping-taxable","13":"purchasable","14":"product-type-variable"},"yoast_head":"<!-- This site is optimized with the Yoast SEO plugin v27.1.1 - https:\/\/yoast.com\/product\/yoast-seo-wordpress\/ -->\n<title>Skatter fr\u00e5n Mumindalen - Samlarens Guide till Tove Janssons Mumintroll (2024) *NY* - Muumimukit Rahaksi<\/title>\n<meta name=\"description\" content=\"Skatter fr\u00e5n Mumindalen - Samlarens Guide till Tove Janssons Mumintroll 2024. Boken \u00e4r skriven av Anders Land\u00e9n.\" \/>\n<meta name=\"robots\" content=\"index, follow, max-snippet:-1, max-image-preview:large, max-video-preview:-1\" \/>\n<link rel=\"canonical\" href=\"https:\/\/muumimukitrahaksi.fi\/sv\/produkt\/skatter-fran-mumindalen-samlarens-guide-till-tove-janssons-mumintroll-2024-ny\/\" \/>\n<meta property=\"og:locale\" content=\"sv_SE\" \/>\n<meta property=\"og:type\" content=\"article\" \/>\n<meta property=\"og:title\" content=\"Skatter fr\u00e5n Mumindalen - Samlarens Guide till Tove Janssons Mumintroll (2024) *NY* - Muumimukit Rahaksi\" \/>\n<meta property=\"og:description\" content=\"Skatter fr\u00e5n Mumindalen - Samlarens Guide till Tove Janssons Mumintroll 2024. Boken \u00e4r skriven av Anders Land\u00e9n.\" \/>\n<meta property=\"og:url\" content=\"https:\/\/muumimukitrahaksi.fi\/sv\/produkt\/skatter-fran-mumindalen-samlarens-guide-till-tove-janssons-mumintroll-2024-ny\/\" \/>\n<meta property=\"og:site_name\" content=\"Muumimukit Rahaksi\" \/>\n<meta property=\"article:publisher\" content=\"https:\/\/www.facebook.com\/muumimukitrahaksi\/\" \/>\n<meta property=\"article:modified_time\" content=\"2026-01-06T18:23:22+00:00\" \/>\n<meta property=\"og:image\" content=\"https:\/\/muumimukitrahaksi.fi\/wp-content\/uploads\/2025\/01\/DSC05575.jpg\" \/>\n\t<meta property=\"og:image:width\" content=\"1000\" \/>\n\t<meta property=\"og:image:height\" content=\"1000\" \/>\n\t<meta property=\"og:image:type\" content=\"image\/jpeg\" \/>\n<meta name=\"twitter:card\" content=\"summary_large_image\" \/>\n<meta name=\"twitter:site\" content=\"@MuumitRahaksi\" \/>\n<meta name=\"twitter:label1\" content=\"Ber\u00e4knad l\u00e4stid\" \/>\n\t<meta name=\"twitter:data1\" content=\"1 minut\" \/>\n<script type=\"application\/ld+json\" class=\"yoast-schema-graph\">{\"@context\":\"https:\/\/schema.org\",\"@graph\":[{\"@type\":\"WebPage\",\"@id\":\"https:\/\/muumimukitrahaksi.fi\/sv\/produkt\/skatter-fran-mumindalen-samlarens-guide-till-tove-janssons-mumintroll-2024-ny\/\",\"url\":\"https:\/\/muumimukitrahaksi.fi\/sv\/produkt\/skatter-fran-mumindalen-samlarens-guide-till-tove-janssons-mumintroll-2024-ny\/\",\"name\":\"Skatter fr\u00e5n Mumindalen - Samlarens Guide till Tove Janssons Mumintroll (2024) *NY* - Muumimukit Rahaksi\",\"isPartOf\":{\"@id\":\"https:\/\/muumimukitrahaksi.fi\/#website\"},\"primaryImageOfPage\":{\"@id\":\"https:\/\/muumimukitrahaksi.fi\/sv\/produkt\/skatter-fran-mumindalen-samlarens-guide-till-tove-janssons-mumintroll-2024-ny\/#primaryimage\"},\"image\":{\"@id\":\"https:\/\/muumimukitrahaksi.fi\/sv\/produkt\/skatter-fran-mumindalen-samlarens-guide-till-tove-janssons-mumintroll-2024-ny\/#primaryimage\"},\"thumbnailUrl\":\"https:\/\/muumimukitrahaksi.fi\/wp-content\/uploads\/2025\/01\/DSC05575.jpg\",\"datePublished\":\"2024-05-24T14:37:43+00:00\",\"dateModified\":\"2026-01-06T18:23:22+00:00\",\"description\":\"Skatter fr\u00e5n Mumindalen - Samlarens Guide till Tove Janssons Mumintroll 2024. Boken \u00e4r skriven av Anders Land\u00e9n.\",\"breadcrumb\":{\"@id\":\"https:\/\/muumimukitrahaksi.fi\/sv\/produkt\/skatter-fran-mumindalen-samlarens-guide-till-tove-janssons-mumintroll-2024-ny\/#breadcrumb\"},\"inLanguage\":\"sv-SE\",\"potentialAction\":[{\"@type\":\"ReadAction\",\"target\":[\"https:\/\/muumimukitrahaksi.fi\/sv\/produkt\/skatter-fran-mumindalen-samlarens-guide-till-tove-janssons-mumintroll-2024-ny\/\"]}]},{\"@type\":\"ImageObject\",\"inLanguage\":\"sv-SE\",\"@id\":\"https:\/\/muumimukitrahaksi.fi\/sv\/produkt\/skatter-fran-mumindalen-samlarens-guide-till-tove-janssons-mumintroll-2024-ny\/#primaryimage\",\"url\":\"https:\/\/muumimukitrahaksi.fi\/wp-content\/uploads\/2025\/01\/DSC05575.jpg\",\"contentUrl\":\"https:\/\/muumimukitrahaksi.fi\/wp-content\/uploads\/2025\/01\/DSC05575.jpg\",\"width\":1000,\"height\":1000,\"caption\":\"Skatter fr\u00e5n Mumindalen - Samlarens Guide till Tove Janssons Mumintroll\"},{\"@type\":\"BreadcrumbList\",\"@id\":\"https:\/\/muumimukitrahaksi.fi\/sv\/produkt\/skatter-fran-mumindalen-samlarens-guide-till-tove-janssons-mumintroll-2024-ny\/#breadcrumb\",\"itemListElement\":[{\"@type\":\"ListItem\",\"position\":1,\"name\":\"Etusivu\",\"item\":\"https:\/\/muumimukitrahaksi.fi\/sv\/\"},{\"@type\":\"ListItem\",\"position\":2,\"name\":\"Butik\",\"item\":\"https:\/\/muumimukitrahaksi.fi\/sv\/butik\/\"},{\"@type\":\"ListItem\",\"position\":3,\"name\":\"Skatter fr\u00e5n Mumindalen &#8211; Samlarens Guide till Tove Janssons Mumintroll (2024) *NY*\"}]},{\"@type\":\"WebSite\",\"@id\":\"https:\/\/muumimukitrahaksi.fi\/#website\",\"url\":\"https:\/\/muumimukitrahaksi.fi\/\",\"name\":\"Muumimukit Rahaksi\",\"description\":\"Muumimukeja, -kulhoja ja -lautasia ker\u00e4ilij\u00f6ille!\",\"publisher\":{\"@id\":\"https:\/\/muumimukitrahaksi.fi\/#organization\"},\"potentialAction\":[{\"@type\":\"SearchAction\",\"target\":{\"@type\":\"EntryPoint\",\"urlTemplate\":\"https:\/\/muumimukitrahaksi.fi\/?s={search_term_string}\"},\"query-input\":{\"@type\":\"PropertyValueSpecification\",\"valueRequired\":true,\"valueName\":\"search_term_string\"}}],\"inLanguage\":\"sv-SE\"},{\"@type\":\"Organization\",\"@id\":\"https:\/\/muumimukitrahaksi.fi\/#organization\",\"name\":\"Muumimukit Rahaksi\",\"url\":\"https:\/\/muumimukitrahaksi.fi\/\",\"logo\":{\"@type\":\"ImageObject\",\"inLanguage\":\"sv-SE\",\"@id\":\"https:\/\/muumimukitrahaksi.fi\/#\/schema\/logo\/image\/\",\"url\":\"https:\/\/muumimukitrahaksi.fi\/wp-content\/uploads\/2017\/09\/logooo.jpg\",\"contentUrl\":\"https:\/\/muumimukitrahaksi.fi\/wp-content\/uploads\/2017\/09\/logooo.jpg\",\"width\":514,\"height\":514,\"caption\":\"Muumimukit Rahaksi\"},\"image\":{\"@id\":\"https:\/\/muumimukitrahaksi.fi\/#\/schema\/logo\/image\/\"},\"sameAs\":[\"https:\/\/www.facebook.com\/muumimukitrahaksi\/\",\"https:\/\/x.com\/MuumitRahaksi\",\"https:\/\/www.instagram.com\/muumimukitrahaksi\/\"]}]}<\/script>\n<!-- \/ Yoast SEO plugin. -->","yoast_head_json":{"title":"Skatter fr\u00e5n Mumindalen - Samlarens Guide till Tove Janssons Mumintroll (2024) *NY* - Muumimukit Rahaksi","description":"Skatter fr\u00e5n Mumindalen - Samlarens Guide till Tove Janssons Mumintroll 2024. Boken \u00e4r skriven av Anders Land\u00e9n.","robots":{"index":"index","follow":"follow","max-snippet":"max-snippet:-1","max-image-preview":"max-image-preview:large","max-video-preview":"max-video-preview:-1"},"canonical":"https:\/\/muumimukitrahaksi.fi\/sv\/produkt\/skatter-fran-mumindalen-samlarens-guide-till-tove-janssons-mumintroll-2024-ny\/","og_locale":"sv_SE","og_type":"article","og_title":"Skatter fr\u00e5n Mumindalen - Samlarens Guide till Tove Janssons Mumintroll (2024) *NY* - Muumimukit Rahaksi","og_description":"Skatter fr\u00e5n Mumindalen - Samlarens Guide till Tove Janssons Mumintroll 2024. Boken \u00e4r skriven av Anders Land\u00e9n.","og_url":"https:\/\/muumimukitrahaksi.fi\/sv\/produkt\/skatter-fran-mumindalen-samlarens-guide-till-tove-janssons-mumintroll-2024-ny\/","og_site_name":"Muumimukit Rahaksi","article_publisher":"https:\/\/www.facebook.com\/muumimukitrahaksi\/","article_modified_time":"2026-01-06T18:23:22+00:00","og_image":[{"width":1000,"height":1000,"url":"https:\/\/muumimukitrahaksi.fi\/wp-content\/uploads\/2025\/01\/DSC05575.jpg","type":"image\/jpeg"}],"twitter_card":"summary_large_image","twitter_site":"@MuumitRahaksi","twitter_misc":{"Ber\u00e4knad l\u00e4stid":"1 minut"},"schema":{"@context":"https:\/\/schema.org","@graph":[{"@type":"WebPage","@id":"https:\/\/muumimukitrahaksi.fi\/sv\/produkt\/skatter-fran-mumindalen-samlarens-guide-till-tove-janssons-mumintroll-2024-ny\/","url":"https:\/\/muumimukitrahaksi.fi\/sv\/produkt\/skatter-fran-mumindalen-samlarens-guide-till-tove-janssons-mumintroll-2024-ny\/","name":"Skatter fr\u00e5n Mumindalen - Samlarens Guide till Tove Janssons Mumintroll (2024) *NY* - Muumimukit Rahaksi","isPartOf":{"@id":"https:\/\/muumimukitrahaksi.fi\/#website"},"primaryImageOfPage":{"@id":"https:\/\/muumimukitrahaksi.fi\/sv\/produkt\/skatter-fran-mumindalen-samlarens-guide-till-tove-janssons-mumintroll-2024-ny\/#primaryimage"},"image":{"@id":"https:\/\/muumimukitrahaksi.fi\/sv\/produkt\/skatter-fran-mumindalen-samlarens-guide-till-tove-janssons-mumintroll-2024-ny\/#primaryimage"},"thumbnailUrl":"https:\/\/muumimukitrahaksi.fi\/wp-content\/uploads\/2025\/01\/DSC05575.jpg","datePublished":"2024-05-24T14:37:43+00:00","dateModified":"2026-01-06T18:23:22+00:00","description":"Skatter fr\u00e5n Mumindalen - Samlarens Guide till Tove Janssons Mumintroll 2024. Boken \u00e4r skriven av Anders Land\u00e9n.","breadcrumb":{"@id":"https:\/\/muumimukitrahaksi.fi\/sv\/produkt\/skatter-fran-mumindalen-samlarens-guide-till-tove-janssons-mumintroll-2024-ny\/#breadcrumb"},"inLanguage":"sv-SE","potentialAction":[{"@type":"ReadAction","target":["https:\/\/muumimukitrahaksi.fi\/sv\/produkt\/skatter-fran-mumindalen-samlarens-guide-till-tove-janssons-mumintroll-2024-ny\/"]}]},{"@type":"ImageObject","inLanguage":"sv-SE","@id":"https:\/\/muumimukitrahaksi.fi\/sv\/produkt\/skatter-fran-mumindalen-samlarens-guide-till-tove-janssons-mumintroll-2024-ny\/#primaryimage","url":"https:\/\/muumimukitrahaksi.fi\/wp-content\/uploads\/2025\/01\/DSC05575.jpg","contentUrl":"https:\/\/muumimukitrahaksi.fi\/wp-content\/uploads\/2025\/01\/DSC05575.jpg","width":1000,"height":1000,"caption":"Skatter fr\u00e5n Mumindalen - Samlarens Guide till Tove Janssons Mumintroll"},{"@type":"BreadcrumbList","@id":"https:\/\/muumimukitrahaksi.fi\/sv\/produkt\/skatter-fran-mumindalen-samlarens-guide-till-tove-janssons-mumintroll-2024-ny\/#breadcrumb","itemListElement":[{"@type":"ListItem","position":1,"name":"Etusivu","item":"https:\/\/muumimukitrahaksi.fi\/sv\/"},{"@type":"ListItem","position":2,"name":"Butik","item":"https:\/\/muumimukitrahaksi.fi\/sv\/butik\/"},{"@type":"ListItem","position":3,"name":"Skatter fr\u00e5n Mumindalen &#8211; Samlarens Guide till Tove Janssons Mumintroll (2024) *NY*"}]},{"@type":"WebSite","@id":"https:\/\/muumimukitrahaksi.fi\/#website","url":"https:\/\/muumimukitrahaksi.fi\/","name":"Muumimukit Rahaksi","description":"Muumimukeja, -kulhoja ja -lautasia ker\u00e4ilij\u00f6ille!","publisher":{"@id":"https:\/\/muumimukitrahaksi.fi\/#organization"},"potentialAction":[{"@type":"SearchAction","target":{"@type":"EntryPoint","urlTemplate":"https:\/\/muumimukitrahaksi.fi\/?s={search_term_string}"},"query-input":{"@type":"PropertyValueSpecification","valueRequired":true,"valueName":"search_term_string"}}],"inLanguage":"sv-SE"},{"@type":"Organization","@id":"https:\/\/muumimukitrahaksi.fi\/#organization","name":"Muumimukit Rahaksi","url":"https:\/\/muumimukitrahaksi.fi\/","logo":{"@type":"ImageObject","inLanguage":"sv-SE","@id":"https:\/\/muumimukitrahaksi.fi\/#\/schema\/logo\/image\/","url":"https:\/\/muumimukitrahaksi.fi\/wp-content\/uploads\/2017\/09\/logooo.jpg","contentUrl":"https:\/\/muumimukitrahaksi.fi\/wp-content\/uploads\/2017\/09\/logooo.jpg","width":514,"height":514,"caption":"Muumimukit Rahaksi"},"image":{"@id":"https:\/\/muumimukitrahaksi.fi\/#\/schema\/logo\/image\/"},"sameAs":["https:\/\/www.facebook.com\/muumimukitrahaksi\/","https:\/\/x.com\/MuumitRahaksi","https:\/\/www.instagram.com\/muumimukitrahaksi\/"]}]}},"_links":{"self":[{"href":"https:\/\/muumimukitrahaksi.fi\/sv\/wp-json\/wp\/v2\/product\/110504","targetHints":{"allow":["GET"]}}],"collection":[{"href":"https:\/\/muumimukitrahaksi.fi\/sv\/wp-json\/wp\/v2\/product"}],"about":[{"href":"https:\/\/muumimukitrahaksi.fi\/sv\/wp-json\/wp\/v2\/types\/product"}],"wp:featuredmedia":[{"embeddable":true,"href":"https:\/\/muumimukitrahaksi.fi\/sv\/wp-json\/wp\/v2\/media\/124317"}],"wp:attachment":[{"href":"https:\/\/muumimukitrahaksi.fi\/sv\/wp-json\/wp\/v2\/media?parent=110504"}],"wp:term":[{"taxonomy":"product_brand","embeddable":true,"href":"https:\/\/muumimukitrahaksi.fi\/sv\/wp-json\/wp\/v2\/product_brand?post=110504"},{"taxonomy":"product_cat","embeddable":true,"href":"https:\/\/muumimukitrahaksi.fi\/sv\/wp-json\/wp\/v2\/product_cat?post=110504"},{"taxonomy":"product_tag","embeddable":true,"href":"https:\/\/muumimukitrahaksi.fi\/sv\/wp-json\/wp\/v2\/product_tag?post=110504"}],"curies":[{"name":"wp","href":"https:\/\/api.w.org\/{rel}","templated":true}]}}