{"id":117528,"date":"2024-10-09T15:00:27","date_gmt":"2024-10-09T12:00:27","guid":{"rendered":"https:\/\/muumimukitrahaksi.fi\/tuote\/arabia-mumin-produktguide-och-prislista-for-vardering-2024-ny\/"},"modified":"2026-01-01T13:20:52","modified_gmt":"2026-01-01T11:20:52","slug":"arabia-mumin-produktguide-och-prislista-for-vardering-2024-ny","status":"publish","type":"product","link":"https:\/\/muumimukitrahaksi.fi\/sv\/produkt\/arabia-mumin-produktguide-och-prislista-for-vardering-2024-ny\/","title":{"rendered":"Arabia Mumin &#8211; Produktguide och prislista f\u00f6r v\u00e4rdering (2024) *NY*"},"content":{"rendered":"<p style=\"text-align: center;\"><strong>\u2022 Officiell Moomin Characters\u00a0 licensinnehavare \u2022 Delbetalning\/faktura \u2022 Kvalitetsgranskade produkter<\/strong><\/p>\n<p><strong>Arabia Mumin &#8211; Produktguide och prislista f\u00f6r v\u00e4rdering 2024<\/strong> \u00e4r en forts\u00e4ttning p\u00e5 samlaren Miikka Jaala&#8217;s <a href=\"https:\/\/muumimukitrahaksi.fi\/sv\/produkt\/arabia-mumin-produktguide-och-prislista-for-vardering-2020-ny\/\">f\u00f6rsta guide f\u00f6r muminsamlare, som publicerades 2020<\/a>. Antalet muminprodukter har h\u00e5llits h\u00f6gt under de senaste fyra \u00e5ren, vilket nu g\u00f6r det l\u00e4mpligt med en ny produktguide och prislista. \u00c5r 2023 togs \u00e4ven ett nytt steg n\u00e4r produktlinjen Moomin by Arabia ut\u00f6kades med ett urval av hush\u00e5llsartiklar. Den nya katalogen Arabia Mumin \u2013 produktguide och prislista 2024 listar inte bara alla olika muminporslin fr\u00e5n Arabia utan \u00e4ven dessa nya produkter.<\/p>\n<p>Produktguiden inneh\u00e5ller detaljerade bilder av Arabias alla muminprodukter. Bilderna \u00e4r tagna av professionella fotografer. Guiden inneh\u00e5ller produkter fr\u00e5n 1950-talet till de allra senaste muminmuggarna. F\u00f6rutom muminmuggar inneh\u00e5ller guiden \u00e4ven figurer och barnserviser. Guiden inneh\u00e5ller \u00e4ven de senaste Mumin nyheterna fr\u00e5n \u00e5r 2024.<\/p>\n<p>F\u00f6rutom att vara en produktguide fungerar boken \u00e4ven som en prislista. F\u00f6r varje produkt ges grundl\u00e4ggande information, s\u00e5som produktions\u00e5r och bottenst\u00e4mplar samt ungef\u00e4rliga pris. Prisuppgifterna baseras p\u00e5 verkliga f\u00f6rs\u00e4ljningar, s\u00e5 som till exempel auktioner och muumimukitrahaksi.fi -webbsidan.<\/p>\n<p>I slutet av boken finns en komplett f\u00f6rteckning \u00f6ver alla produkter, d\u00e4r du \u00e4ven kan g\u00f6ra dina egna anteckningar.<\/p>\n<p>Totalt omfattar guiden 132 sidor. <strong>Alla uppgifter \u00e4r tillg\u00e4ngliga p\u00e5 tre spr\u00e5k: finska, svenska och engelska.<\/strong> Guiden \u00e4r producerad i Finland.<\/p>\n<p>Produktinformation: Inbunden, mjukp\u00e4rm, 132 sidor, 283 gram, ISBN 978-952-69414-1-7.<\/p>\n","protected":false},"excerpt":{"rendered":"<p style=\"text-align: center;\"><strong>H\u00f6gklassiga varor \u2022 Snabb leverans<\/strong><\/p>\n<p>Arabia Mumin Produktguide och prislista f\u00f6r v\u00e4rdering 2024. Boken \u00e4r ny. I priset ing\u00e5r finsk moms (13.5%).\u00a0 Momsen tas bort i kassan f\u00f6r kunder utanf\u00f6r EU. Boken packas med omsorg och f\u00f6rnybara material.<\/p>\n<p style=\"text-align: center;\"><strong>\u2022 S\u00e4kra betalningss\u00e4tt<\/strong><\/p>\n<p><img loading=\"lazy\" decoding=\"async\" class=\"aligncenter wp-image-20415 size-full\" src=\"https:\/\/muumimukitrahaksi.fi\/wp-content\/uploads\/2020\/06\/maksutavat-2026-pieni-eng.png\" alt=\"Payment options\" width=\"350\" height=\"200\" \/><\/p>\n","protected":false},"featured_media":117473,"template":"","meta":[],"product_brand":[],"product_cat":[548,556,533],"product_tag":[],"class_list":{"0":"post-117528","1":"product","2":"type-product","3":"status-publish","4":"has-post-thumbnail","6":"product_cat-ovriga-produkter","7":"product_cat-ovrigt","8":"product_cat-rea","10":"first","11":"instock","12":"sale","13":"taxable","14":"shipping-taxable","15":"purchasable","16":"product-type-simple"},"yoast_head":"<!-- This site is optimized with the Yoast SEO plugin v27.1.1 - https:\/\/yoast.com\/product\/yoast-seo-wordpress\/ -->\n<title>Arabia Mumin - Produktguide och prislista f\u00f6r v\u00e4rdering (2024) *NY* - Muumimukit Rahaksi<\/title>\n<meta name=\"description\" content=\"Arabias nya Mumin Produktguide och prislista f\u00f6r v\u00e4rdering 2024 finns nu att best\u00e4lla! Boken kan best\u00e4llas endast fr\u00e5n Muumimukit Rahaksi-webbutiken.\" \/>\n<meta name=\"robots\" content=\"index, follow, max-snippet:-1, max-image-preview:large, max-video-preview:-1\" \/>\n<link rel=\"canonical\" href=\"https:\/\/muumimukitrahaksi.fi\/sv\/produkt\/arabia-mumin-produktguide-och-prislista-for-vardering-2024-ny\/\" \/>\n<meta property=\"og:locale\" content=\"sv_SE\" \/>\n<meta property=\"og:type\" content=\"article\" \/>\n<meta property=\"og:title\" content=\"Arabia Mumin - Produktguide och prislista f\u00f6r v\u00e4rdering (2024) *NY* - Muumimukit Rahaksi\" \/>\n<meta property=\"og:description\" content=\"Arabias nya Mumin Produktguide och prislista f\u00f6r v\u00e4rdering 2024 finns nu att best\u00e4lla! Boken kan best\u00e4llas endast fr\u00e5n Muumimukit Rahaksi-webbutiken.\" \/>\n<meta property=\"og:url\" content=\"https:\/\/muumimukitrahaksi.fi\/sv\/produkt\/arabia-mumin-produktguide-och-prislista-for-vardering-2024-ny\/\" \/>\n<meta property=\"og:site_name\" content=\"Muumimukit Rahaksi\" \/>\n<meta property=\"article:publisher\" content=\"https:\/\/www.facebook.com\/muumimukitrahaksi\/\" \/>\n<meta property=\"article:modified_time\" content=\"2026-01-01T11:20:52+00:00\" \/>\n<meta property=\"og:image\" content=\"https:\/\/muumimukitrahaksi.fi\/wp-content\/uploads\/2024\/10\/kirjatuote_kansi_1.jpg\" \/>\n\t<meta property=\"og:image:width\" content=\"1000\" \/>\n\t<meta property=\"og:image:height\" content=\"1000\" \/>\n\t<meta property=\"og:image:type\" content=\"image\/jpeg\" \/>\n<meta name=\"twitter:card\" content=\"summary_large_image\" \/>\n<meta name=\"twitter:site\" content=\"@MuumitRahaksi\" \/>\n<meta name=\"twitter:label1\" content=\"Ber\u00e4knad l\u00e4stid\" \/>\n\t<meta name=\"twitter:data1\" content=\"1 minut\" \/>\n<script type=\"application\/ld+json\" class=\"yoast-schema-graph\">{\"@context\":\"https:\/\/schema.org\",\"@graph\":[{\"@type\":\"WebPage\",\"@id\":\"https:\/\/muumimukitrahaksi.fi\/sv\/produkt\/arabia-mumin-produktguide-och-prislista-for-vardering-2024-ny\/\",\"url\":\"https:\/\/muumimukitrahaksi.fi\/sv\/produkt\/arabia-mumin-produktguide-och-prislista-for-vardering-2024-ny\/\",\"name\":\"Arabia Mumin - Produktguide och prislista f\u00f6r v\u00e4rdering (2024) *NY* - Muumimukit Rahaksi\",\"isPartOf\":{\"@id\":\"https:\/\/muumimukitrahaksi.fi\/#website\"},\"primaryImageOfPage\":{\"@id\":\"https:\/\/muumimukitrahaksi.fi\/sv\/produkt\/arabia-mumin-produktguide-och-prislista-for-vardering-2024-ny\/#primaryimage\"},\"image\":{\"@id\":\"https:\/\/muumimukitrahaksi.fi\/sv\/produkt\/arabia-mumin-produktguide-och-prislista-for-vardering-2024-ny\/#primaryimage\"},\"thumbnailUrl\":\"https:\/\/muumimukitrahaksi.fi\/wp-content\/uploads\/2024\/10\/kirjatuote_kansi_1.jpg\",\"datePublished\":\"2024-10-09T12:00:27+00:00\",\"dateModified\":\"2026-01-01T11:20:52+00:00\",\"description\":\"Arabias nya Mumin Produktguide och prislista f\u00f6r v\u00e4rdering 2024 finns nu att best\u00e4lla! Boken kan best\u00e4llas endast fr\u00e5n Muumimukit Rahaksi-webbutiken.\",\"breadcrumb\":{\"@id\":\"https:\/\/muumimukitrahaksi.fi\/sv\/produkt\/arabia-mumin-produktguide-och-prislista-for-vardering-2024-ny\/#breadcrumb\"},\"inLanguage\":\"sv-SE\",\"potentialAction\":[{\"@type\":\"ReadAction\",\"target\":[\"https:\/\/muumimukitrahaksi.fi\/sv\/produkt\/arabia-mumin-produktguide-och-prislista-for-vardering-2024-ny\/\"]}]},{\"@type\":\"ImageObject\",\"inLanguage\":\"sv-SE\",\"@id\":\"https:\/\/muumimukitrahaksi.fi\/sv\/produkt\/arabia-mumin-produktguide-och-prislista-for-vardering-2024-ny\/#primaryimage\",\"url\":\"https:\/\/muumimukitrahaksi.fi\/wp-content\/uploads\/2024\/10\/kirjatuote_kansi_1.jpg\",\"contentUrl\":\"https:\/\/muumimukitrahaksi.fi\/wp-content\/uploads\/2024\/10\/kirjatuote_kansi_1.jpg\",\"width\":1000,\"height\":1000,\"caption\":\"Arabia Mumin - Produktguide och prislista f\u00f6r v\u00e4rdering 2024\"},{\"@type\":\"BreadcrumbList\",\"@id\":\"https:\/\/muumimukitrahaksi.fi\/sv\/produkt\/arabia-mumin-produktguide-och-prislista-for-vardering-2024-ny\/#breadcrumb\",\"itemListElement\":[{\"@type\":\"ListItem\",\"position\":1,\"name\":\"Etusivu\",\"item\":\"https:\/\/muumimukitrahaksi.fi\/sv\/\"},{\"@type\":\"ListItem\",\"position\":2,\"name\":\"Butik\",\"item\":\"https:\/\/muumimukitrahaksi.fi\/sv\/butik\/\"},{\"@type\":\"ListItem\",\"position\":3,\"name\":\"Arabia Mumin &#8211; Produktguide och prislista f\u00f6r v\u00e4rdering (2024) *NY*\"}]},{\"@type\":\"WebSite\",\"@id\":\"https:\/\/muumimukitrahaksi.fi\/#website\",\"url\":\"https:\/\/muumimukitrahaksi.fi\/\",\"name\":\"Muumimukit Rahaksi\",\"description\":\"Muumimukeja, -kulhoja ja -lautasia ker\u00e4ilij\u00f6ille!\",\"publisher\":{\"@id\":\"https:\/\/muumimukitrahaksi.fi\/#organization\"},\"potentialAction\":[{\"@type\":\"SearchAction\",\"target\":{\"@type\":\"EntryPoint\",\"urlTemplate\":\"https:\/\/muumimukitrahaksi.fi\/?s={search_term_string}\"},\"query-input\":{\"@type\":\"PropertyValueSpecification\",\"valueRequired\":true,\"valueName\":\"search_term_string\"}}],\"inLanguage\":\"sv-SE\"},{\"@type\":\"Organization\",\"@id\":\"https:\/\/muumimukitrahaksi.fi\/#organization\",\"name\":\"Muumimukit Rahaksi\",\"url\":\"https:\/\/muumimukitrahaksi.fi\/\",\"logo\":{\"@type\":\"ImageObject\",\"inLanguage\":\"sv-SE\",\"@id\":\"https:\/\/muumimukitrahaksi.fi\/#\/schema\/logo\/image\/\",\"url\":\"https:\/\/muumimukitrahaksi.fi\/wp-content\/uploads\/2017\/09\/logooo.jpg\",\"contentUrl\":\"https:\/\/muumimukitrahaksi.fi\/wp-content\/uploads\/2017\/09\/logooo.jpg\",\"width\":514,\"height\":514,\"caption\":\"Muumimukit Rahaksi\"},\"image\":{\"@id\":\"https:\/\/muumimukitrahaksi.fi\/#\/schema\/logo\/image\/\"},\"sameAs\":[\"https:\/\/www.facebook.com\/muumimukitrahaksi\/\",\"https:\/\/x.com\/MuumitRahaksi\",\"https:\/\/www.instagram.com\/muumimukitrahaksi\/\"]}]}<\/script>\n<!-- \/ Yoast SEO plugin. -->","yoast_head_json":{"title":"Arabia Mumin - Produktguide och prislista f\u00f6r v\u00e4rdering (2024) *NY* - Muumimukit Rahaksi","description":"Arabias nya Mumin Produktguide och prislista f\u00f6r v\u00e4rdering 2024 finns nu att best\u00e4lla! Boken kan best\u00e4llas endast fr\u00e5n Muumimukit Rahaksi-webbutiken.","robots":{"index":"index","follow":"follow","max-snippet":"max-snippet:-1","max-image-preview":"max-image-preview:large","max-video-preview":"max-video-preview:-1"},"canonical":"https:\/\/muumimukitrahaksi.fi\/sv\/produkt\/arabia-mumin-produktguide-och-prislista-for-vardering-2024-ny\/","og_locale":"sv_SE","og_type":"article","og_title":"Arabia Mumin - Produktguide och prislista f\u00f6r v\u00e4rdering (2024) *NY* - Muumimukit Rahaksi","og_description":"Arabias nya Mumin Produktguide och prislista f\u00f6r v\u00e4rdering 2024 finns nu att best\u00e4lla! Boken kan best\u00e4llas endast fr\u00e5n Muumimukit Rahaksi-webbutiken.","og_url":"https:\/\/muumimukitrahaksi.fi\/sv\/produkt\/arabia-mumin-produktguide-och-prislista-for-vardering-2024-ny\/","og_site_name":"Muumimukit Rahaksi","article_publisher":"https:\/\/www.facebook.com\/muumimukitrahaksi\/","article_modified_time":"2026-01-01T11:20:52+00:00","og_image":[{"width":1000,"height":1000,"url":"https:\/\/muumimukitrahaksi.fi\/wp-content\/uploads\/2024\/10\/kirjatuote_kansi_1.jpg","type":"image\/jpeg"}],"twitter_card":"summary_large_image","twitter_site":"@MuumitRahaksi","twitter_misc":{"Ber\u00e4knad l\u00e4stid":"1 minut"},"schema":{"@context":"https:\/\/schema.org","@graph":[{"@type":"WebPage","@id":"https:\/\/muumimukitrahaksi.fi\/sv\/produkt\/arabia-mumin-produktguide-och-prislista-for-vardering-2024-ny\/","url":"https:\/\/muumimukitrahaksi.fi\/sv\/produkt\/arabia-mumin-produktguide-och-prislista-for-vardering-2024-ny\/","name":"Arabia Mumin - Produktguide och prislista f\u00f6r v\u00e4rdering (2024) *NY* - Muumimukit Rahaksi","isPartOf":{"@id":"https:\/\/muumimukitrahaksi.fi\/#website"},"primaryImageOfPage":{"@id":"https:\/\/muumimukitrahaksi.fi\/sv\/produkt\/arabia-mumin-produktguide-och-prislista-for-vardering-2024-ny\/#primaryimage"},"image":{"@id":"https:\/\/muumimukitrahaksi.fi\/sv\/produkt\/arabia-mumin-produktguide-och-prislista-for-vardering-2024-ny\/#primaryimage"},"thumbnailUrl":"https:\/\/muumimukitrahaksi.fi\/wp-content\/uploads\/2024\/10\/kirjatuote_kansi_1.jpg","datePublished":"2024-10-09T12:00:27+00:00","dateModified":"2026-01-01T11:20:52+00:00","description":"Arabias nya Mumin Produktguide och prislista f\u00f6r v\u00e4rdering 2024 finns nu att best\u00e4lla! Boken kan best\u00e4llas endast fr\u00e5n Muumimukit Rahaksi-webbutiken.","breadcrumb":{"@id":"https:\/\/muumimukitrahaksi.fi\/sv\/produkt\/arabia-mumin-produktguide-och-prislista-for-vardering-2024-ny\/#breadcrumb"},"inLanguage":"sv-SE","potentialAction":[{"@type":"ReadAction","target":["https:\/\/muumimukitrahaksi.fi\/sv\/produkt\/arabia-mumin-produktguide-och-prislista-for-vardering-2024-ny\/"]}]},{"@type":"ImageObject","inLanguage":"sv-SE","@id":"https:\/\/muumimukitrahaksi.fi\/sv\/produkt\/arabia-mumin-produktguide-och-prislista-for-vardering-2024-ny\/#primaryimage","url":"https:\/\/muumimukitrahaksi.fi\/wp-content\/uploads\/2024\/10\/kirjatuote_kansi_1.jpg","contentUrl":"https:\/\/muumimukitrahaksi.fi\/wp-content\/uploads\/2024\/10\/kirjatuote_kansi_1.jpg","width":1000,"height":1000,"caption":"Arabia Mumin - Produktguide och prislista f\u00f6r v\u00e4rdering 2024"},{"@type":"BreadcrumbList","@id":"https:\/\/muumimukitrahaksi.fi\/sv\/produkt\/arabia-mumin-produktguide-och-prislista-for-vardering-2024-ny\/#breadcrumb","itemListElement":[{"@type":"ListItem","position":1,"name":"Etusivu","item":"https:\/\/muumimukitrahaksi.fi\/sv\/"},{"@type":"ListItem","position":2,"name":"Butik","item":"https:\/\/muumimukitrahaksi.fi\/sv\/butik\/"},{"@type":"ListItem","position":3,"name":"Arabia Mumin &#8211; Produktguide och prislista f\u00f6r v\u00e4rdering (2024) *NY*"}]},{"@type":"WebSite","@id":"https:\/\/muumimukitrahaksi.fi\/#website","url":"https:\/\/muumimukitrahaksi.fi\/","name":"Muumimukit Rahaksi","description":"Muumimukeja, -kulhoja ja -lautasia ker\u00e4ilij\u00f6ille!","publisher":{"@id":"https:\/\/muumimukitrahaksi.fi\/#organization"},"potentialAction":[{"@type":"SearchAction","target":{"@type":"EntryPoint","urlTemplate":"https:\/\/muumimukitrahaksi.fi\/?s={search_term_string}"},"query-input":{"@type":"PropertyValueSpecification","valueRequired":true,"valueName":"search_term_string"}}],"inLanguage":"sv-SE"},{"@type":"Organization","@id":"https:\/\/muumimukitrahaksi.fi\/#organization","name":"Muumimukit Rahaksi","url":"https:\/\/muumimukitrahaksi.fi\/","logo":{"@type":"ImageObject","inLanguage":"sv-SE","@id":"https:\/\/muumimukitrahaksi.fi\/#\/schema\/logo\/image\/","url":"https:\/\/muumimukitrahaksi.fi\/wp-content\/uploads\/2017\/09\/logooo.jpg","contentUrl":"https:\/\/muumimukitrahaksi.fi\/wp-content\/uploads\/2017\/09\/logooo.jpg","width":514,"height":514,"caption":"Muumimukit Rahaksi"},"image":{"@id":"https:\/\/muumimukitrahaksi.fi\/#\/schema\/logo\/image\/"},"sameAs":["https:\/\/www.facebook.com\/muumimukitrahaksi\/","https:\/\/x.com\/MuumitRahaksi","https:\/\/www.instagram.com\/muumimukitrahaksi\/"]}]}},"_links":{"self":[{"href":"https:\/\/muumimukitrahaksi.fi\/sv\/wp-json\/wp\/v2\/product\/117528","targetHints":{"allow":["GET"]}}],"collection":[{"href":"https:\/\/muumimukitrahaksi.fi\/sv\/wp-json\/wp\/v2\/product"}],"about":[{"href":"https:\/\/muumimukitrahaksi.fi\/sv\/wp-json\/wp\/v2\/types\/product"}],"wp:featuredmedia":[{"embeddable":true,"href":"https:\/\/muumimukitrahaksi.fi\/sv\/wp-json\/wp\/v2\/media\/117473"}],"wp:attachment":[{"href":"https:\/\/muumimukitrahaksi.fi\/sv\/wp-json\/wp\/v2\/media?parent=117528"}],"wp:term":[{"taxonomy":"product_brand","embeddable":true,"href":"https:\/\/muumimukitrahaksi.fi\/sv\/wp-json\/wp\/v2\/product_brand?post=117528"},{"taxonomy":"product_cat","embeddable":true,"href":"https:\/\/muumimukitrahaksi.fi\/sv\/wp-json\/wp\/v2\/product_cat?post=117528"},{"taxonomy":"product_tag","embeddable":true,"href":"https:\/\/muumimukitrahaksi.fi\/sv\/wp-json\/wp\/v2\/product_tag?post=117528"}],"curies":[{"name":"wp","href":"https:\/\/api.w.org\/{rel}","templated":true}]}}