{"id":118422,"date":"2024-10-24T16:18:18","date_gmt":"2024-10-24T13:18:18","guid":{"rendered":"https:\/\/muumimukitrahaksi.fi\/tuote\/muminmugg-hem-2025-ny\/"},"modified":"2026-03-20T18:06:42","modified_gmt":"2026-03-20T16:06:42","slug":"muminmugg-hem-2025-ny","status":"publish","type":"product","link":"https:\/\/muumimukitrahaksi.fi\/sv\/produkt\/muminmugg-hem-2025-ny\/","title":{"rendered":"Muminmugg Hem (2025) *NY*"},"content":{"rendered":"<p style=\"text-align: center;\"><strong>\u2022 Officiell Moomin Characters\u00a0 licensinnehavare \u2022 Delbetalning\/faktura \u2022 Kvalitetsgranskade produkter<\/strong><\/p>\n<p><strong>Muminmuggen Hem<\/strong> \u00e4r en specialutg\u00e5va fr\u00e5n Moomin Arabia, framtagen f\u00f6r att fira Mumins 80-\u00e5rsjubileum. \u00c5r 2025 har det g\u00e5tt 80 \u00e5r sedan den f\u00f6rsta muminber\u00e4ttelsen, Sm\u00e5trollen och den stora \u00f6versv\u00e4mningen. \u00c5rsmuggen har flera unika detaljer, varav n\u00e5gra tidigare setts p\u00e5 <a href=\"https:\/\/muumimukitrahaksi.fi\/sv\/produkt\/muminmugg-havsbris-platina-2023-ny\/\">muggen Havsbris Platina<\/a> som sl\u00e4pptes 2023.<\/p>\n<p>Illustrationen p\u00e5 Hem-muggen, som visar Muminhuset i Mumindalen, \u00e4r inspirerad av ber\u00e4ttelsen Sm\u00e5trollen och den stora \u00f6versv\u00e4mningen. I ber\u00e4ttelsen har Muminpappan varit f\u00f6rsvunnen en l\u00e4ngre tid, och en stor \u00f6versv\u00e4mning har t\u00e4ckt dalen, vilket l\u00e4mnar m\u00e5nga av inv\u00e5narna utan hem och skydd. Bland dessa finns ocks\u00e5 Muminmamman och Mumintrollet. Trots pr\u00f6vningarna visar sig inv\u00e5narna hj\u00e4lpa varandra, vilket slutligen \u00e5terf\u00f6renar mumintrollen. Fr\u00e5n den vackra dalen som tr\u00e4tt fram efter \u00f6versv\u00e4mningen hittar de Muminhuset.<\/p>\n<p>I senare ber\u00e4ttelser av Tove Jansson har Muminhusets d\u00f6rrar f\u00f6rblivit \u00f6ppna f\u00f6r alla typer av bes\u00f6kare \u2013 fr\u00e5n familjemedlemmar till g\u00e4ster och skydds\u00f6kande. Under Muminmammans ledning har muminfamiljen alltid sett till att varje g\u00e4st som stiger in i huset k\u00e4nner sig v\u00e4lkommen precis som den \u00e4r. Muminhuset symboliserar d\u00e4rmed muminv\u00e4rldens livsstil d\u00e4r k\u00e4rlek, v\u00e4nskap och gemenskap spelar en avg\u00f6rande roll.<\/p>\n<p>Muminmuggen Hem \u00e4r en specialmugg f\u00f6r Mumins 80- \u00e5rs jubileum. Varje mugg \u00e4r handm\u00e5lad och d\u00e4rf\u00f6r helt unik. Denna handm\u00e5lade mugg \u00e4r endast producerad i 8000 exemplar. F\u00f6rutom en jubileumsst\u00e4mpel p\u00e5 undersidan finns \u00e4ven ett individuellt nummer mellan 1 och 8000 och konstn\u00e4rens initialer. Mugg nummer ett \u00e4r reserverad f\u00f6r <a href=\"https:\/\/www.iltalehti.fi\/sisustus\/a\/fdcc7b6a-b51f-4f31-8bf0-e8a9f0add20c\">mumins hemlands &#8221;f\u00f6rsta dam\u201d<\/a>, republikens presidents maka Suzanne Innes-Stubb, medan mugg nummer tv\u00e5 doneras till Tove Janssons brorsdotter, Sophia Jansson. Muggarna lottades i Moomin Arabias webbutik under mars 2025. Innan lotteriet kunde man titta p\u00e5 muggen i utvalda butiker, d\u00e4r ett f\u00e5tal vinnare fick m\u00f6jligheten att k\u00f6pa den redan i december.<\/p>\n<p>Kolla in andra specialmuggar <a href=\"https:\/\/muumimukitrahaksi.fi\/sv\/produkt-avdelning\/muggar\/specialmuggar\/\">h\u00e4r.<\/a><\/p>\n<p>Har du en Hem-muminmugg och vill s\u00e4lja den? Vi k\u00f6per ocks\u00e5 muminmuggar. Klicka <a href=\"https:\/\/muumimukitrahaksi.fi\/en\/sell-moomin\/\">h\u00e4r<\/a>, fyll i formul\u00e4ret och f\u00e5 en offert samma dag.<\/p>\n","protected":false},"excerpt":{"rendered":"<p style=\"text-align: center;\"><strong>\u2022 H\u00f6gklassiga varor \u2022 Snabb leverans<\/strong><\/p>\n<p>Moomin Arabias Mumin 80-\u00e5rs jubileumsmugg Hem, f\u00f6r \u00e5ret 2025. <strong>Denna handm\u00e5lade mugg \u00e4r endast producerad i 8000 exemplar. Varje mugg har ett personligt serienummer p\u00e5 botten av muggen. V\u00e4lj serienumret ur menyn nedanf\u00f6r.<\/strong> Muggen \u00e4r ny. Hem-muggarna har ingen etikett. Muggen kommer i sin ursprungliga presentf\u00f6rpackning. Muggarna packas med omsorg och f\u00f6rnybara material.<\/p>\n<p style=\"text-align: center;\"><strong>\u2022 S\u00e4kra betalningss\u00e4tt<\/strong><\/p>\n<p><img loading=\"lazy\" decoding=\"async\" class=\"aligncenter wp-image-20415 size-full\" src=\"https:\/\/muumimukitrahaksi.fi\/wp-content\/uploads\/2020\/06\/maksutavat-2026-pieni-eng.png\" alt=\"Payment options\" width=\"350\" height=\"200\" \/><\/p>\n","protected":false},"featured_media":128032,"template":"","meta":[],"product_brand":[],"product_cat":[537,544,547,534,533,538],"product_tag":[626,597,568],"class_list":{"0":"post-118422","1":"product","2":"type-product","3":"status-publish","4":"has-post-thumbnail","6":"product_cat-arabia-muggar","7":"product_cat-muggar-med-etikett","8":"product_cat-muggar-ur-produktion","9":"product_cat-muggar","10":"product_cat-rea","11":"product_cat-specialmuggar","12":"product_tag-med-etikett","13":"product_tag-muminmugg","14":"product_tag-specialmugg","16":"first","17":"instock","18":"sale","19":"featured","20":"taxable","21":"shipping-taxable","22":"purchasable","23":"product-type-variable"},"yoast_head":"<!-- This site is optimized with the Yoast SEO plugin v27.1.1 - https:\/\/yoast.com\/product\/yoast-seo-wordpress\/ -->\n<title>Muminmugg Hem (2025) *NY* - Muumimukit Rahaksi<\/title>\n<meta name=\"description\" content=\"Moomin Arabias Mumin 80-\u00e5rs jubileumsmugg Hem, f\u00f6r \u00e5ret 2025. Denna handm\u00e5lade mugg \u00e4r endast producerad i 8000 exemplar.\" \/>\n<meta name=\"robots\" content=\"index, follow, max-snippet:-1, max-image-preview:large, max-video-preview:-1\" \/>\n<link rel=\"canonical\" href=\"https:\/\/muumimukitrahaksi.fi\/sv\/produkt\/muminmugg-hem-2025-ny\/\" \/>\n<meta property=\"og:locale\" content=\"sv_SE\" \/>\n<meta property=\"og:type\" content=\"article\" \/>\n<meta property=\"og:title\" content=\"Muminmugg Hem (2025) *NY* - Muumimukit Rahaksi\" \/>\n<meta property=\"og:description\" content=\"Moomin Arabias Mumin 80-\u00e5rs jubileumsmugg Hem, f\u00f6r \u00e5ret 2025. Denna handm\u00e5lade mugg \u00e4r endast producerad i 8000 exemplar.\" \/>\n<meta property=\"og:url\" content=\"https:\/\/muumimukitrahaksi.fi\/sv\/produkt\/muminmugg-hem-2025-ny\/\" \/>\n<meta property=\"og:site_name\" content=\"Muumimukit Rahaksi\" \/>\n<meta property=\"article:publisher\" content=\"https:\/\/www.facebook.com\/muumimukitrahaksi\/\" \/>\n<meta property=\"article:modified_time\" content=\"2026-03-20T16:06:42+00:00\" \/>\n<meta property=\"og:image\" content=\"https:\/\/muumimukitrahaksi.fi\/wp-content\/uploads\/2025\/03\/DSC07687.jpg\" \/>\n\t<meta property=\"og:image:width\" content=\"1000\" \/>\n\t<meta property=\"og:image:height\" content=\"1000\" \/>\n\t<meta property=\"og:image:type\" content=\"image\/jpeg\" \/>\n<meta name=\"twitter:card\" content=\"summary_large_image\" \/>\n<meta name=\"twitter:site\" content=\"@MuumitRahaksi\" \/>\n<meta name=\"twitter:label1\" content=\"Ber\u00e4knad l\u00e4stid\" \/>\n\t<meta name=\"twitter:data1\" content=\"2 minuter\" \/>\n<script type=\"application\/ld+json\" class=\"yoast-schema-graph\">{\"@context\":\"https:\/\/schema.org\",\"@graph\":[{\"@type\":\"WebPage\",\"@id\":\"https:\/\/muumimukitrahaksi.fi\/sv\/produkt\/muminmugg-hem-2025-ny\/\",\"url\":\"https:\/\/muumimukitrahaksi.fi\/sv\/produkt\/muminmugg-hem-2025-ny\/\",\"name\":\"Muminmugg Hem (2025) *NY* - Muumimukit Rahaksi\",\"isPartOf\":{\"@id\":\"https:\/\/muumimukitrahaksi.fi\/#website\"},\"primaryImageOfPage\":{\"@id\":\"https:\/\/muumimukitrahaksi.fi\/sv\/produkt\/muminmugg-hem-2025-ny\/#primaryimage\"},\"image\":{\"@id\":\"https:\/\/muumimukitrahaksi.fi\/sv\/produkt\/muminmugg-hem-2025-ny\/#primaryimage\"},\"thumbnailUrl\":\"https:\/\/muumimukitrahaksi.fi\/wp-content\/uploads\/2025\/03\/DSC07687.jpg\",\"datePublished\":\"2024-10-24T13:18:18+00:00\",\"dateModified\":\"2026-03-20T16:06:42+00:00\",\"description\":\"Moomin Arabias Mumin 80-\u00e5rs jubileumsmugg Hem, f\u00f6r \u00e5ret 2025. Denna handm\u00e5lade mugg \u00e4r endast producerad i 8000 exemplar.\",\"breadcrumb\":{\"@id\":\"https:\/\/muumimukitrahaksi.fi\/sv\/produkt\/muminmugg-hem-2025-ny\/#breadcrumb\"},\"inLanguage\":\"sv-SE\",\"potentialAction\":[{\"@type\":\"ReadAction\",\"target\":[\"https:\/\/muumimukitrahaksi.fi\/sv\/produkt\/muminmugg-hem-2025-ny\/\"]}]},{\"@type\":\"ImageObject\",\"inLanguage\":\"sv-SE\",\"@id\":\"https:\/\/muumimukitrahaksi.fi\/sv\/produkt\/muminmugg-hem-2025-ny\/#primaryimage\",\"url\":\"https:\/\/muumimukitrahaksi.fi\/wp-content\/uploads\/2025\/03\/DSC07687.jpg\",\"contentUrl\":\"https:\/\/muumimukitrahaksi.fi\/wp-content\/uploads\/2025\/03\/DSC07687.jpg\",\"width\":1000,\"height\":1000,\"caption\":\"Muminmugg Hem\"},{\"@type\":\"BreadcrumbList\",\"@id\":\"https:\/\/muumimukitrahaksi.fi\/sv\/produkt\/muminmugg-hem-2025-ny\/#breadcrumb\",\"itemListElement\":[{\"@type\":\"ListItem\",\"position\":1,\"name\":\"Etusivu\",\"item\":\"https:\/\/muumimukitrahaksi.fi\/sv\/\"},{\"@type\":\"ListItem\",\"position\":2,\"name\":\"Butik\",\"item\":\"https:\/\/muumimukitrahaksi.fi\/sv\/butik\/\"},{\"@type\":\"ListItem\",\"position\":3,\"name\":\"Muminmugg Hem (2025) *NY*\"}]},{\"@type\":\"WebSite\",\"@id\":\"https:\/\/muumimukitrahaksi.fi\/#website\",\"url\":\"https:\/\/muumimukitrahaksi.fi\/\",\"name\":\"Muumimukit Rahaksi\",\"description\":\"Muumimukeja, -kulhoja ja -lautasia ker\u00e4ilij\u00f6ille!\",\"publisher\":{\"@id\":\"https:\/\/muumimukitrahaksi.fi\/#organization\"},\"potentialAction\":[{\"@type\":\"SearchAction\",\"target\":{\"@type\":\"EntryPoint\",\"urlTemplate\":\"https:\/\/muumimukitrahaksi.fi\/?s={search_term_string}\"},\"query-input\":{\"@type\":\"PropertyValueSpecification\",\"valueRequired\":true,\"valueName\":\"search_term_string\"}}],\"inLanguage\":\"sv-SE\"},{\"@type\":\"Organization\",\"@id\":\"https:\/\/muumimukitrahaksi.fi\/#organization\",\"name\":\"Muumimukit Rahaksi\",\"url\":\"https:\/\/muumimukitrahaksi.fi\/\",\"logo\":{\"@type\":\"ImageObject\",\"inLanguage\":\"sv-SE\",\"@id\":\"https:\/\/muumimukitrahaksi.fi\/#\/schema\/logo\/image\/\",\"url\":\"https:\/\/muumimukitrahaksi.fi\/wp-content\/uploads\/2017\/09\/logooo.jpg\",\"contentUrl\":\"https:\/\/muumimukitrahaksi.fi\/wp-content\/uploads\/2017\/09\/logooo.jpg\",\"width\":514,\"height\":514,\"caption\":\"Muumimukit Rahaksi\"},\"image\":{\"@id\":\"https:\/\/muumimukitrahaksi.fi\/#\/schema\/logo\/image\/\"},\"sameAs\":[\"https:\/\/www.facebook.com\/muumimukitrahaksi\/\",\"https:\/\/x.com\/MuumitRahaksi\",\"https:\/\/www.instagram.com\/muumimukitrahaksi\/\"]}]}<\/script>\n<!-- \/ Yoast SEO plugin. -->","yoast_head_json":{"title":"Muminmugg Hem (2025) *NY* - Muumimukit Rahaksi","description":"Moomin Arabias Mumin 80-\u00e5rs jubileumsmugg Hem, f\u00f6r \u00e5ret 2025. Denna handm\u00e5lade mugg \u00e4r endast producerad i 8000 exemplar.","robots":{"index":"index","follow":"follow","max-snippet":"max-snippet:-1","max-image-preview":"max-image-preview:large","max-video-preview":"max-video-preview:-1"},"canonical":"https:\/\/muumimukitrahaksi.fi\/sv\/produkt\/muminmugg-hem-2025-ny\/","og_locale":"sv_SE","og_type":"article","og_title":"Muminmugg Hem (2025) *NY* - Muumimukit Rahaksi","og_description":"Moomin Arabias Mumin 80-\u00e5rs jubileumsmugg Hem, f\u00f6r \u00e5ret 2025. Denna handm\u00e5lade mugg \u00e4r endast producerad i 8000 exemplar.","og_url":"https:\/\/muumimukitrahaksi.fi\/sv\/produkt\/muminmugg-hem-2025-ny\/","og_site_name":"Muumimukit Rahaksi","article_publisher":"https:\/\/www.facebook.com\/muumimukitrahaksi\/","article_modified_time":"2026-03-20T16:06:42+00:00","og_image":[{"width":1000,"height":1000,"url":"https:\/\/muumimukitrahaksi.fi\/wp-content\/uploads\/2025\/03\/DSC07687.jpg","type":"image\/jpeg"}],"twitter_card":"summary_large_image","twitter_site":"@MuumitRahaksi","twitter_misc":{"Ber\u00e4knad l\u00e4stid":"2 minuter"},"schema":{"@context":"https:\/\/schema.org","@graph":[{"@type":"WebPage","@id":"https:\/\/muumimukitrahaksi.fi\/sv\/produkt\/muminmugg-hem-2025-ny\/","url":"https:\/\/muumimukitrahaksi.fi\/sv\/produkt\/muminmugg-hem-2025-ny\/","name":"Muminmugg Hem (2025) *NY* - Muumimukit Rahaksi","isPartOf":{"@id":"https:\/\/muumimukitrahaksi.fi\/#website"},"primaryImageOfPage":{"@id":"https:\/\/muumimukitrahaksi.fi\/sv\/produkt\/muminmugg-hem-2025-ny\/#primaryimage"},"image":{"@id":"https:\/\/muumimukitrahaksi.fi\/sv\/produkt\/muminmugg-hem-2025-ny\/#primaryimage"},"thumbnailUrl":"https:\/\/muumimukitrahaksi.fi\/wp-content\/uploads\/2025\/03\/DSC07687.jpg","datePublished":"2024-10-24T13:18:18+00:00","dateModified":"2026-03-20T16:06:42+00:00","description":"Moomin Arabias Mumin 80-\u00e5rs jubileumsmugg Hem, f\u00f6r \u00e5ret 2025. Denna handm\u00e5lade mugg \u00e4r endast producerad i 8000 exemplar.","breadcrumb":{"@id":"https:\/\/muumimukitrahaksi.fi\/sv\/produkt\/muminmugg-hem-2025-ny\/#breadcrumb"},"inLanguage":"sv-SE","potentialAction":[{"@type":"ReadAction","target":["https:\/\/muumimukitrahaksi.fi\/sv\/produkt\/muminmugg-hem-2025-ny\/"]}]},{"@type":"ImageObject","inLanguage":"sv-SE","@id":"https:\/\/muumimukitrahaksi.fi\/sv\/produkt\/muminmugg-hem-2025-ny\/#primaryimage","url":"https:\/\/muumimukitrahaksi.fi\/wp-content\/uploads\/2025\/03\/DSC07687.jpg","contentUrl":"https:\/\/muumimukitrahaksi.fi\/wp-content\/uploads\/2025\/03\/DSC07687.jpg","width":1000,"height":1000,"caption":"Muminmugg Hem"},{"@type":"BreadcrumbList","@id":"https:\/\/muumimukitrahaksi.fi\/sv\/produkt\/muminmugg-hem-2025-ny\/#breadcrumb","itemListElement":[{"@type":"ListItem","position":1,"name":"Etusivu","item":"https:\/\/muumimukitrahaksi.fi\/sv\/"},{"@type":"ListItem","position":2,"name":"Butik","item":"https:\/\/muumimukitrahaksi.fi\/sv\/butik\/"},{"@type":"ListItem","position":3,"name":"Muminmugg Hem (2025) *NY*"}]},{"@type":"WebSite","@id":"https:\/\/muumimukitrahaksi.fi\/#website","url":"https:\/\/muumimukitrahaksi.fi\/","name":"Muumimukit Rahaksi","description":"Muumimukeja, -kulhoja ja -lautasia ker\u00e4ilij\u00f6ille!","publisher":{"@id":"https:\/\/muumimukitrahaksi.fi\/#organization"},"potentialAction":[{"@type":"SearchAction","target":{"@type":"EntryPoint","urlTemplate":"https:\/\/muumimukitrahaksi.fi\/?s={search_term_string}"},"query-input":{"@type":"PropertyValueSpecification","valueRequired":true,"valueName":"search_term_string"}}],"inLanguage":"sv-SE"},{"@type":"Organization","@id":"https:\/\/muumimukitrahaksi.fi\/#organization","name":"Muumimukit Rahaksi","url":"https:\/\/muumimukitrahaksi.fi\/","logo":{"@type":"ImageObject","inLanguage":"sv-SE","@id":"https:\/\/muumimukitrahaksi.fi\/#\/schema\/logo\/image\/","url":"https:\/\/muumimukitrahaksi.fi\/wp-content\/uploads\/2017\/09\/logooo.jpg","contentUrl":"https:\/\/muumimukitrahaksi.fi\/wp-content\/uploads\/2017\/09\/logooo.jpg","width":514,"height":514,"caption":"Muumimukit Rahaksi"},"image":{"@id":"https:\/\/muumimukitrahaksi.fi\/#\/schema\/logo\/image\/"},"sameAs":["https:\/\/www.facebook.com\/muumimukitrahaksi\/","https:\/\/x.com\/MuumitRahaksi","https:\/\/www.instagram.com\/muumimukitrahaksi\/"]}]}},"_links":{"self":[{"href":"https:\/\/muumimukitrahaksi.fi\/sv\/wp-json\/wp\/v2\/product\/118422","targetHints":{"allow":["GET"]}}],"collection":[{"href":"https:\/\/muumimukitrahaksi.fi\/sv\/wp-json\/wp\/v2\/product"}],"about":[{"href":"https:\/\/muumimukitrahaksi.fi\/sv\/wp-json\/wp\/v2\/types\/product"}],"wp:featuredmedia":[{"embeddable":true,"href":"https:\/\/muumimukitrahaksi.fi\/sv\/wp-json\/wp\/v2\/media\/128032"}],"wp:attachment":[{"href":"https:\/\/muumimukitrahaksi.fi\/sv\/wp-json\/wp\/v2\/media?parent=118422"}],"wp:term":[{"taxonomy":"product_brand","embeddable":true,"href":"https:\/\/muumimukitrahaksi.fi\/sv\/wp-json\/wp\/v2\/product_brand?post=118422"},{"taxonomy":"product_cat","embeddable":true,"href":"https:\/\/muumimukitrahaksi.fi\/sv\/wp-json\/wp\/v2\/product_cat?post=118422"},{"taxonomy":"product_tag","embeddable":true,"href":"https:\/\/muumimukitrahaksi.fi\/sv\/wp-json\/wp\/v2\/product_tag?post=118422"}],"curies":[{"name":"wp","href":"https:\/\/api.w.org\/{rel}","templated":true}]}}