{"id":119731,"date":"2024-11-12T15:59:35","date_gmt":"2024-11-12T13:59:35","guid":{"rendered":"https:\/\/muumimukitrahaksi.fi\/tuote\/muminhyllan-en-handgjord-hylla-for-muminmuggar-2024-ny\/"},"modified":"2025-12-02T11:22:00","modified_gmt":"2025-12-02T09:22:00","slug":"muminhyllan-en-handgjord-hylla-for-muminmuggar-2024-ny","status":"publish","type":"product","link":"https:\/\/muumimukitrahaksi.fi\/sv\/produkt\/muminhyllan-en-handgjord-hylla-for-muminmuggar-2024-ny\/","title":{"rendered":"Muminhyllan &#8211; en handgjord hylla f\u00f6r muminmuggar (2024-) *NY*"},"content":{"rendered":"<p style=\"text-align: center;\"><strong>\u2022 Officiell Moomin Characters\u00a0 licensinnehavare \u2022 Delbetalning\/faktura \u2022 Kvalitetsgranskade produkter<\/strong><\/p>\n<p>Muminhyllan \u00e4r den f\u00f6rsta officiella hyllan f\u00f6r muminmuggar. Muminhyllan tillverkas f\u00f6r hand av tr\u00e4sl\u00f6jdsl\u00e4raren Christian Enkvist i Pargas. Hyllan tillverkas i samarbete med Moomin Characters.<\/p>\n<p>En Muminhylla rymmer 24 muminmuggar. F\u00f6rdjupningarna passar b\u00e5de de traditionella 0,3-litersmuggarna och de st\u00f6rre 0,4-litersmuggarna. Hyllan kan ocks\u00e5 anv\u00e4ndas f\u00f6r att visa upp andra mindre Mumin-samlingsobjekt, som figurer eller minimuggar. I sin verkstad formar Christian Enkvist varje hylla f\u00f6r hand av bj\u00f6rkens h\u00e5llbara virke. I den avskalade designen f\u00e5r Tove Janssons Mumintroll, Hattifnattar och Filifjonkor synlighet. Varje hylla \u00e4r unik och har ett eget tillverkningsnummer p\u00e5 baksidan.<\/p>\n<p>Muminhyllan finns i vitt, tr\u00e4f\u00e4rgat, svart, ljusbl\u00e5, ljusgr\u00f6n och ljusr\u00f6d. Hyllan \u00e4r tillverkad av finsk bj\u00f6rkfan\u00e9r i 9 mm och 4 mm tjocklek och v\u00e4ger 5,4 kilo. F\u00e4stdon f\u00f6r montering medf\u00f6ljer varje hylla.<\/p>\n<p>Produktm\u00e5tt: 75,5 cm x 50,5 cm x 10,5 cm<\/p>\n","protected":false},"excerpt":{"rendered":"<p style=\"text-align: center;\"><strong>\u2022 H\u00f6gklassiga varor \u2022 Snabb leverans<\/strong><\/p>\n<p>Muminhyllan \u2013 en handgjord hylla f\u00f6r muminmuggar. Muminhyllan tillverkas f\u00f6r hand av tr\u00e4sl\u00f6jdsl\u00e4raren Christian Enkvist i Pargas. En hylla rymmer 24 muminmuggar. Muminhyllan finns i sex olika f\u00e4rger: vit, tr\u00e4, svart, ljusbl\u00e5, ljusgr\u00f6n, ljusr\u00f6d. <strong>V\u00e4lj hyllans f\u00e4rg i menyn nedan.<\/strong> Hyllan \u00e4r ny. Priset inkluderar finsk moms (25,5%). Momsen kommer att tas bort i kassan f\u00f6r kunder utanf\u00f6r EU. F\u00e4stdon f\u00f6r montering medf\u00f6ljer i f\u00f6rpackningen. Hyllan packas med omsorg och f\u00f6rnybara material.<\/p>\n<p style=\"text-align: center;\"><strong>\u2022 S\u00e4kra betalningss\u00e4tt<\/strong><\/p>\n<p><img loading=\"lazy\" decoding=\"async\" class=\"aligncenter wp-image-20415 size-full\" src=\"https:\/\/muumimukitrahaksi.fi\/wp-content\/uploads\/2020\/06\/maksutavat-2026-pieni-eng.png\" alt=\"Payment options\" width=\"350\" height=\"200\" \/><\/p>\n","protected":false},"featured_media":134316,"template":"","meta":[],"product_brand":[],"product_cat":[548,556,533],"product_tag":[],"class_list":{"0":"post-119731","1":"product","2":"type-product","3":"status-publish","4":"has-post-thumbnail","6":"product_cat-ovriga-produkter","7":"product_cat-ovrigt","8":"product_cat-rea","9":"product_shipping_class-iso-tuote-sv","11":"first","12":"instock","13":"sale","14":"taxable","15":"shipping-taxable","16":"purchasable","17":"product-type-variable"},"yoast_head":"<!-- This site is optimized with the Yoast SEO plugin v27.1.1 - https:\/\/yoast.com\/product\/yoast-seo-wordpress\/ -->\n<title>Muminhyllan - en handgjord hylla f\u00f6r muminmuggar (2024-) *NY* - Muumimukit Rahaksi<\/title>\n<meta name=\"description\" content=\"Muminhyllan \u2013 en handgjord hylla f\u00f6r muminmuggar. Muminhyllan tillverkas f\u00f6r hand av tr\u00e4sl\u00f6jdsl\u00e4raren Christian Enkvist i Pargas.\" \/>\n<meta name=\"robots\" content=\"index, follow, max-snippet:-1, max-image-preview:large, max-video-preview:-1\" \/>\n<link rel=\"canonical\" href=\"https:\/\/muumimukitrahaksi.fi\/sv\/produkt\/muminhyllan-en-handgjord-hylla-for-muminmuggar-2024-ny\/\" \/>\n<meta property=\"og:locale\" content=\"sv_SE\" \/>\n<meta property=\"og:type\" content=\"article\" \/>\n<meta property=\"og:title\" content=\"Muminhyllan - en handgjord hylla f\u00f6r muminmuggar (2024-) *NY* - Muumimukit Rahaksi\" \/>\n<meta property=\"og:description\" content=\"Muminhyllan \u2013 en handgjord hylla f\u00f6r muminmuggar. Muminhyllan tillverkas f\u00f6r hand av tr\u00e4sl\u00f6jdsl\u00e4raren Christian Enkvist i Pargas.\" \/>\n<meta property=\"og:url\" content=\"https:\/\/muumimukitrahaksi.fi\/sv\/produkt\/muminhyllan-en-handgjord-hylla-for-muminmuggar-2024-ny\/\" \/>\n<meta property=\"og:site_name\" content=\"Muumimukit Rahaksi\" \/>\n<meta property=\"article:publisher\" content=\"https:\/\/www.facebook.com\/muumimukitrahaksi\/\" \/>\n<meta property=\"article:modified_time\" content=\"2025-12-02T09:22:00+00:00\" \/>\n<meta property=\"og:image\" content=\"https:\/\/muumimukitrahaksi.fi\/wp-content\/uploads\/2025\/06\/pastellit_kaikki_krisu-1.jpg\" \/>\n\t<meta property=\"og:image:width\" content=\"1000\" \/>\n\t<meta property=\"og:image:height\" content=\"1000\" \/>\n\t<meta property=\"og:image:type\" content=\"image\/jpeg\" \/>\n<meta name=\"twitter:card\" content=\"summary_large_image\" \/>\n<meta name=\"twitter:site\" content=\"@MuumitRahaksi\" \/>\n<meta name=\"twitter:label1\" content=\"Ber\u00e4knad l\u00e4stid\" \/>\n\t<meta name=\"twitter:data1\" content=\"1 minut\" \/>\n<script type=\"application\/ld+json\" class=\"yoast-schema-graph\">{\"@context\":\"https:\/\/schema.org\",\"@graph\":[{\"@type\":\"WebPage\",\"@id\":\"https:\/\/muumimukitrahaksi.fi\/sv\/produkt\/muminhyllan-en-handgjord-hylla-for-muminmuggar-2024-ny\/\",\"url\":\"https:\/\/muumimukitrahaksi.fi\/sv\/produkt\/muminhyllan-en-handgjord-hylla-for-muminmuggar-2024-ny\/\",\"name\":\"Muminhyllan - en handgjord hylla f\u00f6r muminmuggar (2024-) *NY* - Muumimukit Rahaksi\",\"isPartOf\":{\"@id\":\"https:\/\/muumimukitrahaksi.fi\/#website\"},\"primaryImageOfPage\":{\"@id\":\"https:\/\/muumimukitrahaksi.fi\/sv\/produkt\/muminhyllan-en-handgjord-hylla-for-muminmuggar-2024-ny\/#primaryimage\"},\"image\":{\"@id\":\"https:\/\/muumimukitrahaksi.fi\/sv\/produkt\/muminhyllan-en-handgjord-hylla-for-muminmuggar-2024-ny\/#primaryimage\"},\"thumbnailUrl\":\"https:\/\/muumimukitrahaksi.fi\/wp-content\/uploads\/2025\/06\/pastellit_kaikki_krisu-1.jpg\",\"datePublished\":\"2024-11-12T13:59:35+00:00\",\"dateModified\":\"2025-12-02T09:22:00+00:00\",\"description\":\"Muminhyllan \u2013 en handgjord hylla f\u00f6r muminmuggar. Muminhyllan tillverkas f\u00f6r hand av tr\u00e4sl\u00f6jdsl\u00e4raren Christian Enkvist i Pargas.\",\"breadcrumb\":{\"@id\":\"https:\/\/muumimukitrahaksi.fi\/sv\/produkt\/muminhyllan-en-handgjord-hylla-for-muminmuggar-2024-ny\/#breadcrumb\"},\"inLanguage\":\"sv-SE\",\"potentialAction\":[{\"@type\":\"ReadAction\",\"target\":[\"https:\/\/muumimukitrahaksi.fi\/sv\/produkt\/muminhyllan-en-handgjord-hylla-for-muminmuggar-2024-ny\/\"]}]},{\"@type\":\"ImageObject\",\"inLanguage\":\"sv-SE\",\"@id\":\"https:\/\/muumimukitrahaksi.fi\/sv\/produkt\/muminhyllan-en-handgjord-hylla-for-muminmuggar-2024-ny\/#primaryimage\",\"url\":\"https:\/\/muumimukitrahaksi.fi\/wp-content\/uploads\/2025\/06\/pastellit_kaikki_krisu-1.jpg\",\"contentUrl\":\"https:\/\/muumimukitrahaksi.fi\/wp-content\/uploads\/2025\/06\/pastellit_kaikki_krisu-1.jpg\",\"width\":1000,\"height\":1000,\"caption\":\"Muminhyllan - en handgjord hylla f\u00f6r muminmuggar\"},{\"@type\":\"BreadcrumbList\",\"@id\":\"https:\/\/muumimukitrahaksi.fi\/sv\/produkt\/muminhyllan-en-handgjord-hylla-for-muminmuggar-2024-ny\/#breadcrumb\",\"itemListElement\":[{\"@type\":\"ListItem\",\"position\":1,\"name\":\"Etusivu\",\"item\":\"https:\/\/muumimukitrahaksi.fi\/sv\/\"},{\"@type\":\"ListItem\",\"position\":2,\"name\":\"Butik\",\"item\":\"https:\/\/muumimukitrahaksi.fi\/sv\/butik\/\"},{\"@type\":\"ListItem\",\"position\":3,\"name\":\"Muminhyllan &#8211; en handgjord hylla f\u00f6r muminmuggar (2024-) *NY*\"}]},{\"@type\":\"WebSite\",\"@id\":\"https:\/\/muumimukitrahaksi.fi\/#website\",\"url\":\"https:\/\/muumimukitrahaksi.fi\/\",\"name\":\"Muumimukit Rahaksi\",\"description\":\"Muumimukeja, -kulhoja ja -lautasia ker\u00e4ilij\u00f6ille!\",\"publisher\":{\"@id\":\"https:\/\/muumimukitrahaksi.fi\/#organization\"},\"potentialAction\":[{\"@type\":\"SearchAction\",\"target\":{\"@type\":\"EntryPoint\",\"urlTemplate\":\"https:\/\/muumimukitrahaksi.fi\/?s={search_term_string}\"},\"query-input\":{\"@type\":\"PropertyValueSpecification\",\"valueRequired\":true,\"valueName\":\"search_term_string\"}}],\"inLanguage\":\"sv-SE\"},{\"@type\":\"Organization\",\"@id\":\"https:\/\/muumimukitrahaksi.fi\/#organization\",\"name\":\"Muumimukit Rahaksi\",\"url\":\"https:\/\/muumimukitrahaksi.fi\/\",\"logo\":{\"@type\":\"ImageObject\",\"inLanguage\":\"sv-SE\",\"@id\":\"https:\/\/muumimukitrahaksi.fi\/#\/schema\/logo\/image\/\",\"url\":\"https:\/\/muumimukitrahaksi.fi\/wp-content\/uploads\/2017\/09\/logooo.jpg\",\"contentUrl\":\"https:\/\/muumimukitrahaksi.fi\/wp-content\/uploads\/2017\/09\/logooo.jpg\",\"width\":514,\"height\":514,\"caption\":\"Muumimukit Rahaksi\"},\"image\":{\"@id\":\"https:\/\/muumimukitrahaksi.fi\/#\/schema\/logo\/image\/\"},\"sameAs\":[\"https:\/\/www.facebook.com\/muumimukitrahaksi\/\",\"https:\/\/x.com\/MuumitRahaksi\",\"https:\/\/www.instagram.com\/muumimukitrahaksi\/\"]}]}<\/script>\n<!-- \/ Yoast SEO plugin. -->","yoast_head_json":{"title":"Muminhyllan - en handgjord hylla f\u00f6r muminmuggar (2024-) *NY* - Muumimukit Rahaksi","description":"Muminhyllan \u2013 en handgjord hylla f\u00f6r muminmuggar. Muminhyllan tillverkas f\u00f6r hand av tr\u00e4sl\u00f6jdsl\u00e4raren Christian Enkvist i Pargas.","robots":{"index":"index","follow":"follow","max-snippet":"max-snippet:-1","max-image-preview":"max-image-preview:large","max-video-preview":"max-video-preview:-1"},"canonical":"https:\/\/muumimukitrahaksi.fi\/sv\/produkt\/muminhyllan-en-handgjord-hylla-for-muminmuggar-2024-ny\/","og_locale":"sv_SE","og_type":"article","og_title":"Muminhyllan - en handgjord hylla f\u00f6r muminmuggar (2024-) *NY* - Muumimukit Rahaksi","og_description":"Muminhyllan \u2013 en handgjord hylla f\u00f6r muminmuggar. Muminhyllan tillverkas f\u00f6r hand av tr\u00e4sl\u00f6jdsl\u00e4raren Christian Enkvist i Pargas.","og_url":"https:\/\/muumimukitrahaksi.fi\/sv\/produkt\/muminhyllan-en-handgjord-hylla-for-muminmuggar-2024-ny\/","og_site_name":"Muumimukit Rahaksi","article_publisher":"https:\/\/www.facebook.com\/muumimukitrahaksi\/","article_modified_time":"2025-12-02T09:22:00+00:00","og_image":[{"width":1000,"height":1000,"url":"https:\/\/muumimukitrahaksi.fi\/wp-content\/uploads\/2025\/06\/pastellit_kaikki_krisu-1.jpg","type":"image\/jpeg"}],"twitter_card":"summary_large_image","twitter_site":"@MuumitRahaksi","twitter_misc":{"Ber\u00e4knad l\u00e4stid":"1 minut"},"schema":{"@context":"https:\/\/schema.org","@graph":[{"@type":"WebPage","@id":"https:\/\/muumimukitrahaksi.fi\/sv\/produkt\/muminhyllan-en-handgjord-hylla-for-muminmuggar-2024-ny\/","url":"https:\/\/muumimukitrahaksi.fi\/sv\/produkt\/muminhyllan-en-handgjord-hylla-for-muminmuggar-2024-ny\/","name":"Muminhyllan - en handgjord hylla f\u00f6r muminmuggar (2024-) *NY* - Muumimukit Rahaksi","isPartOf":{"@id":"https:\/\/muumimukitrahaksi.fi\/#website"},"primaryImageOfPage":{"@id":"https:\/\/muumimukitrahaksi.fi\/sv\/produkt\/muminhyllan-en-handgjord-hylla-for-muminmuggar-2024-ny\/#primaryimage"},"image":{"@id":"https:\/\/muumimukitrahaksi.fi\/sv\/produkt\/muminhyllan-en-handgjord-hylla-for-muminmuggar-2024-ny\/#primaryimage"},"thumbnailUrl":"https:\/\/muumimukitrahaksi.fi\/wp-content\/uploads\/2025\/06\/pastellit_kaikki_krisu-1.jpg","datePublished":"2024-11-12T13:59:35+00:00","dateModified":"2025-12-02T09:22:00+00:00","description":"Muminhyllan \u2013 en handgjord hylla f\u00f6r muminmuggar. Muminhyllan tillverkas f\u00f6r hand av tr\u00e4sl\u00f6jdsl\u00e4raren Christian Enkvist i Pargas.","breadcrumb":{"@id":"https:\/\/muumimukitrahaksi.fi\/sv\/produkt\/muminhyllan-en-handgjord-hylla-for-muminmuggar-2024-ny\/#breadcrumb"},"inLanguage":"sv-SE","potentialAction":[{"@type":"ReadAction","target":["https:\/\/muumimukitrahaksi.fi\/sv\/produkt\/muminhyllan-en-handgjord-hylla-for-muminmuggar-2024-ny\/"]}]},{"@type":"ImageObject","inLanguage":"sv-SE","@id":"https:\/\/muumimukitrahaksi.fi\/sv\/produkt\/muminhyllan-en-handgjord-hylla-for-muminmuggar-2024-ny\/#primaryimage","url":"https:\/\/muumimukitrahaksi.fi\/wp-content\/uploads\/2025\/06\/pastellit_kaikki_krisu-1.jpg","contentUrl":"https:\/\/muumimukitrahaksi.fi\/wp-content\/uploads\/2025\/06\/pastellit_kaikki_krisu-1.jpg","width":1000,"height":1000,"caption":"Muminhyllan - en handgjord hylla f\u00f6r muminmuggar"},{"@type":"BreadcrumbList","@id":"https:\/\/muumimukitrahaksi.fi\/sv\/produkt\/muminhyllan-en-handgjord-hylla-for-muminmuggar-2024-ny\/#breadcrumb","itemListElement":[{"@type":"ListItem","position":1,"name":"Etusivu","item":"https:\/\/muumimukitrahaksi.fi\/sv\/"},{"@type":"ListItem","position":2,"name":"Butik","item":"https:\/\/muumimukitrahaksi.fi\/sv\/butik\/"},{"@type":"ListItem","position":3,"name":"Muminhyllan &#8211; en handgjord hylla f\u00f6r muminmuggar (2024-) *NY*"}]},{"@type":"WebSite","@id":"https:\/\/muumimukitrahaksi.fi\/#website","url":"https:\/\/muumimukitrahaksi.fi\/","name":"Muumimukit Rahaksi","description":"Muumimukeja, -kulhoja ja -lautasia ker\u00e4ilij\u00f6ille!","publisher":{"@id":"https:\/\/muumimukitrahaksi.fi\/#organization"},"potentialAction":[{"@type":"SearchAction","target":{"@type":"EntryPoint","urlTemplate":"https:\/\/muumimukitrahaksi.fi\/?s={search_term_string}"},"query-input":{"@type":"PropertyValueSpecification","valueRequired":true,"valueName":"search_term_string"}}],"inLanguage":"sv-SE"},{"@type":"Organization","@id":"https:\/\/muumimukitrahaksi.fi\/#organization","name":"Muumimukit Rahaksi","url":"https:\/\/muumimukitrahaksi.fi\/","logo":{"@type":"ImageObject","inLanguage":"sv-SE","@id":"https:\/\/muumimukitrahaksi.fi\/#\/schema\/logo\/image\/","url":"https:\/\/muumimukitrahaksi.fi\/wp-content\/uploads\/2017\/09\/logooo.jpg","contentUrl":"https:\/\/muumimukitrahaksi.fi\/wp-content\/uploads\/2017\/09\/logooo.jpg","width":514,"height":514,"caption":"Muumimukit Rahaksi"},"image":{"@id":"https:\/\/muumimukitrahaksi.fi\/#\/schema\/logo\/image\/"},"sameAs":["https:\/\/www.facebook.com\/muumimukitrahaksi\/","https:\/\/x.com\/MuumitRahaksi","https:\/\/www.instagram.com\/muumimukitrahaksi\/"]}]}},"_links":{"self":[{"href":"https:\/\/muumimukitrahaksi.fi\/sv\/wp-json\/wp\/v2\/product\/119731","targetHints":{"allow":["GET"]}}],"collection":[{"href":"https:\/\/muumimukitrahaksi.fi\/sv\/wp-json\/wp\/v2\/product"}],"about":[{"href":"https:\/\/muumimukitrahaksi.fi\/sv\/wp-json\/wp\/v2\/types\/product"}],"wp:featuredmedia":[{"embeddable":true,"href":"https:\/\/muumimukitrahaksi.fi\/sv\/wp-json\/wp\/v2\/media\/134316"}],"wp:attachment":[{"href":"https:\/\/muumimukitrahaksi.fi\/sv\/wp-json\/wp\/v2\/media?parent=119731"}],"wp:term":[{"taxonomy":"product_brand","embeddable":true,"href":"https:\/\/muumimukitrahaksi.fi\/sv\/wp-json\/wp\/v2\/product_brand?post=119731"},{"taxonomy":"product_cat","embeddable":true,"href":"https:\/\/muumimukitrahaksi.fi\/sv\/wp-json\/wp\/v2\/product_cat?post=119731"},{"taxonomy":"product_tag","embeddable":true,"href":"https:\/\/muumimukitrahaksi.fi\/sv\/wp-json\/wp\/v2\/product_tag?post=119731"}],"curies":[{"name":"wp","href":"https:\/\/api.w.org\/{rel}","templated":true}]}}