{"id":125046,"date":"2025-02-13T13:40:23","date_gmt":"2025-02-13T11:40:23","guid":{"rendered":"https:\/\/muumimukitrahaksi.fi\/tuote\/muminmugg-home-at-last-2025-etikett\/"},"modified":"2026-02-24T19:12:04","modified_gmt":"2026-02-24T17:12:04","slug":"muminmugg-home-at-last-2025-etikett","status":"publish","type":"product","link":"https:\/\/muumimukitrahaksi.fi\/sv\/produkt\/muminmugg-home-at-last-2025-etikett\/","title":{"rendered":"Muminmugg \u00c4ntligen hemma (2025) *NY*"},"content":{"rendered":"<p style=\"text-align: center;\"><strong>\u2022 Officiell Moomin Characters\u00a0 licensinnehavare \u2022 Delbetalning\/faktura \u2022 Kvalitetsgranskade produkter<\/strong><\/p>\n<p><strong>Muminmuggen \u00c4ntligen hemma<\/strong> \u00e4r en del av Moomin Arabias \u00c4ntligen hemma -kollektion, som <strong>\u00e5r 2025 finns tillg\u00e4nglig exklusivt i Japan.<\/strong> F\u00f6rutom 0,3 liter muggen inneh\u00e5ller kollektionen bland annat \u00e4ven en <a href=\"https:\/\/muumimukitrahaksi.fi\/sv\/produkt\/mumin-minimugg-home-at-last-2025-etikett\/\">minimugg<\/a> och en <a href=\"https:\/\/muumimukitrahaksi.fi\/sv\/produkt\/mumin-minitallrik-home-at-last-2025-etikett\/\">minitallrik<\/a>. P\u00e5 botten av muggen finns en specialst\u00e4mpel f\u00f6r Japan 2025. Muggen levereras i en presentf\u00f6rpackning. Kollektionen s\u00e4ljs fr\u00e5n och med mars 2025 fram till slutet av \u00e5ret, och dessa produkter kommer endast att vara tillg\u00e4ngliga i Japan. Kollektionen ut\u00f6kas fr\u00e5n och med 1.7.2025 med nya produkter som kommer att s\u00e4ljas i Norden. De nya produkterna \u00e4r en <a href=\"https:\/\/muumimukitrahaksi.fi\/sv\/produkt\/mumin-pajform-antligen-hemma-2015-etikett\/\">pajform<\/a> och en <a href=\"https:\/\/muumimukitrahaksi.fi\/sv\/produkt\/muminmugg-antligen-hemma-04l-2025-etikett\/\">muminmugg p\u00e5 0,4 liter<\/a>.<\/p>\n<p>Framsidans illustration p\u00e5 \u00c4ntligen hemma -muggen \u00e4r baserad p\u00e5 Tove Janssons serieteckning Muminfamiljen (1955). I ber\u00e4ttelsen r\u00e4ddar Muminmamman och Muminpappan en liten pojke fr\u00e5n stormens grepp. Senare inser de att pojken \u00e4r deras sedan l\u00e4nge f\u00f6rsvunne son, och p\u00e5 s\u00e5 s\u00e4tt \u00e5terf\u00f6renas familjen. Skarpsynta fans m\u00e4rker troligtvis likheten mellan denna illustration och den som anv\u00e4nds p\u00e5 <a href=\"https:\/\/muumimukitrahaksi.fi\/sv\/produkt\/muminmugg-familjemys-2025-etikett\/\">muggen Familjemys<\/a>, som sl\u00e4pps tidigare under 2025. B\u00e5da motiven visar Muminmamman som kramar Mumintrollet, med Muminpappan bredvid.<\/p>\n<p>F\u00f6r att uppm\u00e4rksamma 80-\u00e5rsjubileet av Mumin, samarbetar Moomin Arabia och R\u00f6da Korset f\u00f6r att samla in pengar till beh\u00f6vande. \u00c4ntligen hemma -kollektionen \u00e4r den f\u00f6rsta delen av samarbetet. F\u00f6r varje s\u00e5ld produkt doneras en euro till Internationella r\u00f6dakors- och r\u00f6dahalvm\u00e5nefederationen (IFRC) f\u00f6r att st\u00f6dja humanit\u00e4rt arbete via lokala R\u00f6da Korset-organisationer.<\/p>\n<p>Moomin Arabia deltar ocks\u00e5 tillsammans med R\u00f6da Korset i v\u00e4rldsutst\u00e4llningen Expo 2025 i Osaka, Japan. Evenemanget samlar m\u00e4nniskor, f\u00f6retag och akt\u00f6rer fr\u00e5n den tredje sektorn runtom hela v\u00e4rlden f\u00f6r att diskutera temat &#8220;Designing Future Society for Our Lives&#8221;, med fokus p\u00e5 att hitta l\u00f6sningar till m\u00e4nsklighetens utmaningar. Home at last-kollektionen kommer ocks\u00e5 att finnas tillg\u00e4nglig vid v\u00e4rldsutst\u00e4llningen i Osaka 13.4\u201313.10.2025.<\/p>\n<p>Kolla in andra produkter ur kollektionen \u00c4ntligen hemma <a href=\"https:\/\/muumimukitrahaksi.fi\/sv\/produkt-nyckelord\/home-at-last-sv\/\">h\u00e4r.<\/a><\/p>\n<p>Har du en \u00c4ntligen hemma muminmugg och vill s\u00e4lja den? Vi k\u00f6per ocks\u00e5 muminmuggar. Klicka <a href=\"https:\/\/muumimukitrahaksi.fi\/en\/sell-moomin\/\">h\u00e4r<\/a>, fyll i formul\u00e4ret och f\u00e5 en offert samma dag.<\/p>\n","protected":false},"excerpt":{"rendered":"<p style=\"text-align: center;\"><strong>\u2022 H\u00f6gklassiga varor \u2022 Snabb leverans<\/strong><\/p>\n<p>Moomin Arabias muminmugg \u00c4ntligen hemma (ur produktion). <strong>Muggen \u00e4r enbart tillg\u00e4nglig i Japan och finns till salu endast under \u00e5ret 2025. <\/strong>Muggen \u00e4r ny och kommer i sin ursprungliga presentf\u00f6rpackning. Priset (79,90\u20ac) inkluderar finsk moms (25,5%). Momsen tas bort i kassan f\u00f6r kunder utanf\u00f6r EU. Muggarna packas med omsorg och f\u00f6rnybara material.<\/p>\n<p style=\"text-align: center;\"><strong>\u2022 S\u00e4kra betalningss\u00e4tt<\/strong><\/p>\n<p><img loading=\"lazy\" decoding=\"async\" class=\"aligncenter wp-image-20415 size-full\" src=\"https:\/\/muumimukitrahaksi.fi\/wp-content\/uploads\/2020\/06\/maksutavat-2026-pieni-eng.png\" alt=\"Payment options\" width=\"350\" height=\"200\" \/><\/p>\n","protected":false},"featured_media":131551,"template":"","meta":[],"product_brand":[],"product_cat":[537,544,547,534,538],"product_tag":[675,574,626,597,568],"class_list":{"0":"post-125046","1":"product","2":"type-product","3":"status-publish","4":"has-post-thumbnail","6":"product_cat-arabia-muggar","7":"product_cat-muggar-med-etikett","8":"product_cat-muggar-ur-produktion","9":"product_cat-muggar","10":"product_cat-specialmuggar","11":"product_tag-home-at-last-sv","12":"product_tag-japan-sv","13":"product_tag-med-etikett","14":"product_tag-muminmugg","15":"product_tag-specialmugg","17":"first","18":"instock","19":"sale","20":"taxable","21":"shipping-taxable","22":"purchasable","23":"product-type-simple"},"yoast_head":"<!-- This site is optimized with the Yoast SEO plugin v27.1.1 - https:\/\/yoast.com\/product\/yoast-seo-wordpress\/ -->\n<title>Muminmugg \u00c4ntligen hemma (2025) *NY* - Muumimukit Rahaksi<\/title>\n<meta name=\"description\" content=\"Moomin Arabias muminmugg \u00c4ntligen hemma. Muggen \u00e4r enbart tillg\u00e4nglig i Japan och finns till salu endast under \u00e5ret 2025. Muggen \u00e4r ny och har etiketten kvar.\" \/>\n<meta name=\"robots\" content=\"index, follow, max-snippet:-1, max-image-preview:large, max-video-preview:-1\" \/>\n<link rel=\"canonical\" href=\"https:\/\/muumimukitrahaksi.fi\/sv\/produkt\/muminmugg-home-at-last-2025-etikett\/\" \/>\n<meta property=\"og:locale\" content=\"sv_SE\" \/>\n<meta property=\"og:type\" content=\"article\" \/>\n<meta property=\"og:title\" content=\"Muminmugg \u00c4ntligen hemma (2025) *NY* - Muumimukit Rahaksi\" \/>\n<meta property=\"og:description\" content=\"Moomin Arabias muminmugg \u00c4ntligen hemma. Muggen \u00e4r enbart tillg\u00e4nglig i Japan och finns till salu endast under \u00e5ret 2025. Muggen \u00e4r ny och har etiketten kvar.\" \/>\n<meta property=\"og:url\" content=\"https:\/\/muumimukitrahaksi.fi\/sv\/produkt\/muminmugg-home-at-last-2025-etikett\/\" \/>\n<meta property=\"og:site_name\" content=\"Muumimukit Rahaksi\" \/>\n<meta property=\"article:publisher\" content=\"https:\/\/www.facebook.com\/muumimukitrahaksi\/\" \/>\n<meta property=\"article:modified_time\" content=\"2026-02-24T17:12:04+00:00\" \/>\n<meta property=\"og:image\" content=\"https:\/\/muumimukitrahaksi.fi\/wp-content\/uploads\/2025\/04\/DSC07771.jpg\" \/>\n\t<meta property=\"og:image:width\" content=\"1000\" \/>\n\t<meta property=\"og:image:height\" content=\"1000\" \/>\n\t<meta property=\"og:image:type\" content=\"image\/jpeg\" \/>\n<meta name=\"twitter:card\" content=\"summary_large_image\" \/>\n<meta name=\"twitter:site\" content=\"@MuumitRahaksi\" \/>\n<meta name=\"twitter:label1\" content=\"Ber\u00e4knad l\u00e4stid\" \/>\n\t<meta name=\"twitter:data1\" content=\"2 minuter\" \/>\n<script type=\"application\/ld+json\" class=\"yoast-schema-graph\">{\"@context\":\"https:\/\/schema.org\",\"@graph\":[{\"@type\":\"WebPage\",\"@id\":\"https:\/\/muumimukitrahaksi.fi\/sv\/produkt\/muminmugg-home-at-last-2025-etikett\/\",\"url\":\"https:\/\/muumimukitrahaksi.fi\/sv\/produkt\/muminmugg-home-at-last-2025-etikett\/\",\"name\":\"Muminmugg \u00c4ntligen hemma (2025) *NY* - Muumimukit Rahaksi\",\"isPartOf\":{\"@id\":\"https:\/\/muumimukitrahaksi.fi\/#website\"},\"primaryImageOfPage\":{\"@id\":\"https:\/\/muumimukitrahaksi.fi\/sv\/produkt\/muminmugg-home-at-last-2025-etikett\/#primaryimage\"},\"image\":{\"@id\":\"https:\/\/muumimukitrahaksi.fi\/sv\/produkt\/muminmugg-home-at-last-2025-etikett\/#primaryimage\"},\"thumbnailUrl\":\"https:\/\/muumimukitrahaksi.fi\/wp-content\/uploads\/2025\/04\/DSC07771.jpg\",\"datePublished\":\"2025-02-13T11:40:23+00:00\",\"dateModified\":\"2026-02-24T17:12:04+00:00\",\"description\":\"Moomin Arabias muminmugg \u00c4ntligen hemma. Muggen \u00e4r enbart tillg\u00e4nglig i Japan och finns till salu endast under \u00e5ret 2025. Muggen \u00e4r ny och har etiketten kvar.\",\"breadcrumb\":{\"@id\":\"https:\/\/muumimukitrahaksi.fi\/sv\/produkt\/muminmugg-home-at-last-2025-etikett\/#breadcrumb\"},\"inLanguage\":\"sv-SE\",\"potentialAction\":[{\"@type\":\"ReadAction\",\"target\":[\"https:\/\/muumimukitrahaksi.fi\/sv\/produkt\/muminmugg-home-at-last-2025-etikett\/\"]}]},{\"@type\":\"ImageObject\",\"inLanguage\":\"sv-SE\",\"@id\":\"https:\/\/muumimukitrahaksi.fi\/sv\/produkt\/muminmugg-home-at-last-2025-etikett\/#primaryimage\",\"url\":\"https:\/\/muumimukitrahaksi.fi\/wp-content\/uploads\/2025\/04\/DSC07771.jpg\",\"contentUrl\":\"https:\/\/muumimukitrahaksi.fi\/wp-content\/uploads\/2025\/04\/DSC07771.jpg\",\"width\":1000,\"height\":1000,\"caption\":\"Muminmugg \u00c4ntligen hemma\"},{\"@type\":\"BreadcrumbList\",\"@id\":\"https:\/\/muumimukitrahaksi.fi\/sv\/produkt\/muminmugg-home-at-last-2025-etikett\/#breadcrumb\",\"itemListElement\":[{\"@type\":\"ListItem\",\"position\":1,\"name\":\"Etusivu\",\"item\":\"https:\/\/muumimukitrahaksi.fi\/sv\/\"},{\"@type\":\"ListItem\",\"position\":2,\"name\":\"Butik\",\"item\":\"https:\/\/muumimukitrahaksi.fi\/sv\/butik\/\"},{\"@type\":\"ListItem\",\"position\":3,\"name\":\"Muminmugg \u00c4ntligen hemma (2025) *NY*\"}]},{\"@type\":\"WebSite\",\"@id\":\"https:\/\/muumimukitrahaksi.fi\/#website\",\"url\":\"https:\/\/muumimukitrahaksi.fi\/\",\"name\":\"Muumimukit Rahaksi\",\"description\":\"Muumimukeja, -kulhoja ja -lautasia ker\u00e4ilij\u00f6ille!\",\"publisher\":{\"@id\":\"https:\/\/muumimukitrahaksi.fi\/#organization\"},\"potentialAction\":[{\"@type\":\"SearchAction\",\"target\":{\"@type\":\"EntryPoint\",\"urlTemplate\":\"https:\/\/muumimukitrahaksi.fi\/?s={search_term_string}\"},\"query-input\":{\"@type\":\"PropertyValueSpecification\",\"valueRequired\":true,\"valueName\":\"search_term_string\"}}],\"inLanguage\":\"sv-SE\"},{\"@type\":\"Organization\",\"@id\":\"https:\/\/muumimukitrahaksi.fi\/#organization\",\"name\":\"Muumimukit Rahaksi\",\"url\":\"https:\/\/muumimukitrahaksi.fi\/\",\"logo\":{\"@type\":\"ImageObject\",\"inLanguage\":\"sv-SE\",\"@id\":\"https:\/\/muumimukitrahaksi.fi\/#\/schema\/logo\/image\/\",\"url\":\"https:\/\/muumimukitrahaksi.fi\/wp-content\/uploads\/2017\/09\/logooo.jpg\",\"contentUrl\":\"https:\/\/muumimukitrahaksi.fi\/wp-content\/uploads\/2017\/09\/logooo.jpg\",\"width\":514,\"height\":514,\"caption\":\"Muumimukit Rahaksi\"},\"image\":{\"@id\":\"https:\/\/muumimukitrahaksi.fi\/#\/schema\/logo\/image\/\"},\"sameAs\":[\"https:\/\/www.facebook.com\/muumimukitrahaksi\/\",\"https:\/\/x.com\/MuumitRahaksi\",\"https:\/\/www.instagram.com\/muumimukitrahaksi\/\"]}]}<\/script>\n<!-- \/ Yoast SEO plugin. -->","yoast_head_json":{"title":"Muminmugg \u00c4ntligen hemma (2025) *NY* - Muumimukit Rahaksi","description":"Moomin Arabias muminmugg \u00c4ntligen hemma. Muggen \u00e4r enbart tillg\u00e4nglig i Japan och finns till salu endast under \u00e5ret 2025. Muggen \u00e4r ny och har etiketten kvar.","robots":{"index":"index","follow":"follow","max-snippet":"max-snippet:-1","max-image-preview":"max-image-preview:large","max-video-preview":"max-video-preview:-1"},"canonical":"https:\/\/muumimukitrahaksi.fi\/sv\/produkt\/muminmugg-home-at-last-2025-etikett\/","og_locale":"sv_SE","og_type":"article","og_title":"Muminmugg \u00c4ntligen hemma (2025) *NY* - Muumimukit Rahaksi","og_description":"Moomin Arabias muminmugg \u00c4ntligen hemma. Muggen \u00e4r enbart tillg\u00e4nglig i Japan och finns till salu endast under \u00e5ret 2025. Muggen \u00e4r ny och har etiketten kvar.","og_url":"https:\/\/muumimukitrahaksi.fi\/sv\/produkt\/muminmugg-home-at-last-2025-etikett\/","og_site_name":"Muumimukit Rahaksi","article_publisher":"https:\/\/www.facebook.com\/muumimukitrahaksi\/","article_modified_time":"2026-02-24T17:12:04+00:00","og_image":[{"width":1000,"height":1000,"url":"https:\/\/muumimukitrahaksi.fi\/wp-content\/uploads\/2025\/04\/DSC07771.jpg","type":"image\/jpeg"}],"twitter_card":"summary_large_image","twitter_site":"@MuumitRahaksi","twitter_misc":{"Ber\u00e4knad l\u00e4stid":"2 minuter"},"schema":{"@context":"https:\/\/schema.org","@graph":[{"@type":"WebPage","@id":"https:\/\/muumimukitrahaksi.fi\/sv\/produkt\/muminmugg-home-at-last-2025-etikett\/","url":"https:\/\/muumimukitrahaksi.fi\/sv\/produkt\/muminmugg-home-at-last-2025-etikett\/","name":"Muminmugg \u00c4ntligen hemma (2025) *NY* - Muumimukit Rahaksi","isPartOf":{"@id":"https:\/\/muumimukitrahaksi.fi\/#website"},"primaryImageOfPage":{"@id":"https:\/\/muumimukitrahaksi.fi\/sv\/produkt\/muminmugg-home-at-last-2025-etikett\/#primaryimage"},"image":{"@id":"https:\/\/muumimukitrahaksi.fi\/sv\/produkt\/muminmugg-home-at-last-2025-etikett\/#primaryimage"},"thumbnailUrl":"https:\/\/muumimukitrahaksi.fi\/wp-content\/uploads\/2025\/04\/DSC07771.jpg","datePublished":"2025-02-13T11:40:23+00:00","dateModified":"2026-02-24T17:12:04+00:00","description":"Moomin Arabias muminmugg \u00c4ntligen hemma. Muggen \u00e4r enbart tillg\u00e4nglig i Japan och finns till salu endast under \u00e5ret 2025. Muggen \u00e4r ny och har etiketten kvar.","breadcrumb":{"@id":"https:\/\/muumimukitrahaksi.fi\/sv\/produkt\/muminmugg-home-at-last-2025-etikett\/#breadcrumb"},"inLanguage":"sv-SE","potentialAction":[{"@type":"ReadAction","target":["https:\/\/muumimukitrahaksi.fi\/sv\/produkt\/muminmugg-home-at-last-2025-etikett\/"]}]},{"@type":"ImageObject","inLanguage":"sv-SE","@id":"https:\/\/muumimukitrahaksi.fi\/sv\/produkt\/muminmugg-home-at-last-2025-etikett\/#primaryimage","url":"https:\/\/muumimukitrahaksi.fi\/wp-content\/uploads\/2025\/04\/DSC07771.jpg","contentUrl":"https:\/\/muumimukitrahaksi.fi\/wp-content\/uploads\/2025\/04\/DSC07771.jpg","width":1000,"height":1000,"caption":"Muminmugg \u00c4ntligen hemma"},{"@type":"BreadcrumbList","@id":"https:\/\/muumimukitrahaksi.fi\/sv\/produkt\/muminmugg-home-at-last-2025-etikett\/#breadcrumb","itemListElement":[{"@type":"ListItem","position":1,"name":"Etusivu","item":"https:\/\/muumimukitrahaksi.fi\/sv\/"},{"@type":"ListItem","position":2,"name":"Butik","item":"https:\/\/muumimukitrahaksi.fi\/sv\/butik\/"},{"@type":"ListItem","position":3,"name":"Muminmugg \u00c4ntligen hemma (2025) *NY*"}]},{"@type":"WebSite","@id":"https:\/\/muumimukitrahaksi.fi\/#website","url":"https:\/\/muumimukitrahaksi.fi\/","name":"Muumimukit Rahaksi","description":"Muumimukeja, -kulhoja ja -lautasia ker\u00e4ilij\u00f6ille!","publisher":{"@id":"https:\/\/muumimukitrahaksi.fi\/#organization"},"potentialAction":[{"@type":"SearchAction","target":{"@type":"EntryPoint","urlTemplate":"https:\/\/muumimukitrahaksi.fi\/?s={search_term_string}"},"query-input":{"@type":"PropertyValueSpecification","valueRequired":true,"valueName":"search_term_string"}}],"inLanguage":"sv-SE"},{"@type":"Organization","@id":"https:\/\/muumimukitrahaksi.fi\/#organization","name":"Muumimukit Rahaksi","url":"https:\/\/muumimukitrahaksi.fi\/","logo":{"@type":"ImageObject","inLanguage":"sv-SE","@id":"https:\/\/muumimukitrahaksi.fi\/#\/schema\/logo\/image\/","url":"https:\/\/muumimukitrahaksi.fi\/wp-content\/uploads\/2017\/09\/logooo.jpg","contentUrl":"https:\/\/muumimukitrahaksi.fi\/wp-content\/uploads\/2017\/09\/logooo.jpg","width":514,"height":514,"caption":"Muumimukit Rahaksi"},"image":{"@id":"https:\/\/muumimukitrahaksi.fi\/#\/schema\/logo\/image\/"},"sameAs":["https:\/\/www.facebook.com\/muumimukitrahaksi\/","https:\/\/x.com\/MuumitRahaksi","https:\/\/www.instagram.com\/muumimukitrahaksi\/"]}]}},"_links":{"self":[{"href":"https:\/\/muumimukitrahaksi.fi\/sv\/wp-json\/wp\/v2\/product\/125046","targetHints":{"allow":["GET"]}}],"collection":[{"href":"https:\/\/muumimukitrahaksi.fi\/sv\/wp-json\/wp\/v2\/product"}],"about":[{"href":"https:\/\/muumimukitrahaksi.fi\/sv\/wp-json\/wp\/v2\/types\/product"}],"wp:featuredmedia":[{"embeddable":true,"href":"https:\/\/muumimukitrahaksi.fi\/sv\/wp-json\/wp\/v2\/media\/131551"}],"wp:attachment":[{"href":"https:\/\/muumimukitrahaksi.fi\/sv\/wp-json\/wp\/v2\/media?parent=125046"}],"wp:term":[{"taxonomy":"product_brand","embeddable":true,"href":"https:\/\/muumimukitrahaksi.fi\/sv\/wp-json\/wp\/v2\/product_brand?post=125046"},{"taxonomy":"product_cat","embeddable":true,"href":"https:\/\/muumimukitrahaksi.fi\/sv\/wp-json\/wp\/v2\/product_cat?post=125046"},{"taxonomy":"product_tag","embeddable":true,"href":"https:\/\/muumimukitrahaksi.fi\/sv\/wp-json\/wp\/v2\/product_tag?post=125046"}],"curies":[{"name":"wp","href":"https:\/\/api.w.org\/{rel}","templated":true}]}}