{"id":128713,"date":"2025-04-02T15:31:44","date_gmt":"2025-04-02T12:31:44","guid":{"rendered":"https:\/\/muumimukitrahaksi.fi\/tuote\/mumin-tefat-opera-mumintrollet-2025-etikett\/"},"modified":"2025-11-28T20:23:03","modified_gmt":"2025-11-28T18:23:03","slug":"mumin-tefat-opera-mumintrollet-2025-etikett","status":"publish","type":"product","link":"https:\/\/muumimukitrahaksi.fi\/sv\/produkt\/mumin-tefat-opera-mumintrollet-2025-etikett\/","title":{"rendered":"Mumin tefat Opera Mumintrollet (2025) *ETIKETT*"},"content":{"rendered":"<p style=\"text-align: center;\"><strong>\u2022 Officiell Moomin Characters\u00a0 licensinnehavare \u2022 Delbetalning\/faktura \u2022 Kvalitetsgranskade produkter<\/strong><\/p>\n<p><strong>Mumin tefatet Opera Mumintrollet<\/strong> \u00e4r ett specialfat fr\u00e5n Moomin Arabia, skapad f\u00f6r att fira den japanska n\u00e4tbutiken Scopes 25-\u00e5rsjubileum. F\u00f6rutom tefatet ing\u00e5r \u00e4ven en <a href=\"https:\/\/muumimukitrahaksi.fi\/sv\/produkt\/muminmugg-opera-2025-etikett\/\">0,3 liters mugg<\/a> och ett <a href=\"https:\/\/muumimukitrahaksi.fi\/sv\/produkt\/muumi-pikkulautanen-ooppera-pikku-myy-2025-tarra\/\">Lilla My -tefat<\/a> i kollektionen Opera. Kollektionen \u00e4r endast tillg\u00e4nglig via Scopes egen n\u00e4tbutik i Japan, och produkterna levereras enbart inom Japan. Varje produkt i Opera -kollektionen har tillverkats i en begr\u00e4nsad upplaga, vilket inneb\u00e4r att de inte kommer att finnas tillg\u00e4ngliga p\u00e5 nytt d\u00e5 lagret s\u00e5lt slut.<\/p>\n<p>Illustrationen p\u00e5 Opera -kollektionens produkter \u00e4r baserade p\u00e5 v\u00e4rldens f\u00f6rsta Muminopera, som hade premi\u00e4r p\u00e5 Finlands Nationalopera i Helsingfors \u00e5r 1974. Muminoperan kom till p\u00e5 initiativ av komposit\u00f6ren Ilkka Kuusisto, som kontaktade Tove Jansson med id\u00e9n. Jansson blev entusiastisk och skrev librettot till operan. Ber\u00e4ttelsen f\u00f6ljde handlingen i en tidigare uppsatt teaterpj\u00e4s, men Jansson anpassade den fr\u00e5n teaterscenen till operans format. I operan orsakar ett undervattensvulkanutbrott en \u00f6versv\u00e4mning som sprider sig till Mumindalen. Med vattnet driver en opera omkring, och den m\u00e5ste r\u00e4ddas. N\u00e4r mumintrollen ser detta skyndar de till unds\u00e4ttning. N\u00e4r hela Mumindalen till slut t\u00e4cks av vatten, flyttar mumintrollen in i operan och b\u00f6rjar l\u00e4ra sig dess konstform. Operan blir en del av deras vardag, och till allas f\u00f6rv\u00e5ning visar sig Filifjonkans hembitr\u00e4de Misan vara en lysande operastj\u00e4rna.<\/p>\n<p>Tove Jansson illustrerade bland annat affischen till Muminoperan samt operans programh\u00e4fte, som var format som Muminmammans handv\u00e4ska. \u00c4ven om operan inte helt \u00f6vertygade kritikerna, f\u00e5ngade den sin huvudsakliga publik \u2013 barnen \u2013 som entusiastiskt levde sig in i f\u00f6rest\u00e4llningen. Barnen gladdes \u00e5t att se de \u00e4lskade karakt\u00e4rerna fr\u00e5n b\u00f6ckerna komma till liv p\u00e5 scenen. Sammanlagt gavs Muminoperan 34 f\u00f6rest\u00e4llningar och s\u00e5gs av n\u00e4stan 15 000 personer.<\/p>\n<p>Kolla in andra produkter ur Opera -kollektionen <a href=\"https:\/\/muumimukitrahaksi.fi\/sv\/produkt-nyckelord\/opera-sv\/\">h\u00e4r.<\/a><\/p>\n<p>Har du ett Opera Mumintrollet tefat och vill s\u00e4lja det? Vi k\u00f6per ocks\u00e5 mumintallrikar. Klicka <a href=\"https:\/\/muumimukitrahaksi.fi\/en\/sell-moomin\/\">h\u00e4r<\/a>, fyll i formul\u00e4ret och f\u00e5 en offert samma dag.<\/p>\n","protected":false},"excerpt":{"rendered":"<p style=\"text-align: center;\"><strong>\u2022 H\u00f6gklassiga varor \u2022 Snabb leverans<\/strong><\/p>\n<p>Moomin Arabias tefat Opera Mumintrollet. <strong>Tefatet \u00e4r endast tillg\u00e4ngligt i Japan och har producerats i en begr\u00e4nsad upplaga. <\/strong>Tefatet \u00e4r nytt och har etiketten kvar. Fatets diameter \u00e4r 15 cm. Priset (34,90\u20ac) inkluderar finsk moms (25,5%). Momsen tas bort i kassan f\u00f6r kunder utanf\u00f6r EU. <strong>K\u00f6pbegr\u00e4nsning 6 fat\/best\u00e4llning. <\/strong>Fatet packas med omsorg och f\u00f6rnybara material.<\/p>\n<p style=\"text-align: center;\"><strong>\u2022 S\u00e4kra betalningss\u00e4tt<\/strong><\/p>\n<p><img loading=\"lazy\" decoding=\"async\" class=\"aligncenter wp-image-20415 size-full\" src=\"https:\/\/muumimukitrahaksi.fi\/wp-content\/uploads\/2020\/06\/maksutavat-2026-pieni-eng.png\" alt=\"Payment options\" width=\"350\" height=\"200\" \/><\/p>\n","protected":false},"featured_media":130232,"template":"","meta":[],"product_brand":[],"product_cat":[527,531,529],"product_tag":[574,626,594,679],"class_list":{"0":"post-128713","1":"product","2":"type-product","3":"status-publish","4":"has-post-thumbnail","6":"product_cat-tallrikar","7":"product_cat-tallrikar-i-produktion","8":"product_cat-tallrikar-med-etikett","9":"product_tag-japan-sv","10":"product_tag-med-etikett","11":"product_tag-mumintallrik","12":"product_tag-opera-sv","14":"first","15":"instock","16":"taxable","17":"shipping-taxable","18":"purchasable","19":"product-type-simple"},"yoast_head":"<!-- This site is optimized with the Yoast SEO plugin v27.1.1 - https:\/\/yoast.com\/product\/yoast-seo-wordpress\/ -->\n<title>Mumin tefat Opera Mumintrollet (2025) *ETIKETT* - Muumimukit Rahaksi<\/title>\n<meta name=\"description\" content=\"Moomin Arabias tefat Opera Mumintrollet. Tefatet \u00e4r endast tillg\u00e4ngligt i Japan och har producerats i en begr\u00e4nsad upplaga.\" \/>\n<meta name=\"robots\" content=\"index, follow, max-snippet:-1, max-image-preview:large, max-video-preview:-1\" \/>\n<link rel=\"canonical\" href=\"https:\/\/muumimukitrahaksi.fi\/sv\/produkt\/mumin-tefat-opera-mumintrollet-2025-etikett\/\" \/>\n<meta property=\"og:locale\" content=\"sv_SE\" \/>\n<meta property=\"og:type\" content=\"article\" \/>\n<meta property=\"og:title\" content=\"Mumin tefat Opera Mumintrollet (2025) *ETIKETT* - Muumimukit Rahaksi\" \/>\n<meta property=\"og:description\" content=\"Moomin Arabias tefat Opera Mumintrollet. Tefatet \u00e4r endast tillg\u00e4ngligt i Japan och har producerats i en begr\u00e4nsad upplaga.\" \/>\n<meta property=\"og:url\" content=\"https:\/\/muumimukitrahaksi.fi\/sv\/produkt\/mumin-tefat-opera-mumintrollet-2025-etikett\/\" \/>\n<meta property=\"og:site_name\" content=\"Muumimukit Rahaksi\" \/>\n<meta property=\"article:publisher\" content=\"https:\/\/www.facebook.com\/muumimukitrahaksi\/\" \/>\n<meta property=\"article:modified_time\" content=\"2025-11-28T18:23:03+00:00\" \/>\n<meta property=\"og:image\" content=\"https:\/\/muumimukitrahaksi.fi\/wp-content\/uploads\/2025\/04\/oopperapeikko_1_laut.jpg\" \/>\n\t<meta property=\"og:image:width\" content=\"1000\" \/>\n\t<meta property=\"og:image:height\" content=\"1000\" \/>\n\t<meta property=\"og:image:type\" content=\"image\/jpeg\" \/>\n<meta name=\"twitter:card\" content=\"summary_large_image\" \/>\n<meta name=\"twitter:site\" content=\"@MuumitRahaksi\" \/>\n<meta name=\"twitter:label1\" content=\"Ber\u00e4knad l\u00e4stid\" \/>\n\t<meta name=\"twitter:data1\" content=\"2 minuter\" \/>\n<script type=\"application\/ld+json\" class=\"yoast-schema-graph\">{\"@context\":\"https:\/\/schema.org\",\"@graph\":[{\"@type\":\"WebPage\",\"@id\":\"https:\/\/muumimukitrahaksi.fi\/sv\/produkt\/mumin-tefat-opera-mumintrollet-2025-etikett\/\",\"url\":\"https:\/\/muumimukitrahaksi.fi\/sv\/produkt\/mumin-tefat-opera-mumintrollet-2025-etikett\/\",\"name\":\"Mumin tefat Opera Mumintrollet (2025) *ETIKETT* - Muumimukit Rahaksi\",\"isPartOf\":{\"@id\":\"https:\/\/muumimukitrahaksi.fi\/#website\"},\"primaryImageOfPage\":{\"@id\":\"https:\/\/muumimukitrahaksi.fi\/sv\/produkt\/mumin-tefat-opera-mumintrollet-2025-etikett\/#primaryimage\"},\"image\":{\"@id\":\"https:\/\/muumimukitrahaksi.fi\/sv\/produkt\/mumin-tefat-opera-mumintrollet-2025-etikett\/#primaryimage\"},\"thumbnailUrl\":\"https:\/\/muumimukitrahaksi.fi\/wp-content\/uploads\/2025\/04\/oopperapeikko_1_laut.jpg\",\"datePublished\":\"2025-04-02T12:31:44+00:00\",\"dateModified\":\"2025-11-28T18:23:03+00:00\",\"description\":\"Moomin Arabias tefat Opera Mumintrollet. Tefatet \u00e4r endast tillg\u00e4ngligt i Japan och har producerats i en begr\u00e4nsad upplaga.\",\"breadcrumb\":{\"@id\":\"https:\/\/muumimukitrahaksi.fi\/sv\/produkt\/mumin-tefat-opera-mumintrollet-2025-etikett\/#breadcrumb\"},\"inLanguage\":\"sv-SE\",\"potentialAction\":[{\"@type\":\"ReadAction\",\"target\":[\"https:\/\/muumimukitrahaksi.fi\/sv\/produkt\/mumin-tefat-opera-mumintrollet-2025-etikett\/\"]}]},{\"@type\":\"ImageObject\",\"inLanguage\":\"sv-SE\",\"@id\":\"https:\/\/muumimukitrahaksi.fi\/sv\/produkt\/mumin-tefat-opera-mumintrollet-2025-etikett\/#primaryimage\",\"url\":\"https:\/\/muumimukitrahaksi.fi\/wp-content\/uploads\/2025\/04\/oopperapeikko_1_laut.jpg\",\"contentUrl\":\"https:\/\/muumimukitrahaksi.fi\/wp-content\/uploads\/2025\/04\/oopperapeikko_1_laut.jpg\",\"width\":1000,\"height\":1000,\"caption\":\"Mumin tefat Opera Mumintrollet\"},{\"@type\":\"BreadcrumbList\",\"@id\":\"https:\/\/muumimukitrahaksi.fi\/sv\/produkt\/mumin-tefat-opera-mumintrollet-2025-etikett\/#breadcrumb\",\"itemListElement\":[{\"@type\":\"ListItem\",\"position\":1,\"name\":\"Etusivu\",\"item\":\"https:\/\/muumimukitrahaksi.fi\/sv\/\"},{\"@type\":\"ListItem\",\"position\":2,\"name\":\"Butik\",\"item\":\"https:\/\/muumimukitrahaksi.fi\/sv\/butik\/\"},{\"@type\":\"ListItem\",\"position\":3,\"name\":\"Mumin tefat Opera Mumintrollet (2025) *ETIKETT*\"}]},{\"@type\":\"WebSite\",\"@id\":\"https:\/\/muumimukitrahaksi.fi\/#website\",\"url\":\"https:\/\/muumimukitrahaksi.fi\/\",\"name\":\"Muumimukit Rahaksi\",\"description\":\"Muumimukeja, -kulhoja ja -lautasia ker\u00e4ilij\u00f6ille!\",\"publisher\":{\"@id\":\"https:\/\/muumimukitrahaksi.fi\/#organization\"},\"potentialAction\":[{\"@type\":\"SearchAction\",\"target\":{\"@type\":\"EntryPoint\",\"urlTemplate\":\"https:\/\/muumimukitrahaksi.fi\/?s={search_term_string}\"},\"query-input\":{\"@type\":\"PropertyValueSpecification\",\"valueRequired\":true,\"valueName\":\"search_term_string\"}}],\"inLanguage\":\"sv-SE\"},{\"@type\":\"Organization\",\"@id\":\"https:\/\/muumimukitrahaksi.fi\/#organization\",\"name\":\"Muumimukit Rahaksi\",\"url\":\"https:\/\/muumimukitrahaksi.fi\/\",\"logo\":{\"@type\":\"ImageObject\",\"inLanguage\":\"sv-SE\",\"@id\":\"https:\/\/muumimukitrahaksi.fi\/#\/schema\/logo\/image\/\",\"url\":\"https:\/\/muumimukitrahaksi.fi\/wp-content\/uploads\/2017\/09\/logooo.jpg\",\"contentUrl\":\"https:\/\/muumimukitrahaksi.fi\/wp-content\/uploads\/2017\/09\/logooo.jpg\",\"width\":514,\"height\":514,\"caption\":\"Muumimukit Rahaksi\"},\"image\":{\"@id\":\"https:\/\/muumimukitrahaksi.fi\/#\/schema\/logo\/image\/\"},\"sameAs\":[\"https:\/\/www.facebook.com\/muumimukitrahaksi\/\",\"https:\/\/x.com\/MuumitRahaksi\",\"https:\/\/www.instagram.com\/muumimukitrahaksi\/\"]}]}<\/script>\n<!-- \/ Yoast SEO plugin. -->","yoast_head_json":{"title":"Mumin tefat Opera Mumintrollet (2025) *ETIKETT* - Muumimukit Rahaksi","description":"Moomin Arabias tefat Opera Mumintrollet. Tefatet \u00e4r endast tillg\u00e4ngligt i Japan och har producerats i en begr\u00e4nsad upplaga.","robots":{"index":"index","follow":"follow","max-snippet":"max-snippet:-1","max-image-preview":"max-image-preview:large","max-video-preview":"max-video-preview:-1"},"canonical":"https:\/\/muumimukitrahaksi.fi\/sv\/produkt\/mumin-tefat-opera-mumintrollet-2025-etikett\/","og_locale":"sv_SE","og_type":"article","og_title":"Mumin tefat Opera Mumintrollet (2025) *ETIKETT* - Muumimukit Rahaksi","og_description":"Moomin Arabias tefat Opera Mumintrollet. Tefatet \u00e4r endast tillg\u00e4ngligt i Japan och har producerats i en begr\u00e4nsad upplaga.","og_url":"https:\/\/muumimukitrahaksi.fi\/sv\/produkt\/mumin-tefat-opera-mumintrollet-2025-etikett\/","og_site_name":"Muumimukit Rahaksi","article_publisher":"https:\/\/www.facebook.com\/muumimukitrahaksi\/","article_modified_time":"2025-11-28T18:23:03+00:00","og_image":[{"width":1000,"height":1000,"url":"https:\/\/muumimukitrahaksi.fi\/wp-content\/uploads\/2025\/04\/oopperapeikko_1_laut.jpg","type":"image\/jpeg"}],"twitter_card":"summary_large_image","twitter_site":"@MuumitRahaksi","twitter_misc":{"Ber\u00e4knad l\u00e4stid":"2 minuter"},"schema":{"@context":"https:\/\/schema.org","@graph":[{"@type":"WebPage","@id":"https:\/\/muumimukitrahaksi.fi\/sv\/produkt\/mumin-tefat-opera-mumintrollet-2025-etikett\/","url":"https:\/\/muumimukitrahaksi.fi\/sv\/produkt\/mumin-tefat-opera-mumintrollet-2025-etikett\/","name":"Mumin tefat Opera Mumintrollet (2025) *ETIKETT* - Muumimukit Rahaksi","isPartOf":{"@id":"https:\/\/muumimukitrahaksi.fi\/#website"},"primaryImageOfPage":{"@id":"https:\/\/muumimukitrahaksi.fi\/sv\/produkt\/mumin-tefat-opera-mumintrollet-2025-etikett\/#primaryimage"},"image":{"@id":"https:\/\/muumimukitrahaksi.fi\/sv\/produkt\/mumin-tefat-opera-mumintrollet-2025-etikett\/#primaryimage"},"thumbnailUrl":"https:\/\/muumimukitrahaksi.fi\/wp-content\/uploads\/2025\/04\/oopperapeikko_1_laut.jpg","datePublished":"2025-04-02T12:31:44+00:00","dateModified":"2025-11-28T18:23:03+00:00","description":"Moomin Arabias tefat Opera Mumintrollet. Tefatet \u00e4r endast tillg\u00e4ngligt i Japan och har producerats i en begr\u00e4nsad upplaga.","breadcrumb":{"@id":"https:\/\/muumimukitrahaksi.fi\/sv\/produkt\/mumin-tefat-opera-mumintrollet-2025-etikett\/#breadcrumb"},"inLanguage":"sv-SE","potentialAction":[{"@type":"ReadAction","target":["https:\/\/muumimukitrahaksi.fi\/sv\/produkt\/mumin-tefat-opera-mumintrollet-2025-etikett\/"]}]},{"@type":"ImageObject","inLanguage":"sv-SE","@id":"https:\/\/muumimukitrahaksi.fi\/sv\/produkt\/mumin-tefat-opera-mumintrollet-2025-etikett\/#primaryimage","url":"https:\/\/muumimukitrahaksi.fi\/wp-content\/uploads\/2025\/04\/oopperapeikko_1_laut.jpg","contentUrl":"https:\/\/muumimukitrahaksi.fi\/wp-content\/uploads\/2025\/04\/oopperapeikko_1_laut.jpg","width":1000,"height":1000,"caption":"Mumin tefat Opera Mumintrollet"},{"@type":"BreadcrumbList","@id":"https:\/\/muumimukitrahaksi.fi\/sv\/produkt\/mumin-tefat-opera-mumintrollet-2025-etikett\/#breadcrumb","itemListElement":[{"@type":"ListItem","position":1,"name":"Etusivu","item":"https:\/\/muumimukitrahaksi.fi\/sv\/"},{"@type":"ListItem","position":2,"name":"Butik","item":"https:\/\/muumimukitrahaksi.fi\/sv\/butik\/"},{"@type":"ListItem","position":3,"name":"Mumin tefat Opera Mumintrollet (2025) *ETIKETT*"}]},{"@type":"WebSite","@id":"https:\/\/muumimukitrahaksi.fi\/#website","url":"https:\/\/muumimukitrahaksi.fi\/","name":"Muumimukit Rahaksi","description":"Muumimukeja, -kulhoja ja -lautasia ker\u00e4ilij\u00f6ille!","publisher":{"@id":"https:\/\/muumimukitrahaksi.fi\/#organization"},"potentialAction":[{"@type":"SearchAction","target":{"@type":"EntryPoint","urlTemplate":"https:\/\/muumimukitrahaksi.fi\/?s={search_term_string}"},"query-input":{"@type":"PropertyValueSpecification","valueRequired":true,"valueName":"search_term_string"}}],"inLanguage":"sv-SE"},{"@type":"Organization","@id":"https:\/\/muumimukitrahaksi.fi\/#organization","name":"Muumimukit Rahaksi","url":"https:\/\/muumimukitrahaksi.fi\/","logo":{"@type":"ImageObject","inLanguage":"sv-SE","@id":"https:\/\/muumimukitrahaksi.fi\/#\/schema\/logo\/image\/","url":"https:\/\/muumimukitrahaksi.fi\/wp-content\/uploads\/2017\/09\/logooo.jpg","contentUrl":"https:\/\/muumimukitrahaksi.fi\/wp-content\/uploads\/2017\/09\/logooo.jpg","width":514,"height":514,"caption":"Muumimukit Rahaksi"},"image":{"@id":"https:\/\/muumimukitrahaksi.fi\/#\/schema\/logo\/image\/"},"sameAs":["https:\/\/www.facebook.com\/muumimukitrahaksi\/","https:\/\/x.com\/MuumitRahaksi","https:\/\/www.instagram.com\/muumimukitrahaksi\/"]}]}},"_links":{"self":[{"href":"https:\/\/muumimukitrahaksi.fi\/sv\/wp-json\/wp\/v2\/product\/128713","targetHints":{"allow":["GET"]}}],"collection":[{"href":"https:\/\/muumimukitrahaksi.fi\/sv\/wp-json\/wp\/v2\/product"}],"about":[{"href":"https:\/\/muumimukitrahaksi.fi\/sv\/wp-json\/wp\/v2\/types\/product"}],"wp:featuredmedia":[{"embeddable":true,"href":"https:\/\/muumimukitrahaksi.fi\/sv\/wp-json\/wp\/v2\/media\/130232"}],"wp:attachment":[{"href":"https:\/\/muumimukitrahaksi.fi\/sv\/wp-json\/wp\/v2\/media?parent=128713"}],"wp:term":[{"taxonomy":"product_brand","embeddable":true,"href":"https:\/\/muumimukitrahaksi.fi\/sv\/wp-json\/wp\/v2\/product_brand?post=128713"},{"taxonomy":"product_cat","embeddable":true,"href":"https:\/\/muumimukitrahaksi.fi\/sv\/wp-json\/wp\/v2\/product_cat?post=128713"},{"taxonomy":"product_tag","embeddable":true,"href":"https:\/\/muumimukitrahaksi.fi\/sv\/wp-json\/wp\/v2\/product_tag?post=128713"}],"curies":[{"name":"wp","href":"https:\/\/api.w.org\/{rel}","templated":true}]}}