{"id":133311,"date":"2025-05-27T14:36:44","date_gmt":"2025-05-27T11:36:44","guid":{"rendered":"https:\/\/muumimukitrahaksi.fi\/tuote\/the-wonderful-world-of-moomin-samlarkort-2025-ny\/"},"modified":"2025-08-29T00:05:34","modified_gmt":"2025-08-28T21:05:34","slug":"the-wonderful-world-of-moomin-samlarkort-2025-ny","status":"publish","type":"product","link":"https:\/\/muumimukitrahaksi.fi\/sv\/produkt\/the-wonderful-world-of-moomin-samlarkort-2025-ny\/","title":{"rendered":"The Wonderful World of Moomin samlarkort (2025) *NY*"},"content":{"rendered":"<p style=\"text-align: center;\"><strong>\u2022 Officiell Moomin Characters\u00a0 licensinnehavare \u2022 Delbetalning\/faktura \u2022 Kvalitetsgranskade produkter<\/strong><\/p>\n<p data-start=\"53\" data-end=\"364\"><strong data-start=\"53\" data-end=\"97\">The Wonderful World of Moomin samlarkort<\/strong> \u00e4r en del av den nya produktserien med Mumin-samlarkort. Den fantastiska serien med \u00f6ver 200 samlarkort v\u00e4cker de \u00e4lskade Muminkarakt\u00e4rerna och ber\u00e4ttelserna till liv med vackra detaljer som fascinerar b\u00e5de fans och samlare. Ett kortpaket inneh\u00e5ller \u00e5tta samlarkort.<\/p>\n<p data-start=\"366\" data-end=\"786\">De ikoniska Mumintrollen, skapade av Tove Jansson, \u00e4r en viktig del av det finl\u00e4ndska kulturarvet och har glatt flera generationer. Nu kan du uppleva denna magiska v\u00e4rld p\u00e5 ett nytt s\u00e4tt tillsammans med oss \u2013 som en del av firandet av Mumintrollens 80-\u00e5rsjubileum. Serien inneh\u00e5ller 100 f\u00e4rgstarka och charmiga baskort som visar Muminfigurerna i all sin prakt. Kortens rundade h\u00f6rn och tjocka kartongmaterial g\u00f6r dem h\u00e5llbara. Mirror Foil 50-specialkorten kombinerar glans, matt yta eller reliefm\u00f6nster f\u00f6r att ge samlarna en unik upplevelse. De 25 Cast &amp; Cure-korten \u00e4r visuellt uttrycksfulla, och de 27 Flock-korten har en unik k\u00e4nsla vid ber\u00f6ring. Serien inneh\u00e5ller \u00e4ven 10 Limited Edition-kort med fantastiska regnb\u00e5gsm\u00f6nster som tillf\u00f6r s\u00e4llsynthet till denna exklusiva kollektion.<\/p>\n<p data-start=\"1165\" data-end=\"1559\">Varje kort har m\u00e5tten 63 x 89 mm och \u00e4r noggrant designat f\u00f6r en minnesv\u00e4rd samlarupplevelse. Med sina m\u00e5ngsidiga ytbehandlingar och designs erbjuder The Wonderful World of Moomin-samlarkortsserie en resa in i Mumintrollens magiska v\u00e4rld p\u00e5 ett helt nytt s\u00e4tt. L\u00e4gg till dessa vackert designade, h\u00f6gkvalitativa kort i din samling redan idag och f\u00f6rdjupa dig i Mumintrollens underbara v\u00e4rld!<\/p>\n<p>Kolla in andra The Wonderful World of Moomin -samlarprodukter <a href=\"https:\/\/muumimukitrahaksi.fi\/sv\/?s=The+wonderful+world+of+moomin&amp;post_type=product&amp;lang=sv\">h\u00e4r.<\/a><\/p>\n","protected":false},"excerpt":{"rendered":"<p style=\"text-align: center;\"><strong>\u2022 H\u00f6gklassiga varor \u2022 Snabb leverans<\/strong><\/p>\n<p>The Wonderful World of Moomin -samlarkort till salu. Kortpaketet \u00e4r nytt och inneh\u00e5ller \u00e5tta stycken Mumin-samlarkort. Priset (2,90\u20ac) inkluderar finsk moms (25,5%). Momsen tas bort i kassan f\u00f6r kunder utanf\u00f6r EU. Produkterna packas med omsorg och f\u00f6rnybara material.<\/p>\n<p style=\"text-align: center;\"><strong>\u2022 S\u00e4kra betalningss\u00e4tt<\/strong><\/p>\n<p><img loading=\"lazy\" decoding=\"async\" class=\"aligncenter wp-image-20415 size-full\" src=\"https:\/\/muumimukitrahaksi.fi\/wp-content\/uploads\/2020\/06\/maksutavat-2026-pieni-eng.png\" alt=\"Payment options\" width=\"350\" height=\"200\" \/><\/p>\n","protected":false},"featured_media":132879,"template":"","meta":[],"product_brand":[],"product_cat":[548,556],"product_tag":[],"class_list":{"0":"post-133311","1":"product","2":"type-product","3":"status-publish","4":"has-post-thumbnail","6":"product_cat-ovriga-produkter","7":"product_cat-ovrigt","9":"first","10":"instock","11":"taxable","12":"shipping-taxable","13":"purchasable","14":"product-type-simple"},"yoast_head":"<!-- This site is optimized with the Yoast SEO plugin v27.1.1 - https:\/\/yoast.com\/product\/yoast-seo-wordpress\/ -->\n<title>The Wonderful World of Moomin samlarkort (2025) *NY* - Muumimukit Rahaksi<\/title>\n<meta name=\"description\" content=\"The Wonderful World of Moomin samlarkort till salu. Kortpaketet \u00e4r nytt och inneh\u00e5ller \u00e5tta Mumin-samlarkort.\" \/>\n<meta name=\"robots\" content=\"index, follow, max-snippet:-1, max-image-preview:large, max-video-preview:-1\" \/>\n<link rel=\"canonical\" href=\"https:\/\/muumimukitrahaksi.fi\/produkt\/the-wonderful-world-of-moomin-kerailykortit-2025-uusi\/\" \/>\n<meta property=\"og:locale\" content=\"sv_SE\" \/>\n<meta property=\"og:type\" content=\"article\" \/>\n<meta property=\"og:title\" content=\"The Wonderful World of Moomin samlarkort (2025) *NY* - Muumimukit Rahaksi\" \/>\n<meta property=\"og:description\" content=\"The Wonderful World of Moomin samlarkort till salu. Kortpaketet \u00e4r nytt och inneh\u00e5ller \u00e5tta Mumin-samlarkort.\" \/>\n<meta property=\"og:url\" content=\"https:\/\/muumimukitrahaksi.fi\/produkt\/the-wonderful-world-of-moomin-kerailykortit-2025-uusi\/\" \/>\n<meta property=\"og:site_name\" content=\"Muumimukit Rahaksi\" \/>\n<meta property=\"article:publisher\" content=\"https:\/\/www.facebook.com\/muumimukitrahaksi\/\" \/>\n<meta property=\"article:modified_time\" content=\"2025-08-28T21:05:34+00:00\" \/>\n<meta property=\"og:image\" content=\"https:\/\/muumimukitrahaksi.fi\/wp-content\/uploads\/2025\/05\/kortti_1pack.jpg\" \/>\n\t<meta property=\"og:image:width\" content=\"1000\" \/>\n\t<meta property=\"og:image:height\" content=\"1000\" \/>\n\t<meta property=\"og:image:type\" content=\"image\/jpeg\" \/>\n<meta name=\"twitter:card\" content=\"summary_large_image\" \/>\n<meta name=\"twitter:site\" content=\"@MuumitRahaksi\" \/>\n<meta name=\"twitter:label1\" content=\"Ber\u00e4knad l\u00e4stid\" \/>\n\t<meta name=\"twitter:data1\" content=\"1 minut\" \/>\n<script type=\"application\/ld+json\" class=\"yoast-schema-graph\">{\"@context\":\"https:\/\/schema.org\",\"@graph\":[{\"@type\":\"WebPage\",\"@id\":\"https:\/\/muumimukitrahaksi.fi\/produkt\/the-wonderful-world-of-moomin-kerailykortit-2025-uusi\/\",\"url\":\"https:\/\/muumimukitrahaksi.fi\/produkt\/the-wonderful-world-of-moomin-kerailykortit-2025-uusi\/\",\"name\":\"The Wonderful World of Moomin samlarkort (2025) *NY* - Muumimukit Rahaksi\",\"isPartOf\":{\"@id\":\"https:\/\/muumimukitrahaksi.fi\/#website\"},\"primaryImageOfPage\":{\"@id\":\"https:\/\/muumimukitrahaksi.fi\/produkt\/the-wonderful-world-of-moomin-kerailykortit-2025-uusi\/#primaryimage\"},\"image\":{\"@id\":\"https:\/\/muumimukitrahaksi.fi\/produkt\/the-wonderful-world-of-moomin-kerailykortit-2025-uusi\/#primaryimage\"},\"thumbnailUrl\":\"https:\/\/muumimukitrahaksi.fi\/wp-content\/uploads\/2025\/05\/kortti_1pack.jpg\",\"datePublished\":\"2025-05-27T11:36:44+00:00\",\"dateModified\":\"2025-08-28T21:05:34+00:00\",\"description\":\"The Wonderful World of Moomin samlarkort till salu. Kortpaketet \u00e4r nytt och inneh\u00e5ller \u00e5tta Mumin-samlarkort.\",\"breadcrumb\":{\"@id\":\"https:\/\/muumimukitrahaksi.fi\/produkt\/the-wonderful-world-of-moomin-kerailykortit-2025-uusi\/#breadcrumb\"},\"inLanguage\":\"sv-SE\",\"potentialAction\":[{\"@type\":\"ReadAction\",\"target\":[\"https:\/\/muumimukitrahaksi.fi\/produkt\/the-wonderful-world-of-moomin-kerailykortit-2025-uusi\/\"]}]},{\"@type\":\"ImageObject\",\"inLanguage\":\"sv-SE\",\"@id\":\"https:\/\/muumimukitrahaksi.fi\/produkt\/the-wonderful-world-of-moomin-kerailykortit-2025-uusi\/#primaryimage\",\"url\":\"https:\/\/muumimukitrahaksi.fi\/wp-content\/uploads\/2025\/05\/kortti_1pack.jpg\",\"contentUrl\":\"https:\/\/muumimukitrahaksi.fi\/wp-content\/uploads\/2025\/05\/kortti_1pack.jpg\",\"width\":1000,\"height\":1000,\"caption\":\"The Wonderful World of Moomin samlarkort\"},{\"@type\":\"BreadcrumbList\",\"@id\":\"https:\/\/muumimukitrahaksi.fi\/produkt\/the-wonderful-world-of-moomin-kerailykortit-2025-uusi\/#breadcrumb\",\"itemListElement\":[{\"@type\":\"ListItem\",\"position\":1,\"name\":\"Etusivu\",\"item\":\"https:\/\/muumimukitrahaksi.fi\/sv\/\"},{\"@type\":\"ListItem\",\"position\":2,\"name\":\"Butik\",\"item\":\"https:\/\/muumimukitrahaksi.fi\/sv\/butik\/\"},{\"@type\":\"ListItem\",\"position\":3,\"name\":\"The Wonderful World of Moomin samlarkort (2025) *NY*\"}]},{\"@type\":\"WebSite\",\"@id\":\"https:\/\/muumimukitrahaksi.fi\/#website\",\"url\":\"https:\/\/muumimukitrahaksi.fi\/\",\"name\":\"Muumimukit Rahaksi\",\"description\":\"Muumimukeja, -kulhoja ja -lautasia ker\u00e4ilij\u00f6ille!\",\"publisher\":{\"@id\":\"https:\/\/muumimukitrahaksi.fi\/#organization\"},\"potentialAction\":[{\"@type\":\"SearchAction\",\"target\":{\"@type\":\"EntryPoint\",\"urlTemplate\":\"https:\/\/muumimukitrahaksi.fi\/?s={search_term_string}\"},\"query-input\":{\"@type\":\"PropertyValueSpecification\",\"valueRequired\":true,\"valueName\":\"search_term_string\"}}],\"inLanguage\":\"sv-SE\"},{\"@type\":\"Organization\",\"@id\":\"https:\/\/muumimukitrahaksi.fi\/#organization\",\"name\":\"Muumimukit Rahaksi\",\"url\":\"https:\/\/muumimukitrahaksi.fi\/\",\"logo\":{\"@type\":\"ImageObject\",\"inLanguage\":\"sv-SE\",\"@id\":\"https:\/\/muumimukitrahaksi.fi\/#\/schema\/logo\/image\/\",\"url\":\"https:\/\/muumimukitrahaksi.fi\/wp-content\/uploads\/2017\/09\/logooo.jpg\",\"contentUrl\":\"https:\/\/muumimukitrahaksi.fi\/wp-content\/uploads\/2017\/09\/logooo.jpg\",\"width\":514,\"height\":514,\"caption\":\"Muumimukit Rahaksi\"},\"image\":{\"@id\":\"https:\/\/muumimukitrahaksi.fi\/#\/schema\/logo\/image\/\"},\"sameAs\":[\"https:\/\/www.facebook.com\/muumimukitrahaksi\/\",\"https:\/\/x.com\/MuumitRahaksi\",\"https:\/\/www.instagram.com\/muumimukitrahaksi\/\"]}]}<\/script>\n<!-- \/ Yoast SEO plugin. -->","yoast_head_json":{"title":"The Wonderful World of Moomin samlarkort (2025) *NY* - Muumimukit Rahaksi","description":"The Wonderful World of Moomin samlarkort till salu. Kortpaketet \u00e4r nytt och inneh\u00e5ller \u00e5tta Mumin-samlarkort.","robots":{"index":"index","follow":"follow","max-snippet":"max-snippet:-1","max-image-preview":"max-image-preview:large","max-video-preview":"max-video-preview:-1"},"canonical":"https:\/\/muumimukitrahaksi.fi\/produkt\/the-wonderful-world-of-moomin-kerailykortit-2025-uusi\/","og_locale":"sv_SE","og_type":"article","og_title":"The Wonderful World of Moomin samlarkort (2025) *NY* - Muumimukit Rahaksi","og_description":"The Wonderful World of Moomin samlarkort till salu. Kortpaketet \u00e4r nytt och inneh\u00e5ller \u00e5tta Mumin-samlarkort.","og_url":"https:\/\/muumimukitrahaksi.fi\/produkt\/the-wonderful-world-of-moomin-kerailykortit-2025-uusi\/","og_site_name":"Muumimukit Rahaksi","article_publisher":"https:\/\/www.facebook.com\/muumimukitrahaksi\/","article_modified_time":"2025-08-28T21:05:34+00:00","og_image":[{"width":1000,"height":1000,"url":"https:\/\/muumimukitrahaksi.fi\/wp-content\/uploads\/2025\/05\/kortti_1pack.jpg","type":"image\/jpeg"}],"twitter_card":"summary_large_image","twitter_site":"@MuumitRahaksi","twitter_misc":{"Ber\u00e4knad l\u00e4stid":"1 minut"},"schema":{"@context":"https:\/\/schema.org","@graph":[{"@type":"WebPage","@id":"https:\/\/muumimukitrahaksi.fi\/produkt\/the-wonderful-world-of-moomin-kerailykortit-2025-uusi\/","url":"https:\/\/muumimukitrahaksi.fi\/produkt\/the-wonderful-world-of-moomin-kerailykortit-2025-uusi\/","name":"The Wonderful World of Moomin samlarkort (2025) *NY* - Muumimukit Rahaksi","isPartOf":{"@id":"https:\/\/muumimukitrahaksi.fi\/#website"},"primaryImageOfPage":{"@id":"https:\/\/muumimukitrahaksi.fi\/produkt\/the-wonderful-world-of-moomin-kerailykortit-2025-uusi\/#primaryimage"},"image":{"@id":"https:\/\/muumimukitrahaksi.fi\/produkt\/the-wonderful-world-of-moomin-kerailykortit-2025-uusi\/#primaryimage"},"thumbnailUrl":"https:\/\/muumimukitrahaksi.fi\/wp-content\/uploads\/2025\/05\/kortti_1pack.jpg","datePublished":"2025-05-27T11:36:44+00:00","dateModified":"2025-08-28T21:05:34+00:00","description":"The Wonderful World of Moomin samlarkort till salu. Kortpaketet \u00e4r nytt och inneh\u00e5ller \u00e5tta Mumin-samlarkort.","breadcrumb":{"@id":"https:\/\/muumimukitrahaksi.fi\/produkt\/the-wonderful-world-of-moomin-kerailykortit-2025-uusi\/#breadcrumb"},"inLanguage":"sv-SE","potentialAction":[{"@type":"ReadAction","target":["https:\/\/muumimukitrahaksi.fi\/produkt\/the-wonderful-world-of-moomin-kerailykortit-2025-uusi\/"]}]},{"@type":"ImageObject","inLanguage":"sv-SE","@id":"https:\/\/muumimukitrahaksi.fi\/produkt\/the-wonderful-world-of-moomin-kerailykortit-2025-uusi\/#primaryimage","url":"https:\/\/muumimukitrahaksi.fi\/wp-content\/uploads\/2025\/05\/kortti_1pack.jpg","contentUrl":"https:\/\/muumimukitrahaksi.fi\/wp-content\/uploads\/2025\/05\/kortti_1pack.jpg","width":1000,"height":1000,"caption":"The Wonderful World of Moomin samlarkort"},{"@type":"BreadcrumbList","@id":"https:\/\/muumimukitrahaksi.fi\/produkt\/the-wonderful-world-of-moomin-kerailykortit-2025-uusi\/#breadcrumb","itemListElement":[{"@type":"ListItem","position":1,"name":"Etusivu","item":"https:\/\/muumimukitrahaksi.fi\/sv\/"},{"@type":"ListItem","position":2,"name":"Butik","item":"https:\/\/muumimukitrahaksi.fi\/sv\/butik\/"},{"@type":"ListItem","position":3,"name":"The Wonderful World of Moomin samlarkort (2025) *NY*"}]},{"@type":"WebSite","@id":"https:\/\/muumimukitrahaksi.fi\/#website","url":"https:\/\/muumimukitrahaksi.fi\/","name":"Muumimukit Rahaksi","description":"Muumimukeja, -kulhoja ja -lautasia ker\u00e4ilij\u00f6ille!","publisher":{"@id":"https:\/\/muumimukitrahaksi.fi\/#organization"},"potentialAction":[{"@type":"SearchAction","target":{"@type":"EntryPoint","urlTemplate":"https:\/\/muumimukitrahaksi.fi\/?s={search_term_string}"},"query-input":{"@type":"PropertyValueSpecification","valueRequired":true,"valueName":"search_term_string"}}],"inLanguage":"sv-SE"},{"@type":"Organization","@id":"https:\/\/muumimukitrahaksi.fi\/#organization","name":"Muumimukit Rahaksi","url":"https:\/\/muumimukitrahaksi.fi\/","logo":{"@type":"ImageObject","inLanguage":"sv-SE","@id":"https:\/\/muumimukitrahaksi.fi\/#\/schema\/logo\/image\/","url":"https:\/\/muumimukitrahaksi.fi\/wp-content\/uploads\/2017\/09\/logooo.jpg","contentUrl":"https:\/\/muumimukitrahaksi.fi\/wp-content\/uploads\/2017\/09\/logooo.jpg","width":514,"height":514,"caption":"Muumimukit Rahaksi"},"image":{"@id":"https:\/\/muumimukitrahaksi.fi\/#\/schema\/logo\/image\/"},"sameAs":["https:\/\/www.facebook.com\/muumimukitrahaksi\/","https:\/\/x.com\/MuumitRahaksi","https:\/\/www.instagram.com\/muumimukitrahaksi\/"]}]}},"_links":{"self":[{"href":"https:\/\/muumimukitrahaksi.fi\/sv\/wp-json\/wp\/v2\/product\/133311","targetHints":{"allow":["GET"]}}],"collection":[{"href":"https:\/\/muumimukitrahaksi.fi\/sv\/wp-json\/wp\/v2\/product"}],"about":[{"href":"https:\/\/muumimukitrahaksi.fi\/sv\/wp-json\/wp\/v2\/types\/product"}],"wp:featuredmedia":[{"embeddable":true,"href":"https:\/\/muumimukitrahaksi.fi\/sv\/wp-json\/wp\/v2\/media\/132879"}],"wp:attachment":[{"href":"https:\/\/muumimukitrahaksi.fi\/sv\/wp-json\/wp\/v2\/media?parent=133311"}],"wp:term":[{"taxonomy":"product_brand","embeddable":true,"href":"https:\/\/muumimukitrahaksi.fi\/sv\/wp-json\/wp\/v2\/product_brand?post=133311"},{"taxonomy":"product_cat","embeddable":true,"href":"https:\/\/muumimukitrahaksi.fi\/sv\/wp-json\/wp\/v2\/product_cat?post=133311"},{"taxonomy":"product_tag","embeddable":true,"href":"https:\/\/muumimukitrahaksi.fi\/sv\/wp-json\/wp\/v2\/product_tag?post=133311"}],"curies":[{"name":"wp","href":"https:\/\/api.w.org\/{rel}","templated":true}]}}