{"id":133913,"date":"2025-06-10T12:59:43","date_gmt":"2025-06-10T09:59:43","guid":{"rendered":"https:\/\/muumimukitrahaksi.fi\/tuote\/muminmugg-mumindagsmuggen-2025-ny\/"},"modified":"2026-03-21T11:30:01","modified_gmt":"2026-03-21T09:30:01","slug":"muminmugg-mumindagsmuggen-2025-ny","status":"publish","type":"product","link":"https:\/\/muumimukitrahaksi.fi\/sv\/produkt\/muminmugg-mumindagsmuggen-2025-ny\/","title":{"rendered":"Muminmugg Mumindagsmuggen (2025) *NY*"},"content":{"rendered":"<p style=\"text-align: center;\"><strong>\u2022 Officiell Moomin Characters\u00a0 licensinnehavare \u2022 Delbetalning\/faktura \u2022 Kvalitetsgranskade produkter<\/strong><\/p>\n<p><strong>Mumindagsmuggen<\/strong> <strong>2025<\/strong> \u00e4r en specialutg\u00e5va f\u00f6r att fira Mumins 80-\u00e5rsjubileum. Den f\u00f6reg\u00e5ende <a href=\"https:\/\/muumimukitrahaksi.fi\/sv\/produkt\/muminmugg-mumindagen-2024-ny\/\">Mumindagsmuggen fr\u00e5n 2024<\/a> var ocks\u00e5 k\u00e4nd under namnet &#8220;V\u00e5r&#8221;. Tidigare utgivna Mumindagsmuggar inkluderar den somriga <a href=\"https:\/\/muumimukitrahaksi.fi\/sv\/produkt\/muminmugg-mumins-dag-2018-ny\/\">Mumindagsmuggen fr\u00e5n 2018<\/a>, den vintriga <a href=\"https:\/\/muumimukitrahaksi.fi\/sv\/produkt\/muminmugg-mumins-dag-2021-ny\/\">Mumindagsmuggen fr\u00e5n 2021<\/a> och <a href=\"https:\/\/muumimukitrahaksi.fi\/sv\/produkt\/muminmugg-havsbris-platina-2023-ny\/\">Havsbris -muggen fr\u00e5n 2023<\/a>. Mumindagen firas den 9 augusti till minne av Mumins skapare, Tove Jansson. Denna specialmugg \u00e4r producerad i en begr\u00e4nsad upplaga.<\/p>\n<p>Huvudtemat f\u00f6r illustrationen p\u00e5 Mumindagsmuggen 2025 \u00e4r inspirerat av den allra f\u00f6rsta Muminber\u00e4ttelsen, Sm\u00e5trollen och den stora \u00f6versv\u00e4mningen, fr\u00e5n 80 \u00e5r tillbaka. Ber\u00e4ttelsen f\u00f6ljer Muminmamman och Mumintrollet n\u00e4r de letar efter den sedan l\u00e4nge f\u00f6rsvunna Muminpappan. En enorm \u00f6versv\u00e4mning har t\u00e4ckt allt, men lyckligtvis f\u00e5r de hj\u00e4lp av andra resen\u00e4rer de m\u00f6ter l\u00e4ngs v\u00e4gen, vilket till slut \u00e5terf\u00f6renar Muminfamiljen. N\u00e4r vattnet drar sig tillbaka hittar de sitt nya hem \u2013 det ikoniska Muminhuset, som i senare ber\u00e4ttelser blir en central plats f\u00f6r Mumintrollen. Muminhusets d\u00f6rrar \u00e4r aldrig l\u00e5sta, och alla bes\u00f6kare \u00e4r alltid v\u00e4lkomna.<\/p>\n<p>En s\u00e4rskild detalj i Mumindagsmuggen 2025 \u00e4r att Mumintrollen har smalare nosar och mindre rundade former \u00e4n i nyare illustrationer. S\u00e5 s\u00e5g Mumintrollen ut f\u00f6r 80 \u00e5r sedan, och designen h\u00e5ller sig d\u00e4rf\u00f6r trogen originalber\u00e4ttelsen. Illustrationen visar Muminmamman och Mumintrollet i skogens skydd tillsammans med Sniff och flickan Tulippa, som de m\u00f6ter under resan. Muminmamman har byggt ett tryggt bo d\u00e4r alla ligger t\u00e4tt tillsammans och sover, medan Mumintrollet fortfarande \u00e4r vaken och lyssnar p\u00e5 skogens underliga ljud. Trots de smalare nosarna \u00e4r karakt\u00e4rernas grundl\u00e4ggande personligheter tydligt igenk\u00e4nnbara \u2013 Muminmamman \u00e4r en omt\u00e4nksam moderfigur, Mumintrollet \u00e4r f\u00f6rsiktig men modig och Sniff \u00e4r en v\u00e4nlig men r\u00e4ddh\u00e5gsen karakt\u00e4r.<\/p>\n<p>En annan unik detalj \u00e4r en liten illustration p\u00e5 insidan av Mumindagsmuggen, d\u00e4r Muminmamman och Mumintrollet kl\u00e4ttrar uppf\u00f6r en stege. Denna detalj \u00e4r synlig endast n\u00e4r man dricker med v\u00e4nster hand. Muggens illustrat\u00f6r, Parvati Pillai, har sagt att detta \u00e4r en liten hyllning till alla v\u00e4nsterh\u00e4nta.<\/p>\n<p>Mumindagsmuggen 2025 blir tillg\u00e4nglig den 9 augusti 2025. Muggarna har producerats i begr\u00e4nsad upplaga och s\u00e4ljs s\u00e5 l\u00e4nge lagret r\u00e4cker. Muggen kommer i en vacker presentf\u00f6rpackning med ett motiv som speglar muggens st\u00e4mningsfulla illustration.<\/p>\n<p>Kolla in andra specialmuggar <a href=\"https:\/\/muumimukitrahaksi.fi\/sv\/produkt-avdelning\/muggar\/specialmuggar\/\">h\u00e4r.<\/a><\/p>\n<p>Har du en Mumindagsmugg 2025 och vill s\u00e4lja den? Vi k\u00f6per ocks\u00e5 muminmuggar. Klicka <a href=\"https:\/\/muumimukitrahaksi.fi\/en\/sell-moomin\/\">h\u00e4r<\/a>, fyll i formul\u00e4ret och f\u00e5 en offert samma dag.<\/p>\n","protected":false},"excerpt":{"rendered":"<p style=\"text-align: center;\"><strong>\u2022 H\u00f6gklassiga varor \u2022 Snabb leverans<\/strong><\/p>\n<p>Moomin Arabias Mumindagsmugg 2025 (ur produktion). Muggen \u00e4r ny och har etiketten kvar. Muggen kommer i sin ursprungliga presentf\u00f6rpackning. Muggen packas med omsorg och f\u00f6rnybara material.<\/p>\n<p style=\"text-align: center;\"><strong>\u2022 S\u00e4kra betalningss\u00e4tt<\/strong><\/p>\n<p><img loading=\"lazy\" decoding=\"async\" class=\"aligncenter wp-image-20415 size-full\" src=\"https:\/\/muumimukitrahaksi.fi\/wp-content\/uploads\/2020\/06\/maksutavat-2026-pieni-eng.png\" alt=\"Payment options\" width=\"350\" height=\"200\" \/><\/p>\n","protected":false},"featured_media":139372,"template":"","meta":[],"product_brand":[],"product_cat":[537,544,547,534,533,538],"product_tag":[626,597,568],"class_list":{"0":"post-133913","1":"product","2":"type-product","3":"status-publish","4":"has-post-thumbnail","6":"product_cat-arabia-muggar","7":"product_cat-muggar-med-etikett","8":"product_cat-muggar-ur-produktion","9":"product_cat-muggar","10":"product_cat-rea","11":"product_cat-specialmuggar","12":"product_tag-med-etikett","13":"product_tag-muminmugg","14":"product_tag-specialmugg","16":"first","17":"instock","18":"sale","19":"taxable","20":"shipping-taxable","21":"purchasable","22":"product-type-simple"},"yoast_head":"<!-- This site is optimized with the Yoast SEO plugin v27.1.1 - https:\/\/yoast.com\/product\/yoast-seo-wordpress\/ -->\n<title>Muminmugg Mumindagsmuggen (2025) *NY* - Muumimukit Rahaksi<\/title>\n<meta name=\"description\" content=\"Moomin Arabias Mumindagsmugg 2025. Muggen \u00e4r ny och har etiketten kvar. Muggen kommer i sin ursprungliga presentf\u00f6rpackning. Begr\u00e4nsad upplaga.\" \/>\n<meta name=\"robots\" content=\"index, follow, max-snippet:-1, max-image-preview:large, max-video-preview:-1\" \/>\n<link rel=\"canonical\" href=\"https:\/\/muumimukitrahaksi.fi\/sv\/produkt\/muminmugg-mumindagsmuggen-2025-ny\/\" \/>\n<meta property=\"og:locale\" content=\"sv_SE\" \/>\n<meta property=\"og:type\" content=\"article\" \/>\n<meta property=\"og:title\" content=\"Muminmugg Mumindagsmuggen (2025) *NY* - Muumimukit Rahaksi\" \/>\n<meta property=\"og:description\" content=\"Moomin Arabias Mumindagsmugg 2025. Muggen \u00e4r ny och har etiketten kvar. Muggen kommer i sin ursprungliga presentf\u00f6rpackning. Begr\u00e4nsad upplaga.\" \/>\n<meta property=\"og:url\" content=\"https:\/\/muumimukitrahaksi.fi\/sv\/produkt\/muminmugg-mumindagsmuggen-2025-ny\/\" \/>\n<meta property=\"og:site_name\" content=\"Muumimukit Rahaksi\" \/>\n<meta property=\"article:publisher\" content=\"https:\/\/www.facebook.com\/muumimukitrahaksi\/\" \/>\n<meta property=\"article:modified_time\" content=\"2026-03-21T09:30:01+00:00\" \/>\n<meta property=\"og:image\" content=\"https:\/\/muumimukitrahaksi.fi\/wp-content\/uploads\/2025\/08\/DSC09779.jpg\" \/>\n\t<meta property=\"og:image:width\" content=\"1000\" \/>\n\t<meta property=\"og:image:height\" content=\"1000\" \/>\n\t<meta property=\"og:image:type\" content=\"image\/jpeg\" \/>\n<meta name=\"twitter:card\" content=\"summary_large_image\" \/>\n<meta name=\"twitter:site\" content=\"@MuumitRahaksi\" \/>\n<meta name=\"twitter:label1\" content=\"Ber\u00e4knad l\u00e4stid\" \/>\n\t<meta name=\"twitter:data1\" content=\"2 minuter\" \/>\n<script type=\"application\/ld+json\" class=\"yoast-schema-graph\">{\"@context\":\"https:\/\/schema.org\",\"@graph\":[{\"@type\":\"WebPage\",\"@id\":\"https:\/\/muumimukitrahaksi.fi\/sv\/produkt\/muminmugg-mumindagsmuggen-2025-ny\/\",\"url\":\"https:\/\/muumimukitrahaksi.fi\/sv\/produkt\/muminmugg-mumindagsmuggen-2025-ny\/\",\"name\":\"Muminmugg Mumindagsmuggen (2025) *NY* - Muumimukit Rahaksi\",\"isPartOf\":{\"@id\":\"https:\/\/muumimukitrahaksi.fi\/#website\"},\"primaryImageOfPage\":{\"@id\":\"https:\/\/muumimukitrahaksi.fi\/sv\/produkt\/muminmugg-mumindagsmuggen-2025-ny\/#primaryimage\"},\"image\":{\"@id\":\"https:\/\/muumimukitrahaksi.fi\/sv\/produkt\/muminmugg-mumindagsmuggen-2025-ny\/#primaryimage\"},\"thumbnailUrl\":\"https:\/\/muumimukitrahaksi.fi\/wp-content\/uploads\/2025\/08\/DSC09779.jpg\",\"datePublished\":\"2025-06-10T09:59:43+00:00\",\"dateModified\":\"2026-03-21T09:30:01+00:00\",\"description\":\"Moomin Arabias Mumindagsmugg 2025. Muggen \u00e4r ny och har etiketten kvar. Muggen kommer i sin ursprungliga presentf\u00f6rpackning. Begr\u00e4nsad upplaga.\",\"breadcrumb\":{\"@id\":\"https:\/\/muumimukitrahaksi.fi\/sv\/produkt\/muminmugg-mumindagsmuggen-2025-ny\/#breadcrumb\"},\"inLanguage\":\"sv-SE\",\"potentialAction\":[{\"@type\":\"ReadAction\",\"target\":[\"https:\/\/muumimukitrahaksi.fi\/sv\/produkt\/muminmugg-mumindagsmuggen-2025-ny\/\"]}]},{\"@type\":\"ImageObject\",\"inLanguage\":\"sv-SE\",\"@id\":\"https:\/\/muumimukitrahaksi.fi\/sv\/produkt\/muminmugg-mumindagsmuggen-2025-ny\/#primaryimage\",\"url\":\"https:\/\/muumimukitrahaksi.fi\/wp-content\/uploads\/2025\/08\/DSC09779.jpg\",\"contentUrl\":\"https:\/\/muumimukitrahaksi.fi\/wp-content\/uploads\/2025\/08\/DSC09779.jpg\",\"width\":1000,\"height\":1000,\"caption\":\"Muminmugg Mumindagsmuggen (2025)\"},{\"@type\":\"BreadcrumbList\",\"@id\":\"https:\/\/muumimukitrahaksi.fi\/sv\/produkt\/muminmugg-mumindagsmuggen-2025-ny\/#breadcrumb\",\"itemListElement\":[{\"@type\":\"ListItem\",\"position\":1,\"name\":\"Etusivu\",\"item\":\"https:\/\/muumimukitrahaksi.fi\/sv\/\"},{\"@type\":\"ListItem\",\"position\":2,\"name\":\"Butik\",\"item\":\"https:\/\/muumimukitrahaksi.fi\/sv\/butik\/\"},{\"@type\":\"ListItem\",\"position\":3,\"name\":\"Muminmugg Mumindagsmuggen (2025) *NY*\"}]},{\"@type\":\"WebSite\",\"@id\":\"https:\/\/muumimukitrahaksi.fi\/#website\",\"url\":\"https:\/\/muumimukitrahaksi.fi\/\",\"name\":\"Muumimukit Rahaksi\",\"description\":\"Muumimukeja, -kulhoja ja -lautasia ker\u00e4ilij\u00f6ille!\",\"publisher\":{\"@id\":\"https:\/\/muumimukitrahaksi.fi\/#organization\"},\"potentialAction\":[{\"@type\":\"SearchAction\",\"target\":{\"@type\":\"EntryPoint\",\"urlTemplate\":\"https:\/\/muumimukitrahaksi.fi\/?s={search_term_string}\"},\"query-input\":{\"@type\":\"PropertyValueSpecification\",\"valueRequired\":true,\"valueName\":\"search_term_string\"}}],\"inLanguage\":\"sv-SE\"},{\"@type\":\"Organization\",\"@id\":\"https:\/\/muumimukitrahaksi.fi\/#organization\",\"name\":\"Muumimukit Rahaksi\",\"url\":\"https:\/\/muumimukitrahaksi.fi\/\",\"logo\":{\"@type\":\"ImageObject\",\"inLanguage\":\"sv-SE\",\"@id\":\"https:\/\/muumimukitrahaksi.fi\/#\/schema\/logo\/image\/\",\"url\":\"https:\/\/muumimukitrahaksi.fi\/wp-content\/uploads\/2017\/09\/logooo.jpg\",\"contentUrl\":\"https:\/\/muumimukitrahaksi.fi\/wp-content\/uploads\/2017\/09\/logooo.jpg\",\"width\":514,\"height\":514,\"caption\":\"Muumimukit Rahaksi\"},\"image\":{\"@id\":\"https:\/\/muumimukitrahaksi.fi\/#\/schema\/logo\/image\/\"},\"sameAs\":[\"https:\/\/www.facebook.com\/muumimukitrahaksi\/\",\"https:\/\/x.com\/MuumitRahaksi\",\"https:\/\/www.instagram.com\/muumimukitrahaksi\/\"]}]}<\/script>\n<!-- \/ Yoast SEO plugin. -->","yoast_head_json":{"title":"Muminmugg Mumindagsmuggen (2025) *NY* - Muumimukit Rahaksi","description":"Moomin Arabias Mumindagsmugg 2025. Muggen \u00e4r ny och har etiketten kvar. Muggen kommer i sin ursprungliga presentf\u00f6rpackning. Begr\u00e4nsad upplaga.","robots":{"index":"index","follow":"follow","max-snippet":"max-snippet:-1","max-image-preview":"max-image-preview:large","max-video-preview":"max-video-preview:-1"},"canonical":"https:\/\/muumimukitrahaksi.fi\/sv\/produkt\/muminmugg-mumindagsmuggen-2025-ny\/","og_locale":"sv_SE","og_type":"article","og_title":"Muminmugg Mumindagsmuggen (2025) *NY* - Muumimukit Rahaksi","og_description":"Moomin Arabias Mumindagsmugg 2025. Muggen \u00e4r ny och har etiketten kvar. Muggen kommer i sin ursprungliga presentf\u00f6rpackning. Begr\u00e4nsad upplaga.","og_url":"https:\/\/muumimukitrahaksi.fi\/sv\/produkt\/muminmugg-mumindagsmuggen-2025-ny\/","og_site_name":"Muumimukit Rahaksi","article_publisher":"https:\/\/www.facebook.com\/muumimukitrahaksi\/","article_modified_time":"2026-03-21T09:30:01+00:00","og_image":[{"width":1000,"height":1000,"url":"https:\/\/muumimukitrahaksi.fi\/wp-content\/uploads\/2025\/08\/DSC09779.jpg","type":"image\/jpeg"}],"twitter_card":"summary_large_image","twitter_site":"@MuumitRahaksi","twitter_misc":{"Ber\u00e4knad l\u00e4stid":"2 minuter"},"schema":{"@context":"https:\/\/schema.org","@graph":[{"@type":"WebPage","@id":"https:\/\/muumimukitrahaksi.fi\/sv\/produkt\/muminmugg-mumindagsmuggen-2025-ny\/","url":"https:\/\/muumimukitrahaksi.fi\/sv\/produkt\/muminmugg-mumindagsmuggen-2025-ny\/","name":"Muminmugg Mumindagsmuggen (2025) *NY* - Muumimukit Rahaksi","isPartOf":{"@id":"https:\/\/muumimukitrahaksi.fi\/#website"},"primaryImageOfPage":{"@id":"https:\/\/muumimukitrahaksi.fi\/sv\/produkt\/muminmugg-mumindagsmuggen-2025-ny\/#primaryimage"},"image":{"@id":"https:\/\/muumimukitrahaksi.fi\/sv\/produkt\/muminmugg-mumindagsmuggen-2025-ny\/#primaryimage"},"thumbnailUrl":"https:\/\/muumimukitrahaksi.fi\/wp-content\/uploads\/2025\/08\/DSC09779.jpg","datePublished":"2025-06-10T09:59:43+00:00","dateModified":"2026-03-21T09:30:01+00:00","description":"Moomin Arabias Mumindagsmugg 2025. Muggen \u00e4r ny och har etiketten kvar. Muggen kommer i sin ursprungliga presentf\u00f6rpackning. Begr\u00e4nsad upplaga.","breadcrumb":{"@id":"https:\/\/muumimukitrahaksi.fi\/sv\/produkt\/muminmugg-mumindagsmuggen-2025-ny\/#breadcrumb"},"inLanguage":"sv-SE","potentialAction":[{"@type":"ReadAction","target":["https:\/\/muumimukitrahaksi.fi\/sv\/produkt\/muminmugg-mumindagsmuggen-2025-ny\/"]}]},{"@type":"ImageObject","inLanguage":"sv-SE","@id":"https:\/\/muumimukitrahaksi.fi\/sv\/produkt\/muminmugg-mumindagsmuggen-2025-ny\/#primaryimage","url":"https:\/\/muumimukitrahaksi.fi\/wp-content\/uploads\/2025\/08\/DSC09779.jpg","contentUrl":"https:\/\/muumimukitrahaksi.fi\/wp-content\/uploads\/2025\/08\/DSC09779.jpg","width":1000,"height":1000,"caption":"Muminmugg Mumindagsmuggen (2025)"},{"@type":"BreadcrumbList","@id":"https:\/\/muumimukitrahaksi.fi\/sv\/produkt\/muminmugg-mumindagsmuggen-2025-ny\/#breadcrumb","itemListElement":[{"@type":"ListItem","position":1,"name":"Etusivu","item":"https:\/\/muumimukitrahaksi.fi\/sv\/"},{"@type":"ListItem","position":2,"name":"Butik","item":"https:\/\/muumimukitrahaksi.fi\/sv\/butik\/"},{"@type":"ListItem","position":3,"name":"Muminmugg Mumindagsmuggen (2025) *NY*"}]},{"@type":"WebSite","@id":"https:\/\/muumimukitrahaksi.fi\/#website","url":"https:\/\/muumimukitrahaksi.fi\/","name":"Muumimukit Rahaksi","description":"Muumimukeja, -kulhoja ja -lautasia ker\u00e4ilij\u00f6ille!","publisher":{"@id":"https:\/\/muumimukitrahaksi.fi\/#organization"},"potentialAction":[{"@type":"SearchAction","target":{"@type":"EntryPoint","urlTemplate":"https:\/\/muumimukitrahaksi.fi\/?s={search_term_string}"},"query-input":{"@type":"PropertyValueSpecification","valueRequired":true,"valueName":"search_term_string"}}],"inLanguage":"sv-SE"},{"@type":"Organization","@id":"https:\/\/muumimukitrahaksi.fi\/#organization","name":"Muumimukit Rahaksi","url":"https:\/\/muumimukitrahaksi.fi\/","logo":{"@type":"ImageObject","inLanguage":"sv-SE","@id":"https:\/\/muumimukitrahaksi.fi\/#\/schema\/logo\/image\/","url":"https:\/\/muumimukitrahaksi.fi\/wp-content\/uploads\/2017\/09\/logooo.jpg","contentUrl":"https:\/\/muumimukitrahaksi.fi\/wp-content\/uploads\/2017\/09\/logooo.jpg","width":514,"height":514,"caption":"Muumimukit Rahaksi"},"image":{"@id":"https:\/\/muumimukitrahaksi.fi\/#\/schema\/logo\/image\/"},"sameAs":["https:\/\/www.facebook.com\/muumimukitrahaksi\/","https:\/\/x.com\/MuumitRahaksi","https:\/\/www.instagram.com\/muumimukitrahaksi\/"]}]}},"_links":{"self":[{"href":"https:\/\/muumimukitrahaksi.fi\/sv\/wp-json\/wp\/v2\/product\/133913","targetHints":{"allow":["GET"]}}],"collection":[{"href":"https:\/\/muumimukitrahaksi.fi\/sv\/wp-json\/wp\/v2\/product"}],"about":[{"href":"https:\/\/muumimukitrahaksi.fi\/sv\/wp-json\/wp\/v2\/types\/product"}],"wp:featuredmedia":[{"embeddable":true,"href":"https:\/\/muumimukitrahaksi.fi\/sv\/wp-json\/wp\/v2\/media\/139372"}],"wp:attachment":[{"href":"https:\/\/muumimukitrahaksi.fi\/sv\/wp-json\/wp\/v2\/media?parent=133913"}],"wp:term":[{"taxonomy":"product_brand","embeddable":true,"href":"https:\/\/muumimukitrahaksi.fi\/sv\/wp-json\/wp\/v2\/product_brand?post=133913"},{"taxonomy":"product_cat","embeddable":true,"href":"https:\/\/muumimukitrahaksi.fi\/sv\/wp-json\/wp\/v2\/product_cat?post=133913"},{"taxonomy":"product_tag","embeddable":true,"href":"https:\/\/muumimukitrahaksi.fi\/sv\/wp-json\/wp\/v2\/product_tag?post=133913"}],"curies":[{"name":"wp","href":"https:\/\/api.w.org\/{rel}","templated":true}]}}