{"id":135205,"date":"2025-07-07T11:43:02","date_gmt":"2025-07-07T08:43:02","guid":{"rendered":"https:\/\/muumimukitrahaksi.fi\/tuote\/muminmuggar-moomin-arabias-muminmuggar-fran-aren-1990-2025-2025-ny\/"},"modified":"2026-01-01T13:18:22","modified_gmt":"2026-01-01T11:18:22","slug":"muminmuggar-moomin-arabias-muminmuggar-fran-aren-1990-2025-2025-ny","status":"publish","type":"product","link":"https:\/\/muumimukitrahaksi.fi\/sv\/produkt\/muminmuggar-moomin-arabias-muminmuggar-fran-aren-1990-2025-2025-ny\/","title":{"rendered":"Muminmuggar \u2013 Moomin Arabias muminmuggar fr\u00e5n \u00e5ren 1990\u20132025 (2025) *NY*"},"content":{"rendered":"<p style=\"text-align: center;\"><strong>\u2022 Officiell Moomin Characters\u00a0 licensinnehavare \u2022 Delbetalning\/faktura \u2022 Kvalitetsgranskade produkter<\/strong><\/p>\n<p><strong>Muminmuggar \u2013 Moomin Arabias muminmuggar fr\u00e5n \u00e5ren 1990-2025<\/strong> har skapats i samarbete med Moomin Arabia och Moomin Characters. Bokens texter \u00e4r skrivna av journalisten Anna-Kaisa Huusko.<\/p>\n<p>Boken Muminmuggar firar Mumins 80-\u00e5rsjubileum. Det \u00e4r den mest aktuella guiden till muminmuggar och en fantastisk presentbok. I samarbete med Moomin Arabia och Moomin Characters samlar Muminmuggar hela produktionen av Teema-modellens muminmuggar fr\u00e5n Arabias fabrik under \u00e5ren 1990-2025. Alla jubileumsmuggar fr\u00e5n 2025 ing\u00e5r ocks\u00e5. Boken presenterar levande muggarens historia, designprocess och tillverkning, och lyfter fram intressanta detaljer om enskilda muggar. Dessutom inneh\u00e5ller boken intervjuer med samlare fr\u00e5n hela v\u00e4rlden. Det vackert illustrerade verket fungerar b\u00e5de som en kunskapsk\u00e4lla f\u00f6r samlare och som en gl\u00e4djande bok f\u00f6r alla Mumin-fans.<\/p>\n<p>Produktinformation: Inbunden, p\u00e5 finska, 304 sidor, 1132 gram, ISBN 9789510511824<\/p>\n<p>Uppt\u00e4ck muminskatter fr\u00e5n v\u00e4rldens mest omfattande urval av Mumin-samlingsprodukter i denna bok <a href=\"https:\/\/muumimukitrahaksi.fi\/sv\/butik\/\">h\u00e4r<\/a>.<\/p>\n","protected":false},"excerpt":{"rendered":"<p style=\"text-align: center;\"><strong>H\u00f6gklassiga varor \u2022 Snabb leverans<\/strong><\/p>\n<p>Nya Muminmuggar \u2013 Moomin Arabias muminmuggar fr\u00e5n \u00e5ren 1990\u20132025 finns nu att best\u00e4lla! Boken \u00e4r ny. <strong>Boken \u00e4r p\u00e5 finska.<\/strong> I priset (39,90\u20ac) ing\u00e5r finsk moms (13.5%). Momsen tas bort i kassan f\u00f6r kunder utanf\u00f6r EU. Boken packas med omsorg och f\u00f6rnybara material.<\/p>\n<p style=\"text-align: center;\"><strong>\u2022 S\u00e4kra betalningss\u00e4tt<\/strong><\/p>\n<p><img loading=\"lazy\" decoding=\"async\" class=\"aligncenter wp-image-20415 size-full\" src=\"https:\/\/muumimukitrahaksi.fi\/wp-content\/uploads\/2020\/06\/maksutavat-2026-pieni-eng.png\" alt=\"Payment options\" width=\"350\" height=\"200\" \/><\/p>\n","protected":false},"featured_media":135201,"template":"","meta":[],"product_brand":[],"product_cat":[548,556],"product_tag":[],"class_list":{"0":"post-135205","1":"product","2":"type-product","3":"status-publish","4":"has-post-thumbnail","6":"product_cat-ovriga-produkter","7":"product_cat-ovrigt","9":"first","10":"instock","11":"taxable","12":"shipping-taxable","13":"purchasable","14":"product-type-simple"},"yoast_head":"<!-- This site is optimized with the Yoast SEO plugin v27.1.1 - https:\/\/yoast.com\/product\/yoast-seo-wordpress\/ -->\n<title>Muminmuggar \u2013 Moomin Arabias muminmuggar fr\u00e5n \u00e5ren 1990\u20132025 (2025) *NY* - Muumimukit Rahaksi<\/title>\n<meta name=\"description\" content=\"Muminmuggar \u2013 Moomin Arabias muminmuggar fr\u00e5n \u00e5ren 1990-2025 har skapats i samarbete med Moomin Arabia och Moomin Characters.\" \/>\n<meta name=\"robots\" content=\"index, follow, max-snippet:-1, max-image-preview:large, max-video-preview:-1\" \/>\n<link rel=\"canonical\" href=\"https:\/\/muumimukitrahaksi.fi\/sv\/produkt\/muminmuggar-moomin-arabias-muminmuggar-fran-aren-1990-2025-2025-ny\/\" \/>\n<meta property=\"og:locale\" content=\"sv_SE\" \/>\n<meta property=\"og:type\" content=\"article\" \/>\n<meta property=\"og:title\" content=\"Muminmuggar \u2013 Moomin Arabias muminmuggar fr\u00e5n \u00e5ren 1990\u20132025 (2025) *NY* - Muumimukit Rahaksi\" \/>\n<meta property=\"og:description\" content=\"Muminmuggar \u2013 Moomin Arabias muminmuggar fr\u00e5n \u00e5ren 1990-2025 har skapats i samarbete med Moomin Arabia och Moomin Characters.\" \/>\n<meta property=\"og:url\" content=\"https:\/\/muumimukitrahaksi.fi\/sv\/produkt\/muminmuggar-moomin-arabias-muminmuggar-fran-aren-1990-2025-2025-ny\/\" \/>\n<meta property=\"og:site_name\" content=\"Muumimukit Rahaksi\" \/>\n<meta property=\"article:publisher\" content=\"https:\/\/www.facebook.com\/muumimukitrahaksi\/\" \/>\n<meta property=\"article:modified_time\" content=\"2026-01-01T11:18:22+00:00\" \/>\n<meta property=\"og:image\" content=\"https:\/\/muumimukitrahaksi.fi\/wp-content\/uploads\/2025\/07\/Muumimukikirja_1.jpg\" \/>\n\t<meta property=\"og:image:width\" content=\"1000\" \/>\n\t<meta property=\"og:image:height\" content=\"1000\" \/>\n\t<meta property=\"og:image:type\" content=\"image\/jpeg\" \/>\n<meta name=\"twitter:card\" content=\"summary_large_image\" \/>\n<meta name=\"twitter:site\" content=\"@MuumitRahaksi\" \/>\n<meta name=\"twitter:label1\" content=\"Ber\u00e4knad l\u00e4stid\" \/>\n\t<meta name=\"twitter:data1\" content=\"1 minut\" \/>\n<script type=\"application\/ld+json\" class=\"yoast-schema-graph\">{\"@context\":\"https:\/\/schema.org\",\"@graph\":[{\"@type\":\"WebPage\",\"@id\":\"https:\/\/muumimukitrahaksi.fi\/sv\/produkt\/muminmuggar-moomin-arabias-muminmuggar-fran-aren-1990-2025-2025-ny\/\",\"url\":\"https:\/\/muumimukitrahaksi.fi\/sv\/produkt\/muminmuggar-moomin-arabias-muminmuggar-fran-aren-1990-2025-2025-ny\/\",\"name\":\"Muminmuggar \u2013 Moomin Arabias muminmuggar fr\u00e5n \u00e5ren 1990\u20132025 (2025) *NY* - Muumimukit Rahaksi\",\"isPartOf\":{\"@id\":\"https:\/\/muumimukitrahaksi.fi\/#website\"},\"primaryImageOfPage\":{\"@id\":\"https:\/\/muumimukitrahaksi.fi\/sv\/produkt\/muminmuggar-moomin-arabias-muminmuggar-fran-aren-1990-2025-2025-ny\/#primaryimage\"},\"image\":{\"@id\":\"https:\/\/muumimukitrahaksi.fi\/sv\/produkt\/muminmuggar-moomin-arabias-muminmuggar-fran-aren-1990-2025-2025-ny\/#primaryimage\"},\"thumbnailUrl\":\"https:\/\/muumimukitrahaksi.fi\/wp-content\/uploads\/2025\/07\/Muumimukikirja_1.jpg\",\"datePublished\":\"2025-07-07T08:43:02+00:00\",\"dateModified\":\"2026-01-01T11:18:22+00:00\",\"description\":\"Muminmuggar \u2013 Moomin Arabias muminmuggar fr\u00e5n \u00e5ren 1990-2025 har skapats i samarbete med Moomin Arabia och Moomin Characters.\",\"breadcrumb\":{\"@id\":\"https:\/\/muumimukitrahaksi.fi\/sv\/produkt\/muminmuggar-moomin-arabias-muminmuggar-fran-aren-1990-2025-2025-ny\/#breadcrumb\"},\"inLanguage\":\"sv-SE\",\"potentialAction\":[{\"@type\":\"ReadAction\",\"target\":[\"https:\/\/muumimukitrahaksi.fi\/sv\/produkt\/muminmuggar-moomin-arabias-muminmuggar-fran-aren-1990-2025-2025-ny\/\"]}]},{\"@type\":\"ImageObject\",\"inLanguage\":\"sv-SE\",\"@id\":\"https:\/\/muumimukitrahaksi.fi\/sv\/produkt\/muminmuggar-moomin-arabias-muminmuggar-fran-aren-1990-2025-2025-ny\/#primaryimage\",\"url\":\"https:\/\/muumimukitrahaksi.fi\/wp-content\/uploads\/2025\/07\/Muumimukikirja_1.jpg\",\"contentUrl\":\"https:\/\/muumimukitrahaksi.fi\/wp-content\/uploads\/2025\/07\/Muumimukikirja_1.jpg\",\"width\":1000,\"height\":1000,\"caption\":\"Muminmuggar \u2013 Moomin Arabias muminmuggar fr\u00e5n \u00e5ren 1990\u20132025\"},{\"@type\":\"BreadcrumbList\",\"@id\":\"https:\/\/muumimukitrahaksi.fi\/sv\/produkt\/muminmuggar-moomin-arabias-muminmuggar-fran-aren-1990-2025-2025-ny\/#breadcrumb\",\"itemListElement\":[{\"@type\":\"ListItem\",\"position\":1,\"name\":\"Etusivu\",\"item\":\"https:\/\/muumimukitrahaksi.fi\/sv\/\"},{\"@type\":\"ListItem\",\"position\":2,\"name\":\"Butik\",\"item\":\"https:\/\/muumimukitrahaksi.fi\/sv\/butik\/\"},{\"@type\":\"ListItem\",\"position\":3,\"name\":\"Muminmuggar \u2013 Moomin Arabias muminmuggar fr\u00e5n \u00e5ren 1990\u20132025 (2025) *NY*\"}]},{\"@type\":\"WebSite\",\"@id\":\"https:\/\/muumimukitrahaksi.fi\/#website\",\"url\":\"https:\/\/muumimukitrahaksi.fi\/\",\"name\":\"Muumimukit Rahaksi\",\"description\":\"Muumimukeja, -kulhoja ja -lautasia ker\u00e4ilij\u00f6ille!\",\"publisher\":{\"@id\":\"https:\/\/muumimukitrahaksi.fi\/#organization\"},\"potentialAction\":[{\"@type\":\"SearchAction\",\"target\":{\"@type\":\"EntryPoint\",\"urlTemplate\":\"https:\/\/muumimukitrahaksi.fi\/?s={search_term_string}\"},\"query-input\":{\"@type\":\"PropertyValueSpecification\",\"valueRequired\":true,\"valueName\":\"search_term_string\"}}],\"inLanguage\":\"sv-SE\"},{\"@type\":\"Organization\",\"@id\":\"https:\/\/muumimukitrahaksi.fi\/#organization\",\"name\":\"Muumimukit Rahaksi\",\"url\":\"https:\/\/muumimukitrahaksi.fi\/\",\"logo\":{\"@type\":\"ImageObject\",\"inLanguage\":\"sv-SE\",\"@id\":\"https:\/\/muumimukitrahaksi.fi\/#\/schema\/logo\/image\/\",\"url\":\"https:\/\/muumimukitrahaksi.fi\/wp-content\/uploads\/2017\/09\/logooo.jpg\",\"contentUrl\":\"https:\/\/muumimukitrahaksi.fi\/wp-content\/uploads\/2017\/09\/logooo.jpg\",\"width\":514,\"height\":514,\"caption\":\"Muumimukit Rahaksi\"},\"image\":{\"@id\":\"https:\/\/muumimukitrahaksi.fi\/#\/schema\/logo\/image\/\"},\"sameAs\":[\"https:\/\/www.facebook.com\/muumimukitrahaksi\/\",\"https:\/\/x.com\/MuumitRahaksi\",\"https:\/\/www.instagram.com\/muumimukitrahaksi\/\"]}]}<\/script>\n<!-- \/ Yoast SEO plugin. -->","yoast_head_json":{"title":"Muminmuggar \u2013 Moomin Arabias muminmuggar fr\u00e5n \u00e5ren 1990\u20132025 (2025) *NY* - Muumimukit Rahaksi","description":"Muminmuggar \u2013 Moomin Arabias muminmuggar fr\u00e5n \u00e5ren 1990-2025 har skapats i samarbete med Moomin Arabia och Moomin Characters.","robots":{"index":"index","follow":"follow","max-snippet":"max-snippet:-1","max-image-preview":"max-image-preview:large","max-video-preview":"max-video-preview:-1"},"canonical":"https:\/\/muumimukitrahaksi.fi\/sv\/produkt\/muminmuggar-moomin-arabias-muminmuggar-fran-aren-1990-2025-2025-ny\/","og_locale":"sv_SE","og_type":"article","og_title":"Muminmuggar \u2013 Moomin Arabias muminmuggar fr\u00e5n \u00e5ren 1990\u20132025 (2025) *NY* - Muumimukit Rahaksi","og_description":"Muminmuggar \u2013 Moomin Arabias muminmuggar fr\u00e5n \u00e5ren 1990-2025 har skapats i samarbete med Moomin Arabia och Moomin Characters.","og_url":"https:\/\/muumimukitrahaksi.fi\/sv\/produkt\/muminmuggar-moomin-arabias-muminmuggar-fran-aren-1990-2025-2025-ny\/","og_site_name":"Muumimukit Rahaksi","article_publisher":"https:\/\/www.facebook.com\/muumimukitrahaksi\/","article_modified_time":"2026-01-01T11:18:22+00:00","og_image":[{"width":1000,"height":1000,"url":"https:\/\/muumimukitrahaksi.fi\/wp-content\/uploads\/2025\/07\/Muumimukikirja_1.jpg","type":"image\/jpeg"}],"twitter_card":"summary_large_image","twitter_site":"@MuumitRahaksi","twitter_misc":{"Ber\u00e4knad l\u00e4stid":"1 minut"},"schema":{"@context":"https:\/\/schema.org","@graph":[{"@type":"WebPage","@id":"https:\/\/muumimukitrahaksi.fi\/sv\/produkt\/muminmuggar-moomin-arabias-muminmuggar-fran-aren-1990-2025-2025-ny\/","url":"https:\/\/muumimukitrahaksi.fi\/sv\/produkt\/muminmuggar-moomin-arabias-muminmuggar-fran-aren-1990-2025-2025-ny\/","name":"Muminmuggar \u2013 Moomin Arabias muminmuggar fr\u00e5n \u00e5ren 1990\u20132025 (2025) *NY* - Muumimukit Rahaksi","isPartOf":{"@id":"https:\/\/muumimukitrahaksi.fi\/#website"},"primaryImageOfPage":{"@id":"https:\/\/muumimukitrahaksi.fi\/sv\/produkt\/muminmuggar-moomin-arabias-muminmuggar-fran-aren-1990-2025-2025-ny\/#primaryimage"},"image":{"@id":"https:\/\/muumimukitrahaksi.fi\/sv\/produkt\/muminmuggar-moomin-arabias-muminmuggar-fran-aren-1990-2025-2025-ny\/#primaryimage"},"thumbnailUrl":"https:\/\/muumimukitrahaksi.fi\/wp-content\/uploads\/2025\/07\/Muumimukikirja_1.jpg","datePublished":"2025-07-07T08:43:02+00:00","dateModified":"2026-01-01T11:18:22+00:00","description":"Muminmuggar \u2013 Moomin Arabias muminmuggar fr\u00e5n \u00e5ren 1990-2025 har skapats i samarbete med Moomin Arabia och Moomin Characters.","breadcrumb":{"@id":"https:\/\/muumimukitrahaksi.fi\/sv\/produkt\/muminmuggar-moomin-arabias-muminmuggar-fran-aren-1990-2025-2025-ny\/#breadcrumb"},"inLanguage":"sv-SE","potentialAction":[{"@type":"ReadAction","target":["https:\/\/muumimukitrahaksi.fi\/sv\/produkt\/muminmuggar-moomin-arabias-muminmuggar-fran-aren-1990-2025-2025-ny\/"]}]},{"@type":"ImageObject","inLanguage":"sv-SE","@id":"https:\/\/muumimukitrahaksi.fi\/sv\/produkt\/muminmuggar-moomin-arabias-muminmuggar-fran-aren-1990-2025-2025-ny\/#primaryimage","url":"https:\/\/muumimukitrahaksi.fi\/wp-content\/uploads\/2025\/07\/Muumimukikirja_1.jpg","contentUrl":"https:\/\/muumimukitrahaksi.fi\/wp-content\/uploads\/2025\/07\/Muumimukikirja_1.jpg","width":1000,"height":1000,"caption":"Muminmuggar \u2013 Moomin Arabias muminmuggar fr\u00e5n \u00e5ren 1990\u20132025"},{"@type":"BreadcrumbList","@id":"https:\/\/muumimukitrahaksi.fi\/sv\/produkt\/muminmuggar-moomin-arabias-muminmuggar-fran-aren-1990-2025-2025-ny\/#breadcrumb","itemListElement":[{"@type":"ListItem","position":1,"name":"Etusivu","item":"https:\/\/muumimukitrahaksi.fi\/sv\/"},{"@type":"ListItem","position":2,"name":"Butik","item":"https:\/\/muumimukitrahaksi.fi\/sv\/butik\/"},{"@type":"ListItem","position":3,"name":"Muminmuggar \u2013 Moomin Arabias muminmuggar fr\u00e5n \u00e5ren 1990\u20132025 (2025) *NY*"}]},{"@type":"WebSite","@id":"https:\/\/muumimukitrahaksi.fi\/#website","url":"https:\/\/muumimukitrahaksi.fi\/","name":"Muumimukit Rahaksi","description":"Muumimukeja, -kulhoja ja -lautasia ker\u00e4ilij\u00f6ille!","publisher":{"@id":"https:\/\/muumimukitrahaksi.fi\/#organization"},"potentialAction":[{"@type":"SearchAction","target":{"@type":"EntryPoint","urlTemplate":"https:\/\/muumimukitrahaksi.fi\/?s={search_term_string}"},"query-input":{"@type":"PropertyValueSpecification","valueRequired":true,"valueName":"search_term_string"}}],"inLanguage":"sv-SE"},{"@type":"Organization","@id":"https:\/\/muumimukitrahaksi.fi\/#organization","name":"Muumimukit Rahaksi","url":"https:\/\/muumimukitrahaksi.fi\/","logo":{"@type":"ImageObject","inLanguage":"sv-SE","@id":"https:\/\/muumimukitrahaksi.fi\/#\/schema\/logo\/image\/","url":"https:\/\/muumimukitrahaksi.fi\/wp-content\/uploads\/2017\/09\/logooo.jpg","contentUrl":"https:\/\/muumimukitrahaksi.fi\/wp-content\/uploads\/2017\/09\/logooo.jpg","width":514,"height":514,"caption":"Muumimukit Rahaksi"},"image":{"@id":"https:\/\/muumimukitrahaksi.fi\/#\/schema\/logo\/image\/"},"sameAs":["https:\/\/www.facebook.com\/muumimukitrahaksi\/","https:\/\/x.com\/MuumitRahaksi","https:\/\/www.instagram.com\/muumimukitrahaksi\/"]}]}},"_links":{"self":[{"href":"https:\/\/muumimukitrahaksi.fi\/sv\/wp-json\/wp\/v2\/product\/135205","targetHints":{"allow":["GET"]}}],"collection":[{"href":"https:\/\/muumimukitrahaksi.fi\/sv\/wp-json\/wp\/v2\/product"}],"about":[{"href":"https:\/\/muumimukitrahaksi.fi\/sv\/wp-json\/wp\/v2\/types\/product"}],"wp:featuredmedia":[{"embeddable":true,"href":"https:\/\/muumimukitrahaksi.fi\/sv\/wp-json\/wp\/v2\/media\/135201"}],"wp:attachment":[{"href":"https:\/\/muumimukitrahaksi.fi\/sv\/wp-json\/wp\/v2\/media?parent=135205"}],"wp:term":[{"taxonomy":"product_brand","embeddable":true,"href":"https:\/\/muumimukitrahaksi.fi\/sv\/wp-json\/wp\/v2\/product_brand?post=135205"},{"taxonomy":"product_cat","embeddable":true,"href":"https:\/\/muumimukitrahaksi.fi\/sv\/wp-json\/wp\/v2\/product_cat?post=135205"},{"taxonomy":"product_tag","embeddable":true,"href":"https:\/\/muumimukitrahaksi.fi\/sv\/wp-json\/wp\/v2\/product_tag?post=135205"}],"curies":[{"name":"wp","href":"https:\/\/api.w.org\/{rel}","templated":true}]}}