{"id":136844,"date":"2025-07-18T15:03:10","date_gmt":"2025-07-18T12:03:10","guid":{"rendered":"https:\/\/muumimukitrahaksi.fi\/tuote\/samling-av-muminmuggar-mumin-80-ar-2025-etikett\/"},"modified":"2026-02-03T17:42:16","modified_gmt":"2026-02-03T15:42:16","slug":"samling-av-muminmuggar-mumin-80-ar-2025-etikett","status":"publish","type":"product","link":"https:\/\/muumimukitrahaksi.fi\/sv\/produkt\/samling-av-muminmuggar-mumin-80-ar-2025-etikett\/","title":{"rendered":"Samling av muminmuggar Mumin 80 \u00e5r (2025) *ETIKETT*"},"content":{"rendered":"<p style=\"text-align: center;\"><strong>\u2022 Officiell Moomin Characters\u00a0 licensinnehavare \u2022 Delbetalning\/faktura \u2022 Kvalitetsgranskade produkter<\/strong><\/p>\n<p><strong>Samlingen av muminmuggar Mumin 80 \u00e5r<\/strong> \u00e4r Moomin Arabias serie av klassikermuggar med en Mumin 80 -specialst\u00e4mpel p\u00e5 botten av muggen. \u00c5r 2025 var det 80 \u00e5r sedan Tove Jansson publicerade sin f\u00f6rsta Muminbok, \u201cSm\u00e5trollen och den stora \u00f6versv\u00e4mningen\u201d, \u00e5r 1945. Den f\u00f6rsta ber\u00e4ttelsen handlar om Mumintrollet och hans mamma Muminmamman, som letar efter Muminpappan som gett sig ut p\u00e5 \u00e4ventyr. De hamnar p\u00e5 ett stormigt hav och drabbas av en \u00f6versv\u00e4mning. Till slut hittar de v\u00e4rldens vackraste dal, Mumindalen.<\/p>\n<p>Sedan dess har Muminfigurerna blivit en del av vardagen f\u00f6r hem \u00f6ver hela v\u00e4rlden, s\u00e4rskilt i form av Arabias \u00e4lskade Muminprodukter, s\u00e4rskilt muggarna. Muminmuggarna har blivit en v\u00e4lk\u00e4nd del av finsk design och samtidigt en av v\u00e4rldens st\u00f6rsta keramiska muggkollektioner. Historien om Mumintrollen och Arabia str\u00e4cker sig tillbaka till 1950-talet, d\u00e5 Tove Jansson sj\u00e4lv dekorerade de f\u00f6rsta tallrikarna och muggarna till en barnservis som hennes mor hade formgivit. \u00c5r 1990 \u00e5terupptog Arabia produktionen av Muminserviser i Teema-stilen.<\/p>\n<p>\u00c5r 2025 firar Moomin Arabia Muminfigurernas 80-\u00e5rsjubileum genom att lansera specialversioner av sina v\u00e4lk\u00e4nda klassikermuggar. Klassikermuggarna h\u00f6r till Moomin Arabias muminsortiments karakt\u00e4rmuggar, som framh\u00e4ver Mumindalens inv\u00e5nare i sina vanliga sysslor. Dessa sex muminmuggar \u00e4r klassikerfavoriterna fr\u00e5n \u00e5r 2025: Muminmamman marmelad, Muminpappan gr\u00e5, Mumintrollet grasgr\u00f6n, Snorkfr\u00f6ken lila, Snusmumriken gr\u00f6n och Lilla My p\u00e5 \u00e4ngen. Varje mugg har jubileum\u00e5rets specialst\u00e4mpel Mumin 80 p\u00e5 botten. Dessutom s\u00e4ljs varje mugg i sin egen presentf\u00f6rpackning. Muggarna s\u00e4ljs enbart mellan 1.8.2025-31.12.2025, det vill s\u00e4ga i mindre \u00e4n ett halv\u00e5rs tid.<\/p>\n<p>F\u00f6r fem \u00e5r sedan d\u00e5 Mumin firade 75 \u00e5rs jubileum, lanserade Arabia en kollektion p\u00e5 21 <a href=\"https:\/\/muumimukitrahaksi.fi\/sv\/produkt\/samling-av-muminmuggar-mumin-75-ar-2020-etikett\/\">klassikermuggar med Mumin 75 -specialst\u00e4mplar.<\/a><\/p>\n<p>Kolla in andra specialmuggar\u00a0<a href=\"https:\/\/muumimukitrahaksi.fi\/sv\/produkt-avdelning\/muggar\/specialmuggar\/\">h\u00e4r.<\/a><\/p>\n<p>Har du en 80-\u00e5rs jubileumsmugg och vill s\u00e4lja den? Vi k\u00f6per ocks\u00e5 muminmuggar. Klicka <a href=\"https:\/\/muumimukitrahaksi.fi\/en\/sell-moomin\/\">h\u00e4r<\/a>, fyll i formul\u00e4ret och f\u00e5 en offert samma dag.<\/p>\n","protected":false},"excerpt":{"rendered":"<p style=\"text-align: center;\"><strong>\u2022 H\u00f6gklassiga varor \u2022 Snabb leverans<\/strong><\/p>\n<p>En samling av Moomin Arabias muminmuggar, Mumin 80 \u00e5r (ur produktion). \u00c5r 2025 firar Moomin Arabia Muminfigurernas 80-\u00e5rsjubileum genom att lansera specialversioner av sina v\u00e4lk\u00e4nda klassikermuggar. Dessa sex muminmuggar \u00e4r klassikerfavoriterna fr\u00e5n \u00e5r 2025: Muminmamman marmelad, Muminpappan gr\u00e5, Mumintrollet grasgr\u00f6n, Snorkfr\u00f6ken lila, Snusmumriken gr\u00f6n och Lilla My p\u00e5 \u00e4ngen. Muggarna s\u00e4ljs enbart mellan 1.8.2025-31.12.2025. Muggarna \u00e4r nya och har etiketterna kvar. Dessutom s\u00e4ljs varje mugg i sin egen presentf\u00f6rpackning. Muggarna packas med omsorg och f\u00f6rnybara material.<\/p>\n<p style=\"text-align: center;\"><strong>\u2022 S\u00e4kra betalningss\u00e4tt<\/strong><\/p>\n<p><img loading=\"lazy\" decoding=\"async\" class=\"aligncenter wp-image-20415 size-full\" src=\"https:\/\/muumimukitrahaksi.fi\/wp-content\/uploads\/2020\/06\/maksutavat-2026-pieni-eng.png\" alt=\"Payment options\" width=\"350\" height=\"200\" \/><\/p>\n","protected":false},"featured_media":136824,"template":"","meta":[],"product_brand":[],"product_cat":[537,544,547,534,538],"product_tag":[626,597,568],"class_list":{"0":"post-136844","1":"product","2":"type-product","3":"status-publish","4":"has-post-thumbnail","6":"product_cat-arabia-muggar","7":"product_cat-muggar-med-etikett","8":"product_cat-muggar-ur-produktion","9":"product_cat-muggar","10":"product_cat-specialmuggar","11":"product_tag-med-etikett","12":"product_tag-muminmugg","13":"product_tag-specialmugg","14":"product_shipping_class-iso-tuote-sv","16":"first","17":"instock","18":"taxable","19":"shipping-taxable","20":"purchasable","21":"product-type-simple"},"yoast_head":"<!-- This site is optimized with the Yoast SEO plugin v27.1.1 - https:\/\/yoast.com\/product\/yoast-seo-wordpress\/ -->\n<title>Samling av muminmuggar Mumin 80 \u00e5r (2025) *ETIKETT* - Muumimukit Rahaksi<\/title>\n<meta name=\"description\" content=\"En samling av Moomin Arabias muminmuggar, Mumin 80 \u00e5r. \u00c5r 2025 firar Moomin Arabia Muminfigurernas 80-\u00e5rsjubileum genom att lansera specialversioner av sina v\u00e4lk\u00e4nda klassikermuggar.\" \/>\n<meta name=\"robots\" content=\"index, follow, max-snippet:-1, max-image-preview:large, max-video-preview:-1\" \/>\n<link rel=\"canonical\" href=\"https:\/\/muumimukitrahaksi.fi\/sv\/produkt\/samling-av-muminmuggar-mumin-80-ar-2025-etikett\/\" \/>\n<meta property=\"og:locale\" content=\"sv_SE\" \/>\n<meta property=\"og:type\" content=\"article\" \/>\n<meta property=\"og:title\" content=\"Samling av muminmuggar Mumin 80 \u00e5r (2025) *ETIKETT* - Muumimukit Rahaksi\" \/>\n<meta property=\"og:description\" content=\"En samling av Moomin Arabias muminmuggar, Mumin 80 \u00e5r. \u00c5r 2025 firar Moomin Arabia Muminfigurernas 80-\u00e5rsjubileum genom att lansera specialversioner av sina v\u00e4lk\u00e4nda klassikermuggar.\" \/>\n<meta property=\"og:url\" content=\"https:\/\/muumimukitrahaksi.fi\/sv\/produkt\/samling-av-muminmuggar-mumin-80-ar-2025-etikett\/\" \/>\n<meta property=\"og:site_name\" content=\"Muumimukit Rahaksi\" \/>\n<meta property=\"article:publisher\" content=\"https:\/\/www.facebook.com\/muumimukitrahaksi\/\" \/>\n<meta property=\"article:modified_time\" content=\"2026-02-03T15:42:16+00:00\" \/>\n<meta property=\"og:image\" content=\"https:\/\/muumimukitrahaksi.fi\/wp-content\/uploads\/2025\/07\/80leima_tuote.jpg\" \/>\n\t<meta property=\"og:image:width\" content=\"1000\" \/>\n\t<meta property=\"og:image:height\" content=\"1000\" \/>\n\t<meta property=\"og:image:type\" content=\"image\/jpeg\" \/>\n<meta name=\"twitter:card\" content=\"summary_large_image\" \/>\n<meta name=\"twitter:site\" content=\"@MuumitRahaksi\" \/>\n<meta name=\"twitter:label1\" content=\"Ber\u00e4knad l\u00e4stid\" \/>\n\t<meta name=\"twitter:data1\" content=\"2 minuter\" \/>\n<script type=\"application\/ld+json\" class=\"yoast-schema-graph\">{\"@context\":\"https:\/\/schema.org\",\"@graph\":[{\"@type\":\"WebPage\",\"@id\":\"https:\/\/muumimukitrahaksi.fi\/sv\/produkt\/samling-av-muminmuggar-mumin-80-ar-2025-etikett\/\",\"url\":\"https:\/\/muumimukitrahaksi.fi\/sv\/produkt\/samling-av-muminmuggar-mumin-80-ar-2025-etikett\/\",\"name\":\"Samling av muminmuggar Mumin 80 \u00e5r (2025) *ETIKETT* - Muumimukit Rahaksi\",\"isPartOf\":{\"@id\":\"https:\/\/muumimukitrahaksi.fi\/#website\"},\"primaryImageOfPage\":{\"@id\":\"https:\/\/muumimukitrahaksi.fi\/sv\/produkt\/samling-av-muminmuggar-mumin-80-ar-2025-etikett\/#primaryimage\"},\"image\":{\"@id\":\"https:\/\/muumimukitrahaksi.fi\/sv\/produkt\/samling-av-muminmuggar-mumin-80-ar-2025-etikett\/#primaryimage\"},\"thumbnailUrl\":\"https:\/\/muumimukitrahaksi.fi\/wp-content\/uploads\/2025\/07\/80leima_tuote.jpg\",\"datePublished\":\"2025-07-18T12:03:10+00:00\",\"dateModified\":\"2026-02-03T15:42:16+00:00\",\"description\":\"En samling av Moomin Arabias muminmuggar, Mumin 80 \u00e5r. \u00c5r 2025 firar Moomin Arabia Muminfigurernas 80-\u00e5rsjubileum genom att lansera specialversioner av sina v\u00e4lk\u00e4nda klassikermuggar.\",\"breadcrumb\":{\"@id\":\"https:\/\/muumimukitrahaksi.fi\/sv\/produkt\/samling-av-muminmuggar-mumin-80-ar-2025-etikett\/#breadcrumb\"},\"inLanguage\":\"sv-SE\",\"potentialAction\":[{\"@type\":\"ReadAction\",\"target\":[\"https:\/\/muumimukitrahaksi.fi\/sv\/produkt\/samling-av-muminmuggar-mumin-80-ar-2025-etikett\/\"]}]},{\"@type\":\"ImageObject\",\"inLanguage\":\"sv-SE\",\"@id\":\"https:\/\/muumimukitrahaksi.fi\/sv\/produkt\/samling-av-muminmuggar-mumin-80-ar-2025-etikett\/#primaryimage\",\"url\":\"https:\/\/muumimukitrahaksi.fi\/wp-content\/uploads\/2025\/07\/80leima_tuote.jpg\",\"contentUrl\":\"https:\/\/muumimukitrahaksi.fi\/wp-content\/uploads\/2025\/07\/80leima_tuote.jpg\",\"width\":1000,\"height\":1000,\"caption\":\"Samling av muminmuggar Mumin 80 \u00e5r\"},{\"@type\":\"BreadcrumbList\",\"@id\":\"https:\/\/muumimukitrahaksi.fi\/sv\/produkt\/samling-av-muminmuggar-mumin-80-ar-2025-etikett\/#breadcrumb\",\"itemListElement\":[{\"@type\":\"ListItem\",\"position\":1,\"name\":\"Etusivu\",\"item\":\"https:\/\/muumimukitrahaksi.fi\/sv\/\"},{\"@type\":\"ListItem\",\"position\":2,\"name\":\"Butik\",\"item\":\"https:\/\/muumimukitrahaksi.fi\/sv\/butik\/\"},{\"@type\":\"ListItem\",\"position\":3,\"name\":\"Samling av muminmuggar Mumin 80 \u00e5r (2025) *ETIKETT*\"}]},{\"@type\":\"WebSite\",\"@id\":\"https:\/\/muumimukitrahaksi.fi\/#website\",\"url\":\"https:\/\/muumimukitrahaksi.fi\/\",\"name\":\"Muumimukit Rahaksi\",\"description\":\"Muumimukeja, -kulhoja ja -lautasia ker\u00e4ilij\u00f6ille!\",\"publisher\":{\"@id\":\"https:\/\/muumimukitrahaksi.fi\/#organization\"},\"potentialAction\":[{\"@type\":\"SearchAction\",\"target\":{\"@type\":\"EntryPoint\",\"urlTemplate\":\"https:\/\/muumimukitrahaksi.fi\/?s={search_term_string}\"},\"query-input\":{\"@type\":\"PropertyValueSpecification\",\"valueRequired\":true,\"valueName\":\"search_term_string\"}}],\"inLanguage\":\"sv-SE\"},{\"@type\":\"Organization\",\"@id\":\"https:\/\/muumimukitrahaksi.fi\/#organization\",\"name\":\"Muumimukit Rahaksi\",\"url\":\"https:\/\/muumimukitrahaksi.fi\/\",\"logo\":{\"@type\":\"ImageObject\",\"inLanguage\":\"sv-SE\",\"@id\":\"https:\/\/muumimukitrahaksi.fi\/#\/schema\/logo\/image\/\",\"url\":\"https:\/\/muumimukitrahaksi.fi\/wp-content\/uploads\/2017\/09\/logooo.jpg\",\"contentUrl\":\"https:\/\/muumimukitrahaksi.fi\/wp-content\/uploads\/2017\/09\/logooo.jpg\",\"width\":514,\"height\":514,\"caption\":\"Muumimukit Rahaksi\"},\"image\":{\"@id\":\"https:\/\/muumimukitrahaksi.fi\/#\/schema\/logo\/image\/\"},\"sameAs\":[\"https:\/\/www.facebook.com\/muumimukitrahaksi\/\",\"https:\/\/x.com\/MuumitRahaksi\",\"https:\/\/www.instagram.com\/muumimukitrahaksi\/\"]}]}<\/script>\n<!-- \/ Yoast SEO plugin. -->","yoast_head_json":{"title":"Samling av muminmuggar Mumin 80 \u00e5r (2025) *ETIKETT* - Muumimukit Rahaksi","description":"En samling av Moomin Arabias muminmuggar, Mumin 80 \u00e5r. \u00c5r 2025 firar Moomin Arabia Muminfigurernas 80-\u00e5rsjubileum genom att lansera specialversioner av sina v\u00e4lk\u00e4nda klassikermuggar.","robots":{"index":"index","follow":"follow","max-snippet":"max-snippet:-1","max-image-preview":"max-image-preview:large","max-video-preview":"max-video-preview:-1"},"canonical":"https:\/\/muumimukitrahaksi.fi\/sv\/produkt\/samling-av-muminmuggar-mumin-80-ar-2025-etikett\/","og_locale":"sv_SE","og_type":"article","og_title":"Samling av muminmuggar Mumin 80 \u00e5r (2025) *ETIKETT* - Muumimukit Rahaksi","og_description":"En samling av Moomin Arabias muminmuggar, Mumin 80 \u00e5r. \u00c5r 2025 firar Moomin Arabia Muminfigurernas 80-\u00e5rsjubileum genom att lansera specialversioner av sina v\u00e4lk\u00e4nda klassikermuggar.","og_url":"https:\/\/muumimukitrahaksi.fi\/sv\/produkt\/samling-av-muminmuggar-mumin-80-ar-2025-etikett\/","og_site_name":"Muumimukit Rahaksi","article_publisher":"https:\/\/www.facebook.com\/muumimukitrahaksi\/","article_modified_time":"2026-02-03T15:42:16+00:00","og_image":[{"width":1000,"height":1000,"url":"https:\/\/muumimukitrahaksi.fi\/wp-content\/uploads\/2025\/07\/80leima_tuote.jpg","type":"image\/jpeg"}],"twitter_card":"summary_large_image","twitter_site":"@MuumitRahaksi","twitter_misc":{"Ber\u00e4knad l\u00e4stid":"2 minuter"},"schema":{"@context":"https:\/\/schema.org","@graph":[{"@type":"WebPage","@id":"https:\/\/muumimukitrahaksi.fi\/sv\/produkt\/samling-av-muminmuggar-mumin-80-ar-2025-etikett\/","url":"https:\/\/muumimukitrahaksi.fi\/sv\/produkt\/samling-av-muminmuggar-mumin-80-ar-2025-etikett\/","name":"Samling av muminmuggar Mumin 80 \u00e5r (2025) *ETIKETT* - Muumimukit Rahaksi","isPartOf":{"@id":"https:\/\/muumimukitrahaksi.fi\/#website"},"primaryImageOfPage":{"@id":"https:\/\/muumimukitrahaksi.fi\/sv\/produkt\/samling-av-muminmuggar-mumin-80-ar-2025-etikett\/#primaryimage"},"image":{"@id":"https:\/\/muumimukitrahaksi.fi\/sv\/produkt\/samling-av-muminmuggar-mumin-80-ar-2025-etikett\/#primaryimage"},"thumbnailUrl":"https:\/\/muumimukitrahaksi.fi\/wp-content\/uploads\/2025\/07\/80leima_tuote.jpg","datePublished":"2025-07-18T12:03:10+00:00","dateModified":"2026-02-03T15:42:16+00:00","description":"En samling av Moomin Arabias muminmuggar, Mumin 80 \u00e5r. \u00c5r 2025 firar Moomin Arabia Muminfigurernas 80-\u00e5rsjubileum genom att lansera specialversioner av sina v\u00e4lk\u00e4nda klassikermuggar.","breadcrumb":{"@id":"https:\/\/muumimukitrahaksi.fi\/sv\/produkt\/samling-av-muminmuggar-mumin-80-ar-2025-etikett\/#breadcrumb"},"inLanguage":"sv-SE","potentialAction":[{"@type":"ReadAction","target":["https:\/\/muumimukitrahaksi.fi\/sv\/produkt\/samling-av-muminmuggar-mumin-80-ar-2025-etikett\/"]}]},{"@type":"ImageObject","inLanguage":"sv-SE","@id":"https:\/\/muumimukitrahaksi.fi\/sv\/produkt\/samling-av-muminmuggar-mumin-80-ar-2025-etikett\/#primaryimage","url":"https:\/\/muumimukitrahaksi.fi\/wp-content\/uploads\/2025\/07\/80leima_tuote.jpg","contentUrl":"https:\/\/muumimukitrahaksi.fi\/wp-content\/uploads\/2025\/07\/80leima_tuote.jpg","width":1000,"height":1000,"caption":"Samling av muminmuggar Mumin 80 \u00e5r"},{"@type":"BreadcrumbList","@id":"https:\/\/muumimukitrahaksi.fi\/sv\/produkt\/samling-av-muminmuggar-mumin-80-ar-2025-etikett\/#breadcrumb","itemListElement":[{"@type":"ListItem","position":1,"name":"Etusivu","item":"https:\/\/muumimukitrahaksi.fi\/sv\/"},{"@type":"ListItem","position":2,"name":"Butik","item":"https:\/\/muumimukitrahaksi.fi\/sv\/butik\/"},{"@type":"ListItem","position":3,"name":"Samling av muminmuggar Mumin 80 \u00e5r (2025) *ETIKETT*"}]},{"@type":"WebSite","@id":"https:\/\/muumimukitrahaksi.fi\/#website","url":"https:\/\/muumimukitrahaksi.fi\/","name":"Muumimukit Rahaksi","description":"Muumimukeja, -kulhoja ja -lautasia ker\u00e4ilij\u00f6ille!","publisher":{"@id":"https:\/\/muumimukitrahaksi.fi\/#organization"},"potentialAction":[{"@type":"SearchAction","target":{"@type":"EntryPoint","urlTemplate":"https:\/\/muumimukitrahaksi.fi\/?s={search_term_string}"},"query-input":{"@type":"PropertyValueSpecification","valueRequired":true,"valueName":"search_term_string"}}],"inLanguage":"sv-SE"},{"@type":"Organization","@id":"https:\/\/muumimukitrahaksi.fi\/#organization","name":"Muumimukit Rahaksi","url":"https:\/\/muumimukitrahaksi.fi\/","logo":{"@type":"ImageObject","inLanguage":"sv-SE","@id":"https:\/\/muumimukitrahaksi.fi\/#\/schema\/logo\/image\/","url":"https:\/\/muumimukitrahaksi.fi\/wp-content\/uploads\/2017\/09\/logooo.jpg","contentUrl":"https:\/\/muumimukitrahaksi.fi\/wp-content\/uploads\/2017\/09\/logooo.jpg","width":514,"height":514,"caption":"Muumimukit Rahaksi"},"image":{"@id":"https:\/\/muumimukitrahaksi.fi\/#\/schema\/logo\/image\/"},"sameAs":["https:\/\/www.facebook.com\/muumimukitrahaksi\/","https:\/\/x.com\/MuumitRahaksi","https:\/\/www.instagram.com\/muumimukitrahaksi\/"]}]}},"_links":{"self":[{"href":"https:\/\/muumimukitrahaksi.fi\/sv\/wp-json\/wp\/v2\/product\/136844","targetHints":{"allow":["GET"]}}],"collection":[{"href":"https:\/\/muumimukitrahaksi.fi\/sv\/wp-json\/wp\/v2\/product"}],"about":[{"href":"https:\/\/muumimukitrahaksi.fi\/sv\/wp-json\/wp\/v2\/types\/product"}],"wp:featuredmedia":[{"embeddable":true,"href":"https:\/\/muumimukitrahaksi.fi\/sv\/wp-json\/wp\/v2\/media\/136824"}],"wp:attachment":[{"href":"https:\/\/muumimukitrahaksi.fi\/sv\/wp-json\/wp\/v2\/media?parent=136844"}],"wp:term":[{"taxonomy":"product_brand","embeddable":true,"href":"https:\/\/muumimukitrahaksi.fi\/sv\/wp-json\/wp\/v2\/product_brand?post=136844"},{"taxonomy":"product_cat","embeddable":true,"href":"https:\/\/muumimukitrahaksi.fi\/sv\/wp-json\/wp\/v2\/product_cat?post=136844"},{"taxonomy":"product_tag","embeddable":true,"href":"https:\/\/muumimukitrahaksi.fi\/sv\/wp-json\/wp\/v2\/product_tag?post=136844"}],"curies":[{"name":"wp","href":"https:\/\/api.w.org\/{rel}","templated":true}]}}