{"id":139532,"date":"2025-08-14T16:36:10","date_gmt":"2025-08-14T13:36:10","guid":{"rendered":"https:\/\/muumimukitrahaksi.fi\/tuote\/moomin-mugs-boken-mumindagen-2025-minimugg-2025-ny\/"},"modified":"2026-04-19T10:41:40","modified_gmt":"2026-04-19T07:41:40","slug":"moomin-mugs-boken-mumindagen-2025-minimugg-2025-ny","status":"publish","type":"product","link":"https:\/\/muumimukitrahaksi.fi\/sv\/produkt\/moomin-mugs-boken-mumindagen-2025-minimugg-2025-ny\/","title":{"rendered":"Moomin mugs -boken + Mumindagen 2025 -minimugg (2025) *NY*"},"content":{"rendered":"<p style=\"text-align: center;\"><strong>\u2022 Officiell Moomin Characters\u00a0 licensinnehavare \u2022 Delbetalning\/faktura \u2022 Kvalitetsgranskade produkter<\/strong><\/p>\n<p><strong>Moomin mugs -boken och Mumindagen 2025 -minimugg<\/strong> har skapats i samarbete med Moomin Arabia och Moomin Characters. Boken \u00e4r p\u00e5 engelska. Den har tryckts i en begr\u00e4nsad upplaga p\u00e5 endast 2025 exemplar. Boken s\u00e4ljs tillsammans med Mumindagen 2025 -minimugg. Denna minimugg finns inte till f\u00f6rs\u00e4ljning separat, s\u00e5 \u00e4ven den har tillverkats i endast 2025 exemplar. Bokens texter \u00e4r skrivna av journalisten Anna-Kaisa Huusko.<\/p>\n<p>Boken Moomin mugs firar Mumins 80-\u00e5rsjubileum. Det \u00e4r den mest aktuella guiden till muminmuggar och en fantastisk presentbok. I samarbete med Moomin Arabia och Moomin Characters samlar Muminmuggar hela produktionen av Teema-modellens muminmuggar fr\u00e5n Arabias fabrik under \u00e5ren 1990-2025. Alla jubileumsmuggar fr\u00e5n 2025 ing\u00e5r ocks\u00e5. Boken presenterar levande muggarens historia, designprocess och tillverkning, och lyfter fram intressanta detaljer om enskilda muggar. Dessutom inneh\u00e5ller boken intervjuer med samlare fr\u00e5n hela v\u00e4rlden. Det vackert illustrerade verket fungerar b\u00e5de som en kunskapsk\u00e4lla f\u00f6r samlare och som en gl\u00e4djande bok f\u00f6r alla Mumin-fans.<\/p>\n<p>Produktinformation: Inbunden, p\u00e5 engelska, 304 sidor, 1132 gram, ISBN 978-951-0-51853-3<\/p>\n<p>Uppt\u00e4ck muminskatter fr\u00e5n v\u00e4rldens mest omfattande urval av Mumin-samlingsprodukter i denna bok <a href=\"https:\/\/muumimukitrahaksi.fi\/sv\/butik\/\">h\u00e4r<\/a>.<\/p>\n","protected":false},"excerpt":{"rendered":"<p style=\"text-align: center;\"><strong>H\u00f6gklassiga varor \u2022 Snabb leverans<\/strong><\/p>\n<p>Moomin Arabias Moomin mugs -boken och Mumindagen 2025 -minimugg. <strong>Tillverkad i endast 2025 exemplar.<\/strong> Boken \u00e4r ny. <strong>Boken \u00e4r p\u00e5 engelska.<\/strong> I priset (149,90\u20ac) ing\u00e5r finsk moms (13.5%). Momsen tas bort i kassan f\u00f6r kunder utanf\u00f6r EU. Boken och minimuggen packas med omsorg och f\u00f6rnybara material.<\/p>\n<p style=\"text-align: center;\"><strong>\u2022 S\u00e4kra betalningss\u00e4tt<\/strong><\/p>\n<p><img loading=\"lazy\" decoding=\"async\" class=\"aligncenter wp-image-20415 size-full\" src=\"https:\/\/muumimukitrahaksi.fi\/wp-content\/uploads\/2020\/06\/maksutavat-2026-pieni-eng.png\" alt=\"Payment options\" width=\"350\" height=\"200\" \/><\/p>\n","protected":false},"featured_media":139359,"template":"","meta":[],"product_brand":[],"product_cat":[548,556,533],"product_tag":[],"class_list":{"0":"post-139532","1":"product","2":"type-product","3":"status-publish","4":"has-post-thumbnail","6":"product_cat-ovriga-produkter","7":"product_cat-ovrigt","8":"product_cat-rea","10":"first","11":"instock","12":"sale","13":"featured","14":"taxable","15":"shipping-taxable","16":"purchasable","17":"product-type-simple"},"yoast_head":"<!-- This site is optimized with the Yoast SEO plugin v27.1.1 - https:\/\/yoast.com\/product\/yoast-seo-wordpress\/ -->\n<title>Moomin mugs -boken + Mumindagen 2025 -minimugg (2025) *NY* - Muumimukit Rahaksi<\/title>\n<meta name=\"description\" content=\"Moomin Arabias Moomin mugs -boken och Mumindagen 2025 -minimugg. Tillverkad i endast 2025 exemplar. Boken \u00e4r ny.\" \/>\n<meta name=\"robots\" content=\"index, follow, max-snippet:-1, max-image-preview:large, max-video-preview:-1\" \/>\n<link rel=\"canonical\" href=\"https:\/\/muumimukitrahaksi.fi\/sv\/produkt\/moomin-mugs-boken-mumindagen-2025-minimugg-2025-ny\/\" \/>\n<meta property=\"og:locale\" content=\"sv_SE\" \/>\n<meta property=\"og:type\" content=\"article\" \/>\n<meta property=\"og:title\" content=\"Moomin mugs -boken + Mumindagen 2025 -minimugg (2025) *NY* - Muumimukit Rahaksi\" \/>\n<meta property=\"og:description\" content=\"Moomin Arabias Moomin mugs -boken och Mumindagen 2025 -minimugg. Tillverkad i endast 2025 exemplar. Boken \u00e4r ny.\" \/>\n<meta property=\"og:url\" content=\"https:\/\/muumimukitrahaksi.fi\/sv\/produkt\/moomin-mugs-boken-mumindagen-2025-minimugg-2025-ny\/\" \/>\n<meta property=\"og:site_name\" content=\"Muumimukit Rahaksi\" \/>\n<meta property=\"article:publisher\" content=\"https:\/\/www.facebook.com\/muumimukitrahaksi\/\" \/>\n<meta property=\"article:modified_time\" content=\"2026-04-19T07:41:40+00:00\" \/>\n<meta property=\"og:image\" content=\"https:\/\/muumimukitrahaksi.fi\/wp-content\/uploads\/2025\/08\/kirja2025_eng.jpg\" \/>\n\t<meta property=\"og:image:width\" content=\"1000\" \/>\n\t<meta property=\"og:image:height\" content=\"1000\" \/>\n\t<meta property=\"og:image:type\" content=\"image\/jpeg\" \/>\n<meta name=\"twitter:card\" content=\"summary_large_image\" \/>\n<meta name=\"twitter:site\" content=\"@MuumitRahaksi\" \/>\n<meta name=\"twitter:label1\" content=\"Ber\u00e4knad l\u00e4stid\" \/>\n\t<meta name=\"twitter:data1\" content=\"1 minut\" \/>\n<script type=\"application\/ld+json\" class=\"yoast-schema-graph\">{\"@context\":\"https:\/\/schema.org\",\"@graph\":[{\"@type\":\"WebPage\",\"@id\":\"https:\/\/muumimukitrahaksi.fi\/sv\/produkt\/moomin-mugs-boken-mumindagen-2025-minimugg-2025-ny\/\",\"url\":\"https:\/\/muumimukitrahaksi.fi\/sv\/produkt\/moomin-mugs-boken-mumindagen-2025-minimugg-2025-ny\/\",\"name\":\"Moomin mugs -boken + Mumindagen 2025 -minimugg (2025) *NY* - Muumimukit Rahaksi\",\"isPartOf\":{\"@id\":\"https:\/\/muumimukitrahaksi.fi\/#website\"},\"primaryImageOfPage\":{\"@id\":\"https:\/\/muumimukitrahaksi.fi\/sv\/produkt\/moomin-mugs-boken-mumindagen-2025-minimugg-2025-ny\/#primaryimage\"},\"image\":{\"@id\":\"https:\/\/muumimukitrahaksi.fi\/sv\/produkt\/moomin-mugs-boken-mumindagen-2025-minimugg-2025-ny\/#primaryimage\"},\"thumbnailUrl\":\"https:\/\/muumimukitrahaksi.fi\/wp-content\/uploads\/2025\/08\/kirja2025_eng.jpg\",\"datePublished\":\"2025-08-14T13:36:10+00:00\",\"dateModified\":\"2026-04-19T07:41:40+00:00\",\"description\":\"Moomin Arabias Moomin mugs -boken och Mumindagen 2025 -minimugg. Tillverkad i endast 2025 exemplar. Boken \u00e4r ny.\",\"breadcrumb\":{\"@id\":\"https:\/\/muumimukitrahaksi.fi\/sv\/produkt\/moomin-mugs-boken-mumindagen-2025-minimugg-2025-ny\/#breadcrumb\"},\"inLanguage\":\"sv-SE\",\"potentialAction\":[{\"@type\":\"ReadAction\",\"target\":[\"https:\/\/muumimukitrahaksi.fi\/sv\/produkt\/moomin-mugs-boken-mumindagen-2025-minimugg-2025-ny\/\"]}]},{\"@type\":\"ImageObject\",\"inLanguage\":\"sv-SE\",\"@id\":\"https:\/\/muumimukitrahaksi.fi\/sv\/produkt\/moomin-mugs-boken-mumindagen-2025-minimugg-2025-ny\/#primaryimage\",\"url\":\"https:\/\/muumimukitrahaksi.fi\/wp-content\/uploads\/2025\/08\/kirja2025_eng.jpg\",\"contentUrl\":\"https:\/\/muumimukitrahaksi.fi\/wp-content\/uploads\/2025\/08\/kirja2025_eng.jpg\",\"width\":1000,\"height\":1000,\"caption\":\"Moomin mugs -boken + Mumindagen 2025 -minimugg\"},{\"@type\":\"BreadcrumbList\",\"@id\":\"https:\/\/muumimukitrahaksi.fi\/sv\/produkt\/moomin-mugs-boken-mumindagen-2025-minimugg-2025-ny\/#breadcrumb\",\"itemListElement\":[{\"@type\":\"ListItem\",\"position\":1,\"name\":\"Etusivu\",\"item\":\"https:\/\/muumimukitrahaksi.fi\/sv\/\"},{\"@type\":\"ListItem\",\"position\":2,\"name\":\"Butik\",\"item\":\"https:\/\/muumimukitrahaksi.fi\/sv\/butik\/\"},{\"@type\":\"ListItem\",\"position\":3,\"name\":\"Moomin mugs -boken + Mumindagen 2025 -minimugg (2025) *NY*\"}]},{\"@type\":\"WebSite\",\"@id\":\"https:\/\/muumimukitrahaksi.fi\/#website\",\"url\":\"https:\/\/muumimukitrahaksi.fi\/\",\"name\":\"Muumimukit Rahaksi\",\"description\":\"Muumimukeja, -kulhoja ja -lautasia ker\u00e4ilij\u00f6ille!\",\"publisher\":{\"@id\":\"https:\/\/muumimukitrahaksi.fi\/#organization\"},\"potentialAction\":[{\"@type\":\"SearchAction\",\"target\":{\"@type\":\"EntryPoint\",\"urlTemplate\":\"https:\/\/muumimukitrahaksi.fi\/?s={search_term_string}\"},\"query-input\":{\"@type\":\"PropertyValueSpecification\",\"valueRequired\":true,\"valueName\":\"search_term_string\"}}],\"inLanguage\":\"sv-SE\"},{\"@type\":\"Organization\",\"@id\":\"https:\/\/muumimukitrahaksi.fi\/#organization\",\"name\":\"Muumimukit Rahaksi\",\"url\":\"https:\/\/muumimukitrahaksi.fi\/\",\"logo\":{\"@type\":\"ImageObject\",\"inLanguage\":\"sv-SE\",\"@id\":\"https:\/\/muumimukitrahaksi.fi\/#\/schema\/logo\/image\/\",\"url\":\"https:\/\/muumimukitrahaksi.fi\/wp-content\/uploads\/2017\/09\/logooo.jpg\",\"contentUrl\":\"https:\/\/muumimukitrahaksi.fi\/wp-content\/uploads\/2017\/09\/logooo.jpg\",\"width\":514,\"height\":514,\"caption\":\"Muumimukit Rahaksi\"},\"image\":{\"@id\":\"https:\/\/muumimukitrahaksi.fi\/#\/schema\/logo\/image\/\"},\"sameAs\":[\"https:\/\/www.facebook.com\/muumimukitrahaksi\/\",\"https:\/\/x.com\/MuumitRahaksi\",\"https:\/\/www.instagram.com\/muumimukitrahaksi\/\"]}]}<\/script>\n<!-- \/ Yoast SEO plugin. -->","yoast_head_json":{"title":"Moomin mugs -boken + Mumindagen 2025 -minimugg (2025) *NY* - Muumimukit Rahaksi","description":"Moomin Arabias Moomin mugs -boken och Mumindagen 2025 -minimugg. Tillverkad i endast 2025 exemplar. Boken \u00e4r ny.","robots":{"index":"index","follow":"follow","max-snippet":"max-snippet:-1","max-image-preview":"max-image-preview:large","max-video-preview":"max-video-preview:-1"},"canonical":"https:\/\/muumimukitrahaksi.fi\/sv\/produkt\/moomin-mugs-boken-mumindagen-2025-minimugg-2025-ny\/","og_locale":"sv_SE","og_type":"article","og_title":"Moomin mugs -boken + Mumindagen 2025 -minimugg (2025) *NY* - Muumimukit Rahaksi","og_description":"Moomin Arabias Moomin mugs -boken och Mumindagen 2025 -minimugg. Tillverkad i endast 2025 exemplar. Boken \u00e4r ny.","og_url":"https:\/\/muumimukitrahaksi.fi\/sv\/produkt\/moomin-mugs-boken-mumindagen-2025-minimugg-2025-ny\/","og_site_name":"Muumimukit Rahaksi","article_publisher":"https:\/\/www.facebook.com\/muumimukitrahaksi\/","article_modified_time":"2026-04-19T07:41:40+00:00","og_image":[{"width":1000,"height":1000,"url":"https:\/\/muumimukitrahaksi.fi\/wp-content\/uploads\/2025\/08\/kirja2025_eng.jpg","type":"image\/jpeg"}],"twitter_card":"summary_large_image","twitter_site":"@MuumitRahaksi","twitter_misc":{"Ber\u00e4knad l\u00e4stid":"1 minut"},"schema":{"@context":"https:\/\/schema.org","@graph":[{"@type":"WebPage","@id":"https:\/\/muumimukitrahaksi.fi\/sv\/produkt\/moomin-mugs-boken-mumindagen-2025-minimugg-2025-ny\/","url":"https:\/\/muumimukitrahaksi.fi\/sv\/produkt\/moomin-mugs-boken-mumindagen-2025-minimugg-2025-ny\/","name":"Moomin mugs -boken + Mumindagen 2025 -minimugg (2025) *NY* - Muumimukit Rahaksi","isPartOf":{"@id":"https:\/\/muumimukitrahaksi.fi\/#website"},"primaryImageOfPage":{"@id":"https:\/\/muumimukitrahaksi.fi\/sv\/produkt\/moomin-mugs-boken-mumindagen-2025-minimugg-2025-ny\/#primaryimage"},"image":{"@id":"https:\/\/muumimukitrahaksi.fi\/sv\/produkt\/moomin-mugs-boken-mumindagen-2025-minimugg-2025-ny\/#primaryimage"},"thumbnailUrl":"https:\/\/muumimukitrahaksi.fi\/wp-content\/uploads\/2025\/08\/kirja2025_eng.jpg","datePublished":"2025-08-14T13:36:10+00:00","dateModified":"2026-04-19T07:41:40+00:00","description":"Moomin Arabias Moomin mugs -boken och Mumindagen 2025 -minimugg. Tillverkad i endast 2025 exemplar. Boken \u00e4r ny.","breadcrumb":{"@id":"https:\/\/muumimukitrahaksi.fi\/sv\/produkt\/moomin-mugs-boken-mumindagen-2025-minimugg-2025-ny\/#breadcrumb"},"inLanguage":"sv-SE","potentialAction":[{"@type":"ReadAction","target":["https:\/\/muumimukitrahaksi.fi\/sv\/produkt\/moomin-mugs-boken-mumindagen-2025-minimugg-2025-ny\/"]}]},{"@type":"ImageObject","inLanguage":"sv-SE","@id":"https:\/\/muumimukitrahaksi.fi\/sv\/produkt\/moomin-mugs-boken-mumindagen-2025-minimugg-2025-ny\/#primaryimage","url":"https:\/\/muumimukitrahaksi.fi\/wp-content\/uploads\/2025\/08\/kirja2025_eng.jpg","contentUrl":"https:\/\/muumimukitrahaksi.fi\/wp-content\/uploads\/2025\/08\/kirja2025_eng.jpg","width":1000,"height":1000,"caption":"Moomin mugs -boken + Mumindagen 2025 -minimugg"},{"@type":"BreadcrumbList","@id":"https:\/\/muumimukitrahaksi.fi\/sv\/produkt\/moomin-mugs-boken-mumindagen-2025-minimugg-2025-ny\/#breadcrumb","itemListElement":[{"@type":"ListItem","position":1,"name":"Etusivu","item":"https:\/\/muumimukitrahaksi.fi\/sv\/"},{"@type":"ListItem","position":2,"name":"Butik","item":"https:\/\/muumimukitrahaksi.fi\/sv\/butik\/"},{"@type":"ListItem","position":3,"name":"Moomin mugs -boken + Mumindagen 2025 -minimugg (2025) *NY*"}]},{"@type":"WebSite","@id":"https:\/\/muumimukitrahaksi.fi\/#website","url":"https:\/\/muumimukitrahaksi.fi\/","name":"Muumimukit Rahaksi","description":"Muumimukeja, -kulhoja ja -lautasia ker\u00e4ilij\u00f6ille!","publisher":{"@id":"https:\/\/muumimukitrahaksi.fi\/#organization"},"potentialAction":[{"@type":"SearchAction","target":{"@type":"EntryPoint","urlTemplate":"https:\/\/muumimukitrahaksi.fi\/?s={search_term_string}"},"query-input":{"@type":"PropertyValueSpecification","valueRequired":true,"valueName":"search_term_string"}}],"inLanguage":"sv-SE"},{"@type":"Organization","@id":"https:\/\/muumimukitrahaksi.fi\/#organization","name":"Muumimukit Rahaksi","url":"https:\/\/muumimukitrahaksi.fi\/","logo":{"@type":"ImageObject","inLanguage":"sv-SE","@id":"https:\/\/muumimukitrahaksi.fi\/#\/schema\/logo\/image\/","url":"https:\/\/muumimukitrahaksi.fi\/wp-content\/uploads\/2017\/09\/logooo.jpg","contentUrl":"https:\/\/muumimukitrahaksi.fi\/wp-content\/uploads\/2017\/09\/logooo.jpg","width":514,"height":514,"caption":"Muumimukit Rahaksi"},"image":{"@id":"https:\/\/muumimukitrahaksi.fi\/#\/schema\/logo\/image\/"},"sameAs":["https:\/\/www.facebook.com\/muumimukitrahaksi\/","https:\/\/x.com\/MuumitRahaksi","https:\/\/www.instagram.com\/muumimukitrahaksi\/"]}]}},"_links":{"self":[{"href":"https:\/\/muumimukitrahaksi.fi\/sv\/wp-json\/wp\/v2\/product\/139532","targetHints":{"allow":["GET"]}}],"collection":[{"href":"https:\/\/muumimukitrahaksi.fi\/sv\/wp-json\/wp\/v2\/product"}],"about":[{"href":"https:\/\/muumimukitrahaksi.fi\/sv\/wp-json\/wp\/v2\/types\/product"}],"wp:featuredmedia":[{"embeddable":true,"href":"https:\/\/muumimukitrahaksi.fi\/sv\/wp-json\/wp\/v2\/media\/139359"}],"wp:attachment":[{"href":"https:\/\/muumimukitrahaksi.fi\/sv\/wp-json\/wp\/v2\/media?parent=139532"}],"wp:term":[{"taxonomy":"product_brand","embeddable":true,"href":"https:\/\/muumimukitrahaksi.fi\/sv\/wp-json\/wp\/v2\/product_brand?post=139532"},{"taxonomy":"product_cat","embeddable":true,"href":"https:\/\/muumimukitrahaksi.fi\/sv\/wp-json\/wp\/v2\/product_cat?post=139532"},{"taxonomy":"product_tag","embeddable":true,"href":"https:\/\/muumimukitrahaksi.fi\/sv\/wp-json\/wp\/v2\/product_tag?post=139532"}],"curies":[{"name":"wp","href":"https:\/\/api.w.org\/{rel}","templated":true}]}}