{"id":141703,"date":"2025-09-04T13:26:16","date_gmt":"2025-09-04T10:26:16","guid":{"rendered":"https:\/\/muumimukitrahaksi.fi\/tuote\/muminmugg-pop-snorkfroken-2025-ny\/"},"modified":"2026-03-06T22:04:33","modified_gmt":"2026-03-06T20:04:33","slug":"muminmugg-pop-snorkfroken-2025-ny","status":"publish","type":"product","link":"https:\/\/muumimukitrahaksi.fi\/sv\/produkt\/muminmugg-pop-snorkfroken-2025-ny\/","title":{"rendered":"Muminmugg POP Snorkfr\u00f6ken (2025-) *NY*"},"content":{"rendered":"<p style=\"text-align: center;\"><strong>\u2022 Officiell Moomin Characters\u00a0 licensinnehavare \u2022 Delbetalning\/faktura \u2022 Kvalitetsgranskade produkter<\/strong><\/p>\n<p data-start=\"49\" data-end=\"384\"><strong data-start=\"49\" data-end=\"163\">Muminmuggen POP Snorkfr\u00f6ken <\/strong>\u00e4r en del av den helt nya muminmuggserien fr\u00e5n Moomin Arabia, som lanseras \u00e5r 2025.<br data-start=\"163\" data-end=\"166\" \/>De nya POP-muggarna finns endast tillg\u00e4ngliga p\u00e5 den japanska marknaden. POP-muminmuggarna rymmer 0,3 liter. Vid lanseringstidpunkten \u00e5r 2025 best\u00e5r serien av fyra muggar: Snusmumriken, Mumintrollet, Lilla My och Snorkfr\u00f6ken.<\/p>\n<p data-start=\"386\" data-end=\"908\">Illustrationen p\u00e5 POP Snorkfr\u00f6ken-muggens framsida visar en av Mumindalens mest \u00e4lskade karakt\u00e4rer, Snorkfr\u00f6ken, i bikini med en sur Mumin under ett parasoll i bakgrunden. P\u00e5 andra sidan av muggen har Mumintrollet \u00e4nd\u00e5 gett sig av efter Snorkfr\u00f6ken till stranden. Inuti varje POP-mugg finns ett citat p\u00e5 engelska som \u00e4r kopplat till karakt\u00e4ren p\u00e5 muggen, placerat i en liten pratbubbla. P\u00e5 denna mugg st\u00e5r citatet: &#8220;Come on to the beach, Moomin.&#8221;<\/p>\n<p data-start=\"910\" data-end=\"1387\">Sedan 90-talet har Arabias muminmuggar producerats p\u00e5 Kaj Francks Teema-serie. POP-muggarna fr\u00e5n Moomin Arabia baseras d\u00e4remot p\u00e5 Mainio-modellen, designad av Irina Viippola \u00e5r 2018. Muggarna \u00e4r dessutom, ovanligt nog tillverkade i stengods, vilket g\u00f6r att de har en naturligt l\u00e4tt gulaktig ton p\u00e5 utsidan av botten. P\u00e5 botten hittar man \u00e4ven en annan \u00f6verraskning \u2013 det m\u00e5lande Mumintrollet som tidigare prytt muminmuggarna, har h\u00e4r ersatts av en m\u00e5lande Lilla My.<\/p>\n<p data-start=\"1389\" data-end=\"1549\">POP-seriens muminmuggar har inga etiketter, de har ist\u00e4llet egna presentf\u00f6rpackningar. Muggarna t\u00e5l b\u00e5de mikro och ugn men rekommenderas att diskas f\u00f6r hand.<\/p>\n<p>Kolla in andra produkter ur Mumin POP -kollektionen <a href=\"https:\/\/muumimukitrahaksi.fi\/sv\/produkt-nyckelord\/pop-sv\/\">h\u00e4r.<\/a><\/p>\n<p>Har du POP Snorkfr\u00f6ken muminmuggen och vill s\u00e4lja den? Vi k\u00f6per ocks\u00e5 muminmuggar. Klicka <a href=\"https:\/\/muumimukitrahaksi.fi\/en\/sell-moomin\/\">h\u00e4r<\/a>, fyll i formul\u00e4ret och f\u00e5 en offert samma dag.<\/p>\n","protected":false},"excerpt":{"rendered":"<p style=\"text-align: center;\"><strong>\u2022 H\u00f6gklassiga varor \u2022 Snabb leverans<\/strong><\/p>\n<p>Moomin Arabias alldeles nya muminmugg, POP Snorkfr\u00f6ken, finns nu att best\u00e4lla!\u00a0Muggens volym \u00e4r 0,3 liter. Muggen \u00e4r ny och kommer i sin ursprungliga presentf\u00f6rpackning. Priset (29,90\u20ac) inkluderar finsk moms (25,5%). Momsen tas bort i kassan f\u00f6r kunder utanf\u00f6r EU. Muggen packas med omsorg och f\u00f6rnybara material.<\/p>\n<p style=\"text-align: center;\"><strong>\u2022 S\u00e4kra betalningss\u00e4tt<\/strong><\/p>\n<p><img loading=\"lazy\" decoding=\"async\" class=\"aligncenter wp-image-20415 size-full\" src=\"https:\/\/muumimukitrahaksi.fi\/wp-content\/uploads\/2020\/06\/maksutavat-2026-pieni-eng.png\" alt=\"Payment options\" width=\"350\" height=\"200\" \/><\/p>\n","protected":false},"featured_media":141600,"template":"","meta":[],"product_brand":[],"product_cat":[537,546,544,534,671],"product_tag":[574,626,597,689,606],"class_list":{"0":"post-141703","1":"product","2":"type-product","3":"status-publish","4":"has-post-thumbnail","6":"product_cat-arabia-muggar","7":"product_cat-muggar-i-produktion","8":"product_cat-muggar-med-etikett","9":"product_cat-muggar","10":"product_cat-nyheter","11":"product_tag-japan-sv","12":"product_tag-med-etikett","13":"product_tag-muminmugg","14":"product_tag-pop-sv","15":"product_tag-snorkfroken","17":"first","18":"instock","19":"featured","20":"taxable","21":"shipping-taxable","22":"purchasable","23":"product-type-simple"},"yoast_head":"<!-- This site is optimized with the Yoast SEO plugin v27.1.1 - https:\/\/yoast.com\/product\/yoast-seo-wordpress\/ -->\n<title>Muminmugg POP Snorkfr\u00f6ken (2025-) *NY* - Muumimukit Rahaksi<\/title>\n<meta name=\"description\" content=\"Moomin Arabias muminmugg POP Snorkfr\u00f6ken finns nu att best\u00e4lla! POP-muminmuggarna \u00e4r gjorda enbart f\u00f6r den japanska marknaden. Muggens volym \u00e4r 0,3 liter.\" \/>\n<meta name=\"robots\" content=\"index, follow, max-snippet:-1, max-image-preview:large, max-video-preview:-1\" \/>\n<link rel=\"canonical\" href=\"https:\/\/muumimukitrahaksi.fi\/sv\/produkt\/muminmugg-pop-snorkfroken-2025-ny\/\" \/>\n<meta property=\"og:locale\" content=\"sv_SE\" \/>\n<meta property=\"og:type\" content=\"article\" \/>\n<meta property=\"og:title\" content=\"Muminmugg POP Snorkfr\u00f6ken (2025-) *NY* - Muumimukit Rahaksi\" \/>\n<meta property=\"og:description\" content=\"Moomin Arabias muminmugg POP Snorkfr\u00f6ken finns nu att best\u00e4lla! POP-muminmuggarna \u00e4r gjorda enbart f\u00f6r den japanska marknaden. Muggens volym \u00e4r 0,3 liter.\" \/>\n<meta property=\"og:url\" content=\"https:\/\/muumimukitrahaksi.fi\/sv\/produkt\/muminmugg-pop-snorkfroken-2025-ny\/\" \/>\n<meta property=\"og:site_name\" content=\"Muumimukit Rahaksi\" \/>\n<meta property=\"article:publisher\" content=\"https:\/\/www.facebook.com\/muumimukitrahaksi\/\" \/>\n<meta property=\"article:modified_time\" content=\"2026-03-06T20:04:33+00:00\" \/>\n<meta property=\"og:image\" content=\"https:\/\/muumimukitrahaksi.fi\/wp-content\/uploads\/2025\/09\/DSC09790.jpg\" \/>\n\t<meta property=\"og:image:width\" content=\"1000\" \/>\n\t<meta property=\"og:image:height\" content=\"1000\" \/>\n\t<meta property=\"og:image:type\" content=\"image\/jpeg\" \/>\n<meta name=\"twitter:card\" content=\"summary_large_image\" \/>\n<meta name=\"twitter:site\" content=\"@MuumitRahaksi\" \/>\n<meta name=\"twitter:label1\" content=\"Ber\u00e4knad l\u00e4stid\" \/>\n\t<meta name=\"twitter:data1\" content=\"1 minut\" \/>\n<script type=\"application\/ld+json\" class=\"yoast-schema-graph\">{\"@context\":\"https:\/\/schema.org\",\"@graph\":[{\"@type\":\"WebPage\",\"@id\":\"https:\/\/muumimukitrahaksi.fi\/sv\/produkt\/muminmugg-pop-snorkfroken-2025-ny\/\",\"url\":\"https:\/\/muumimukitrahaksi.fi\/sv\/produkt\/muminmugg-pop-snorkfroken-2025-ny\/\",\"name\":\"Muminmugg POP Snorkfr\u00f6ken (2025-) *NY* - Muumimukit Rahaksi\",\"isPartOf\":{\"@id\":\"https:\/\/muumimukitrahaksi.fi\/#website\"},\"primaryImageOfPage\":{\"@id\":\"https:\/\/muumimukitrahaksi.fi\/sv\/produkt\/muminmugg-pop-snorkfroken-2025-ny\/#primaryimage\"},\"image\":{\"@id\":\"https:\/\/muumimukitrahaksi.fi\/sv\/produkt\/muminmugg-pop-snorkfroken-2025-ny\/#primaryimage\"},\"thumbnailUrl\":\"https:\/\/muumimukitrahaksi.fi\/wp-content\/uploads\/2025\/09\/DSC09790.jpg\",\"datePublished\":\"2025-09-04T10:26:16+00:00\",\"dateModified\":\"2026-03-06T20:04:33+00:00\",\"description\":\"Moomin Arabias muminmugg POP Snorkfr\u00f6ken finns nu att best\u00e4lla! POP-muminmuggarna \u00e4r gjorda enbart f\u00f6r den japanska marknaden. Muggens volym \u00e4r 0,3 liter.\",\"breadcrumb\":{\"@id\":\"https:\/\/muumimukitrahaksi.fi\/sv\/produkt\/muminmugg-pop-snorkfroken-2025-ny\/#breadcrumb\"},\"inLanguage\":\"sv-SE\",\"potentialAction\":[{\"@type\":\"ReadAction\",\"target\":[\"https:\/\/muumimukitrahaksi.fi\/sv\/produkt\/muminmugg-pop-snorkfroken-2025-ny\/\"]}]},{\"@type\":\"ImageObject\",\"inLanguage\":\"sv-SE\",\"@id\":\"https:\/\/muumimukitrahaksi.fi\/sv\/produkt\/muminmugg-pop-snorkfroken-2025-ny\/#primaryimage\",\"url\":\"https:\/\/muumimukitrahaksi.fi\/wp-content\/uploads\/2025\/09\/DSC09790.jpg\",\"contentUrl\":\"https:\/\/muumimukitrahaksi.fi\/wp-content\/uploads\/2025\/09\/DSC09790.jpg\",\"width\":1000,\"height\":1000,\"caption\":\"Muminmugg POP Snorkfr\u00f6ken\"},{\"@type\":\"BreadcrumbList\",\"@id\":\"https:\/\/muumimukitrahaksi.fi\/sv\/produkt\/muminmugg-pop-snorkfroken-2025-ny\/#breadcrumb\",\"itemListElement\":[{\"@type\":\"ListItem\",\"position\":1,\"name\":\"Etusivu\",\"item\":\"https:\/\/muumimukitrahaksi.fi\/sv\/\"},{\"@type\":\"ListItem\",\"position\":2,\"name\":\"Butik\",\"item\":\"https:\/\/muumimukitrahaksi.fi\/sv\/butik\/\"},{\"@type\":\"ListItem\",\"position\":3,\"name\":\"Muminmugg POP Snorkfr\u00f6ken (2025-) *NY*\"}]},{\"@type\":\"WebSite\",\"@id\":\"https:\/\/muumimukitrahaksi.fi\/#website\",\"url\":\"https:\/\/muumimukitrahaksi.fi\/\",\"name\":\"Muumimukit Rahaksi\",\"description\":\"Muumimukeja, -kulhoja ja -lautasia ker\u00e4ilij\u00f6ille!\",\"publisher\":{\"@id\":\"https:\/\/muumimukitrahaksi.fi\/#organization\"},\"potentialAction\":[{\"@type\":\"SearchAction\",\"target\":{\"@type\":\"EntryPoint\",\"urlTemplate\":\"https:\/\/muumimukitrahaksi.fi\/?s={search_term_string}\"},\"query-input\":{\"@type\":\"PropertyValueSpecification\",\"valueRequired\":true,\"valueName\":\"search_term_string\"}}],\"inLanguage\":\"sv-SE\"},{\"@type\":\"Organization\",\"@id\":\"https:\/\/muumimukitrahaksi.fi\/#organization\",\"name\":\"Muumimukit Rahaksi\",\"url\":\"https:\/\/muumimukitrahaksi.fi\/\",\"logo\":{\"@type\":\"ImageObject\",\"inLanguage\":\"sv-SE\",\"@id\":\"https:\/\/muumimukitrahaksi.fi\/#\/schema\/logo\/image\/\",\"url\":\"https:\/\/muumimukitrahaksi.fi\/wp-content\/uploads\/2017\/09\/logooo.jpg\",\"contentUrl\":\"https:\/\/muumimukitrahaksi.fi\/wp-content\/uploads\/2017\/09\/logooo.jpg\",\"width\":514,\"height\":514,\"caption\":\"Muumimukit Rahaksi\"},\"image\":{\"@id\":\"https:\/\/muumimukitrahaksi.fi\/#\/schema\/logo\/image\/\"},\"sameAs\":[\"https:\/\/www.facebook.com\/muumimukitrahaksi\/\",\"https:\/\/x.com\/MuumitRahaksi\",\"https:\/\/www.instagram.com\/muumimukitrahaksi\/\"]}]}<\/script>\n<!-- \/ Yoast SEO plugin. -->","yoast_head_json":{"title":"Muminmugg POP Snorkfr\u00f6ken (2025-) *NY* - Muumimukit Rahaksi","description":"Moomin Arabias muminmugg POP Snorkfr\u00f6ken finns nu att best\u00e4lla! POP-muminmuggarna \u00e4r gjorda enbart f\u00f6r den japanska marknaden. Muggens volym \u00e4r 0,3 liter.","robots":{"index":"index","follow":"follow","max-snippet":"max-snippet:-1","max-image-preview":"max-image-preview:large","max-video-preview":"max-video-preview:-1"},"canonical":"https:\/\/muumimukitrahaksi.fi\/sv\/produkt\/muminmugg-pop-snorkfroken-2025-ny\/","og_locale":"sv_SE","og_type":"article","og_title":"Muminmugg POP Snorkfr\u00f6ken (2025-) *NY* - Muumimukit Rahaksi","og_description":"Moomin Arabias muminmugg POP Snorkfr\u00f6ken finns nu att best\u00e4lla! POP-muminmuggarna \u00e4r gjorda enbart f\u00f6r den japanska marknaden. Muggens volym \u00e4r 0,3 liter.","og_url":"https:\/\/muumimukitrahaksi.fi\/sv\/produkt\/muminmugg-pop-snorkfroken-2025-ny\/","og_site_name":"Muumimukit Rahaksi","article_publisher":"https:\/\/www.facebook.com\/muumimukitrahaksi\/","article_modified_time":"2026-03-06T20:04:33+00:00","og_image":[{"width":1000,"height":1000,"url":"https:\/\/muumimukitrahaksi.fi\/wp-content\/uploads\/2025\/09\/DSC09790.jpg","type":"image\/jpeg"}],"twitter_card":"summary_large_image","twitter_site":"@MuumitRahaksi","twitter_misc":{"Ber\u00e4knad l\u00e4stid":"1 minut"},"schema":{"@context":"https:\/\/schema.org","@graph":[{"@type":"WebPage","@id":"https:\/\/muumimukitrahaksi.fi\/sv\/produkt\/muminmugg-pop-snorkfroken-2025-ny\/","url":"https:\/\/muumimukitrahaksi.fi\/sv\/produkt\/muminmugg-pop-snorkfroken-2025-ny\/","name":"Muminmugg POP Snorkfr\u00f6ken (2025-) *NY* - Muumimukit Rahaksi","isPartOf":{"@id":"https:\/\/muumimukitrahaksi.fi\/#website"},"primaryImageOfPage":{"@id":"https:\/\/muumimukitrahaksi.fi\/sv\/produkt\/muminmugg-pop-snorkfroken-2025-ny\/#primaryimage"},"image":{"@id":"https:\/\/muumimukitrahaksi.fi\/sv\/produkt\/muminmugg-pop-snorkfroken-2025-ny\/#primaryimage"},"thumbnailUrl":"https:\/\/muumimukitrahaksi.fi\/wp-content\/uploads\/2025\/09\/DSC09790.jpg","datePublished":"2025-09-04T10:26:16+00:00","dateModified":"2026-03-06T20:04:33+00:00","description":"Moomin Arabias muminmugg POP Snorkfr\u00f6ken finns nu att best\u00e4lla! POP-muminmuggarna \u00e4r gjorda enbart f\u00f6r den japanska marknaden. Muggens volym \u00e4r 0,3 liter.","breadcrumb":{"@id":"https:\/\/muumimukitrahaksi.fi\/sv\/produkt\/muminmugg-pop-snorkfroken-2025-ny\/#breadcrumb"},"inLanguage":"sv-SE","potentialAction":[{"@type":"ReadAction","target":["https:\/\/muumimukitrahaksi.fi\/sv\/produkt\/muminmugg-pop-snorkfroken-2025-ny\/"]}]},{"@type":"ImageObject","inLanguage":"sv-SE","@id":"https:\/\/muumimukitrahaksi.fi\/sv\/produkt\/muminmugg-pop-snorkfroken-2025-ny\/#primaryimage","url":"https:\/\/muumimukitrahaksi.fi\/wp-content\/uploads\/2025\/09\/DSC09790.jpg","contentUrl":"https:\/\/muumimukitrahaksi.fi\/wp-content\/uploads\/2025\/09\/DSC09790.jpg","width":1000,"height":1000,"caption":"Muminmugg POP Snorkfr\u00f6ken"},{"@type":"BreadcrumbList","@id":"https:\/\/muumimukitrahaksi.fi\/sv\/produkt\/muminmugg-pop-snorkfroken-2025-ny\/#breadcrumb","itemListElement":[{"@type":"ListItem","position":1,"name":"Etusivu","item":"https:\/\/muumimukitrahaksi.fi\/sv\/"},{"@type":"ListItem","position":2,"name":"Butik","item":"https:\/\/muumimukitrahaksi.fi\/sv\/butik\/"},{"@type":"ListItem","position":3,"name":"Muminmugg POP Snorkfr\u00f6ken (2025-) *NY*"}]},{"@type":"WebSite","@id":"https:\/\/muumimukitrahaksi.fi\/#website","url":"https:\/\/muumimukitrahaksi.fi\/","name":"Muumimukit Rahaksi","description":"Muumimukeja, -kulhoja ja -lautasia ker\u00e4ilij\u00f6ille!","publisher":{"@id":"https:\/\/muumimukitrahaksi.fi\/#organization"},"potentialAction":[{"@type":"SearchAction","target":{"@type":"EntryPoint","urlTemplate":"https:\/\/muumimukitrahaksi.fi\/?s={search_term_string}"},"query-input":{"@type":"PropertyValueSpecification","valueRequired":true,"valueName":"search_term_string"}}],"inLanguage":"sv-SE"},{"@type":"Organization","@id":"https:\/\/muumimukitrahaksi.fi\/#organization","name":"Muumimukit Rahaksi","url":"https:\/\/muumimukitrahaksi.fi\/","logo":{"@type":"ImageObject","inLanguage":"sv-SE","@id":"https:\/\/muumimukitrahaksi.fi\/#\/schema\/logo\/image\/","url":"https:\/\/muumimukitrahaksi.fi\/wp-content\/uploads\/2017\/09\/logooo.jpg","contentUrl":"https:\/\/muumimukitrahaksi.fi\/wp-content\/uploads\/2017\/09\/logooo.jpg","width":514,"height":514,"caption":"Muumimukit Rahaksi"},"image":{"@id":"https:\/\/muumimukitrahaksi.fi\/#\/schema\/logo\/image\/"},"sameAs":["https:\/\/www.facebook.com\/muumimukitrahaksi\/","https:\/\/x.com\/MuumitRahaksi","https:\/\/www.instagram.com\/muumimukitrahaksi\/"]}]}},"_links":{"self":[{"href":"https:\/\/muumimukitrahaksi.fi\/sv\/wp-json\/wp\/v2\/product\/141703","targetHints":{"allow":["GET"]}}],"collection":[{"href":"https:\/\/muumimukitrahaksi.fi\/sv\/wp-json\/wp\/v2\/product"}],"about":[{"href":"https:\/\/muumimukitrahaksi.fi\/sv\/wp-json\/wp\/v2\/types\/product"}],"wp:featuredmedia":[{"embeddable":true,"href":"https:\/\/muumimukitrahaksi.fi\/sv\/wp-json\/wp\/v2\/media\/141600"}],"wp:attachment":[{"href":"https:\/\/muumimukitrahaksi.fi\/sv\/wp-json\/wp\/v2\/media?parent=141703"}],"wp:term":[{"taxonomy":"product_brand","embeddable":true,"href":"https:\/\/muumimukitrahaksi.fi\/sv\/wp-json\/wp\/v2\/product_brand?post=141703"},{"taxonomy":"product_cat","embeddable":true,"href":"https:\/\/muumimukitrahaksi.fi\/sv\/wp-json\/wp\/v2\/product_cat?post=141703"},{"taxonomy":"product_tag","embeddable":true,"href":"https:\/\/muumimukitrahaksi.fi\/sv\/wp-json\/wp\/v2\/product_tag?post=141703"}],"curies":[{"name":"wp","href":"https:\/\/api.w.org\/{rel}","templated":true}]}}