{"id":143722,"date":"2025-09-22T12:13:22","date_gmt":"2025-09-22T09:13:22","guid":{"rendered":"https:\/\/muumimukitrahaksi.fi\/tuote\/muminmugg-beams-japan-x-moomin-arabia-2025-ny\/"},"modified":"2026-04-08T21:45:56","modified_gmt":"2026-04-08T18:45:56","slug":"muminmugg-beams-japan-x-moomin-arabia-2025-ny","status":"publish","type":"product","link":"https:\/\/muumimukitrahaksi.fi\/sv\/produkt\/muminmugg-beams-japan-x-moomin-arabia-2025-ny\/","title":{"rendered":"Muminmugg Beams Japan x Moomin Arabia (2025) *NY*"},"content":{"rendered":"<p style=\"text-align: center;\"><strong>\u2022 Officiell Moomin Characters\u00a0 licensinnehavare \u2022 Delbetalning\/faktura \u2022 Kvalitetsgranskade produkter<\/strong><\/p>\n<p data-start=\"49\" data-end=\"384\"><strong>Muminmuggen Beams Japan x Moomin Arabia<\/strong> \u00e4r en del av en samarbetskollektion som lanserades \u00e5r 2025 mellan Moomin Arabia och det japanska livsstils- och modem\u00e4rket Beams Japan. Muggen \u00e4r baserad p\u00e5 Arabias Teema-modell och har en volym p\u00e5 0,3 liter. Alla muggar \u00e4r handm\u00e5lade, vilket g\u00f6r varje exemplar unikt. Detta \u00e4r den andra handm\u00e5lade muminmuggen som sl\u00e4ppts \u2013 den f\u00f6rsta var <a href=\"https:\/\/muumimukitrahaksi.fi\/sv\/produkt\/muminmugg-hem-2025-ny\/\">Hem-muggen<\/a> som lanserades tidigare under 2025.<\/p>\n<p data-start=\"386\" data-end=\"908\">Illustrationen p\u00e5 Beams Japan-muggen \u00e4r inspirerad av de allra f\u00f6rsta muminmuggarna fr\u00e5n Arabia p\u00e5 1950-talet. Mumintrollet p\u00e5 framsidan p\u00e5minner om <a href=\"https:\/\/muumimukitrahaksi.fi\/sv\/produkt\/muminmugg-mumintrollet-1950-talet\/\">50-talets Mumintrollet-muminmugg<\/a>, medan Snorkfr\u00f6ken p\u00e5 baksidan har influenser fr\u00e5n <a href=\"https:\/\/muumimukitrahaksi.fi\/sv\/produkt\/muminmugg-snorkfroken-1950-tal\/\">50-talets Snorkfr\u00f6ken-mugg<\/a>. Motiven har justerats och anpassats f\u00f6r att passa Teema-muggens form. Till exempel sitter Mumintrollet denna g\u00e5ng p\u00e5 ett rosa moln som har dykt upp ur Trollkarlens hatt. P\u00e5 undersidan av muggen finns konstn\u00e4rens initialer samt texten &#8220;for BEAMS Japan&#8221;. Muggen s\u00e4ljs i en presentf\u00f6rpackning med Beams Japans karakteristiska orange f\u00e4rg.<\/p>\n<p data-start=\"910\" data-end=\"1387\">Muminmuggen Beams Japan x Moomin Arabia var ursprungligen endast tillg\u00e4nglig via ett lotteri p\u00e5 Beams webbsidan mellan den 28 augusti och 5 september 2025. Dessutom lottades k\u00f6pr\u00e4ttigheter ut till tv\u00e5 av Beams fysiska butiker. Dessa r\u00e4ttigheter beh\u00f6vde l\u00f6sas in den 20 och 21 september 2025. D\u00e4refter sl\u00e4pptes en begr\u00e4nsad upplaga av muggen den 22 september i Beams webbshop och i tv\u00e5 butiker. Muggarna s\u00e5lde snabbt slut, trots att det fanns en k\u00f6pgr\u00e4ns p\u00e5 en mugg per kund.<\/p>\n<p data-start=\"1389\" data-end=\"1549\">Eftersom varje mugg \u00e4r handm\u00e5lad kan illustrationer och f\u00e4rger variera mellan exemplaren. Muggen t\u00e5l mikrov\u00e5gsugn och diskmaskin, men handdisk rekommenderas vid l\u00e5ngvarig anv\u00e4ndning. F\u00f6rutom muggen inneh\u00e5ller Beams Japan-kollektionen \u00e4ven en figur av Muminmamman samt olika textilier.<\/p>\n<p>Kolla in andra specialmuggar\u00a0<a href=\"https:\/\/muumimukitrahaksi.fi\/sv\/produkt-avdelning\/muggar\/specialmuggar\/\">h\u00e4r.<\/a><\/p>\n<p>Har du Beams Japan x Moomin Arabia muminmuggen och vill s\u00e4lja den? Vi k\u00f6per ocks\u00e5 muminmuggar. Klicka <a href=\"https:\/\/muumimukitrahaksi.fi\/en\/sell-moomin\/\">h\u00e4r<\/a>, fyll i formul\u00e4ret och f\u00e5 en offert samma dag.<\/p>\n","protected":false},"excerpt":{"rendered":"<p style=\"text-align: center;\"><strong>\u2022 H\u00f6gklassiga varor \u2022 Snabb leverans<\/strong><\/p>\n<p>Moomin Arabias nya muminmugg Beams Japan x Moomin Arabia finns nu att best\u00e4lla! Alla muggar \u00e4r handm\u00e5lade. Muggen \u00e4r endast tillg\u00e4nglig i Japan<strong>.<\/strong>\u00a0Muggens volym \u00e4r 0,3 liter. Muggen \u00e4r ny och kommer i sin ursprungliga presentf\u00f6rpackning. Muggen packas med omsorg och f\u00f6rnybara material.<\/p>\n<p style=\"text-align: center;\"><strong>\u2022 S\u00e4kra betalningss\u00e4tt<\/strong><\/p>\n<p><img loading=\"lazy\" decoding=\"async\" class=\"aligncenter wp-image-20415 size-full\" src=\"https:\/\/muumimukitrahaksi.fi\/wp-content\/uploads\/2020\/06\/maksutavat-2026-pieni-eng.png\" alt=\"Payment options\" width=\"350\" height=\"200\" \/><\/p>\n","protected":false},"featured_media":156502,"template":"","meta":[],"product_brand":[],"product_cat":[537,544,547,534,538],"product_tag":[574,626,597,568],"class_list":{"0":"post-143722","1":"product","2":"type-product","3":"status-publish","4":"has-post-thumbnail","6":"product_cat-arabia-muggar","7":"product_cat-muggar-med-etikett","8":"product_cat-muggar-ur-produktion","9":"product_cat-muggar","10":"product_cat-specialmuggar","11":"product_tag-japan-sv","12":"product_tag-med-etikett","13":"product_tag-muminmugg","14":"product_tag-specialmugg","16":"first","17":"instock","18":"featured","19":"taxable","20":"shipping-taxable","21":"purchasable","22":"product-type-simple"},"yoast_head":"<!-- This site is optimized with the Yoast SEO plugin v27.1.1 - https:\/\/yoast.com\/product\/yoast-seo-wordpress\/ -->\n<title>Muminmugg Beams Japan x Moomin Arabia (2025) *NY* - Muumimukit Rahaksi<\/title>\n<meta name=\"description\" content=\"Moomin Arabias nya muminmugg Beams Japan x Moomin Arabia finns nu att best\u00e4lla! Alla muggar \u00e4r handm\u00e5lade.\" \/>\n<meta name=\"robots\" content=\"index, follow, max-snippet:-1, max-image-preview:large, max-video-preview:-1\" \/>\n<link rel=\"canonical\" href=\"https:\/\/muumimukitrahaksi.fi\/sv\/produkt\/muminmugg-beams-japan-x-moomin-arabia-2025-ny\/\" \/>\n<meta property=\"og:locale\" content=\"sv_SE\" \/>\n<meta property=\"og:type\" content=\"article\" \/>\n<meta property=\"og:title\" content=\"Muminmugg Beams Japan x Moomin Arabia (2025) *NY* - Muumimukit Rahaksi\" \/>\n<meta property=\"og:description\" content=\"Moomin Arabias nya muminmugg Beams Japan x Moomin Arabia finns nu att best\u00e4lla! Alla muggar \u00e4r handm\u00e5lade.\" \/>\n<meta property=\"og:url\" content=\"https:\/\/muumimukitrahaksi.fi\/sv\/produkt\/muminmugg-beams-japan-x-moomin-arabia-2025-ny\/\" \/>\n<meta property=\"og:site_name\" content=\"Muumimukit Rahaksi\" \/>\n<meta property=\"article:publisher\" content=\"https:\/\/www.facebook.com\/muumimukitrahaksi\/\" \/>\n<meta property=\"article:modified_time\" content=\"2026-04-08T18:45:56+00:00\" \/>\n<meta property=\"og:image\" content=\"https:\/\/muumimukitrahaksi.fi\/wp-content\/uploads\/2026\/01\/DSC04327.jpg\" \/>\n\t<meta property=\"og:image:width\" content=\"1000\" \/>\n\t<meta property=\"og:image:height\" content=\"1000\" \/>\n\t<meta property=\"og:image:type\" content=\"image\/jpeg\" \/>\n<meta name=\"twitter:card\" content=\"summary_large_image\" \/>\n<meta name=\"twitter:site\" content=\"@MuumitRahaksi\" \/>\n<meta name=\"twitter:label1\" content=\"Ber\u00e4knad l\u00e4stid\" \/>\n\t<meta name=\"twitter:data1\" content=\"2 minuter\" \/>\n<script type=\"application\/ld+json\" class=\"yoast-schema-graph\">{\"@context\":\"https:\/\/schema.org\",\"@graph\":[{\"@type\":\"WebPage\",\"@id\":\"https:\/\/muumimukitrahaksi.fi\/sv\/produkt\/muminmugg-beams-japan-x-moomin-arabia-2025-ny\/\",\"url\":\"https:\/\/muumimukitrahaksi.fi\/sv\/produkt\/muminmugg-beams-japan-x-moomin-arabia-2025-ny\/\",\"name\":\"Muminmugg Beams Japan x Moomin Arabia (2025) *NY* - Muumimukit Rahaksi\",\"isPartOf\":{\"@id\":\"https:\/\/muumimukitrahaksi.fi\/#website\"},\"primaryImageOfPage\":{\"@id\":\"https:\/\/muumimukitrahaksi.fi\/sv\/produkt\/muminmugg-beams-japan-x-moomin-arabia-2025-ny\/#primaryimage\"},\"image\":{\"@id\":\"https:\/\/muumimukitrahaksi.fi\/sv\/produkt\/muminmugg-beams-japan-x-moomin-arabia-2025-ny\/#primaryimage\"},\"thumbnailUrl\":\"https:\/\/muumimukitrahaksi.fi\/wp-content\/uploads\/2026\/01\/DSC04327.jpg\",\"datePublished\":\"2025-09-22T09:13:22+00:00\",\"dateModified\":\"2026-04-08T18:45:56+00:00\",\"description\":\"Moomin Arabias nya muminmugg Beams Japan x Moomin Arabia finns nu att best\u00e4lla! Alla muggar \u00e4r handm\u00e5lade.\",\"breadcrumb\":{\"@id\":\"https:\/\/muumimukitrahaksi.fi\/sv\/produkt\/muminmugg-beams-japan-x-moomin-arabia-2025-ny\/#breadcrumb\"},\"inLanguage\":\"sv-SE\",\"potentialAction\":[{\"@type\":\"ReadAction\",\"target\":[\"https:\/\/muumimukitrahaksi.fi\/sv\/produkt\/muminmugg-beams-japan-x-moomin-arabia-2025-ny\/\"]}]},{\"@type\":\"ImageObject\",\"inLanguage\":\"sv-SE\",\"@id\":\"https:\/\/muumimukitrahaksi.fi\/sv\/produkt\/muminmugg-beams-japan-x-moomin-arabia-2025-ny\/#primaryimage\",\"url\":\"https:\/\/muumimukitrahaksi.fi\/wp-content\/uploads\/2026\/01\/DSC04327.jpg\",\"contentUrl\":\"https:\/\/muumimukitrahaksi.fi\/wp-content\/uploads\/2026\/01\/DSC04327.jpg\",\"width\":1000,\"height\":1000,\"caption\":\"Muminmugg Beams Japan x Moomin Arabia\"},{\"@type\":\"BreadcrumbList\",\"@id\":\"https:\/\/muumimukitrahaksi.fi\/sv\/produkt\/muminmugg-beams-japan-x-moomin-arabia-2025-ny\/#breadcrumb\",\"itemListElement\":[{\"@type\":\"ListItem\",\"position\":1,\"name\":\"Etusivu\",\"item\":\"https:\/\/muumimukitrahaksi.fi\/sv\/\"},{\"@type\":\"ListItem\",\"position\":2,\"name\":\"Butik\",\"item\":\"https:\/\/muumimukitrahaksi.fi\/sv\/butik\/\"},{\"@type\":\"ListItem\",\"position\":3,\"name\":\"Muminmugg Beams Japan x Moomin Arabia (2025) *NY*\"}]},{\"@type\":\"WebSite\",\"@id\":\"https:\/\/muumimukitrahaksi.fi\/#website\",\"url\":\"https:\/\/muumimukitrahaksi.fi\/\",\"name\":\"Muumimukit Rahaksi\",\"description\":\"Muumimukeja, -kulhoja ja -lautasia ker\u00e4ilij\u00f6ille!\",\"publisher\":{\"@id\":\"https:\/\/muumimukitrahaksi.fi\/#organization\"},\"potentialAction\":[{\"@type\":\"SearchAction\",\"target\":{\"@type\":\"EntryPoint\",\"urlTemplate\":\"https:\/\/muumimukitrahaksi.fi\/?s={search_term_string}\"},\"query-input\":{\"@type\":\"PropertyValueSpecification\",\"valueRequired\":true,\"valueName\":\"search_term_string\"}}],\"inLanguage\":\"sv-SE\"},{\"@type\":\"Organization\",\"@id\":\"https:\/\/muumimukitrahaksi.fi\/#organization\",\"name\":\"Muumimukit Rahaksi\",\"url\":\"https:\/\/muumimukitrahaksi.fi\/\",\"logo\":{\"@type\":\"ImageObject\",\"inLanguage\":\"sv-SE\",\"@id\":\"https:\/\/muumimukitrahaksi.fi\/#\/schema\/logo\/image\/\",\"url\":\"https:\/\/muumimukitrahaksi.fi\/wp-content\/uploads\/2017\/09\/logooo.jpg\",\"contentUrl\":\"https:\/\/muumimukitrahaksi.fi\/wp-content\/uploads\/2017\/09\/logooo.jpg\",\"width\":514,\"height\":514,\"caption\":\"Muumimukit Rahaksi\"},\"image\":{\"@id\":\"https:\/\/muumimukitrahaksi.fi\/#\/schema\/logo\/image\/\"},\"sameAs\":[\"https:\/\/www.facebook.com\/muumimukitrahaksi\/\",\"https:\/\/x.com\/MuumitRahaksi\",\"https:\/\/www.instagram.com\/muumimukitrahaksi\/\"]}]}<\/script>\n<!-- \/ Yoast SEO plugin. -->","yoast_head_json":{"title":"Muminmugg Beams Japan x Moomin Arabia (2025) *NY* - Muumimukit Rahaksi","description":"Moomin Arabias nya muminmugg Beams Japan x Moomin Arabia finns nu att best\u00e4lla! Alla muggar \u00e4r handm\u00e5lade.","robots":{"index":"index","follow":"follow","max-snippet":"max-snippet:-1","max-image-preview":"max-image-preview:large","max-video-preview":"max-video-preview:-1"},"canonical":"https:\/\/muumimukitrahaksi.fi\/sv\/produkt\/muminmugg-beams-japan-x-moomin-arabia-2025-ny\/","og_locale":"sv_SE","og_type":"article","og_title":"Muminmugg Beams Japan x Moomin Arabia (2025) *NY* - Muumimukit Rahaksi","og_description":"Moomin Arabias nya muminmugg Beams Japan x Moomin Arabia finns nu att best\u00e4lla! Alla muggar \u00e4r handm\u00e5lade.","og_url":"https:\/\/muumimukitrahaksi.fi\/sv\/produkt\/muminmugg-beams-japan-x-moomin-arabia-2025-ny\/","og_site_name":"Muumimukit Rahaksi","article_publisher":"https:\/\/www.facebook.com\/muumimukitrahaksi\/","article_modified_time":"2026-04-08T18:45:56+00:00","og_image":[{"width":1000,"height":1000,"url":"https:\/\/muumimukitrahaksi.fi\/wp-content\/uploads\/2026\/01\/DSC04327.jpg","type":"image\/jpeg"}],"twitter_card":"summary_large_image","twitter_site":"@MuumitRahaksi","twitter_misc":{"Ber\u00e4knad l\u00e4stid":"2 minuter"},"schema":{"@context":"https:\/\/schema.org","@graph":[{"@type":"WebPage","@id":"https:\/\/muumimukitrahaksi.fi\/sv\/produkt\/muminmugg-beams-japan-x-moomin-arabia-2025-ny\/","url":"https:\/\/muumimukitrahaksi.fi\/sv\/produkt\/muminmugg-beams-japan-x-moomin-arabia-2025-ny\/","name":"Muminmugg Beams Japan x Moomin Arabia (2025) *NY* - Muumimukit Rahaksi","isPartOf":{"@id":"https:\/\/muumimukitrahaksi.fi\/#website"},"primaryImageOfPage":{"@id":"https:\/\/muumimukitrahaksi.fi\/sv\/produkt\/muminmugg-beams-japan-x-moomin-arabia-2025-ny\/#primaryimage"},"image":{"@id":"https:\/\/muumimukitrahaksi.fi\/sv\/produkt\/muminmugg-beams-japan-x-moomin-arabia-2025-ny\/#primaryimage"},"thumbnailUrl":"https:\/\/muumimukitrahaksi.fi\/wp-content\/uploads\/2026\/01\/DSC04327.jpg","datePublished":"2025-09-22T09:13:22+00:00","dateModified":"2026-04-08T18:45:56+00:00","description":"Moomin Arabias nya muminmugg Beams Japan x Moomin Arabia finns nu att best\u00e4lla! Alla muggar \u00e4r handm\u00e5lade.","breadcrumb":{"@id":"https:\/\/muumimukitrahaksi.fi\/sv\/produkt\/muminmugg-beams-japan-x-moomin-arabia-2025-ny\/#breadcrumb"},"inLanguage":"sv-SE","potentialAction":[{"@type":"ReadAction","target":["https:\/\/muumimukitrahaksi.fi\/sv\/produkt\/muminmugg-beams-japan-x-moomin-arabia-2025-ny\/"]}]},{"@type":"ImageObject","inLanguage":"sv-SE","@id":"https:\/\/muumimukitrahaksi.fi\/sv\/produkt\/muminmugg-beams-japan-x-moomin-arabia-2025-ny\/#primaryimage","url":"https:\/\/muumimukitrahaksi.fi\/wp-content\/uploads\/2026\/01\/DSC04327.jpg","contentUrl":"https:\/\/muumimukitrahaksi.fi\/wp-content\/uploads\/2026\/01\/DSC04327.jpg","width":1000,"height":1000,"caption":"Muminmugg Beams Japan x Moomin Arabia"},{"@type":"BreadcrumbList","@id":"https:\/\/muumimukitrahaksi.fi\/sv\/produkt\/muminmugg-beams-japan-x-moomin-arabia-2025-ny\/#breadcrumb","itemListElement":[{"@type":"ListItem","position":1,"name":"Etusivu","item":"https:\/\/muumimukitrahaksi.fi\/sv\/"},{"@type":"ListItem","position":2,"name":"Butik","item":"https:\/\/muumimukitrahaksi.fi\/sv\/butik\/"},{"@type":"ListItem","position":3,"name":"Muminmugg Beams Japan x Moomin Arabia (2025) *NY*"}]},{"@type":"WebSite","@id":"https:\/\/muumimukitrahaksi.fi\/#website","url":"https:\/\/muumimukitrahaksi.fi\/","name":"Muumimukit Rahaksi","description":"Muumimukeja, -kulhoja ja -lautasia ker\u00e4ilij\u00f6ille!","publisher":{"@id":"https:\/\/muumimukitrahaksi.fi\/#organization"},"potentialAction":[{"@type":"SearchAction","target":{"@type":"EntryPoint","urlTemplate":"https:\/\/muumimukitrahaksi.fi\/?s={search_term_string}"},"query-input":{"@type":"PropertyValueSpecification","valueRequired":true,"valueName":"search_term_string"}}],"inLanguage":"sv-SE"},{"@type":"Organization","@id":"https:\/\/muumimukitrahaksi.fi\/#organization","name":"Muumimukit Rahaksi","url":"https:\/\/muumimukitrahaksi.fi\/","logo":{"@type":"ImageObject","inLanguage":"sv-SE","@id":"https:\/\/muumimukitrahaksi.fi\/#\/schema\/logo\/image\/","url":"https:\/\/muumimukitrahaksi.fi\/wp-content\/uploads\/2017\/09\/logooo.jpg","contentUrl":"https:\/\/muumimukitrahaksi.fi\/wp-content\/uploads\/2017\/09\/logooo.jpg","width":514,"height":514,"caption":"Muumimukit Rahaksi"},"image":{"@id":"https:\/\/muumimukitrahaksi.fi\/#\/schema\/logo\/image\/"},"sameAs":["https:\/\/www.facebook.com\/muumimukitrahaksi\/","https:\/\/x.com\/MuumitRahaksi","https:\/\/www.instagram.com\/muumimukitrahaksi\/"]}]}},"_links":{"self":[{"href":"https:\/\/muumimukitrahaksi.fi\/sv\/wp-json\/wp\/v2\/product\/143722","targetHints":{"allow":["GET"]}}],"collection":[{"href":"https:\/\/muumimukitrahaksi.fi\/sv\/wp-json\/wp\/v2\/product"}],"about":[{"href":"https:\/\/muumimukitrahaksi.fi\/sv\/wp-json\/wp\/v2\/types\/product"}],"wp:featuredmedia":[{"embeddable":true,"href":"https:\/\/muumimukitrahaksi.fi\/sv\/wp-json\/wp\/v2\/media\/156502"}],"wp:attachment":[{"href":"https:\/\/muumimukitrahaksi.fi\/sv\/wp-json\/wp\/v2\/media?parent=143722"}],"wp:term":[{"taxonomy":"product_brand","embeddable":true,"href":"https:\/\/muumimukitrahaksi.fi\/sv\/wp-json\/wp\/v2\/product_brand?post=143722"},{"taxonomy":"product_cat","embeddable":true,"href":"https:\/\/muumimukitrahaksi.fi\/sv\/wp-json\/wp\/v2\/product_cat?post=143722"},{"taxonomy":"product_tag","embeddable":true,"href":"https:\/\/muumimukitrahaksi.fi\/sv\/wp-json\/wp\/v2\/product_tag?post=143722"}],"curies":[{"name":"wp","href":"https:\/\/api.w.org\/{rel}","templated":true}]}}