{"id":143726,"date":"2025-09-22T13:33:12","date_gmt":"2025-09-22T10:33:12","guid":{"rendered":"https:\/\/muumimukitrahaksi.fi\/tuote\/muminfigur-beams-japan-x-moomin-arabia-muminmamman-2025-ny\/"},"modified":"2026-03-26T14:29:01","modified_gmt":"2026-03-26T12:29:01","slug":"muminfigur-beams-japan-x-moomin-arabia-muminmamman-2025-ny","status":"publish","type":"product","link":"https:\/\/muumimukitrahaksi.fi\/sv\/produkt\/muminfigur-beams-japan-x-moomin-arabia-muminmamman-2025-ny\/","title":{"rendered":"Muminfigur Beams Japan x Moomin Arabia, Muminmamman (2025) *NY*"},"content":{"rendered":"<p style=\"text-align: center;\"><strong>\u2022 Officiell Moomin Characters\u00a0 licensinnehavare \u2022 Delbetalning\/faktura \u2022 Kvalitetsgranskade produkter<\/strong><\/p>\n<p data-start=\"49\" data-end=\"384\"><strong>Muminfigur Beams Japan x Moomin Arabia Muminmamman<\/strong> \u00e4r en del av en samarbetskollektion som lanserades \u00e5r 2025 mellan Moomin Arabia och det japanska livsstils- och modem\u00e4rket Beams Japan. Figuren \u00e4r baserad p\u00e5 den <a href=\"https:\/\/muumimukitrahaksi.fi\/sv\/produkt\/muminfigur-muminmamman-liten-1992-1996\/\">Muminmamman-figur<\/a> som Arabia producerade mellan 1992 och 1996. Figurens h\u00f6jd \u00e4r cirka 7 cm. Det som skiljer denna version fr\u00e5n den tidigare \u00e4r Muminmammans orange handv\u00e4ska \u2013 orange \u00e4r Beams Japans signaturf\u00e4rg. Alla figurer \u00e4r handm\u00e5lade och d\u00e4rmed unika.<\/p>\n<p data-start=\"386\" data-end=\"908\">Muminfigur Beams Japan x Moomin Arabia var ursprungligen endast tillg\u00e4nglig via ett lotteri p\u00e5 Beams webbsidan mellan den 28 augusti och 5 september 2025. Dessutom lottades k\u00f6pr\u00e4ttigheter ut till tv\u00e5 av Beams fysiska butiker. Dessa r\u00e4ttigheter beh\u00f6vde l\u00f6sas in den 20 och 21 september 2025. D\u00e4refter sl\u00e4pptes en begr\u00e4nsad upplaga av figuren den 22 september i Beams webbshop och i tv\u00e5 butiker. K\u00f6prestriktionen var en figur per kund.<\/p>\n<p data-start=\"910\" data-end=\"1387\">Eftersom varje figur \u00e4r handm\u00e5lad kan f\u00e4rgerna variera mellan exemplaren. F\u00f6rutom Muminmamman-figuren inneh\u00e5ller Beams Japan-kollektionen \u00e4ven <a href=\"https:\/\/muumimukitrahaksi.fi\/sv\/produkt\/muminmugg-beams-japan-x-moomin-arabia-2025-ny\/\">en mugg<\/a> och olika textilier.<\/p>\n<p>Kolla in andra muminfigurer\u00a0<a href=\"https:\/\/muumimukitrahaksi.fi\/sv\/produkt-avdelning\/ovriga-produkter\/figurer\/\">h\u00e4r.<\/a><\/p>\n<p>Har du Beams Japan x Moomin Arabia muminfiguren och vill s\u00e4lja den? Vi k\u00f6per ocks\u00e5 muminfigurer. Klicka <a href=\"https:\/\/muumimukitrahaksi.fi\/en\/sell-moomin\/\">h\u00e4r<\/a>, fyll i formul\u00e4ret och f\u00e5 en offert samma dag.<\/p>\n","protected":false},"excerpt":{"rendered":"<p style=\"text-align: center;\"><strong>\u2022 H\u00f6gklassiga varor \u2022 Snabb leverans<\/strong><\/p>\n<p>Moomin Arabias nya muminfigur Beams Japan x Moomin Arabia Muminmamman. Alla figurer \u00e4r handm\u00e5lade.\u00a0Figurens h\u00f6jd \u00e4r cirka 7 cm. Figuren \u00e4r ny och kommer i sin ursprungliga presentf\u00f6rpackning. Figuren packas med omsorg och f\u00f6rnybara material.<\/p>\n<p style=\"text-align: center;\"><strong>\u2022 S\u00e4kra betalningss\u00e4tt<\/strong><\/p>\n<p><img loading=\"lazy\" decoding=\"async\" class=\"aligncenter wp-image-20415 size-full\" src=\"https:\/\/muumimukitrahaksi.fi\/wp-content\/uploads\/2020\/06\/maksutavat-2026-pieni-eng.png\" alt=\"Payment options\" width=\"350\" height=\"200\" \/><\/p>\n","protected":false},"featured_media":143705,"template":"","meta":[],"product_brand":[],"product_cat":[550,548],"product_tag":[574,589,596],"class_list":{"0":"post-143726","1":"product","2":"type-product","3":"status-publish","4":"has-post-thumbnail","6":"product_cat-figurer","7":"product_cat-ovriga-produkter","8":"product_tag-japan-sv","9":"product_tag-muminfigur","10":"product_tag-muminmamman","12":"first","13":"instock","14":"taxable","15":"shipping-taxable","16":"purchasable","17":"product-type-simple"},"yoast_head":"<!-- This site is optimized with the Yoast SEO plugin v27.1.1 - https:\/\/yoast.com\/product\/yoast-seo-wordpress\/ -->\n<title>Muminfigur Beams Japan x Moomin Arabia, Muminmamman (2025) *NY* - Muumimukit Rahaksi<\/title>\n<meta name=\"description\" content=\"Moomin Arabias nya muminfigur Beams Japan x Moomin Arabia Muminmamman finns nu att best\u00e4lla! Alla figurer \u00e4r handm\u00e5lade.\" \/>\n<meta name=\"robots\" content=\"index, follow, max-snippet:-1, max-image-preview:large, max-video-preview:-1\" \/>\n<link rel=\"canonical\" href=\"https:\/\/muumimukitrahaksi.fi\/sv\/produkt\/muminfigur-beams-japan-x-moomin-arabia-muminmamman-2025-ny\/\" \/>\n<meta property=\"og:locale\" content=\"sv_SE\" \/>\n<meta property=\"og:type\" content=\"article\" \/>\n<meta property=\"og:title\" content=\"Muminfigur Beams Japan x Moomin Arabia, Muminmamman (2025) *NY* - Muumimukit Rahaksi\" \/>\n<meta property=\"og:description\" content=\"Moomin Arabias nya muminfigur Beams Japan x Moomin Arabia Muminmamman finns nu att best\u00e4lla! Alla figurer \u00e4r handm\u00e5lade.\" \/>\n<meta property=\"og:url\" content=\"https:\/\/muumimukitrahaksi.fi\/sv\/produkt\/muminfigur-beams-japan-x-moomin-arabia-muminmamman-2025-ny\/\" \/>\n<meta property=\"og:site_name\" content=\"Muumimukit Rahaksi\" \/>\n<meta property=\"article:publisher\" content=\"https:\/\/www.facebook.com\/muumimukitrahaksi\/\" \/>\n<meta property=\"article:modified_time\" content=\"2026-03-26T12:29:01+00:00\" \/>\n<meta property=\"og:image\" content=\"https:\/\/muumimukitrahaksi.fi\/wp-content\/uploads\/2025\/09\/mamma_beams_1.jpg\" \/>\n\t<meta property=\"og:image:width\" content=\"1000\" \/>\n\t<meta property=\"og:image:height\" content=\"1000\" \/>\n\t<meta property=\"og:image:type\" content=\"image\/jpeg\" \/>\n<meta name=\"twitter:card\" content=\"summary_large_image\" \/>\n<meta name=\"twitter:site\" content=\"@MuumitRahaksi\" \/>\n<meta name=\"twitter:label1\" content=\"Ber\u00e4knad l\u00e4stid\" \/>\n\t<meta name=\"twitter:data1\" content=\"1 minut\" \/>\n<script type=\"application\/ld+json\" class=\"yoast-schema-graph\">{\"@context\":\"https:\/\/schema.org\",\"@graph\":[{\"@type\":\"WebPage\",\"@id\":\"https:\/\/muumimukitrahaksi.fi\/sv\/produkt\/muminfigur-beams-japan-x-moomin-arabia-muminmamman-2025-ny\/\",\"url\":\"https:\/\/muumimukitrahaksi.fi\/sv\/produkt\/muminfigur-beams-japan-x-moomin-arabia-muminmamman-2025-ny\/\",\"name\":\"Muminfigur Beams Japan x Moomin Arabia, Muminmamman (2025) *NY* - Muumimukit Rahaksi\",\"isPartOf\":{\"@id\":\"https:\/\/muumimukitrahaksi.fi\/#website\"},\"primaryImageOfPage\":{\"@id\":\"https:\/\/muumimukitrahaksi.fi\/sv\/produkt\/muminfigur-beams-japan-x-moomin-arabia-muminmamman-2025-ny\/#primaryimage\"},\"image\":{\"@id\":\"https:\/\/muumimukitrahaksi.fi\/sv\/produkt\/muminfigur-beams-japan-x-moomin-arabia-muminmamman-2025-ny\/#primaryimage\"},\"thumbnailUrl\":\"https:\/\/muumimukitrahaksi.fi\/wp-content\/uploads\/2025\/09\/mamma_beams_1.jpg\",\"datePublished\":\"2025-09-22T10:33:12+00:00\",\"dateModified\":\"2026-03-26T12:29:01+00:00\",\"description\":\"Moomin Arabias nya muminfigur Beams Japan x Moomin Arabia Muminmamman finns nu att best\u00e4lla! Alla figurer \u00e4r handm\u00e5lade.\",\"breadcrumb\":{\"@id\":\"https:\/\/muumimukitrahaksi.fi\/sv\/produkt\/muminfigur-beams-japan-x-moomin-arabia-muminmamman-2025-ny\/#breadcrumb\"},\"inLanguage\":\"sv-SE\",\"potentialAction\":[{\"@type\":\"ReadAction\",\"target\":[\"https:\/\/muumimukitrahaksi.fi\/sv\/produkt\/muminfigur-beams-japan-x-moomin-arabia-muminmamman-2025-ny\/\"]}]},{\"@type\":\"ImageObject\",\"inLanguage\":\"sv-SE\",\"@id\":\"https:\/\/muumimukitrahaksi.fi\/sv\/produkt\/muminfigur-beams-japan-x-moomin-arabia-muminmamman-2025-ny\/#primaryimage\",\"url\":\"https:\/\/muumimukitrahaksi.fi\/wp-content\/uploads\/2025\/09\/mamma_beams_1.jpg\",\"contentUrl\":\"https:\/\/muumimukitrahaksi.fi\/wp-content\/uploads\/2025\/09\/mamma_beams_1.jpg\",\"width\":1000,\"height\":1000,\"caption\":\"Muminfigur Beams Japan x Moomin Arabia Muminmamman\"},{\"@type\":\"BreadcrumbList\",\"@id\":\"https:\/\/muumimukitrahaksi.fi\/sv\/produkt\/muminfigur-beams-japan-x-moomin-arabia-muminmamman-2025-ny\/#breadcrumb\",\"itemListElement\":[{\"@type\":\"ListItem\",\"position\":1,\"name\":\"Etusivu\",\"item\":\"https:\/\/muumimukitrahaksi.fi\/sv\/\"},{\"@type\":\"ListItem\",\"position\":2,\"name\":\"Butik\",\"item\":\"https:\/\/muumimukitrahaksi.fi\/sv\/butik\/\"},{\"@type\":\"ListItem\",\"position\":3,\"name\":\"Muminfigur Beams Japan x Moomin Arabia, Muminmamman (2025) *NY*\"}]},{\"@type\":\"WebSite\",\"@id\":\"https:\/\/muumimukitrahaksi.fi\/#website\",\"url\":\"https:\/\/muumimukitrahaksi.fi\/\",\"name\":\"Muumimukit Rahaksi\",\"description\":\"Muumimukeja, -kulhoja ja -lautasia ker\u00e4ilij\u00f6ille!\",\"publisher\":{\"@id\":\"https:\/\/muumimukitrahaksi.fi\/#organization\"},\"potentialAction\":[{\"@type\":\"SearchAction\",\"target\":{\"@type\":\"EntryPoint\",\"urlTemplate\":\"https:\/\/muumimukitrahaksi.fi\/?s={search_term_string}\"},\"query-input\":{\"@type\":\"PropertyValueSpecification\",\"valueRequired\":true,\"valueName\":\"search_term_string\"}}],\"inLanguage\":\"sv-SE\"},{\"@type\":\"Organization\",\"@id\":\"https:\/\/muumimukitrahaksi.fi\/#organization\",\"name\":\"Muumimukit Rahaksi\",\"url\":\"https:\/\/muumimukitrahaksi.fi\/\",\"logo\":{\"@type\":\"ImageObject\",\"inLanguage\":\"sv-SE\",\"@id\":\"https:\/\/muumimukitrahaksi.fi\/#\/schema\/logo\/image\/\",\"url\":\"https:\/\/muumimukitrahaksi.fi\/wp-content\/uploads\/2017\/09\/logooo.jpg\",\"contentUrl\":\"https:\/\/muumimukitrahaksi.fi\/wp-content\/uploads\/2017\/09\/logooo.jpg\",\"width\":514,\"height\":514,\"caption\":\"Muumimukit Rahaksi\"},\"image\":{\"@id\":\"https:\/\/muumimukitrahaksi.fi\/#\/schema\/logo\/image\/\"},\"sameAs\":[\"https:\/\/www.facebook.com\/muumimukitrahaksi\/\",\"https:\/\/x.com\/MuumitRahaksi\",\"https:\/\/www.instagram.com\/muumimukitrahaksi\/\"]}]}<\/script>\n<!-- \/ Yoast SEO plugin. -->","yoast_head_json":{"title":"Muminfigur Beams Japan x Moomin Arabia, Muminmamman (2025) *NY* - Muumimukit Rahaksi","description":"Moomin Arabias nya muminfigur Beams Japan x Moomin Arabia Muminmamman finns nu att best\u00e4lla! Alla figurer \u00e4r handm\u00e5lade.","robots":{"index":"index","follow":"follow","max-snippet":"max-snippet:-1","max-image-preview":"max-image-preview:large","max-video-preview":"max-video-preview:-1"},"canonical":"https:\/\/muumimukitrahaksi.fi\/sv\/produkt\/muminfigur-beams-japan-x-moomin-arabia-muminmamman-2025-ny\/","og_locale":"sv_SE","og_type":"article","og_title":"Muminfigur Beams Japan x Moomin Arabia, Muminmamman (2025) *NY* - Muumimukit Rahaksi","og_description":"Moomin Arabias nya muminfigur Beams Japan x Moomin Arabia Muminmamman finns nu att best\u00e4lla! Alla figurer \u00e4r handm\u00e5lade.","og_url":"https:\/\/muumimukitrahaksi.fi\/sv\/produkt\/muminfigur-beams-japan-x-moomin-arabia-muminmamman-2025-ny\/","og_site_name":"Muumimukit Rahaksi","article_publisher":"https:\/\/www.facebook.com\/muumimukitrahaksi\/","article_modified_time":"2026-03-26T12:29:01+00:00","og_image":[{"width":1000,"height":1000,"url":"https:\/\/muumimukitrahaksi.fi\/wp-content\/uploads\/2025\/09\/mamma_beams_1.jpg","type":"image\/jpeg"}],"twitter_card":"summary_large_image","twitter_site":"@MuumitRahaksi","twitter_misc":{"Ber\u00e4knad l\u00e4stid":"1 minut"},"schema":{"@context":"https:\/\/schema.org","@graph":[{"@type":"WebPage","@id":"https:\/\/muumimukitrahaksi.fi\/sv\/produkt\/muminfigur-beams-japan-x-moomin-arabia-muminmamman-2025-ny\/","url":"https:\/\/muumimukitrahaksi.fi\/sv\/produkt\/muminfigur-beams-japan-x-moomin-arabia-muminmamman-2025-ny\/","name":"Muminfigur Beams Japan x Moomin Arabia, Muminmamman (2025) *NY* - Muumimukit Rahaksi","isPartOf":{"@id":"https:\/\/muumimukitrahaksi.fi\/#website"},"primaryImageOfPage":{"@id":"https:\/\/muumimukitrahaksi.fi\/sv\/produkt\/muminfigur-beams-japan-x-moomin-arabia-muminmamman-2025-ny\/#primaryimage"},"image":{"@id":"https:\/\/muumimukitrahaksi.fi\/sv\/produkt\/muminfigur-beams-japan-x-moomin-arabia-muminmamman-2025-ny\/#primaryimage"},"thumbnailUrl":"https:\/\/muumimukitrahaksi.fi\/wp-content\/uploads\/2025\/09\/mamma_beams_1.jpg","datePublished":"2025-09-22T10:33:12+00:00","dateModified":"2026-03-26T12:29:01+00:00","description":"Moomin Arabias nya muminfigur Beams Japan x Moomin Arabia Muminmamman finns nu att best\u00e4lla! Alla figurer \u00e4r handm\u00e5lade.","breadcrumb":{"@id":"https:\/\/muumimukitrahaksi.fi\/sv\/produkt\/muminfigur-beams-japan-x-moomin-arabia-muminmamman-2025-ny\/#breadcrumb"},"inLanguage":"sv-SE","potentialAction":[{"@type":"ReadAction","target":["https:\/\/muumimukitrahaksi.fi\/sv\/produkt\/muminfigur-beams-japan-x-moomin-arabia-muminmamman-2025-ny\/"]}]},{"@type":"ImageObject","inLanguage":"sv-SE","@id":"https:\/\/muumimukitrahaksi.fi\/sv\/produkt\/muminfigur-beams-japan-x-moomin-arabia-muminmamman-2025-ny\/#primaryimage","url":"https:\/\/muumimukitrahaksi.fi\/wp-content\/uploads\/2025\/09\/mamma_beams_1.jpg","contentUrl":"https:\/\/muumimukitrahaksi.fi\/wp-content\/uploads\/2025\/09\/mamma_beams_1.jpg","width":1000,"height":1000,"caption":"Muminfigur Beams Japan x Moomin Arabia Muminmamman"},{"@type":"BreadcrumbList","@id":"https:\/\/muumimukitrahaksi.fi\/sv\/produkt\/muminfigur-beams-japan-x-moomin-arabia-muminmamman-2025-ny\/#breadcrumb","itemListElement":[{"@type":"ListItem","position":1,"name":"Etusivu","item":"https:\/\/muumimukitrahaksi.fi\/sv\/"},{"@type":"ListItem","position":2,"name":"Butik","item":"https:\/\/muumimukitrahaksi.fi\/sv\/butik\/"},{"@type":"ListItem","position":3,"name":"Muminfigur Beams Japan x Moomin Arabia, Muminmamman (2025) *NY*"}]},{"@type":"WebSite","@id":"https:\/\/muumimukitrahaksi.fi\/#website","url":"https:\/\/muumimukitrahaksi.fi\/","name":"Muumimukit Rahaksi","description":"Muumimukeja, -kulhoja ja -lautasia ker\u00e4ilij\u00f6ille!","publisher":{"@id":"https:\/\/muumimukitrahaksi.fi\/#organization"},"potentialAction":[{"@type":"SearchAction","target":{"@type":"EntryPoint","urlTemplate":"https:\/\/muumimukitrahaksi.fi\/?s={search_term_string}"},"query-input":{"@type":"PropertyValueSpecification","valueRequired":true,"valueName":"search_term_string"}}],"inLanguage":"sv-SE"},{"@type":"Organization","@id":"https:\/\/muumimukitrahaksi.fi\/#organization","name":"Muumimukit Rahaksi","url":"https:\/\/muumimukitrahaksi.fi\/","logo":{"@type":"ImageObject","inLanguage":"sv-SE","@id":"https:\/\/muumimukitrahaksi.fi\/#\/schema\/logo\/image\/","url":"https:\/\/muumimukitrahaksi.fi\/wp-content\/uploads\/2017\/09\/logooo.jpg","contentUrl":"https:\/\/muumimukitrahaksi.fi\/wp-content\/uploads\/2017\/09\/logooo.jpg","width":514,"height":514,"caption":"Muumimukit Rahaksi"},"image":{"@id":"https:\/\/muumimukitrahaksi.fi\/#\/schema\/logo\/image\/"},"sameAs":["https:\/\/www.facebook.com\/muumimukitrahaksi\/","https:\/\/x.com\/MuumitRahaksi","https:\/\/www.instagram.com\/muumimukitrahaksi\/"]}]}},"_links":{"self":[{"href":"https:\/\/muumimukitrahaksi.fi\/sv\/wp-json\/wp\/v2\/product\/143726","targetHints":{"allow":["GET"]}}],"collection":[{"href":"https:\/\/muumimukitrahaksi.fi\/sv\/wp-json\/wp\/v2\/product"}],"about":[{"href":"https:\/\/muumimukitrahaksi.fi\/sv\/wp-json\/wp\/v2\/types\/product"}],"wp:featuredmedia":[{"embeddable":true,"href":"https:\/\/muumimukitrahaksi.fi\/sv\/wp-json\/wp\/v2\/media\/143705"}],"wp:attachment":[{"href":"https:\/\/muumimukitrahaksi.fi\/sv\/wp-json\/wp\/v2\/media?parent=143726"}],"wp:term":[{"taxonomy":"product_brand","embeddable":true,"href":"https:\/\/muumimukitrahaksi.fi\/sv\/wp-json\/wp\/v2\/product_brand?post=143726"},{"taxonomy":"product_cat","embeddable":true,"href":"https:\/\/muumimukitrahaksi.fi\/sv\/wp-json\/wp\/v2\/product_cat?post=143726"},{"taxonomy":"product_tag","embeddable":true,"href":"https:\/\/muumimukitrahaksi.fi\/sv\/wp-json\/wp\/v2\/product_tag?post=143726"}],"curies":[{"name":"wp","href":"https:\/\/api.w.org\/{rel}","templated":true}]}}