{"id":150363,"date":"2025-11-17T13:25:44","date_gmt":"2025-11-17T11:25:44","guid":{"rendered":"https:\/\/muumimukitrahaksi.fi\/tuote\/muurla-moomin-for-pets-skal-l-gra-2021-ny\/"},"modified":"2025-11-18T15:08:38","modified_gmt":"2025-11-18T13:08:38","slug":"muurla-moomin-for-pets-skal-l-gra-2021-ny","status":"publish","type":"product","link":"https:\/\/muumimukitrahaksi.fi\/sv\/produkt\/muurla-moomin-for-pets-skal-l-gra-2021-ny\/","title":{"rendered":"Muurla Moomin for Pets sk\u00e5l L, gr\u00e5 (2021-) *NY*"},"content":{"rendered":"<p style=\"text-align: center;\"><strong>\u2022 Officiell Moomin Characters\u00a0 licensinnehavare \u2022 Delbetalning\/faktura \u2022 Kvalitetsgranskade produkter<\/strong><\/p>\n<p><strong>Muurla Moomin for Pets sk\u00e5l L, gr\u00e5<\/strong>. <span class=\"YPkS7KbdpWfGdYKd3QB9\" data-src-align=\"0:3\">Egen<\/span> <span class=\"YPkS7KbdpWfGdYKd3QB9\" data-src-align=\"4:6\">Muminserie<\/span> <span class=\"YPkS7KbdpWfGdYKd3QB9\" data-src-align=\"18:3\">nu<\/span> <span class=\"YPkS7KbdpWfGdYKd3QB9\" data-src-align=\"27:3\">\u00e4ven<\/span> <span class=\"YPkS7KbdpWfGdYKd3QB9\" data-src-align=\"31:3\">f\u00f6r<\/span> <span class=\"YPkS7KbdpWfGdYKd3QB9\" data-src-align=\"35:5\">v\u00e5ra fyrbenta<\/span> <span class=\"YPkS7KbdpWfGdYKd3QB9\" data-src-align=\"41:7\">v\u00e4nner<\/span>! <span class=\"YPkS7KbdpWfGdYKd3QB9\" data-src-align=\"50:6\">Muurlas<\/span> <span class=\"YPkS7KbdpWfGdYKd3QB9\" data-src-align=\"59:6\">Mumin<\/span><span class=\"YPkS7KbdpWfGdYKd3QB9\" data-src-align=\"66:6\">-serie<\/span> <span class=\"YPkS7KbdpWfGdYKd3QB9\" data-src-align=\"77:4\">f\u00f6r husdjur<\/span> <span class=\"YPkS7KbdpWfGdYKd3QB9\" data-src-align=\"82:8\">inneh\u00e5ller<\/span> <span class=\"YPkS7KbdpWfGdYKd3QB9\" data-src-align=\"91:5\">glada<\/span><span class=\"YPkS7KbdpWfGdYKd3QB9\" data-src-align=\"98:9\">, viktiga<\/span> <span class=\"YPkS7KbdpWfGdYKd3QB9\" data-src-align=\"112:19\">och funktionella produkter<\/span> <span class=\"YPkS7KbdpWfGdYKd3QB9\" data-src-align=\"132:3\">f\u00f6r<\/span> <span class=\"YPkS7KbdpWfGdYKd3QB9\" data-src-align=\"140:9\">att njuta<\/span> <span class=\"YPkS7KbdpWfGdYKd3QB9\" data-src-align=\"153:3\">av<\/span> <span class=\"YPkS7KbdpWfGdYKd3QB9\" data-src-align=\"157:5\">v\u00e5ra lurviga<\/span> <span class=\"YPkS7KbdpWfGdYKd3QB9\" data-src-align=\"163:4\">b\u00e4sta<\/span> <span class=\"YPkS7KbdpWfGdYKd3QB9\" data-src-align=\"168:7\">v\u00e4nner<\/span> <span class=\"YPkS7KbdpWfGdYKd3QB9\" data-src-align=\"186:7\">och deras \u00e4gare.<\/span> <span class=\"YPkS7KbdpWfGdYKd3QB9\" data-src-align=\"194:7\">Snygga<\/span> <span class=\"YPkS7KbdpWfGdYKd3QB9\" data-src-align=\"206:16\">och lekfulla produkter<\/span> <span class=\"YPkS7KbdpWfGdYKd3QB9\" data-src-align=\"227:8\">passar<\/span> <span class=\"YPkS7KbdpWfGdYKd3QB9\" data-src-align=\"244:4\">alla hem<\/span> <span class=\"YPkS7KbdpWfGdYKd3QB9\" data-src-align=\"254:5\">som \u00e4lskar<\/span> <span class=\"YPkS7KbdpWfGdYKd3QB9\" data-src-align=\"260:7\">Mumin och<\/span> <span class=\"YPkS7KbdpWfGdYKd3QB9\" data-src-align=\"272:4\">husdjur<\/span>!<\/p>\n<p><span class=\"YPkS7KbdpWfGdYKd3QB9\" data-src-align=\"290:21\">Muurlas Mumin f\u00f6r husdjur sk\u00e5lar<\/span> <span class=\"YPkS7KbdpWfGdYKd3QB9\" data-src-align=\"316:8\">\u00e4r l\u00e4mpliga<\/span> <span class=\"YPkS7KbdpWfGdYKd3QB9\" data-src-align=\"328:4\">som matsk\u00e5lar<\/span> <span class=\"YPkS7KbdpWfGdYKd3QB9\" data-src-align=\"342:24\">eller drickssk\u00e5lar f\u00f6r husdjur.<\/span> <span class=\"YPkS7KbdpWfGdYKd3QB9\" data-src-align=\"371:6\">Ramarna<\/span> <span class=\"YPkS7KbdpWfGdYKd3QB9\" data-src-align=\"378:3\">\u00e4r<\/span> <span class=\"YPkS7KbdpWfGdYKd3QB9\" data-src-align=\"382:4\">gjorda<\/span> <span class=\"YPkS7KbdpWfGdYKd3QB9\" data-src-align=\"390:8\">av melamin<\/span> <span class=\"YPkS7KbdpWfGdYKd3QB9\" data-src-align=\"399:3\">och<\/span> <span class=\"YPkS7KbdpWfGdYKd3QB9\" data-src-align=\"407:10\">de inre sk\u00e5ldelarna<\/span> <span class=\"YPkS7KbdpWfGdYKd3QB9\" data-src-align=\"427:4\">\u00e4r<\/span> <span class=\"YPkS7KbdpWfGdYKd3QB9\" data-src-align=\"435:16\">gjorda av rostfritt st\u00e5l.<\/span> <span class=\"YPkS7KbdpWfGdYKd3QB9\" data-src-align=\"456:5\">Sk\u00e5larna<\/span> <span class=\"YPkS7KbdpWfGdYKd3QB9\" data-src-align=\"474:8\">\u00e4r maskintv\u00e4ttbara<\/span> <span class=\"YPkS7KbdpWfGdYKd3QB9\" data-src-align=\"483:3\">och<\/span> <span class=\"YPkS7KbdpWfGdYKd3QB9\" data-src-align=\"491:6\">botten<\/span> <span class=\"YPkS7KbdpWfGdYKd3QB9\" data-src-align=\"498:3\">har<\/span> <span class=\"YPkS7KbdpWfGdYKd3QB9\" data-src-align=\"502:10\">bekv\u00e4mt<\/span> <span class=\"YPkS7KbdpWfGdYKd3QB9\" data-src-align=\"518:4\">halkskydd<\/span>, <span class=\"YPkS7KbdpWfGdYKd3QB9\" data-src-align=\"531:8\">designat<\/span> <span class=\"YPkS7KbdpWfGdYKd3QB9\" data-src-align=\"543:7\">i Finland<\/span>.<\/p>\n<p>Kolla in andra produkter fr\u00e5n Muurla <a href=\"https:\/\/muumimukitrahaksi.fi\/sv\/?s=muurla&amp;post_type=product&amp;lang=sv\">h\u00e4r.<\/a><\/p>\n<p>Har du ett Muurlas gr\u00e5a L sk\u00e5len och vill s\u00e4lja den? Vi k\u00f6per ocks\u00e5 muminmuggar. Klicka <a href=\"https:\/\/muumimukitrahaksi.fi\/en\/sell-moomin\/\">h\u00e4r<\/a>, fyll i formul\u00e4ret och f\u00e5 en offert samma dag.<\/p>\n","protected":false},"excerpt":{"rendered":"<p style=\"text-align: center;\"><strong>H\u00f6gklassiga varor \u2022 Snabb leverans<\/strong><\/p>\n<p>Muurlas Moomin for Pets sk\u00e5l L, gr\u00f6n. Sk\u00e5len \u00e4r ny. H\u00f6jd 6,8 cm, bredd 22 cm och volum 0,65 liter. I priset (22,90\u20ac) ing\u00e5r finsk moms (25,5%). Momsen kommer att tas bort i kassan f\u00f6r kunder utanf\u00f6r EU. Sk\u00e5len packas med omsorg och f\u00f6rnybara material.<\/p>\n<p style=\"text-align: center;\"><strong>\u2022 S\u00e4kra betalningss\u00e4tt<\/strong><\/p>\n<p><img loading=\"lazy\" decoding=\"async\" class=\"aligncenter wp-image-20415 size-full\" src=\"https:\/\/muumimukitrahaksi.fi\/wp-content\/uploads\/2020\/06\/maksutavat-2026-pieni-eng.png\" alt=\"Payment options\" width=\"350\" height=\"200\" \/><\/p>\n","protected":false},"featured_media":149516,"template":"","meta":[],"product_brand":[],"product_cat":[693,548],"product_tag":[602],"class_list":{"0":"post-150363","1":"product","2":"type-product","3":"status-publish","4":"has-post-thumbnail","6":"product_cat-husdjur","7":"product_cat-ovriga-produkter","8":"product_tag-muurla-sv","10":"first","11":"instock","12":"taxable","13":"shipping-taxable","14":"purchasable","15":"product-type-simple"},"yoast_head":"<!-- This site is optimized with the Yoast SEO plugin v27.1.1 - https:\/\/yoast.com\/product\/yoast-seo-wordpress\/ -->\n<title>Muurla Moomin for Pets sk\u00e5l L, gr\u00e5 (2021-) *NY* - Muumimukit Rahaksi<\/title>\n<meta name=\"description\" content=\"Muurlas Moomin for Pets sk\u00e5l L, gr\u00f6n. Sk\u00e5len \u00e4r ny. H\u00f6jd 8 cm, bredd 27 cm och volum 1,2 liter.\" \/>\n<meta name=\"robots\" content=\"index, follow, max-snippet:-1, max-image-preview:large, max-video-preview:-1\" \/>\n<link rel=\"canonical\" href=\"https:\/\/muumimukitrahaksi.fi\/sv\/produkt\/muurla-moomin-for-pets-skal-l-gra-2021-ny\/\" \/>\n<meta property=\"og:locale\" content=\"sv_SE\" \/>\n<meta property=\"og:type\" content=\"article\" \/>\n<meta property=\"og:title\" content=\"Muurla Moomin for Pets sk\u00e5l L, gr\u00e5 (2021-) *NY* - Muumimukit Rahaksi\" \/>\n<meta property=\"og:description\" content=\"Muurlas Moomin for Pets sk\u00e5l L, gr\u00f6n. Sk\u00e5len \u00e4r ny. H\u00f6jd 8 cm, bredd 27 cm och volum 1,2 liter.\" \/>\n<meta property=\"og:url\" content=\"https:\/\/muumimukitrahaksi.fi\/sv\/produkt\/muurla-moomin-for-pets-skal-l-gra-2021-ny\/\" \/>\n<meta property=\"og:site_name\" content=\"Muumimukit Rahaksi\" \/>\n<meta property=\"article:publisher\" content=\"https:\/\/www.facebook.com\/muumimukitrahaksi\/\" \/>\n<meta property=\"article:modified_time\" content=\"2025-11-18T13:08:38+00:00\" \/>\n<meta property=\"og:image\" content=\"https:\/\/muumimukitrahaksi.fi\/wp-content\/uploads\/2025\/11\/petsL_1.jpg\" \/>\n\t<meta property=\"og:image:width\" content=\"1000\" \/>\n\t<meta property=\"og:image:height\" content=\"1000\" \/>\n\t<meta property=\"og:image:type\" content=\"image\/jpeg\" \/>\n<meta name=\"twitter:card\" content=\"summary_large_image\" \/>\n<meta name=\"twitter:site\" content=\"@MuumitRahaksi\" \/>\n<meta name=\"twitter:label1\" content=\"Ber\u00e4knad l\u00e4stid\" \/>\n\t<meta name=\"twitter:data1\" content=\"1 minut\" \/>\n<script type=\"application\/ld+json\" class=\"yoast-schema-graph\">{\"@context\":\"https:\/\/schema.org\",\"@graph\":[{\"@type\":\"WebPage\",\"@id\":\"https:\/\/muumimukitrahaksi.fi\/sv\/produkt\/muurla-moomin-for-pets-skal-l-gra-2021-ny\/\",\"url\":\"https:\/\/muumimukitrahaksi.fi\/sv\/produkt\/muurla-moomin-for-pets-skal-l-gra-2021-ny\/\",\"name\":\"Muurla Moomin for Pets sk\u00e5l L, gr\u00e5 (2021-) *NY* - Muumimukit Rahaksi\",\"isPartOf\":{\"@id\":\"https:\/\/muumimukitrahaksi.fi\/#website\"},\"primaryImageOfPage\":{\"@id\":\"https:\/\/muumimukitrahaksi.fi\/sv\/produkt\/muurla-moomin-for-pets-skal-l-gra-2021-ny\/#primaryimage\"},\"image\":{\"@id\":\"https:\/\/muumimukitrahaksi.fi\/sv\/produkt\/muurla-moomin-for-pets-skal-l-gra-2021-ny\/#primaryimage\"},\"thumbnailUrl\":\"https:\/\/muumimukitrahaksi.fi\/wp-content\/uploads\/2025\/11\/petsL_1.jpg\",\"datePublished\":\"2025-11-17T11:25:44+00:00\",\"dateModified\":\"2025-11-18T13:08:38+00:00\",\"description\":\"Muurlas Moomin for Pets sk\u00e5l L, gr\u00f6n. Sk\u00e5len \u00e4r ny. H\u00f6jd 8 cm, bredd 27 cm och volum 1,2 liter.\",\"breadcrumb\":{\"@id\":\"https:\/\/muumimukitrahaksi.fi\/sv\/produkt\/muurla-moomin-for-pets-skal-l-gra-2021-ny\/#breadcrumb\"},\"inLanguage\":\"sv-SE\",\"potentialAction\":[{\"@type\":\"ReadAction\",\"target\":[\"https:\/\/muumimukitrahaksi.fi\/sv\/produkt\/muurla-moomin-for-pets-skal-l-gra-2021-ny\/\"]}]},{\"@type\":\"ImageObject\",\"inLanguage\":\"sv-SE\",\"@id\":\"https:\/\/muumimukitrahaksi.fi\/sv\/produkt\/muurla-moomin-for-pets-skal-l-gra-2021-ny\/#primaryimage\",\"url\":\"https:\/\/muumimukitrahaksi.fi\/wp-content\/uploads\/2025\/11\/petsL_1.jpg\",\"contentUrl\":\"https:\/\/muumimukitrahaksi.fi\/wp-content\/uploads\/2025\/11\/petsL_1.jpg\",\"width\":1000,\"height\":1000,\"caption\":\"Muurla Moomin For Pets sk\u00e5l L, gr\u00e5\"},{\"@type\":\"BreadcrumbList\",\"@id\":\"https:\/\/muumimukitrahaksi.fi\/sv\/produkt\/muurla-moomin-for-pets-skal-l-gra-2021-ny\/#breadcrumb\",\"itemListElement\":[{\"@type\":\"ListItem\",\"position\":1,\"name\":\"Etusivu\",\"item\":\"https:\/\/muumimukitrahaksi.fi\/sv\/\"},{\"@type\":\"ListItem\",\"position\":2,\"name\":\"Butik\",\"item\":\"https:\/\/muumimukitrahaksi.fi\/sv\/butik\/\"},{\"@type\":\"ListItem\",\"position\":3,\"name\":\"Muurla Moomin for Pets sk\u00e5l L, gr\u00e5 (2021-) *NY*\"}]},{\"@type\":\"WebSite\",\"@id\":\"https:\/\/muumimukitrahaksi.fi\/#website\",\"url\":\"https:\/\/muumimukitrahaksi.fi\/\",\"name\":\"Muumimukit Rahaksi\",\"description\":\"Muumimukeja, -kulhoja ja -lautasia ker\u00e4ilij\u00f6ille!\",\"publisher\":{\"@id\":\"https:\/\/muumimukitrahaksi.fi\/#organization\"},\"potentialAction\":[{\"@type\":\"SearchAction\",\"target\":{\"@type\":\"EntryPoint\",\"urlTemplate\":\"https:\/\/muumimukitrahaksi.fi\/?s={search_term_string}\"},\"query-input\":{\"@type\":\"PropertyValueSpecification\",\"valueRequired\":true,\"valueName\":\"search_term_string\"}}],\"inLanguage\":\"sv-SE\"},{\"@type\":\"Organization\",\"@id\":\"https:\/\/muumimukitrahaksi.fi\/#organization\",\"name\":\"Muumimukit Rahaksi\",\"url\":\"https:\/\/muumimukitrahaksi.fi\/\",\"logo\":{\"@type\":\"ImageObject\",\"inLanguage\":\"sv-SE\",\"@id\":\"https:\/\/muumimukitrahaksi.fi\/#\/schema\/logo\/image\/\",\"url\":\"https:\/\/muumimukitrahaksi.fi\/wp-content\/uploads\/2017\/09\/logooo.jpg\",\"contentUrl\":\"https:\/\/muumimukitrahaksi.fi\/wp-content\/uploads\/2017\/09\/logooo.jpg\",\"width\":514,\"height\":514,\"caption\":\"Muumimukit Rahaksi\"},\"image\":{\"@id\":\"https:\/\/muumimukitrahaksi.fi\/#\/schema\/logo\/image\/\"},\"sameAs\":[\"https:\/\/www.facebook.com\/muumimukitrahaksi\/\",\"https:\/\/x.com\/MuumitRahaksi\",\"https:\/\/www.instagram.com\/muumimukitrahaksi\/\"]}]}<\/script>\n<!-- \/ Yoast SEO plugin. -->","yoast_head_json":{"title":"Muurla Moomin for Pets sk\u00e5l L, gr\u00e5 (2021-) *NY* - Muumimukit Rahaksi","description":"Muurlas Moomin for Pets sk\u00e5l L, gr\u00f6n. Sk\u00e5len \u00e4r ny. H\u00f6jd 8 cm, bredd 27 cm och volum 1,2 liter.","robots":{"index":"index","follow":"follow","max-snippet":"max-snippet:-1","max-image-preview":"max-image-preview:large","max-video-preview":"max-video-preview:-1"},"canonical":"https:\/\/muumimukitrahaksi.fi\/sv\/produkt\/muurla-moomin-for-pets-skal-l-gra-2021-ny\/","og_locale":"sv_SE","og_type":"article","og_title":"Muurla Moomin for Pets sk\u00e5l L, gr\u00e5 (2021-) *NY* - Muumimukit Rahaksi","og_description":"Muurlas Moomin for Pets sk\u00e5l L, gr\u00f6n. Sk\u00e5len \u00e4r ny. H\u00f6jd 8 cm, bredd 27 cm och volum 1,2 liter.","og_url":"https:\/\/muumimukitrahaksi.fi\/sv\/produkt\/muurla-moomin-for-pets-skal-l-gra-2021-ny\/","og_site_name":"Muumimukit Rahaksi","article_publisher":"https:\/\/www.facebook.com\/muumimukitrahaksi\/","article_modified_time":"2025-11-18T13:08:38+00:00","og_image":[{"width":1000,"height":1000,"url":"https:\/\/muumimukitrahaksi.fi\/wp-content\/uploads\/2025\/11\/petsL_1.jpg","type":"image\/jpeg"}],"twitter_card":"summary_large_image","twitter_site":"@MuumitRahaksi","twitter_misc":{"Ber\u00e4knad l\u00e4stid":"1 minut"},"schema":{"@context":"https:\/\/schema.org","@graph":[{"@type":"WebPage","@id":"https:\/\/muumimukitrahaksi.fi\/sv\/produkt\/muurla-moomin-for-pets-skal-l-gra-2021-ny\/","url":"https:\/\/muumimukitrahaksi.fi\/sv\/produkt\/muurla-moomin-for-pets-skal-l-gra-2021-ny\/","name":"Muurla Moomin for Pets sk\u00e5l L, gr\u00e5 (2021-) *NY* - Muumimukit Rahaksi","isPartOf":{"@id":"https:\/\/muumimukitrahaksi.fi\/#website"},"primaryImageOfPage":{"@id":"https:\/\/muumimukitrahaksi.fi\/sv\/produkt\/muurla-moomin-for-pets-skal-l-gra-2021-ny\/#primaryimage"},"image":{"@id":"https:\/\/muumimukitrahaksi.fi\/sv\/produkt\/muurla-moomin-for-pets-skal-l-gra-2021-ny\/#primaryimage"},"thumbnailUrl":"https:\/\/muumimukitrahaksi.fi\/wp-content\/uploads\/2025\/11\/petsL_1.jpg","datePublished":"2025-11-17T11:25:44+00:00","dateModified":"2025-11-18T13:08:38+00:00","description":"Muurlas Moomin for Pets sk\u00e5l L, gr\u00f6n. Sk\u00e5len \u00e4r ny. H\u00f6jd 8 cm, bredd 27 cm och volum 1,2 liter.","breadcrumb":{"@id":"https:\/\/muumimukitrahaksi.fi\/sv\/produkt\/muurla-moomin-for-pets-skal-l-gra-2021-ny\/#breadcrumb"},"inLanguage":"sv-SE","potentialAction":[{"@type":"ReadAction","target":["https:\/\/muumimukitrahaksi.fi\/sv\/produkt\/muurla-moomin-for-pets-skal-l-gra-2021-ny\/"]}]},{"@type":"ImageObject","inLanguage":"sv-SE","@id":"https:\/\/muumimukitrahaksi.fi\/sv\/produkt\/muurla-moomin-for-pets-skal-l-gra-2021-ny\/#primaryimage","url":"https:\/\/muumimukitrahaksi.fi\/wp-content\/uploads\/2025\/11\/petsL_1.jpg","contentUrl":"https:\/\/muumimukitrahaksi.fi\/wp-content\/uploads\/2025\/11\/petsL_1.jpg","width":1000,"height":1000,"caption":"Muurla Moomin For Pets sk\u00e5l L, gr\u00e5"},{"@type":"BreadcrumbList","@id":"https:\/\/muumimukitrahaksi.fi\/sv\/produkt\/muurla-moomin-for-pets-skal-l-gra-2021-ny\/#breadcrumb","itemListElement":[{"@type":"ListItem","position":1,"name":"Etusivu","item":"https:\/\/muumimukitrahaksi.fi\/sv\/"},{"@type":"ListItem","position":2,"name":"Butik","item":"https:\/\/muumimukitrahaksi.fi\/sv\/butik\/"},{"@type":"ListItem","position":3,"name":"Muurla Moomin for Pets sk\u00e5l L, gr\u00e5 (2021-) *NY*"}]},{"@type":"WebSite","@id":"https:\/\/muumimukitrahaksi.fi\/#website","url":"https:\/\/muumimukitrahaksi.fi\/","name":"Muumimukit Rahaksi","description":"Muumimukeja, -kulhoja ja -lautasia ker\u00e4ilij\u00f6ille!","publisher":{"@id":"https:\/\/muumimukitrahaksi.fi\/#organization"},"potentialAction":[{"@type":"SearchAction","target":{"@type":"EntryPoint","urlTemplate":"https:\/\/muumimukitrahaksi.fi\/?s={search_term_string}"},"query-input":{"@type":"PropertyValueSpecification","valueRequired":true,"valueName":"search_term_string"}}],"inLanguage":"sv-SE"},{"@type":"Organization","@id":"https:\/\/muumimukitrahaksi.fi\/#organization","name":"Muumimukit Rahaksi","url":"https:\/\/muumimukitrahaksi.fi\/","logo":{"@type":"ImageObject","inLanguage":"sv-SE","@id":"https:\/\/muumimukitrahaksi.fi\/#\/schema\/logo\/image\/","url":"https:\/\/muumimukitrahaksi.fi\/wp-content\/uploads\/2017\/09\/logooo.jpg","contentUrl":"https:\/\/muumimukitrahaksi.fi\/wp-content\/uploads\/2017\/09\/logooo.jpg","width":514,"height":514,"caption":"Muumimukit Rahaksi"},"image":{"@id":"https:\/\/muumimukitrahaksi.fi\/#\/schema\/logo\/image\/"},"sameAs":["https:\/\/www.facebook.com\/muumimukitrahaksi\/","https:\/\/x.com\/MuumitRahaksi","https:\/\/www.instagram.com\/muumimukitrahaksi\/"]}]}},"_links":{"self":[{"href":"https:\/\/muumimukitrahaksi.fi\/sv\/wp-json\/wp\/v2\/product\/150363","targetHints":{"allow":["GET"]}}],"collection":[{"href":"https:\/\/muumimukitrahaksi.fi\/sv\/wp-json\/wp\/v2\/product"}],"about":[{"href":"https:\/\/muumimukitrahaksi.fi\/sv\/wp-json\/wp\/v2\/types\/product"}],"wp:featuredmedia":[{"embeddable":true,"href":"https:\/\/muumimukitrahaksi.fi\/sv\/wp-json\/wp\/v2\/media\/149516"}],"wp:attachment":[{"href":"https:\/\/muumimukitrahaksi.fi\/sv\/wp-json\/wp\/v2\/media?parent=150363"}],"wp:term":[{"taxonomy":"product_brand","embeddable":true,"href":"https:\/\/muumimukitrahaksi.fi\/sv\/wp-json\/wp\/v2\/product_brand?post=150363"},{"taxonomy":"product_cat","embeddable":true,"href":"https:\/\/muumimukitrahaksi.fi\/sv\/wp-json\/wp\/v2\/product_cat?post=150363"},{"taxonomy":"product_tag","embeddable":true,"href":"https:\/\/muumimukitrahaksi.fi\/sv\/wp-json\/wp\/v2\/product_tag?post=150363"}],"curies":[{"name":"wp","href":"https:\/\/api.w.org\/{rel}","templated":true}]}}