{"id":153923,"date":"2025-12-15T14:05:53","date_gmt":"2025-12-15T12:05:53","guid":{"rendered":"https:\/\/muumimukitrahaksi.fi\/tuote\/mumin-minimugg-karlek-lila-2026-etikett\/"},"modified":"2026-01-28T11:56:26","modified_gmt":"2026-01-28T09:56:26","slug":"mumin-minimugg-karlek-lila-2026-etikett","status":"publish","type":"product","link":"https:\/\/muumimukitrahaksi.fi\/sv\/produkt\/mumin-minimugg-karlek-lila-2026-etikett\/","title":{"rendered":"Mumin minimugg K\u00e4rlek lila (2026-) *ETIKETT*"},"content":{"rendered":"<p style=\"text-align: center;\"><strong>\u2022 Officiell Moomin Characters\u00a0 licensinnehavare \u2022 Delbetalning\/faktura \u2022 Kvalitetsgranskade produkter<\/strong><\/p>\n<p><strong>Mumin minimuggen K\u00e4rlek lila<\/strong> \u00e4r en del av den speciella jubileumskollektionen K\u00e4rlek 30 f\u00f6r \u00e5r 2026. <a href=\"https:\/\/muumimukitrahaksi.fi\/sv\/produkt-nyckelord\/karlek-30\/\">Kollektionen K\u00e4rlek 30<\/a> firar den ikoniska K\u00e4rlek-muminmuggens 30-\u00e5riga resa. Med tillskotten f\u00f6r 2026 finns det totalt \u00e5tta olika f\u00e4rger av K\u00e4rlek-minimuggar. Minimuggens volym \u00e4r 12 ml.<\/p>\n<p>Illustrationen p\u00e5 K\u00e4rlek-minimuggen skildrar relationen mellan Snorkfr\u00f6ken och Mumintrollet. Deras f\u00f6rh\u00e5llande \u00e4r inte alltid en dans p\u00e5 rosor, men till slut verkar deras v\u00e4gar alltid fl\u00e4tas samman igen. Minimuggen pryds av en av de mest k\u00e4nda Mumin-illustrationerna: Mumintrollet och Snorkfr\u00f6ken som kramas, ursprungligen fr\u00e5n Tove Janssons serie Mumintrollet och marsinnev\u00e5narna (1957).<\/p>\n<p>Kollektionen K\u00e4rlek 30 omfattar f\u00f6rutom sex olika minimuggar \u00e4ven en jubileumsutg\u00e5va av K\u00e4rlek-muggen samt m\u00e5nga andra K\u00e4rlek-produkter.<\/p>\n<p>Kolla in andra minimuggar <a href=\"https:\/\/muumimukitrahaksi.fi\/sv\/produkt-avdelning\/ovriga-produkter\/minimuggar\/\">h\u00e4r.<\/a><\/p>\n<p>Har du en K\u00e4rlek lila -minimugg och vill s\u00e4lja den? Vi k\u00f6per ocks\u00e5 minimuggar. Klicka <a href=\"https:\/\/muumimukitrahaksi.fi\/en\/sell-moomin\/\">h\u00e4r<\/a>, fyll i formul\u00e4ret och f\u00e5 en offert samma dag.<\/p>\n","protected":false},"excerpt":{"rendered":"<p style=\"text-align: center;\"><strong>H\u00f6gklassiga varor \u2022 Snabb leverans<\/strong><\/p>\n<p>Moomin Arabias minimugg K\u00e4rlek lila.\u00a0Minimuggen \u00e4r ny och har etiketten kvar. I priset (9,90\u20ac) ing\u00e5r finsk moms (25,5%). Momsen kommer att tas bort i kassan f\u00f6r kunder utanf\u00f6r EU. Minimuggarna packas med omsorg och f\u00f6rnybara material.<\/p>\n<p style=\"text-align: center;\"><strong>\u2022 S\u00e4kra betalningss\u00e4tt<\/strong><\/p>\n<p><img loading=\"lazy\" decoding=\"async\" class=\"aligncenter wp-image-20415 size-full\" src=\"https:\/\/muumimukitrahaksi.fi\/wp-content\/uploads\/2020\/06\/maksutavat-2026-pieni-eng.png\" alt=\"Payment options\" width=\"350\" height=\"200\" \/><\/p>\n","protected":false},"featured_media":152752,"template":"","meta":[],"product_brand":[],"product_cat":[555,671,548],"product_tag":[614,705,626,646],"class_list":{"0":"post-153923","1":"product","2":"type-product","3":"status-publish","4":"has-post-thumbnail","6":"product_cat-minimuggar","7":"product_cat-nyheter","8":"product_cat-ovriga-produkter","9":"product_tag-karlek","10":"product_tag-karlek-30","11":"product_tag-med-etikett","12":"product_tag-minimugg","14":"first","15":"instock","16":"taxable","17":"shipping-taxable","18":"purchasable","19":"product-type-simple"},"yoast_head":"<!-- This site is optimized with the Yoast SEO plugin v27.1.1 - https:\/\/yoast.com\/product\/yoast-seo-wordpress\/ -->\n<title>Mumin minimugg K\u00e4rlek lila (2026-) *ETIKETT* - Muumimukit Rahaksi<\/title>\n<meta name=\"description\" content=\"Mumin minimuggen K\u00e4rlek lila \u00e4r en del av den speciella jubileumskollektionen K\u00e4rlek 30 f\u00f6r \u00e5r 2026. Kollektionen K\u00e4rlek 30 firar den ikoniska K\u00e4rlek-muminmuggens 30-\u00e5riga resa.\" \/>\n<meta name=\"robots\" content=\"index, follow, max-snippet:-1, max-image-preview:large, max-video-preview:-1\" \/>\n<link rel=\"canonical\" href=\"https:\/\/muumimukitrahaksi.fi\/sv\/produkt\/mumin-minimugg-karlek-lila-2026-etikett\/\" \/>\n<meta property=\"og:locale\" content=\"sv_SE\" \/>\n<meta property=\"og:type\" content=\"article\" \/>\n<meta property=\"og:title\" content=\"Mumin minimugg K\u00e4rlek lila (2026-) *ETIKETT* - Muumimukit Rahaksi\" \/>\n<meta property=\"og:description\" content=\"Mumin minimuggen K\u00e4rlek lila \u00e4r en del av den speciella jubileumskollektionen K\u00e4rlek 30 f\u00f6r \u00e5r 2026. Kollektionen K\u00e4rlek 30 firar den ikoniska K\u00e4rlek-muminmuggens 30-\u00e5riga resa.\" \/>\n<meta property=\"og:url\" content=\"https:\/\/muumimukitrahaksi.fi\/sv\/produkt\/mumin-minimugg-karlek-lila-2026-etikett\/\" \/>\n<meta property=\"og:site_name\" content=\"Muumimukit Rahaksi\" \/>\n<meta property=\"article:publisher\" content=\"https:\/\/www.facebook.com\/muumimukitrahaksi\/\" \/>\n<meta property=\"article:modified_time\" content=\"2026-01-28T09:56:26+00:00\" \/>\n<meta property=\"og:image\" content=\"https:\/\/muumimukitrahaksi.fi\/wp-content\/uploads\/2025\/12\/rakkausvioletti_mini_1.jpg\" \/>\n\t<meta property=\"og:image:width\" content=\"1000\" \/>\n\t<meta property=\"og:image:height\" content=\"1000\" \/>\n\t<meta property=\"og:image:type\" content=\"image\/jpeg\" \/>\n<meta name=\"twitter:card\" content=\"summary_large_image\" \/>\n<meta name=\"twitter:site\" content=\"@MuumitRahaksi\" \/>\n<meta name=\"twitter:label1\" content=\"Ber\u00e4knad l\u00e4stid\" \/>\n\t<meta name=\"twitter:data1\" content=\"1 minut\" \/>\n<script type=\"application\/ld+json\" class=\"yoast-schema-graph\">{\"@context\":\"https:\/\/schema.org\",\"@graph\":[{\"@type\":\"WebPage\",\"@id\":\"https:\/\/muumimukitrahaksi.fi\/sv\/produkt\/mumin-minimugg-karlek-lila-2026-etikett\/\",\"url\":\"https:\/\/muumimukitrahaksi.fi\/sv\/produkt\/mumin-minimugg-karlek-lila-2026-etikett\/\",\"name\":\"Mumin minimugg K\u00e4rlek lila (2026-) *ETIKETT* - Muumimukit Rahaksi\",\"isPartOf\":{\"@id\":\"https:\/\/muumimukitrahaksi.fi\/#website\"},\"primaryImageOfPage\":{\"@id\":\"https:\/\/muumimukitrahaksi.fi\/sv\/produkt\/mumin-minimugg-karlek-lila-2026-etikett\/#primaryimage\"},\"image\":{\"@id\":\"https:\/\/muumimukitrahaksi.fi\/sv\/produkt\/mumin-minimugg-karlek-lila-2026-etikett\/#primaryimage\"},\"thumbnailUrl\":\"https:\/\/muumimukitrahaksi.fi\/wp-content\/uploads\/2025\/12\/rakkausvioletti_mini_1.jpg\",\"datePublished\":\"2025-12-15T12:05:53+00:00\",\"dateModified\":\"2026-01-28T09:56:26+00:00\",\"description\":\"Mumin minimuggen K\u00e4rlek lila \u00e4r en del av den speciella jubileumskollektionen K\u00e4rlek 30 f\u00f6r \u00e5r 2026. Kollektionen K\u00e4rlek 30 firar den ikoniska K\u00e4rlek-muminmuggens 30-\u00e5riga resa.\",\"breadcrumb\":{\"@id\":\"https:\/\/muumimukitrahaksi.fi\/sv\/produkt\/mumin-minimugg-karlek-lila-2026-etikett\/#breadcrumb\"},\"inLanguage\":\"sv-SE\",\"potentialAction\":[{\"@type\":\"ReadAction\",\"target\":[\"https:\/\/muumimukitrahaksi.fi\/sv\/produkt\/mumin-minimugg-karlek-lila-2026-etikett\/\"]}]},{\"@type\":\"ImageObject\",\"inLanguage\":\"sv-SE\",\"@id\":\"https:\/\/muumimukitrahaksi.fi\/sv\/produkt\/mumin-minimugg-karlek-lila-2026-etikett\/#primaryimage\",\"url\":\"https:\/\/muumimukitrahaksi.fi\/wp-content\/uploads\/2025\/12\/rakkausvioletti_mini_1.jpg\",\"contentUrl\":\"https:\/\/muumimukitrahaksi.fi\/wp-content\/uploads\/2025\/12\/rakkausvioletti_mini_1.jpg\",\"width\":1000,\"height\":1000,\"caption\":\"Mumin minimugg K\u00e4rlek lila\"},{\"@type\":\"BreadcrumbList\",\"@id\":\"https:\/\/muumimukitrahaksi.fi\/sv\/produkt\/mumin-minimugg-karlek-lila-2026-etikett\/#breadcrumb\",\"itemListElement\":[{\"@type\":\"ListItem\",\"position\":1,\"name\":\"Etusivu\",\"item\":\"https:\/\/muumimukitrahaksi.fi\/sv\/\"},{\"@type\":\"ListItem\",\"position\":2,\"name\":\"Butik\",\"item\":\"https:\/\/muumimukitrahaksi.fi\/sv\/butik\/\"},{\"@type\":\"ListItem\",\"position\":3,\"name\":\"Mumin minimugg K\u00e4rlek lila (2026-) *ETIKETT*\"}]},{\"@type\":\"WebSite\",\"@id\":\"https:\/\/muumimukitrahaksi.fi\/#website\",\"url\":\"https:\/\/muumimukitrahaksi.fi\/\",\"name\":\"Muumimukit Rahaksi\",\"description\":\"Muumimukeja, -kulhoja ja -lautasia ker\u00e4ilij\u00f6ille!\",\"publisher\":{\"@id\":\"https:\/\/muumimukitrahaksi.fi\/#organization\"},\"potentialAction\":[{\"@type\":\"SearchAction\",\"target\":{\"@type\":\"EntryPoint\",\"urlTemplate\":\"https:\/\/muumimukitrahaksi.fi\/?s={search_term_string}\"},\"query-input\":{\"@type\":\"PropertyValueSpecification\",\"valueRequired\":true,\"valueName\":\"search_term_string\"}}],\"inLanguage\":\"sv-SE\"},{\"@type\":\"Organization\",\"@id\":\"https:\/\/muumimukitrahaksi.fi\/#organization\",\"name\":\"Muumimukit Rahaksi\",\"url\":\"https:\/\/muumimukitrahaksi.fi\/\",\"logo\":{\"@type\":\"ImageObject\",\"inLanguage\":\"sv-SE\",\"@id\":\"https:\/\/muumimukitrahaksi.fi\/#\/schema\/logo\/image\/\",\"url\":\"https:\/\/muumimukitrahaksi.fi\/wp-content\/uploads\/2017\/09\/logooo.jpg\",\"contentUrl\":\"https:\/\/muumimukitrahaksi.fi\/wp-content\/uploads\/2017\/09\/logooo.jpg\",\"width\":514,\"height\":514,\"caption\":\"Muumimukit Rahaksi\"},\"image\":{\"@id\":\"https:\/\/muumimukitrahaksi.fi\/#\/schema\/logo\/image\/\"},\"sameAs\":[\"https:\/\/www.facebook.com\/muumimukitrahaksi\/\",\"https:\/\/x.com\/MuumitRahaksi\",\"https:\/\/www.instagram.com\/muumimukitrahaksi\/\"]}]}<\/script>\n<!-- \/ Yoast SEO plugin. -->","yoast_head_json":{"title":"Mumin minimugg K\u00e4rlek lila (2026-) *ETIKETT* - Muumimukit Rahaksi","description":"Mumin minimuggen K\u00e4rlek lila \u00e4r en del av den speciella jubileumskollektionen K\u00e4rlek 30 f\u00f6r \u00e5r 2026. Kollektionen K\u00e4rlek 30 firar den ikoniska K\u00e4rlek-muminmuggens 30-\u00e5riga resa.","robots":{"index":"index","follow":"follow","max-snippet":"max-snippet:-1","max-image-preview":"max-image-preview:large","max-video-preview":"max-video-preview:-1"},"canonical":"https:\/\/muumimukitrahaksi.fi\/sv\/produkt\/mumin-minimugg-karlek-lila-2026-etikett\/","og_locale":"sv_SE","og_type":"article","og_title":"Mumin minimugg K\u00e4rlek lila (2026-) *ETIKETT* - Muumimukit Rahaksi","og_description":"Mumin minimuggen K\u00e4rlek lila \u00e4r en del av den speciella jubileumskollektionen K\u00e4rlek 30 f\u00f6r \u00e5r 2026. Kollektionen K\u00e4rlek 30 firar den ikoniska K\u00e4rlek-muminmuggens 30-\u00e5riga resa.","og_url":"https:\/\/muumimukitrahaksi.fi\/sv\/produkt\/mumin-minimugg-karlek-lila-2026-etikett\/","og_site_name":"Muumimukit Rahaksi","article_publisher":"https:\/\/www.facebook.com\/muumimukitrahaksi\/","article_modified_time":"2026-01-28T09:56:26+00:00","og_image":[{"width":1000,"height":1000,"url":"https:\/\/muumimukitrahaksi.fi\/wp-content\/uploads\/2025\/12\/rakkausvioletti_mini_1.jpg","type":"image\/jpeg"}],"twitter_card":"summary_large_image","twitter_site":"@MuumitRahaksi","twitter_misc":{"Ber\u00e4knad l\u00e4stid":"1 minut"},"schema":{"@context":"https:\/\/schema.org","@graph":[{"@type":"WebPage","@id":"https:\/\/muumimukitrahaksi.fi\/sv\/produkt\/mumin-minimugg-karlek-lila-2026-etikett\/","url":"https:\/\/muumimukitrahaksi.fi\/sv\/produkt\/mumin-minimugg-karlek-lila-2026-etikett\/","name":"Mumin minimugg K\u00e4rlek lila (2026-) *ETIKETT* - Muumimukit Rahaksi","isPartOf":{"@id":"https:\/\/muumimukitrahaksi.fi\/#website"},"primaryImageOfPage":{"@id":"https:\/\/muumimukitrahaksi.fi\/sv\/produkt\/mumin-minimugg-karlek-lila-2026-etikett\/#primaryimage"},"image":{"@id":"https:\/\/muumimukitrahaksi.fi\/sv\/produkt\/mumin-minimugg-karlek-lila-2026-etikett\/#primaryimage"},"thumbnailUrl":"https:\/\/muumimukitrahaksi.fi\/wp-content\/uploads\/2025\/12\/rakkausvioletti_mini_1.jpg","datePublished":"2025-12-15T12:05:53+00:00","dateModified":"2026-01-28T09:56:26+00:00","description":"Mumin minimuggen K\u00e4rlek lila \u00e4r en del av den speciella jubileumskollektionen K\u00e4rlek 30 f\u00f6r \u00e5r 2026. Kollektionen K\u00e4rlek 30 firar den ikoniska K\u00e4rlek-muminmuggens 30-\u00e5riga resa.","breadcrumb":{"@id":"https:\/\/muumimukitrahaksi.fi\/sv\/produkt\/mumin-minimugg-karlek-lila-2026-etikett\/#breadcrumb"},"inLanguage":"sv-SE","potentialAction":[{"@type":"ReadAction","target":["https:\/\/muumimukitrahaksi.fi\/sv\/produkt\/mumin-minimugg-karlek-lila-2026-etikett\/"]}]},{"@type":"ImageObject","inLanguage":"sv-SE","@id":"https:\/\/muumimukitrahaksi.fi\/sv\/produkt\/mumin-minimugg-karlek-lila-2026-etikett\/#primaryimage","url":"https:\/\/muumimukitrahaksi.fi\/wp-content\/uploads\/2025\/12\/rakkausvioletti_mini_1.jpg","contentUrl":"https:\/\/muumimukitrahaksi.fi\/wp-content\/uploads\/2025\/12\/rakkausvioletti_mini_1.jpg","width":1000,"height":1000,"caption":"Mumin minimugg K\u00e4rlek lila"},{"@type":"BreadcrumbList","@id":"https:\/\/muumimukitrahaksi.fi\/sv\/produkt\/mumin-minimugg-karlek-lila-2026-etikett\/#breadcrumb","itemListElement":[{"@type":"ListItem","position":1,"name":"Etusivu","item":"https:\/\/muumimukitrahaksi.fi\/sv\/"},{"@type":"ListItem","position":2,"name":"Butik","item":"https:\/\/muumimukitrahaksi.fi\/sv\/butik\/"},{"@type":"ListItem","position":3,"name":"Mumin minimugg K\u00e4rlek lila (2026-) *ETIKETT*"}]},{"@type":"WebSite","@id":"https:\/\/muumimukitrahaksi.fi\/#website","url":"https:\/\/muumimukitrahaksi.fi\/","name":"Muumimukit Rahaksi","description":"Muumimukeja, -kulhoja ja -lautasia ker\u00e4ilij\u00f6ille!","publisher":{"@id":"https:\/\/muumimukitrahaksi.fi\/#organization"},"potentialAction":[{"@type":"SearchAction","target":{"@type":"EntryPoint","urlTemplate":"https:\/\/muumimukitrahaksi.fi\/?s={search_term_string}"},"query-input":{"@type":"PropertyValueSpecification","valueRequired":true,"valueName":"search_term_string"}}],"inLanguage":"sv-SE"},{"@type":"Organization","@id":"https:\/\/muumimukitrahaksi.fi\/#organization","name":"Muumimukit Rahaksi","url":"https:\/\/muumimukitrahaksi.fi\/","logo":{"@type":"ImageObject","inLanguage":"sv-SE","@id":"https:\/\/muumimukitrahaksi.fi\/#\/schema\/logo\/image\/","url":"https:\/\/muumimukitrahaksi.fi\/wp-content\/uploads\/2017\/09\/logooo.jpg","contentUrl":"https:\/\/muumimukitrahaksi.fi\/wp-content\/uploads\/2017\/09\/logooo.jpg","width":514,"height":514,"caption":"Muumimukit Rahaksi"},"image":{"@id":"https:\/\/muumimukitrahaksi.fi\/#\/schema\/logo\/image\/"},"sameAs":["https:\/\/www.facebook.com\/muumimukitrahaksi\/","https:\/\/x.com\/MuumitRahaksi","https:\/\/www.instagram.com\/muumimukitrahaksi\/"]}]}},"_links":{"self":[{"href":"https:\/\/muumimukitrahaksi.fi\/sv\/wp-json\/wp\/v2\/product\/153923","targetHints":{"allow":["GET"]}}],"collection":[{"href":"https:\/\/muumimukitrahaksi.fi\/sv\/wp-json\/wp\/v2\/product"}],"about":[{"href":"https:\/\/muumimukitrahaksi.fi\/sv\/wp-json\/wp\/v2\/types\/product"}],"wp:featuredmedia":[{"embeddable":true,"href":"https:\/\/muumimukitrahaksi.fi\/sv\/wp-json\/wp\/v2\/media\/152752"}],"wp:attachment":[{"href":"https:\/\/muumimukitrahaksi.fi\/sv\/wp-json\/wp\/v2\/media?parent=153923"}],"wp:term":[{"taxonomy":"product_brand","embeddable":true,"href":"https:\/\/muumimukitrahaksi.fi\/sv\/wp-json\/wp\/v2\/product_brand?post=153923"},{"taxonomy":"product_cat","embeddable":true,"href":"https:\/\/muumimukitrahaksi.fi\/sv\/wp-json\/wp\/v2\/product_cat?post=153923"},{"taxonomy":"product_tag","embeddable":true,"href":"https:\/\/muumimukitrahaksi.fi\/sv\/wp-json\/wp\/v2\/product_tag?post=153923"}],"curies":[{"name":"wp","href":"https:\/\/api.w.org\/{rel}","templated":true}]}}