{"id":154570,"date":"2026-01-03T17:27:24","date_gmt":"2026-01-03T15:27:24","guid":{"rendered":"https:\/\/muumimukitrahaksi.fi\/tuote\/mumin-minimugg-omtanke-2026-etikett\/"},"modified":"2026-01-24T14:48:33","modified_gmt":"2026-01-24T12:48:33","slug":"mumin-minimugg-omtanke-2026-etikett","status":"publish","type":"product","link":"https:\/\/muumimukitrahaksi.fi\/sv\/produkt\/mumin-minimugg-omtanke-2026-etikett\/","title":{"rendered":"Mumin minimugg Omtanke (2026-) *ETIKETT*"},"content":{"rendered":"<p style=\"text-align: center;\"><strong>\u2022 Officiell Moomin Characters\u00a0 licensinnehavare \u2022 Delbetalning\/faktura \u2022 Kvalitetsgranskade produkter<\/strong><\/p>\n<p><strong>Mumin minimuggen Omtanke<\/strong> \u00e4r Moomin Arabias nyhet f\u00f6r \u00e5r 2026 och kommer att ing\u00e5 i den kontinuerliga produktionen. Minimuggen \u00e4r en del av Moomin Arabias Klassikerserie. Omtanke-kollektionen lanserades samtidigt som <a href=\"https:\/\/muumimukitrahaksi.fi\/sv\/produkt-nyckelord\/foralskelse\/\">kollektionen F\u00f6r\u00e4lskelse<\/a>. Minimuggen har en volym p\u00e5 12 ml.<\/p>\n<p>K\u00e4rlek i sina olika former \u00e4r ett genomg\u00e5ende tema i m\u00e5nga av Moomin Arabias nyheter i b\u00f6rjan av 2026. P\u00e5 Omtanke-kollektionen skildras k\u00e4rlek genom empati och v\u00e4nlighet. Illustrationerna visar mumintrollen som st\u00f6ter p\u00e5 skeppsbrutna pirater p\u00e5 stranden. De kaxiga piraterna mjuknar n\u00e4r de m\u00f6ter Muminmammans milda natur. Till slut f\u00e5r mumintrollen piraterna att hj\u00e4lpa till med tr\u00e4dg\u00e5rdsarbetet. P\u00e5 Omtanke-minimuggen ser man Mumintrollet som kramar ett tr\u00e4d och Snorkfr\u00f6ken som varsamt klappar en katt. Gr\u00f6na och rosa nyanser leker runt hela minimuggen. Illustrationerna i Omtanke-kollektionen, som v\u00e4rmer hj\u00e4rtat, bygger p\u00e5 Tove Janssons serier Den ensliga \u00f6n fr\u00e5n 1955.<\/p>\n<p>Den omfattande Omtanke-servisen inkluderar, f\u00f6rutom minimuggen, en tallrik, en sk\u00e5l, en mugg och ett serveringsfat.<\/p>\n<p>Kolla in andra produkter ur kollektionen Omtanke <a href=\"https:\/\/muumimukitrahaksi.fi\/sv\/produkt-nyckelord\/omtanke\/\">h\u00e4r<\/a>.<\/p>\n<p>Har du en Omtanke minimugg och vill s\u00e4lja den? Vi k\u00f6per ocks\u00e5 minimuggar. Klicka <a href=\"https:\/\/muumimukitrahaksi.fi\/en\/sell-moomin\/\">h\u00e4r<\/a>, fyll i formul\u00e4ret och f\u00e5 en offert samma dag.<\/p>\n","protected":false},"excerpt":{"rendered":"<p style=\"text-align: center;\"><strong>\u2022 H\u00f6gklassiga varor \u2022 Snabb leverans<\/strong><\/p>\n<p>Moomin Arabias Mumin minimugg Omtanke.\u00a0Minimuggen \u00e4r ny och har etiketten kvar. I priset (9,90\u20ac) ing\u00e5r finsk moms (25,5%). Momsen kommer att tas bort i kassan f\u00f6r kunder utanf\u00f6r EU. Minimuggarna packas med omsorg och f\u00f6rnybara material.<\/p>\n<p style=\"text-align: center;\"><strong>\u2022 S\u00e4kra betalningss\u00e4tt<\/strong><\/p>\n<p><img loading=\"lazy\" decoding=\"async\" class=\"aligncenter wp-image-20415 size-full\" src=\"https:\/\/muumimukitrahaksi.fi\/wp-content\/uploads\/2020\/06\/maksutavat-2026-pieni-eng.png\" alt=\"Payment options\" width=\"350\" height=\"200\" \/><\/p>\n","protected":false},"featured_media":152704,"template":"","meta":[],"product_brand":[],"product_cat":[555,671,548],"product_tag":[626,646,696],"class_list":{"0":"post-154570","1":"product","2":"type-product","3":"status-publish","4":"has-post-thumbnail","6":"product_cat-minimuggar","7":"product_cat-nyheter","8":"product_cat-ovriga-produkter","9":"product_tag-med-etikett","10":"product_tag-minimugg","11":"product_tag-omtanke","13":"first","14":"instock","15":"taxable","16":"shipping-taxable","17":"purchasable","18":"product-type-simple"},"yoast_head":"<!-- This site is optimized with the Yoast SEO plugin v27.1.1 - https:\/\/yoast.com\/product\/yoast-seo-wordpress\/ -->\n<title>Mumin minimugg Omtanke (2026-) *ETIKETT* - Muumimukit Rahaksi<\/title>\n<meta name=\"description\" content=\"Mumin minimuggen Omtanke \u00e4r Moomin Arabias nyhet f\u00f6r \u00e5r 2026 och kommer att ing\u00e5 i den kontinuerliga produktionen. Minimuggen har en volym p\u00e5 12 ml.\" \/>\n<meta name=\"robots\" content=\"index, follow, max-snippet:-1, max-image-preview:large, max-video-preview:-1\" \/>\n<link rel=\"canonical\" href=\"https:\/\/muumimukitrahaksi.fi\/sv\/produkt\/mumin-minimugg-omtanke-2026-etikett\/\" \/>\n<meta property=\"og:locale\" content=\"sv_SE\" \/>\n<meta property=\"og:type\" content=\"article\" \/>\n<meta property=\"og:title\" content=\"Mumin minimugg Omtanke (2026-) *ETIKETT* - Muumimukit Rahaksi\" \/>\n<meta property=\"og:description\" content=\"Mumin minimuggen Omtanke \u00e4r Moomin Arabias nyhet f\u00f6r \u00e5r 2026 och kommer att ing\u00e5 i den kontinuerliga produktionen. Minimuggen har en volym p\u00e5 12 ml.\" \/>\n<meta property=\"og:url\" content=\"https:\/\/muumimukitrahaksi.fi\/sv\/produkt\/mumin-minimugg-omtanke-2026-etikett\/\" \/>\n<meta property=\"og:site_name\" content=\"Muumimukit Rahaksi\" \/>\n<meta property=\"article:publisher\" content=\"https:\/\/www.facebook.com\/muumimukitrahaksi\/\" \/>\n<meta property=\"article:modified_time\" content=\"2026-01-24T12:48:33+00:00\" \/>\n<meta property=\"og:image\" content=\"https:\/\/muumimukitrahaksi.fi\/wp-content\/uploads\/2025\/12\/hellyys_mini_1.jpg\" \/>\n\t<meta property=\"og:image:width\" content=\"1000\" \/>\n\t<meta property=\"og:image:height\" content=\"1000\" \/>\n\t<meta property=\"og:image:type\" content=\"image\/jpeg\" \/>\n<meta name=\"twitter:card\" content=\"summary_large_image\" \/>\n<meta name=\"twitter:site\" content=\"@MuumitRahaksi\" \/>\n<meta name=\"twitter:label1\" content=\"Ber\u00e4knad l\u00e4stid\" \/>\n\t<meta name=\"twitter:data1\" content=\"1 minut\" \/>\n<script type=\"application\/ld+json\" class=\"yoast-schema-graph\">{\"@context\":\"https:\/\/schema.org\",\"@graph\":[{\"@type\":\"WebPage\",\"@id\":\"https:\/\/muumimukitrahaksi.fi\/sv\/produkt\/mumin-minimugg-omtanke-2026-etikett\/\",\"url\":\"https:\/\/muumimukitrahaksi.fi\/sv\/produkt\/mumin-minimugg-omtanke-2026-etikett\/\",\"name\":\"Mumin minimugg Omtanke (2026-) *ETIKETT* - Muumimukit Rahaksi\",\"isPartOf\":{\"@id\":\"https:\/\/muumimukitrahaksi.fi\/#website\"},\"primaryImageOfPage\":{\"@id\":\"https:\/\/muumimukitrahaksi.fi\/sv\/produkt\/mumin-minimugg-omtanke-2026-etikett\/#primaryimage\"},\"image\":{\"@id\":\"https:\/\/muumimukitrahaksi.fi\/sv\/produkt\/mumin-minimugg-omtanke-2026-etikett\/#primaryimage\"},\"thumbnailUrl\":\"https:\/\/muumimukitrahaksi.fi\/wp-content\/uploads\/2025\/12\/hellyys_mini_1.jpg\",\"datePublished\":\"2026-01-03T15:27:24+00:00\",\"dateModified\":\"2026-01-24T12:48:33+00:00\",\"description\":\"Mumin minimuggen Omtanke \u00e4r Moomin Arabias nyhet f\u00f6r \u00e5r 2026 och kommer att ing\u00e5 i den kontinuerliga produktionen. Minimuggen har en volym p\u00e5 12 ml.\",\"breadcrumb\":{\"@id\":\"https:\/\/muumimukitrahaksi.fi\/sv\/produkt\/mumin-minimugg-omtanke-2026-etikett\/#breadcrumb\"},\"inLanguage\":\"sv-SE\",\"potentialAction\":[{\"@type\":\"ReadAction\",\"target\":[\"https:\/\/muumimukitrahaksi.fi\/sv\/produkt\/mumin-minimugg-omtanke-2026-etikett\/\"]}]},{\"@type\":\"ImageObject\",\"inLanguage\":\"sv-SE\",\"@id\":\"https:\/\/muumimukitrahaksi.fi\/sv\/produkt\/mumin-minimugg-omtanke-2026-etikett\/#primaryimage\",\"url\":\"https:\/\/muumimukitrahaksi.fi\/wp-content\/uploads\/2025\/12\/hellyys_mini_1.jpg\",\"contentUrl\":\"https:\/\/muumimukitrahaksi.fi\/wp-content\/uploads\/2025\/12\/hellyys_mini_1.jpg\",\"width\":1000,\"height\":1000,\"caption\":\"Mumin minimugg Omtanke\"},{\"@type\":\"BreadcrumbList\",\"@id\":\"https:\/\/muumimukitrahaksi.fi\/sv\/produkt\/mumin-minimugg-omtanke-2026-etikett\/#breadcrumb\",\"itemListElement\":[{\"@type\":\"ListItem\",\"position\":1,\"name\":\"Etusivu\",\"item\":\"https:\/\/muumimukitrahaksi.fi\/sv\/\"},{\"@type\":\"ListItem\",\"position\":2,\"name\":\"Butik\",\"item\":\"https:\/\/muumimukitrahaksi.fi\/sv\/butik\/\"},{\"@type\":\"ListItem\",\"position\":3,\"name\":\"Mumin minimugg Omtanke (2026-) *ETIKETT*\"}]},{\"@type\":\"WebSite\",\"@id\":\"https:\/\/muumimukitrahaksi.fi\/#website\",\"url\":\"https:\/\/muumimukitrahaksi.fi\/\",\"name\":\"Muumimukit Rahaksi\",\"description\":\"Muumimukeja, -kulhoja ja -lautasia ker\u00e4ilij\u00f6ille!\",\"publisher\":{\"@id\":\"https:\/\/muumimukitrahaksi.fi\/#organization\"},\"potentialAction\":[{\"@type\":\"SearchAction\",\"target\":{\"@type\":\"EntryPoint\",\"urlTemplate\":\"https:\/\/muumimukitrahaksi.fi\/?s={search_term_string}\"},\"query-input\":{\"@type\":\"PropertyValueSpecification\",\"valueRequired\":true,\"valueName\":\"search_term_string\"}}],\"inLanguage\":\"sv-SE\"},{\"@type\":\"Organization\",\"@id\":\"https:\/\/muumimukitrahaksi.fi\/#organization\",\"name\":\"Muumimukit Rahaksi\",\"url\":\"https:\/\/muumimukitrahaksi.fi\/\",\"logo\":{\"@type\":\"ImageObject\",\"inLanguage\":\"sv-SE\",\"@id\":\"https:\/\/muumimukitrahaksi.fi\/#\/schema\/logo\/image\/\",\"url\":\"https:\/\/muumimukitrahaksi.fi\/wp-content\/uploads\/2017\/09\/logooo.jpg\",\"contentUrl\":\"https:\/\/muumimukitrahaksi.fi\/wp-content\/uploads\/2017\/09\/logooo.jpg\",\"width\":514,\"height\":514,\"caption\":\"Muumimukit Rahaksi\"},\"image\":{\"@id\":\"https:\/\/muumimukitrahaksi.fi\/#\/schema\/logo\/image\/\"},\"sameAs\":[\"https:\/\/www.facebook.com\/muumimukitrahaksi\/\",\"https:\/\/x.com\/MuumitRahaksi\",\"https:\/\/www.instagram.com\/muumimukitrahaksi\/\"]}]}<\/script>\n<!-- \/ Yoast SEO plugin. -->","yoast_head_json":{"title":"Mumin minimugg Omtanke (2026-) *ETIKETT* - Muumimukit Rahaksi","description":"Mumin minimuggen Omtanke \u00e4r Moomin Arabias nyhet f\u00f6r \u00e5r 2026 och kommer att ing\u00e5 i den kontinuerliga produktionen. Minimuggen har en volym p\u00e5 12 ml.","robots":{"index":"index","follow":"follow","max-snippet":"max-snippet:-1","max-image-preview":"max-image-preview:large","max-video-preview":"max-video-preview:-1"},"canonical":"https:\/\/muumimukitrahaksi.fi\/sv\/produkt\/mumin-minimugg-omtanke-2026-etikett\/","og_locale":"sv_SE","og_type":"article","og_title":"Mumin minimugg Omtanke (2026-) *ETIKETT* - Muumimukit Rahaksi","og_description":"Mumin minimuggen Omtanke \u00e4r Moomin Arabias nyhet f\u00f6r \u00e5r 2026 och kommer att ing\u00e5 i den kontinuerliga produktionen. Minimuggen har en volym p\u00e5 12 ml.","og_url":"https:\/\/muumimukitrahaksi.fi\/sv\/produkt\/mumin-minimugg-omtanke-2026-etikett\/","og_site_name":"Muumimukit Rahaksi","article_publisher":"https:\/\/www.facebook.com\/muumimukitrahaksi\/","article_modified_time":"2026-01-24T12:48:33+00:00","og_image":[{"width":1000,"height":1000,"url":"https:\/\/muumimukitrahaksi.fi\/wp-content\/uploads\/2025\/12\/hellyys_mini_1.jpg","type":"image\/jpeg"}],"twitter_card":"summary_large_image","twitter_site":"@MuumitRahaksi","twitter_misc":{"Ber\u00e4knad l\u00e4stid":"1 minut"},"schema":{"@context":"https:\/\/schema.org","@graph":[{"@type":"WebPage","@id":"https:\/\/muumimukitrahaksi.fi\/sv\/produkt\/mumin-minimugg-omtanke-2026-etikett\/","url":"https:\/\/muumimukitrahaksi.fi\/sv\/produkt\/mumin-minimugg-omtanke-2026-etikett\/","name":"Mumin minimugg Omtanke (2026-) *ETIKETT* - Muumimukit Rahaksi","isPartOf":{"@id":"https:\/\/muumimukitrahaksi.fi\/#website"},"primaryImageOfPage":{"@id":"https:\/\/muumimukitrahaksi.fi\/sv\/produkt\/mumin-minimugg-omtanke-2026-etikett\/#primaryimage"},"image":{"@id":"https:\/\/muumimukitrahaksi.fi\/sv\/produkt\/mumin-minimugg-omtanke-2026-etikett\/#primaryimage"},"thumbnailUrl":"https:\/\/muumimukitrahaksi.fi\/wp-content\/uploads\/2025\/12\/hellyys_mini_1.jpg","datePublished":"2026-01-03T15:27:24+00:00","dateModified":"2026-01-24T12:48:33+00:00","description":"Mumin minimuggen Omtanke \u00e4r Moomin Arabias nyhet f\u00f6r \u00e5r 2026 och kommer att ing\u00e5 i den kontinuerliga produktionen. Minimuggen har en volym p\u00e5 12 ml.","breadcrumb":{"@id":"https:\/\/muumimukitrahaksi.fi\/sv\/produkt\/mumin-minimugg-omtanke-2026-etikett\/#breadcrumb"},"inLanguage":"sv-SE","potentialAction":[{"@type":"ReadAction","target":["https:\/\/muumimukitrahaksi.fi\/sv\/produkt\/mumin-minimugg-omtanke-2026-etikett\/"]}]},{"@type":"ImageObject","inLanguage":"sv-SE","@id":"https:\/\/muumimukitrahaksi.fi\/sv\/produkt\/mumin-minimugg-omtanke-2026-etikett\/#primaryimage","url":"https:\/\/muumimukitrahaksi.fi\/wp-content\/uploads\/2025\/12\/hellyys_mini_1.jpg","contentUrl":"https:\/\/muumimukitrahaksi.fi\/wp-content\/uploads\/2025\/12\/hellyys_mini_1.jpg","width":1000,"height":1000,"caption":"Mumin minimugg Omtanke"},{"@type":"BreadcrumbList","@id":"https:\/\/muumimukitrahaksi.fi\/sv\/produkt\/mumin-minimugg-omtanke-2026-etikett\/#breadcrumb","itemListElement":[{"@type":"ListItem","position":1,"name":"Etusivu","item":"https:\/\/muumimukitrahaksi.fi\/sv\/"},{"@type":"ListItem","position":2,"name":"Butik","item":"https:\/\/muumimukitrahaksi.fi\/sv\/butik\/"},{"@type":"ListItem","position":3,"name":"Mumin minimugg Omtanke (2026-) *ETIKETT*"}]},{"@type":"WebSite","@id":"https:\/\/muumimukitrahaksi.fi\/#website","url":"https:\/\/muumimukitrahaksi.fi\/","name":"Muumimukit Rahaksi","description":"Muumimukeja, -kulhoja ja -lautasia ker\u00e4ilij\u00f6ille!","publisher":{"@id":"https:\/\/muumimukitrahaksi.fi\/#organization"},"potentialAction":[{"@type":"SearchAction","target":{"@type":"EntryPoint","urlTemplate":"https:\/\/muumimukitrahaksi.fi\/?s={search_term_string}"},"query-input":{"@type":"PropertyValueSpecification","valueRequired":true,"valueName":"search_term_string"}}],"inLanguage":"sv-SE"},{"@type":"Organization","@id":"https:\/\/muumimukitrahaksi.fi\/#organization","name":"Muumimukit Rahaksi","url":"https:\/\/muumimukitrahaksi.fi\/","logo":{"@type":"ImageObject","inLanguage":"sv-SE","@id":"https:\/\/muumimukitrahaksi.fi\/#\/schema\/logo\/image\/","url":"https:\/\/muumimukitrahaksi.fi\/wp-content\/uploads\/2017\/09\/logooo.jpg","contentUrl":"https:\/\/muumimukitrahaksi.fi\/wp-content\/uploads\/2017\/09\/logooo.jpg","width":514,"height":514,"caption":"Muumimukit Rahaksi"},"image":{"@id":"https:\/\/muumimukitrahaksi.fi\/#\/schema\/logo\/image\/"},"sameAs":["https:\/\/www.facebook.com\/muumimukitrahaksi\/","https:\/\/x.com\/MuumitRahaksi","https:\/\/www.instagram.com\/muumimukitrahaksi\/"]}]}},"_links":{"self":[{"href":"https:\/\/muumimukitrahaksi.fi\/sv\/wp-json\/wp\/v2\/product\/154570","targetHints":{"allow":["GET"]}}],"collection":[{"href":"https:\/\/muumimukitrahaksi.fi\/sv\/wp-json\/wp\/v2\/product"}],"about":[{"href":"https:\/\/muumimukitrahaksi.fi\/sv\/wp-json\/wp\/v2\/types\/product"}],"wp:featuredmedia":[{"embeddable":true,"href":"https:\/\/muumimukitrahaksi.fi\/sv\/wp-json\/wp\/v2\/media\/152704"}],"wp:attachment":[{"href":"https:\/\/muumimukitrahaksi.fi\/sv\/wp-json\/wp\/v2\/media?parent=154570"}],"wp:term":[{"taxonomy":"product_brand","embeddable":true,"href":"https:\/\/muumimukitrahaksi.fi\/sv\/wp-json\/wp\/v2\/product_brand?post=154570"},{"taxonomy":"product_cat","embeddable":true,"href":"https:\/\/muumimukitrahaksi.fi\/sv\/wp-json\/wp\/v2\/product_cat?post=154570"},{"taxonomy":"product_tag","embeddable":true,"href":"https:\/\/muumimukitrahaksi.fi\/sv\/wp-json\/wp\/v2\/product_tag?post=154570"}],"curies":[{"name":"wp","href":"https:\/\/api.w.org\/{rel}","templated":true}]}}