{"id":154716,"date":"2026-01-05T14:17:11","date_gmt":"2026-01-05T12:17:11","guid":{"rendered":"https:\/\/muumimukitrahaksi.fi\/tuote\/mumin-kaffesked-foralskelse-2026-ny\/"},"modified":"2026-01-21T12:42:33","modified_gmt":"2026-01-21T10:42:33","slug":"mumin-kaffesked-foralskelse-2026-ny","status":"publish","type":"product","link":"https:\/\/muumimukitrahaksi.fi\/sv\/produkt\/mumin-kaffesked-foralskelse-2026-ny\/","title":{"rendered":"Mumin kaffesked F\u00f6r\u00e4lskelse (2026-) *NY*"},"content":{"rendered":"<p style=\"text-align: center;\"><strong>\u2022 Officiell Moomin Characters\u00a0 licensinnehavare \u2022 Delbetalning\/faktura \u2022 Kvalitetsgranskade produkter<\/strong><\/p>\n<p><strong>Mumin kaffesked F\u00f6r\u00e4lskelse<\/strong> \u00e4r Moomin Arabias nyhet f\u00f6r \u00e5r 2026 och kommer att ing\u00e5 i den kontinuerliga produktionen. Skeden \u00e4r en del av Moomin Arabias Klassikerserie. F\u00f6r\u00e4lskelse-kollektionen lanserades samtidigt som <a href=\"https:\/\/muumimukitrahaksi.fi\/sv\/produkt-nyckelord\/omtanke\/\">kollektionen Omtanke<\/a>.<\/p>\n<p>K\u00e4rlek i sina olika former \u00e4r ett genomg\u00e5ende tema i m\u00e5nga av Moomin Arabias nyheter i b\u00f6rjan av 2026. P\u00e5 F\u00f6r\u00e4lskelse-kollektionen skildras k\u00e4rlek genom f\u00f6rl\u00e5telse. P\u00e5 kollektionen tror Mumintrollet att han har hittat en loggbok fylld med sj\u00f6jungfrufantasier p\u00e5 stranden. I sj\u00e4lva verket \u00e4r det dock Snorkfr\u00f6kens noggrant bevakade dagbok. Uppr\u00f6rd \u00f6ver denna f\u00f6rv\u00e4xling sl\u00e5r Snorkfr\u00f6ken Mumintrollet i huvudet med boken. P\u00e5 skeden har k\u00e4rleksparet redan f\u00f6rsonats. Mumintrollet och Snorkfr\u00f6ken avbildas omfamnande varandra i ett hav av blommor. Illustrationerna p\u00e5 F\u00f6r\u00e4lskelse-kollektionen bygger p\u00e5 hela tre olika serier av Tove och Lars Jansson: Mumin till sj\u00f6ss (1959), Mumin och medborgark\u00e4nslan (1958) och Snorkfr\u00f6ken i rokoko (1958).<\/p>\n<p>Den omfattande F\u00f6r\u00e4lskelse-servisen inkluderar, f\u00f6rutom skeden, en mugg, en tallrik, en sk\u00e5l, en minimugg och ett serveringsfat.<\/p>\n<p>Kolla in andra produkter ur kollektionen F\u00f6r\u00e4lskelse <a href=\"https:\/\/muumimukitrahaksi.fi\/sv\/produkt-nyckelord\/foralskelse\/\">h\u00e4r<\/a>.<\/p>\n<p>Har du en F\u00f6r\u00e4lskelse muminsked och vill s\u00e4lja den? Vi k\u00f6per ocks\u00e5 muminbestick. Klicka <a href=\"https:\/\/muumimukitrahaksi.fi\/en\/sell-moomin\/\">h\u00e4r<\/a>, fyll i formul\u00e4ret och f\u00e5 en offert samma dag.<\/p>\n","protected":false},"excerpt":{"rendered":"<p style=\"text-align: center;\"><strong>\u2022 H\u00f6gklassiga varor \u2022 Snabb leverans<\/strong><\/p>\n<p>Moomin Arabias muminsked F\u00f6r\u00e4lskelse.\u00a0Skeden \u00e4r ny och kommer i sin ursprungliga f\u00f6rpackning. I priset (13,90\u20ac) ing\u00e5r finsk moms (25,5%). Momsen kommer att tas bort i kassan f\u00f6r kunder utanf\u00f6r EU. Skedarna packas med omsorg och f\u00f6rnybara material.<\/p>\n<p style=\"text-align: center;\"><strong>\u2022 S\u00e4kra betalningss\u00e4tt<\/strong><\/p>\n<p><img loading=\"lazy\" decoding=\"async\" class=\"aligncenter wp-image-20415 size-full\" src=\"https:\/\/muumimukitrahaksi.fi\/wp-content\/uploads\/2020\/06\/maksutavat-2026-pieni-eng.png\" alt=\"Payment options\" width=\"350\" height=\"200\" \/><\/p>\n","protected":false},"featured_media":154663,"template":"","meta":[],"product_brand":[],"product_cat":[549,671,548],"product_tag":[699,595],"class_list":{"0":"post-154716","1":"product","2":"type-product","3":"status-publish","4":"has-post-thumbnail","6":"product_cat-bestick","7":"product_cat-nyheter","8":"product_cat-ovriga-produkter","9":"product_tag-foralskelse","10":"product_tag-muminsked","12":"first","13":"instock","14":"taxable","15":"shipping-taxable","16":"purchasable","17":"product-type-simple"},"yoast_head":"<!-- This site is optimized with the Yoast SEO plugin v27.1.1 - https:\/\/yoast.com\/product\/yoast-seo-wordpress\/ -->\n<title>Mumin kaffesked F\u00f6r\u00e4lskelse (2026-) *NY* - Muumimukit Rahaksi<\/title>\n<meta name=\"description\" content=\"Mumin kaffesked F\u00f6r\u00e4lskelse \u00e4r Moomin Arabias nyhet f\u00f6r \u00e5r 2026 och kommer att ing\u00e5 i den kontinuerliga produktionen. Skeden \u00e4r en del av Moomin Arabias Klassikerserie.\" \/>\n<meta name=\"robots\" content=\"index, follow, max-snippet:-1, max-image-preview:large, max-video-preview:-1\" \/>\n<link rel=\"canonical\" href=\"https:\/\/muumimukitrahaksi.fi\/sv\/produkt\/mumin-kaffesked-foralskelse-2026-ny\/\" \/>\n<meta property=\"og:locale\" content=\"sv_SE\" \/>\n<meta property=\"og:type\" content=\"article\" \/>\n<meta property=\"og:title\" content=\"Mumin kaffesked F\u00f6r\u00e4lskelse (2026-) *NY* - Muumimukit Rahaksi\" \/>\n<meta property=\"og:description\" content=\"Mumin kaffesked F\u00f6r\u00e4lskelse \u00e4r Moomin Arabias nyhet f\u00f6r \u00e5r 2026 och kommer att ing\u00e5 i den kontinuerliga produktionen. Skeden \u00e4r en del av Moomin Arabias Klassikerserie.\" \/>\n<meta property=\"og:url\" content=\"https:\/\/muumimukitrahaksi.fi\/sv\/produkt\/mumin-kaffesked-foralskelse-2026-ny\/\" \/>\n<meta property=\"og:site_name\" content=\"Muumimukit Rahaksi\" \/>\n<meta property=\"article:publisher\" content=\"https:\/\/www.facebook.com\/muumimukitrahaksi\/\" \/>\n<meta property=\"article:modified_time\" content=\"2026-01-21T10:42:33+00:00\" \/>\n<meta property=\"og:image\" content=\"https:\/\/muumimukitrahaksi.fi\/wp-content\/uploads\/2026\/01\/sydankapyset_lusikka_1.jpg\" \/>\n\t<meta property=\"og:image:width\" content=\"1000\" \/>\n\t<meta property=\"og:image:height\" content=\"1000\" \/>\n\t<meta property=\"og:image:type\" content=\"image\/jpeg\" \/>\n<meta name=\"twitter:card\" content=\"summary_large_image\" \/>\n<meta name=\"twitter:site\" content=\"@MuumitRahaksi\" \/>\n<meta name=\"twitter:label1\" content=\"Ber\u00e4knad l\u00e4stid\" \/>\n\t<meta name=\"twitter:data1\" content=\"1 minut\" \/>\n<script type=\"application\/ld+json\" class=\"yoast-schema-graph\">{\"@context\":\"https:\/\/schema.org\",\"@graph\":[{\"@type\":\"WebPage\",\"@id\":\"https:\/\/muumimukitrahaksi.fi\/sv\/produkt\/mumin-kaffesked-foralskelse-2026-ny\/\",\"url\":\"https:\/\/muumimukitrahaksi.fi\/sv\/produkt\/mumin-kaffesked-foralskelse-2026-ny\/\",\"name\":\"Mumin kaffesked F\u00f6r\u00e4lskelse (2026-) *NY* - Muumimukit Rahaksi\",\"isPartOf\":{\"@id\":\"https:\/\/muumimukitrahaksi.fi\/#website\"},\"primaryImageOfPage\":{\"@id\":\"https:\/\/muumimukitrahaksi.fi\/sv\/produkt\/mumin-kaffesked-foralskelse-2026-ny\/#primaryimage\"},\"image\":{\"@id\":\"https:\/\/muumimukitrahaksi.fi\/sv\/produkt\/mumin-kaffesked-foralskelse-2026-ny\/#primaryimage\"},\"thumbnailUrl\":\"https:\/\/muumimukitrahaksi.fi\/wp-content\/uploads\/2026\/01\/sydankapyset_lusikka_1.jpg\",\"datePublished\":\"2026-01-05T12:17:11+00:00\",\"dateModified\":\"2026-01-21T10:42:33+00:00\",\"description\":\"Mumin kaffesked F\u00f6r\u00e4lskelse \u00e4r Moomin Arabias nyhet f\u00f6r \u00e5r 2026 och kommer att ing\u00e5 i den kontinuerliga produktionen. Skeden \u00e4r en del av Moomin Arabias Klassikerserie.\",\"breadcrumb\":{\"@id\":\"https:\/\/muumimukitrahaksi.fi\/sv\/produkt\/mumin-kaffesked-foralskelse-2026-ny\/#breadcrumb\"},\"inLanguage\":\"sv-SE\",\"potentialAction\":[{\"@type\":\"ReadAction\",\"target\":[\"https:\/\/muumimukitrahaksi.fi\/sv\/produkt\/mumin-kaffesked-foralskelse-2026-ny\/\"]}]},{\"@type\":\"ImageObject\",\"inLanguage\":\"sv-SE\",\"@id\":\"https:\/\/muumimukitrahaksi.fi\/sv\/produkt\/mumin-kaffesked-foralskelse-2026-ny\/#primaryimage\",\"url\":\"https:\/\/muumimukitrahaksi.fi\/wp-content\/uploads\/2026\/01\/sydankapyset_lusikka_1.jpg\",\"contentUrl\":\"https:\/\/muumimukitrahaksi.fi\/wp-content\/uploads\/2026\/01\/sydankapyset_lusikka_1.jpg\",\"width\":1000,\"height\":1000,\"caption\":\"Mumin kaffesked F\u00f6r\u00e4lskelse\"},{\"@type\":\"BreadcrumbList\",\"@id\":\"https:\/\/muumimukitrahaksi.fi\/sv\/produkt\/mumin-kaffesked-foralskelse-2026-ny\/#breadcrumb\",\"itemListElement\":[{\"@type\":\"ListItem\",\"position\":1,\"name\":\"Etusivu\",\"item\":\"https:\/\/muumimukitrahaksi.fi\/sv\/\"},{\"@type\":\"ListItem\",\"position\":2,\"name\":\"Butik\",\"item\":\"https:\/\/muumimukitrahaksi.fi\/sv\/butik\/\"},{\"@type\":\"ListItem\",\"position\":3,\"name\":\"Mumin kaffesked F\u00f6r\u00e4lskelse (2026-) *NY*\"}]},{\"@type\":\"WebSite\",\"@id\":\"https:\/\/muumimukitrahaksi.fi\/#website\",\"url\":\"https:\/\/muumimukitrahaksi.fi\/\",\"name\":\"Muumimukit Rahaksi\",\"description\":\"Muumimukeja, -kulhoja ja -lautasia ker\u00e4ilij\u00f6ille!\",\"publisher\":{\"@id\":\"https:\/\/muumimukitrahaksi.fi\/#organization\"},\"potentialAction\":[{\"@type\":\"SearchAction\",\"target\":{\"@type\":\"EntryPoint\",\"urlTemplate\":\"https:\/\/muumimukitrahaksi.fi\/?s={search_term_string}\"},\"query-input\":{\"@type\":\"PropertyValueSpecification\",\"valueRequired\":true,\"valueName\":\"search_term_string\"}}],\"inLanguage\":\"sv-SE\"},{\"@type\":\"Organization\",\"@id\":\"https:\/\/muumimukitrahaksi.fi\/#organization\",\"name\":\"Muumimukit Rahaksi\",\"url\":\"https:\/\/muumimukitrahaksi.fi\/\",\"logo\":{\"@type\":\"ImageObject\",\"inLanguage\":\"sv-SE\",\"@id\":\"https:\/\/muumimukitrahaksi.fi\/#\/schema\/logo\/image\/\",\"url\":\"https:\/\/muumimukitrahaksi.fi\/wp-content\/uploads\/2017\/09\/logooo.jpg\",\"contentUrl\":\"https:\/\/muumimukitrahaksi.fi\/wp-content\/uploads\/2017\/09\/logooo.jpg\",\"width\":514,\"height\":514,\"caption\":\"Muumimukit Rahaksi\"},\"image\":{\"@id\":\"https:\/\/muumimukitrahaksi.fi\/#\/schema\/logo\/image\/\"},\"sameAs\":[\"https:\/\/www.facebook.com\/muumimukitrahaksi\/\",\"https:\/\/x.com\/MuumitRahaksi\",\"https:\/\/www.instagram.com\/muumimukitrahaksi\/\"]}]}<\/script>\n<!-- \/ Yoast SEO plugin. -->","yoast_head_json":{"title":"Mumin kaffesked F\u00f6r\u00e4lskelse (2026-) *NY* - Muumimukit Rahaksi","description":"Mumin kaffesked F\u00f6r\u00e4lskelse \u00e4r Moomin Arabias nyhet f\u00f6r \u00e5r 2026 och kommer att ing\u00e5 i den kontinuerliga produktionen. Skeden \u00e4r en del av Moomin Arabias Klassikerserie.","robots":{"index":"index","follow":"follow","max-snippet":"max-snippet:-1","max-image-preview":"max-image-preview:large","max-video-preview":"max-video-preview:-1"},"canonical":"https:\/\/muumimukitrahaksi.fi\/sv\/produkt\/mumin-kaffesked-foralskelse-2026-ny\/","og_locale":"sv_SE","og_type":"article","og_title":"Mumin kaffesked F\u00f6r\u00e4lskelse (2026-) *NY* - Muumimukit Rahaksi","og_description":"Mumin kaffesked F\u00f6r\u00e4lskelse \u00e4r Moomin Arabias nyhet f\u00f6r \u00e5r 2026 och kommer att ing\u00e5 i den kontinuerliga produktionen. Skeden \u00e4r en del av Moomin Arabias Klassikerserie.","og_url":"https:\/\/muumimukitrahaksi.fi\/sv\/produkt\/mumin-kaffesked-foralskelse-2026-ny\/","og_site_name":"Muumimukit Rahaksi","article_publisher":"https:\/\/www.facebook.com\/muumimukitrahaksi\/","article_modified_time":"2026-01-21T10:42:33+00:00","og_image":[{"width":1000,"height":1000,"url":"https:\/\/muumimukitrahaksi.fi\/wp-content\/uploads\/2026\/01\/sydankapyset_lusikka_1.jpg","type":"image\/jpeg"}],"twitter_card":"summary_large_image","twitter_site":"@MuumitRahaksi","twitter_misc":{"Ber\u00e4knad l\u00e4stid":"1 minut"},"schema":{"@context":"https:\/\/schema.org","@graph":[{"@type":"WebPage","@id":"https:\/\/muumimukitrahaksi.fi\/sv\/produkt\/mumin-kaffesked-foralskelse-2026-ny\/","url":"https:\/\/muumimukitrahaksi.fi\/sv\/produkt\/mumin-kaffesked-foralskelse-2026-ny\/","name":"Mumin kaffesked F\u00f6r\u00e4lskelse (2026-) *NY* - Muumimukit Rahaksi","isPartOf":{"@id":"https:\/\/muumimukitrahaksi.fi\/#website"},"primaryImageOfPage":{"@id":"https:\/\/muumimukitrahaksi.fi\/sv\/produkt\/mumin-kaffesked-foralskelse-2026-ny\/#primaryimage"},"image":{"@id":"https:\/\/muumimukitrahaksi.fi\/sv\/produkt\/mumin-kaffesked-foralskelse-2026-ny\/#primaryimage"},"thumbnailUrl":"https:\/\/muumimukitrahaksi.fi\/wp-content\/uploads\/2026\/01\/sydankapyset_lusikka_1.jpg","datePublished":"2026-01-05T12:17:11+00:00","dateModified":"2026-01-21T10:42:33+00:00","description":"Mumin kaffesked F\u00f6r\u00e4lskelse \u00e4r Moomin Arabias nyhet f\u00f6r \u00e5r 2026 och kommer att ing\u00e5 i den kontinuerliga produktionen. Skeden \u00e4r en del av Moomin Arabias Klassikerserie.","breadcrumb":{"@id":"https:\/\/muumimukitrahaksi.fi\/sv\/produkt\/mumin-kaffesked-foralskelse-2026-ny\/#breadcrumb"},"inLanguage":"sv-SE","potentialAction":[{"@type":"ReadAction","target":["https:\/\/muumimukitrahaksi.fi\/sv\/produkt\/mumin-kaffesked-foralskelse-2026-ny\/"]}]},{"@type":"ImageObject","inLanguage":"sv-SE","@id":"https:\/\/muumimukitrahaksi.fi\/sv\/produkt\/mumin-kaffesked-foralskelse-2026-ny\/#primaryimage","url":"https:\/\/muumimukitrahaksi.fi\/wp-content\/uploads\/2026\/01\/sydankapyset_lusikka_1.jpg","contentUrl":"https:\/\/muumimukitrahaksi.fi\/wp-content\/uploads\/2026\/01\/sydankapyset_lusikka_1.jpg","width":1000,"height":1000,"caption":"Mumin kaffesked F\u00f6r\u00e4lskelse"},{"@type":"BreadcrumbList","@id":"https:\/\/muumimukitrahaksi.fi\/sv\/produkt\/mumin-kaffesked-foralskelse-2026-ny\/#breadcrumb","itemListElement":[{"@type":"ListItem","position":1,"name":"Etusivu","item":"https:\/\/muumimukitrahaksi.fi\/sv\/"},{"@type":"ListItem","position":2,"name":"Butik","item":"https:\/\/muumimukitrahaksi.fi\/sv\/butik\/"},{"@type":"ListItem","position":3,"name":"Mumin kaffesked F\u00f6r\u00e4lskelse (2026-) *NY*"}]},{"@type":"WebSite","@id":"https:\/\/muumimukitrahaksi.fi\/#website","url":"https:\/\/muumimukitrahaksi.fi\/","name":"Muumimukit Rahaksi","description":"Muumimukeja, -kulhoja ja -lautasia ker\u00e4ilij\u00f6ille!","publisher":{"@id":"https:\/\/muumimukitrahaksi.fi\/#organization"},"potentialAction":[{"@type":"SearchAction","target":{"@type":"EntryPoint","urlTemplate":"https:\/\/muumimukitrahaksi.fi\/?s={search_term_string}"},"query-input":{"@type":"PropertyValueSpecification","valueRequired":true,"valueName":"search_term_string"}}],"inLanguage":"sv-SE"},{"@type":"Organization","@id":"https:\/\/muumimukitrahaksi.fi\/#organization","name":"Muumimukit Rahaksi","url":"https:\/\/muumimukitrahaksi.fi\/","logo":{"@type":"ImageObject","inLanguage":"sv-SE","@id":"https:\/\/muumimukitrahaksi.fi\/#\/schema\/logo\/image\/","url":"https:\/\/muumimukitrahaksi.fi\/wp-content\/uploads\/2017\/09\/logooo.jpg","contentUrl":"https:\/\/muumimukitrahaksi.fi\/wp-content\/uploads\/2017\/09\/logooo.jpg","width":514,"height":514,"caption":"Muumimukit Rahaksi"},"image":{"@id":"https:\/\/muumimukitrahaksi.fi\/#\/schema\/logo\/image\/"},"sameAs":["https:\/\/www.facebook.com\/muumimukitrahaksi\/","https:\/\/x.com\/MuumitRahaksi","https:\/\/www.instagram.com\/muumimukitrahaksi\/"]}]}},"_links":{"self":[{"href":"https:\/\/muumimukitrahaksi.fi\/sv\/wp-json\/wp\/v2\/product\/154716","targetHints":{"allow":["GET"]}}],"collection":[{"href":"https:\/\/muumimukitrahaksi.fi\/sv\/wp-json\/wp\/v2\/product"}],"about":[{"href":"https:\/\/muumimukitrahaksi.fi\/sv\/wp-json\/wp\/v2\/types\/product"}],"wp:featuredmedia":[{"embeddable":true,"href":"https:\/\/muumimukitrahaksi.fi\/sv\/wp-json\/wp\/v2\/media\/154663"}],"wp:attachment":[{"href":"https:\/\/muumimukitrahaksi.fi\/sv\/wp-json\/wp\/v2\/media?parent=154716"}],"wp:term":[{"taxonomy":"product_brand","embeddable":true,"href":"https:\/\/muumimukitrahaksi.fi\/sv\/wp-json\/wp\/v2\/product_brand?post=154716"},{"taxonomy":"product_cat","embeddable":true,"href":"https:\/\/muumimukitrahaksi.fi\/sv\/wp-json\/wp\/v2\/product_cat?post=154716"},{"taxonomy":"product_tag","embeddable":true,"href":"https:\/\/muumimukitrahaksi.fi\/sv\/wp-json\/wp\/v2\/product_tag?post=154716"}],"curies":[{"name":"wp","href":"https:\/\/api.w.org\/{rel}","templated":true}]}}