{"id":154882,"date":"2026-01-07T12:13:41","date_gmt":"2026-01-07T10:13:41","guid":{"rendered":"https:\/\/muumimukitrahaksi.fi\/tuote\/mumin-minifigur-karlek-30-2026-ny\/"},"modified":"2026-01-28T10:39:29","modified_gmt":"2026-01-28T08:39:29","slug":"mumin-minifigur-karlek-30-2026-ny","status":"publish","type":"product","link":"https:\/\/muumimukitrahaksi.fi\/sv\/produkt\/mumin-minifigur-karlek-30-2026-ny\/","title":{"rendered":"Mumin minifigur K\u00e4rlek 30 (2026) *NY*"},"content":{"rendered":"<p style=\"text-align: center;\"><strong>\u2022 Officiell Moomin Characters\u00a0 licensinnehavare \u2022 Delbetalning\/faktura \u2022 Kvalitetsgranskade produkter<\/strong><\/p>\n<p><strong>Mumin minifiguren K\u00e4rlek 30<\/strong>\u00a0\u00e4r en del av den speciella jubileumskollektionen K\u00e4rlek 30 f\u00f6r \u00e5r 2026.\u00a0<a href=\"https:\/\/muumimukitrahaksi.fi\/sv\/produkt-nyckelord\/karlek-30\/\">Kollektionen K\u00e4rlek 30<\/a> firar den ikoniska <a href=\"https:\/\/muumimukitrahaksi.fi\/sv\/produkt\/muminmugg-karlek-1996-etikett\/\">K\u00e4rlek-muminmuggens<\/a> 30-\u00e5riga resa. Minifiguren \u00e4r tillg\u00e4nglig fram till den 31 december 2026 eller s\u00e5 l\u00e4nge lagret r\u00e4cker. Minifiguren \u00e4r 6 cm l\u00e5ng.<\/p>\n<p>K\u00e4rlek i sina m\u00e5nga former \u00e4r ett gemensamt tema i flera av Moomin Arabias nyheter under b\u00f6rjan av 2026. I centrum st\u00e5r <a href=\"https:\/\/muumimukitrahaksi.fi\/sv\/produkt\/muminmugg-karlek-30-arsjubileum-specialmugg-2026-ny\/\">jubileumsmuggen K\u00e4rlek 30<\/a>, som firar att Moomin Arabias mest popul\u00e4ra mugg genom tiderna, K\u00e4rlek, fyller j\u00e4mnt \u00e5r 2026. Den ursprungliga illustrationen fr\u00e5n 1996 baseras p\u00e5 fyra olika serier av Tove Jansson: Mumin och marsinnev\u00e5narna (1957), Vi bor i en djungel (1956), Att bygga ett hus (1956) och Snorkfr\u00f6ken i rokoko (1958). Den mest ikoniska scenen i illustrationen \u2013 och kanske i hela Moomin Arabias produkthistoria \u2013 visar Mumin och Snorkfr\u00f6ken som kramar varann, h\u00e4mtad fr\u00e5n serien Mumin och marsinnev\u00e5narna. I ber\u00e4ttelsen unders\u00f6ker en nyfiken Mumin en trasig apparat fr\u00e5n marsianernas kraschade flygande tefat och r\u00e5kar krympa b\u00e5de sig sj\u00e4lv och Muminmamman till miniatyrstorlek. Detta utl\u00f6ser en h\u00e4ndelserik kedja som slutar med att en av marsianerna hj\u00e4lper till att h\u00e4va krympningseffekten. L\u00e4ttad kramar Snorkfr\u00f6ken Mumin, som \u00e4r tillbaka i sin vanliga storlek.<\/p>\n<p>Den omfattande K\u00e4rlek 30-kollektionen inneh\u00e5ller ett brett urval av produkter som endast s\u00e4ljs under 2026. Uppt\u00e4ck hela K\u00e4rlek 30-jubileumskollektionen <a href=\"https:\/\/muumimukitrahaksi.fi\/sv\/produkt-nyckelord\/karlek-30\/\">h\u00e4r<\/a>.<\/p>\n<p>Har du en K\u00e4rlek 30 minifigur och vill s\u00e4lja den? Vi k\u00f6per ocks\u00e5 muminprodukter. Klicka <a href=\"https:\/\/muumimukitrahaksi.fi\/en\/sell-moomin\/\">h\u00e4r<\/a>, fyll i formul\u00e4ret och f\u00e5 en offert samma dag.<\/p>\n","protected":false},"excerpt":{"rendered":"<p style=\"text-align: center;\"><strong>\u2022 H\u00f6gklassiga varor \u2022 Snabb leverans<\/strong><\/p>\n<p>Moomin Arabias Mumin minifigur K\u00e4rlek 30.\u00a0Figuren \u00e4r ny och kommer i sin ursprungliga presentf\u00f6rpackning. I priset (24,90\u20ac) ing\u00e5r finsk moms (25,5%). Momsen kommer att tas bort i kassan f\u00f6r kunder utanf\u00f6r EU. Figuren packas med omsorg och f\u00f6rnybara material.<\/p>\n<p style=\"text-align: center;\"><strong>\u2022 S\u00e4kra betalningss\u00e4tt<\/strong><\/p>\n<p><img loading=\"lazy\" decoding=\"async\" class=\"aligncenter wp-image-20415 size-full\" src=\"https:\/\/muumimukitrahaksi.fi\/wp-content\/uploads\/2020\/06\/maksutavat-2026-pieni-eng.png\" alt=\"Payment options\" width=\"350\" height=\"200\" \/><\/p>\n","protected":false},"featured_media":150492,"template":"","meta":[],"product_brand":[],"product_cat":[550,671,548],"product_tag":[614,705,626,589],"class_list":{"0":"post-154882","1":"product","2":"type-product","3":"status-publish","4":"has-post-thumbnail","6":"product_cat-figurer","7":"product_cat-nyheter","8":"product_cat-ovriga-produkter","9":"product_tag-karlek","10":"product_tag-karlek-30","11":"product_tag-med-etikett","12":"product_tag-muminfigur","14":"first","15":"instock","16":"taxable","17":"shipping-taxable","18":"purchasable","19":"product-type-simple"},"yoast_head":"<!-- This site is optimized with the Yoast SEO plugin v27.1.1 - https:\/\/yoast.com\/product\/yoast-seo-wordpress\/ -->\n<title>Mumin minifigur K\u00e4rlek 30 (2026) *NY* - Muumimukit Rahaksi<\/title>\n<meta name=\"description\" content=\"Mumin minifiguren K\u00e4rlek 30\u00a0\u00e4r en del av den speciella jubileumskollektionen K\u00e4rlek 30 f\u00f6r \u00e5r 2026.\u00a0Kollektionen K\u00e4rlek 30 firar den ikoniska K\u00e4rlek-muminmuggens 30-\u00e5riga resa.\" \/>\n<meta name=\"robots\" content=\"index, follow, max-snippet:-1, max-image-preview:large, max-video-preview:-1\" \/>\n<link rel=\"canonical\" href=\"https:\/\/muumimukitrahaksi.fi\/sv\/produkt\/mumin-minifigur-karlek-30-2026-ny\/\" \/>\n<meta property=\"og:locale\" content=\"sv_SE\" \/>\n<meta property=\"og:type\" content=\"article\" \/>\n<meta property=\"og:title\" content=\"Mumin minifigur K\u00e4rlek 30 (2026) *NY* - Muumimukit Rahaksi\" \/>\n<meta property=\"og:description\" content=\"Mumin minifiguren K\u00e4rlek 30\u00a0\u00e4r en del av den speciella jubileumskollektionen K\u00e4rlek 30 f\u00f6r \u00e5r 2026.\u00a0Kollektionen K\u00e4rlek 30 firar den ikoniska K\u00e4rlek-muminmuggens 30-\u00e5riga resa.\" \/>\n<meta property=\"og:url\" content=\"https:\/\/muumimukitrahaksi.fi\/sv\/produkt\/mumin-minifigur-karlek-30-2026-ny\/\" \/>\n<meta property=\"og:site_name\" content=\"Muumimukit Rahaksi\" \/>\n<meta property=\"article:publisher\" content=\"https:\/\/www.facebook.com\/muumimukitrahaksi\/\" \/>\n<meta property=\"article:modified_time\" content=\"2026-01-28T08:39:29+00:00\" \/>\n<meta property=\"og:image\" content=\"https:\/\/muumimukitrahaksi.fi\/wp-content\/uploads\/2025\/11\/rakkausfiguuri_1.jpg\" \/>\n\t<meta property=\"og:image:width\" content=\"1000\" \/>\n\t<meta property=\"og:image:height\" content=\"1000\" \/>\n\t<meta property=\"og:image:type\" content=\"image\/jpeg\" \/>\n<meta name=\"twitter:card\" content=\"summary_large_image\" \/>\n<meta name=\"twitter:site\" content=\"@MuumitRahaksi\" \/>\n<meta name=\"twitter:label1\" content=\"Ber\u00e4knad l\u00e4stid\" \/>\n\t<meta name=\"twitter:data1\" content=\"1 minut\" \/>\n<script type=\"application\/ld+json\" class=\"yoast-schema-graph\">{\"@context\":\"https:\/\/schema.org\",\"@graph\":[{\"@type\":\"WebPage\",\"@id\":\"https:\/\/muumimukitrahaksi.fi\/sv\/produkt\/mumin-minifigur-karlek-30-2026-ny\/\",\"url\":\"https:\/\/muumimukitrahaksi.fi\/sv\/produkt\/mumin-minifigur-karlek-30-2026-ny\/\",\"name\":\"Mumin minifigur K\u00e4rlek 30 (2026) *NY* - Muumimukit Rahaksi\",\"isPartOf\":{\"@id\":\"https:\/\/muumimukitrahaksi.fi\/#website\"},\"primaryImageOfPage\":{\"@id\":\"https:\/\/muumimukitrahaksi.fi\/sv\/produkt\/mumin-minifigur-karlek-30-2026-ny\/#primaryimage\"},\"image\":{\"@id\":\"https:\/\/muumimukitrahaksi.fi\/sv\/produkt\/mumin-minifigur-karlek-30-2026-ny\/#primaryimage\"},\"thumbnailUrl\":\"https:\/\/muumimukitrahaksi.fi\/wp-content\/uploads\/2025\/11\/rakkausfiguuri_1.jpg\",\"datePublished\":\"2026-01-07T10:13:41+00:00\",\"dateModified\":\"2026-01-28T08:39:29+00:00\",\"description\":\"Mumin minifiguren K\u00e4rlek 30\u00a0\u00e4r en del av den speciella jubileumskollektionen K\u00e4rlek 30 f\u00f6r \u00e5r 2026.\u00a0Kollektionen K\u00e4rlek 30 firar den ikoniska K\u00e4rlek-muminmuggens 30-\u00e5riga resa.\",\"breadcrumb\":{\"@id\":\"https:\/\/muumimukitrahaksi.fi\/sv\/produkt\/mumin-minifigur-karlek-30-2026-ny\/#breadcrumb\"},\"inLanguage\":\"sv-SE\",\"potentialAction\":[{\"@type\":\"ReadAction\",\"target\":[\"https:\/\/muumimukitrahaksi.fi\/sv\/produkt\/mumin-minifigur-karlek-30-2026-ny\/\"]}]},{\"@type\":\"ImageObject\",\"inLanguage\":\"sv-SE\",\"@id\":\"https:\/\/muumimukitrahaksi.fi\/sv\/produkt\/mumin-minifigur-karlek-30-2026-ny\/#primaryimage\",\"url\":\"https:\/\/muumimukitrahaksi.fi\/wp-content\/uploads\/2025\/11\/rakkausfiguuri_1.jpg\",\"contentUrl\":\"https:\/\/muumimukitrahaksi.fi\/wp-content\/uploads\/2025\/11\/rakkausfiguuri_1.jpg\",\"width\":1000,\"height\":1000,\"caption\":\"Mumin minifigur K\u00e4rlek 30\"},{\"@type\":\"BreadcrumbList\",\"@id\":\"https:\/\/muumimukitrahaksi.fi\/sv\/produkt\/mumin-minifigur-karlek-30-2026-ny\/#breadcrumb\",\"itemListElement\":[{\"@type\":\"ListItem\",\"position\":1,\"name\":\"Etusivu\",\"item\":\"https:\/\/muumimukitrahaksi.fi\/sv\/\"},{\"@type\":\"ListItem\",\"position\":2,\"name\":\"Butik\",\"item\":\"https:\/\/muumimukitrahaksi.fi\/sv\/butik\/\"},{\"@type\":\"ListItem\",\"position\":3,\"name\":\"Mumin minifigur K\u00e4rlek 30 (2026) *NY*\"}]},{\"@type\":\"WebSite\",\"@id\":\"https:\/\/muumimukitrahaksi.fi\/#website\",\"url\":\"https:\/\/muumimukitrahaksi.fi\/\",\"name\":\"Muumimukit Rahaksi\",\"description\":\"Muumimukeja, -kulhoja ja -lautasia ker\u00e4ilij\u00f6ille!\",\"publisher\":{\"@id\":\"https:\/\/muumimukitrahaksi.fi\/#organization\"},\"potentialAction\":[{\"@type\":\"SearchAction\",\"target\":{\"@type\":\"EntryPoint\",\"urlTemplate\":\"https:\/\/muumimukitrahaksi.fi\/?s={search_term_string}\"},\"query-input\":{\"@type\":\"PropertyValueSpecification\",\"valueRequired\":true,\"valueName\":\"search_term_string\"}}],\"inLanguage\":\"sv-SE\"},{\"@type\":\"Organization\",\"@id\":\"https:\/\/muumimukitrahaksi.fi\/#organization\",\"name\":\"Muumimukit Rahaksi\",\"url\":\"https:\/\/muumimukitrahaksi.fi\/\",\"logo\":{\"@type\":\"ImageObject\",\"inLanguage\":\"sv-SE\",\"@id\":\"https:\/\/muumimukitrahaksi.fi\/#\/schema\/logo\/image\/\",\"url\":\"https:\/\/muumimukitrahaksi.fi\/wp-content\/uploads\/2017\/09\/logooo.jpg\",\"contentUrl\":\"https:\/\/muumimukitrahaksi.fi\/wp-content\/uploads\/2017\/09\/logooo.jpg\",\"width\":514,\"height\":514,\"caption\":\"Muumimukit Rahaksi\"},\"image\":{\"@id\":\"https:\/\/muumimukitrahaksi.fi\/#\/schema\/logo\/image\/\"},\"sameAs\":[\"https:\/\/www.facebook.com\/muumimukitrahaksi\/\",\"https:\/\/x.com\/MuumitRahaksi\",\"https:\/\/www.instagram.com\/muumimukitrahaksi\/\"]}]}<\/script>\n<!-- \/ Yoast SEO plugin. -->","yoast_head_json":{"title":"Mumin minifigur K\u00e4rlek 30 (2026) *NY* - Muumimukit Rahaksi","description":"Mumin minifiguren K\u00e4rlek 30\u00a0\u00e4r en del av den speciella jubileumskollektionen K\u00e4rlek 30 f\u00f6r \u00e5r 2026.\u00a0Kollektionen K\u00e4rlek 30 firar den ikoniska K\u00e4rlek-muminmuggens 30-\u00e5riga resa.","robots":{"index":"index","follow":"follow","max-snippet":"max-snippet:-1","max-image-preview":"max-image-preview:large","max-video-preview":"max-video-preview:-1"},"canonical":"https:\/\/muumimukitrahaksi.fi\/sv\/produkt\/mumin-minifigur-karlek-30-2026-ny\/","og_locale":"sv_SE","og_type":"article","og_title":"Mumin minifigur K\u00e4rlek 30 (2026) *NY* - Muumimukit Rahaksi","og_description":"Mumin minifiguren K\u00e4rlek 30\u00a0\u00e4r en del av den speciella jubileumskollektionen K\u00e4rlek 30 f\u00f6r \u00e5r 2026.\u00a0Kollektionen K\u00e4rlek 30 firar den ikoniska K\u00e4rlek-muminmuggens 30-\u00e5riga resa.","og_url":"https:\/\/muumimukitrahaksi.fi\/sv\/produkt\/mumin-minifigur-karlek-30-2026-ny\/","og_site_name":"Muumimukit Rahaksi","article_publisher":"https:\/\/www.facebook.com\/muumimukitrahaksi\/","article_modified_time":"2026-01-28T08:39:29+00:00","og_image":[{"width":1000,"height":1000,"url":"https:\/\/muumimukitrahaksi.fi\/wp-content\/uploads\/2025\/11\/rakkausfiguuri_1.jpg","type":"image\/jpeg"}],"twitter_card":"summary_large_image","twitter_site":"@MuumitRahaksi","twitter_misc":{"Ber\u00e4knad l\u00e4stid":"1 minut"},"schema":{"@context":"https:\/\/schema.org","@graph":[{"@type":"WebPage","@id":"https:\/\/muumimukitrahaksi.fi\/sv\/produkt\/mumin-minifigur-karlek-30-2026-ny\/","url":"https:\/\/muumimukitrahaksi.fi\/sv\/produkt\/mumin-minifigur-karlek-30-2026-ny\/","name":"Mumin minifigur K\u00e4rlek 30 (2026) *NY* - Muumimukit Rahaksi","isPartOf":{"@id":"https:\/\/muumimukitrahaksi.fi\/#website"},"primaryImageOfPage":{"@id":"https:\/\/muumimukitrahaksi.fi\/sv\/produkt\/mumin-minifigur-karlek-30-2026-ny\/#primaryimage"},"image":{"@id":"https:\/\/muumimukitrahaksi.fi\/sv\/produkt\/mumin-minifigur-karlek-30-2026-ny\/#primaryimage"},"thumbnailUrl":"https:\/\/muumimukitrahaksi.fi\/wp-content\/uploads\/2025\/11\/rakkausfiguuri_1.jpg","datePublished":"2026-01-07T10:13:41+00:00","dateModified":"2026-01-28T08:39:29+00:00","description":"Mumin minifiguren K\u00e4rlek 30\u00a0\u00e4r en del av den speciella jubileumskollektionen K\u00e4rlek 30 f\u00f6r \u00e5r 2026.\u00a0Kollektionen K\u00e4rlek 30 firar den ikoniska K\u00e4rlek-muminmuggens 30-\u00e5riga resa.","breadcrumb":{"@id":"https:\/\/muumimukitrahaksi.fi\/sv\/produkt\/mumin-minifigur-karlek-30-2026-ny\/#breadcrumb"},"inLanguage":"sv-SE","potentialAction":[{"@type":"ReadAction","target":["https:\/\/muumimukitrahaksi.fi\/sv\/produkt\/mumin-minifigur-karlek-30-2026-ny\/"]}]},{"@type":"ImageObject","inLanguage":"sv-SE","@id":"https:\/\/muumimukitrahaksi.fi\/sv\/produkt\/mumin-minifigur-karlek-30-2026-ny\/#primaryimage","url":"https:\/\/muumimukitrahaksi.fi\/wp-content\/uploads\/2025\/11\/rakkausfiguuri_1.jpg","contentUrl":"https:\/\/muumimukitrahaksi.fi\/wp-content\/uploads\/2025\/11\/rakkausfiguuri_1.jpg","width":1000,"height":1000,"caption":"Mumin minifigur K\u00e4rlek 30"},{"@type":"BreadcrumbList","@id":"https:\/\/muumimukitrahaksi.fi\/sv\/produkt\/mumin-minifigur-karlek-30-2026-ny\/#breadcrumb","itemListElement":[{"@type":"ListItem","position":1,"name":"Etusivu","item":"https:\/\/muumimukitrahaksi.fi\/sv\/"},{"@type":"ListItem","position":2,"name":"Butik","item":"https:\/\/muumimukitrahaksi.fi\/sv\/butik\/"},{"@type":"ListItem","position":3,"name":"Mumin minifigur K\u00e4rlek 30 (2026) *NY*"}]},{"@type":"WebSite","@id":"https:\/\/muumimukitrahaksi.fi\/#website","url":"https:\/\/muumimukitrahaksi.fi\/","name":"Muumimukit Rahaksi","description":"Muumimukeja, -kulhoja ja -lautasia ker\u00e4ilij\u00f6ille!","publisher":{"@id":"https:\/\/muumimukitrahaksi.fi\/#organization"},"potentialAction":[{"@type":"SearchAction","target":{"@type":"EntryPoint","urlTemplate":"https:\/\/muumimukitrahaksi.fi\/?s={search_term_string}"},"query-input":{"@type":"PropertyValueSpecification","valueRequired":true,"valueName":"search_term_string"}}],"inLanguage":"sv-SE"},{"@type":"Organization","@id":"https:\/\/muumimukitrahaksi.fi\/#organization","name":"Muumimukit Rahaksi","url":"https:\/\/muumimukitrahaksi.fi\/","logo":{"@type":"ImageObject","inLanguage":"sv-SE","@id":"https:\/\/muumimukitrahaksi.fi\/#\/schema\/logo\/image\/","url":"https:\/\/muumimukitrahaksi.fi\/wp-content\/uploads\/2017\/09\/logooo.jpg","contentUrl":"https:\/\/muumimukitrahaksi.fi\/wp-content\/uploads\/2017\/09\/logooo.jpg","width":514,"height":514,"caption":"Muumimukit Rahaksi"},"image":{"@id":"https:\/\/muumimukitrahaksi.fi\/#\/schema\/logo\/image\/"},"sameAs":["https:\/\/www.facebook.com\/muumimukitrahaksi\/","https:\/\/x.com\/MuumitRahaksi","https:\/\/www.instagram.com\/muumimukitrahaksi\/"]}]}},"_links":{"self":[{"href":"https:\/\/muumimukitrahaksi.fi\/sv\/wp-json\/wp\/v2\/product\/154882","targetHints":{"allow":["GET"]}}],"collection":[{"href":"https:\/\/muumimukitrahaksi.fi\/sv\/wp-json\/wp\/v2\/product"}],"about":[{"href":"https:\/\/muumimukitrahaksi.fi\/sv\/wp-json\/wp\/v2\/types\/product"}],"wp:featuredmedia":[{"embeddable":true,"href":"https:\/\/muumimukitrahaksi.fi\/sv\/wp-json\/wp\/v2\/media\/150492"}],"wp:attachment":[{"href":"https:\/\/muumimukitrahaksi.fi\/sv\/wp-json\/wp\/v2\/media?parent=154882"}],"wp:term":[{"taxonomy":"product_brand","embeddable":true,"href":"https:\/\/muumimukitrahaksi.fi\/sv\/wp-json\/wp\/v2\/product_brand?post=154882"},{"taxonomy":"product_cat","embeddable":true,"href":"https:\/\/muumimukitrahaksi.fi\/sv\/wp-json\/wp\/v2\/product_cat?post=154882"},{"taxonomy":"product_tag","embeddable":true,"href":"https:\/\/muumimukitrahaksi.fi\/sv\/wp-json\/wp\/v2\/product_tag?post=154882"}],"curies":[{"name":"wp","href":"https:\/\/api.w.org\/{rel}","templated":true}]}}