{"id":154888,"date":"2026-01-07T13:30:28","date_gmt":"2026-01-07T11:30:28","guid":{"rendered":"https:\/\/muumimukitrahaksi.fi\/tuote\/mumin-minimugg-overraskningslada-2026-ny\/"},"modified":"2026-02-27T22:57:01","modified_gmt":"2026-02-27T20:57:01","slug":"mumin-minimugg-overraskningslada-2026-ny","status":"publish","type":"product","link":"https:\/\/muumimukitrahaksi.fi\/sv\/produkt\/mumin-minimugg-overraskningslada-2026-ny\/","title":{"rendered":"Mumin minimugg \u00d6verraskningsl\u00e5da (2026-) *NY*"},"content":{"rendered":"<p style=\"text-align: center;\"><strong>\u2022 Officiell Moomin Characters\u00a0 licensinnehavare \u2022 Delbetalning\/faktura \u2022 Kvalitetsgranskade produkter<\/strong><\/p>\n<p><strong>Mumin minimuggen \u00d6verraskningsl\u00e5da<\/strong> \u00e4r Moomin Arabias nyhet f\u00f6r \u00e5r 2026 och kommer att ing\u00e5 i den kontinuerliga produktionen. \u00d6verraskningsl\u00e5dan \u00e4r en del av Moomin Arabias Klassikerserie och inneh\u00e5ller en minimugg.\u00a0Minimuggen har en volym p\u00e5 12 ml.<\/p>\n<p>\u00d6verraskningsl\u00e5dan \u00e4r en helt ny produkt d\u00e4r minimuggen i boxen \u00e4r en hemlighet \u00e4nda fram till k\u00f6pet. \u00d6verraskningsl\u00e5dan kan inneh\u00e5lla en av sex minimuggar: Hattifnattarna, Mymlan, Sniff turkos, Lilla My gul, Polism\u00e4staren eller, mer s\u00e4llan, den eftertraktade Muminhus-minimuggen.<\/p>\n<p>Kolla in andra Mumin minimuggar <a href=\"https:\/\/muumimukitrahaksi.fi\/sv\/produkt-avdelning\/ovriga-produkter\/minimuggar\/\">h\u00e4r<\/a>.<\/p>\n<p>Har du en \u00d6verraskningsl\u00e5da minimugg och vill s\u00e4lja den? Vi k\u00f6per ocks\u00e5 minimuggar. Klicka <a href=\"https:\/\/muumimukitrahaksi.fi\/en\/sell-moomin\/\">h\u00e4r<\/a>, fyll i formul\u00e4ret och f\u00e5 en offert samma dag.<\/p>\n","protected":false},"excerpt":{"rendered":"<p style=\"text-align: center;\"><strong>\u2022 H\u00f6gklassiga varor \u2022 Snabb leverans<\/strong><\/p>\n<p>Moomin Arabias minimugg \u00d6verraskningsl\u00e5da. \u00d6verraskningsl\u00e5dan kan inneh\u00e5lla en av sex olika minimuggar.\u00a0Minimuggen \u00e4r ny och kommer i sin ursprungliga presentf\u00f6rpackning. I priset (11,90\u20ac) ing\u00e5r finsk moms (25,5%). Momsen kommer att tas bort i kassan f\u00f6r kunder utanf\u00f6r EU. Minimuggarna packas med omsorg och f\u00f6rnybara material.<\/p>\n<p style=\"text-align: center;\"><strong>\u2022 S\u00e4kra betalningss\u00e4tt<\/strong><\/p>\n<p><img loading=\"lazy\" decoding=\"async\" class=\"aligncenter wp-image-20415 size-full\" src=\"https:\/\/muumimukitrahaksi.fi\/wp-content\/uploads\/2020\/06\/maksutavat-2026-pieni-eng.png\" alt=\"Payment options\" width=\"350\" height=\"200\" \/><\/p>\n","protected":false},"featured_media":150631,"template":"","meta":[],"product_brand":[],"product_cat":[555,671,548],"product_tag":[626,646],"class_list":{"0":"post-154888","1":"product","2":"type-product","3":"status-publish","4":"has-post-thumbnail","6":"product_cat-minimuggar","7":"product_cat-nyheter","8":"product_cat-ovriga-produkter","9":"product_tag-med-etikett","10":"product_tag-minimugg","12":"first","13":"instock","14":"taxable","15":"shipping-taxable","16":"purchasable","17":"product-type-simple"},"yoast_head":"<!-- This site is optimized with the Yoast SEO plugin v27.1.1 - https:\/\/yoast.com\/product\/yoast-seo-wordpress\/ -->\n<title>Mumin minimugg \u00d6verraskningsl\u00e5da (2026-) *NY* - Muumimukit Rahaksi<\/title>\n<meta name=\"description\" content=\"Mumin \u00d6verraskningsl\u00e5dan \u00e4r en helt ny produkt d\u00e4r minimuggen i boxen \u00e4r en hemlighet \u00e4nda fram till k\u00f6pet.\" \/>\n<meta name=\"robots\" content=\"index, follow, max-snippet:-1, max-image-preview:large, max-video-preview:-1\" \/>\n<link rel=\"canonical\" href=\"https:\/\/muumimukitrahaksi.fi\/sv\/produkt\/mumin-minimugg-overraskningslada-2026-ny\/\" \/>\n<meta property=\"og:locale\" content=\"sv_SE\" \/>\n<meta property=\"og:type\" content=\"article\" \/>\n<meta property=\"og:title\" content=\"Mumin minimugg \u00d6verraskningsl\u00e5da (2026-) *NY* - Muumimukit Rahaksi\" \/>\n<meta property=\"og:description\" content=\"Mumin \u00d6verraskningsl\u00e5dan \u00e4r en helt ny produkt d\u00e4r minimuggen i boxen \u00e4r en hemlighet \u00e4nda fram till k\u00f6pet.\" \/>\n<meta property=\"og:url\" content=\"https:\/\/muumimukitrahaksi.fi\/sv\/produkt\/mumin-minimugg-overraskningslada-2026-ny\/\" \/>\n<meta property=\"og:site_name\" content=\"Muumimukit Rahaksi\" \/>\n<meta property=\"article:publisher\" content=\"https:\/\/www.facebook.com\/muumimukitrahaksi\/\" \/>\n<meta property=\"article:modified_time\" content=\"2026-02-27T20:57:01+00:00\" \/>\n<meta property=\"og:image\" content=\"https:\/\/muumimukitrahaksi.fi\/wp-content\/uploads\/2025\/11\/mysteeri_mini_2.jpg\" \/>\n\t<meta property=\"og:image:width\" content=\"1000\" \/>\n\t<meta property=\"og:image:height\" content=\"1000\" \/>\n\t<meta property=\"og:image:type\" content=\"image\/jpeg\" \/>\n<meta name=\"twitter:card\" content=\"summary_large_image\" \/>\n<meta name=\"twitter:site\" content=\"@MuumitRahaksi\" \/>\n<meta name=\"twitter:label1\" content=\"Ber\u00e4knad l\u00e4stid\" \/>\n\t<meta name=\"twitter:data1\" content=\"1 minut\" \/>\n<script type=\"application\/ld+json\" class=\"yoast-schema-graph\">{\"@context\":\"https:\/\/schema.org\",\"@graph\":[{\"@type\":\"WebPage\",\"@id\":\"https:\/\/muumimukitrahaksi.fi\/sv\/produkt\/mumin-minimugg-overraskningslada-2026-ny\/\",\"url\":\"https:\/\/muumimukitrahaksi.fi\/sv\/produkt\/mumin-minimugg-overraskningslada-2026-ny\/\",\"name\":\"Mumin minimugg \u00d6verraskningsl\u00e5da (2026-) *NY* - Muumimukit Rahaksi\",\"isPartOf\":{\"@id\":\"https:\/\/muumimukitrahaksi.fi\/#website\"},\"primaryImageOfPage\":{\"@id\":\"https:\/\/muumimukitrahaksi.fi\/sv\/produkt\/mumin-minimugg-overraskningslada-2026-ny\/#primaryimage\"},\"image\":{\"@id\":\"https:\/\/muumimukitrahaksi.fi\/sv\/produkt\/mumin-minimugg-overraskningslada-2026-ny\/#primaryimage\"},\"thumbnailUrl\":\"https:\/\/muumimukitrahaksi.fi\/wp-content\/uploads\/2025\/11\/mysteeri_mini_2.jpg\",\"datePublished\":\"2026-01-07T11:30:28+00:00\",\"dateModified\":\"2026-02-27T20:57:01+00:00\",\"description\":\"Mumin \u00d6verraskningsl\u00e5dan \u00e4r en helt ny produkt d\u00e4r minimuggen i boxen \u00e4r en hemlighet \u00e4nda fram till k\u00f6pet.\",\"breadcrumb\":{\"@id\":\"https:\/\/muumimukitrahaksi.fi\/sv\/produkt\/mumin-minimugg-overraskningslada-2026-ny\/#breadcrumb\"},\"inLanguage\":\"sv-SE\",\"potentialAction\":[{\"@type\":\"ReadAction\",\"target\":[\"https:\/\/muumimukitrahaksi.fi\/sv\/produkt\/mumin-minimugg-overraskningslada-2026-ny\/\"]}]},{\"@type\":\"ImageObject\",\"inLanguage\":\"sv-SE\",\"@id\":\"https:\/\/muumimukitrahaksi.fi\/sv\/produkt\/mumin-minimugg-overraskningslada-2026-ny\/#primaryimage\",\"url\":\"https:\/\/muumimukitrahaksi.fi\/wp-content\/uploads\/2025\/11\/mysteeri_mini_2.jpg\",\"contentUrl\":\"https:\/\/muumimukitrahaksi.fi\/wp-content\/uploads\/2025\/11\/mysteeri_mini_2.jpg\",\"width\":1000,\"height\":1000,\"caption\":\"Mumin minimugg \u00d6verraskningsl\u00e5da\"},{\"@type\":\"BreadcrumbList\",\"@id\":\"https:\/\/muumimukitrahaksi.fi\/sv\/produkt\/mumin-minimugg-overraskningslada-2026-ny\/#breadcrumb\",\"itemListElement\":[{\"@type\":\"ListItem\",\"position\":1,\"name\":\"Etusivu\",\"item\":\"https:\/\/muumimukitrahaksi.fi\/sv\/\"},{\"@type\":\"ListItem\",\"position\":2,\"name\":\"Butik\",\"item\":\"https:\/\/muumimukitrahaksi.fi\/sv\/butik\/\"},{\"@type\":\"ListItem\",\"position\":3,\"name\":\"Mumin minimugg \u00d6verraskningsl\u00e5da (2026-) *NY*\"}]},{\"@type\":\"WebSite\",\"@id\":\"https:\/\/muumimukitrahaksi.fi\/#website\",\"url\":\"https:\/\/muumimukitrahaksi.fi\/\",\"name\":\"Muumimukit Rahaksi\",\"description\":\"Muumimukeja, -kulhoja ja -lautasia ker\u00e4ilij\u00f6ille!\",\"publisher\":{\"@id\":\"https:\/\/muumimukitrahaksi.fi\/#organization\"},\"potentialAction\":[{\"@type\":\"SearchAction\",\"target\":{\"@type\":\"EntryPoint\",\"urlTemplate\":\"https:\/\/muumimukitrahaksi.fi\/?s={search_term_string}\"},\"query-input\":{\"@type\":\"PropertyValueSpecification\",\"valueRequired\":true,\"valueName\":\"search_term_string\"}}],\"inLanguage\":\"sv-SE\"},{\"@type\":\"Organization\",\"@id\":\"https:\/\/muumimukitrahaksi.fi\/#organization\",\"name\":\"Muumimukit Rahaksi\",\"url\":\"https:\/\/muumimukitrahaksi.fi\/\",\"logo\":{\"@type\":\"ImageObject\",\"inLanguage\":\"sv-SE\",\"@id\":\"https:\/\/muumimukitrahaksi.fi\/#\/schema\/logo\/image\/\",\"url\":\"https:\/\/muumimukitrahaksi.fi\/wp-content\/uploads\/2017\/09\/logooo.jpg\",\"contentUrl\":\"https:\/\/muumimukitrahaksi.fi\/wp-content\/uploads\/2017\/09\/logooo.jpg\",\"width\":514,\"height\":514,\"caption\":\"Muumimukit Rahaksi\"},\"image\":{\"@id\":\"https:\/\/muumimukitrahaksi.fi\/#\/schema\/logo\/image\/\"},\"sameAs\":[\"https:\/\/www.facebook.com\/muumimukitrahaksi\/\",\"https:\/\/x.com\/MuumitRahaksi\",\"https:\/\/www.instagram.com\/muumimukitrahaksi\/\"]}]}<\/script>\n<!-- \/ Yoast SEO plugin. -->","yoast_head_json":{"title":"Mumin minimugg \u00d6verraskningsl\u00e5da (2026-) *NY* - Muumimukit Rahaksi","description":"Mumin \u00d6verraskningsl\u00e5dan \u00e4r en helt ny produkt d\u00e4r minimuggen i boxen \u00e4r en hemlighet \u00e4nda fram till k\u00f6pet.","robots":{"index":"index","follow":"follow","max-snippet":"max-snippet:-1","max-image-preview":"max-image-preview:large","max-video-preview":"max-video-preview:-1"},"canonical":"https:\/\/muumimukitrahaksi.fi\/sv\/produkt\/mumin-minimugg-overraskningslada-2026-ny\/","og_locale":"sv_SE","og_type":"article","og_title":"Mumin minimugg \u00d6verraskningsl\u00e5da (2026-) *NY* - Muumimukit Rahaksi","og_description":"Mumin \u00d6verraskningsl\u00e5dan \u00e4r en helt ny produkt d\u00e4r minimuggen i boxen \u00e4r en hemlighet \u00e4nda fram till k\u00f6pet.","og_url":"https:\/\/muumimukitrahaksi.fi\/sv\/produkt\/mumin-minimugg-overraskningslada-2026-ny\/","og_site_name":"Muumimukit Rahaksi","article_publisher":"https:\/\/www.facebook.com\/muumimukitrahaksi\/","article_modified_time":"2026-02-27T20:57:01+00:00","og_image":[{"width":1000,"height":1000,"url":"https:\/\/muumimukitrahaksi.fi\/wp-content\/uploads\/2025\/11\/mysteeri_mini_2.jpg","type":"image\/jpeg"}],"twitter_card":"summary_large_image","twitter_site":"@MuumitRahaksi","twitter_misc":{"Ber\u00e4knad l\u00e4stid":"1 minut"},"schema":{"@context":"https:\/\/schema.org","@graph":[{"@type":"WebPage","@id":"https:\/\/muumimukitrahaksi.fi\/sv\/produkt\/mumin-minimugg-overraskningslada-2026-ny\/","url":"https:\/\/muumimukitrahaksi.fi\/sv\/produkt\/mumin-minimugg-overraskningslada-2026-ny\/","name":"Mumin minimugg \u00d6verraskningsl\u00e5da (2026-) *NY* - Muumimukit Rahaksi","isPartOf":{"@id":"https:\/\/muumimukitrahaksi.fi\/#website"},"primaryImageOfPage":{"@id":"https:\/\/muumimukitrahaksi.fi\/sv\/produkt\/mumin-minimugg-overraskningslada-2026-ny\/#primaryimage"},"image":{"@id":"https:\/\/muumimukitrahaksi.fi\/sv\/produkt\/mumin-minimugg-overraskningslada-2026-ny\/#primaryimage"},"thumbnailUrl":"https:\/\/muumimukitrahaksi.fi\/wp-content\/uploads\/2025\/11\/mysteeri_mini_2.jpg","datePublished":"2026-01-07T11:30:28+00:00","dateModified":"2026-02-27T20:57:01+00:00","description":"Mumin \u00d6verraskningsl\u00e5dan \u00e4r en helt ny produkt d\u00e4r minimuggen i boxen \u00e4r en hemlighet \u00e4nda fram till k\u00f6pet.","breadcrumb":{"@id":"https:\/\/muumimukitrahaksi.fi\/sv\/produkt\/mumin-minimugg-overraskningslada-2026-ny\/#breadcrumb"},"inLanguage":"sv-SE","potentialAction":[{"@type":"ReadAction","target":["https:\/\/muumimukitrahaksi.fi\/sv\/produkt\/mumin-minimugg-overraskningslada-2026-ny\/"]}]},{"@type":"ImageObject","inLanguage":"sv-SE","@id":"https:\/\/muumimukitrahaksi.fi\/sv\/produkt\/mumin-minimugg-overraskningslada-2026-ny\/#primaryimage","url":"https:\/\/muumimukitrahaksi.fi\/wp-content\/uploads\/2025\/11\/mysteeri_mini_2.jpg","contentUrl":"https:\/\/muumimukitrahaksi.fi\/wp-content\/uploads\/2025\/11\/mysteeri_mini_2.jpg","width":1000,"height":1000,"caption":"Mumin minimugg \u00d6verraskningsl\u00e5da"},{"@type":"BreadcrumbList","@id":"https:\/\/muumimukitrahaksi.fi\/sv\/produkt\/mumin-minimugg-overraskningslada-2026-ny\/#breadcrumb","itemListElement":[{"@type":"ListItem","position":1,"name":"Etusivu","item":"https:\/\/muumimukitrahaksi.fi\/sv\/"},{"@type":"ListItem","position":2,"name":"Butik","item":"https:\/\/muumimukitrahaksi.fi\/sv\/butik\/"},{"@type":"ListItem","position":3,"name":"Mumin minimugg \u00d6verraskningsl\u00e5da (2026-) *NY*"}]},{"@type":"WebSite","@id":"https:\/\/muumimukitrahaksi.fi\/#website","url":"https:\/\/muumimukitrahaksi.fi\/","name":"Muumimukit Rahaksi","description":"Muumimukeja, -kulhoja ja -lautasia ker\u00e4ilij\u00f6ille!","publisher":{"@id":"https:\/\/muumimukitrahaksi.fi\/#organization"},"potentialAction":[{"@type":"SearchAction","target":{"@type":"EntryPoint","urlTemplate":"https:\/\/muumimukitrahaksi.fi\/?s={search_term_string}"},"query-input":{"@type":"PropertyValueSpecification","valueRequired":true,"valueName":"search_term_string"}}],"inLanguage":"sv-SE"},{"@type":"Organization","@id":"https:\/\/muumimukitrahaksi.fi\/#organization","name":"Muumimukit Rahaksi","url":"https:\/\/muumimukitrahaksi.fi\/","logo":{"@type":"ImageObject","inLanguage":"sv-SE","@id":"https:\/\/muumimukitrahaksi.fi\/#\/schema\/logo\/image\/","url":"https:\/\/muumimukitrahaksi.fi\/wp-content\/uploads\/2017\/09\/logooo.jpg","contentUrl":"https:\/\/muumimukitrahaksi.fi\/wp-content\/uploads\/2017\/09\/logooo.jpg","width":514,"height":514,"caption":"Muumimukit Rahaksi"},"image":{"@id":"https:\/\/muumimukitrahaksi.fi\/#\/schema\/logo\/image\/"},"sameAs":["https:\/\/www.facebook.com\/muumimukitrahaksi\/","https:\/\/x.com\/MuumitRahaksi","https:\/\/www.instagram.com\/muumimukitrahaksi\/"]}]}},"_links":{"self":[{"href":"https:\/\/muumimukitrahaksi.fi\/sv\/wp-json\/wp\/v2\/product\/154888","targetHints":{"allow":["GET"]}}],"collection":[{"href":"https:\/\/muumimukitrahaksi.fi\/sv\/wp-json\/wp\/v2\/product"}],"about":[{"href":"https:\/\/muumimukitrahaksi.fi\/sv\/wp-json\/wp\/v2\/types\/product"}],"wp:featuredmedia":[{"embeddable":true,"href":"https:\/\/muumimukitrahaksi.fi\/sv\/wp-json\/wp\/v2\/media\/150631"}],"wp:attachment":[{"href":"https:\/\/muumimukitrahaksi.fi\/sv\/wp-json\/wp\/v2\/media?parent=154888"}],"wp:term":[{"taxonomy":"product_brand","embeddable":true,"href":"https:\/\/muumimukitrahaksi.fi\/sv\/wp-json\/wp\/v2\/product_brand?post=154888"},{"taxonomy":"product_cat","embeddable":true,"href":"https:\/\/muumimukitrahaksi.fi\/sv\/wp-json\/wp\/v2\/product_cat?post=154888"},{"taxonomy":"product_tag","embeddable":true,"href":"https:\/\/muumimukitrahaksi.fi\/sv\/wp-json\/wp\/v2\/product_tag?post=154888"}],"curies":[{"name":"wp","href":"https:\/\/api.w.org\/{rel}","templated":true}]}}