{"id":154906,"date":"2026-01-07T14:10:25","date_gmt":"2026-01-07T12:10:25","guid":{"rendered":"https:\/\/muumimukitrahaksi.fi\/tuote\/muminmugg-resa-finnair-100-ar-2023\/"},"modified":"2026-01-07T14:10:25","modified_gmt":"2026-01-07T12:10:25","slug":"muminmugg-resa-finnair-100-ar-2023","status":"publish","type":"product","link":"https:\/\/muumimukitrahaksi.fi\/sv\/produkt\/muminmugg-resa-finnair-100-ar-2023\/","title":{"rendered":"Muminmugg Resa Finnair 100 \u00e5r (2023)"},"content":{"rendered":"<p style=\"text-align: center;\"><strong>\u2022 Officiell Moomin Characters\u00a0 licensinnehavare \u2022 Delbetalning\/faktura \u2022 Kvalitetsgranskade produkter<\/strong><\/p>\n<p><strong>Muminmuggen Resa<\/strong> \u00e4r en specialmugg tillverkad av Arabia och designad f\u00f6r att fira <strong>Finnairs<\/strong> jubileums\u00e5r. Flygbolaget Finnair firar sitt 100-\u00e5rsjubileum \u00e5r 2023. En begr\u00e4nsad upplaga av muggarna kommer att finnas tillg\u00e4ngliga fr\u00e5n den 9 oktober 2023. Muggarna s\u00e4ljs endast p\u00e5 utvalda f\u00f6rs\u00e4ljningsst\u00e4llen s\u00e5 l\u00e4nge lagret r\u00e4cker. Det kommer inte att produceras n\u00e5gra nya exemplar.<\/p>\n<p>Motivet p\u00e5 Resa-muggen \u00e4r baserat p\u00e5 Tove Janssons ber\u00e4ttelse &#8220;Muminpappans bravader&#8221;, som f\u00f6rst publicerades p\u00e5 svenska \u00e5r 1950. I Janssons fj\u00e4rde muminber\u00e4ttelse agerar Muminpappan som ber\u00e4ttare och minns de vilda \u00e4ventyr han upplevde som ung Mumin tillsammans med sitt reses\u00e4llskap Fredrikson, R\u00e5dd-djuret och Joxaren. Under sina resor m\u00f6tte trion allt m\u00f6jligt, inklusive det flygande fartyget Haffs\u00e5rkestern, och st\u00f6tte p\u00e5 allt fr\u00e5n M\u00e5rran till Tofslan och Vifslan, samt dronten Edward. Resa-muggens illustrationer av Muminpappans vilda ungdoms\u00e4ventyr skildrar den frihetsk\u00e4nsla som resandet ger, n\u00e5got som \u00e4ven Finnair har m\u00f6jliggjort f\u00f6r sina kunder i hundra \u00e5r.<\/p>\n<p>Finnairs jubileumsmugg Resa, \u00e4r den f\u00f6rsta publicerade muminmuggen av Arabias nya designteam och illustrat\u00f6ren Parvati Pillai, som ersatte Tove Slotte efter att hon g\u00e5tt i pension. Designteamet har lyckats skapa en speciellt \u00e4ventyrlig st\u00e4mning p\u00e5 den m\u00f6rka muggen, som skiljer sig f\u00f6rdelaktigt i sitt utseende. I illustrationen m\u00e5ste Muminpappans reses\u00e4llskap ta sig genom en mystisk och \u00f6verraskningsfylld tr\u00e4dg\u00e5rd p\u00e5 v\u00e4g till kungens 100-\u00e5rsfirande. Insidan av muggen pryds av en n\u00e4tt illustration av en varmluftsballong, baserad p\u00e5 Tove Janssons illustration till &#8220;Muminpappans bravader&#8221;. P\u00e5 botten av Resa-muggen finns den v\u00e4lk\u00e4nda Moomin Arabia-st\u00e4mpeln. Tema\u00e5rets mugg kommer i den traditionella 0,3 liters storleken och s\u00e4ljs i en vacker presentf\u00f6rpackning som \u00e5terspeglar muggens illustration.<\/p>\n<p>Kolla in andra specialmuggar<a href=\"https:\/\/muumimukitrahaksi.fi\/sv\/produkt-avdelning\/muggar\/specialmuggar\/\"> h\u00e4r.<\/a><\/p>\n<p>Har du en Resa muminmugg och vill s\u00e4lja den? Vi k\u00f6per ocks\u00e5 muminmuggar. Klicka <a href=\"https:\/\/muumimukitrahaksi.fi\/en\/sell-moomin\/\">h\u00e4r<\/a>, fyll i formul\u00e4ret och f\u00e5 en offert samma dag.<\/p>\n","protected":false},"excerpt":{"rendered":"<p style=\"text-align: center;\"><strong>H\u00f6gklassiga varor \u2022 Snabb leverans<\/strong><\/p>\n<p>Moomin Arabias Muminmugg\u00a0Resa Finnair 100 \u00e5r. Muggen \u00e4r i mycket bra skick. Inga synliga fl\u00e4ckar eller vita prickar. Muggen <strong>kommer inte<\/strong> i sin ursprungliga presentf\u00f6rpackning. Muggarna packas med omsorg och f\u00f6rnybara material.<\/p>\n<p style=\"text-align: center;\"><strong>\u2022 S\u00e4kra betalningss\u00e4tt<\/strong><\/p>\n<p><img loading=\"lazy\" decoding=\"async\" class=\"aligncenter wp-image-20415 size-full\" src=\"https:\/\/muumimukitrahaksi.fi\/wp-content\/uploads\/2020\/06\/maksutavat-2026-pieni-eng.png\" alt=\"Payment options\" width=\"350\" height=\"200\" \/><\/p>\n","protected":false},"featured_media":100111,"template":"","meta":[],"product_brand":[],"product_cat":[537,547,545,534,538],"product_tag":[597,568,627],"class_list":{"0":"post-154906","1":"product","2":"type-product","3":"status-publish","4":"has-post-thumbnail","6":"product_cat-arabia-muggar","7":"product_cat-muggar-ur-produktion","8":"product_cat-muggar-utan-etikett","9":"product_cat-muggar","10":"product_cat-specialmuggar","11":"product_tag-muminmugg","12":"product_tag-specialmugg","13":"product_tag-utan-etikett","15":"first","16":"outofstock","17":"taxable","18":"shipping-taxable","19":"purchasable","20":"product-type-simple"},"yoast_head":"<!-- This site is optimized with the Yoast SEO plugin v27.1.1 - https:\/\/yoast.com\/product\/yoast-seo-wordpress\/ -->\n<title>Muminmugg Resa Finnair 100 \u00e5r (2023) - Muumimukit Rahaksi<\/title>\n<meta name=\"description\" content=\"Moomin Arabias Muminmugg\u00a0Resa Finnair 100 \u00e5r. Muggen \u00e4r i mycket bra skick. Inga synliga fl\u00e4ckar eller vita prickar.\" \/>\n<meta name=\"robots\" content=\"index, follow, max-snippet:-1, max-image-preview:large, max-video-preview:-1\" \/>\n<link rel=\"canonical\" href=\"https:\/\/muumimukitrahaksi.fi\/sv\/produkt\/muminmugg-resa-finnair-100-ar-2023\/\" \/>\n<meta property=\"og:locale\" content=\"sv_SE\" \/>\n<meta property=\"og:type\" content=\"article\" \/>\n<meta property=\"og:title\" content=\"Muminmugg Resa Finnair 100 \u00e5r (2023) - Muumimukit Rahaksi\" \/>\n<meta property=\"og:description\" content=\"Moomin Arabias Muminmugg\u00a0Resa Finnair 100 \u00e5r. Muggen \u00e4r i mycket bra skick. Inga synliga fl\u00e4ckar eller vita prickar.\" \/>\n<meta property=\"og:url\" content=\"https:\/\/muumimukitrahaksi.fi\/sv\/produkt\/muminmugg-resa-finnair-100-ar-2023\/\" \/>\n<meta property=\"og:site_name\" content=\"Muumimukit Rahaksi\" \/>\n<meta property=\"article:publisher\" content=\"https:\/\/www.facebook.com\/muumimukitrahaksi\/\" \/>\n<meta property=\"og:image\" content=\"https:\/\/muumimukitrahaksi.fi\/wp-content\/uploads\/2023\/10\/DSC04147.jpg\" \/>\n\t<meta property=\"og:image:width\" content=\"1000\" \/>\n\t<meta property=\"og:image:height\" content=\"1000\" \/>\n\t<meta property=\"og:image:type\" content=\"image\/jpeg\" \/>\n<meta name=\"twitter:card\" content=\"summary_large_image\" \/>\n<meta name=\"twitter:site\" content=\"@MuumitRahaksi\" \/>\n<meta name=\"twitter:label1\" content=\"Ber\u00e4knad l\u00e4stid\" \/>\n\t<meta name=\"twitter:data1\" content=\"2 minuter\" \/>\n<script type=\"application\/ld+json\" class=\"yoast-schema-graph\">{\"@context\":\"https:\/\/schema.org\",\"@graph\":[{\"@type\":\"WebPage\",\"@id\":\"https:\/\/muumimukitrahaksi.fi\/sv\/produkt\/muminmugg-resa-finnair-100-ar-2023\/\",\"url\":\"https:\/\/muumimukitrahaksi.fi\/sv\/produkt\/muminmugg-resa-finnair-100-ar-2023\/\",\"name\":\"Muminmugg Resa Finnair 100 \u00e5r (2023) - Muumimukit Rahaksi\",\"isPartOf\":{\"@id\":\"https:\/\/muumimukitrahaksi.fi\/#website\"},\"primaryImageOfPage\":{\"@id\":\"https:\/\/muumimukitrahaksi.fi\/sv\/produkt\/muminmugg-resa-finnair-100-ar-2023\/#primaryimage\"},\"image\":{\"@id\":\"https:\/\/muumimukitrahaksi.fi\/sv\/produkt\/muminmugg-resa-finnair-100-ar-2023\/#primaryimage\"},\"thumbnailUrl\":\"https:\/\/muumimukitrahaksi.fi\/wp-content\/uploads\/2023\/10\/DSC04147.jpg\",\"datePublished\":\"2026-01-07T12:10:25+00:00\",\"description\":\"Moomin Arabias Muminmugg\u00a0Resa Finnair 100 \u00e5r. Muggen \u00e4r i mycket bra skick. Inga synliga fl\u00e4ckar eller vita prickar.\",\"breadcrumb\":{\"@id\":\"https:\/\/muumimukitrahaksi.fi\/sv\/produkt\/muminmugg-resa-finnair-100-ar-2023\/#breadcrumb\"},\"inLanguage\":\"sv-SE\",\"potentialAction\":[{\"@type\":\"ReadAction\",\"target\":[\"https:\/\/muumimukitrahaksi.fi\/sv\/produkt\/muminmugg-resa-finnair-100-ar-2023\/\"]}]},{\"@type\":\"ImageObject\",\"inLanguage\":\"sv-SE\",\"@id\":\"https:\/\/muumimukitrahaksi.fi\/sv\/produkt\/muminmugg-resa-finnair-100-ar-2023\/#primaryimage\",\"url\":\"https:\/\/muumimukitrahaksi.fi\/wp-content\/uploads\/2023\/10\/DSC04147.jpg\",\"contentUrl\":\"https:\/\/muumimukitrahaksi.fi\/wp-content\/uploads\/2023\/10\/DSC04147.jpg\",\"width\":1000,\"height\":1000,\"caption\":\"Muminmugg Resa Finnair 100 \u00e5r\"},{\"@type\":\"BreadcrumbList\",\"@id\":\"https:\/\/muumimukitrahaksi.fi\/sv\/produkt\/muminmugg-resa-finnair-100-ar-2023\/#breadcrumb\",\"itemListElement\":[{\"@type\":\"ListItem\",\"position\":1,\"name\":\"Etusivu\",\"item\":\"https:\/\/muumimukitrahaksi.fi\/sv\/\"},{\"@type\":\"ListItem\",\"position\":2,\"name\":\"Butik\",\"item\":\"https:\/\/muumimukitrahaksi.fi\/sv\/butik\/\"},{\"@type\":\"ListItem\",\"position\":3,\"name\":\"Muminmugg Resa Finnair 100 \u00e5r (2023)\"}]},{\"@type\":\"WebSite\",\"@id\":\"https:\/\/muumimukitrahaksi.fi\/#website\",\"url\":\"https:\/\/muumimukitrahaksi.fi\/\",\"name\":\"Muumimukit Rahaksi\",\"description\":\"Muumimukeja, -kulhoja ja -lautasia ker\u00e4ilij\u00f6ille!\",\"publisher\":{\"@id\":\"https:\/\/muumimukitrahaksi.fi\/#organization\"},\"potentialAction\":[{\"@type\":\"SearchAction\",\"target\":{\"@type\":\"EntryPoint\",\"urlTemplate\":\"https:\/\/muumimukitrahaksi.fi\/?s={search_term_string}\"},\"query-input\":{\"@type\":\"PropertyValueSpecification\",\"valueRequired\":true,\"valueName\":\"search_term_string\"}}],\"inLanguage\":\"sv-SE\"},{\"@type\":\"Organization\",\"@id\":\"https:\/\/muumimukitrahaksi.fi\/#organization\",\"name\":\"Muumimukit Rahaksi\",\"url\":\"https:\/\/muumimukitrahaksi.fi\/\",\"logo\":{\"@type\":\"ImageObject\",\"inLanguage\":\"sv-SE\",\"@id\":\"https:\/\/muumimukitrahaksi.fi\/#\/schema\/logo\/image\/\",\"url\":\"https:\/\/muumimukitrahaksi.fi\/wp-content\/uploads\/2017\/09\/logooo.jpg\",\"contentUrl\":\"https:\/\/muumimukitrahaksi.fi\/wp-content\/uploads\/2017\/09\/logooo.jpg\",\"width\":514,\"height\":514,\"caption\":\"Muumimukit Rahaksi\"},\"image\":{\"@id\":\"https:\/\/muumimukitrahaksi.fi\/#\/schema\/logo\/image\/\"},\"sameAs\":[\"https:\/\/www.facebook.com\/muumimukitrahaksi\/\",\"https:\/\/x.com\/MuumitRahaksi\",\"https:\/\/www.instagram.com\/muumimukitrahaksi\/\"]}]}<\/script>\n<!-- \/ Yoast SEO plugin. -->","yoast_head_json":{"title":"Muminmugg Resa Finnair 100 \u00e5r (2023) - Muumimukit Rahaksi","description":"Moomin Arabias Muminmugg\u00a0Resa Finnair 100 \u00e5r. Muggen \u00e4r i mycket bra skick. Inga synliga fl\u00e4ckar eller vita prickar.","robots":{"index":"index","follow":"follow","max-snippet":"max-snippet:-1","max-image-preview":"max-image-preview:large","max-video-preview":"max-video-preview:-1"},"canonical":"https:\/\/muumimukitrahaksi.fi\/sv\/produkt\/muminmugg-resa-finnair-100-ar-2023\/","og_locale":"sv_SE","og_type":"article","og_title":"Muminmugg Resa Finnair 100 \u00e5r (2023) - Muumimukit Rahaksi","og_description":"Moomin Arabias Muminmugg\u00a0Resa Finnair 100 \u00e5r. Muggen \u00e4r i mycket bra skick. Inga synliga fl\u00e4ckar eller vita prickar.","og_url":"https:\/\/muumimukitrahaksi.fi\/sv\/produkt\/muminmugg-resa-finnair-100-ar-2023\/","og_site_name":"Muumimukit Rahaksi","article_publisher":"https:\/\/www.facebook.com\/muumimukitrahaksi\/","og_image":[{"width":1000,"height":1000,"url":"https:\/\/muumimukitrahaksi.fi\/wp-content\/uploads\/2023\/10\/DSC04147.jpg","type":"image\/jpeg"}],"twitter_card":"summary_large_image","twitter_site":"@MuumitRahaksi","twitter_misc":{"Ber\u00e4knad l\u00e4stid":"2 minuter"},"schema":{"@context":"https:\/\/schema.org","@graph":[{"@type":"WebPage","@id":"https:\/\/muumimukitrahaksi.fi\/sv\/produkt\/muminmugg-resa-finnair-100-ar-2023\/","url":"https:\/\/muumimukitrahaksi.fi\/sv\/produkt\/muminmugg-resa-finnair-100-ar-2023\/","name":"Muminmugg Resa Finnair 100 \u00e5r (2023) - Muumimukit Rahaksi","isPartOf":{"@id":"https:\/\/muumimukitrahaksi.fi\/#website"},"primaryImageOfPage":{"@id":"https:\/\/muumimukitrahaksi.fi\/sv\/produkt\/muminmugg-resa-finnair-100-ar-2023\/#primaryimage"},"image":{"@id":"https:\/\/muumimukitrahaksi.fi\/sv\/produkt\/muminmugg-resa-finnair-100-ar-2023\/#primaryimage"},"thumbnailUrl":"https:\/\/muumimukitrahaksi.fi\/wp-content\/uploads\/2023\/10\/DSC04147.jpg","datePublished":"2026-01-07T12:10:25+00:00","description":"Moomin Arabias Muminmugg\u00a0Resa Finnair 100 \u00e5r. Muggen \u00e4r i mycket bra skick. Inga synliga fl\u00e4ckar eller vita prickar.","breadcrumb":{"@id":"https:\/\/muumimukitrahaksi.fi\/sv\/produkt\/muminmugg-resa-finnair-100-ar-2023\/#breadcrumb"},"inLanguage":"sv-SE","potentialAction":[{"@type":"ReadAction","target":["https:\/\/muumimukitrahaksi.fi\/sv\/produkt\/muminmugg-resa-finnair-100-ar-2023\/"]}]},{"@type":"ImageObject","inLanguage":"sv-SE","@id":"https:\/\/muumimukitrahaksi.fi\/sv\/produkt\/muminmugg-resa-finnair-100-ar-2023\/#primaryimage","url":"https:\/\/muumimukitrahaksi.fi\/wp-content\/uploads\/2023\/10\/DSC04147.jpg","contentUrl":"https:\/\/muumimukitrahaksi.fi\/wp-content\/uploads\/2023\/10\/DSC04147.jpg","width":1000,"height":1000,"caption":"Muminmugg Resa Finnair 100 \u00e5r"},{"@type":"BreadcrumbList","@id":"https:\/\/muumimukitrahaksi.fi\/sv\/produkt\/muminmugg-resa-finnair-100-ar-2023\/#breadcrumb","itemListElement":[{"@type":"ListItem","position":1,"name":"Etusivu","item":"https:\/\/muumimukitrahaksi.fi\/sv\/"},{"@type":"ListItem","position":2,"name":"Butik","item":"https:\/\/muumimukitrahaksi.fi\/sv\/butik\/"},{"@type":"ListItem","position":3,"name":"Muminmugg Resa Finnair 100 \u00e5r (2023)"}]},{"@type":"WebSite","@id":"https:\/\/muumimukitrahaksi.fi\/#website","url":"https:\/\/muumimukitrahaksi.fi\/","name":"Muumimukit Rahaksi","description":"Muumimukeja, -kulhoja ja -lautasia ker\u00e4ilij\u00f6ille!","publisher":{"@id":"https:\/\/muumimukitrahaksi.fi\/#organization"},"potentialAction":[{"@type":"SearchAction","target":{"@type":"EntryPoint","urlTemplate":"https:\/\/muumimukitrahaksi.fi\/?s={search_term_string}"},"query-input":{"@type":"PropertyValueSpecification","valueRequired":true,"valueName":"search_term_string"}}],"inLanguage":"sv-SE"},{"@type":"Organization","@id":"https:\/\/muumimukitrahaksi.fi\/#organization","name":"Muumimukit Rahaksi","url":"https:\/\/muumimukitrahaksi.fi\/","logo":{"@type":"ImageObject","inLanguage":"sv-SE","@id":"https:\/\/muumimukitrahaksi.fi\/#\/schema\/logo\/image\/","url":"https:\/\/muumimukitrahaksi.fi\/wp-content\/uploads\/2017\/09\/logooo.jpg","contentUrl":"https:\/\/muumimukitrahaksi.fi\/wp-content\/uploads\/2017\/09\/logooo.jpg","width":514,"height":514,"caption":"Muumimukit Rahaksi"},"image":{"@id":"https:\/\/muumimukitrahaksi.fi\/#\/schema\/logo\/image\/"},"sameAs":["https:\/\/www.facebook.com\/muumimukitrahaksi\/","https:\/\/x.com\/MuumitRahaksi","https:\/\/www.instagram.com\/muumimukitrahaksi\/"]}]}},"_links":{"self":[{"href":"https:\/\/muumimukitrahaksi.fi\/sv\/wp-json\/wp\/v2\/product\/154906","targetHints":{"allow":["GET"]}}],"collection":[{"href":"https:\/\/muumimukitrahaksi.fi\/sv\/wp-json\/wp\/v2\/product"}],"about":[{"href":"https:\/\/muumimukitrahaksi.fi\/sv\/wp-json\/wp\/v2\/types\/product"}],"wp:featuredmedia":[{"embeddable":true,"href":"https:\/\/muumimukitrahaksi.fi\/sv\/wp-json\/wp\/v2\/media\/100111"}],"wp:attachment":[{"href":"https:\/\/muumimukitrahaksi.fi\/sv\/wp-json\/wp\/v2\/media?parent=154906"}],"wp:term":[{"taxonomy":"product_brand","embeddable":true,"href":"https:\/\/muumimukitrahaksi.fi\/sv\/wp-json\/wp\/v2\/product_brand?post=154906"},{"taxonomy":"product_cat","embeddable":true,"href":"https:\/\/muumimukitrahaksi.fi\/sv\/wp-json\/wp\/v2\/product_cat?post=154906"},{"taxonomy":"product_tag","embeddable":true,"href":"https:\/\/muumimukitrahaksi.fi\/sv\/wp-json\/wp\/v2\/product_tag?post=154906"}],"curies":[{"name":"wp","href":"https:\/\/api.w.org\/{rel}","templated":true}]}}