{"id":156034,"date":"2026-01-13T09:07:53","date_gmt":"2026-01-13T07:07:53","guid":{"rendered":"https:\/\/muumimukitrahaksi.fi\/tuote\/muminmugg-moominvalley-park-japan-2023\/"},"modified":"2026-01-13T09:07:53","modified_gmt":"2026-01-13T07:07:53","slug":"muminmugg-moominvalley-park-japan-2023","status":"publish","type":"product","link":"https:\/\/muumimukitrahaksi.fi\/sv\/produkt\/muminmugg-moominvalley-park-japan-2023\/","title":{"rendered":"Muminmugg Moominvalley Park Japan (2023)"},"content":{"rendered":"<p style=\"text-align: center;\"><strong>\u2022 Officiell Moomin Characters\u00a0 licensinnehavare \u2022 Delbetalning\/faktura \u2022 Kvalitetsgranskade produkter<\/strong><\/p>\n<p><strong>Muminmugg Moominvalley Park Japan 2023<\/strong> finns till f\u00f6rs\u00e4ljning i Moominvalley Park-temaparken i Hanno, Japan fr\u00e5n och med den 10 februari 2023. Till en b\u00f6rjan kommer muggen endast att s\u00e4ljas i temaparken och senare i den japanska Moomin Shopen, d\u00e4r muggar bara skickas inom Japan. Antalet producerade muggar \u00e4r l\u00e4gre \u00e4n versionen fr\u00e5n 2019, och det finns en k\u00f6pgr\u00e4ns p\u00e5 fem muggar per kund i temaparken.<\/p>\n<p>Den nya Moominvalley Park Japan-muggens illustration f\u00f6ljer starkt stilen fr\u00e5n den tidigare s\u00e5 kallade japanska muggen. Muggens nedre del har f\u00f6rblivit den samma med n\u00e5gra f\u00e4rg\u00e4ndringar, men muggens \u00f6vre del har genomg\u00e5tt en fullst\u00e4ndig f\u00f6r\u00e4ndring. Den nya illustrationen \u00e4r baserad p\u00e5 Tove Janssons bok &#8220;Det osynliga barnet och andra ber\u00e4ttelser&#8221; fr\u00e5n 1962. Boken inneh\u00e5ller sammanlagt nio ber\u00e4ttelser, och illustrationen p\u00e5 denna mugg \u00e4r vald fr\u00e5n ber\u00e4ttelsen &#8220;Hemulen som \u00e4lskade tystnad&#8221;. I ber\u00e4ttelsen arbetar Hemulen som biljettkontrollant i n\u00f6jesparken. Ett kraftigt regnov\u00e4der f\u00f6rst\u00f6rs hela n\u00f6jesparken, och Hemulen flyttar ensam till sin mormors gamla tr\u00e4dg\u00e5rd. Barnen samlar dock ihop alla delar av n\u00f6jesparken och bygger upp den igen i tr\u00e4dg\u00e5rden.<\/p>\n<p>Kolla in andra specialmuggar <a href=\"https:\/\/muumimukitrahaksi.fi\/sv\/produkt-nyckelord\/specialmugg\/\">h\u00e4r.<\/a><\/p>\n<p>Har du en Moominvalley Park Japan 2023 -muminmugg och vill s\u00e4lja den? Vi k\u00f6per ocks\u00e5 muminmuggar. Klicka <a href=\"https:\/\/muumimukitrahaksi.fi\/en\/sell-moomin\/\">h\u00e4r<\/a>, fyll i formul\u00e4ret och f\u00e5 en offert samma dag.<\/p>\n","protected":false},"excerpt":{"rendered":"<p style=\"text-align: center;\"><strong>H\u00f6gklassiga varor \u2022 Snabb leverans<\/strong><\/p>\n<p>Arabias muminmugg Moominvalley Park Japan 2023. Muggen \u00e4r i mycket bra skick. Inga synliga fl\u00e4ckar eller vita prickar. Muggen <strong>kommer inte<\/strong> i sin ursprungliga presentf\u00f6rpackning.\u00a0Muggarna packas med omsorg och f\u00f6rnybara material.<\/p>\n<p style=\"text-align: center;\"><strong>\u2022 S\u00e4kra betalningss\u00e4tt<\/strong><\/p>\n<p><img loading=\"lazy\" decoding=\"async\" class=\"aligncenter wp-image-20415 size-full\" src=\"https:\/\/muumimukitrahaksi.fi\/wp-content\/uploads\/2020\/06\/maksutavat-2026-pieni-eng.png\" alt=\"Payment options\" width=\"350\" height=\"200\" \/><\/p>\n","protected":false},"featured_media":100686,"template":"","meta":[],"product_brand":[],"product_cat":[537,541,547,545,534,538],"product_tag":[574,597,568,627],"class_list":{"0":"post-156034","1":"product","2":"type-product","3":"status-publish","4":"has-post-thumbnail","6":"product_cat-arabia-muggar","7":"product_cat-moominvalley-park-japan-sv","8":"product_cat-muggar-ur-produktion","9":"product_cat-muggar-utan-etikett","10":"product_cat-muggar","11":"product_cat-specialmuggar","12":"product_tag-japan-sv","13":"product_tag-muminmugg","14":"product_tag-specialmugg","15":"product_tag-utan-etikett","17":"first","18":"outofstock","19":"taxable","20":"shipping-taxable","21":"purchasable","22":"product-type-simple"},"yoast_head":"<!-- This site is optimized with the Yoast SEO plugin v27.1.1 - https:\/\/yoast.com\/product\/yoast-seo-wordpress\/ -->\n<title>Muminmugg Moominvalley Park Japan (2023) - Muumimukit Rahaksi<\/title>\n<meta name=\"description\" content=\"Arabias muminmugg Moominvalley Park Japan 2023. Muggen \u00e4r i mycket bra skick. Inga synliga fl\u00e4ckar eller vita prickar.\" \/>\n<meta name=\"robots\" content=\"index, follow, max-snippet:-1, max-image-preview:large, max-video-preview:-1\" \/>\n<link rel=\"canonical\" href=\"https:\/\/muumimukitrahaksi.fi\/sv\/produkt\/muminmugg-moominvalley-park-japan-2023\/\" \/>\n<meta property=\"og:locale\" content=\"sv_SE\" \/>\n<meta property=\"og:type\" content=\"article\" \/>\n<meta property=\"og:title\" content=\"Muminmugg Moominvalley Park Japan (2023) - Muumimukit Rahaksi\" \/>\n<meta property=\"og:description\" content=\"Arabias muminmugg Moominvalley Park Japan 2023. Muggen \u00e4r i mycket bra skick. Inga synliga fl\u00e4ckar eller vita prickar.\" \/>\n<meta property=\"og:url\" content=\"https:\/\/muumimukitrahaksi.fi\/sv\/produkt\/muminmugg-moominvalley-park-japan-2023\/\" \/>\n<meta property=\"og:site_name\" content=\"Muumimukit Rahaksi\" \/>\n<meta property=\"article:publisher\" content=\"https:\/\/www.facebook.com\/muumimukitrahaksi\/\" \/>\n<meta property=\"og:image\" content=\"https:\/\/muumimukitrahaksi.fi\/wp-content\/uploads\/2023\/02\/DSC09044.jpg\" \/>\n\t<meta property=\"og:image:width\" content=\"1000\" \/>\n\t<meta property=\"og:image:height\" content=\"1000\" \/>\n\t<meta property=\"og:image:type\" content=\"image\/jpeg\" \/>\n<meta name=\"twitter:card\" content=\"summary_large_image\" \/>\n<meta name=\"twitter:site\" content=\"@MuumitRahaksi\" \/>\n<meta name=\"twitter:label1\" content=\"Ber\u00e4knad l\u00e4stid\" \/>\n\t<meta name=\"twitter:data1\" content=\"1 minut\" \/>\n<script type=\"application\/ld+json\" class=\"yoast-schema-graph\">{\"@context\":\"https:\/\/schema.org\",\"@graph\":[{\"@type\":\"WebPage\",\"@id\":\"https:\/\/muumimukitrahaksi.fi\/sv\/produkt\/muminmugg-moominvalley-park-japan-2023\/\",\"url\":\"https:\/\/muumimukitrahaksi.fi\/sv\/produkt\/muminmugg-moominvalley-park-japan-2023\/\",\"name\":\"Muminmugg Moominvalley Park Japan (2023) - Muumimukit Rahaksi\",\"isPartOf\":{\"@id\":\"https:\/\/muumimukitrahaksi.fi\/#website\"},\"primaryImageOfPage\":{\"@id\":\"https:\/\/muumimukitrahaksi.fi\/sv\/produkt\/muminmugg-moominvalley-park-japan-2023\/#primaryimage\"},\"image\":{\"@id\":\"https:\/\/muumimukitrahaksi.fi\/sv\/produkt\/muminmugg-moominvalley-park-japan-2023\/#primaryimage\"},\"thumbnailUrl\":\"https:\/\/muumimukitrahaksi.fi\/wp-content\/uploads\/2023\/02\/DSC09044.jpg\",\"datePublished\":\"2026-01-13T07:07:53+00:00\",\"description\":\"Arabias muminmugg Moominvalley Park Japan 2023. Muggen \u00e4r i mycket bra skick. Inga synliga fl\u00e4ckar eller vita prickar.\",\"breadcrumb\":{\"@id\":\"https:\/\/muumimukitrahaksi.fi\/sv\/produkt\/muminmugg-moominvalley-park-japan-2023\/#breadcrumb\"},\"inLanguage\":\"sv-SE\",\"potentialAction\":[{\"@type\":\"ReadAction\",\"target\":[\"https:\/\/muumimukitrahaksi.fi\/sv\/produkt\/muminmugg-moominvalley-park-japan-2023\/\"]}]},{\"@type\":\"ImageObject\",\"inLanguage\":\"sv-SE\",\"@id\":\"https:\/\/muumimukitrahaksi.fi\/sv\/produkt\/muminmugg-moominvalley-park-japan-2023\/#primaryimage\",\"url\":\"https:\/\/muumimukitrahaksi.fi\/wp-content\/uploads\/2023\/02\/DSC09044.jpg\",\"contentUrl\":\"https:\/\/muumimukitrahaksi.fi\/wp-content\/uploads\/2023\/02\/DSC09044.jpg\",\"width\":1000,\"height\":1000,\"caption\":\"Muminmugg Moominvalley Park Japan 2023\"},{\"@type\":\"BreadcrumbList\",\"@id\":\"https:\/\/muumimukitrahaksi.fi\/sv\/produkt\/muminmugg-moominvalley-park-japan-2023\/#breadcrumb\",\"itemListElement\":[{\"@type\":\"ListItem\",\"position\":1,\"name\":\"Etusivu\",\"item\":\"https:\/\/muumimukitrahaksi.fi\/sv\/\"},{\"@type\":\"ListItem\",\"position\":2,\"name\":\"Butik\",\"item\":\"https:\/\/muumimukitrahaksi.fi\/sv\/butik\/\"},{\"@type\":\"ListItem\",\"position\":3,\"name\":\"Muminmugg Moominvalley Park Japan (2023)\"}]},{\"@type\":\"WebSite\",\"@id\":\"https:\/\/muumimukitrahaksi.fi\/#website\",\"url\":\"https:\/\/muumimukitrahaksi.fi\/\",\"name\":\"Muumimukit Rahaksi\",\"description\":\"Muumimukeja, -kulhoja ja -lautasia ker\u00e4ilij\u00f6ille!\",\"publisher\":{\"@id\":\"https:\/\/muumimukitrahaksi.fi\/#organization\"},\"potentialAction\":[{\"@type\":\"SearchAction\",\"target\":{\"@type\":\"EntryPoint\",\"urlTemplate\":\"https:\/\/muumimukitrahaksi.fi\/?s={search_term_string}\"},\"query-input\":{\"@type\":\"PropertyValueSpecification\",\"valueRequired\":true,\"valueName\":\"search_term_string\"}}],\"inLanguage\":\"sv-SE\"},{\"@type\":\"Organization\",\"@id\":\"https:\/\/muumimukitrahaksi.fi\/#organization\",\"name\":\"Muumimukit Rahaksi\",\"url\":\"https:\/\/muumimukitrahaksi.fi\/\",\"logo\":{\"@type\":\"ImageObject\",\"inLanguage\":\"sv-SE\",\"@id\":\"https:\/\/muumimukitrahaksi.fi\/#\/schema\/logo\/image\/\",\"url\":\"https:\/\/muumimukitrahaksi.fi\/wp-content\/uploads\/2017\/09\/logooo.jpg\",\"contentUrl\":\"https:\/\/muumimukitrahaksi.fi\/wp-content\/uploads\/2017\/09\/logooo.jpg\",\"width\":514,\"height\":514,\"caption\":\"Muumimukit Rahaksi\"},\"image\":{\"@id\":\"https:\/\/muumimukitrahaksi.fi\/#\/schema\/logo\/image\/\"},\"sameAs\":[\"https:\/\/www.facebook.com\/muumimukitrahaksi\/\",\"https:\/\/x.com\/MuumitRahaksi\",\"https:\/\/www.instagram.com\/muumimukitrahaksi\/\"]}]}<\/script>\n<!-- \/ Yoast SEO plugin. -->","yoast_head_json":{"title":"Muminmugg Moominvalley Park Japan (2023) - Muumimukit Rahaksi","description":"Arabias muminmugg Moominvalley Park Japan 2023. Muggen \u00e4r i mycket bra skick. Inga synliga fl\u00e4ckar eller vita prickar.","robots":{"index":"index","follow":"follow","max-snippet":"max-snippet:-1","max-image-preview":"max-image-preview:large","max-video-preview":"max-video-preview:-1"},"canonical":"https:\/\/muumimukitrahaksi.fi\/sv\/produkt\/muminmugg-moominvalley-park-japan-2023\/","og_locale":"sv_SE","og_type":"article","og_title":"Muminmugg Moominvalley Park Japan (2023) - Muumimukit Rahaksi","og_description":"Arabias muminmugg Moominvalley Park Japan 2023. Muggen \u00e4r i mycket bra skick. Inga synliga fl\u00e4ckar eller vita prickar.","og_url":"https:\/\/muumimukitrahaksi.fi\/sv\/produkt\/muminmugg-moominvalley-park-japan-2023\/","og_site_name":"Muumimukit Rahaksi","article_publisher":"https:\/\/www.facebook.com\/muumimukitrahaksi\/","og_image":[{"width":1000,"height":1000,"url":"https:\/\/muumimukitrahaksi.fi\/wp-content\/uploads\/2023\/02\/DSC09044.jpg","type":"image\/jpeg"}],"twitter_card":"summary_large_image","twitter_site":"@MuumitRahaksi","twitter_misc":{"Ber\u00e4knad l\u00e4stid":"1 minut"},"schema":{"@context":"https:\/\/schema.org","@graph":[{"@type":"WebPage","@id":"https:\/\/muumimukitrahaksi.fi\/sv\/produkt\/muminmugg-moominvalley-park-japan-2023\/","url":"https:\/\/muumimukitrahaksi.fi\/sv\/produkt\/muminmugg-moominvalley-park-japan-2023\/","name":"Muminmugg Moominvalley Park Japan (2023) - Muumimukit Rahaksi","isPartOf":{"@id":"https:\/\/muumimukitrahaksi.fi\/#website"},"primaryImageOfPage":{"@id":"https:\/\/muumimukitrahaksi.fi\/sv\/produkt\/muminmugg-moominvalley-park-japan-2023\/#primaryimage"},"image":{"@id":"https:\/\/muumimukitrahaksi.fi\/sv\/produkt\/muminmugg-moominvalley-park-japan-2023\/#primaryimage"},"thumbnailUrl":"https:\/\/muumimukitrahaksi.fi\/wp-content\/uploads\/2023\/02\/DSC09044.jpg","datePublished":"2026-01-13T07:07:53+00:00","description":"Arabias muminmugg Moominvalley Park Japan 2023. Muggen \u00e4r i mycket bra skick. Inga synliga fl\u00e4ckar eller vita prickar.","breadcrumb":{"@id":"https:\/\/muumimukitrahaksi.fi\/sv\/produkt\/muminmugg-moominvalley-park-japan-2023\/#breadcrumb"},"inLanguage":"sv-SE","potentialAction":[{"@type":"ReadAction","target":["https:\/\/muumimukitrahaksi.fi\/sv\/produkt\/muminmugg-moominvalley-park-japan-2023\/"]}]},{"@type":"ImageObject","inLanguage":"sv-SE","@id":"https:\/\/muumimukitrahaksi.fi\/sv\/produkt\/muminmugg-moominvalley-park-japan-2023\/#primaryimage","url":"https:\/\/muumimukitrahaksi.fi\/wp-content\/uploads\/2023\/02\/DSC09044.jpg","contentUrl":"https:\/\/muumimukitrahaksi.fi\/wp-content\/uploads\/2023\/02\/DSC09044.jpg","width":1000,"height":1000,"caption":"Muminmugg Moominvalley Park Japan 2023"},{"@type":"BreadcrumbList","@id":"https:\/\/muumimukitrahaksi.fi\/sv\/produkt\/muminmugg-moominvalley-park-japan-2023\/#breadcrumb","itemListElement":[{"@type":"ListItem","position":1,"name":"Etusivu","item":"https:\/\/muumimukitrahaksi.fi\/sv\/"},{"@type":"ListItem","position":2,"name":"Butik","item":"https:\/\/muumimukitrahaksi.fi\/sv\/butik\/"},{"@type":"ListItem","position":3,"name":"Muminmugg Moominvalley Park Japan (2023)"}]},{"@type":"WebSite","@id":"https:\/\/muumimukitrahaksi.fi\/#website","url":"https:\/\/muumimukitrahaksi.fi\/","name":"Muumimukit Rahaksi","description":"Muumimukeja, -kulhoja ja -lautasia ker\u00e4ilij\u00f6ille!","publisher":{"@id":"https:\/\/muumimukitrahaksi.fi\/#organization"},"potentialAction":[{"@type":"SearchAction","target":{"@type":"EntryPoint","urlTemplate":"https:\/\/muumimukitrahaksi.fi\/?s={search_term_string}"},"query-input":{"@type":"PropertyValueSpecification","valueRequired":true,"valueName":"search_term_string"}}],"inLanguage":"sv-SE"},{"@type":"Organization","@id":"https:\/\/muumimukitrahaksi.fi\/#organization","name":"Muumimukit Rahaksi","url":"https:\/\/muumimukitrahaksi.fi\/","logo":{"@type":"ImageObject","inLanguage":"sv-SE","@id":"https:\/\/muumimukitrahaksi.fi\/#\/schema\/logo\/image\/","url":"https:\/\/muumimukitrahaksi.fi\/wp-content\/uploads\/2017\/09\/logooo.jpg","contentUrl":"https:\/\/muumimukitrahaksi.fi\/wp-content\/uploads\/2017\/09\/logooo.jpg","width":514,"height":514,"caption":"Muumimukit Rahaksi"},"image":{"@id":"https:\/\/muumimukitrahaksi.fi\/#\/schema\/logo\/image\/"},"sameAs":["https:\/\/www.facebook.com\/muumimukitrahaksi\/","https:\/\/x.com\/MuumitRahaksi","https:\/\/www.instagram.com\/muumimukitrahaksi\/"]}]}},"_links":{"self":[{"href":"https:\/\/muumimukitrahaksi.fi\/sv\/wp-json\/wp\/v2\/product\/156034","targetHints":{"allow":["GET"]}}],"collection":[{"href":"https:\/\/muumimukitrahaksi.fi\/sv\/wp-json\/wp\/v2\/product"}],"about":[{"href":"https:\/\/muumimukitrahaksi.fi\/sv\/wp-json\/wp\/v2\/types\/product"}],"wp:featuredmedia":[{"embeddable":true,"href":"https:\/\/muumimukitrahaksi.fi\/sv\/wp-json\/wp\/v2\/media\/100686"}],"wp:attachment":[{"href":"https:\/\/muumimukitrahaksi.fi\/sv\/wp-json\/wp\/v2\/media?parent=156034"}],"wp:term":[{"taxonomy":"product_brand","embeddable":true,"href":"https:\/\/muumimukitrahaksi.fi\/sv\/wp-json\/wp\/v2\/product_brand?post=156034"},{"taxonomy":"product_cat","embeddable":true,"href":"https:\/\/muumimukitrahaksi.fi\/sv\/wp-json\/wp\/v2\/product_cat?post=156034"},{"taxonomy":"product_tag","embeddable":true,"href":"https:\/\/muumimukitrahaksi.fi\/sv\/wp-json\/wp\/v2\/product_tag?post=156034"}],"curies":[{"name":"wp","href":"https:\/\/api.w.org\/{rel}","templated":true}]}}