{"id":156061,"date":"2026-01-13T13:37:23","date_gmt":"2026-01-13T11:37:23","guid":{"rendered":"https:\/\/muumimukitrahaksi.fi\/tuote\/muminmugg-moominvalley-park-japan-1st-anniversary-2020-etikett\/"},"modified":"2026-01-19T18:43:49","modified_gmt":"2026-01-19T16:43:49","slug":"muminmugg-moominvalley-park-japan-1st-anniversary-2020-etikett","status":"publish","type":"product","link":"https:\/\/muumimukitrahaksi.fi\/sv\/produkt\/muminmugg-moominvalley-park-japan-1st-anniversary-2020-etikett\/","title":{"rendered":"Muminmugg Moominvalley Park Japan 1st Anniversary (2020) *ETIKETT*"},"content":{"rendered":"<p style=\"text-align: center;\"><strong>\u2022 Officiell Moomin Characters\u00a0 licensinnehavare \u2022 Delbetalning\/faktura \u2022 Kvalitetsgranskade produkter<\/strong><\/p>\n<p>Muminmuggen Moominvalley Park Japan \u00e4r inte en produkt av Yamaka-muggar som tillverkas i Japan, utan en produktlansering fr\u00e5n Arabia. Muggen fanns endast till f\u00f6rs\u00e4ljning p\u00e5 Moominvalley Park-temaparken i Hanno, Japan, fr\u00e5n och med den 16 mars 2019.<\/p>\n<p><strong>Moominvalley Park Japan 1st Anniversary<\/strong> -versionen av muggen lanserades \u00e5r 2020 f\u00f6r att fira Moominvalley Park-temaparkens f\u00f6rsta \u00e5rs\u00f6ppning. Skillnaderna fr\u00e5n <a href=\"https:\/\/muumimukitrahaksi.fi\/sv\/produkt\/muminmugg-moominvalley-park-japan-2019-ny\/\">den vanliga Moominvalley Park Japan-muggen <\/a>inkluderar specialtryck med &#8220;1st Anniversary&#8221; b\u00e5de p\u00e5 f\u00f6rpackningen och p\u00e5 bottenst\u00e4mpeln, samt en liten tygkasse som medf\u00f6ljer muggen. P\u00e5 grund av den globala koronapandemin var temaparken i Japan st\u00e4ngd under stora delar av \u00e5ret 2020. D\u00e4rf\u00f6r producerades endast en mycket liten och begr\u00e4nsad upplaga av 1st Anniversary-muggen. Produktionen av muggen har redan avslutats, vilket g\u00f6r att denna mugg s\u00e4kerligen kommer \u00f6ka i v\u00e4rde i framtiden.<\/p>\n<p><a href=\"https:\/\/www.youtube.com\/watch?v=fq6HFTHYweY\">Kolla videon p\u00e5 Moominvalley Park Japan -muggen p\u00e5 v\u00e5r Youtubekanal.<\/a><\/p>\n<p>Kolla in andra specialmuggar <a href=\"https:\/\/muumimukitrahaksi.fi\/sv\/produkt-avdelning\/muggar\/specialmuggar\/\">h\u00e4r.<\/a><\/p>\n<p>Har du en Moominvalley Park Japan 1st Anniversary muminmugg och vill s\u00e4lja den? Vi k\u00f6per ocks\u00e5 muminmuggar. Klicka <a href=\"https:\/\/muumimukitrahaksi.fi\/en\/sell-moomin\/\">h\u00e4r<\/a>, fyll i formul\u00e4ret och f\u00e5 en offert samma dag.<\/p>\n","protected":false},"excerpt":{"rendered":"<p style=\"text-align: center;\"><strong>H\u00f6gklassiga varor \u2022 Snabb leverans<\/strong><\/p>\n<p>Arabias muminmugg Moominvalley Park Japan 1st anniversary (ur produktion).<strong>\u00a0<\/strong>Muggen sl\u00e4pptes \u00e5r 2020 f\u00f6r att fira Moominvalley Park-temaparkens f\u00f6rsta \u00e5rs\u00f6ppning. Muggen har endast s\u00e5lts i parken. P\u00e5 grund av den globala koronapandemin var parken st\u00e4ngd under stora delar av \u00e5ret 2020, vilket resulterade i mycket l\u00e5g produktion av muggen. <strong>Muggen \u00e4r ur produktion och finns inte l\u00e4ngre till salu i temaparken. <\/strong> Muggen \u00e4r ny och har etiketten kvar. Muggen <strong>kommer inte<\/strong> i sin ursprungliga presentf\u00f6rpackning.\u00a0Muggarna packas med omsorg och f\u00f6rnybara material.<\/p>\n<p style=\"text-align: center;\"><strong>\u2022 S\u00e4kra betalningss\u00e4tt<\/strong><\/p>\n<p><img loading=\"lazy\" decoding=\"async\" class=\"aligncenter wp-image-20415 size-full\" src=\"https:\/\/muumimukitrahaksi.fi\/wp-content\/uploads\/2020\/06\/maksutavat-2026-pieni-eng.png\" alt=\"Payment options\" width=\"350\" height=\"200\" \/><\/p>\n","protected":false},"featured_media":100694,"template":"","meta":[],"product_brand":[],"product_cat":[537,541,544,547,534,538],"product_tag":[574,626,597,568],"class_list":{"0":"post-156061","1":"product","2":"type-product","3":"status-publish","4":"has-post-thumbnail","6":"product_cat-arabia-muggar","7":"product_cat-moominvalley-park-japan-sv","8":"product_cat-muggar-med-etikett","9":"product_cat-muggar-ur-produktion","10":"product_cat-muggar","11":"product_cat-specialmuggar","12":"product_tag-japan-sv","13":"product_tag-med-etikett","14":"product_tag-muminmugg","15":"product_tag-specialmugg","17":"first","18":"instock","19":"taxable","20":"shipping-taxable","21":"purchasable","22":"product-type-simple"},"yoast_head":"<!-- This site is optimized with the Yoast SEO plugin v27.1.1 - https:\/\/yoast.com\/product\/yoast-seo-wordpress\/ -->\n<title>Muminmugg Moominvalley Park Japan 1st Anniversary (2020) *ETIKETT* - Muumimukit Rahaksi<\/title>\n<meta name=\"description\" content=\"Arabias muminmugg Moominvalley Park Japan 1st anniversary (ur produktion).\u00a0Muggen sl\u00e4pptes \u00e5r 2020 f\u00f6r att fira Moominvalley Park-temaparkens f\u00f6rsta \u00e5rs\u00f6ppning.\" \/>\n<meta name=\"robots\" content=\"index, follow, max-snippet:-1, max-image-preview:large, max-video-preview:-1\" \/>\n<link rel=\"canonical\" href=\"https:\/\/muumimukitrahaksi.fi\/sv\/produkt\/muminmugg-moominvalley-park-japan-1st-anniversary-2020-etikett\/\" \/>\n<meta property=\"og:locale\" content=\"sv_SE\" \/>\n<meta property=\"og:type\" content=\"article\" \/>\n<meta property=\"og:title\" content=\"Muminmugg Moominvalley Park Japan 1st Anniversary (2020) *ETIKETT* - Muumimukit Rahaksi\" \/>\n<meta property=\"og:description\" content=\"Arabias muminmugg Moominvalley Park Japan 1st anniversary (ur produktion).\u00a0Muggen sl\u00e4pptes \u00e5r 2020 f\u00f6r att fira Moominvalley Park-temaparkens f\u00f6rsta \u00e5rs\u00f6ppning.\" \/>\n<meta property=\"og:url\" content=\"https:\/\/muumimukitrahaksi.fi\/sv\/produkt\/muminmugg-moominvalley-park-japan-1st-anniversary-2020-etikett\/\" \/>\n<meta property=\"og:site_name\" content=\"Muumimukit Rahaksi\" \/>\n<meta property=\"article:publisher\" content=\"https:\/\/www.facebook.com\/muumimukitrahaksi\/\" \/>\n<meta property=\"article:modified_time\" content=\"2026-01-19T16:43:49+00:00\" \/>\n<meta property=\"og:image\" content=\"https:\/\/muumimukitrahaksi.fi\/wp-content\/uploads\/2021\/02\/DSC03775.jpg\" \/>\n\t<meta property=\"og:image:width\" content=\"1000\" \/>\n\t<meta property=\"og:image:height\" content=\"1000\" \/>\n\t<meta property=\"og:image:type\" content=\"image\/jpeg\" \/>\n<meta name=\"twitter:card\" content=\"summary_large_image\" \/>\n<meta name=\"twitter:site\" content=\"@MuumitRahaksi\" \/>\n<meta name=\"twitter:label1\" content=\"Ber\u00e4knad l\u00e4stid\" \/>\n\t<meta name=\"twitter:data1\" content=\"1 minut\" \/>\n<script type=\"application\/ld+json\" class=\"yoast-schema-graph\">{\"@context\":\"https:\/\/schema.org\",\"@graph\":[{\"@type\":\"WebPage\",\"@id\":\"https:\/\/muumimukitrahaksi.fi\/sv\/produkt\/muminmugg-moominvalley-park-japan-1st-anniversary-2020-etikett\/\",\"url\":\"https:\/\/muumimukitrahaksi.fi\/sv\/produkt\/muminmugg-moominvalley-park-japan-1st-anniversary-2020-etikett\/\",\"name\":\"Muminmugg Moominvalley Park Japan 1st Anniversary (2020) *ETIKETT* - Muumimukit Rahaksi\",\"isPartOf\":{\"@id\":\"https:\/\/muumimukitrahaksi.fi\/#website\"},\"primaryImageOfPage\":{\"@id\":\"https:\/\/muumimukitrahaksi.fi\/sv\/produkt\/muminmugg-moominvalley-park-japan-1st-anniversary-2020-etikett\/#primaryimage\"},\"image\":{\"@id\":\"https:\/\/muumimukitrahaksi.fi\/sv\/produkt\/muminmugg-moominvalley-park-japan-1st-anniversary-2020-etikett\/#primaryimage\"},\"thumbnailUrl\":\"https:\/\/muumimukitrahaksi.fi\/wp-content\/uploads\/2021\/02\/DSC03775.jpg\",\"datePublished\":\"2026-01-13T11:37:23+00:00\",\"dateModified\":\"2026-01-19T16:43:49+00:00\",\"description\":\"Arabias muminmugg Moominvalley Park Japan 1st anniversary (ur produktion).\u00a0Muggen sl\u00e4pptes \u00e5r 2020 f\u00f6r att fira Moominvalley Park-temaparkens f\u00f6rsta \u00e5rs\u00f6ppning.\",\"breadcrumb\":{\"@id\":\"https:\/\/muumimukitrahaksi.fi\/sv\/produkt\/muminmugg-moominvalley-park-japan-1st-anniversary-2020-etikett\/#breadcrumb\"},\"inLanguage\":\"sv-SE\",\"potentialAction\":[{\"@type\":\"ReadAction\",\"target\":[\"https:\/\/muumimukitrahaksi.fi\/sv\/produkt\/muminmugg-moominvalley-park-japan-1st-anniversary-2020-etikett\/\"]}]},{\"@type\":\"ImageObject\",\"inLanguage\":\"sv-SE\",\"@id\":\"https:\/\/muumimukitrahaksi.fi\/sv\/produkt\/muminmugg-moominvalley-park-japan-1st-anniversary-2020-etikett\/#primaryimage\",\"url\":\"https:\/\/muumimukitrahaksi.fi\/wp-content\/uploads\/2021\/02\/DSC03775.jpg\",\"contentUrl\":\"https:\/\/muumimukitrahaksi.fi\/wp-content\/uploads\/2021\/02\/DSC03775.jpg\",\"width\":1000,\"height\":1000,\"caption\":\"Muminmugg Moominvalley Park Japan 1st Anniversary\"},{\"@type\":\"BreadcrumbList\",\"@id\":\"https:\/\/muumimukitrahaksi.fi\/sv\/produkt\/muminmugg-moominvalley-park-japan-1st-anniversary-2020-etikett\/#breadcrumb\",\"itemListElement\":[{\"@type\":\"ListItem\",\"position\":1,\"name\":\"Etusivu\",\"item\":\"https:\/\/muumimukitrahaksi.fi\/sv\/\"},{\"@type\":\"ListItem\",\"position\":2,\"name\":\"Butik\",\"item\":\"https:\/\/muumimukitrahaksi.fi\/sv\/butik\/\"},{\"@type\":\"ListItem\",\"position\":3,\"name\":\"Muminmugg Moominvalley Park Japan 1st Anniversary (2020) *ETIKETT*\"}]},{\"@type\":\"WebSite\",\"@id\":\"https:\/\/muumimukitrahaksi.fi\/#website\",\"url\":\"https:\/\/muumimukitrahaksi.fi\/\",\"name\":\"Muumimukit Rahaksi\",\"description\":\"Muumimukeja, -kulhoja ja -lautasia ker\u00e4ilij\u00f6ille!\",\"publisher\":{\"@id\":\"https:\/\/muumimukitrahaksi.fi\/#organization\"},\"potentialAction\":[{\"@type\":\"SearchAction\",\"target\":{\"@type\":\"EntryPoint\",\"urlTemplate\":\"https:\/\/muumimukitrahaksi.fi\/?s={search_term_string}\"},\"query-input\":{\"@type\":\"PropertyValueSpecification\",\"valueRequired\":true,\"valueName\":\"search_term_string\"}}],\"inLanguage\":\"sv-SE\"},{\"@type\":\"Organization\",\"@id\":\"https:\/\/muumimukitrahaksi.fi\/#organization\",\"name\":\"Muumimukit Rahaksi\",\"url\":\"https:\/\/muumimukitrahaksi.fi\/\",\"logo\":{\"@type\":\"ImageObject\",\"inLanguage\":\"sv-SE\",\"@id\":\"https:\/\/muumimukitrahaksi.fi\/#\/schema\/logo\/image\/\",\"url\":\"https:\/\/muumimukitrahaksi.fi\/wp-content\/uploads\/2017\/09\/logooo.jpg\",\"contentUrl\":\"https:\/\/muumimukitrahaksi.fi\/wp-content\/uploads\/2017\/09\/logooo.jpg\",\"width\":514,\"height\":514,\"caption\":\"Muumimukit Rahaksi\"},\"image\":{\"@id\":\"https:\/\/muumimukitrahaksi.fi\/#\/schema\/logo\/image\/\"},\"sameAs\":[\"https:\/\/www.facebook.com\/muumimukitrahaksi\/\",\"https:\/\/x.com\/MuumitRahaksi\",\"https:\/\/www.instagram.com\/muumimukitrahaksi\/\"]}]}<\/script>\n<!-- \/ Yoast SEO plugin. -->","yoast_head_json":{"title":"Muminmugg Moominvalley Park Japan 1st Anniversary (2020) *ETIKETT* - Muumimukit Rahaksi","description":"Arabias muminmugg Moominvalley Park Japan 1st anniversary (ur produktion).\u00a0Muggen sl\u00e4pptes \u00e5r 2020 f\u00f6r att fira Moominvalley Park-temaparkens f\u00f6rsta \u00e5rs\u00f6ppning.","robots":{"index":"index","follow":"follow","max-snippet":"max-snippet:-1","max-image-preview":"max-image-preview:large","max-video-preview":"max-video-preview:-1"},"canonical":"https:\/\/muumimukitrahaksi.fi\/sv\/produkt\/muminmugg-moominvalley-park-japan-1st-anniversary-2020-etikett\/","og_locale":"sv_SE","og_type":"article","og_title":"Muminmugg Moominvalley Park Japan 1st Anniversary (2020) *ETIKETT* - Muumimukit Rahaksi","og_description":"Arabias muminmugg Moominvalley Park Japan 1st anniversary (ur produktion).\u00a0Muggen sl\u00e4pptes \u00e5r 2020 f\u00f6r att fira Moominvalley Park-temaparkens f\u00f6rsta \u00e5rs\u00f6ppning.","og_url":"https:\/\/muumimukitrahaksi.fi\/sv\/produkt\/muminmugg-moominvalley-park-japan-1st-anniversary-2020-etikett\/","og_site_name":"Muumimukit Rahaksi","article_publisher":"https:\/\/www.facebook.com\/muumimukitrahaksi\/","article_modified_time":"2026-01-19T16:43:49+00:00","og_image":[{"width":1000,"height":1000,"url":"https:\/\/muumimukitrahaksi.fi\/wp-content\/uploads\/2021\/02\/DSC03775.jpg","type":"image\/jpeg"}],"twitter_card":"summary_large_image","twitter_site":"@MuumitRahaksi","twitter_misc":{"Ber\u00e4knad l\u00e4stid":"1 minut"},"schema":{"@context":"https:\/\/schema.org","@graph":[{"@type":"WebPage","@id":"https:\/\/muumimukitrahaksi.fi\/sv\/produkt\/muminmugg-moominvalley-park-japan-1st-anniversary-2020-etikett\/","url":"https:\/\/muumimukitrahaksi.fi\/sv\/produkt\/muminmugg-moominvalley-park-japan-1st-anniversary-2020-etikett\/","name":"Muminmugg Moominvalley Park Japan 1st Anniversary (2020) *ETIKETT* - Muumimukit Rahaksi","isPartOf":{"@id":"https:\/\/muumimukitrahaksi.fi\/#website"},"primaryImageOfPage":{"@id":"https:\/\/muumimukitrahaksi.fi\/sv\/produkt\/muminmugg-moominvalley-park-japan-1st-anniversary-2020-etikett\/#primaryimage"},"image":{"@id":"https:\/\/muumimukitrahaksi.fi\/sv\/produkt\/muminmugg-moominvalley-park-japan-1st-anniversary-2020-etikett\/#primaryimage"},"thumbnailUrl":"https:\/\/muumimukitrahaksi.fi\/wp-content\/uploads\/2021\/02\/DSC03775.jpg","datePublished":"2026-01-13T11:37:23+00:00","dateModified":"2026-01-19T16:43:49+00:00","description":"Arabias muminmugg Moominvalley Park Japan 1st anniversary (ur produktion).\u00a0Muggen sl\u00e4pptes \u00e5r 2020 f\u00f6r att fira Moominvalley Park-temaparkens f\u00f6rsta \u00e5rs\u00f6ppning.","breadcrumb":{"@id":"https:\/\/muumimukitrahaksi.fi\/sv\/produkt\/muminmugg-moominvalley-park-japan-1st-anniversary-2020-etikett\/#breadcrumb"},"inLanguage":"sv-SE","potentialAction":[{"@type":"ReadAction","target":["https:\/\/muumimukitrahaksi.fi\/sv\/produkt\/muminmugg-moominvalley-park-japan-1st-anniversary-2020-etikett\/"]}]},{"@type":"ImageObject","inLanguage":"sv-SE","@id":"https:\/\/muumimukitrahaksi.fi\/sv\/produkt\/muminmugg-moominvalley-park-japan-1st-anniversary-2020-etikett\/#primaryimage","url":"https:\/\/muumimukitrahaksi.fi\/wp-content\/uploads\/2021\/02\/DSC03775.jpg","contentUrl":"https:\/\/muumimukitrahaksi.fi\/wp-content\/uploads\/2021\/02\/DSC03775.jpg","width":1000,"height":1000,"caption":"Muminmugg Moominvalley Park Japan 1st Anniversary"},{"@type":"BreadcrumbList","@id":"https:\/\/muumimukitrahaksi.fi\/sv\/produkt\/muminmugg-moominvalley-park-japan-1st-anniversary-2020-etikett\/#breadcrumb","itemListElement":[{"@type":"ListItem","position":1,"name":"Etusivu","item":"https:\/\/muumimukitrahaksi.fi\/sv\/"},{"@type":"ListItem","position":2,"name":"Butik","item":"https:\/\/muumimukitrahaksi.fi\/sv\/butik\/"},{"@type":"ListItem","position":3,"name":"Muminmugg Moominvalley Park Japan 1st Anniversary (2020) *ETIKETT*"}]},{"@type":"WebSite","@id":"https:\/\/muumimukitrahaksi.fi\/#website","url":"https:\/\/muumimukitrahaksi.fi\/","name":"Muumimukit Rahaksi","description":"Muumimukeja, -kulhoja ja -lautasia ker\u00e4ilij\u00f6ille!","publisher":{"@id":"https:\/\/muumimukitrahaksi.fi\/#organization"},"potentialAction":[{"@type":"SearchAction","target":{"@type":"EntryPoint","urlTemplate":"https:\/\/muumimukitrahaksi.fi\/?s={search_term_string}"},"query-input":{"@type":"PropertyValueSpecification","valueRequired":true,"valueName":"search_term_string"}}],"inLanguage":"sv-SE"},{"@type":"Organization","@id":"https:\/\/muumimukitrahaksi.fi\/#organization","name":"Muumimukit Rahaksi","url":"https:\/\/muumimukitrahaksi.fi\/","logo":{"@type":"ImageObject","inLanguage":"sv-SE","@id":"https:\/\/muumimukitrahaksi.fi\/#\/schema\/logo\/image\/","url":"https:\/\/muumimukitrahaksi.fi\/wp-content\/uploads\/2017\/09\/logooo.jpg","contentUrl":"https:\/\/muumimukitrahaksi.fi\/wp-content\/uploads\/2017\/09\/logooo.jpg","width":514,"height":514,"caption":"Muumimukit Rahaksi"},"image":{"@id":"https:\/\/muumimukitrahaksi.fi\/#\/schema\/logo\/image\/"},"sameAs":["https:\/\/www.facebook.com\/muumimukitrahaksi\/","https:\/\/x.com\/MuumitRahaksi","https:\/\/www.instagram.com\/muumimukitrahaksi\/"]}]}},"_links":{"self":[{"href":"https:\/\/muumimukitrahaksi.fi\/sv\/wp-json\/wp\/v2\/product\/156061","targetHints":{"allow":["GET"]}}],"collection":[{"href":"https:\/\/muumimukitrahaksi.fi\/sv\/wp-json\/wp\/v2\/product"}],"about":[{"href":"https:\/\/muumimukitrahaksi.fi\/sv\/wp-json\/wp\/v2\/types\/product"}],"wp:featuredmedia":[{"embeddable":true,"href":"https:\/\/muumimukitrahaksi.fi\/sv\/wp-json\/wp\/v2\/media\/100694"}],"wp:attachment":[{"href":"https:\/\/muumimukitrahaksi.fi\/sv\/wp-json\/wp\/v2\/media?parent=156061"}],"wp:term":[{"taxonomy":"product_brand","embeddable":true,"href":"https:\/\/muumimukitrahaksi.fi\/sv\/wp-json\/wp\/v2\/product_brand?post=156061"},{"taxonomy":"product_cat","embeddable":true,"href":"https:\/\/muumimukitrahaksi.fi\/sv\/wp-json\/wp\/v2\/product_cat?post=156061"},{"taxonomy":"product_tag","embeddable":true,"href":"https:\/\/muumimukitrahaksi.fi\/sv\/wp-json\/wp\/v2\/product_tag?post=156061"}],"curies":[{"name":"wp","href":"https:\/\/api.w.org\/{rel}","templated":true}]}}