{"id":157538,"date":"2026-01-26T10:17:53","date_gmt":"2026-01-26T08:17:53","guid":{"rendered":"https:\/\/muumimukitrahaksi.fi\/tuote\/mumin-dricksglas-vilopaus-2024\/"},"modified":"2026-01-26T10:17:53","modified_gmt":"2026-01-26T08:17:53","slug":"mumin-dricksglas-vilopaus-2024","status":"publish","type":"product","link":"https:\/\/muumimukitrahaksi.fi\/sv\/produkt\/mumin-dricksglas-vilopaus-2024\/","title":{"rendered":"Mumin dricksglas Vilopaus (2024-)"},"content":{"rendered":"<p style=\"text-align: center;\"><strong>\u2022 Officiell Moomin Characters\u00a0 licensinnehavare \u2022 Delbetalning\/faktura \u2022 Kvalitetsgranskade produkter<\/strong><\/p>\n<p><strong>Mumin dricksglas Vilopaus.<\/strong> Dricksglaset \u00e4r cirka 9 cm h\u00f6gt och rymmer 2,2 dl. <span class=\"YPkS7KbdpWfGdYKd3QB9\" data-src-align=\"7:13\">I Moomin Arabias<\/span>\u00a0<span class=\"YPkS7KbdpWfGdYKd3QB9\" data-src-align=\"23:5\">glas<\/span> <span class=\"YPkS7KbdpWfGdYKd3QB9\" data-src-align=\"35:5\">visar<\/span> <span class=\"YPkS7KbdpWfGdYKd3QB9\" data-src-align=\"43:4\">en varm<\/span> <span class=\"YPkS7KbdpWfGdYKd3QB9\" data-src-align=\"48:6\">sommardag<\/span> <span class=\"YPkS7KbdpWfGdYKd3QB9\" data-src-align=\"59:3\">och<\/span> <span class=\"YPkS7KbdpWfGdYKd3QB9\" data-src-align=\"67:6\">Muminfamiljen<\/span> <span class=\"YPkS7KbdpWfGdYKd3QB9\" data-src-align=\"81:8\">sover<\/span> <span class=\"YPkS7KbdpWfGdYKd3QB9\" data-src-align=\"90:2\">i<\/span> <span class=\"YPkS7KbdpWfGdYKd3QB9\" data-src-align=\"97:6\">tr\u00e4dg\u00e5rden<\/span>. <span class=\"YPkS7KbdpWfGdYKd3QB9\" data-src-align=\"105:11\">Mumintrollet<\/span> <span class=\"YPkS7KbdpWfGdYKd3QB9\" data-src-align=\"121:23\">och Snorkfr\u00f6ken \u00e4r inslagna<\/span> <span class=\"YPkS7KbdpWfGdYKd3QB9\" data-src-align=\"145:5\">under<\/span> <span class=\"YPkS7KbdpWfGdYKd3QB9\" data-src-align=\"160:7\">samma filt<\/span>, <span class=\"YPkS7KbdpWfGdYKd3QB9\" data-src-align=\"173:11\">och Muminpappan<\/span> <span class=\"YPkS7KbdpWfGdYKd3QB9\" data-src-align=\"188:2\">\u00e4r i<\/span> <span class=\"YPkS7KbdpWfGdYKd3QB9\" data-src-align=\"195:7\">sin h\u00e4ngmatta<\/span>. <span class=\"YPkS7KbdpWfGdYKd3QB9\" data-src-align=\"213:3\">N\u00e4r solen<\/span> <span class=\"YPkS7KbdpWfGdYKd3QB9\" data-src-align=\"217:4\">g\u00e5r<\/span> <span class=\"YPkS7KbdpWfGdYKd3QB9\" data-src-align=\"240:21\">ner kommer ingen att oroa sig f\u00f6r imorgon.<\/span> <span class=\"YPkS7KbdpWfGdYKd3QB9\" data-src-align=\"266:7\">Konstverket<\/span> <span class=\"YPkS7KbdpWfGdYKd3QB9\" data-src-align=\"277:5\">\u00e4r baserat<\/span> <span class=\"YPkS7KbdpWfGdYKd3QB9\" data-src-align=\"286:98\">p\u00e5 Janssons <\/span>Mumindalen blir en djungel-komik och har setts under sommars\u00e4songen 2020 &#8220;Vilopaus&#8221;.<\/p>\n<p>Glaset \u00e4r designat speciellt f\u00f6r barn. Glaset \u00e4r smalare nedtill och passar bra \u00e4ven i sm\u00e5 h\u00e4nder. Tyngdpunkten p\u00e5 glaset \u00e4r ocks\u00e5 l\u00e4gre, vilket g\u00f6r det stadigare \u00e4n vanligt och mindre ben\u00e4get att v\u00e4lta. Dricksglasen kan smidigt staplas p\u00e5 varann och ger gl\u00e4dje med sina insiktsfulla illustrationer. Illustrationerna har ett vattendrag som tema, vilket f\u00e5r nya betydelser beroende p\u00e5 f\u00e4rgen p\u00e5 v\u00e4tskan i glaset. Dricksglasen, som passar till b\u00e5de vardag och fest, \u00e4r illustrerade med organiska f\u00e4rger som t\u00e5l vardagsbruk och maskindisk.<\/p>\n<p>Kolla in andra dricksglas <a href=\"https:\/\/muumimukitrahaksi.fi\/sv\/produkt-avdelning\/ovriga-produkter\/dricksglas\/\">h\u00e4r.<\/a><\/p>\n<p>Har du Mumin dricksglaset Tr\u00e4dg\u00e5rdsfest och vill s\u00e4lja det? Vi k\u00f6per ocks\u00e5 dricksglas. Klicka <a href=\"https:\/\/muumimukitrahaksi.fi\/en\/sell-moomin\/\">h\u00e4r<\/a>, fyll i formul\u00e4ret och f\u00e5 en offert samma dag.<\/p>\n","protected":false},"excerpt":{"rendered":"<p style=\"text-align: center;\"><strong>\u2022 H\u00f6gklassiga varor \u2022 Snabb leverans<\/strong><\/p>\n<p>Moomin Arabias dricksglas Vilopaus. Dricksglaset \u00e4r i mycket bra skick. Det kan f\u00f6rekomma sm\u00e5 sp\u00e5r av normal anv\u00e4ndning p\u00e5 dricksglaset. Glasen packas med omsorg och f\u00f6rnybara material.<\/p>\n<p style=\"text-align: center;\"><strong>\u2022 S\u00e4kra betalningss\u00e4tt<\/strong><\/p>\n<p><img loading=\"lazy\" decoding=\"async\" class=\"aligncenter wp-image-20415 size-full\" src=\"https:\/\/muumimukitrahaksi.fi\/wp-content\/uploads\/2020\/06\/maksutavat-2026-pieni-eng.png\" alt=\"Payment options\" width=\"350\" height=\"200\" \/><\/p>\n","protected":false},"featured_media":156574,"template":"","meta":[],"product_brand":[],"product_cat":[551,548],"product_tag":[578,627],"class_list":{"0":"post-157538","1":"product","2":"type-product","3":"status-publish","4":"has-post-thumbnail","6":"product_cat-dricksglas","7":"product_cat-ovriga-produkter","8":"product_tag-dricksglas","9":"product_tag-utan-etikett","11":"first","12":"instock","13":"taxable","14":"shipping-taxable","15":"purchasable","16":"product-type-simple"},"yoast_head":"<!-- This site is optimized with the Yoast SEO plugin v27.1.1 - https:\/\/yoast.com\/product\/yoast-seo-wordpress\/ -->\n<title>Mumin dricksglas Vilopaus (2024-) - Muumimukit Rahaksi<\/title>\n<meta name=\"description\" content=\"Moomin Arabias dricksglas Vilopaus. Dricksglaset \u00e4r i mycket bra skick. Det kan f\u00f6rekomma sm\u00e5 sp\u00e5r av normal anv\u00e4ndning p\u00e5 dricksglaset.\" \/>\n<meta name=\"robots\" content=\"index, follow, max-snippet:-1, max-image-preview:large, max-video-preview:-1\" \/>\n<link rel=\"canonical\" href=\"https:\/\/muumimukitrahaksi.fi\/sv\/produkt\/mumin-dricksglas-vilopaus-2024\/\" \/>\n<meta property=\"og:locale\" content=\"sv_SE\" \/>\n<meta property=\"og:type\" content=\"article\" \/>\n<meta property=\"og:title\" content=\"Mumin dricksglas Vilopaus (2024-) - Muumimukit Rahaksi\" \/>\n<meta property=\"og:description\" content=\"Moomin Arabias dricksglas Vilopaus. Dricksglaset \u00e4r i mycket bra skick. Det kan f\u00f6rekomma sm\u00e5 sp\u00e5r av normal anv\u00e4ndning p\u00e5 dricksglaset.\" \/>\n<meta property=\"og:url\" content=\"https:\/\/muumimukitrahaksi.fi\/sv\/produkt\/mumin-dricksglas-vilopaus-2024\/\" \/>\n<meta property=\"og:site_name\" content=\"Muumimukit Rahaksi\" \/>\n<meta property=\"article:publisher\" content=\"https:\/\/www.facebook.com\/muumimukitrahaksi\/\" \/>\n<meta property=\"og:image\" content=\"https:\/\/muumimukitrahaksi.fi\/wp-content\/uploads\/2026\/01\/DSC04348.jpg\" \/>\n\t<meta property=\"og:image:width\" content=\"1000\" \/>\n\t<meta property=\"og:image:height\" content=\"1000\" \/>\n\t<meta property=\"og:image:type\" content=\"image\/jpeg\" \/>\n<meta name=\"twitter:card\" content=\"summary_large_image\" \/>\n<meta name=\"twitter:site\" content=\"@MuumitRahaksi\" \/>\n<meta name=\"twitter:label1\" content=\"Ber\u00e4knad l\u00e4stid\" \/>\n\t<meta name=\"twitter:data1\" content=\"1 minut\" \/>\n<script type=\"application\/ld+json\" class=\"yoast-schema-graph\">{\"@context\":\"https:\/\/schema.org\",\"@graph\":[{\"@type\":\"WebPage\",\"@id\":\"https:\/\/muumimukitrahaksi.fi\/sv\/produkt\/mumin-dricksglas-vilopaus-2024\/\",\"url\":\"https:\/\/muumimukitrahaksi.fi\/sv\/produkt\/mumin-dricksglas-vilopaus-2024\/\",\"name\":\"Mumin dricksglas Vilopaus (2024-) - Muumimukit Rahaksi\",\"isPartOf\":{\"@id\":\"https:\/\/muumimukitrahaksi.fi\/#website\"},\"primaryImageOfPage\":{\"@id\":\"https:\/\/muumimukitrahaksi.fi\/sv\/produkt\/mumin-dricksglas-vilopaus-2024\/#primaryimage\"},\"image\":{\"@id\":\"https:\/\/muumimukitrahaksi.fi\/sv\/produkt\/mumin-dricksglas-vilopaus-2024\/#primaryimage\"},\"thumbnailUrl\":\"https:\/\/muumimukitrahaksi.fi\/wp-content\/uploads\/2026\/01\/DSC04348.jpg\",\"datePublished\":\"2026-01-26T08:17:53+00:00\",\"description\":\"Moomin Arabias dricksglas Vilopaus. Dricksglaset \u00e4r i mycket bra skick. Det kan f\u00f6rekomma sm\u00e5 sp\u00e5r av normal anv\u00e4ndning p\u00e5 dricksglaset.\",\"breadcrumb\":{\"@id\":\"https:\/\/muumimukitrahaksi.fi\/sv\/produkt\/mumin-dricksglas-vilopaus-2024\/#breadcrumb\"},\"inLanguage\":\"sv-SE\",\"potentialAction\":[{\"@type\":\"ReadAction\",\"target\":[\"https:\/\/muumimukitrahaksi.fi\/sv\/produkt\/mumin-dricksglas-vilopaus-2024\/\"]}]},{\"@type\":\"ImageObject\",\"inLanguage\":\"sv-SE\",\"@id\":\"https:\/\/muumimukitrahaksi.fi\/sv\/produkt\/mumin-dricksglas-vilopaus-2024\/#primaryimage\",\"url\":\"https:\/\/muumimukitrahaksi.fi\/wp-content\/uploads\/2026\/01\/DSC04348.jpg\",\"contentUrl\":\"https:\/\/muumimukitrahaksi.fi\/wp-content\/uploads\/2026\/01\/DSC04348.jpg\",\"width\":1000,\"height\":1000,\"caption\":\"Mumin dricksglas Vilopaus\"},{\"@type\":\"BreadcrumbList\",\"@id\":\"https:\/\/muumimukitrahaksi.fi\/sv\/produkt\/mumin-dricksglas-vilopaus-2024\/#breadcrumb\",\"itemListElement\":[{\"@type\":\"ListItem\",\"position\":1,\"name\":\"Etusivu\",\"item\":\"https:\/\/muumimukitrahaksi.fi\/sv\/\"},{\"@type\":\"ListItem\",\"position\":2,\"name\":\"Butik\",\"item\":\"https:\/\/muumimukitrahaksi.fi\/sv\/butik\/\"},{\"@type\":\"ListItem\",\"position\":3,\"name\":\"Mumin dricksglas Vilopaus (2024-)\"}]},{\"@type\":\"WebSite\",\"@id\":\"https:\/\/muumimukitrahaksi.fi\/#website\",\"url\":\"https:\/\/muumimukitrahaksi.fi\/\",\"name\":\"Muumimukit Rahaksi\",\"description\":\"Muumimukeja, -kulhoja ja -lautasia ker\u00e4ilij\u00f6ille!\",\"publisher\":{\"@id\":\"https:\/\/muumimukitrahaksi.fi\/#organization\"},\"potentialAction\":[{\"@type\":\"SearchAction\",\"target\":{\"@type\":\"EntryPoint\",\"urlTemplate\":\"https:\/\/muumimukitrahaksi.fi\/?s={search_term_string}\"},\"query-input\":{\"@type\":\"PropertyValueSpecification\",\"valueRequired\":true,\"valueName\":\"search_term_string\"}}],\"inLanguage\":\"sv-SE\"},{\"@type\":\"Organization\",\"@id\":\"https:\/\/muumimukitrahaksi.fi\/#organization\",\"name\":\"Muumimukit Rahaksi\",\"url\":\"https:\/\/muumimukitrahaksi.fi\/\",\"logo\":{\"@type\":\"ImageObject\",\"inLanguage\":\"sv-SE\",\"@id\":\"https:\/\/muumimukitrahaksi.fi\/#\/schema\/logo\/image\/\",\"url\":\"https:\/\/muumimukitrahaksi.fi\/wp-content\/uploads\/2017\/09\/logooo.jpg\",\"contentUrl\":\"https:\/\/muumimukitrahaksi.fi\/wp-content\/uploads\/2017\/09\/logooo.jpg\",\"width\":514,\"height\":514,\"caption\":\"Muumimukit Rahaksi\"},\"image\":{\"@id\":\"https:\/\/muumimukitrahaksi.fi\/#\/schema\/logo\/image\/\"},\"sameAs\":[\"https:\/\/www.facebook.com\/muumimukitrahaksi\/\",\"https:\/\/x.com\/MuumitRahaksi\",\"https:\/\/www.instagram.com\/muumimukitrahaksi\/\"]}]}<\/script>\n<!-- \/ Yoast SEO plugin. -->","yoast_head_json":{"title":"Mumin dricksglas Vilopaus (2024-) - Muumimukit Rahaksi","description":"Moomin Arabias dricksglas Vilopaus. Dricksglaset \u00e4r i mycket bra skick. Det kan f\u00f6rekomma sm\u00e5 sp\u00e5r av normal anv\u00e4ndning p\u00e5 dricksglaset.","robots":{"index":"index","follow":"follow","max-snippet":"max-snippet:-1","max-image-preview":"max-image-preview:large","max-video-preview":"max-video-preview:-1"},"canonical":"https:\/\/muumimukitrahaksi.fi\/sv\/produkt\/mumin-dricksglas-vilopaus-2024\/","og_locale":"sv_SE","og_type":"article","og_title":"Mumin dricksglas Vilopaus (2024-) - Muumimukit Rahaksi","og_description":"Moomin Arabias dricksglas Vilopaus. Dricksglaset \u00e4r i mycket bra skick. Det kan f\u00f6rekomma sm\u00e5 sp\u00e5r av normal anv\u00e4ndning p\u00e5 dricksglaset.","og_url":"https:\/\/muumimukitrahaksi.fi\/sv\/produkt\/mumin-dricksglas-vilopaus-2024\/","og_site_name":"Muumimukit Rahaksi","article_publisher":"https:\/\/www.facebook.com\/muumimukitrahaksi\/","og_image":[{"width":1000,"height":1000,"url":"https:\/\/muumimukitrahaksi.fi\/wp-content\/uploads\/2026\/01\/DSC04348.jpg","type":"image\/jpeg"}],"twitter_card":"summary_large_image","twitter_site":"@MuumitRahaksi","twitter_misc":{"Ber\u00e4knad l\u00e4stid":"1 minut"},"schema":{"@context":"https:\/\/schema.org","@graph":[{"@type":"WebPage","@id":"https:\/\/muumimukitrahaksi.fi\/sv\/produkt\/mumin-dricksglas-vilopaus-2024\/","url":"https:\/\/muumimukitrahaksi.fi\/sv\/produkt\/mumin-dricksglas-vilopaus-2024\/","name":"Mumin dricksglas Vilopaus (2024-) - Muumimukit Rahaksi","isPartOf":{"@id":"https:\/\/muumimukitrahaksi.fi\/#website"},"primaryImageOfPage":{"@id":"https:\/\/muumimukitrahaksi.fi\/sv\/produkt\/mumin-dricksglas-vilopaus-2024\/#primaryimage"},"image":{"@id":"https:\/\/muumimukitrahaksi.fi\/sv\/produkt\/mumin-dricksglas-vilopaus-2024\/#primaryimage"},"thumbnailUrl":"https:\/\/muumimukitrahaksi.fi\/wp-content\/uploads\/2026\/01\/DSC04348.jpg","datePublished":"2026-01-26T08:17:53+00:00","description":"Moomin Arabias dricksglas Vilopaus. Dricksglaset \u00e4r i mycket bra skick. Det kan f\u00f6rekomma sm\u00e5 sp\u00e5r av normal anv\u00e4ndning p\u00e5 dricksglaset.","breadcrumb":{"@id":"https:\/\/muumimukitrahaksi.fi\/sv\/produkt\/mumin-dricksglas-vilopaus-2024\/#breadcrumb"},"inLanguage":"sv-SE","potentialAction":[{"@type":"ReadAction","target":["https:\/\/muumimukitrahaksi.fi\/sv\/produkt\/mumin-dricksglas-vilopaus-2024\/"]}]},{"@type":"ImageObject","inLanguage":"sv-SE","@id":"https:\/\/muumimukitrahaksi.fi\/sv\/produkt\/mumin-dricksglas-vilopaus-2024\/#primaryimage","url":"https:\/\/muumimukitrahaksi.fi\/wp-content\/uploads\/2026\/01\/DSC04348.jpg","contentUrl":"https:\/\/muumimukitrahaksi.fi\/wp-content\/uploads\/2026\/01\/DSC04348.jpg","width":1000,"height":1000,"caption":"Mumin dricksglas Vilopaus"},{"@type":"BreadcrumbList","@id":"https:\/\/muumimukitrahaksi.fi\/sv\/produkt\/mumin-dricksglas-vilopaus-2024\/#breadcrumb","itemListElement":[{"@type":"ListItem","position":1,"name":"Etusivu","item":"https:\/\/muumimukitrahaksi.fi\/sv\/"},{"@type":"ListItem","position":2,"name":"Butik","item":"https:\/\/muumimukitrahaksi.fi\/sv\/butik\/"},{"@type":"ListItem","position":3,"name":"Mumin dricksglas Vilopaus (2024-)"}]},{"@type":"WebSite","@id":"https:\/\/muumimukitrahaksi.fi\/#website","url":"https:\/\/muumimukitrahaksi.fi\/","name":"Muumimukit Rahaksi","description":"Muumimukeja, -kulhoja ja -lautasia ker\u00e4ilij\u00f6ille!","publisher":{"@id":"https:\/\/muumimukitrahaksi.fi\/#organization"},"potentialAction":[{"@type":"SearchAction","target":{"@type":"EntryPoint","urlTemplate":"https:\/\/muumimukitrahaksi.fi\/?s={search_term_string}"},"query-input":{"@type":"PropertyValueSpecification","valueRequired":true,"valueName":"search_term_string"}}],"inLanguage":"sv-SE"},{"@type":"Organization","@id":"https:\/\/muumimukitrahaksi.fi\/#organization","name":"Muumimukit Rahaksi","url":"https:\/\/muumimukitrahaksi.fi\/","logo":{"@type":"ImageObject","inLanguage":"sv-SE","@id":"https:\/\/muumimukitrahaksi.fi\/#\/schema\/logo\/image\/","url":"https:\/\/muumimukitrahaksi.fi\/wp-content\/uploads\/2017\/09\/logooo.jpg","contentUrl":"https:\/\/muumimukitrahaksi.fi\/wp-content\/uploads\/2017\/09\/logooo.jpg","width":514,"height":514,"caption":"Muumimukit Rahaksi"},"image":{"@id":"https:\/\/muumimukitrahaksi.fi\/#\/schema\/logo\/image\/"},"sameAs":["https:\/\/www.facebook.com\/muumimukitrahaksi\/","https:\/\/x.com\/MuumitRahaksi","https:\/\/www.instagram.com\/muumimukitrahaksi\/"]}]}},"_links":{"self":[{"href":"https:\/\/muumimukitrahaksi.fi\/sv\/wp-json\/wp\/v2\/product\/157538","targetHints":{"allow":["GET"]}}],"collection":[{"href":"https:\/\/muumimukitrahaksi.fi\/sv\/wp-json\/wp\/v2\/product"}],"about":[{"href":"https:\/\/muumimukitrahaksi.fi\/sv\/wp-json\/wp\/v2\/types\/product"}],"wp:featuredmedia":[{"embeddable":true,"href":"https:\/\/muumimukitrahaksi.fi\/sv\/wp-json\/wp\/v2\/media\/156574"}],"wp:attachment":[{"href":"https:\/\/muumimukitrahaksi.fi\/sv\/wp-json\/wp\/v2\/media?parent=157538"}],"wp:term":[{"taxonomy":"product_brand","embeddable":true,"href":"https:\/\/muumimukitrahaksi.fi\/sv\/wp-json\/wp\/v2\/product_brand?post=157538"},{"taxonomy":"product_cat","embeddable":true,"href":"https:\/\/muumimukitrahaksi.fi\/sv\/wp-json\/wp\/v2\/product_cat?post=157538"},{"taxonomy":"product_tag","embeddable":true,"href":"https:\/\/muumimukitrahaksi.fi\/sv\/wp-json\/wp\/v2\/product_tag?post=157538"}],"curies":[{"name":"wp","href":"https:\/\/api.w.org\/{rel}","templated":true}]}}