{"id":157953,"date":"2026-01-30T13:26:42","date_gmt":"2026-01-30T11:26:42","guid":{"rendered":"https:\/\/muumimukitrahaksi.fi\/tuote\/tove-jansson-muminbocker-8-st-2019-ny\/"},"modified":"2026-03-02T10:11:45","modified_gmt":"2026-03-02T08:11:45","slug":"tove-jansson-muminbocker-8-st-2019-ny","status":"publish","type":"product","link":"https:\/\/muumimukitrahaksi.fi\/sv\/produkt\/tove-jansson-muminbocker-8-st-2019-ny\/","title":{"rendered":"Tove Jansson Muminb\u00f6cker, 8 st (2019-) *NY*"},"content":{"rendered":"<p style=\"text-align: center;\"><strong>\u2022 Officiell Moomin Characters\u00a0 licensinnehavare \u2022 Delbetalning\/faktura \u2022 Kvalitetsgranskade produkter<\/strong><\/p>\n<p><strong>Tove Janssons Muminb\u00f6cker<\/strong> inneh\u00e5ller alla \u00e5tta ursprungliga klassiska verk i ett praktiskt pocketformat. De \u00e5tta Muminromanerna i pocketboxen \u00e4r: Kometen kommer (1955), Trollkarlens hatt (1956), Muminpappans bravader (1963), Farlig midsommar (1957), Trollvinter (1958), Det osynliga barnet och andra ber\u00e4ttelser (1962), Pappan och havet (1965) och Sent i november (1970). <strong>B\u00f6ckerna \u00e4r p\u00e5 finska.<\/strong><\/p>\n<p>Den f\u00f6rsta boken om mumintrollen hette Sm\u00e5trollen och den stora \u00f6versv\u00e4mningen (1945). Detta verk r\u00e4knas dock ofta inte som en del av de ursprungliga Muminromanerna, eftersom det \u00f6versattes till finska f\u00f6rst 1991. Boken skiljer sig ocks\u00e5 betydligt i stil och struktur fr\u00e5n de \u00e5tta senare romanerna. Figurerna hade \u00e4nnu inte f\u00e5tt sin slutliga form, och m\u00e5nga av de centrala gestalterna i Mumindalen saknades helt. Seriens sista bok \u00e4r Sent i november (1970). B\u00f6ckerna har \u00f6versatts till ungef\u00e4r 60 spr\u00e5k.<\/p>\n<p>Produktinformation: Pocketformat, p\u00e5 finska, 1112 gram, ISBN 9789510440391<\/p>\n<p>Uppt\u00e4ck muminskatter inspirerade av Muminb\u00f6ckerna fr\u00e5n v\u00e4rldens mest omfattande urval av Mumin-samlingsprodukter <a href=\"https:\/\/muumimukitrahaksi.fi\/sv\/butik\/\">h\u00e4r<\/a>.<\/p>\n","protected":false},"excerpt":{"rendered":"<p style=\"text-align: center;\"><strong>H\u00f6gklassiga varor \u2022 Snabb leverans<\/strong><\/p>\n<p>Tove Janssons Muminb\u00f6cker. Pocketboxen inneh\u00e5ller alla \u00e5tta ursprungliga klassiska verk i ett praktiskt pocketformat. B\u00f6ckerna \u00e4r nya. <strong>B\u00f6ckerna \u00e4r p\u00e5 finska.<\/strong>\u00a0I priset (39,90\u20ac) ing\u00e5r finsk moms (13.5%). Momsen tas bort i kassan f\u00f6r kunder utanf\u00f6r EU. B\u00f6ckerna packas med omsorg och f\u00f6rnybara material.<\/p>\n<p style=\"text-align: center;\"><strong>\u2022 S\u00e4kra betalningss\u00e4tt<\/strong><\/p>\n<p><img loading=\"lazy\" decoding=\"async\" class=\"aligncenter wp-image-20415 size-full\" src=\"https:\/\/muumimukitrahaksi.fi\/wp-content\/uploads\/2020\/06\/maksutavat-2026-pieni-eng.png\" alt=\"Payment options\" width=\"350\" height=\"200\" \/><\/p>\n","protected":false},"featured_media":157930,"template":"","meta":[],"product_brand":[],"product_cat":[548,556,533],"product_tag":[],"class_list":{"0":"post-157953","1":"product","2":"type-product","3":"status-publish","4":"has-post-thumbnail","6":"product_cat-ovriga-produkter","7":"product_cat-ovrigt","8":"product_cat-rea","10":"first","11":"instock","12":"sale","13":"taxable","14":"shipping-taxable","15":"purchasable","16":"product-type-simple"},"yoast_head":"<!-- This site is optimized with the Yoast SEO plugin v27.1.1 - https:\/\/yoast.com\/product\/yoast-seo-wordpress\/ -->\n<title>Tove Jansson Muminb\u00f6cker, 8 st (2019-) *NY* - Muumimukit Rahaksi<\/title>\n<meta name=\"description\" content=\"Tove Janssons Muminb\u00f6cker inneh\u00e5ller alla \u00e5tta ursprungliga klassiska verk i ett praktiskt pocketformat.\" \/>\n<meta name=\"robots\" content=\"index, follow, max-snippet:-1, max-image-preview:large, max-video-preview:-1\" \/>\n<link rel=\"canonical\" href=\"https:\/\/muumimukitrahaksi.fi\/sv\/produkt\/tove-jansson-muminbocker-8-st-2019-ny\/\" \/>\n<meta property=\"og:locale\" content=\"sv_SE\" \/>\n<meta property=\"og:type\" content=\"article\" \/>\n<meta property=\"og:title\" content=\"Tove Jansson Muminb\u00f6cker, 8 st (2019-) *NY* - Muumimukit Rahaksi\" \/>\n<meta property=\"og:description\" content=\"Tove Janssons Muminb\u00f6cker inneh\u00e5ller alla \u00e5tta ursprungliga klassiska verk i ett praktiskt pocketformat.\" \/>\n<meta property=\"og:url\" content=\"https:\/\/muumimukitrahaksi.fi\/sv\/produkt\/tove-jansson-muminbocker-8-st-2019-ny\/\" \/>\n<meta property=\"og:site_name\" content=\"Muumimukit Rahaksi\" \/>\n<meta property=\"article:publisher\" content=\"https:\/\/www.facebook.com\/muumimukitrahaksi\/\" \/>\n<meta property=\"article:modified_time\" content=\"2026-03-02T08:11:45+00:00\" \/>\n<meta property=\"og:image\" content=\"https:\/\/muumimukitrahaksi.fi\/wp-content\/uploads\/2026\/01\/Muumi-romaanit-2.png\" \/>\n\t<meta property=\"og:image:width\" content=\"1024\" \/>\n\t<meta property=\"og:image:height\" content=\"1024\" \/>\n\t<meta property=\"og:image:type\" content=\"image\/png\" \/>\n<meta name=\"twitter:card\" content=\"summary_large_image\" \/>\n<meta name=\"twitter:site\" content=\"@MuumitRahaksi\" \/>\n<meta name=\"twitter:label1\" content=\"Ber\u00e4knad l\u00e4stid\" \/>\n\t<meta name=\"twitter:data1\" content=\"1 minut\" \/>\n<script type=\"application\/ld+json\" class=\"yoast-schema-graph\">{\"@context\":\"https:\/\/schema.org\",\"@graph\":[{\"@type\":\"WebPage\",\"@id\":\"https:\/\/muumimukitrahaksi.fi\/sv\/produkt\/tove-jansson-muminbocker-8-st-2019-ny\/\",\"url\":\"https:\/\/muumimukitrahaksi.fi\/sv\/produkt\/tove-jansson-muminbocker-8-st-2019-ny\/\",\"name\":\"Tove Jansson Muminb\u00f6cker, 8 st (2019-) *NY* - Muumimukit Rahaksi\",\"isPartOf\":{\"@id\":\"https:\/\/muumimukitrahaksi.fi\/#website\"},\"primaryImageOfPage\":{\"@id\":\"https:\/\/muumimukitrahaksi.fi\/sv\/produkt\/tove-jansson-muminbocker-8-st-2019-ny\/#primaryimage\"},\"image\":{\"@id\":\"https:\/\/muumimukitrahaksi.fi\/sv\/produkt\/tove-jansson-muminbocker-8-st-2019-ny\/#primaryimage\"},\"thumbnailUrl\":\"https:\/\/muumimukitrahaksi.fi\/wp-content\/uploads\/2026\/01\/Muumi-romaanit-2.png\",\"datePublished\":\"2026-01-30T11:26:42+00:00\",\"dateModified\":\"2026-03-02T08:11:45+00:00\",\"description\":\"Tove Janssons Muminb\u00f6cker inneh\u00e5ller alla \u00e5tta ursprungliga klassiska verk i ett praktiskt pocketformat.\",\"breadcrumb\":{\"@id\":\"https:\/\/muumimukitrahaksi.fi\/sv\/produkt\/tove-jansson-muminbocker-8-st-2019-ny\/#breadcrumb\"},\"inLanguage\":\"sv-SE\",\"potentialAction\":[{\"@type\":\"ReadAction\",\"target\":[\"https:\/\/muumimukitrahaksi.fi\/sv\/produkt\/tove-jansson-muminbocker-8-st-2019-ny\/\"]}]},{\"@type\":\"ImageObject\",\"inLanguage\":\"sv-SE\",\"@id\":\"https:\/\/muumimukitrahaksi.fi\/sv\/produkt\/tove-jansson-muminbocker-8-st-2019-ny\/#primaryimage\",\"url\":\"https:\/\/muumimukitrahaksi.fi\/wp-content\/uploads\/2026\/01\/Muumi-romaanit-2.png\",\"contentUrl\":\"https:\/\/muumimukitrahaksi.fi\/wp-content\/uploads\/2026\/01\/Muumi-romaanit-2.png\",\"width\":1024,\"height\":1024,\"caption\":\"Tove Jansson Muminb\u00f6cker 8st\"},{\"@type\":\"BreadcrumbList\",\"@id\":\"https:\/\/muumimukitrahaksi.fi\/sv\/produkt\/tove-jansson-muminbocker-8-st-2019-ny\/#breadcrumb\",\"itemListElement\":[{\"@type\":\"ListItem\",\"position\":1,\"name\":\"Etusivu\",\"item\":\"https:\/\/muumimukitrahaksi.fi\/sv\/\"},{\"@type\":\"ListItem\",\"position\":2,\"name\":\"Butik\",\"item\":\"https:\/\/muumimukitrahaksi.fi\/sv\/butik\/\"},{\"@type\":\"ListItem\",\"position\":3,\"name\":\"Tove Jansson Muminb\u00f6cker, 8 st (2019-) *NY*\"}]},{\"@type\":\"WebSite\",\"@id\":\"https:\/\/muumimukitrahaksi.fi\/#website\",\"url\":\"https:\/\/muumimukitrahaksi.fi\/\",\"name\":\"Muumimukit Rahaksi\",\"description\":\"Muumimukeja, -kulhoja ja -lautasia ker\u00e4ilij\u00f6ille!\",\"publisher\":{\"@id\":\"https:\/\/muumimukitrahaksi.fi\/#organization\"},\"potentialAction\":[{\"@type\":\"SearchAction\",\"target\":{\"@type\":\"EntryPoint\",\"urlTemplate\":\"https:\/\/muumimukitrahaksi.fi\/?s={search_term_string}\"},\"query-input\":{\"@type\":\"PropertyValueSpecification\",\"valueRequired\":true,\"valueName\":\"search_term_string\"}}],\"inLanguage\":\"sv-SE\"},{\"@type\":\"Organization\",\"@id\":\"https:\/\/muumimukitrahaksi.fi\/#organization\",\"name\":\"Muumimukit Rahaksi\",\"url\":\"https:\/\/muumimukitrahaksi.fi\/\",\"logo\":{\"@type\":\"ImageObject\",\"inLanguage\":\"sv-SE\",\"@id\":\"https:\/\/muumimukitrahaksi.fi\/#\/schema\/logo\/image\/\",\"url\":\"https:\/\/muumimukitrahaksi.fi\/wp-content\/uploads\/2017\/09\/logooo.jpg\",\"contentUrl\":\"https:\/\/muumimukitrahaksi.fi\/wp-content\/uploads\/2017\/09\/logooo.jpg\",\"width\":514,\"height\":514,\"caption\":\"Muumimukit Rahaksi\"},\"image\":{\"@id\":\"https:\/\/muumimukitrahaksi.fi\/#\/schema\/logo\/image\/\"},\"sameAs\":[\"https:\/\/www.facebook.com\/muumimukitrahaksi\/\",\"https:\/\/x.com\/MuumitRahaksi\",\"https:\/\/www.instagram.com\/muumimukitrahaksi\/\"]}]}<\/script>\n<!-- \/ Yoast SEO plugin. -->","yoast_head_json":{"title":"Tove Jansson Muminb\u00f6cker, 8 st (2019-) *NY* - Muumimukit Rahaksi","description":"Tove Janssons Muminb\u00f6cker inneh\u00e5ller alla \u00e5tta ursprungliga klassiska verk i ett praktiskt pocketformat.","robots":{"index":"index","follow":"follow","max-snippet":"max-snippet:-1","max-image-preview":"max-image-preview:large","max-video-preview":"max-video-preview:-1"},"canonical":"https:\/\/muumimukitrahaksi.fi\/sv\/produkt\/tove-jansson-muminbocker-8-st-2019-ny\/","og_locale":"sv_SE","og_type":"article","og_title":"Tove Jansson Muminb\u00f6cker, 8 st (2019-) *NY* - Muumimukit Rahaksi","og_description":"Tove Janssons Muminb\u00f6cker inneh\u00e5ller alla \u00e5tta ursprungliga klassiska verk i ett praktiskt pocketformat.","og_url":"https:\/\/muumimukitrahaksi.fi\/sv\/produkt\/tove-jansson-muminbocker-8-st-2019-ny\/","og_site_name":"Muumimukit Rahaksi","article_publisher":"https:\/\/www.facebook.com\/muumimukitrahaksi\/","article_modified_time":"2026-03-02T08:11:45+00:00","og_image":[{"width":1024,"height":1024,"url":"https:\/\/muumimukitrahaksi.fi\/wp-content\/uploads\/2026\/01\/Muumi-romaanit-2.png","type":"image\/png"}],"twitter_card":"summary_large_image","twitter_site":"@MuumitRahaksi","twitter_misc":{"Ber\u00e4knad l\u00e4stid":"1 minut"},"schema":{"@context":"https:\/\/schema.org","@graph":[{"@type":"WebPage","@id":"https:\/\/muumimukitrahaksi.fi\/sv\/produkt\/tove-jansson-muminbocker-8-st-2019-ny\/","url":"https:\/\/muumimukitrahaksi.fi\/sv\/produkt\/tove-jansson-muminbocker-8-st-2019-ny\/","name":"Tove Jansson Muminb\u00f6cker, 8 st (2019-) *NY* - Muumimukit Rahaksi","isPartOf":{"@id":"https:\/\/muumimukitrahaksi.fi\/#website"},"primaryImageOfPage":{"@id":"https:\/\/muumimukitrahaksi.fi\/sv\/produkt\/tove-jansson-muminbocker-8-st-2019-ny\/#primaryimage"},"image":{"@id":"https:\/\/muumimukitrahaksi.fi\/sv\/produkt\/tove-jansson-muminbocker-8-st-2019-ny\/#primaryimage"},"thumbnailUrl":"https:\/\/muumimukitrahaksi.fi\/wp-content\/uploads\/2026\/01\/Muumi-romaanit-2.png","datePublished":"2026-01-30T11:26:42+00:00","dateModified":"2026-03-02T08:11:45+00:00","description":"Tove Janssons Muminb\u00f6cker inneh\u00e5ller alla \u00e5tta ursprungliga klassiska verk i ett praktiskt pocketformat.","breadcrumb":{"@id":"https:\/\/muumimukitrahaksi.fi\/sv\/produkt\/tove-jansson-muminbocker-8-st-2019-ny\/#breadcrumb"},"inLanguage":"sv-SE","potentialAction":[{"@type":"ReadAction","target":["https:\/\/muumimukitrahaksi.fi\/sv\/produkt\/tove-jansson-muminbocker-8-st-2019-ny\/"]}]},{"@type":"ImageObject","inLanguage":"sv-SE","@id":"https:\/\/muumimukitrahaksi.fi\/sv\/produkt\/tove-jansson-muminbocker-8-st-2019-ny\/#primaryimage","url":"https:\/\/muumimukitrahaksi.fi\/wp-content\/uploads\/2026\/01\/Muumi-romaanit-2.png","contentUrl":"https:\/\/muumimukitrahaksi.fi\/wp-content\/uploads\/2026\/01\/Muumi-romaanit-2.png","width":1024,"height":1024,"caption":"Tove Jansson Muminb\u00f6cker 8st"},{"@type":"BreadcrumbList","@id":"https:\/\/muumimukitrahaksi.fi\/sv\/produkt\/tove-jansson-muminbocker-8-st-2019-ny\/#breadcrumb","itemListElement":[{"@type":"ListItem","position":1,"name":"Etusivu","item":"https:\/\/muumimukitrahaksi.fi\/sv\/"},{"@type":"ListItem","position":2,"name":"Butik","item":"https:\/\/muumimukitrahaksi.fi\/sv\/butik\/"},{"@type":"ListItem","position":3,"name":"Tove Jansson Muminb\u00f6cker, 8 st (2019-) *NY*"}]},{"@type":"WebSite","@id":"https:\/\/muumimukitrahaksi.fi\/#website","url":"https:\/\/muumimukitrahaksi.fi\/","name":"Muumimukit Rahaksi","description":"Muumimukeja, -kulhoja ja -lautasia ker\u00e4ilij\u00f6ille!","publisher":{"@id":"https:\/\/muumimukitrahaksi.fi\/#organization"},"potentialAction":[{"@type":"SearchAction","target":{"@type":"EntryPoint","urlTemplate":"https:\/\/muumimukitrahaksi.fi\/?s={search_term_string}"},"query-input":{"@type":"PropertyValueSpecification","valueRequired":true,"valueName":"search_term_string"}}],"inLanguage":"sv-SE"},{"@type":"Organization","@id":"https:\/\/muumimukitrahaksi.fi\/#organization","name":"Muumimukit Rahaksi","url":"https:\/\/muumimukitrahaksi.fi\/","logo":{"@type":"ImageObject","inLanguage":"sv-SE","@id":"https:\/\/muumimukitrahaksi.fi\/#\/schema\/logo\/image\/","url":"https:\/\/muumimukitrahaksi.fi\/wp-content\/uploads\/2017\/09\/logooo.jpg","contentUrl":"https:\/\/muumimukitrahaksi.fi\/wp-content\/uploads\/2017\/09\/logooo.jpg","width":514,"height":514,"caption":"Muumimukit Rahaksi"},"image":{"@id":"https:\/\/muumimukitrahaksi.fi\/#\/schema\/logo\/image\/"},"sameAs":["https:\/\/www.facebook.com\/muumimukitrahaksi\/","https:\/\/x.com\/MuumitRahaksi","https:\/\/www.instagram.com\/muumimukitrahaksi\/"]}]}},"_links":{"self":[{"href":"https:\/\/muumimukitrahaksi.fi\/sv\/wp-json\/wp\/v2\/product\/157953","targetHints":{"allow":["GET"]}}],"collection":[{"href":"https:\/\/muumimukitrahaksi.fi\/sv\/wp-json\/wp\/v2\/product"}],"about":[{"href":"https:\/\/muumimukitrahaksi.fi\/sv\/wp-json\/wp\/v2\/types\/product"}],"wp:featuredmedia":[{"embeddable":true,"href":"https:\/\/muumimukitrahaksi.fi\/sv\/wp-json\/wp\/v2\/media\/157930"}],"wp:attachment":[{"href":"https:\/\/muumimukitrahaksi.fi\/sv\/wp-json\/wp\/v2\/media?parent=157953"}],"wp:term":[{"taxonomy":"product_brand","embeddable":true,"href":"https:\/\/muumimukitrahaksi.fi\/sv\/wp-json\/wp\/v2\/product_brand?post=157953"},{"taxonomy":"product_cat","embeddable":true,"href":"https:\/\/muumimukitrahaksi.fi\/sv\/wp-json\/wp\/v2\/product_cat?post=157953"},{"taxonomy":"product_tag","embeddable":true,"href":"https:\/\/muumimukitrahaksi.fi\/sv\/wp-json\/wp\/v2\/product_tag?post=157953"}],"curies":[{"name":"wp","href":"https:\/\/api.w.org\/{rel}","templated":true}]}}