{"id":158176,"date":"2026-01-28T14:44:26","date_gmt":"2026-01-28T12:44:26","guid":{"rendered":"https:\/\/muumimukitrahaksi.fi\/tuote\/mumintallrik-samlartallrikar-10-10-2024-ny\/"},"modified":"2026-01-28T14:44:26","modified_gmt":"2026-01-28T12:44:26","slug":"mumintallrik-samlartallrikar-10-10-2024-ny","status":"publish","type":"product","link":"https:\/\/muumimukitrahaksi.fi\/sv\/produkt\/mumintallrik-samlartallrikar-10-10-2024-ny\/","title":{"rendered":"Mumintallrik Samlartallrikar 10\/10 (2024) *NY*"},"content":{"rendered":"<p style=\"text-align: center;\"><strong>\u2022 Officiell Moomin Characters\u00a0 licensinnehavare \u2022 Delbetalning\/faktura \u2022 Kvalitetsgranskade produkter<\/strong><\/p>\n<p><strong>Mumintallrik Samlartallrikar 10\/10. <\/strong>Samlartallrikarna har funnits tillg\u00e4ngliga sedan \u00e5r 2014. Det lanseras alltid tv\u00e5 samlartallrikar \u00e5t g\u00e5ngen som h\u00f6r ihop med tidigare utgivna muminmuggar. Det finns sammanlagt 10 paket med samlartallrikar, det vill s\u00e4ga allt som allt 20 olika tallrikar.<\/p>\n<p>Samlartallrikarna 10\/10 best\u00e5r av tallrikarna Vinterbrasa och Segla med Klippdassen och Too-ticki. Tallrikarna fanns till salu under \u00e5ret 2024.<\/p>\n<p>Kolla in andra samlartallrikar <a href=\"https:\/\/muumimukitrahaksi.fi\/sv\/produkt-avdelning\/tallrikar\/samlartallrikar\/\">h\u00e4r.<\/a><\/p>\n<p>Har du Samlartallrikarna 10\/10 och vill s\u00e4lja dem? Vi k\u00f6per ocks\u00e5 mumintallrikar. Klicka <a href=\"https:\/\/muumimukitrahaksi.fi\/en\/sell-moomin\/\">h\u00e4r<\/a>, fyll i formul\u00e4ret och f\u00e5 en offert samma dag.<\/p>\n","protected":false},"excerpt":{"rendered":"<p style=\"text-align: center;\"><strong>H\u00f6gklassiga varor \u2022 Snabb leverans<\/strong><\/p>\n<p>Arabias Samlartallrikar 10\/10 (ur produktion). Paketet inneh\u00e5ller tallrikarna Vinterbrasa och Segla med Klippdassen och Too-ticki. Tallrikarna \u00e4r nya och kommer i den ursprungliga f\u00f6rpackningen. Tallrikarna packas med omsorg och f\u00f6rnybara material.<\/p>\n<p style=\"text-align: center;\"><strong>\u2022 S\u00e4kra betalningss\u00e4tt<\/strong><\/p>\n<p><img loading=\"lazy\" decoding=\"async\" class=\"aligncenter wp-image-20415 size-full\" src=\"https:\/\/muumimukitrahaksi.fi\/wp-content\/uploads\/2020\/06\/maksutavat-2026-pieni-eng.png\" alt=\"Payment options\" width=\"350\" height=\"200\" \/><\/p>\n","protected":false},"featured_media":157113,"template":"","meta":[],"product_brand":[],"product_cat":[527,528,529,532],"product_tag":[626,594],"class_list":{"0":"post-158176","1":"product","2":"type-product","3":"status-publish","4":"has-post-thumbnail","6":"product_cat-tallrikar","7":"product_cat-samlartallrikar","8":"product_cat-tallrikar-med-etikett","9":"product_cat-tallrikar-ur-produktion","10":"product_tag-med-etikett","11":"product_tag-mumintallrik","13":"first","14":"outofstock","15":"taxable","16":"shipping-taxable","17":"purchasable","18":"product-type-simple"},"yoast_head":"<!-- This site is optimized with the Yoast SEO plugin v27.1.1 - https:\/\/yoast.com\/product\/yoast-seo-wordpress\/ -->\n<title>Mumintallrik Samlartallrikar 10\/10 (2024) *NY* - Muumimukit Rahaksi<\/title>\n<meta name=\"description\" content=\"Arabias Samlartallrikar 10\/10 (ur produktion). Paketet inneh\u00e5ller tallrikarna Vinterbrasa och Segla med Klippdassen och Too-ticki.\" \/>\n<meta name=\"robots\" content=\"index, follow, max-snippet:-1, max-image-preview:large, max-video-preview:-1\" \/>\n<link rel=\"canonical\" href=\"https:\/\/muumimukitrahaksi.fi\/sv\/produkt\/mumintallrik-samlartallrikar-10-10-2024-ny\/\" \/>\n<meta property=\"og:locale\" content=\"sv_SE\" \/>\n<meta property=\"og:type\" content=\"article\" \/>\n<meta property=\"og:title\" content=\"Mumintallrik Samlartallrikar 10\/10 (2024) *NY* - Muumimukit Rahaksi\" \/>\n<meta property=\"og:description\" content=\"Arabias Samlartallrikar 10\/10 (ur produktion). Paketet inneh\u00e5ller tallrikarna Vinterbrasa och Segla med Klippdassen och Too-ticki.\" \/>\n<meta property=\"og:url\" content=\"https:\/\/muumimukitrahaksi.fi\/sv\/produkt\/mumintallrik-samlartallrikar-10-10-2024-ny\/\" \/>\n<meta property=\"og:site_name\" content=\"Muumimukit Rahaksi\" \/>\n<meta property=\"article:publisher\" content=\"https:\/\/www.facebook.com\/muumimukitrahaksi\/\" \/>\n<meta property=\"og:image\" content=\"https:\/\/muumimukitrahaksi.fi\/wp-content\/uploads\/2026\/01\/DSC04395.jpg\" \/>\n\t<meta property=\"og:image:width\" content=\"1000\" \/>\n\t<meta property=\"og:image:height\" content=\"1000\" \/>\n\t<meta property=\"og:image:type\" content=\"image\/jpeg\" \/>\n<meta name=\"twitter:card\" content=\"summary_large_image\" \/>\n<meta name=\"twitter:site\" content=\"@MuumitRahaksi\" \/>\n<script type=\"application\/ld+json\" class=\"yoast-schema-graph\">{\"@context\":\"https:\/\/schema.org\",\"@graph\":[{\"@type\":\"WebPage\",\"@id\":\"https:\/\/muumimukitrahaksi.fi\/sv\/produkt\/mumintallrik-samlartallrikar-10-10-2024-ny\/\",\"url\":\"https:\/\/muumimukitrahaksi.fi\/sv\/produkt\/mumintallrik-samlartallrikar-10-10-2024-ny\/\",\"name\":\"Mumintallrik Samlartallrikar 10\/10 (2024) *NY* - Muumimukit Rahaksi\",\"isPartOf\":{\"@id\":\"https:\/\/muumimukitrahaksi.fi\/#website\"},\"primaryImageOfPage\":{\"@id\":\"https:\/\/muumimukitrahaksi.fi\/sv\/produkt\/mumintallrik-samlartallrikar-10-10-2024-ny\/#primaryimage\"},\"image\":{\"@id\":\"https:\/\/muumimukitrahaksi.fi\/sv\/produkt\/mumintallrik-samlartallrikar-10-10-2024-ny\/#primaryimage\"},\"thumbnailUrl\":\"https:\/\/muumimukitrahaksi.fi\/wp-content\/uploads\/2026\/01\/DSC04395.jpg\",\"datePublished\":\"2026-01-28T12:44:26+00:00\",\"description\":\"Arabias Samlartallrikar 10\/10 (ur produktion). Paketet inneh\u00e5ller tallrikarna Vinterbrasa och Segla med Klippdassen och Too-ticki.\",\"breadcrumb\":{\"@id\":\"https:\/\/muumimukitrahaksi.fi\/sv\/produkt\/mumintallrik-samlartallrikar-10-10-2024-ny\/#breadcrumb\"},\"inLanguage\":\"sv-SE\",\"potentialAction\":[{\"@type\":\"ReadAction\",\"target\":[\"https:\/\/muumimukitrahaksi.fi\/sv\/produkt\/mumintallrik-samlartallrikar-10-10-2024-ny\/\"]}]},{\"@type\":\"ImageObject\",\"inLanguage\":\"sv-SE\",\"@id\":\"https:\/\/muumimukitrahaksi.fi\/sv\/produkt\/mumintallrik-samlartallrikar-10-10-2024-ny\/#primaryimage\",\"url\":\"https:\/\/muumimukitrahaksi.fi\/wp-content\/uploads\/2026\/01\/DSC04395.jpg\",\"contentUrl\":\"https:\/\/muumimukitrahaksi.fi\/wp-content\/uploads\/2026\/01\/DSC04395.jpg\",\"width\":1000,\"height\":1000,\"caption\":\"Mumintallrik Samlartallrikar 10\/10\"},{\"@type\":\"BreadcrumbList\",\"@id\":\"https:\/\/muumimukitrahaksi.fi\/sv\/produkt\/mumintallrik-samlartallrikar-10-10-2024-ny\/#breadcrumb\",\"itemListElement\":[{\"@type\":\"ListItem\",\"position\":1,\"name\":\"Etusivu\",\"item\":\"https:\/\/muumimukitrahaksi.fi\/sv\/\"},{\"@type\":\"ListItem\",\"position\":2,\"name\":\"Butik\",\"item\":\"https:\/\/muumimukitrahaksi.fi\/sv\/butik\/\"},{\"@type\":\"ListItem\",\"position\":3,\"name\":\"Mumintallrik Samlartallrikar 10\/10 (2024) *NY*\"}]},{\"@type\":\"WebSite\",\"@id\":\"https:\/\/muumimukitrahaksi.fi\/#website\",\"url\":\"https:\/\/muumimukitrahaksi.fi\/\",\"name\":\"Muumimukit Rahaksi\",\"description\":\"Muumimukeja, -kulhoja ja -lautasia ker\u00e4ilij\u00f6ille!\",\"publisher\":{\"@id\":\"https:\/\/muumimukitrahaksi.fi\/#organization\"},\"potentialAction\":[{\"@type\":\"SearchAction\",\"target\":{\"@type\":\"EntryPoint\",\"urlTemplate\":\"https:\/\/muumimukitrahaksi.fi\/?s={search_term_string}\"},\"query-input\":{\"@type\":\"PropertyValueSpecification\",\"valueRequired\":true,\"valueName\":\"search_term_string\"}}],\"inLanguage\":\"sv-SE\"},{\"@type\":\"Organization\",\"@id\":\"https:\/\/muumimukitrahaksi.fi\/#organization\",\"name\":\"Muumimukit Rahaksi\",\"url\":\"https:\/\/muumimukitrahaksi.fi\/\",\"logo\":{\"@type\":\"ImageObject\",\"inLanguage\":\"sv-SE\",\"@id\":\"https:\/\/muumimukitrahaksi.fi\/#\/schema\/logo\/image\/\",\"url\":\"https:\/\/muumimukitrahaksi.fi\/wp-content\/uploads\/2017\/09\/logooo.jpg\",\"contentUrl\":\"https:\/\/muumimukitrahaksi.fi\/wp-content\/uploads\/2017\/09\/logooo.jpg\",\"width\":514,\"height\":514,\"caption\":\"Muumimukit Rahaksi\"},\"image\":{\"@id\":\"https:\/\/muumimukitrahaksi.fi\/#\/schema\/logo\/image\/\"},\"sameAs\":[\"https:\/\/www.facebook.com\/muumimukitrahaksi\/\",\"https:\/\/x.com\/MuumitRahaksi\",\"https:\/\/www.instagram.com\/muumimukitrahaksi\/\"]}]}<\/script>\n<!-- \/ Yoast SEO plugin. -->","yoast_head_json":{"title":"Mumintallrik Samlartallrikar 10\/10 (2024) *NY* - Muumimukit Rahaksi","description":"Arabias Samlartallrikar 10\/10 (ur produktion). Paketet inneh\u00e5ller tallrikarna Vinterbrasa och Segla med Klippdassen och Too-ticki.","robots":{"index":"index","follow":"follow","max-snippet":"max-snippet:-1","max-image-preview":"max-image-preview:large","max-video-preview":"max-video-preview:-1"},"canonical":"https:\/\/muumimukitrahaksi.fi\/sv\/produkt\/mumintallrik-samlartallrikar-10-10-2024-ny\/","og_locale":"sv_SE","og_type":"article","og_title":"Mumintallrik Samlartallrikar 10\/10 (2024) *NY* - Muumimukit Rahaksi","og_description":"Arabias Samlartallrikar 10\/10 (ur produktion). Paketet inneh\u00e5ller tallrikarna Vinterbrasa och Segla med Klippdassen och Too-ticki.","og_url":"https:\/\/muumimukitrahaksi.fi\/sv\/produkt\/mumintallrik-samlartallrikar-10-10-2024-ny\/","og_site_name":"Muumimukit Rahaksi","article_publisher":"https:\/\/www.facebook.com\/muumimukitrahaksi\/","og_image":[{"width":1000,"height":1000,"url":"https:\/\/muumimukitrahaksi.fi\/wp-content\/uploads\/2026\/01\/DSC04395.jpg","type":"image\/jpeg"}],"twitter_card":"summary_large_image","twitter_site":"@MuumitRahaksi","schema":{"@context":"https:\/\/schema.org","@graph":[{"@type":"WebPage","@id":"https:\/\/muumimukitrahaksi.fi\/sv\/produkt\/mumintallrik-samlartallrikar-10-10-2024-ny\/","url":"https:\/\/muumimukitrahaksi.fi\/sv\/produkt\/mumintallrik-samlartallrikar-10-10-2024-ny\/","name":"Mumintallrik Samlartallrikar 10\/10 (2024) *NY* - Muumimukit Rahaksi","isPartOf":{"@id":"https:\/\/muumimukitrahaksi.fi\/#website"},"primaryImageOfPage":{"@id":"https:\/\/muumimukitrahaksi.fi\/sv\/produkt\/mumintallrik-samlartallrikar-10-10-2024-ny\/#primaryimage"},"image":{"@id":"https:\/\/muumimukitrahaksi.fi\/sv\/produkt\/mumintallrik-samlartallrikar-10-10-2024-ny\/#primaryimage"},"thumbnailUrl":"https:\/\/muumimukitrahaksi.fi\/wp-content\/uploads\/2026\/01\/DSC04395.jpg","datePublished":"2026-01-28T12:44:26+00:00","description":"Arabias Samlartallrikar 10\/10 (ur produktion). Paketet inneh\u00e5ller tallrikarna Vinterbrasa och Segla med Klippdassen och Too-ticki.","breadcrumb":{"@id":"https:\/\/muumimukitrahaksi.fi\/sv\/produkt\/mumintallrik-samlartallrikar-10-10-2024-ny\/#breadcrumb"},"inLanguage":"sv-SE","potentialAction":[{"@type":"ReadAction","target":["https:\/\/muumimukitrahaksi.fi\/sv\/produkt\/mumintallrik-samlartallrikar-10-10-2024-ny\/"]}]},{"@type":"ImageObject","inLanguage":"sv-SE","@id":"https:\/\/muumimukitrahaksi.fi\/sv\/produkt\/mumintallrik-samlartallrikar-10-10-2024-ny\/#primaryimage","url":"https:\/\/muumimukitrahaksi.fi\/wp-content\/uploads\/2026\/01\/DSC04395.jpg","contentUrl":"https:\/\/muumimukitrahaksi.fi\/wp-content\/uploads\/2026\/01\/DSC04395.jpg","width":1000,"height":1000,"caption":"Mumintallrik Samlartallrikar 10\/10"},{"@type":"BreadcrumbList","@id":"https:\/\/muumimukitrahaksi.fi\/sv\/produkt\/mumintallrik-samlartallrikar-10-10-2024-ny\/#breadcrumb","itemListElement":[{"@type":"ListItem","position":1,"name":"Etusivu","item":"https:\/\/muumimukitrahaksi.fi\/sv\/"},{"@type":"ListItem","position":2,"name":"Butik","item":"https:\/\/muumimukitrahaksi.fi\/sv\/butik\/"},{"@type":"ListItem","position":3,"name":"Mumintallrik Samlartallrikar 10\/10 (2024) *NY*"}]},{"@type":"WebSite","@id":"https:\/\/muumimukitrahaksi.fi\/#website","url":"https:\/\/muumimukitrahaksi.fi\/","name":"Muumimukit Rahaksi","description":"Muumimukeja, -kulhoja ja -lautasia ker\u00e4ilij\u00f6ille!","publisher":{"@id":"https:\/\/muumimukitrahaksi.fi\/#organization"},"potentialAction":[{"@type":"SearchAction","target":{"@type":"EntryPoint","urlTemplate":"https:\/\/muumimukitrahaksi.fi\/?s={search_term_string}"},"query-input":{"@type":"PropertyValueSpecification","valueRequired":true,"valueName":"search_term_string"}}],"inLanguage":"sv-SE"},{"@type":"Organization","@id":"https:\/\/muumimukitrahaksi.fi\/#organization","name":"Muumimukit Rahaksi","url":"https:\/\/muumimukitrahaksi.fi\/","logo":{"@type":"ImageObject","inLanguage":"sv-SE","@id":"https:\/\/muumimukitrahaksi.fi\/#\/schema\/logo\/image\/","url":"https:\/\/muumimukitrahaksi.fi\/wp-content\/uploads\/2017\/09\/logooo.jpg","contentUrl":"https:\/\/muumimukitrahaksi.fi\/wp-content\/uploads\/2017\/09\/logooo.jpg","width":514,"height":514,"caption":"Muumimukit Rahaksi"},"image":{"@id":"https:\/\/muumimukitrahaksi.fi\/#\/schema\/logo\/image\/"},"sameAs":["https:\/\/www.facebook.com\/muumimukitrahaksi\/","https:\/\/x.com\/MuumitRahaksi","https:\/\/www.instagram.com\/muumimukitrahaksi\/"]}]}},"_links":{"self":[{"href":"https:\/\/muumimukitrahaksi.fi\/sv\/wp-json\/wp\/v2\/product\/158176","targetHints":{"allow":["GET"]}}],"collection":[{"href":"https:\/\/muumimukitrahaksi.fi\/sv\/wp-json\/wp\/v2\/product"}],"about":[{"href":"https:\/\/muumimukitrahaksi.fi\/sv\/wp-json\/wp\/v2\/types\/product"}],"wp:featuredmedia":[{"embeddable":true,"href":"https:\/\/muumimukitrahaksi.fi\/sv\/wp-json\/wp\/v2\/media\/157113"}],"wp:attachment":[{"href":"https:\/\/muumimukitrahaksi.fi\/sv\/wp-json\/wp\/v2\/media?parent=158176"}],"wp:term":[{"taxonomy":"product_brand","embeddable":true,"href":"https:\/\/muumimukitrahaksi.fi\/sv\/wp-json\/wp\/v2\/product_brand?post=158176"},{"taxonomy":"product_cat","embeddable":true,"href":"https:\/\/muumimukitrahaksi.fi\/sv\/wp-json\/wp\/v2\/product_cat?post=158176"},{"taxonomy":"product_tag","embeddable":true,"href":"https:\/\/muumimukitrahaksi.fi\/sv\/wp-json\/wp\/v2\/product_tag?post=158176"}],"curies":[{"name":"wp","href":"https:\/\/api.w.org\/{rel}","templated":true}]}}