{"id":158393,"date":"2026-02-03T15:39:40","date_gmt":"2026-02-03T13:39:40","guid":{"rendered":"https:\/\/muumimukitrahaksi.fi\/tuote\/muminskal-fazer-x-moomin-label\/"},"modified":"2026-02-04T10:21:25","modified_gmt":"2026-02-04T08:21:25","slug":"muminskal-fazer-x-moomin-label","status":"publish","type":"product","link":"https:\/\/muumimukitrahaksi.fi\/sv\/produkt\/muminskal-fazer-x-moomin-label\/","title":{"rendered":"Muminsk\u00e5l Fazer x Moomin *LABEL*"},"content":{"rendered":"<p style=\"text-align: center;\"><strong>\u2022 Officiell Moomin Characters\u00a0 licensinnehavare \u2022 Delbetalning\/faktura \u2022 Kvalitetsgranskade produkter<\/strong><\/p>\n<p data-start=\"56\" data-end=\"553\"><strong>Muminsk\u00e5l Fazer x Moomin <\/strong>\u00e4r en unik g\u00e5va som lanserats av Fazer i samarbete med Moomin Characters och Moomin Arabia. Produkten finns tillg\u00e4nglig via Fazers, Mumins och Fiskars egna f\u00f6rs\u00e4ljningskanaler fram till slutet av 2025 eller s\u00e5 l\u00e4nge lagret r\u00e4cker. Sk\u00e5len s\u00e5ldes i anoasta presentf\u00f6rpackning<\/p>\n<p>I sin allra f\u00f6rsta bok Mumin och den stora \u00f6versv\u00e4mningen avsl\u00f6jar Tove Jansson att Mumintrollen \u00e4lskar Fazers choklad \u2013 ibland kanske lite f\u00f6r mycket. Denna charmiga detalj f\u00f6renar tv\u00e5 ikoniska varum\u00e4rken som har spridit gl\u00e4dje bland det finska folket i \u00e5rtionden.<\/p>\n<p data-start=\"56\" data-end=\"553\">Arabia har tidigare endast lanserat en keramisk samarbetsprodukt tillsammans med Fazer. Denna produkt \u00e4r <a href=\"http:\/\/Arabia har tidigare endast lanserat en keramisk samarbetsprodukt tillsammans med Fazer. Denna produkt \u00e4r Fazer-muggen fr\u00e5n 2004, som \u00e4r den mest v\u00e4rdefulla Muminmuggen som n\u00e5gonsin har g\u00e5tt i produktion.\">Fazer-muggen fr\u00e5n 2004<\/a>, som \u00e4r den mest v\u00e4rdefulla muminmuggen som n\u00e5gonsin har producerats.<\/p>\n<p>Kolla in andra 80 \u00e5rs- jubileumprodukter <a href=\"https:\/\/muumimukitrahaksi.fi\/sv\/produkt-avdelning\/nyheter\/\">h\u00e4r<\/a>.<\/p>\n<p>Har du muminsk\u00e5len Fazer och vill s\u00e4lja den? Vi k\u00f6per ocks\u00e5 muminsk\u00e5lar. Klicka <a href=\"https:\/\/muumimukitrahaksi.fi\/en\/sell-moomin\/\">h\u00e4r<\/a>, fyll i formul\u00e4ret och f\u00e5 en offert samma dag.<\/p>\n","protected":false},"excerpt":{"rendered":"<p style=\"text-align: center;\"><strong>\u2022 H\u00f6gklassiga varor \u2022 Snabb leverans<\/strong><\/p>\n<p>Moomin Arabias muminsk\u00e5l Fazer x Moomin (ur produktion). Sk\u00e5len \u00e4r ny och har etiketten kvar. P<strong>resentf\u00f6rpackning ing\u00e5r ej.<\/strong>\u00a0Sk\u00e5larna packas med omsorg och f\u00f6rnybara material.<\/p>\n<p style=\"text-align: center;\"><strong>\u2022 S\u00e4kra betalningss\u00e4tt<\/strong><\/p>\n<p><img loading=\"lazy\" decoding=\"async\" class=\"aligncenter wp-image-20415 size-full\" src=\"https:\/\/muumimukitrahaksi.fi\/wp-content\/uploads\/2020\/06\/maksutavat-2026-pieni-eng.png\" alt=\"Payment options\" width=\"350\" height=\"200\" \/><\/p>\n","protected":false},"featured_media":152858,"template":"","meta":[],"product_brand":[],"product_cat":[519,523,526],"product_tag":[593,599,608,627],"class_list":{"0":"post-158393","1":"product","2":"type-product","3":"status-publish","4":"has-post-thumbnail","6":"product_cat-skalar","7":"product_cat-skalar-med-etikett","8":"product_cat-skalar-ur-produktion","9":"product_tag-muminskal","10":"product_tag-mumintrollet","11":"product_tag-sniff-sv","12":"product_tag-utan-etikett","14":"first","15":"instock","16":"taxable","17":"shipping-taxable","18":"purchasable","19":"product-type-simple"},"yoast_head":"<!-- This site is optimized with the Yoast SEO plugin v27.1.1 - https:\/\/yoast.com\/product\/yoast-seo-wordpress\/ -->\n<title>Muminsk\u00e5l Fazer x Moomin *LABEL* - Muumimukit Rahaksi<\/title>\n<meta name=\"description\" content=\"Moomin Arabias muminsk\u00e5l Fazer x Moomin. Sk\u00e5len \u00e4r ny och har etiketten kvar. Presentf\u00f6rpackning ing\u00e5r ej.\" \/>\n<meta name=\"robots\" content=\"index, follow, max-snippet:-1, max-image-preview:large, max-video-preview:-1\" \/>\n<link rel=\"canonical\" href=\"https:\/\/muumimukitrahaksi.fi\/sv\/produkt\/muminskal-fazer-x-moomin-label\/\" \/>\n<meta property=\"og:locale\" content=\"sv_SE\" \/>\n<meta property=\"og:type\" content=\"article\" \/>\n<meta property=\"og:title\" content=\"Muminsk\u00e5l Fazer x Moomin *LABEL* - Muumimukit Rahaksi\" \/>\n<meta property=\"og:description\" content=\"Moomin Arabias muminsk\u00e5l Fazer x Moomin. Sk\u00e5len \u00e4r ny och har etiketten kvar. Presentf\u00f6rpackning ing\u00e5r ej.\" \/>\n<meta property=\"og:url\" content=\"https:\/\/muumimukitrahaksi.fi\/sv\/produkt\/muminskal-fazer-x-moomin-label\/\" \/>\n<meta property=\"og:site_name\" content=\"Muumimukit Rahaksi\" \/>\n<meta property=\"article:publisher\" content=\"https:\/\/www.facebook.com\/muumimukitrahaksi\/\" \/>\n<meta property=\"article:modified_time\" content=\"2026-02-04T08:21:25+00:00\" \/>\n<meta property=\"og:image\" content=\"https:\/\/muumimukitrahaksi.fi\/wp-content\/uploads\/2025\/12\/DSC03036.jpg\" \/>\n\t<meta property=\"og:image:width\" content=\"1000\" \/>\n\t<meta property=\"og:image:height\" content=\"1000\" \/>\n\t<meta property=\"og:image:type\" content=\"image\/jpeg\" \/>\n<meta name=\"twitter:card\" content=\"summary_large_image\" \/>\n<meta name=\"twitter:site\" content=\"@MuumitRahaksi\" \/>\n<meta name=\"twitter:label1\" content=\"Ber\u00e4knad l\u00e4stid\" \/>\n\t<meta name=\"twitter:data1\" content=\"1 minut\" \/>\n<script type=\"application\/ld+json\" class=\"yoast-schema-graph\">{\"@context\":\"https:\/\/schema.org\",\"@graph\":[{\"@type\":\"WebPage\",\"@id\":\"https:\/\/muumimukitrahaksi.fi\/sv\/produkt\/muminskal-fazer-x-moomin-label\/\",\"url\":\"https:\/\/muumimukitrahaksi.fi\/sv\/produkt\/muminskal-fazer-x-moomin-label\/\",\"name\":\"Muminsk\u00e5l Fazer x Moomin *LABEL* - Muumimukit Rahaksi\",\"isPartOf\":{\"@id\":\"https:\/\/muumimukitrahaksi.fi\/#website\"},\"primaryImageOfPage\":{\"@id\":\"https:\/\/muumimukitrahaksi.fi\/sv\/produkt\/muminskal-fazer-x-moomin-label\/#primaryimage\"},\"image\":{\"@id\":\"https:\/\/muumimukitrahaksi.fi\/sv\/produkt\/muminskal-fazer-x-moomin-label\/#primaryimage\"},\"thumbnailUrl\":\"https:\/\/muumimukitrahaksi.fi\/wp-content\/uploads\/2025\/12\/DSC03036.jpg\",\"datePublished\":\"2026-02-03T13:39:40+00:00\",\"dateModified\":\"2026-02-04T08:21:25+00:00\",\"description\":\"Moomin Arabias muminsk\u00e5l Fazer x Moomin. Sk\u00e5len \u00e4r ny och har etiketten kvar. Presentf\u00f6rpackning ing\u00e5r ej.\",\"breadcrumb\":{\"@id\":\"https:\/\/muumimukitrahaksi.fi\/sv\/produkt\/muminskal-fazer-x-moomin-label\/#breadcrumb\"},\"inLanguage\":\"sv-SE\",\"potentialAction\":[{\"@type\":\"ReadAction\",\"target\":[\"https:\/\/muumimukitrahaksi.fi\/sv\/produkt\/muminskal-fazer-x-moomin-label\/\"]}]},{\"@type\":\"ImageObject\",\"inLanguage\":\"sv-SE\",\"@id\":\"https:\/\/muumimukitrahaksi.fi\/sv\/produkt\/muminskal-fazer-x-moomin-label\/#primaryimage\",\"url\":\"https:\/\/muumimukitrahaksi.fi\/wp-content\/uploads\/2025\/12\/DSC03036.jpg\",\"contentUrl\":\"https:\/\/muumimukitrahaksi.fi\/wp-content\/uploads\/2025\/12\/DSC03036.jpg\",\"width\":1000,\"height\":1000,\"caption\":\"Muminsk\u00e5l Fazer x Moomin 80 \u00e5r jubileums box\"},{\"@type\":\"BreadcrumbList\",\"@id\":\"https:\/\/muumimukitrahaksi.fi\/sv\/produkt\/muminskal-fazer-x-moomin-label\/#breadcrumb\",\"itemListElement\":[{\"@type\":\"ListItem\",\"position\":1,\"name\":\"Etusivu\",\"item\":\"https:\/\/muumimukitrahaksi.fi\/sv\/\"},{\"@type\":\"ListItem\",\"position\":2,\"name\":\"Butik\",\"item\":\"https:\/\/muumimukitrahaksi.fi\/sv\/butik\/\"},{\"@type\":\"ListItem\",\"position\":3,\"name\":\"Muminsk\u00e5l Fazer x Moomin *LABEL*\"}]},{\"@type\":\"WebSite\",\"@id\":\"https:\/\/muumimukitrahaksi.fi\/#website\",\"url\":\"https:\/\/muumimukitrahaksi.fi\/\",\"name\":\"Muumimukit Rahaksi\",\"description\":\"Muumimukeja, -kulhoja ja -lautasia ker\u00e4ilij\u00f6ille!\",\"publisher\":{\"@id\":\"https:\/\/muumimukitrahaksi.fi\/#organization\"},\"potentialAction\":[{\"@type\":\"SearchAction\",\"target\":{\"@type\":\"EntryPoint\",\"urlTemplate\":\"https:\/\/muumimukitrahaksi.fi\/?s={search_term_string}\"},\"query-input\":{\"@type\":\"PropertyValueSpecification\",\"valueRequired\":true,\"valueName\":\"search_term_string\"}}],\"inLanguage\":\"sv-SE\"},{\"@type\":\"Organization\",\"@id\":\"https:\/\/muumimukitrahaksi.fi\/#organization\",\"name\":\"Muumimukit Rahaksi\",\"url\":\"https:\/\/muumimukitrahaksi.fi\/\",\"logo\":{\"@type\":\"ImageObject\",\"inLanguage\":\"sv-SE\",\"@id\":\"https:\/\/muumimukitrahaksi.fi\/#\/schema\/logo\/image\/\",\"url\":\"https:\/\/muumimukitrahaksi.fi\/wp-content\/uploads\/2017\/09\/logooo.jpg\",\"contentUrl\":\"https:\/\/muumimukitrahaksi.fi\/wp-content\/uploads\/2017\/09\/logooo.jpg\",\"width\":514,\"height\":514,\"caption\":\"Muumimukit Rahaksi\"},\"image\":{\"@id\":\"https:\/\/muumimukitrahaksi.fi\/#\/schema\/logo\/image\/\"},\"sameAs\":[\"https:\/\/www.facebook.com\/muumimukitrahaksi\/\",\"https:\/\/x.com\/MuumitRahaksi\",\"https:\/\/www.instagram.com\/muumimukitrahaksi\/\"]}]}<\/script>\n<!-- \/ Yoast SEO plugin. -->","yoast_head_json":{"title":"Muminsk\u00e5l Fazer x Moomin *LABEL* - Muumimukit Rahaksi","description":"Moomin Arabias muminsk\u00e5l Fazer x Moomin. Sk\u00e5len \u00e4r ny och har etiketten kvar. Presentf\u00f6rpackning ing\u00e5r ej.","robots":{"index":"index","follow":"follow","max-snippet":"max-snippet:-1","max-image-preview":"max-image-preview:large","max-video-preview":"max-video-preview:-1"},"canonical":"https:\/\/muumimukitrahaksi.fi\/sv\/produkt\/muminskal-fazer-x-moomin-label\/","og_locale":"sv_SE","og_type":"article","og_title":"Muminsk\u00e5l Fazer x Moomin *LABEL* - Muumimukit Rahaksi","og_description":"Moomin Arabias muminsk\u00e5l Fazer x Moomin. Sk\u00e5len \u00e4r ny och har etiketten kvar. Presentf\u00f6rpackning ing\u00e5r ej.","og_url":"https:\/\/muumimukitrahaksi.fi\/sv\/produkt\/muminskal-fazer-x-moomin-label\/","og_site_name":"Muumimukit Rahaksi","article_publisher":"https:\/\/www.facebook.com\/muumimukitrahaksi\/","article_modified_time":"2026-02-04T08:21:25+00:00","og_image":[{"width":1000,"height":1000,"url":"https:\/\/muumimukitrahaksi.fi\/wp-content\/uploads\/2025\/12\/DSC03036.jpg","type":"image\/jpeg"}],"twitter_card":"summary_large_image","twitter_site":"@MuumitRahaksi","twitter_misc":{"Ber\u00e4knad l\u00e4stid":"1 minut"},"schema":{"@context":"https:\/\/schema.org","@graph":[{"@type":"WebPage","@id":"https:\/\/muumimukitrahaksi.fi\/sv\/produkt\/muminskal-fazer-x-moomin-label\/","url":"https:\/\/muumimukitrahaksi.fi\/sv\/produkt\/muminskal-fazer-x-moomin-label\/","name":"Muminsk\u00e5l Fazer x Moomin *LABEL* - Muumimukit Rahaksi","isPartOf":{"@id":"https:\/\/muumimukitrahaksi.fi\/#website"},"primaryImageOfPage":{"@id":"https:\/\/muumimukitrahaksi.fi\/sv\/produkt\/muminskal-fazer-x-moomin-label\/#primaryimage"},"image":{"@id":"https:\/\/muumimukitrahaksi.fi\/sv\/produkt\/muminskal-fazer-x-moomin-label\/#primaryimage"},"thumbnailUrl":"https:\/\/muumimukitrahaksi.fi\/wp-content\/uploads\/2025\/12\/DSC03036.jpg","datePublished":"2026-02-03T13:39:40+00:00","dateModified":"2026-02-04T08:21:25+00:00","description":"Moomin Arabias muminsk\u00e5l Fazer x Moomin. Sk\u00e5len \u00e4r ny och har etiketten kvar. Presentf\u00f6rpackning ing\u00e5r ej.","breadcrumb":{"@id":"https:\/\/muumimukitrahaksi.fi\/sv\/produkt\/muminskal-fazer-x-moomin-label\/#breadcrumb"},"inLanguage":"sv-SE","potentialAction":[{"@type":"ReadAction","target":["https:\/\/muumimukitrahaksi.fi\/sv\/produkt\/muminskal-fazer-x-moomin-label\/"]}]},{"@type":"ImageObject","inLanguage":"sv-SE","@id":"https:\/\/muumimukitrahaksi.fi\/sv\/produkt\/muminskal-fazer-x-moomin-label\/#primaryimage","url":"https:\/\/muumimukitrahaksi.fi\/wp-content\/uploads\/2025\/12\/DSC03036.jpg","contentUrl":"https:\/\/muumimukitrahaksi.fi\/wp-content\/uploads\/2025\/12\/DSC03036.jpg","width":1000,"height":1000,"caption":"Muminsk\u00e5l Fazer x Moomin 80 \u00e5r jubileums box"},{"@type":"BreadcrumbList","@id":"https:\/\/muumimukitrahaksi.fi\/sv\/produkt\/muminskal-fazer-x-moomin-label\/#breadcrumb","itemListElement":[{"@type":"ListItem","position":1,"name":"Etusivu","item":"https:\/\/muumimukitrahaksi.fi\/sv\/"},{"@type":"ListItem","position":2,"name":"Butik","item":"https:\/\/muumimukitrahaksi.fi\/sv\/butik\/"},{"@type":"ListItem","position":3,"name":"Muminsk\u00e5l Fazer x Moomin *LABEL*"}]},{"@type":"WebSite","@id":"https:\/\/muumimukitrahaksi.fi\/#website","url":"https:\/\/muumimukitrahaksi.fi\/","name":"Muumimukit Rahaksi","description":"Muumimukeja, -kulhoja ja -lautasia ker\u00e4ilij\u00f6ille!","publisher":{"@id":"https:\/\/muumimukitrahaksi.fi\/#organization"},"potentialAction":[{"@type":"SearchAction","target":{"@type":"EntryPoint","urlTemplate":"https:\/\/muumimukitrahaksi.fi\/?s={search_term_string}"},"query-input":{"@type":"PropertyValueSpecification","valueRequired":true,"valueName":"search_term_string"}}],"inLanguage":"sv-SE"},{"@type":"Organization","@id":"https:\/\/muumimukitrahaksi.fi\/#organization","name":"Muumimukit Rahaksi","url":"https:\/\/muumimukitrahaksi.fi\/","logo":{"@type":"ImageObject","inLanguage":"sv-SE","@id":"https:\/\/muumimukitrahaksi.fi\/#\/schema\/logo\/image\/","url":"https:\/\/muumimukitrahaksi.fi\/wp-content\/uploads\/2017\/09\/logooo.jpg","contentUrl":"https:\/\/muumimukitrahaksi.fi\/wp-content\/uploads\/2017\/09\/logooo.jpg","width":514,"height":514,"caption":"Muumimukit Rahaksi"},"image":{"@id":"https:\/\/muumimukitrahaksi.fi\/#\/schema\/logo\/image\/"},"sameAs":["https:\/\/www.facebook.com\/muumimukitrahaksi\/","https:\/\/x.com\/MuumitRahaksi","https:\/\/www.instagram.com\/muumimukitrahaksi\/"]}]}},"_links":{"self":[{"href":"https:\/\/muumimukitrahaksi.fi\/sv\/wp-json\/wp\/v2\/product\/158393","targetHints":{"allow":["GET"]}}],"collection":[{"href":"https:\/\/muumimukitrahaksi.fi\/sv\/wp-json\/wp\/v2\/product"}],"about":[{"href":"https:\/\/muumimukitrahaksi.fi\/sv\/wp-json\/wp\/v2\/types\/product"}],"wp:featuredmedia":[{"embeddable":true,"href":"https:\/\/muumimukitrahaksi.fi\/sv\/wp-json\/wp\/v2\/media\/152858"}],"wp:attachment":[{"href":"https:\/\/muumimukitrahaksi.fi\/sv\/wp-json\/wp\/v2\/media?parent=158393"}],"wp:term":[{"taxonomy":"product_brand","embeddable":true,"href":"https:\/\/muumimukitrahaksi.fi\/sv\/wp-json\/wp\/v2\/product_brand?post=158393"},{"taxonomy":"product_cat","embeddable":true,"href":"https:\/\/muumimukitrahaksi.fi\/sv\/wp-json\/wp\/v2\/product_cat?post=158393"},{"taxonomy":"product_tag","embeddable":true,"href":"https:\/\/muumimukitrahaksi.fi\/sv\/wp-json\/wp\/v2\/product_tag?post=158393"}],"curies":[{"name":"wp","href":"https:\/\/api.w.org\/{rel}","templated":true}]}}