{"id":159336,"date":"2026-02-13T21:01:03","date_gmt":"2026-02-13T19:01:03","guid":{"rendered":"https:\/\/muumimukitrahaksi.fi\/tuote\/muminmugg-moominvalley-park-japan-2026-ny\/"},"modified":"2026-04-12T15:57:23","modified_gmt":"2026-04-12T12:57:23","slug":"muminmugg-moominvalley-park-japan-2026-ny","status":"publish","type":"product","link":"https:\/\/muumimukitrahaksi.fi\/sv\/produkt\/muminmugg-moominvalley-park-japan-2026-ny\/","title":{"rendered":"Muminmugg Moominvalley Park Japan (2026) *NY*"},"content":{"rendered":"<p style=\"text-align: center;\"><strong>\u2022 Officiell Moomin Characters\u00a0 licensinnehavare \u2022 Delbetalning\/faktura \u2022 Kvalitetsgranskade produkter<\/strong><\/p>\n<p><strong>Muminmuggen Moominvalley Park Japan 2026<\/strong> kommer att b\u00f6rja s\u00e4ljas i Moominvalley Park \u2011temaparken i Hanno, Japan, den 28.2.2026. Muggen s\u00e4ljs endast i denna temapark. Upplagan \u00e4r begr\u00e4nsad till 10\u202f000 exemplar. Muggen rymmer 0,3 liter.<\/p>\n<p>Detta \u00e4r den tredje muggen som finns att f\u00e5 tag p\u00e5 enbart i Moominvalley Park i Hanno, Japan. <a href=\"https:\/\/muumimukitrahaksi.fi\/sv\/produkt\/muminmugg-moominvalley-park-japan-2019-ny\/\">Den f\u00f6rsta versionen<\/a> lanserades i samband med parkens \u00f6ppning \u00e5r 2019. Ett \u00e5r senare gavs en <a href=\"https:\/\/muumimukitrahaksi.fi\/sv\/produkt\/muminmugg-moominvalley-park-japan-1st-anniversary-2020-ny\/\">1\u2011\u00e5rsjubileumsutg\u00e5va<\/a> ut, med n\u00e5got annorlunda f\u00f6rpackning och bottenst\u00e4mpel. <a href=\"https:\/\/muumimukitrahaksi.fi\/sv\/produkt\/muminmugg-moominvalley-park-japan-2023-ny\/\">\u00c5r 2023<\/a> genomgick muggen en n\u00e5got st\u00f6rre uppdatering, \u00e4ven om temat i illustrationen till viss del f\u00f6rblev detsamma.<\/p>\n<p>Muminmuggen Moominvalley Park Japan 2026 har en helt ny illustration d\u00e4r Mumintrollen avbildas i glada vardagssysslor och stunder. Det \u00e4r troligen h\u00e4rifr\u00e5n dess engelska namn \u201dSimple Joy\u201d kommer. Det betyder bokstavligen enkel gl\u00e4dje, men syftar p\u00e5 de sm\u00e5 gl\u00e4djestunder i vardagen. Muggen har \u00e4nnu ingen officiell svensk \u00f6vers\u00e4ttning.<\/p>\n<p>I illustrationen syns karakt\u00e4rer fr\u00e5n Mumindalen sysselsatta med sina favoritaktiviteter, som sk\u00e4nker dem gl\u00e4dje i vardagen. Bland annat ser man Mumintrollet och Snusmumriken ute och fiskar, Muminmamman som vattnar blommor och Muminpappan som h\u00e4nger upp en h\u00e4ngmatta mot en tr\u00e4dstam.<\/p>\n<p>Den 22 april 2026 lanserades en version av muggen med namnet Simple Joy, som tillverkades enbart f\u00f6r den japanska marknaden, med en n\u00e5got annorlunda f\u00e4rgskala i turkos. <a href=\"https:\/\/muumimukitrahaksi.fi\/sv\/produkt\/muminmugg-simple-joy-2026-etikett\/\">Den turkosa Simple Joy -muggen<\/a> s\u00e4ljs inte bara i temaparken utan \u00e4ven mer allm\u00e4nt runt om i Japan. Dessutom \u00e4r muggens upplaga st\u00f6rre.<\/p>\n<p>Kolla in andra Moominvalley Park Japan produkter <a href=\"https:\/\/muumimukitrahaksi.fi\/sv\/produkt-avdelning\/muggar\/moominvalley-park-japan-sv\/\">h\u00e4r<\/a>.<\/p>\n<p>Har du en Moominvalley Park Japan 2026 -muminmugg och vill s\u00e4lja den? Vi k\u00f6per ocks\u00e5 muminmuggar. Klicka <a href=\"https:\/\/muumimukitrahaksi.fi\/en\/sell-moomin\/\">h\u00e4r<\/a>, fyll i formul\u00e4ret och f\u00e5 en offert samma dag.<\/p>\n","protected":false},"excerpt":{"rendered":"<p style=\"text-align: center;\"><strong>H\u00f6gklassiga varor \u2022 Snabb leverans<\/strong><\/p>\n<p>Moomin Arabias muminmugg Moominvalley Park Japan 2026. Muggen s\u00e4ljs endast i Moominvalley Park i Japan. Muggen \u00e4r ny och har etiketten kvar. <strong>Upplagan \u00e4r begr\u00e4nsad till 10\u202f000 exemplar.<\/strong> Muggen kommer i sin ursprungliga f\u00f6rvaringsl\u00e5da. <strong>Tillg\u00e4nglig direkt fr\u00e5n lagret. Leveranserna har p\u00e5b\u00f6rjats.<\/strong> I priset (189,90\u20ac) ing\u00e5r finsk moms (25,5%). Momsen kommer att tas bort i kassan f\u00f6r kunder utanf\u00f6r EU. Muggarna packas med omsorg och f\u00f6rnybara material.<\/p>\n<p style=\"text-align: center;\"><strong>\u2022 S\u00e4kra betalningss\u00e4tt<\/strong><\/p>\n<p><img loading=\"lazy\" decoding=\"async\" class=\"aligncenter wp-image-20415 size-full\" src=\"https:\/\/muumimukitrahaksi.fi\/wp-content\/uploads\/2020\/06\/maksutavat-2026-pieni-eng.png\" alt=\"Payment options\" width=\"350\" height=\"200\" \/><\/p>\n","protected":false},"featured_media":163092,"template":"","meta":[],"product_brand":[],"product_cat":[537,541,546,544,534,671,538],"product_tag":[574,626,597,568],"class_list":{"0":"post-159336","1":"product","2":"type-product","3":"status-publish","4":"has-post-thumbnail","6":"product_cat-arabia-muggar","7":"product_cat-moominvalley-park-japan-sv","8":"product_cat-muggar-i-produktion","9":"product_cat-muggar-med-etikett","10":"product_cat-muggar","11":"product_cat-nyheter","12":"product_cat-specialmuggar","13":"product_tag-japan-sv","14":"product_tag-med-etikett","15":"product_tag-muminmugg","16":"product_tag-specialmugg","18":"first","19":"instock","20":"featured","21":"taxable","22":"shipping-taxable","23":"purchasable","24":"product-type-simple"},"yoast_head":"<!-- This site is optimized with the Yoast SEO plugin v27.1.1 - https:\/\/yoast.com\/product\/yoast-seo-wordpress\/ -->\n<title>Muminmugg Moominvalley Park Japan (2026) *NY* - Muumimukit Rahaksi<\/title>\n<meta name=\"description\" content=\"Muminmuggen Moominvalley Park Japan 2026 kommer att b\u00f6rja s\u00e4ljas i Moominvalley Park \u2011temaparken i Japan. Upplagan \u00e4r begr\u00e4nsad till 10\u202f000 exemplar.\" \/>\n<meta name=\"robots\" content=\"index, follow, max-snippet:-1, max-image-preview:large, max-video-preview:-1\" \/>\n<link rel=\"canonical\" href=\"https:\/\/muumimukitrahaksi.fi\/sv\/produkt\/muminmugg-moominvalley-park-japan-2026-ny\/\" \/>\n<meta property=\"og:locale\" content=\"sv_SE\" \/>\n<meta property=\"og:type\" content=\"article\" \/>\n<meta property=\"og:title\" content=\"Muminmugg Moominvalley Park Japan (2026) *NY* - Muumimukit Rahaksi\" \/>\n<meta property=\"og:description\" content=\"Muminmuggen Moominvalley Park Japan 2026 kommer att b\u00f6rja s\u00e4ljas i Moominvalley Park \u2011temaparken i Japan. Upplagan \u00e4r begr\u00e4nsad till 10\u202f000 exemplar.\" \/>\n<meta property=\"og:url\" content=\"https:\/\/muumimukitrahaksi.fi\/sv\/produkt\/muminmugg-moominvalley-park-japan-2026-ny\/\" \/>\n<meta property=\"og:site_name\" content=\"Muumimukit Rahaksi\" \/>\n<meta property=\"article:publisher\" content=\"https:\/\/www.facebook.com\/muumimukitrahaksi\/\" \/>\n<meta property=\"article:modified_time\" content=\"2026-04-12T12:57:23+00:00\" \/>\n<meta property=\"og:image\" content=\"https:\/\/muumimukitrahaksi.fi\/wp-content\/uploads\/2026\/03\/DSC05273.jpg\" \/>\n\t<meta property=\"og:image:width\" content=\"1000\" \/>\n\t<meta property=\"og:image:height\" content=\"1000\" \/>\n\t<meta property=\"og:image:type\" content=\"image\/jpeg\" \/>\n<meta name=\"twitter:card\" content=\"summary_large_image\" \/>\n<meta name=\"twitter:site\" content=\"@MuumitRahaksi\" \/>\n<meta name=\"twitter:label1\" content=\"Ber\u00e4knad l\u00e4stid\" \/>\n\t<meta name=\"twitter:data1\" content=\"2 minuter\" \/>\n<script type=\"application\/ld+json\" class=\"yoast-schema-graph\">{\"@context\":\"https:\/\/schema.org\",\"@graph\":[{\"@type\":\"WebPage\",\"@id\":\"https:\/\/muumimukitrahaksi.fi\/sv\/produkt\/muminmugg-moominvalley-park-japan-2026-ny\/\",\"url\":\"https:\/\/muumimukitrahaksi.fi\/sv\/produkt\/muminmugg-moominvalley-park-japan-2026-ny\/\",\"name\":\"Muminmugg Moominvalley Park Japan (2026) *NY* - Muumimukit Rahaksi\",\"isPartOf\":{\"@id\":\"https:\/\/muumimukitrahaksi.fi\/#website\"},\"primaryImageOfPage\":{\"@id\":\"https:\/\/muumimukitrahaksi.fi\/sv\/produkt\/muminmugg-moominvalley-park-japan-2026-ny\/#primaryimage\"},\"image\":{\"@id\":\"https:\/\/muumimukitrahaksi.fi\/sv\/produkt\/muminmugg-moominvalley-park-japan-2026-ny\/#primaryimage\"},\"thumbnailUrl\":\"https:\/\/muumimukitrahaksi.fi\/wp-content\/uploads\/2026\/03\/DSC05273.jpg\",\"datePublished\":\"2026-02-13T19:01:03+00:00\",\"dateModified\":\"2026-04-12T12:57:23+00:00\",\"description\":\"Muminmuggen Moominvalley Park Japan 2026 kommer att b\u00f6rja s\u00e4ljas i Moominvalley Park \u2011temaparken i Japan. Upplagan \u00e4r begr\u00e4nsad till 10\u202f000 exemplar.\",\"breadcrumb\":{\"@id\":\"https:\/\/muumimukitrahaksi.fi\/sv\/produkt\/muminmugg-moominvalley-park-japan-2026-ny\/#breadcrumb\"},\"inLanguage\":\"sv-SE\",\"potentialAction\":[{\"@type\":\"ReadAction\",\"target\":[\"https:\/\/muumimukitrahaksi.fi\/sv\/produkt\/muminmugg-moominvalley-park-japan-2026-ny\/\"]}]},{\"@type\":\"ImageObject\",\"inLanguage\":\"sv-SE\",\"@id\":\"https:\/\/muumimukitrahaksi.fi\/sv\/produkt\/muminmugg-moominvalley-park-japan-2026-ny\/#primaryimage\",\"url\":\"https:\/\/muumimukitrahaksi.fi\/wp-content\/uploads\/2026\/03\/DSC05273.jpg\",\"contentUrl\":\"https:\/\/muumimukitrahaksi.fi\/wp-content\/uploads\/2026\/03\/DSC05273.jpg\",\"width\":1000,\"height\":1000,\"caption\":\"Muminmugg Moominvalley Park Japan 2026\"},{\"@type\":\"BreadcrumbList\",\"@id\":\"https:\/\/muumimukitrahaksi.fi\/sv\/produkt\/muminmugg-moominvalley-park-japan-2026-ny\/#breadcrumb\",\"itemListElement\":[{\"@type\":\"ListItem\",\"position\":1,\"name\":\"Etusivu\",\"item\":\"https:\/\/muumimukitrahaksi.fi\/sv\/\"},{\"@type\":\"ListItem\",\"position\":2,\"name\":\"Butik\",\"item\":\"https:\/\/muumimukitrahaksi.fi\/sv\/butik\/\"},{\"@type\":\"ListItem\",\"position\":3,\"name\":\"Muminmugg Moominvalley Park Japan (2026) *NY*\"}]},{\"@type\":\"WebSite\",\"@id\":\"https:\/\/muumimukitrahaksi.fi\/#website\",\"url\":\"https:\/\/muumimukitrahaksi.fi\/\",\"name\":\"Muumimukit Rahaksi\",\"description\":\"Muumimukeja, -kulhoja ja -lautasia ker\u00e4ilij\u00f6ille!\",\"publisher\":{\"@id\":\"https:\/\/muumimukitrahaksi.fi\/#organization\"},\"potentialAction\":[{\"@type\":\"SearchAction\",\"target\":{\"@type\":\"EntryPoint\",\"urlTemplate\":\"https:\/\/muumimukitrahaksi.fi\/?s={search_term_string}\"},\"query-input\":{\"@type\":\"PropertyValueSpecification\",\"valueRequired\":true,\"valueName\":\"search_term_string\"}}],\"inLanguage\":\"sv-SE\"},{\"@type\":\"Organization\",\"@id\":\"https:\/\/muumimukitrahaksi.fi\/#organization\",\"name\":\"Muumimukit Rahaksi\",\"url\":\"https:\/\/muumimukitrahaksi.fi\/\",\"logo\":{\"@type\":\"ImageObject\",\"inLanguage\":\"sv-SE\",\"@id\":\"https:\/\/muumimukitrahaksi.fi\/#\/schema\/logo\/image\/\",\"url\":\"https:\/\/muumimukitrahaksi.fi\/wp-content\/uploads\/2017\/09\/logooo.jpg\",\"contentUrl\":\"https:\/\/muumimukitrahaksi.fi\/wp-content\/uploads\/2017\/09\/logooo.jpg\",\"width\":514,\"height\":514,\"caption\":\"Muumimukit Rahaksi\"},\"image\":{\"@id\":\"https:\/\/muumimukitrahaksi.fi\/#\/schema\/logo\/image\/\"},\"sameAs\":[\"https:\/\/www.facebook.com\/muumimukitrahaksi\/\",\"https:\/\/x.com\/MuumitRahaksi\",\"https:\/\/www.instagram.com\/muumimukitrahaksi\/\"]}]}<\/script>\n<!-- \/ Yoast SEO plugin. -->","yoast_head_json":{"title":"Muminmugg Moominvalley Park Japan (2026) *NY* - Muumimukit Rahaksi","description":"Muminmuggen Moominvalley Park Japan 2026 kommer att b\u00f6rja s\u00e4ljas i Moominvalley Park \u2011temaparken i Japan. Upplagan \u00e4r begr\u00e4nsad till 10\u202f000 exemplar.","robots":{"index":"index","follow":"follow","max-snippet":"max-snippet:-1","max-image-preview":"max-image-preview:large","max-video-preview":"max-video-preview:-1"},"canonical":"https:\/\/muumimukitrahaksi.fi\/sv\/produkt\/muminmugg-moominvalley-park-japan-2026-ny\/","og_locale":"sv_SE","og_type":"article","og_title":"Muminmugg Moominvalley Park Japan (2026) *NY* - Muumimukit Rahaksi","og_description":"Muminmuggen Moominvalley Park Japan 2026 kommer att b\u00f6rja s\u00e4ljas i Moominvalley Park \u2011temaparken i Japan. Upplagan \u00e4r begr\u00e4nsad till 10\u202f000 exemplar.","og_url":"https:\/\/muumimukitrahaksi.fi\/sv\/produkt\/muminmugg-moominvalley-park-japan-2026-ny\/","og_site_name":"Muumimukit Rahaksi","article_publisher":"https:\/\/www.facebook.com\/muumimukitrahaksi\/","article_modified_time":"2026-04-12T12:57:23+00:00","og_image":[{"width":1000,"height":1000,"url":"https:\/\/muumimukitrahaksi.fi\/wp-content\/uploads\/2026\/03\/DSC05273.jpg","type":"image\/jpeg"}],"twitter_card":"summary_large_image","twitter_site":"@MuumitRahaksi","twitter_misc":{"Ber\u00e4knad l\u00e4stid":"2 minuter"},"schema":{"@context":"https:\/\/schema.org","@graph":[{"@type":"WebPage","@id":"https:\/\/muumimukitrahaksi.fi\/sv\/produkt\/muminmugg-moominvalley-park-japan-2026-ny\/","url":"https:\/\/muumimukitrahaksi.fi\/sv\/produkt\/muminmugg-moominvalley-park-japan-2026-ny\/","name":"Muminmugg Moominvalley Park Japan (2026) *NY* - Muumimukit Rahaksi","isPartOf":{"@id":"https:\/\/muumimukitrahaksi.fi\/#website"},"primaryImageOfPage":{"@id":"https:\/\/muumimukitrahaksi.fi\/sv\/produkt\/muminmugg-moominvalley-park-japan-2026-ny\/#primaryimage"},"image":{"@id":"https:\/\/muumimukitrahaksi.fi\/sv\/produkt\/muminmugg-moominvalley-park-japan-2026-ny\/#primaryimage"},"thumbnailUrl":"https:\/\/muumimukitrahaksi.fi\/wp-content\/uploads\/2026\/03\/DSC05273.jpg","datePublished":"2026-02-13T19:01:03+00:00","dateModified":"2026-04-12T12:57:23+00:00","description":"Muminmuggen Moominvalley Park Japan 2026 kommer att b\u00f6rja s\u00e4ljas i Moominvalley Park \u2011temaparken i Japan. Upplagan \u00e4r begr\u00e4nsad till 10\u202f000 exemplar.","breadcrumb":{"@id":"https:\/\/muumimukitrahaksi.fi\/sv\/produkt\/muminmugg-moominvalley-park-japan-2026-ny\/#breadcrumb"},"inLanguage":"sv-SE","potentialAction":[{"@type":"ReadAction","target":["https:\/\/muumimukitrahaksi.fi\/sv\/produkt\/muminmugg-moominvalley-park-japan-2026-ny\/"]}]},{"@type":"ImageObject","inLanguage":"sv-SE","@id":"https:\/\/muumimukitrahaksi.fi\/sv\/produkt\/muminmugg-moominvalley-park-japan-2026-ny\/#primaryimage","url":"https:\/\/muumimukitrahaksi.fi\/wp-content\/uploads\/2026\/03\/DSC05273.jpg","contentUrl":"https:\/\/muumimukitrahaksi.fi\/wp-content\/uploads\/2026\/03\/DSC05273.jpg","width":1000,"height":1000,"caption":"Muminmugg Moominvalley Park Japan 2026"},{"@type":"BreadcrumbList","@id":"https:\/\/muumimukitrahaksi.fi\/sv\/produkt\/muminmugg-moominvalley-park-japan-2026-ny\/#breadcrumb","itemListElement":[{"@type":"ListItem","position":1,"name":"Etusivu","item":"https:\/\/muumimukitrahaksi.fi\/sv\/"},{"@type":"ListItem","position":2,"name":"Butik","item":"https:\/\/muumimukitrahaksi.fi\/sv\/butik\/"},{"@type":"ListItem","position":3,"name":"Muminmugg Moominvalley Park Japan (2026) *NY*"}]},{"@type":"WebSite","@id":"https:\/\/muumimukitrahaksi.fi\/#website","url":"https:\/\/muumimukitrahaksi.fi\/","name":"Muumimukit Rahaksi","description":"Muumimukeja, -kulhoja ja -lautasia ker\u00e4ilij\u00f6ille!","publisher":{"@id":"https:\/\/muumimukitrahaksi.fi\/#organization"},"potentialAction":[{"@type":"SearchAction","target":{"@type":"EntryPoint","urlTemplate":"https:\/\/muumimukitrahaksi.fi\/?s={search_term_string}"},"query-input":{"@type":"PropertyValueSpecification","valueRequired":true,"valueName":"search_term_string"}}],"inLanguage":"sv-SE"},{"@type":"Organization","@id":"https:\/\/muumimukitrahaksi.fi\/#organization","name":"Muumimukit Rahaksi","url":"https:\/\/muumimukitrahaksi.fi\/","logo":{"@type":"ImageObject","inLanguage":"sv-SE","@id":"https:\/\/muumimukitrahaksi.fi\/#\/schema\/logo\/image\/","url":"https:\/\/muumimukitrahaksi.fi\/wp-content\/uploads\/2017\/09\/logooo.jpg","contentUrl":"https:\/\/muumimukitrahaksi.fi\/wp-content\/uploads\/2017\/09\/logooo.jpg","width":514,"height":514,"caption":"Muumimukit Rahaksi"},"image":{"@id":"https:\/\/muumimukitrahaksi.fi\/#\/schema\/logo\/image\/"},"sameAs":["https:\/\/www.facebook.com\/muumimukitrahaksi\/","https:\/\/x.com\/MuumitRahaksi","https:\/\/www.instagram.com\/muumimukitrahaksi\/"]}]}},"_links":{"self":[{"href":"https:\/\/muumimukitrahaksi.fi\/sv\/wp-json\/wp\/v2\/product\/159336","targetHints":{"allow":["GET"]}}],"collection":[{"href":"https:\/\/muumimukitrahaksi.fi\/sv\/wp-json\/wp\/v2\/product"}],"about":[{"href":"https:\/\/muumimukitrahaksi.fi\/sv\/wp-json\/wp\/v2\/types\/product"}],"wp:featuredmedia":[{"embeddable":true,"href":"https:\/\/muumimukitrahaksi.fi\/sv\/wp-json\/wp\/v2\/media\/163092"}],"wp:attachment":[{"href":"https:\/\/muumimukitrahaksi.fi\/sv\/wp-json\/wp\/v2\/media?parent=159336"}],"wp:term":[{"taxonomy":"product_brand","embeddable":true,"href":"https:\/\/muumimukitrahaksi.fi\/sv\/wp-json\/wp\/v2\/product_brand?post=159336"},{"taxonomy":"product_cat","embeddable":true,"href":"https:\/\/muumimukitrahaksi.fi\/sv\/wp-json\/wp\/v2\/product_cat?post=159336"},{"taxonomy":"product_tag","embeddable":true,"href":"https:\/\/muumimukitrahaksi.fi\/sv\/wp-json\/wp\/v2\/product_tag?post=159336"}],"curies":[{"name":"wp","href":"https:\/\/api.w.org\/{rel}","templated":true}]}}