{"id":161623,"date":"2026-03-03T13:26:06","date_gmt":"2026-03-03T11:26:06","guid":{"rendered":"https:\/\/muumimukitrahaksi.fi\/tuote\/muminfigur-moomin-x-skultuna-muminmamman-2021-ny\/"},"modified":"2026-03-03T13:26:06","modified_gmt":"2026-03-03T11:26:06","slug":"muminfigur-moomin-x-skultuna-muminmamman-2021-ny","status":"publish","type":"product","link":"https:\/\/muumimukitrahaksi.fi\/sv\/produkt\/muminfigur-moomin-x-skultuna-muminmamman-2021-ny\/","title":{"rendered":"Muminfigur Moomin x Skultuna Muminmamman (2021-) *NY*"},"content":{"rendered":"<p style=\"text-align: center;\"><strong>\u2022 Officiell Moomin Characters\u00a0 licensinnehavare \u2022 Delbetalning\/faktura \u2022 Kvalitetsgranskade produkter<\/strong><\/p>\n<p data-start=\"49\" data-end=\"384\"><strong>Muminfigur Moomin x Skultuna Muminmamman<\/strong> \u00e4r en del av den Muminfigurkollektion som den svenska designanl\u00e4ggningen Skultuna lanserade \u00e5r 2021. Kollektionen bestod ursprungligen av \u00e5tta olika karakt\u00e4rer, men har senare ut\u00f6kats med b\u00e5de nya figurer och nya versioner av tidigare lanserade karakt\u00e4rer. Muminmamman\u2011figuren \u00e4r cirka 5,7 cm h\u00f6g. Alla figurer \u00e4r tillverkade av h\u00f6gkvalitativt st\u00e5l som \u00e4r belagt med 18 karats guld.<\/p>\n<p data-start=\"49\" data-end=\"384\">Skultuna grundades av kung Karl IX \u00e5r 1607, och b\u00e5de d\u00e5 och nu \u00e4r f\u00f6retagets k\u00e4rna tidl\u00f6s design av h\u00f6gsta kvalitet. Alla Skultunas produkter \u00e4r tillverkade f\u00f6r att h\u00e5lla i generationer. Idag samarbetar Skultuna med ledande internationella designers och har \u00e4ven sin egen designstudio. Skultunas produkter finns i v\u00e4lk\u00e4nda varuhus \u00f6ver hela v\u00e4rlden, och f\u00f6retaget har mottagit flera internationella designutm\u00e4rkelser.<\/p>\n<p>Kolla in andra muminfigurer\u00a0<a href=\"https:\/\/muumimukitrahaksi.fi\/sv\/produkt-avdelning\/ovriga-produkter\/figurer\/\">h\u00e4r.<\/a><\/p>\n<p>Har du Moomin x Skultuna muminfiguren och vill s\u00e4lja den? Vi k\u00f6per ocks\u00e5 muminfigurer. Klicka <a href=\"https:\/\/muumimukitrahaksi.fi\/en\/sell-moomin\/\">h\u00e4r<\/a>, fyll i formul\u00e4ret och f\u00e5 en offert samma dag.<\/p>\n","protected":false},"excerpt":{"rendered":"<p style=\"text-align: center;\"><strong>\u2022 H\u00f6gklassiga varor \u2022 Snabb leverans<\/strong><\/p>\n<p>Skultunas muminfigur Moomin x Skultuna Muminmamman.\u00a0Figuren \u00e4r ny och kommer i sin ursprungliga presentf\u00f6rpackning. I priset (104,90\u20ac) ing\u00e5r finsk moms (25,5%). Momsen kommer att tas bort i kassan f\u00f6r kunder utanf\u00f6r EU. Figuren packas med omsorg och f\u00f6rnybara material.<\/p>\n<p style=\"text-align: center;\"><strong>\u2022 S\u00e4kra betalningss\u00e4tt<\/strong><\/p>\n<p><img loading=\"lazy\" decoding=\"async\" class=\"aligncenter wp-image-20415 size-full\" src=\"https:\/\/muumimukitrahaksi.fi\/wp-content\/uploads\/2020\/06\/maksutavat-2026-pieni-eng.png\" alt=\"Payment options\" width=\"350\" height=\"200\" \/><\/p>\n","protected":false},"featured_media":161313,"template":"","meta":[],"product_brand":[],"product_cat":[550,548],"product_tag":[715,589,596],"class_list":{"0":"post-161623","1":"product","2":"type-product","3":"status-publish","4":"has-post-thumbnail","6":"product_cat-figurer","7":"product_cat-ovriga-produkter","8":"product_tag-moomin-x-skultuna-sv","9":"product_tag-muminfigur","10":"product_tag-muminmamman","12":"first","13":"instock","14":"taxable","15":"shipping-taxable","16":"purchasable","17":"product-type-simple"},"yoast_head":"<!-- This site is optimized with the Yoast SEO plugin v27.1.1 - https:\/\/yoast.com\/product\/yoast-seo-wordpress\/ -->\n<title>Muminfigur Moomin x Skultuna Muminmamman (2021-) *NY* - Muumimukit Rahaksi<\/title>\n<meta name=\"description\" content=\"Muminfigur Moomin x Skultuna Muminmamman \u00e4r en del av den Muminfigurkollektion som den svenska designanl\u00e4ggningen Skultuna lanserade \u00e5r 2021.\" \/>\n<meta name=\"robots\" content=\"index, follow, max-snippet:-1, max-image-preview:large, max-video-preview:-1\" \/>\n<link rel=\"canonical\" href=\"https:\/\/muumimukitrahaksi.fi\/sv\/produkt\/muminfigur-moomin-x-skultuna-muminmamman-2021-ny\/\" \/>\n<meta property=\"og:locale\" content=\"sv_SE\" \/>\n<meta property=\"og:type\" content=\"article\" \/>\n<meta property=\"og:title\" content=\"Muminfigur Moomin x Skultuna Muminmamman (2021-) *NY* - Muumimukit Rahaksi\" \/>\n<meta property=\"og:description\" content=\"Muminfigur Moomin x Skultuna Muminmamman \u00e4r en del av den Muminfigurkollektion som den svenska designanl\u00e4ggningen Skultuna lanserade \u00e5r 2021.\" \/>\n<meta property=\"og:url\" content=\"https:\/\/muumimukitrahaksi.fi\/sv\/produkt\/muminfigur-moomin-x-skultuna-muminmamman-2021-ny\/\" \/>\n<meta property=\"og:site_name\" content=\"Muumimukit Rahaksi\" \/>\n<meta property=\"article:publisher\" content=\"https:\/\/www.facebook.com\/muumimukitrahaksi\/\" \/>\n<meta property=\"og:image\" content=\"https:\/\/muumimukitrahaksi.fi\/wp-content\/uploads\/2026\/03\/muumimamma_1.jpg\" \/>\n\t<meta property=\"og:image:width\" content=\"1000\" \/>\n\t<meta property=\"og:image:height\" content=\"1000\" \/>\n\t<meta property=\"og:image:type\" content=\"image\/jpeg\" \/>\n<meta name=\"twitter:card\" content=\"summary_large_image\" \/>\n<meta name=\"twitter:site\" content=\"@MuumitRahaksi\" \/>\n<meta name=\"twitter:label1\" content=\"Ber\u00e4knad l\u00e4stid\" \/>\n\t<meta name=\"twitter:data1\" content=\"1 minut\" \/>\n<script type=\"application\/ld+json\" class=\"yoast-schema-graph\">{\"@context\":\"https:\/\/schema.org\",\"@graph\":[{\"@type\":\"WebPage\",\"@id\":\"https:\/\/muumimukitrahaksi.fi\/sv\/produkt\/muminfigur-moomin-x-skultuna-muminmamman-2021-ny\/\",\"url\":\"https:\/\/muumimukitrahaksi.fi\/sv\/produkt\/muminfigur-moomin-x-skultuna-muminmamman-2021-ny\/\",\"name\":\"Muminfigur Moomin x Skultuna Muminmamman (2021-) *NY* - Muumimukit Rahaksi\",\"isPartOf\":{\"@id\":\"https:\/\/muumimukitrahaksi.fi\/#website\"},\"primaryImageOfPage\":{\"@id\":\"https:\/\/muumimukitrahaksi.fi\/sv\/produkt\/muminfigur-moomin-x-skultuna-muminmamman-2021-ny\/#primaryimage\"},\"image\":{\"@id\":\"https:\/\/muumimukitrahaksi.fi\/sv\/produkt\/muminfigur-moomin-x-skultuna-muminmamman-2021-ny\/#primaryimage\"},\"thumbnailUrl\":\"https:\/\/muumimukitrahaksi.fi\/wp-content\/uploads\/2026\/03\/muumimamma_1.jpg\",\"datePublished\":\"2026-03-03T11:26:06+00:00\",\"description\":\"Muminfigur Moomin x Skultuna Muminmamman \u00e4r en del av den Muminfigurkollektion som den svenska designanl\u00e4ggningen Skultuna lanserade \u00e5r 2021.\",\"breadcrumb\":{\"@id\":\"https:\/\/muumimukitrahaksi.fi\/sv\/produkt\/muminfigur-moomin-x-skultuna-muminmamman-2021-ny\/#breadcrumb\"},\"inLanguage\":\"sv-SE\",\"potentialAction\":[{\"@type\":\"ReadAction\",\"target\":[\"https:\/\/muumimukitrahaksi.fi\/sv\/produkt\/muminfigur-moomin-x-skultuna-muminmamman-2021-ny\/\"]}]},{\"@type\":\"ImageObject\",\"inLanguage\":\"sv-SE\",\"@id\":\"https:\/\/muumimukitrahaksi.fi\/sv\/produkt\/muminfigur-moomin-x-skultuna-muminmamman-2021-ny\/#primaryimage\",\"url\":\"https:\/\/muumimukitrahaksi.fi\/wp-content\/uploads\/2026\/03\/muumimamma_1.jpg\",\"contentUrl\":\"https:\/\/muumimukitrahaksi.fi\/wp-content\/uploads\/2026\/03\/muumimamma_1.jpg\",\"width\":1000,\"height\":1000,\"caption\":\"Muminfigur Moomin x Skultuna Muminmamman\"},{\"@type\":\"BreadcrumbList\",\"@id\":\"https:\/\/muumimukitrahaksi.fi\/sv\/produkt\/muminfigur-moomin-x-skultuna-muminmamman-2021-ny\/#breadcrumb\",\"itemListElement\":[{\"@type\":\"ListItem\",\"position\":1,\"name\":\"Etusivu\",\"item\":\"https:\/\/muumimukitrahaksi.fi\/sv\/\"},{\"@type\":\"ListItem\",\"position\":2,\"name\":\"Butik\",\"item\":\"https:\/\/muumimukitrahaksi.fi\/sv\/butik\/\"},{\"@type\":\"ListItem\",\"position\":3,\"name\":\"Muminfigur Moomin x Skultuna Muminmamman (2021-) *NY*\"}]},{\"@type\":\"WebSite\",\"@id\":\"https:\/\/muumimukitrahaksi.fi\/#website\",\"url\":\"https:\/\/muumimukitrahaksi.fi\/\",\"name\":\"Muumimukit Rahaksi\",\"description\":\"Muumimukeja, -kulhoja ja -lautasia ker\u00e4ilij\u00f6ille!\",\"publisher\":{\"@id\":\"https:\/\/muumimukitrahaksi.fi\/#organization\"},\"potentialAction\":[{\"@type\":\"SearchAction\",\"target\":{\"@type\":\"EntryPoint\",\"urlTemplate\":\"https:\/\/muumimukitrahaksi.fi\/?s={search_term_string}\"},\"query-input\":{\"@type\":\"PropertyValueSpecification\",\"valueRequired\":true,\"valueName\":\"search_term_string\"}}],\"inLanguage\":\"sv-SE\"},{\"@type\":\"Organization\",\"@id\":\"https:\/\/muumimukitrahaksi.fi\/#organization\",\"name\":\"Muumimukit Rahaksi\",\"url\":\"https:\/\/muumimukitrahaksi.fi\/\",\"logo\":{\"@type\":\"ImageObject\",\"inLanguage\":\"sv-SE\",\"@id\":\"https:\/\/muumimukitrahaksi.fi\/#\/schema\/logo\/image\/\",\"url\":\"https:\/\/muumimukitrahaksi.fi\/wp-content\/uploads\/2017\/09\/logooo.jpg\",\"contentUrl\":\"https:\/\/muumimukitrahaksi.fi\/wp-content\/uploads\/2017\/09\/logooo.jpg\",\"width\":514,\"height\":514,\"caption\":\"Muumimukit Rahaksi\"},\"image\":{\"@id\":\"https:\/\/muumimukitrahaksi.fi\/#\/schema\/logo\/image\/\"},\"sameAs\":[\"https:\/\/www.facebook.com\/muumimukitrahaksi\/\",\"https:\/\/x.com\/MuumitRahaksi\",\"https:\/\/www.instagram.com\/muumimukitrahaksi\/\"]}]}<\/script>\n<!-- \/ Yoast SEO plugin. -->","yoast_head_json":{"title":"Muminfigur Moomin x Skultuna Muminmamman (2021-) *NY* - Muumimukit Rahaksi","description":"Muminfigur Moomin x Skultuna Muminmamman \u00e4r en del av den Muminfigurkollektion som den svenska designanl\u00e4ggningen Skultuna lanserade \u00e5r 2021.","robots":{"index":"index","follow":"follow","max-snippet":"max-snippet:-1","max-image-preview":"max-image-preview:large","max-video-preview":"max-video-preview:-1"},"canonical":"https:\/\/muumimukitrahaksi.fi\/sv\/produkt\/muminfigur-moomin-x-skultuna-muminmamman-2021-ny\/","og_locale":"sv_SE","og_type":"article","og_title":"Muminfigur Moomin x Skultuna Muminmamman (2021-) *NY* - Muumimukit Rahaksi","og_description":"Muminfigur Moomin x Skultuna Muminmamman \u00e4r en del av den Muminfigurkollektion som den svenska designanl\u00e4ggningen Skultuna lanserade \u00e5r 2021.","og_url":"https:\/\/muumimukitrahaksi.fi\/sv\/produkt\/muminfigur-moomin-x-skultuna-muminmamman-2021-ny\/","og_site_name":"Muumimukit Rahaksi","article_publisher":"https:\/\/www.facebook.com\/muumimukitrahaksi\/","og_image":[{"width":1000,"height":1000,"url":"https:\/\/muumimukitrahaksi.fi\/wp-content\/uploads\/2026\/03\/muumimamma_1.jpg","type":"image\/jpeg"}],"twitter_card":"summary_large_image","twitter_site":"@MuumitRahaksi","twitter_misc":{"Ber\u00e4knad l\u00e4stid":"1 minut"},"schema":{"@context":"https:\/\/schema.org","@graph":[{"@type":"WebPage","@id":"https:\/\/muumimukitrahaksi.fi\/sv\/produkt\/muminfigur-moomin-x-skultuna-muminmamman-2021-ny\/","url":"https:\/\/muumimukitrahaksi.fi\/sv\/produkt\/muminfigur-moomin-x-skultuna-muminmamman-2021-ny\/","name":"Muminfigur Moomin x Skultuna Muminmamman (2021-) *NY* - Muumimukit Rahaksi","isPartOf":{"@id":"https:\/\/muumimukitrahaksi.fi\/#website"},"primaryImageOfPage":{"@id":"https:\/\/muumimukitrahaksi.fi\/sv\/produkt\/muminfigur-moomin-x-skultuna-muminmamman-2021-ny\/#primaryimage"},"image":{"@id":"https:\/\/muumimukitrahaksi.fi\/sv\/produkt\/muminfigur-moomin-x-skultuna-muminmamman-2021-ny\/#primaryimage"},"thumbnailUrl":"https:\/\/muumimukitrahaksi.fi\/wp-content\/uploads\/2026\/03\/muumimamma_1.jpg","datePublished":"2026-03-03T11:26:06+00:00","description":"Muminfigur Moomin x Skultuna Muminmamman \u00e4r en del av den Muminfigurkollektion som den svenska designanl\u00e4ggningen Skultuna lanserade \u00e5r 2021.","breadcrumb":{"@id":"https:\/\/muumimukitrahaksi.fi\/sv\/produkt\/muminfigur-moomin-x-skultuna-muminmamman-2021-ny\/#breadcrumb"},"inLanguage":"sv-SE","potentialAction":[{"@type":"ReadAction","target":["https:\/\/muumimukitrahaksi.fi\/sv\/produkt\/muminfigur-moomin-x-skultuna-muminmamman-2021-ny\/"]}]},{"@type":"ImageObject","inLanguage":"sv-SE","@id":"https:\/\/muumimukitrahaksi.fi\/sv\/produkt\/muminfigur-moomin-x-skultuna-muminmamman-2021-ny\/#primaryimage","url":"https:\/\/muumimukitrahaksi.fi\/wp-content\/uploads\/2026\/03\/muumimamma_1.jpg","contentUrl":"https:\/\/muumimukitrahaksi.fi\/wp-content\/uploads\/2026\/03\/muumimamma_1.jpg","width":1000,"height":1000,"caption":"Muminfigur Moomin x Skultuna Muminmamman"},{"@type":"BreadcrumbList","@id":"https:\/\/muumimukitrahaksi.fi\/sv\/produkt\/muminfigur-moomin-x-skultuna-muminmamman-2021-ny\/#breadcrumb","itemListElement":[{"@type":"ListItem","position":1,"name":"Etusivu","item":"https:\/\/muumimukitrahaksi.fi\/sv\/"},{"@type":"ListItem","position":2,"name":"Butik","item":"https:\/\/muumimukitrahaksi.fi\/sv\/butik\/"},{"@type":"ListItem","position":3,"name":"Muminfigur Moomin x Skultuna Muminmamman (2021-) *NY*"}]},{"@type":"WebSite","@id":"https:\/\/muumimukitrahaksi.fi\/#website","url":"https:\/\/muumimukitrahaksi.fi\/","name":"Muumimukit Rahaksi","description":"Muumimukeja, -kulhoja ja -lautasia ker\u00e4ilij\u00f6ille!","publisher":{"@id":"https:\/\/muumimukitrahaksi.fi\/#organization"},"potentialAction":[{"@type":"SearchAction","target":{"@type":"EntryPoint","urlTemplate":"https:\/\/muumimukitrahaksi.fi\/?s={search_term_string}"},"query-input":{"@type":"PropertyValueSpecification","valueRequired":true,"valueName":"search_term_string"}}],"inLanguage":"sv-SE"},{"@type":"Organization","@id":"https:\/\/muumimukitrahaksi.fi\/#organization","name":"Muumimukit Rahaksi","url":"https:\/\/muumimukitrahaksi.fi\/","logo":{"@type":"ImageObject","inLanguage":"sv-SE","@id":"https:\/\/muumimukitrahaksi.fi\/#\/schema\/logo\/image\/","url":"https:\/\/muumimukitrahaksi.fi\/wp-content\/uploads\/2017\/09\/logooo.jpg","contentUrl":"https:\/\/muumimukitrahaksi.fi\/wp-content\/uploads\/2017\/09\/logooo.jpg","width":514,"height":514,"caption":"Muumimukit Rahaksi"},"image":{"@id":"https:\/\/muumimukitrahaksi.fi\/#\/schema\/logo\/image\/"},"sameAs":["https:\/\/www.facebook.com\/muumimukitrahaksi\/","https:\/\/x.com\/MuumitRahaksi","https:\/\/www.instagram.com\/muumimukitrahaksi\/"]}]}},"_links":{"self":[{"href":"https:\/\/muumimukitrahaksi.fi\/sv\/wp-json\/wp\/v2\/product\/161623","targetHints":{"allow":["GET"]}}],"collection":[{"href":"https:\/\/muumimukitrahaksi.fi\/sv\/wp-json\/wp\/v2\/product"}],"about":[{"href":"https:\/\/muumimukitrahaksi.fi\/sv\/wp-json\/wp\/v2\/types\/product"}],"wp:featuredmedia":[{"embeddable":true,"href":"https:\/\/muumimukitrahaksi.fi\/sv\/wp-json\/wp\/v2\/media\/161313"}],"wp:attachment":[{"href":"https:\/\/muumimukitrahaksi.fi\/sv\/wp-json\/wp\/v2\/media?parent=161623"}],"wp:term":[{"taxonomy":"product_brand","embeddable":true,"href":"https:\/\/muumimukitrahaksi.fi\/sv\/wp-json\/wp\/v2\/product_brand?post=161623"},{"taxonomy":"product_cat","embeddable":true,"href":"https:\/\/muumimukitrahaksi.fi\/sv\/wp-json\/wp\/v2\/product_cat?post=161623"},{"taxonomy":"product_tag","embeddable":true,"href":"https:\/\/muumimukitrahaksi.fi\/sv\/wp-json\/wp\/v2\/product_tag?post=161623"}],"curies":[{"name":"wp","href":"https:\/\/api.w.org\/{rel}","templated":true}]}}