{"id":162504,"date":"2026-03-11T12:27:06","date_gmt":"2026-03-11T10:27:06","guid":{"rendered":"https:\/\/muumimukitrahaksi.fi\/tuote\/mumin-sjalvbevattnare-muurla-hattifnatt-2024-ny\/"},"modified":"2026-03-11T12:27:06","modified_gmt":"2026-03-11T10:27:06","slug":"mumin-sjalvbevattnare-muurla-hattifnatt-2024-ny","status":"publish","type":"product","link":"https:\/\/muumimukitrahaksi.fi\/sv\/produkt\/mumin-sjalvbevattnare-muurla-hattifnatt-2024-ny\/","title":{"rendered":"Mumin sj\u00e4lvbevattnare Muurla Hattifnatt (2024-) *NY*"},"content":{"rendered":"<p style=\"text-align: center;\"><strong>\u2022 Officiell Moomin Characters\u00a0 licensinnehavare \u2022 Delbetalning\/faktura \u2022 Kvalitetsgranskade produkter<\/strong><\/p>\n<p><strong>Mumin sj\u00e4lvbevattnare Muurla Hattifnatt<\/strong>\u00a0<span class=\"YPkS7KbdpWfGdYKd3QB9\" data-src-align=\"14:2\">\u00e4r<\/span> <span class=\"YPkS7KbdpWfGdYKd3QB9\" data-src-align=\"28:39\">en av de mystiska sm\u00e5 varelserna i Muminber\u00e4ttelserna<\/span>. <span class=\"YPkS7KbdpWfGdYKd3QB9\" data-src-align=\"82:4\">De v\u00e4xer<\/span> <span class=\"YPkS7KbdpWfGdYKd3QB9\" data-src-align=\"87:4\">fr\u00e5n<\/span> <span class=\"YPkS7KbdpWfGdYKd3QB9\" data-src-align=\"92:5\">sm\u00e5<\/span> <span class=\"YPkS7KbdpWfGdYKd3QB9\" data-src-align=\"98:5\">vita<\/span> <span class=\"YPkS7KbdpWfGdYKd3QB9\" data-src-align=\"104:5\">fr\u00f6n<\/span><span class=\"YPkS7KbdpWfGdYKd3QB9\" data-src-align=\"110:3\">-men<\/span> <span class=\"YPkS7KbdpWfGdYKd3QB9\" data-src-align=\"114:4\">bara<\/span> <span class=\"YPkS7KbdpWfGdYKd3QB9\" data-src-align=\"126:36\">om fr\u00f6na s\u00e5s p\u00e5 en midsommarnatt.<\/span> <span class=\"YPkS7KbdpWfGdYKd3QB9\" data-src-align=\"163:6\">Muurla<\/span> <span class=\"YPkS7KbdpWfGdYKd3QB9\" data-src-align=\"174:7\">har skapat<\/span> <span class=\"YPkS7KbdpWfGdYKd3QB9\" data-src-align=\"184:50\">en serie produkter i <\/span>Hattifnattarnas tr\u00e4dg\u00e5rd<span class=\"YPkS7KbdpWfGdYKd3QB9\" data-src-align=\"236:60\">, som inkluderar roliga produkter f\u00f6r gr\u00f6n dekoration och tr\u00e4dg\u00e5rd.<\/span><\/p>\n<p>Fyll Hattifnatten med vatten, g\u00f6r ett litet h\u00e5l i jorden och placera f\u00f6rsiktigt bevattnaren i jorden f\u00f6r att s\u00e4kerst\u00e4lla att dina v\u00e4xter f\u00e5r en j\u00e4mn vattentillf\u00f6rsel. F\u00f6r st\u00f6rre eller mer t\u00f6rstiga v\u00e4xter kan det beh\u00f6vas mer \u00e4n en Hattifnatt f\u00f6r att m\u00f6ta deras behov. Tillverkad av h\u00e5llbart borosilikatglas, \u00e4r denna bevattnare inte bara funktionell utan \u00e4ven ett vackert designat glasf\u00f6rem\u00e5l som ger en lekfull touch till dina v\u00e4xter. Men som alltid h\u00e5ll ett \u00f6ga p\u00e5 Hattifnattarna, f\u00f6r de \u00e4r k\u00e4nda f\u00f6r sin rastl\u00f6sa natur och sin st\u00e4ndiga l\u00e4ngtan efter horisonten..<\/p>\n<p>Ytan p\u00e5 Muurlas muminmuggar, tillverkade av kolst\u00e5l, har en dubbel emaljbel\u00e4ggning. F\u00f6rutom vid matbordet passar dessa muggar ocks\u00e5 utm\u00e4rkt f\u00f6r utomhusbruk. Muggarna \u00e4r utm\u00e4rkta f\u00f6r vandring p\u00e5 grund av att de \u00e4r l\u00e4tta och h\u00e5llbara. Den normala volymen f\u00f6r Muurlas emaljmuggar \u00e4r 3,7 dl, men det finns ocks\u00e5 mindre och st\u00f6rre versioner av Muurlas muminmuggar. Muurlas muminmuggar \u00e4r handgjorda vilket betyder, att deras utseende kan variera n\u00e5got fr\u00e5n individ till individ.<\/p>\n<p>Muurlas Muminmuggar kan diskas i diskmaskin, men de b\u00f6r inte anv\u00e4ndas i mikrov\u00e5gsugn.<\/p>\n<p>Kolla in emaljmuggar fr\u00e5n Muurla <a href=\"https:\/\/muumimukitrahaksi.fi\/sv\/produkt-avdelning\/muggar\/muurla-muggar\/\">h\u00e4r.<\/a><\/p>\n<p>Har du en Hattifnatt-sj\u00e4lvbevattnare och vill s\u00e4lja den? Vi k\u00f6per ocks\u00e5 muminmuggar. Klicka <a href=\"https:\/\/muumimukitrahaksi.fi\/en\/sell-moomin\/\">h\u00e4r<\/a>, fyll i formul\u00e4ret och f\u00e5 en offert samma dag.<\/p>\n","protected":false},"excerpt":{"rendered":"<p style=\"text-align: center;\"><strong>H\u00f6gklassiga varor \u2022 Snabb leverans<\/strong><\/p>\n<p>Mumin sj\u00e4lvbevattnare Muurla Hattifnatt . Glasburken \u00e4r ny. Levereras i originalf\u00f6rpackning. I priset (29,90\u20ac) ing\u00e5r finsk moms (25,5%). Momsen kommer att tas bort i kassan f\u00f6r kunder utanf\u00f6r EU. H\u00f6jd 30 cm och volym 2dl. Sj\u00e4lvattnaren packas med omsorg och f\u00f6rnybara material.<\/p>\n<p style=\"text-align: center;\"><strong>\u2022 S\u00e4kra betalningss\u00e4tt<\/strong><\/p>\n<p><img loading=\"lazy\" decoding=\"async\" class=\"aligncenter wp-image-20415 size-full\" src=\"https:\/\/muumimukitrahaksi.fi\/wp-content\/uploads\/2020\/06\/maksutavat-2026-pieni-eng.png\" alt=\"Payment options\" width=\"350\" height=\"200\" \/><\/p>\n","protected":false},"featured_media":162278,"template":"","meta":[],"product_brand":[],"product_cat":[548,556],"product_tag":[571,602],"class_list":{"0":"post-162504","1":"product","2":"type-product","3":"status-publish","4":"has-post-thumbnail","6":"product_cat-ovriga-produkter","7":"product_cat-ovrigt","8":"product_tag-hattifnattarna","9":"product_tag-muurla-sv","11":"first","12":"instock","13":"taxable","14":"shipping-taxable","15":"purchasable","16":"product-type-simple"},"yoast_head":"<!-- This site is optimized with the Yoast SEO plugin v27.1.1 - https:\/\/yoast.com\/product\/yoast-seo-wordpress\/ -->\n<title>Mumin sj\u00e4lvbevattnare Muurla Hattifnatt (2024-) *NY* - Muumimukit Rahaksi<\/title>\n<meta name=\"description\" content=\"Mumin sj\u00e4lvbevattnare Muurla Hattifnatt . Glasburken \u00e4r ny. Levereras i originalf\u00f6rpackning.\" \/>\n<meta name=\"robots\" content=\"index, follow, max-snippet:-1, max-image-preview:large, max-video-preview:-1\" \/>\n<link rel=\"canonical\" href=\"https:\/\/muumimukitrahaksi.fi\/sv\/produkt\/mumin-sjalvbevattnare-muurla-hattifnatt-2024-ny\/\" \/>\n<meta property=\"og:locale\" content=\"sv_SE\" \/>\n<meta property=\"og:type\" content=\"article\" \/>\n<meta property=\"og:title\" content=\"Mumin sj\u00e4lvbevattnare Muurla Hattifnatt (2024-) *NY* - Muumimukit Rahaksi\" \/>\n<meta property=\"og:description\" content=\"Mumin sj\u00e4lvbevattnare Muurla Hattifnatt . Glasburken \u00e4r ny. Levereras i originalf\u00f6rpackning.\" \/>\n<meta property=\"og:url\" content=\"https:\/\/muumimukitrahaksi.fi\/sv\/produkt\/mumin-sjalvbevattnare-muurla-hattifnatt-2024-ny\/\" \/>\n<meta property=\"og:site_name\" content=\"Muumimukit Rahaksi\" \/>\n<meta property=\"article:publisher\" content=\"https:\/\/www.facebook.com\/muumimukitrahaksi\/\" \/>\n<meta property=\"og:image\" content=\"https:\/\/muumimukitrahaksi.fi\/wp-content\/uploads\/2026\/03\/kasteluvahti_1.jpg\" \/>\n\t<meta property=\"og:image:width\" content=\"1000\" \/>\n\t<meta property=\"og:image:height\" content=\"1000\" \/>\n\t<meta property=\"og:image:type\" content=\"image\/jpeg\" \/>\n<meta name=\"twitter:card\" content=\"summary_large_image\" \/>\n<meta name=\"twitter:site\" content=\"@MuumitRahaksi\" \/>\n<meta name=\"twitter:label1\" content=\"Ber\u00e4knad l\u00e4stid\" \/>\n\t<meta name=\"twitter:data1\" content=\"2 minuter\" \/>\n<script type=\"application\/ld+json\" class=\"yoast-schema-graph\">{\"@context\":\"https:\/\/schema.org\",\"@graph\":[{\"@type\":\"WebPage\",\"@id\":\"https:\/\/muumimukitrahaksi.fi\/sv\/produkt\/mumin-sjalvbevattnare-muurla-hattifnatt-2024-ny\/\",\"url\":\"https:\/\/muumimukitrahaksi.fi\/sv\/produkt\/mumin-sjalvbevattnare-muurla-hattifnatt-2024-ny\/\",\"name\":\"Mumin sj\u00e4lvbevattnare Muurla Hattifnatt (2024-) *NY* - Muumimukit Rahaksi\",\"isPartOf\":{\"@id\":\"https:\/\/muumimukitrahaksi.fi\/#website\"},\"primaryImageOfPage\":{\"@id\":\"https:\/\/muumimukitrahaksi.fi\/sv\/produkt\/mumin-sjalvbevattnare-muurla-hattifnatt-2024-ny\/#primaryimage\"},\"image\":{\"@id\":\"https:\/\/muumimukitrahaksi.fi\/sv\/produkt\/mumin-sjalvbevattnare-muurla-hattifnatt-2024-ny\/#primaryimage\"},\"thumbnailUrl\":\"https:\/\/muumimukitrahaksi.fi\/wp-content\/uploads\/2026\/03\/kasteluvahti_1.jpg\",\"datePublished\":\"2026-03-11T10:27:06+00:00\",\"description\":\"Mumin sj\u00e4lvbevattnare Muurla Hattifnatt . Glasburken \u00e4r ny. Levereras i originalf\u00f6rpackning.\",\"breadcrumb\":{\"@id\":\"https:\/\/muumimukitrahaksi.fi\/sv\/produkt\/mumin-sjalvbevattnare-muurla-hattifnatt-2024-ny\/#breadcrumb\"},\"inLanguage\":\"sv-SE\",\"potentialAction\":[{\"@type\":\"ReadAction\",\"target\":[\"https:\/\/muumimukitrahaksi.fi\/sv\/produkt\/mumin-sjalvbevattnare-muurla-hattifnatt-2024-ny\/\"]}]},{\"@type\":\"ImageObject\",\"inLanguage\":\"sv-SE\",\"@id\":\"https:\/\/muumimukitrahaksi.fi\/sv\/produkt\/mumin-sjalvbevattnare-muurla-hattifnatt-2024-ny\/#primaryimage\",\"url\":\"https:\/\/muumimukitrahaksi.fi\/wp-content\/uploads\/2026\/03\/kasteluvahti_1.jpg\",\"contentUrl\":\"https:\/\/muumimukitrahaksi.fi\/wp-content\/uploads\/2026\/03\/kasteluvahti_1.jpg\",\"width\":1000,\"height\":1000,\"caption\":\"Mumin sj\u00e4lvbevattnare Muurla Hattifnatt\"},{\"@type\":\"BreadcrumbList\",\"@id\":\"https:\/\/muumimukitrahaksi.fi\/sv\/produkt\/mumin-sjalvbevattnare-muurla-hattifnatt-2024-ny\/#breadcrumb\",\"itemListElement\":[{\"@type\":\"ListItem\",\"position\":1,\"name\":\"Etusivu\",\"item\":\"https:\/\/muumimukitrahaksi.fi\/sv\/\"},{\"@type\":\"ListItem\",\"position\":2,\"name\":\"Butik\",\"item\":\"https:\/\/muumimukitrahaksi.fi\/sv\/butik\/\"},{\"@type\":\"ListItem\",\"position\":3,\"name\":\"Mumin sj\u00e4lvbevattnare Muurla Hattifnatt (2024-) *NY*\"}]},{\"@type\":\"WebSite\",\"@id\":\"https:\/\/muumimukitrahaksi.fi\/#website\",\"url\":\"https:\/\/muumimukitrahaksi.fi\/\",\"name\":\"Muumimukit Rahaksi\",\"description\":\"Muumimukeja, -kulhoja ja -lautasia ker\u00e4ilij\u00f6ille!\",\"publisher\":{\"@id\":\"https:\/\/muumimukitrahaksi.fi\/#organization\"},\"potentialAction\":[{\"@type\":\"SearchAction\",\"target\":{\"@type\":\"EntryPoint\",\"urlTemplate\":\"https:\/\/muumimukitrahaksi.fi\/?s={search_term_string}\"},\"query-input\":{\"@type\":\"PropertyValueSpecification\",\"valueRequired\":true,\"valueName\":\"search_term_string\"}}],\"inLanguage\":\"sv-SE\"},{\"@type\":\"Organization\",\"@id\":\"https:\/\/muumimukitrahaksi.fi\/#organization\",\"name\":\"Muumimukit Rahaksi\",\"url\":\"https:\/\/muumimukitrahaksi.fi\/\",\"logo\":{\"@type\":\"ImageObject\",\"inLanguage\":\"sv-SE\",\"@id\":\"https:\/\/muumimukitrahaksi.fi\/#\/schema\/logo\/image\/\",\"url\":\"https:\/\/muumimukitrahaksi.fi\/wp-content\/uploads\/2017\/09\/logooo.jpg\",\"contentUrl\":\"https:\/\/muumimukitrahaksi.fi\/wp-content\/uploads\/2017\/09\/logooo.jpg\",\"width\":514,\"height\":514,\"caption\":\"Muumimukit Rahaksi\"},\"image\":{\"@id\":\"https:\/\/muumimukitrahaksi.fi\/#\/schema\/logo\/image\/\"},\"sameAs\":[\"https:\/\/www.facebook.com\/muumimukitrahaksi\/\",\"https:\/\/x.com\/MuumitRahaksi\",\"https:\/\/www.instagram.com\/muumimukitrahaksi\/\"]}]}<\/script>\n<!-- \/ Yoast SEO plugin. -->","yoast_head_json":{"title":"Mumin sj\u00e4lvbevattnare Muurla Hattifnatt (2024-) *NY* - Muumimukit Rahaksi","description":"Mumin sj\u00e4lvbevattnare Muurla Hattifnatt . Glasburken \u00e4r ny. Levereras i originalf\u00f6rpackning.","robots":{"index":"index","follow":"follow","max-snippet":"max-snippet:-1","max-image-preview":"max-image-preview:large","max-video-preview":"max-video-preview:-1"},"canonical":"https:\/\/muumimukitrahaksi.fi\/sv\/produkt\/mumin-sjalvbevattnare-muurla-hattifnatt-2024-ny\/","og_locale":"sv_SE","og_type":"article","og_title":"Mumin sj\u00e4lvbevattnare Muurla Hattifnatt (2024-) *NY* - Muumimukit Rahaksi","og_description":"Mumin sj\u00e4lvbevattnare Muurla Hattifnatt . Glasburken \u00e4r ny. Levereras i originalf\u00f6rpackning.","og_url":"https:\/\/muumimukitrahaksi.fi\/sv\/produkt\/mumin-sjalvbevattnare-muurla-hattifnatt-2024-ny\/","og_site_name":"Muumimukit Rahaksi","article_publisher":"https:\/\/www.facebook.com\/muumimukitrahaksi\/","og_image":[{"width":1000,"height":1000,"url":"https:\/\/muumimukitrahaksi.fi\/wp-content\/uploads\/2026\/03\/kasteluvahti_1.jpg","type":"image\/jpeg"}],"twitter_card":"summary_large_image","twitter_site":"@MuumitRahaksi","twitter_misc":{"Ber\u00e4knad l\u00e4stid":"2 minuter"},"schema":{"@context":"https:\/\/schema.org","@graph":[{"@type":"WebPage","@id":"https:\/\/muumimukitrahaksi.fi\/sv\/produkt\/mumin-sjalvbevattnare-muurla-hattifnatt-2024-ny\/","url":"https:\/\/muumimukitrahaksi.fi\/sv\/produkt\/mumin-sjalvbevattnare-muurla-hattifnatt-2024-ny\/","name":"Mumin sj\u00e4lvbevattnare Muurla Hattifnatt (2024-) *NY* - Muumimukit Rahaksi","isPartOf":{"@id":"https:\/\/muumimukitrahaksi.fi\/#website"},"primaryImageOfPage":{"@id":"https:\/\/muumimukitrahaksi.fi\/sv\/produkt\/mumin-sjalvbevattnare-muurla-hattifnatt-2024-ny\/#primaryimage"},"image":{"@id":"https:\/\/muumimukitrahaksi.fi\/sv\/produkt\/mumin-sjalvbevattnare-muurla-hattifnatt-2024-ny\/#primaryimage"},"thumbnailUrl":"https:\/\/muumimukitrahaksi.fi\/wp-content\/uploads\/2026\/03\/kasteluvahti_1.jpg","datePublished":"2026-03-11T10:27:06+00:00","description":"Mumin sj\u00e4lvbevattnare Muurla Hattifnatt . Glasburken \u00e4r ny. Levereras i originalf\u00f6rpackning.","breadcrumb":{"@id":"https:\/\/muumimukitrahaksi.fi\/sv\/produkt\/mumin-sjalvbevattnare-muurla-hattifnatt-2024-ny\/#breadcrumb"},"inLanguage":"sv-SE","potentialAction":[{"@type":"ReadAction","target":["https:\/\/muumimukitrahaksi.fi\/sv\/produkt\/mumin-sjalvbevattnare-muurla-hattifnatt-2024-ny\/"]}]},{"@type":"ImageObject","inLanguage":"sv-SE","@id":"https:\/\/muumimukitrahaksi.fi\/sv\/produkt\/mumin-sjalvbevattnare-muurla-hattifnatt-2024-ny\/#primaryimage","url":"https:\/\/muumimukitrahaksi.fi\/wp-content\/uploads\/2026\/03\/kasteluvahti_1.jpg","contentUrl":"https:\/\/muumimukitrahaksi.fi\/wp-content\/uploads\/2026\/03\/kasteluvahti_1.jpg","width":1000,"height":1000,"caption":"Mumin sj\u00e4lvbevattnare Muurla Hattifnatt"},{"@type":"BreadcrumbList","@id":"https:\/\/muumimukitrahaksi.fi\/sv\/produkt\/mumin-sjalvbevattnare-muurla-hattifnatt-2024-ny\/#breadcrumb","itemListElement":[{"@type":"ListItem","position":1,"name":"Etusivu","item":"https:\/\/muumimukitrahaksi.fi\/sv\/"},{"@type":"ListItem","position":2,"name":"Butik","item":"https:\/\/muumimukitrahaksi.fi\/sv\/butik\/"},{"@type":"ListItem","position":3,"name":"Mumin sj\u00e4lvbevattnare Muurla Hattifnatt (2024-) *NY*"}]},{"@type":"WebSite","@id":"https:\/\/muumimukitrahaksi.fi\/#website","url":"https:\/\/muumimukitrahaksi.fi\/","name":"Muumimukit Rahaksi","description":"Muumimukeja, -kulhoja ja -lautasia ker\u00e4ilij\u00f6ille!","publisher":{"@id":"https:\/\/muumimukitrahaksi.fi\/#organization"},"potentialAction":[{"@type":"SearchAction","target":{"@type":"EntryPoint","urlTemplate":"https:\/\/muumimukitrahaksi.fi\/?s={search_term_string}"},"query-input":{"@type":"PropertyValueSpecification","valueRequired":true,"valueName":"search_term_string"}}],"inLanguage":"sv-SE"},{"@type":"Organization","@id":"https:\/\/muumimukitrahaksi.fi\/#organization","name":"Muumimukit Rahaksi","url":"https:\/\/muumimukitrahaksi.fi\/","logo":{"@type":"ImageObject","inLanguage":"sv-SE","@id":"https:\/\/muumimukitrahaksi.fi\/#\/schema\/logo\/image\/","url":"https:\/\/muumimukitrahaksi.fi\/wp-content\/uploads\/2017\/09\/logooo.jpg","contentUrl":"https:\/\/muumimukitrahaksi.fi\/wp-content\/uploads\/2017\/09\/logooo.jpg","width":514,"height":514,"caption":"Muumimukit Rahaksi"},"image":{"@id":"https:\/\/muumimukitrahaksi.fi\/#\/schema\/logo\/image\/"},"sameAs":["https:\/\/www.facebook.com\/muumimukitrahaksi\/","https:\/\/x.com\/MuumitRahaksi","https:\/\/www.instagram.com\/muumimukitrahaksi\/"]}]}},"_links":{"self":[{"href":"https:\/\/muumimukitrahaksi.fi\/sv\/wp-json\/wp\/v2\/product\/162504","targetHints":{"allow":["GET"]}}],"collection":[{"href":"https:\/\/muumimukitrahaksi.fi\/sv\/wp-json\/wp\/v2\/product"}],"about":[{"href":"https:\/\/muumimukitrahaksi.fi\/sv\/wp-json\/wp\/v2\/types\/product"}],"wp:featuredmedia":[{"embeddable":true,"href":"https:\/\/muumimukitrahaksi.fi\/sv\/wp-json\/wp\/v2\/media\/162278"}],"wp:attachment":[{"href":"https:\/\/muumimukitrahaksi.fi\/sv\/wp-json\/wp\/v2\/media?parent=162504"}],"wp:term":[{"taxonomy":"product_brand","embeddable":true,"href":"https:\/\/muumimukitrahaksi.fi\/sv\/wp-json\/wp\/v2\/product_brand?post=162504"},{"taxonomy":"product_cat","embeddable":true,"href":"https:\/\/muumimukitrahaksi.fi\/sv\/wp-json\/wp\/v2\/product_cat?post=162504"},{"taxonomy":"product_tag","embeddable":true,"href":"https:\/\/muumimukitrahaksi.fi\/sv\/wp-json\/wp\/v2\/product_tag?post=162504"}],"curies":[{"name":"wp","href":"https:\/\/api.w.org\/{rel}","templated":true}]}}