{"id":164258,"date":"2026-04-08T15:55:36","date_gmt":"2026-04-08T12:55:36","guid":{"rendered":"https:\/\/muumimukitrahaksi.fi\/tuote\/mumintallrik-redo-for-semester-2026-etikett\/"},"modified":"2026-04-08T21:10:43","modified_gmt":"2026-04-08T18:10:43","slug":"mumintallrik-redo-for-semester-2026-etikett","status":"publish","type":"product","link":"https:\/\/muumimukitrahaksi.fi\/sv\/produkt\/mumintallrik-redo-for-semester-2026-etikett\/","title":{"rendered":"Mumintallrik Redo f\u00f6r semester (2026) *ETIKETT*"},"content":{"rendered":"<p style=\"text-align: center;\"><strong>\u2022 Officiell Moomin Characters\u00a0 licensinnehavare \u2022 Delbetalning\/faktura \u2022 Kvalitetsgranskade produkter<\/strong><\/p>\n<p><strong>Mumintallriken Redo f\u00f6r semester<\/strong> \u00e4r Moomin Arabias sommars\u00e4songstallrik f\u00f6r 2026. Redo f\u00f6r semester -tallriken inleder en ny serie i fem delar av sommars\u00e4songstallrikar som bygger p\u00e5 Mumintrollens \u00e4ventyr p\u00e5 Rivieran. Den mjukt tonade Redo f\u00f6r semester -kollektionen omfattar bland annat en mugg, en tallrik och en minimugg. Produkterna i kollektionen finns tillg\u00e4ngliga exklusivt under perioden 6.5-30.9.2026.<\/p>\n<p>Den f\u00f6rsta Rivierainspirerade sommars\u00e4songstallriken skildrar Mumintrollens allra f\u00f6rsta resa till den lyxiga franska kusten. Packningsbestyren \u00e4r i full g\u00e5ng n\u00e4r Muminmamman, Muminpappan, Mumintrollet och Snorkfr\u00f6ken turas om att f\u00f6rs\u00f6ka f\u00e5 plats med allt som beh\u00f6vs i resv\u00e4skorna. Den livfulla illustrationen p\u00e5 Redo f\u00f6r semester -tallriken har inspirerats av Tove Janssons serietidning Familjen lever h\u00f6gt fr\u00e5n 1955. Serien baserar sig delvis p\u00e5 verkliga h\u00e4ndelser fr\u00e5n den resa som Tove Jansson och hennes mor gjorde tillsammans till Rivieran \u00e5r 1954. Ytterligare illustrationselement har h\u00e4mtats fr\u00e5n serierna Mumin och kometen (1958) och Mumin till sj\u00f6ss (1959).<\/p>\n<p>Insidan av Redo f\u00f6r semester -muggen pryds av en rolig detalj: en minneslapp med texten \u201dThe key is under the window-sill!\u201d (p\u00e5 svenska: \u201dNyckeln finns under f\u00f6nsterbr\u00e4dan!\u201d). F\u00f6r f\u00f6rsta g\u00e5ngen syns en liknande detalj ocks\u00e5 p\u00e5 en mumintallrik, d\u00e5 samma minneslapp \u00e5terfinns tryckt l\u00e4ngs tallrikens kant.<\/p>\n<p>Kolla in andra mumintallrikar <a href=\"https:\/\/muumimukitrahaksi.fi\/sv\/produkt-avdelning\/tallrikar\/\">h\u00e4r.<\/a><\/p>\n<p>Har du en Redo f\u00f6r semester mumintallrik och vill s\u00e4lja den? Vi k\u00f6per ocks\u00e5 mumintallrikar. Klicka <a href=\"https:\/\/muumimukitrahaksi.fi\/en\/sell-moomin\/\">h\u00e4r<\/a>, fyll i formul\u00e4ret och f\u00e5 en offert samma dag.<\/p>\n","protected":false},"excerpt":{"rendered":"<p style=\"text-align: center;\"><strong>\u2022 H\u00f6gklassiga varor \u2022 Snabb leverans<\/strong><\/p>\n<p>Moomin Arabias nya mumintallrik f\u00f6r \u00e5r 2026, Redo f\u00f6r semester, finns nu att best\u00e4lla! Genom att best\u00e4lla tallriken fr\u00e5n oss s\u00e4kerst\u00e4ller du en tallrik i f\u00f6rsta klass utan tillverkningsfel. <strong>Vi kvalitetsgranskar varje tallrik enskilt.<\/strong> Dessutom \u00e4r du en av de f\u00f6rsta som f\u00e5r tallriken, <strong>utan att beh\u00f6va vara orolig \u00f6ver att tallriken hinner s\u00e4lja slut i butikerna.<\/strong> <strong>Leveransen b\u00f6rjar samma morgon som tallriken lanseras, det vill s\u00e4ga den 6.5.2026.<\/strong> Alla varor i samma best\u00e4llning levereras samtidigt. Tallriken \u00e4r ny och har etiketten kvar. I priset (29,90\u20ac) ing\u00e5r finsk moms (25,5%). Momsen kommer att tas bort i kassan f\u00f6r kunder utanf\u00f6r EU. Tallrikarna packas med omsorg och f\u00f6rnybara material.<\/p>\n<p style=\"text-align: center;\"><strong>\u2022 S\u00e4kra betalningss\u00e4tt<\/strong><\/p>\n<p><img loading=\"lazy\" decoding=\"async\" class=\"aligncenter wp-image-20415 size-full\" src=\"https:\/\/muumimukitrahaksi.fi\/wp-content\/uploads\/2020\/06\/maksutavat-2026-pieni-eng.png\" alt=\"Payment options\" width=\"350\" height=\"200\" \/><\/p>\n","protected":false},"featured_media":164197,"template":"","meta":[],"product_brand":[],"product_cat":[527,671,531,529],"product_tag":[626,594,718],"class_list":{"0":"post-164258","1":"product","2":"type-product","3":"status-publish","4":"has-post-thumbnail","6":"product_cat-tallrikar","7":"product_cat-nyheter","8":"product_cat-tallrikar-i-produktion","9":"product_cat-tallrikar-med-etikett","10":"product_tag-med-etikett","11":"product_tag-mumintallrik","12":"product_tag-redo-for-semester","14":"first","15":"instock","16":"taxable","17":"shipping-taxable","18":"purchasable","19":"product-type-simple"},"yoast_head":"<!-- This site is optimized with the Yoast SEO plugin v27.1.1 - https:\/\/yoast.com\/product\/yoast-seo-wordpress\/ -->\n<title>Mumintallrik Redo f\u00f6r semester (2026) *ETIKETT* - Muumimukit Rahaksi<\/title>\n<meta name=\"description\" content=\"Mumintallriken Redo f\u00f6r semester \u00e4r Moomin Arabias sommars\u00e4songstallrik f\u00f6r 2026.\" \/>\n<meta name=\"robots\" content=\"index, follow, max-snippet:-1, max-image-preview:large, max-video-preview:-1\" \/>\n<link rel=\"canonical\" href=\"https:\/\/muumimukitrahaksi.fi\/sv\/produkt\/mumintallrik-redo-for-semester-2026-etikett\/\" \/>\n<meta property=\"og:locale\" content=\"sv_SE\" \/>\n<meta property=\"og:type\" content=\"article\" \/>\n<meta property=\"og:title\" content=\"Mumintallrik Redo f\u00f6r semester (2026) *ETIKETT* - Muumimukit Rahaksi\" \/>\n<meta property=\"og:description\" content=\"Mumintallriken Redo f\u00f6r semester \u00e4r Moomin Arabias sommars\u00e4songstallrik f\u00f6r 2026.\" \/>\n<meta property=\"og:url\" content=\"https:\/\/muumimukitrahaksi.fi\/sv\/produkt\/mumintallrik-redo-for-semester-2026-etikett\/\" \/>\n<meta property=\"og:site_name\" content=\"Muumimukit Rahaksi\" \/>\n<meta property=\"article:publisher\" content=\"https:\/\/www.facebook.com\/muumimukitrahaksi\/\" \/>\n<meta property=\"article:modified_time\" content=\"2026-04-08T18:10:43+00:00\" \/>\n<meta property=\"og:image\" content=\"https:\/\/muumimukitrahaksi.fi\/wp-content\/uploads\/2026\/04\/holidayrush_laut_1.jpg\" \/>\n\t<meta property=\"og:image:width\" content=\"1000\" \/>\n\t<meta property=\"og:image:height\" content=\"1000\" \/>\n\t<meta property=\"og:image:type\" content=\"image\/jpeg\" \/>\n<meta name=\"twitter:card\" content=\"summary_large_image\" \/>\n<meta name=\"twitter:site\" content=\"@MuumitRahaksi\" \/>\n<meta name=\"twitter:label1\" content=\"Ber\u00e4knad l\u00e4stid\" \/>\n\t<meta name=\"twitter:data1\" content=\"1 minut\" \/>\n<script type=\"application\/ld+json\" class=\"yoast-schema-graph\">{\"@context\":\"https:\/\/schema.org\",\"@graph\":[{\"@type\":\"WebPage\",\"@id\":\"https:\/\/muumimukitrahaksi.fi\/sv\/produkt\/mumintallrik-redo-for-semester-2026-etikett\/\",\"url\":\"https:\/\/muumimukitrahaksi.fi\/sv\/produkt\/mumintallrik-redo-for-semester-2026-etikett\/\",\"name\":\"Mumintallrik Redo f\u00f6r semester (2026) *ETIKETT* - Muumimukit Rahaksi\",\"isPartOf\":{\"@id\":\"https:\/\/muumimukitrahaksi.fi\/#website\"},\"primaryImageOfPage\":{\"@id\":\"https:\/\/muumimukitrahaksi.fi\/sv\/produkt\/mumintallrik-redo-for-semester-2026-etikett\/#primaryimage\"},\"image\":{\"@id\":\"https:\/\/muumimukitrahaksi.fi\/sv\/produkt\/mumintallrik-redo-for-semester-2026-etikett\/#primaryimage\"},\"thumbnailUrl\":\"https:\/\/muumimukitrahaksi.fi\/wp-content\/uploads\/2026\/04\/holidayrush_laut_1.jpg\",\"datePublished\":\"2026-04-08T12:55:36+00:00\",\"dateModified\":\"2026-04-08T18:10:43+00:00\",\"description\":\"Mumintallriken Redo f\u00f6r semester \u00e4r Moomin Arabias sommars\u00e4songstallrik f\u00f6r 2026.\",\"breadcrumb\":{\"@id\":\"https:\/\/muumimukitrahaksi.fi\/sv\/produkt\/mumintallrik-redo-for-semester-2026-etikett\/#breadcrumb\"},\"inLanguage\":\"sv-SE\",\"potentialAction\":[{\"@type\":\"ReadAction\",\"target\":[\"https:\/\/muumimukitrahaksi.fi\/sv\/produkt\/mumintallrik-redo-for-semester-2026-etikett\/\"]}]},{\"@type\":\"ImageObject\",\"inLanguage\":\"sv-SE\",\"@id\":\"https:\/\/muumimukitrahaksi.fi\/sv\/produkt\/mumintallrik-redo-for-semester-2026-etikett\/#primaryimage\",\"url\":\"https:\/\/muumimukitrahaksi.fi\/wp-content\/uploads\/2026\/04\/holidayrush_laut_1.jpg\",\"contentUrl\":\"https:\/\/muumimukitrahaksi.fi\/wp-content\/uploads\/2026\/04\/holidayrush_laut_1.jpg\",\"width\":1000,\"height\":1000,\"caption\":\"Mumintallrik Redo f\u00f6r semester\"},{\"@type\":\"BreadcrumbList\",\"@id\":\"https:\/\/muumimukitrahaksi.fi\/sv\/produkt\/mumintallrik-redo-for-semester-2026-etikett\/#breadcrumb\",\"itemListElement\":[{\"@type\":\"ListItem\",\"position\":1,\"name\":\"Etusivu\",\"item\":\"https:\/\/muumimukitrahaksi.fi\/sv\/\"},{\"@type\":\"ListItem\",\"position\":2,\"name\":\"Butik\",\"item\":\"https:\/\/muumimukitrahaksi.fi\/sv\/butik\/\"},{\"@type\":\"ListItem\",\"position\":3,\"name\":\"Mumintallrik Redo f\u00f6r semester (2026) *ETIKETT*\"}]},{\"@type\":\"WebSite\",\"@id\":\"https:\/\/muumimukitrahaksi.fi\/#website\",\"url\":\"https:\/\/muumimukitrahaksi.fi\/\",\"name\":\"Muumimukit Rahaksi\",\"description\":\"Muumimukeja, -kulhoja ja -lautasia ker\u00e4ilij\u00f6ille!\",\"publisher\":{\"@id\":\"https:\/\/muumimukitrahaksi.fi\/#organization\"},\"potentialAction\":[{\"@type\":\"SearchAction\",\"target\":{\"@type\":\"EntryPoint\",\"urlTemplate\":\"https:\/\/muumimukitrahaksi.fi\/?s={search_term_string}\"},\"query-input\":{\"@type\":\"PropertyValueSpecification\",\"valueRequired\":true,\"valueName\":\"search_term_string\"}}],\"inLanguage\":\"sv-SE\"},{\"@type\":\"Organization\",\"@id\":\"https:\/\/muumimukitrahaksi.fi\/#organization\",\"name\":\"Muumimukit Rahaksi\",\"url\":\"https:\/\/muumimukitrahaksi.fi\/\",\"logo\":{\"@type\":\"ImageObject\",\"inLanguage\":\"sv-SE\",\"@id\":\"https:\/\/muumimukitrahaksi.fi\/#\/schema\/logo\/image\/\",\"url\":\"https:\/\/muumimukitrahaksi.fi\/wp-content\/uploads\/2017\/09\/logooo.jpg\",\"contentUrl\":\"https:\/\/muumimukitrahaksi.fi\/wp-content\/uploads\/2017\/09\/logooo.jpg\",\"width\":514,\"height\":514,\"caption\":\"Muumimukit Rahaksi\"},\"image\":{\"@id\":\"https:\/\/muumimukitrahaksi.fi\/#\/schema\/logo\/image\/\"},\"sameAs\":[\"https:\/\/www.facebook.com\/muumimukitrahaksi\/\",\"https:\/\/x.com\/MuumitRahaksi\",\"https:\/\/www.instagram.com\/muumimukitrahaksi\/\"]}]}<\/script>\n<!-- \/ Yoast SEO plugin. -->","yoast_head_json":{"title":"Mumintallrik Redo f\u00f6r semester (2026) *ETIKETT* - Muumimukit Rahaksi","description":"Mumintallriken Redo f\u00f6r semester \u00e4r Moomin Arabias sommars\u00e4songstallrik f\u00f6r 2026.","robots":{"index":"index","follow":"follow","max-snippet":"max-snippet:-1","max-image-preview":"max-image-preview:large","max-video-preview":"max-video-preview:-1"},"canonical":"https:\/\/muumimukitrahaksi.fi\/sv\/produkt\/mumintallrik-redo-for-semester-2026-etikett\/","og_locale":"sv_SE","og_type":"article","og_title":"Mumintallrik Redo f\u00f6r semester (2026) *ETIKETT* - Muumimukit Rahaksi","og_description":"Mumintallriken Redo f\u00f6r semester \u00e4r Moomin Arabias sommars\u00e4songstallrik f\u00f6r 2026.","og_url":"https:\/\/muumimukitrahaksi.fi\/sv\/produkt\/mumintallrik-redo-for-semester-2026-etikett\/","og_site_name":"Muumimukit Rahaksi","article_publisher":"https:\/\/www.facebook.com\/muumimukitrahaksi\/","article_modified_time":"2026-04-08T18:10:43+00:00","og_image":[{"width":1000,"height":1000,"url":"https:\/\/muumimukitrahaksi.fi\/wp-content\/uploads\/2026\/04\/holidayrush_laut_1.jpg","type":"image\/jpeg"}],"twitter_card":"summary_large_image","twitter_site":"@MuumitRahaksi","twitter_misc":{"Ber\u00e4knad l\u00e4stid":"1 minut"},"schema":{"@context":"https:\/\/schema.org","@graph":[{"@type":"WebPage","@id":"https:\/\/muumimukitrahaksi.fi\/sv\/produkt\/mumintallrik-redo-for-semester-2026-etikett\/","url":"https:\/\/muumimukitrahaksi.fi\/sv\/produkt\/mumintallrik-redo-for-semester-2026-etikett\/","name":"Mumintallrik Redo f\u00f6r semester (2026) *ETIKETT* - Muumimukit Rahaksi","isPartOf":{"@id":"https:\/\/muumimukitrahaksi.fi\/#website"},"primaryImageOfPage":{"@id":"https:\/\/muumimukitrahaksi.fi\/sv\/produkt\/mumintallrik-redo-for-semester-2026-etikett\/#primaryimage"},"image":{"@id":"https:\/\/muumimukitrahaksi.fi\/sv\/produkt\/mumintallrik-redo-for-semester-2026-etikett\/#primaryimage"},"thumbnailUrl":"https:\/\/muumimukitrahaksi.fi\/wp-content\/uploads\/2026\/04\/holidayrush_laut_1.jpg","datePublished":"2026-04-08T12:55:36+00:00","dateModified":"2026-04-08T18:10:43+00:00","description":"Mumintallriken Redo f\u00f6r semester \u00e4r Moomin Arabias sommars\u00e4songstallrik f\u00f6r 2026.","breadcrumb":{"@id":"https:\/\/muumimukitrahaksi.fi\/sv\/produkt\/mumintallrik-redo-for-semester-2026-etikett\/#breadcrumb"},"inLanguage":"sv-SE","potentialAction":[{"@type":"ReadAction","target":["https:\/\/muumimukitrahaksi.fi\/sv\/produkt\/mumintallrik-redo-for-semester-2026-etikett\/"]}]},{"@type":"ImageObject","inLanguage":"sv-SE","@id":"https:\/\/muumimukitrahaksi.fi\/sv\/produkt\/mumintallrik-redo-for-semester-2026-etikett\/#primaryimage","url":"https:\/\/muumimukitrahaksi.fi\/wp-content\/uploads\/2026\/04\/holidayrush_laut_1.jpg","contentUrl":"https:\/\/muumimukitrahaksi.fi\/wp-content\/uploads\/2026\/04\/holidayrush_laut_1.jpg","width":1000,"height":1000,"caption":"Mumintallrik Redo f\u00f6r semester"},{"@type":"BreadcrumbList","@id":"https:\/\/muumimukitrahaksi.fi\/sv\/produkt\/mumintallrik-redo-for-semester-2026-etikett\/#breadcrumb","itemListElement":[{"@type":"ListItem","position":1,"name":"Etusivu","item":"https:\/\/muumimukitrahaksi.fi\/sv\/"},{"@type":"ListItem","position":2,"name":"Butik","item":"https:\/\/muumimukitrahaksi.fi\/sv\/butik\/"},{"@type":"ListItem","position":3,"name":"Mumintallrik Redo f\u00f6r semester (2026) *ETIKETT*"}]},{"@type":"WebSite","@id":"https:\/\/muumimukitrahaksi.fi\/#website","url":"https:\/\/muumimukitrahaksi.fi\/","name":"Muumimukit Rahaksi","description":"Muumimukeja, -kulhoja ja -lautasia ker\u00e4ilij\u00f6ille!","publisher":{"@id":"https:\/\/muumimukitrahaksi.fi\/#organization"},"potentialAction":[{"@type":"SearchAction","target":{"@type":"EntryPoint","urlTemplate":"https:\/\/muumimukitrahaksi.fi\/?s={search_term_string}"},"query-input":{"@type":"PropertyValueSpecification","valueRequired":true,"valueName":"search_term_string"}}],"inLanguage":"sv-SE"},{"@type":"Organization","@id":"https:\/\/muumimukitrahaksi.fi\/#organization","name":"Muumimukit Rahaksi","url":"https:\/\/muumimukitrahaksi.fi\/","logo":{"@type":"ImageObject","inLanguage":"sv-SE","@id":"https:\/\/muumimukitrahaksi.fi\/#\/schema\/logo\/image\/","url":"https:\/\/muumimukitrahaksi.fi\/wp-content\/uploads\/2017\/09\/logooo.jpg","contentUrl":"https:\/\/muumimukitrahaksi.fi\/wp-content\/uploads\/2017\/09\/logooo.jpg","width":514,"height":514,"caption":"Muumimukit Rahaksi"},"image":{"@id":"https:\/\/muumimukitrahaksi.fi\/#\/schema\/logo\/image\/"},"sameAs":["https:\/\/www.facebook.com\/muumimukitrahaksi\/","https:\/\/x.com\/MuumitRahaksi","https:\/\/www.instagram.com\/muumimukitrahaksi\/"]}]}},"_links":{"self":[{"href":"https:\/\/muumimukitrahaksi.fi\/sv\/wp-json\/wp\/v2\/product\/164258","targetHints":{"allow":["GET"]}}],"collection":[{"href":"https:\/\/muumimukitrahaksi.fi\/sv\/wp-json\/wp\/v2\/product"}],"about":[{"href":"https:\/\/muumimukitrahaksi.fi\/sv\/wp-json\/wp\/v2\/types\/product"}],"wp:featuredmedia":[{"embeddable":true,"href":"https:\/\/muumimukitrahaksi.fi\/sv\/wp-json\/wp\/v2\/media\/164197"}],"wp:attachment":[{"href":"https:\/\/muumimukitrahaksi.fi\/sv\/wp-json\/wp\/v2\/media?parent=164258"}],"wp:term":[{"taxonomy":"product_brand","embeddable":true,"href":"https:\/\/muumimukitrahaksi.fi\/sv\/wp-json\/wp\/v2\/product_brand?post=164258"},{"taxonomy":"product_cat","embeddable":true,"href":"https:\/\/muumimukitrahaksi.fi\/sv\/wp-json\/wp\/v2\/product_cat?post=164258"},{"taxonomy":"product_tag","embeddable":true,"href":"https:\/\/muumimukitrahaksi.fi\/sv\/wp-json\/wp\/v2\/product_tag?post=164258"}],"curies":[{"name":"wp","href":"https:\/\/api.w.org\/{rel}","templated":true}]}}