{"id":165481,"date":"2026-04-16T10:16:58","date_gmt":"2026-04-16T07:16:58","guid":{"rendered":"https:\/\/muumimukitrahaksi.fi\/tuote\/muminmuggar-moominvalley-park-japan-20232026-2-pack-ny\/"},"modified":"2026-04-16T22:22:18","modified_gmt":"2026-04-16T19:22:18","slug":"muminmuggar-moominvalley-park-japan-20232026-2-pack-ny","status":"publish","type":"product","link":"https:\/\/muumimukitrahaksi.fi\/sv\/produkt\/muminmuggar-moominvalley-park-japan-20232026-2-pack-ny\/","title":{"rendered":"Muminmuggar Moominvalley Park Japan 2023+2026 (2-pack) *NY*"},"content":{"rendered":"<p style=\"text-align: center;\"><strong>\u2022 Officiell Moomin Characters\u00a0 licensinnehavare \u2022 Delbetalning\/faktura \u2022 Kvalitetsgranskade produkter<\/strong><\/p>\n<p><strong>Muminmuggen<\/strong> <strong>Moominvalley Park Japan 2023<\/strong> finns till f\u00f6rs\u00e4ljning i Moominvalley Park-temaparken i Hanno, Japan fr\u00e5n och med den 10 februari 2023. Moominvalley Park Japan 2023 -muggens illustration f\u00f6ljer starkt stilen fr\u00e5n den tidigare versionen. Muggens nedre del har f\u00f6rblivit den samma med n\u00e5gra f\u00e4rg\u00e4ndringar, men muggens \u00f6vre del har genomg\u00e5tt en fullst\u00e4ndig f\u00f6r\u00e4ndring. Den nya illustrationen \u00e4r baserad p\u00e5 Tove Janssons bok &#8220;Det osynliga barnet och andra ber\u00e4ttelser&#8221; fr\u00e5n 1962. Boken inneh\u00e5ller sammanlagt nio ber\u00e4ttelser, och illustrationen p\u00e5 denna mugg \u00e4r vald fr\u00e5n ber\u00e4ttelsen &#8220;Hemulen som \u00e4lskade tystnad&#8221;.<\/p>\n<p><strong>Muminmuggen Moominvalley Park Japan 2026<\/strong> kommer att b\u00f6rja s\u00e4ljas i Moominvalley Park \u2011temaparken i Hanno, Japan, den 28.2.2026. Muggen s\u00e4ljs endast i denna temapark. Upplagan \u00e4r begr\u00e4nsad till 10\u202f000 exemplar. Muggen har en helt ny illustration d\u00e4r Mumintrollen avbildas i glada vardagssysslor och stunder. I illustrationen syns karakt\u00e4rer fr\u00e5n Mumindalen sysselsatta med sina favoritaktiviteter, som sk\u00e4nker dem gl\u00e4dje i vardagen. Bland annat ser man Mumintrollet och Snusmumriken ute och fiskar, Muminmamman som vattnar blommor och Muminpappan som h\u00e4nger upp en h\u00e4ngmatta mot en tr\u00e4dstam.<\/p>\n<p>Kolla in andra specialmuggar <a href=\"https:\/\/muumimukitrahaksi.fi\/sv\/produkt-avdelning\/muggar\/specialmuggar\/\">h\u00e4r.<\/a><\/p>\n<p>Har du en Moominvalley Park Japan muminmugg och vill s\u00e4lja den? Vi k\u00f6per ocks\u00e5 muminmuggar. Klicka <a href=\"https:\/\/muumimukitrahaksi.fi\/en\/sell-moomin\/\">h\u00e4r<\/a>, fyll i formul\u00e4ret och f\u00e5 en offert samma dag.<\/p>\n","protected":false},"excerpt":{"rendered":"<p style=\"text-align: center;\"><strong>H\u00f6gklassiga varor \u2022 Snabb leverans<\/strong><\/p>\n<p>Moominvalley Park Japan 2023 och 2026 muggarna finns nu tillg\u00e4ngliga till ett paketpris! Muggarna \u00e4r nya och etiketterna \u00e4r p\u00e5 plats. Versionen fr\u00e5n 2023 och 2026 kommer \u00e4ven med original f\u00f6rvaringsl\u00e5dan. <strong>Endast ett begr\u00e4nsat antal tillg\u00e4ngliga! Erbjudandet g\u00e4ller till och med den 19.4.2026 eller s\u00e5 l\u00e4nge lagret r\u00e4cker.<\/strong> I priset (189,90\u20ac) ing\u00e5r finsk moms (25,5%). Momsen kommer att tas bort i kassan f\u00f6r kunder utanf\u00f6r EU. Muggarna packas med omsorg och f\u00f6rnybara material.<\/p>\n<p style=\"text-align: center;\"><strong>\u2022 S\u00e4kra betalningss\u00e4tt<\/strong><\/p>\n<p><img loading=\"lazy\" decoding=\"async\" class=\"aligncenter wp-image-20415 size-full\" src=\"https:\/\/muumimukitrahaksi.fi\/wp-content\/uploads\/2020\/06\/maksutavat-2026-pieni-eng.png\" alt=\"Payment options\" width=\"350\" height=\"200\" \/><\/p>\n","protected":false},"featured_media":165473,"template":"","meta":[],"product_brand":[],"product_cat":[537,541,544,547,534,533,538],"product_tag":[574,626,597,568],"class_list":{"0":"post-165481","1":"product","2":"type-product","3":"status-publish","4":"has-post-thumbnail","6":"product_cat-arabia-muggar","7":"product_cat-moominvalley-park-japan-sv","8":"product_cat-muggar-med-etikett","9":"product_cat-muggar-ur-produktion","10":"product_cat-muggar","11":"product_cat-rea","12":"product_cat-specialmuggar","13":"product_tag-japan-sv","14":"product_tag-med-etikett","15":"product_tag-muminmugg","16":"product_tag-specialmugg","18":"first","19":"instock","20":"sale","21":"taxable","22":"shipping-taxable","23":"purchasable","24":"product-type-simple"},"yoast_head":"<!-- This site is optimized with the Yoast SEO plugin v27.1.1 - https:\/\/yoast.com\/product\/yoast-seo-wordpress\/ -->\n<title>Muminmuggar Moominvalley Park Japan 2023+2026 (2-pack) *NY* - Muumimukit Rahaksi<\/title>\n<meta name=\"description\" content=\"Moominvalley Park Japan 2023 och 2026 muggarna finns nu tillg\u00e4ngliga till ett paketpris! Muggarna \u00e4r nya och etiketterna \u00e4r p\u00e5 plats.\" \/>\n<meta name=\"robots\" content=\"index, follow, max-snippet:-1, max-image-preview:large, max-video-preview:-1\" \/>\n<link rel=\"canonical\" href=\"https:\/\/muumimukitrahaksi.fi\/sv\/produkt\/muminmuggar-moominvalley-park-japan-20232026-2-pack-ny\/\" \/>\n<meta property=\"og:locale\" content=\"sv_SE\" \/>\n<meta property=\"og:type\" content=\"article\" \/>\n<meta property=\"og:title\" content=\"Muminmuggar Moominvalley Park Japan 2023+2026 (2-pack) *NY* - Muumimukit Rahaksi\" \/>\n<meta property=\"og:description\" content=\"Moominvalley Park Japan 2023 och 2026 muggarna finns nu tillg\u00e4ngliga till ett paketpris! Muggarna \u00e4r nya och etiketterna \u00e4r p\u00e5 plats.\" \/>\n<meta property=\"og:url\" content=\"https:\/\/muumimukitrahaksi.fi\/sv\/produkt\/muminmuggar-moominvalley-park-japan-20232026-2-pack-ny\/\" \/>\n<meta property=\"og:site_name\" content=\"Muumimukit Rahaksi\" \/>\n<meta property=\"article:publisher\" content=\"https:\/\/www.facebook.com\/muumimukitrahaksi\/\" \/>\n<meta property=\"article:modified_time\" content=\"2026-04-16T19:22:18+00:00\" \/>\n<meta property=\"og:image\" content=\"https:\/\/muumimukitrahaksi.fi\/wp-content\/uploads\/2026\/04\/japani_bundle2326.jpg\" \/>\n\t<meta property=\"og:image:width\" content=\"1080\" \/>\n\t<meta property=\"og:image:height\" content=\"1080\" \/>\n\t<meta property=\"og:image:type\" content=\"image\/jpeg\" \/>\n<meta name=\"twitter:card\" content=\"summary_large_image\" \/>\n<meta name=\"twitter:site\" content=\"@MuumitRahaksi\" \/>\n<meta name=\"twitter:label1\" content=\"Ber\u00e4knad l\u00e4stid\" \/>\n\t<meta name=\"twitter:data1\" content=\"1 minut\" \/>\n<script type=\"application\/ld+json\" class=\"yoast-schema-graph\">{\"@context\":\"https:\/\/schema.org\",\"@graph\":[{\"@type\":\"WebPage\",\"@id\":\"https:\/\/muumimukitrahaksi.fi\/sv\/produkt\/muminmuggar-moominvalley-park-japan-20232026-2-pack-ny\/\",\"url\":\"https:\/\/muumimukitrahaksi.fi\/sv\/produkt\/muminmuggar-moominvalley-park-japan-20232026-2-pack-ny\/\",\"name\":\"Muminmuggar Moominvalley Park Japan 2023+2026 (2-pack) *NY* - Muumimukit Rahaksi\",\"isPartOf\":{\"@id\":\"https:\/\/muumimukitrahaksi.fi\/#website\"},\"primaryImageOfPage\":{\"@id\":\"https:\/\/muumimukitrahaksi.fi\/sv\/produkt\/muminmuggar-moominvalley-park-japan-20232026-2-pack-ny\/#primaryimage\"},\"image\":{\"@id\":\"https:\/\/muumimukitrahaksi.fi\/sv\/produkt\/muminmuggar-moominvalley-park-japan-20232026-2-pack-ny\/#primaryimage\"},\"thumbnailUrl\":\"https:\/\/muumimukitrahaksi.fi\/wp-content\/uploads\/2026\/04\/japani_bundle2326.jpg\",\"datePublished\":\"2026-04-16T07:16:58+00:00\",\"dateModified\":\"2026-04-16T19:22:18+00:00\",\"description\":\"Moominvalley Park Japan 2023 och 2026 muggarna finns nu tillg\u00e4ngliga till ett paketpris! Muggarna \u00e4r nya och etiketterna \u00e4r p\u00e5 plats.\",\"breadcrumb\":{\"@id\":\"https:\/\/muumimukitrahaksi.fi\/sv\/produkt\/muminmuggar-moominvalley-park-japan-20232026-2-pack-ny\/#breadcrumb\"},\"inLanguage\":\"sv-SE\",\"potentialAction\":[{\"@type\":\"ReadAction\",\"target\":[\"https:\/\/muumimukitrahaksi.fi\/sv\/produkt\/muminmuggar-moominvalley-park-japan-20232026-2-pack-ny\/\"]}]},{\"@type\":\"ImageObject\",\"inLanguage\":\"sv-SE\",\"@id\":\"https:\/\/muumimukitrahaksi.fi\/sv\/produkt\/muminmuggar-moominvalley-park-japan-20232026-2-pack-ny\/#primaryimage\",\"url\":\"https:\/\/muumimukitrahaksi.fi\/wp-content\/uploads\/2026\/04\/japani_bundle2326.jpg\",\"contentUrl\":\"https:\/\/muumimukitrahaksi.fi\/wp-content\/uploads\/2026\/04\/japani_bundle2326.jpg\",\"width\":1080,\"height\":1080,\"caption\":\"Muminmuggar Moominvalley Park Japan 2023+2026\"},{\"@type\":\"BreadcrumbList\",\"@id\":\"https:\/\/muumimukitrahaksi.fi\/sv\/produkt\/muminmuggar-moominvalley-park-japan-20232026-2-pack-ny\/#breadcrumb\",\"itemListElement\":[{\"@type\":\"ListItem\",\"position\":1,\"name\":\"Etusivu\",\"item\":\"https:\/\/muumimukitrahaksi.fi\/sv\/\"},{\"@type\":\"ListItem\",\"position\":2,\"name\":\"Butik\",\"item\":\"https:\/\/muumimukitrahaksi.fi\/sv\/butik\/\"},{\"@type\":\"ListItem\",\"position\":3,\"name\":\"Muminmuggar Moominvalley Park Japan 2023+2026 (2-pack) *NY*\"}]},{\"@type\":\"WebSite\",\"@id\":\"https:\/\/muumimukitrahaksi.fi\/#website\",\"url\":\"https:\/\/muumimukitrahaksi.fi\/\",\"name\":\"Muumimukit Rahaksi\",\"description\":\"Muumimukeja, -kulhoja ja -lautasia ker\u00e4ilij\u00f6ille!\",\"publisher\":{\"@id\":\"https:\/\/muumimukitrahaksi.fi\/#organization\"},\"potentialAction\":[{\"@type\":\"SearchAction\",\"target\":{\"@type\":\"EntryPoint\",\"urlTemplate\":\"https:\/\/muumimukitrahaksi.fi\/?s={search_term_string}\"},\"query-input\":{\"@type\":\"PropertyValueSpecification\",\"valueRequired\":true,\"valueName\":\"search_term_string\"}}],\"inLanguage\":\"sv-SE\"},{\"@type\":\"Organization\",\"@id\":\"https:\/\/muumimukitrahaksi.fi\/#organization\",\"name\":\"Muumimukit Rahaksi\",\"url\":\"https:\/\/muumimukitrahaksi.fi\/\",\"logo\":{\"@type\":\"ImageObject\",\"inLanguage\":\"sv-SE\",\"@id\":\"https:\/\/muumimukitrahaksi.fi\/#\/schema\/logo\/image\/\",\"url\":\"https:\/\/muumimukitrahaksi.fi\/wp-content\/uploads\/2017\/09\/logooo.jpg\",\"contentUrl\":\"https:\/\/muumimukitrahaksi.fi\/wp-content\/uploads\/2017\/09\/logooo.jpg\",\"width\":514,\"height\":514,\"caption\":\"Muumimukit Rahaksi\"},\"image\":{\"@id\":\"https:\/\/muumimukitrahaksi.fi\/#\/schema\/logo\/image\/\"},\"sameAs\":[\"https:\/\/www.facebook.com\/muumimukitrahaksi\/\",\"https:\/\/x.com\/MuumitRahaksi\",\"https:\/\/www.instagram.com\/muumimukitrahaksi\/\"]}]}<\/script>\n<!-- \/ Yoast SEO plugin. -->","yoast_head_json":{"title":"Muminmuggar Moominvalley Park Japan 2023+2026 (2-pack) *NY* - Muumimukit Rahaksi","description":"Moominvalley Park Japan 2023 och 2026 muggarna finns nu tillg\u00e4ngliga till ett paketpris! Muggarna \u00e4r nya och etiketterna \u00e4r p\u00e5 plats.","robots":{"index":"index","follow":"follow","max-snippet":"max-snippet:-1","max-image-preview":"max-image-preview:large","max-video-preview":"max-video-preview:-1"},"canonical":"https:\/\/muumimukitrahaksi.fi\/sv\/produkt\/muminmuggar-moominvalley-park-japan-20232026-2-pack-ny\/","og_locale":"sv_SE","og_type":"article","og_title":"Muminmuggar Moominvalley Park Japan 2023+2026 (2-pack) *NY* - Muumimukit Rahaksi","og_description":"Moominvalley Park Japan 2023 och 2026 muggarna finns nu tillg\u00e4ngliga till ett paketpris! Muggarna \u00e4r nya och etiketterna \u00e4r p\u00e5 plats.","og_url":"https:\/\/muumimukitrahaksi.fi\/sv\/produkt\/muminmuggar-moominvalley-park-japan-20232026-2-pack-ny\/","og_site_name":"Muumimukit Rahaksi","article_publisher":"https:\/\/www.facebook.com\/muumimukitrahaksi\/","article_modified_time":"2026-04-16T19:22:18+00:00","og_image":[{"width":1080,"height":1080,"url":"https:\/\/muumimukitrahaksi.fi\/wp-content\/uploads\/2026\/04\/japani_bundle2326.jpg","type":"image\/jpeg"}],"twitter_card":"summary_large_image","twitter_site":"@MuumitRahaksi","twitter_misc":{"Ber\u00e4knad l\u00e4stid":"1 minut"},"schema":{"@context":"https:\/\/schema.org","@graph":[{"@type":"WebPage","@id":"https:\/\/muumimukitrahaksi.fi\/sv\/produkt\/muminmuggar-moominvalley-park-japan-20232026-2-pack-ny\/","url":"https:\/\/muumimukitrahaksi.fi\/sv\/produkt\/muminmuggar-moominvalley-park-japan-20232026-2-pack-ny\/","name":"Muminmuggar Moominvalley Park Japan 2023+2026 (2-pack) *NY* - Muumimukit Rahaksi","isPartOf":{"@id":"https:\/\/muumimukitrahaksi.fi\/#website"},"primaryImageOfPage":{"@id":"https:\/\/muumimukitrahaksi.fi\/sv\/produkt\/muminmuggar-moominvalley-park-japan-20232026-2-pack-ny\/#primaryimage"},"image":{"@id":"https:\/\/muumimukitrahaksi.fi\/sv\/produkt\/muminmuggar-moominvalley-park-japan-20232026-2-pack-ny\/#primaryimage"},"thumbnailUrl":"https:\/\/muumimukitrahaksi.fi\/wp-content\/uploads\/2026\/04\/japani_bundle2326.jpg","datePublished":"2026-04-16T07:16:58+00:00","dateModified":"2026-04-16T19:22:18+00:00","description":"Moominvalley Park Japan 2023 och 2026 muggarna finns nu tillg\u00e4ngliga till ett paketpris! Muggarna \u00e4r nya och etiketterna \u00e4r p\u00e5 plats.","breadcrumb":{"@id":"https:\/\/muumimukitrahaksi.fi\/sv\/produkt\/muminmuggar-moominvalley-park-japan-20232026-2-pack-ny\/#breadcrumb"},"inLanguage":"sv-SE","potentialAction":[{"@type":"ReadAction","target":["https:\/\/muumimukitrahaksi.fi\/sv\/produkt\/muminmuggar-moominvalley-park-japan-20232026-2-pack-ny\/"]}]},{"@type":"ImageObject","inLanguage":"sv-SE","@id":"https:\/\/muumimukitrahaksi.fi\/sv\/produkt\/muminmuggar-moominvalley-park-japan-20232026-2-pack-ny\/#primaryimage","url":"https:\/\/muumimukitrahaksi.fi\/wp-content\/uploads\/2026\/04\/japani_bundle2326.jpg","contentUrl":"https:\/\/muumimukitrahaksi.fi\/wp-content\/uploads\/2026\/04\/japani_bundle2326.jpg","width":1080,"height":1080,"caption":"Muminmuggar Moominvalley Park Japan 2023+2026"},{"@type":"BreadcrumbList","@id":"https:\/\/muumimukitrahaksi.fi\/sv\/produkt\/muminmuggar-moominvalley-park-japan-20232026-2-pack-ny\/#breadcrumb","itemListElement":[{"@type":"ListItem","position":1,"name":"Etusivu","item":"https:\/\/muumimukitrahaksi.fi\/sv\/"},{"@type":"ListItem","position":2,"name":"Butik","item":"https:\/\/muumimukitrahaksi.fi\/sv\/butik\/"},{"@type":"ListItem","position":3,"name":"Muminmuggar Moominvalley Park Japan 2023+2026 (2-pack) *NY*"}]},{"@type":"WebSite","@id":"https:\/\/muumimukitrahaksi.fi\/#website","url":"https:\/\/muumimukitrahaksi.fi\/","name":"Muumimukit Rahaksi","description":"Muumimukeja, -kulhoja ja -lautasia ker\u00e4ilij\u00f6ille!","publisher":{"@id":"https:\/\/muumimukitrahaksi.fi\/#organization"},"potentialAction":[{"@type":"SearchAction","target":{"@type":"EntryPoint","urlTemplate":"https:\/\/muumimukitrahaksi.fi\/?s={search_term_string}"},"query-input":{"@type":"PropertyValueSpecification","valueRequired":true,"valueName":"search_term_string"}}],"inLanguage":"sv-SE"},{"@type":"Organization","@id":"https:\/\/muumimukitrahaksi.fi\/#organization","name":"Muumimukit Rahaksi","url":"https:\/\/muumimukitrahaksi.fi\/","logo":{"@type":"ImageObject","inLanguage":"sv-SE","@id":"https:\/\/muumimukitrahaksi.fi\/#\/schema\/logo\/image\/","url":"https:\/\/muumimukitrahaksi.fi\/wp-content\/uploads\/2017\/09\/logooo.jpg","contentUrl":"https:\/\/muumimukitrahaksi.fi\/wp-content\/uploads\/2017\/09\/logooo.jpg","width":514,"height":514,"caption":"Muumimukit Rahaksi"},"image":{"@id":"https:\/\/muumimukitrahaksi.fi\/#\/schema\/logo\/image\/"},"sameAs":["https:\/\/www.facebook.com\/muumimukitrahaksi\/","https:\/\/x.com\/MuumitRahaksi","https:\/\/www.instagram.com\/muumimukitrahaksi\/"]}]}},"_links":{"self":[{"href":"https:\/\/muumimukitrahaksi.fi\/sv\/wp-json\/wp\/v2\/product\/165481","targetHints":{"allow":["GET"]}}],"collection":[{"href":"https:\/\/muumimukitrahaksi.fi\/sv\/wp-json\/wp\/v2\/product"}],"about":[{"href":"https:\/\/muumimukitrahaksi.fi\/sv\/wp-json\/wp\/v2\/types\/product"}],"wp:featuredmedia":[{"embeddable":true,"href":"https:\/\/muumimukitrahaksi.fi\/sv\/wp-json\/wp\/v2\/media\/165473"}],"wp:attachment":[{"href":"https:\/\/muumimukitrahaksi.fi\/sv\/wp-json\/wp\/v2\/media?parent=165481"}],"wp:term":[{"taxonomy":"product_brand","embeddable":true,"href":"https:\/\/muumimukitrahaksi.fi\/sv\/wp-json\/wp\/v2\/product_brand?post=165481"},{"taxonomy":"product_cat","embeddable":true,"href":"https:\/\/muumimukitrahaksi.fi\/sv\/wp-json\/wp\/v2\/product_cat?post=165481"},{"taxonomy":"product_tag","embeddable":true,"href":"https:\/\/muumimukitrahaksi.fi\/sv\/wp-json\/wp\/v2\/product_tag?post=165481"}],"curies":[{"name":"wp","href":"https:\/\/api.w.org\/{rel}","templated":true}]}}