{"id":166187,"date":"2026-04-22T12:41:49","date_gmt":"2026-04-22T09:41:49","guid":{"rendered":"https:\/\/muumimukitrahaksi.fi\/tuote\/mumintallrik-sommardans-2026-etikett\/"},"modified":"2026-04-22T16:19:08","modified_gmt":"2026-04-22T13:19:08","slug":"mumintallrik-sommardans-2026-etikett","status":"publish","type":"product","link":"https:\/\/muumimukitrahaksi.fi\/sv\/produkt\/mumintallrik-sommardans-2026-etikett\/","title":{"rendered":"Mumintallrik Sommardans (2026) *ETIKETT*"},"content":{"rendered":"<p style=\"text-align: center;\"><strong>\u2022 Officiell Moomin Characters\u00a0 licensinnehavare \u2022 Delbetalning\/faktura \u2022 Kvalitetsgranskade produkter<\/strong><\/p>\n<p><strong>Mumintallriken Sommardans<\/strong> \u00e4r en del av Moomin Arabias nya specialkollektion, som har tagits fram exklusivt f\u00f6r den svenska marknaden. Tallriken blir tillg\u00e4nglig den 20 maj 2026 och s\u00e4ljs endast under \u00e5r 2026 eller s\u00e5 l\u00e4nge lagret r\u00e4cker. Tallrikens diameter \u00e4r 19 cm. Sommardans-kollektionen inleder en ny serie landspecifika mumin\u00adkollektioner fr\u00e5n Moomin Arabia.<\/p>\n<p>I Sommardans-kollektionens illustrationer dansar Mumindalens inv\u00e5nare bland ett hav av blommor mot en ljusbl\u00e5, himmelsliknande bakgrund. Illustrationerna utstr\u00e5lar st\u00e4mningen av sommarfester, och produkterna i kollektionen \u00e4r d\u00e4rf\u00f6r ett utm\u00e4rkt tillskott till sommarstugan, tr\u00e4dg\u00e5rden eller picknicken. Kanske passar Sommardans-kollektionen allra b\u00e4st f\u00f6r firandet av midsommar, vilket ocks\u00e5 \u00e5terspeglas i blomsterkransarna som pryder Mumintrollets och Snorkfr\u00f6kens huvuden i den klart lysande solen i bakgrunden. Senast illustrerades midsommar p\u00e5 mumink\u00e4rlen \u00e5r 2016, d\u00e5 Arabia lanserade sommar\u00ads\u00e4songsmuggen <a href=\"https:\/\/muumimukitrahaksi.fi\/sv\/produkt\/muminmugg-midsommar-2016-etikett\/\">Midsommar<\/a>.<\/p>\n<p>Kollektionens illustrationer har inspirerats av Tove och Lars Janssons serie Mumin och scouterna (1961). I ber\u00e4ttelsen f\u00f6r\u00e4lskar sig Mumintrollet i en scoutflicka. Till en b\u00f6rjan \u00e4r flickan inte intresserad av Mumintrollet, men situationen f\u00f6r\u00e4ndras n\u00e4r Mumintrollet r\u00e4ddar hennes liv. Den svartsjuka Snorkfr\u00f6ken ber\u00e4ttar f\u00f6r scoutflickan om Mumintrollets egendomliga vanor, vilket leder till att flickan l\u00e4mnar honom och b\u00f6rjar \u00e4gna sig \u00e5t folkdans tillsammans med sin nya f\u00f6r\u00e4lskelse. Mumintrollet \u00e5terv\u00e4nder till Snorkfr\u00f6ken, och tillsammans dansar de mitt p\u00e5 en blomster\u00e4ng. Till Sommardans-kollektionen har man \u00e4ven h\u00e4mtat bildmotiv fr\u00e5n Tove Janssons serier Muminfamiljen och havet (1957) samt Vi b\u00f6rjar ett nytt liv (1956).<\/p>\n<p>Kolla in andra Sommardans produkter <a href=\"https:\/\/muumimukitrahaksi.fi\/sv\/produkt-nyckelord\/sommardans\/\">h\u00e4r<\/a>.<\/p>\n<p>Har du en Sommardans-mumintallrik och vill s\u00e4lja den? Vi k\u00f6per ocks\u00e5 mumintallrikar. Klicka <a href=\"https:\/\/muumimukitrahaksi.fi\/en\/sell-moomin\/\">h\u00e4r<\/a>, fyll i formul\u00e4ret och f\u00e5 en offert samma dag.<\/p>\n","protected":false},"excerpt":{"rendered":"<p style=\"text-align: center;\"><strong>\u2022 H\u00f6gklassiga varor \u2022 Snabb leverans<\/strong><\/p>\n<p>Moomin Arabias nya Sverige ekslusiv mumintallrik f\u00f6r \u00e5r 2026, Sommardans, finns nu att best\u00e4lla! Genom att best\u00e4lla tallriken fr\u00e5n oss s\u00e4kerst\u00e4ller du en tallrik i f\u00f6rsta klass utan tillverkningsfel. <strong>Vi kvalitetsgranskar varje tallrik enskilt.<\/strong> Dessutom \u00e4r du en av de f\u00f6rsta som f\u00e5r tallriken, <strong>utan att beh\u00f6va vara orolig \u00f6ver att tallriken hinner s\u00e4lja slut i butikerna.<\/strong> <strong>Leveransen b\u00f6rjar den 20.5.2026.<\/strong> Alla varor i samma best\u00e4llning levereras samtidigt. Tallriken \u00e4r ny och har etiketten kvar. I priset (34,90\u20ac) ing\u00e5r finsk moms (25,5%). Momsen kommer att tas bort i kassan f\u00f6r kunder utanf\u00f6r EU. Tallrikarna packas med omsorg och f\u00f6rnybara material.<\/p>\n<p style=\"text-align: center;\"><strong>\u2022 S\u00e4kra betalningss\u00e4tt<\/strong><\/p>\n<p><img loading=\"lazy\" decoding=\"async\" class=\"aligncenter wp-image-20415 size-full\" src=\"https:\/\/muumimukitrahaksi.fi\/wp-content\/uploads\/2020\/06\/maksutavat-2026-pieni-eng.png\" alt=\"Payment options\" width=\"350\" height=\"200\" \/><\/p>\n","protected":false},"featured_media":166070,"template":"","meta":[],"product_brand":[],"product_cat":[527,671,531,529],"product_tag":[626,594,722],"class_list":{"0":"post-166187","1":"product","2":"type-product","3":"status-publish","4":"has-post-thumbnail","6":"product_cat-tallrikar","7":"product_cat-nyheter","8":"product_cat-tallrikar-i-produktion","9":"product_cat-tallrikar-med-etikett","10":"product_tag-med-etikett","11":"product_tag-mumintallrik","12":"product_tag-sommardans","14":"first","15":"instock","16":"taxable","17":"shipping-taxable","18":"purchasable","19":"product-type-simple"},"yoast_head":"<!-- This site is optimized with the Yoast SEO plugin v27.1.1 - https:\/\/yoast.com\/product\/yoast-seo-wordpress\/ -->\n<title>Mumintallrik Sommardans (2026) *ETIKETT* - Muumimukit Rahaksi<\/title>\n<meta name=\"description\" content=\"Mumintallriken Sommardans \u00e4r en del av Moomin Arabias nya specialkollektion, som har tagits fram exklusivt f\u00f6r den svenska marknaden.\" \/>\n<meta name=\"robots\" content=\"index, follow, max-snippet:-1, max-image-preview:large, max-video-preview:-1\" \/>\n<link rel=\"canonical\" href=\"https:\/\/muumimukitrahaksi.fi\/sv\/produkt\/mumintallrik-sommardans-2026-etikett\/\" \/>\n<meta property=\"og:locale\" content=\"sv_SE\" \/>\n<meta property=\"og:type\" content=\"article\" \/>\n<meta property=\"og:title\" content=\"Mumintallrik Sommardans (2026) *ETIKETT* - Muumimukit Rahaksi\" \/>\n<meta property=\"og:description\" content=\"Mumintallriken Sommardans \u00e4r en del av Moomin Arabias nya specialkollektion, som har tagits fram exklusivt f\u00f6r den svenska marknaden.\" \/>\n<meta property=\"og:url\" content=\"https:\/\/muumimukitrahaksi.fi\/sv\/produkt\/mumintallrik-sommardans-2026-etikett\/\" \/>\n<meta property=\"og:site_name\" content=\"Muumimukit Rahaksi\" \/>\n<meta property=\"article:publisher\" content=\"https:\/\/www.facebook.com\/muumimukitrahaksi\/\" \/>\n<meta property=\"article:modified_time\" content=\"2026-04-22T13:19:08+00:00\" \/>\n<meta property=\"og:image\" content=\"https:\/\/muumimukitrahaksi.fi\/wp-content\/uploads\/2026\/04\/kesatanssit_lautanen_1.jpg\" \/>\n\t<meta property=\"og:image:width\" content=\"1000\" \/>\n\t<meta property=\"og:image:height\" content=\"1000\" \/>\n\t<meta property=\"og:image:type\" content=\"image\/jpeg\" \/>\n<meta name=\"twitter:card\" content=\"summary_large_image\" \/>\n<meta name=\"twitter:site\" content=\"@MuumitRahaksi\" \/>\n<meta name=\"twitter:label1\" content=\"Ber\u00e4knad l\u00e4stid\" \/>\n\t<meta name=\"twitter:data1\" content=\"2 minuter\" \/>\n<script type=\"application\/ld+json\" class=\"yoast-schema-graph\">{\"@context\":\"https:\/\/schema.org\",\"@graph\":[{\"@type\":\"WebPage\",\"@id\":\"https:\/\/muumimukitrahaksi.fi\/sv\/produkt\/mumintallrik-sommardans-2026-etikett\/\",\"url\":\"https:\/\/muumimukitrahaksi.fi\/sv\/produkt\/mumintallrik-sommardans-2026-etikett\/\",\"name\":\"Mumintallrik Sommardans (2026) *ETIKETT* - Muumimukit Rahaksi\",\"isPartOf\":{\"@id\":\"https:\/\/muumimukitrahaksi.fi\/#website\"},\"primaryImageOfPage\":{\"@id\":\"https:\/\/muumimukitrahaksi.fi\/sv\/produkt\/mumintallrik-sommardans-2026-etikett\/#primaryimage\"},\"image\":{\"@id\":\"https:\/\/muumimukitrahaksi.fi\/sv\/produkt\/mumintallrik-sommardans-2026-etikett\/#primaryimage\"},\"thumbnailUrl\":\"https:\/\/muumimukitrahaksi.fi\/wp-content\/uploads\/2026\/04\/kesatanssit_lautanen_1.jpg\",\"datePublished\":\"2026-04-22T09:41:49+00:00\",\"dateModified\":\"2026-04-22T13:19:08+00:00\",\"description\":\"Mumintallriken Sommardans \u00e4r en del av Moomin Arabias nya specialkollektion, som har tagits fram exklusivt f\u00f6r den svenska marknaden.\",\"breadcrumb\":{\"@id\":\"https:\/\/muumimukitrahaksi.fi\/sv\/produkt\/mumintallrik-sommardans-2026-etikett\/#breadcrumb\"},\"inLanguage\":\"sv-SE\",\"potentialAction\":[{\"@type\":\"ReadAction\",\"target\":[\"https:\/\/muumimukitrahaksi.fi\/sv\/produkt\/mumintallrik-sommardans-2026-etikett\/\"]}]},{\"@type\":\"ImageObject\",\"inLanguage\":\"sv-SE\",\"@id\":\"https:\/\/muumimukitrahaksi.fi\/sv\/produkt\/mumintallrik-sommardans-2026-etikett\/#primaryimage\",\"url\":\"https:\/\/muumimukitrahaksi.fi\/wp-content\/uploads\/2026\/04\/kesatanssit_lautanen_1.jpg\",\"contentUrl\":\"https:\/\/muumimukitrahaksi.fi\/wp-content\/uploads\/2026\/04\/kesatanssit_lautanen_1.jpg\",\"width\":1000,\"height\":1000,\"caption\":\"Mumintallrik Sommardans\"},{\"@type\":\"BreadcrumbList\",\"@id\":\"https:\/\/muumimukitrahaksi.fi\/sv\/produkt\/mumintallrik-sommardans-2026-etikett\/#breadcrumb\",\"itemListElement\":[{\"@type\":\"ListItem\",\"position\":1,\"name\":\"Etusivu\",\"item\":\"https:\/\/muumimukitrahaksi.fi\/sv\/\"},{\"@type\":\"ListItem\",\"position\":2,\"name\":\"Butik\",\"item\":\"https:\/\/muumimukitrahaksi.fi\/sv\/butik\/\"},{\"@type\":\"ListItem\",\"position\":3,\"name\":\"Mumintallrik Sommardans (2026) *ETIKETT*\"}]},{\"@type\":\"WebSite\",\"@id\":\"https:\/\/muumimukitrahaksi.fi\/#website\",\"url\":\"https:\/\/muumimukitrahaksi.fi\/\",\"name\":\"Muumimukit Rahaksi\",\"description\":\"Muumimukeja, -kulhoja ja -lautasia ker\u00e4ilij\u00f6ille!\",\"publisher\":{\"@id\":\"https:\/\/muumimukitrahaksi.fi\/#organization\"},\"potentialAction\":[{\"@type\":\"SearchAction\",\"target\":{\"@type\":\"EntryPoint\",\"urlTemplate\":\"https:\/\/muumimukitrahaksi.fi\/?s={search_term_string}\"},\"query-input\":{\"@type\":\"PropertyValueSpecification\",\"valueRequired\":true,\"valueName\":\"search_term_string\"}}],\"inLanguage\":\"sv-SE\"},{\"@type\":\"Organization\",\"@id\":\"https:\/\/muumimukitrahaksi.fi\/#organization\",\"name\":\"Muumimukit Rahaksi\",\"url\":\"https:\/\/muumimukitrahaksi.fi\/\",\"logo\":{\"@type\":\"ImageObject\",\"inLanguage\":\"sv-SE\",\"@id\":\"https:\/\/muumimukitrahaksi.fi\/#\/schema\/logo\/image\/\",\"url\":\"https:\/\/muumimukitrahaksi.fi\/wp-content\/uploads\/2017\/09\/logooo.jpg\",\"contentUrl\":\"https:\/\/muumimukitrahaksi.fi\/wp-content\/uploads\/2017\/09\/logooo.jpg\",\"width\":514,\"height\":514,\"caption\":\"Muumimukit Rahaksi\"},\"image\":{\"@id\":\"https:\/\/muumimukitrahaksi.fi\/#\/schema\/logo\/image\/\"},\"sameAs\":[\"https:\/\/www.facebook.com\/muumimukitrahaksi\/\",\"https:\/\/x.com\/MuumitRahaksi\",\"https:\/\/www.instagram.com\/muumimukitrahaksi\/\"]}]}<\/script>\n<!-- \/ Yoast SEO plugin. -->","yoast_head_json":{"title":"Mumintallrik Sommardans (2026) *ETIKETT* - Muumimukit Rahaksi","description":"Mumintallriken Sommardans \u00e4r en del av Moomin Arabias nya specialkollektion, som har tagits fram exklusivt f\u00f6r den svenska marknaden.","robots":{"index":"index","follow":"follow","max-snippet":"max-snippet:-1","max-image-preview":"max-image-preview:large","max-video-preview":"max-video-preview:-1"},"canonical":"https:\/\/muumimukitrahaksi.fi\/sv\/produkt\/mumintallrik-sommardans-2026-etikett\/","og_locale":"sv_SE","og_type":"article","og_title":"Mumintallrik Sommardans (2026) *ETIKETT* - Muumimukit Rahaksi","og_description":"Mumintallriken Sommardans \u00e4r en del av Moomin Arabias nya specialkollektion, som har tagits fram exklusivt f\u00f6r den svenska marknaden.","og_url":"https:\/\/muumimukitrahaksi.fi\/sv\/produkt\/mumintallrik-sommardans-2026-etikett\/","og_site_name":"Muumimukit Rahaksi","article_publisher":"https:\/\/www.facebook.com\/muumimukitrahaksi\/","article_modified_time":"2026-04-22T13:19:08+00:00","og_image":[{"width":1000,"height":1000,"url":"https:\/\/muumimukitrahaksi.fi\/wp-content\/uploads\/2026\/04\/kesatanssit_lautanen_1.jpg","type":"image\/jpeg"}],"twitter_card":"summary_large_image","twitter_site":"@MuumitRahaksi","twitter_misc":{"Ber\u00e4knad l\u00e4stid":"2 minuter"},"schema":{"@context":"https:\/\/schema.org","@graph":[{"@type":"WebPage","@id":"https:\/\/muumimukitrahaksi.fi\/sv\/produkt\/mumintallrik-sommardans-2026-etikett\/","url":"https:\/\/muumimukitrahaksi.fi\/sv\/produkt\/mumintallrik-sommardans-2026-etikett\/","name":"Mumintallrik Sommardans (2026) *ETIKETT* - Muumimukit Rahaksi","isPartOf":{"@id":"https:\/\/muumimukitrahaksi.fi\/#website"},"primaryImageOfPage":{"@id":"https:\/\/muumimukitrahaksi.fi\/sv\/produkt\/mumintallrik-sommardans-2026-etikett\/#primaryimage"},"image":{"@id":"https:\/\/muumimukitrahaksi.fi\/sv\/produkt\/mumintallrik-sommardans-2026-etikett\/#primaryimage"},"thumbnailUrl":"https:\/\/muumimukitrahaksi.fi\/wp-content\/uploads\/2026\/04\/kesatanssit_lautanen_1.jpg","datePublished":"2026-04-22T09:41:49+00:00","dateModified":"2026-04-22T13:19:08+00:00","description":"Mumintallriken Sommardans \u00e4r en del av Moomin Arabias nya specialkollektion, som har tagits fram exklusivt f\u00f6r den svenska marknaden.","breadcrumb":{"@id":"https:\/\/muumimukitrahaksi.fi\/sv\/produkt\/mumintallrik-sommardans-2026-etikett\/#breadcrumb"},"inLanguage":"sv-SE","potentialAction":[{"@type":"ReadAction","target":["https:\/\/muumimukitrahaksi.fi\/sv\/produkt\/mumintallrik-sommardans-2026-etikett\/"]}]},{"@type":"ImageObject","inLanguage":"sv-SE","@id":"https:\/\/muumimukitrahaksi.fi\/sv\/produkt\/mumintallrik-sommardans-2026-etikett\/#primaryimage","url":"https:\/\/muumimukitrahaksi.fi\/wp-content\/uploads\/2026\/04\/kesatanssit_lautanen_1.jpg","contentUrl":"https:\/\/muumimukitrahaksi.fi\/wp-content\/uploads\/2026\/04\/kesatanssit_lautanen_1.jpg","width":1000,"height":1000,"caption":"Mumintallrik Sommardans"},{"@type":"BreadcrumbList","@id":"https:\/\/muumimukitrahaksi.fi\/sv\/produkt\/mumintallrik-sommardans-2026-etikett\/#breadcrumb","itemListElement":[{"@type":"ListItem","position":1,"name":"Etusivu","item":"https:\/\/muumimukitrahaksi.fi\/sv\/"},{"@type":"ListItem","position":2,"name":"Butik","item":"https:\/\/muumimukitrahaksi.fi\/sv\/butik\/"},{"@type":"ListItem","position":3,"name":"Mumintallrik Sommardans (2026) *ETIKETT*"}]},{"@type":"WebSite","@id":"https:\/\/muumimukitrahaksi.fi\/#website","url":"https:\/\/muumimukitrahaksi.fi\/","name":"Muumimukit Rahaksi","description":"Muumimukeja, -kulhoja ja -lautasia ker\u00e4ilij\u00f6ille!","publisher":{"@id":"https:\/\/muumimukitrahaksi.fi\/#organization"},"potentialAction":[{"@type":"SearchAction","target":{"@type":"EntryPoint","urlTemplate":"https:\/\/muumimukitrahaksi.fi\/?s={search_term_string}"},"query-input":{"@type":"PropertyValueSpecification","valueRequired":true,"valueName":"search_term_string"}}],"inLanguage":"sv-SE"},{"@type":"Organization","@id":"https:\/\/muumimukitrahaksi.fi\/#organization","name":"Muumimukit Rahaksi","url":"https:\/\/muumimukitrahaksi.fi\/","logo":{"@type":"ImageObject","inLanguage":"sv-SE","@id":"https:\/\/muumimukitrahaksi.fi\/#\/schema\/logo\/image\/","url":"https:\/\/muumimukitrahaksi.fi\/wp-content\/uploads\/2017\/09\/logooo.jpg","contentUrl":"https:\/\/muumimukitrahaksi.fi\/wp-content\/uploads\/2017\/09\/logooo.jpg","width":514,"height":514,"caption":"Muumimukit Rahaksi"},"image":{"@id":"https:\/\/muumimukitrahaksi.fi\/#\/schema\/logo\/image\/"},"sameAs":["https:\/\/www.facebook.com\/muumimukitrahaksi\/","https:\/\/x.com\/MuumitRahaksi","https:\/\/www.instagram.com\/muumimukitrahaksi\/"]}]}},"_links":{"self":[{"href":"https:\/\/muumimukitrahaksi.fi\/sv\/wp-json\/wp\/v2\/product\/166187","targetHints":{"allow":["GET"]}}],"collection":[{"href":"https:\/\/muumimukitrahaksi.fi\/sv\/wp-json\/wp\/v2\/product"}],"about":[{"href":"https:\/\/muumimukitrahaksi.fi\/sv\/wp-json\/wp\/v2\/types\/product"}],"wp:featuredmedia":[{"embeddable":true,"href":"https:\/\/muumimukitrahaksi.fi\/sv\/wp-json\/wp\/v2\/media\/166070"}],"wp:attachment":[{"href":"https:\/\/muumimukitrahaksi.fi\/sv\/wp-json\/wp\/v2\/media?parent=166187"}],"wp:term":[{"taxonomy":"product_brand","embeddable":true,"href":"https:\/\/muumimukitrahaksi.fi\/sv\/wp-json\/wp\/v2\/product_brand?post=166187"},{"taxonomy":"product_cat","embeddable":true,"href":"https:\/\/muumimukitrahaksi.fi\/sv\/wp-json\/wp\/v2\/product_cat?post=166187"},{"taxonomy":"product_tag","embeddable":true,"href":"https:\/\/muumimukitrahaksi.fi\/sv\/wp-json\/wp\/v2\/product_tag?post=166187"}],"curies":[{"name":"wp","href":"https:\/\/api.w.org\/{rel}","templated":true}]}}