{"id":18531,"date":"2020-03-11T11:26:30","date_gmt":"2020-03-11T09:26:30","guid":{"rendered":"https:\/\/muumimukitrahaksi.fi\/?post_type=product&#038;p=18531"},"modified":"2023-03-16T13:38:27","modified_gmt":"2023-03-16T11:38:27","slug":"muumimuki-fazer-64-400-2004","status":"publish","type":"product","link":"https:\/\/muumimukitrahaksi.fi\/sv\/produkt\/muumimuki-fazer-64-400-2004\/","title":{"rendered":"Muumimuki Fazer 64\/400 (2004)"},"content":{"rendered":"<p style=\"text-align: center;\"><strong>\u2022 Kuntotarkastetut tuotteet \u2022 My\u00f6s lasku\/osamaksu \u2022 Moomin Characters Oy lisenssinhaltija<\/strong><\/p>\n<p>Kaikkien aikojen harvinaisin ja ehdottomasti nyky\u00e4\u00e4n arvokkain tuotannosta poistunut muumimuki, jouluaiheinen Fazer-muumimuki, on tilausty\u00f6n\u00e4 valmistettu harvinaisen pienen\u00e4, vain 400 kappaleen er\u00e4n\u00e4. Karl Fazer Caf\u00e9 tilasi Arabialta numeroidun er\u00e4n myyntiin jouluksi 2004 sen j\u00e4lkeen, kun Fazerin arkistosta oli l\u00f6ytynyt Tove Janssonin piirt\u00e4m\u00e4 joulumainos, johon my\u00f6s mukin kuvitus perustuu. Mukista ei ole tarrallista versiota. Fazer-mukia myytiin aikanaan joko sellaisenaan tai l\u00e4pin\u00e4kyv\u00e4\u00e4n sellofaaniin k\u00e4\u00e4rittyn\u00e4, jota koristi punainen Fazer-nauha.\u00a0<a href=\"https:\/\/www.youtube.com\/watch?v=8bQsPcB2XSs&amp;t=\" target=\"_blank\" rel=\"noopener noreferrer\">Katso video Fazer-mukista Youtube-kanavaltamme.<\/a><\/p>\n<p>Kurkkaa my\u00f6s muut erikoismukit\u00a0<a href=\"https:\/\/muumimukitrahaksi.fi\/tuote-avainsana\/erikoismuki\/\" target=\"_blank\" rel=\"noopener noreferrer\">t\u00e4st\u00e4<\/a>.<\/p>\n<p>L\u00f6ytyyk\u00f6 sinulta Fazer-muumimuki ja haluaisit myyd\u00e4 sen? Me my\u00f6s ostamme muumimukeja. Klikkaa\u00a0<a href=\"https:\/\/muumimukitrahaksi.fi\/ostamme\/\" target=\"_blank\" rel=\"noopener noreferrer\">t\u00e4st\u00e4<\/a>, t\u00e4yt\u00e4 lomake ja saat tarjouksen viel\u00e4 saman p\u00e4iv\u00e4n aikana.<\/p>\n","protected":false},"excerpt":{"rendered":"<p>Muumimukien Graalin malja tarjolla! Myynniss\u00e4 kuvan Arabian muumimuki Fazer. Muki on Arabian valmistamista muumimukeista kaikkein harvinaisin. Mukia valmistettiin numeroitu 400 kappaleen er\u00e4 joulumarkkinoille vuonna 2004. Mukia myytiin ainoastaan Fazerin kahvilassa Helsingiss\u00e4. Kuvitus perustuu Tove Janssonin Fazerille piirt\u00e4m\u00e4\u00e4n mainokseen. T\u00e4m\u00e4 yksil\u00f6 on uudenveroinen ja t\u00e4ysin virheet\u00f6n. J\u00e4rjestysnumero on 64\/400. Hintaan sis\u00e4ltyy henkil\u00f6kohtainen toimitus Suomen rajojen sis\u00e4ll\u00e4.<\/p>\n","protected":false},"featured_media":18532,"template":"","meta":[],"product_brand":[],"product_cat":[402,389,8,384,392],"product_tag":[116,110],"class_list":{"0":"post-18531","1":"product","2":"type-product","3":"status-publish","4":"has-post-thumbnail","6":"product_cat-arabia-mukit","7":"product_cat-erikoismukit","8":"product_cat-mukit","9":"product_cat-tarrattomat","10":"product_cat-tuotannosta-poistuneet-mukit","11":"product_tag-erikoismuki","12":"product_tag-muumimuki","14":"first","15":"outofstock","16":"taxable","17":"shipping-taxable","18":"purchasable","19":"product-type-simple"},"yoast_head":"<!-- This site is optimized with the Yoast SEO plugin v27.1.1 - https:\/\/yoast.com\/product\/yoast-seo-wordpress\/ -->\n<title>Muumimuki Fazer 64\/400 (2004) - Muumimukit Rahaksi<\/title>\n<meta name=\"description\" content=\"Muumimukien Graalin malja tarjolla! Myynniss\u00e4 kuvan Arabian muumimuki Fazer. Muki on Arabian valmistamista muumimukeista kaikkein harvinaisin.\" \/>\n<meta name=\"robots\" content=\"index, follow, max-snippet:-1, max-image-preview:large, max-video-preview:-1\" \/>\n<link rel=\"canonical\" href=\"https:\/\/muumimukitrahaksi.fi\/tuote\/muumimuki-fazer\/\" \/>\n<meta property=\"og:locale\" content=\"sv_SE\" \/>\n<meta property=\"og:type\" content=\"article\" \/>\n<meta property=\"og:title\" content=\"Muumimuki Fazer 64\/400 (2004) - Muumimukit Rahaksi\" \/>\n<meta property=\"og:description\" content=\"Muumimukien Graalin malja tarjolla! Myynniss\u00e4 kuvan Arabian muumimuki Fazer. Muki on Arabian valmistamista muumimukeista kaikkein harvinaisin.\" \/>\n<meta property=\"og:url\" content=\"https:\/\/muumimukitrahaksi.fi\/tuote\/muumimuki-fazer\/\" \/>\n<meta property=\"og:site_name\" content=\"Muumimukit Rahaksi\" \/>\n<meta property=\"article:publisher\" content=\"https:\/\/www.facebook.com\/muumimukitrahaksi\/\" \/>\n<meta property=\"article:modified_time\" content=\"2023-03-16T11:38:27+00:00\" \/>\n<meta property=\"og:image\" content=\"https:\/\/muumimukitrahaksi.fi\/wp-content\/uploads\/2020\/03\/DSC05212.jpg\" \/>\n\t<meta property=\"og:image:width\" content=\"1000\" \/>\n\t<meta property=\"og:image:height\" content=\"1098\" \/>\n\t<meta property=\"og:image:type\" content=\"image\/jpeg\" \/>\n<meta name=\"twitter:card\" content=\"summary_large_image\" \/>\n<meta name=\"twitter:site\" content=\"@MuumitRahaksi\" \/>\n<meta name=\"twitter:label1\" content=\"Ber\u00e4knad l\u00e4stid\" \/>\n\t<meta name=\"twitter:data1\" content=\"1 minut\" \/>\n<script type=\"application\/ld+json\" class=\"yoast-schema-graph\">{\"@context\":\"https:\/\/schema.org\",\"@graph\":[{\"@type\":\"WebPage\",\"@id\":\"https:\/\/muumimukitrahaksi.fi\/tuote\/muumimuki-fazer-64-400-2004\/\",\"url\":\"https:\/\/muumimukitrahaksi.fi\/tuote\/muumimuki-fazer\/\",\"name\":\"Muumimuki Fazer 64\/400 (2004) - Muumimukit Rahaksi\",\"isPartOf\":{\"@id\":\"https:\/\/muumimukitrahaksi.fi\/#website\"},\"primaryImageOfPage\":{\"@id\":\"https:\/\/muumimukitrahaksi.fi\/tuote\/muumimuki-fazer\/#primaryimage\"},\"image\":{\"@id\":\"https:\/\/muumimukitrahaksi.fi\/tuote\/muumimuki-fazer\/#primaryimage\"},\"thumbnailUrl\":\"https:\/\/muumimukitrahaksi.fi\/wp-content\/uploads\/2020\/03\/DSC05212.jpg\",\"datePublished\":\"2020-03-11T09:26:30+00:00\",\"dateModified\":\"2023-03-16T11:38:27+00:00\",\"description\":\"Muumimukien Graalin malja tarjolla! Myynniss\u00e4 kuvan Arabian muumimuki Fazer. Muki on Arabian valmistamista muumimukeista kaikkein harvinaisin.\",\"breadcrumb\":{\"@id\":\"https:\/\/muumimukitrahaksi.fi\/tuote\/muumimuki-fazer\/#breadcrumb\"},\"inLanguage\":\"sv-SE\",\"potentialAction\":[{\"@type\":\"ReadAction\",\"target\":[\"https:\/\/muumimukitrahaksi.fi\/tuote\/muumimuki-fazer\/\"]}]},{\"@type\":\"ImageObject\",\"inLanguage\":\"sv-SE\",\"@id\":\"https:\/\/muumimukitrahaksi.fi\/tuote\/muumimuki-fazer\/#primaryimage\",\"url\":\"https:\/\/muumimukitrahaksi.fi\/wp-content\/uploads\/2020\/03\/DSC05212.jpg\",\"contentUrl\":\"https:\/\/muumimukitrahaksi.fi\/wp-content\/uploads\/2020\/03\/DSC05212.jpg\",\"width\":1000,\"height\":1098,\"caption\":\"SONY DSC\"},{\"@type\":\"BreadcrumbList\",\"@id\":\"https:\/\/muumimukitrahaksi.fi\/tuote\/muumimuki-fazer\/#breadcrumb\",\"itemListElement\":[{\"@type\":\"ListItem\",\"position\":1,\"name\":\"Etusivu\",\"item\":\"https:\/\/muumimukitrahaksi.fi\/sv\/\"},{\"@type\":\"ListItem\",\"position\":2,\"name\":\"Butik\",\"item\":\"https:\/\/muumimukitrahaksi.fi\/sv\/butik\/\"},{\"@type\":\"ListItem\",\"position\":3,\"name\":\"Muumimuki Fazer 64\/400 (2004)\"}]},{\"@type\":\"WebSite\",\"@id\":\"https:\/\/muumimukitrahaksi.fi\/#website\",\"url\":\"https:\/\/muumimukitrahaksi.fi\/\",\"name\":\"Muumimukit Rahaksi\",\"description\":\"Muumimukeja, -kulhoja ja -lautasia ker\u00e4ilij\u00f6ille!\",\"publisher\":{\"@id\":\"https:\/\/muumimukitrahaksi.fi\/#organization\"},\"potentialAction\":[{\"@type\":\"SearchAction\",\"target\":{\"@type\":\"EntryPoint\",\"urlTemplate\":\"https:\/\/muumimukitrahaksi.fi\/?s={search_term_string}\"},\"query-input\":{\"@type\":\"PropertyValueSpecification\",\"valueRequired\":true,\"valueName\":\"search_term_string\"}}],\"inLanguage\":\"sv-SE\"},{\"@type\":\"Organization\",\"@id\":\"https:\/\/muumimukitrahaksi.fi\/#organization\",\"name\":\"Muumimukit Rahaksi\",\"url\":\"https:\/\/muumimukitrahaksi.fi\/\",\"logo\":{\"@type\":\"ImageObject\",\"inLanguage\":\"sv-SE\",\"@id\":\"https:\/\/muumimukitrahaksi.fi\/#\/schema\/logo\/image\/\",\"url\":\"https:\/\/muumimukitrahaksi.fi\/wp-content\/uploads\/2017\/09\/logooo.jpg\",\"contentUrl\":\"https:\/\/muumimukitrahaksi.fi\/wp-content\/uploads\/2017\/09\/logooo.jpg\",\"width\":514,\"height\":514,\"caption\":\"Muumimukit Rahaksi\"},\"image\":{\"@id\":\"https:\/\/muumimukitrahaksi.fi\/#\/schema\/logo\/image\/\"},\"sameAs\":[\"https:\/\/www.facebook.com\/muumimukitrahaksi\/\",\"https:\/\/x.com\/MuumitRahaksi\",\"https:\/\/www.instagram.com\/muumimukitrahaksi\/\"]}]}<\/script>\n<!-- \/ Yoast SEO plugin. -->","yoast_head_json":{"title":"Muumimuki Fazer 64\/400 (2004) - Muumimukit Rahaksi","description":"Muumimukien Graalin malja tarjolla! Myynniss\u00e4 kuvan Arabian muumimuki Fazer. Muki on Arabian valmistamista muumimukeista kaikkein harvinaisin.","robots":{"index":"index","follow":"follow","max-snippet":"max-snippet:-1","max-image-preview":"max-image-preview:large","max-video-preview":"max-video-preview:-1"},"canonical":"https:\/\/muumimukitrahaksi.fi\/tuote\/muumimuki-fazer\/","og_locale":"sv_SE","og_type":"article","og_title":"Muumimuki Fazer 64\/400 (2004) - Muumimukit Rahaksi","og_description":"Muumimukien Graalin malja tarjolla! Myynniss\u00e4 kuvan Arabian muumimuki Fazer. Muki on Arabian valmistamista muumimukeista kaikkein harvinaisin.","og_url":"https:\/\/muumimukitrahaksi.fi\/tuote\/muumimuki-fazer\/","og_site_name":"Muumimukit Rahaksi","article_publisher":"https:\/\/www.facebook.com\/muumimukitrahaksi\/","article_modified_time":"2023-03-16T11:38:27+00:00","og_image":[{"width":1000,"height":1098,"url":"https:\/\/muumimukitrahaksi.fi\/wp-content\/uploads\/2020\/03\/DSC05212.jpg","type":"image\/jpeg"}],"twitter_card":"summary_large_image","twitter_site":"@MuumitRahaksi","twitter_misc":{"Ber\u00e4knad l\u00e4stid":"1 minut"},"schema":{"@context":"https:\/\/schema.org","@graph":[{"@type":"WebPage","@id":"https:\/\/muumimukitrahaksi.fi\/tuote\/muumimuki-fazer-64-400-2004\/","url":"https:\/\/muumimukitrahaksi.fi\/tuote\/muumimuki-fazer\/","name":"Muumimuki Fazer 64\/400 (2004) - Muumimukit Rahaksi","isPartOf":{"@id":"https:\/\/muumimukitrahaksi.fi\/#website"},"primaryImageOfPage":{"@id":"https:\/\/muumimukitrahaksi.fi\/tuote\/muumimuki-fazer\/#primaryimage"},"image":{"@id":"https:\/\/muumimukitrahaksi.fi\/tuote\/muumimuki-fazer\/#primaryimage"},"thumbnailUrl":"https:\/\/muumimukitrahaksi.fi\/wp-content\/uploads\/2020\/03\/DSC05212.jpg","datePublished":"2020-03-11T09:26:30+00:00","dateModified":"2023-03-16T11:38:27+00:00","description":"Muumimukien Graalin malja tarjolla! Myynniss\u00e4 kuvan Arabian muumimuki Fazer. Muki on Arabian valmistamista muumimukeista kaikkein harvinaisin.","breadcrumb":{"@id":"https:\/\/muumimukitrahaksi.fi\/tuote\/muumimuki-fazer\/#breadcrumb"},"inLanguage":"sv-SE","potentialAction":[{"@type":"ReadAction","target":["https:\/\/muumimukitrahaksi.fi\/tuote\/muumimuki-fazer\/"]}]},{"@type":"ImageObject","inLanguage":"sv-SE","@id":"https:\/\/muumimukitrahaksi.fi\/tuote\/muumimuki-fazer\/#primaryimage","url":"https:\/\/muumimukitrahaksi.fi\/wp-content\/uploads\/2020\/03\/DSC05212.jpg","contentUrl":"https:\/\/muumimukitrahaksi.fi\/wp-content\/uploads\/2020\/03\/DSC05212.jpg","width":1000,"height":1098,"caption":"SONY DSC"},{"@type":"BreadcrumbList","@id":"https:\/\/muumimukitrahaksi.fi\/tuote\/muumimuki-fazer\/#breadcrumb","itemListElement":[{"@type":"ListItem","position":1,"name":"Etusivu","item":"https:\/\/muumimukitrahaksi.fi\/sv\/"},{"@type":"ListItem","position":2,"name":"Butik","item":"https:\/\/muumimukitrahaksi.fi\/sv\/butik\/"},{"@type":"ListItem","position":3,"name":"Muumimuki Fazer 64\/400 (2004)"}]},{"@type":"WebSite","@id":"https:\/\/muumimukitrahaksi.fi\/#website","url":"https:\/\/muumimukitrahaksi.fi\/","name":"Muumimukit Rahaksi","description":"Muumimukeja, -kulhoja ja -lautasia ker\u00e4ilij\u00f6ille!","publisher":{"@id":"https:\/\/muumimukitrahaksi.fi\/#organization"},"potentialAction":[{"@type":"SearchAction","target":{"@type":"EntryPoint","urlTemplate":"https:\/\/muumimukitrahaksi.fi\/?s={search_term_string}"},"query-input":{"@type":"PropertyValueSpecification","valueRequired":true,"valueName":"search_term_string"}}],"inLanguage":"sv-SE"},{"@type":"Organization","@id":"https:\/\/muumimukitrahaksi.fi\/#organization","name":"Muumimukit Rahaksi","url":"https:\/\/muumimukitrahaksi.fi\/","logo":{"@type":"ImageObject","inLanguage":"sv-SE","@id":"https:\/\/muumimukitrahaksi.fi\/#\/schema\/logo\/image\/","url":"https:\/\/muumimukitrahaksi.fi\/wp-content\/uploads\/2017\/09\/logooo.jpg","contentUrl":"https:\/\/muumimukitrahaksi.fi\/wp-content\/uploads\/2017\/09\/logooo.jpg","width":514,"height":514,"caption":"Muumimukit Rahaksi"},"image":{"@id":"https:\/\/muumimukitrahaksi.fi\/#\/schema\/logo\/image\/"},"sameAs":["https:\/\/www.facebook.com\/muumimukitrahaksi\/","https:\/\/x.com\/MuumitRahaksi","https:\/\/www.instagram.com\/muumimukitrahaksi\/"]}]}},"_links":{"self":[{"href":"https:\/\/muumimukitrahaksi.fi\/sv\/wp-json\/wp\/v2\/product\/18531","targetHints":{"allow":["GET"]}}],"collection":[{"href":"https:\/\/muumimukitrahaksi.fi\/sv\/wp-json\/wp\/v2\/product"}],"about":[{"href":"https:\/\/muumimukitrahaksi.fi\/sv\/wp-json\/wp\/v2\/types\/product"}],"wp:featuredmedia":[{"embeddable":true,"href":"https:\/\/muumimukitrahaksi.fi\/sv\/wp-json\/wp\/v2\/media\/18532"}],"wp:attachment":[{"href":"https:\/\/muumimukitrahaksi.fi\/sv\/wp-json\/wp\/v2\/media?parent=18531"}],"wp:term":[{"taxonomy":"product_brand","embeddable":true,"href":"https:\/\/muumimukitrahaksi.fi\/sv\/wp-json\/wp\/v2\/product_brand?post=18531"},{"taxonomy":"product_cat","embeddable":true,"href":"https:\/\/muumimukitrahaksi.fi\/sv\/wp-json\/wp\/v2\/product_cat?post=18531"},{"taxonomy":"product_tag","embeddable":true,"href":"https:\/\/muumimukitrahaksi.fi\/sv\/wp-json\/wp\/v2\/product_tag?post=18531"}],"curies":[{"name":"wp","href":"https:\/\/api.w.org\/{rel}","templated":true}]}}