{"id":5707,"date":"2018-08-03T15:24:47","date_gmt":"2018-08-03T12:24:47","guid":{"rendered":"https:\/\/muumimukitrahaksi.fi\/?post_type=product&#038;p=5707"},"modified":"2023-03-16T13:40:10","modified_gmt":"2023-03-16T11:40:10","slug":"muumimuki-fazer-288-400-2004-uusi","status":"publish","type":"product","link":"https:\/\/muumimukitrahaksi.fi\/sv\/produkt\/muumimuki-fazer-288-400-2004-uusi\/","title":{"rendered":"Muumimuki Fazer 288\/400 (2004) *UUSI*"},"content":{"rendered":"","protected":false},"excerpt":{"rendered":"<p>Muumimukien Graalin malja tarjolla! Myynniss\u00e4 kuvan Arabian muumimuki Fazer 288\/400. Muki on Arabian valmistamista muumimukeista kaikkein harvinaisin. Mukia valmistettiin numeroitu 400 kappaleen er\u00e4 joulumarkkinoille vuonna 2004. Mukia myytiin ainoastaan Fazerin kahvilassa Helsingiss\u00e4. Kuvitus perustuu Tove Janssonin Fazerille piirt\u00e4m\u00e4\u00e4n mainokseen. T\u00e4m\u00e4 yksil\u00f6 on uusi, t\u00e4ysin virheet\u00f6n ja edelleen alkuper\u00e4iseen sellofaaniin k\u00e4\u00e4rittyn\u00e4. Mik\u00e4li olet halukas ostamaan kyseisen mukin, pyyd\u00e4mme yst\u00e4v\u00e4llisesti olemaan ensin yhteydess\u00e4 s\u00e4hk\u00f6postitse osoitteeseen info@muumimukitrahaksi.fi, jotta voimme sopia toimituksen tapauskohtaisesti.<\/p>\n<p>The Holy Grail of Moomin mugs is on offer! For sale is Arabia Moomin mug Fazer (pictured). This mug is the rarest one of any Arabia Moomin mugs. The mug was manufactured for the Christmas season on 2004\u00a0 as a numbered set of 400 pieces. It was sold only on a Fazer cafe in Helsinki, Finland. This specific mug is in mint condition and completely flawless. If you are interested in purchasing this item or have any further questions, please feel free to contact us via email at info@muumimukitrahaksi.fi.<\/p>\n","protected":false},"featured_media":5560,"template":"","meta":[],"product_brand":[],"product_cat":[402,389,8,382,392],"product_tag":[116,110,123],"class_list":{"0":"post-5707","1":"product","2":"type-product","3":"status-publish","4":"has-post-thumbnail","6":"product_cat-arabia-mukit","7":"product_cat-erikoismukit","8":"product_cat-mukit","9":"product_cat-tarralliset","10":"product_cat-tuotannosta-poistuneet-mukit","11":"product_tag-erikoismuki","12":"product_tag-muumimuki","13":"product_tag-tarrallinen","15":"first","16":"outofstock","17":"taxable","18":"shipping-taxable","19":"purchasable","20":"product-type-simple"},"yoast_head":"<!-- This site is optimized with the Yoast SEO plugin v27.1.1 - https:\/\/yoast.com\/product\/yoast-seo-wordpress\/ -->\n<title>Muumimuki Fazer 288\/400 (2004) *UUSI* - Muumimukit Rahaksi<\/title>\n<meta name=\"description\" content=\"Muumimukien Graalin malja tarjolla! Myynniss\u00e4 kuvan Arabian muumimuki Fazer 288\/400. Muki on Arabian valmistamista muumimukeista kaikkein harvinaisin.\" \/>\n<meta name=\"robots\" content=\"index, follow, max-snippet:-1, max-image-preview:large, max-video-preview:-1\" \/>\n<link rel=\"canonical\" href=\"https:\/\/muumimukitrahaksi.fi\/tuote\/muumimuki-fazer\/\" \/>\n<meta property=\"og:locale\" content=\"sv_SE\" \/>\n<meta property=\"og:type\" content=\"article\" \/>\n<meta property=\"og:title\" content=\"Muumimuki Fazer 288\/400 (2004) *UUSI* - Muumimukit Rahaksi\" \/>\n<meta property=\"og:description\" content=\"Muumimukien Graalin malja tarjolla! Myynniss\u00e4 kuvan Arabian muumimuki Fazer 288\/400. Muki on Arabian valmistamista muumimukeista kaikkein harvinaisin.\" \/>\n<meta property=\"og:url\" content=\"https:\/\/muumimukitrahaksi.fi\/tuote\/muumimuki-fazer\/\" \/>\n<meta property=\"og:site_name\" content=\"Muumimukit Rahaksi\" \/>\n<meta property=\"article:publisher\" content=\"https:\/\/www.facebook.com\/muumimukitrahaksi\/\" \/>\n<meta property=\"article:modified_time\" content=\"2023-03-16T11:40:10+00:00\" \/>\n<meta property=\"og:image\" content=\"https:\/\/muumimukitrahaksi.fi\/wp-content\/uploads\/2018\/06\/DSC02576-scaled.jpg\" \/>\n\t<meta property=\"og:image:width\" content=\"2286\" \/>\n\t<meta property=\"og:image:height\" content=\"2560\" \/>\n\t<meta property=\"og:image:type\" content=\"image\/jpeg\" \/>\n<meta name=\"twitter:card\" content=\"summary_large_image\" \/>\n<meta name=\"twitter:site\" content=\"@MuumitRahaksi\" \/>\n<script type=\"application\/ld+json\" class=\"yoast-schema-graph\">{\"@context\":\"https:\/\/schema.org\",\"@graph\":[{\"@type\":\"WebPage\",\"@id\":\"https:\/\/muumimukitrahaksi.fi\/tuote\/muumimuki-fazer-288-400-2004-uusi\/\",\"url\":\"https:\/\/muumimukitrahaksi.fi\/tuote\/muumimuki-fazer\/\",\"name\":\"Muumimuki Fazer 288\/400 (2004) *UUSI* - Muumimukit Rahaksi\",\"isPartOf\":{\"@id\":\"https:\/\/muumimukitrahaksi.fi\/#website\"},\"primaryImageOfPage\":{\"@id\":\"https:\/\/muumimukitrahaksi.fi\/tuote\/muumimuki-fazer\/#primaryimage\"},\"image\":{\"@id\":\"https:\/\/muumimukitrahaksi.fi\/tuote\/muumimuki-fazer\/#primaryimage\"},\"thumbnailUrl\":\"https:\/\/muumimukitrahaksi.fi\/wp-content\/uploads\/2018\/06\/DSC02576-scaled.jpg\",\"datePublished\":\"2018-08-03T12:24:47+00:00\",\"dateModified\":\"2023-03-16T11:40:10+00:00\",\"description\":\"Muumimukien Graalin malja tarjolla! Myynniss\u00e4 kuvan Arabian muumimuki Fazer 288\/400. Muki on Arabian valmistamista muumimukeista kaikkein harvinaisin.\",\"breadcrumb\":{\"@id\":\"https:\/\/muumimukitrahaksi.fi\/tuote\/muumimuki-fazer\/#breadcrumb\"},\"inLanguage\":\"sv-SE\",\"potentialAction\":[{\"@type\":\"ReadAction\",\"target\":[\"https:\/\/muumimukitrahaksi.fi\/tuote\/muumimuki-fazer\/\"]}]},{\"@type\":\"ImageObject\",\"inLanguage\":\"sv-SE\",\"@id\":\"https:\/\/muumimukitrahaksi.fi\/tuote\/muumimuki-fazer\/#primaryimage\",\"url\":\"https:\/\/muumimukitrahaksi.fi\/wp-content\/uploads\/2018\/06\/DSC02576-scaled.jpg\",\"contentUrl\":\"https:\/\/muumimukitrahaksi.fi\/wp-content\/uploads\/2018\/06\/DSC02576-scaled.jpg\",\"width\":2286,\"height\":2560,\"caption\":\"Muumimuki Fazer 288\/400\"},{\"@type\":\"BreadcrumbList\",\"@id\":\"https:\/\/muumimukitrahaksi.fi\/tuote\/muumimuki-fazer\/#breadcrumb\",\"itemListElement\":[{\"@type\":\"ListItem\",\"position\":1,\"name\":\"Etusivu\",\"item\":\"https:\/\/muumimukitrahaksi.fi\/sv\/\"},{\"@type\":\"ListItem\",\"position\":2,\"name\":\"Butik\",\"item\":\"https:\/\/muumimukitrahaksi.fi\/sv\/butik\/\"},{\"@type\":\"ListItem\",\"position\":3,\"name\":\"Muumimuki Fazer 288\/400 (2004) *UUSI*\"}]},{\"@type\":\"WebSite\",\"@id\":\"https:\/\/muumimukitrahaksi.fi\/#website\",\"url\":\"https:\/\/muumimukitrahaksi.fi\/\",\"name\":\"Muumimukit Rahaksi\",\"description\":\"Muumimukeja, -kulhoja ja -lautasia ker\u00e4ilij\u00f6ille!\",\"publisher\":{\"@id\":\"https:\/\/muumimukitrahaksi.fi\/#organization\"},\"potentialAction\":[{\"@type\":\"SearchAction\",\"target\":{\"@type\":\"EntryPoint\",\"urlTemplate\":\"https:\/\/muumimukitrahaksi.fi\/?s={search_term_string}\"},\"query-input\":{\"@type\":\"PropertyValueSpecification\",\"valueRequired\":true,\"valueName\":\"search_term_string\"}}],\"inLanguage\":\"sv-SE\"},{\"@type\":\"Organization\",\"@id\":\"https:\/\/muumimukitrahaksi.fi\/#organization\",\"name\":\"Muumimukit Rahaksi\",\"url\":\"https:\/\/muumimukitrahaksi.fi\/\",\"logo\":{\"@type\":\"ImageObject\",\"inLanguage\":\"sv-SE\",\"@id\":\"https:\/\/muumimukitrahaksi.fi\/#\/schema\/logo\/image\/\",\"url\":\"https:\/\/muumimukitrahaksi.fi\/wp-content\/uploads\/2017\/09\/logooo.jpg\",\"contentUrl\":\"https:\/\/muumimukitrahaksi.fi\/wp-content\/uploads\/2017\/09\/logooo.jpg\",\"width\":514,\"height\":514,\"caption\":\"Muumimukit Rahaksi\"},\"image\":{\"@id\":\"https:\/\/muumimukitrahaksi.fi\/#\/schema\/logo\/image\/\"},\"sameAs\":[\"https:\/\/www.facebook.com\/muumimukitrahaksi\/\",\"https:\/\/x.com\/MuumitRahaksi\",\"https:\/\/www.instagram.com\/muumimukitrahaksi\/\"]}]}<\/script>\n<!-- \/ Yoast SEO plugin. -->","yoast_head_json":{"title":"Muumimuki Fazer 288\/400 (2004) *UUSI* - Muumimukit Rahaksi","description":"Muumimukien Graalin malja tarjolla! Myynniss\u00e4 kuvan Arabian muumimuki Fazer 288\/400. Muki on Arabian valmistamista muumimukeista kaikkein harvinaisin.","robots":{"index":"index","follow":"follow","max-snippet":"max-snippet:-1","max-image-preview":"max-image-preview:large","max-video-preview":"max-video-preview:-1"},"canonical":"https:\/\/muumimukitrahaksi.fi\/tuote\/muumimuki-fazer\/","og_locale":"sv_SE","og_type":"article","og_title":"Muumimuki Fazer 288\/400 (2004) *UUSI* - Muumimukit Rahaksi","og_description":"Muumimukien Graalin malja tarjolla! Myynniss\u00e4 kuvan Arabian muumimuki Fazer 288\/400. Muki on Arabian valmistamista muumimukeista kaikkein harvinaisin.","og_url":"https:\/\/muumimukitrahaksi.fi\/tuote\/muumimuki-fazer\/","og_site_name":"Muumimukit Rahaksi","article_publisher":"https:\/\/www.facebook.com\/muumimukitrahaksi\/","article_modified_time":"2023-03-16T11:40:10+00:00","og_image":[{"width":2286,"height":2560,"url":"https:\/\/muumimukitrahaksi.fi\/wp-content\/uploads\/2018\/06\/DSC02576-scaled.jpg","type":"image\/jpeg"}],"twitter_card":"summary_large_image","twitter_site":"@MuumitRahaksi","schema":{"@context":"https:\/\/schema.org","@graph":[{"@type":"WebPage","@id":"https:\/\/muumimukitrahaksi.fi\/tuote\/muumimuki-fazer-288-400-2004-uusi\/","url":"https:\/\/muumimukitrahaksi.fi\/tuote\/muumimuki-fazer\/","name":"Muumimuki Fazer 288\/400 (2004) *UUSI* - Muumimukit Rahaksi","isPartOf":{"@id":"https:\/\/muumimukitrahaksi.fi\/#website"},"primaryImageOfPage":{"@id":"https:\/\/muumimukitrahaksi.fi\/tuote\/muumimuki-fazer\/#primaryimage"},"image":{"@id":"https:\/\/muumimukitrahaksi.fi\/tuote\/muumimuki-fazer\/#primaryimage"},"thumbnailUrl":"https:\/\/muumimukitrahaksi.fi\/wp-content\/uploads\/2018\/06\/DSC02576-scaled.jpg","datePublished":"2018-08-03T12:24:47+00:00","dateModified":"2023-03-16T11:40:10+00:00","description":"Muumimukien Graalin malja tarjolla! Myynniss\u00e4 kuvan Arabian muumimuki Fazer 288\/400. Muki on Arabian valmistamista muumimukeista kaikkein harvinaisin.","breadcrumb":{"@id":"https:\/\/muumimukitrahaksi.fi\/tuote\/muumimuki-fazer\/#breadcrumb"},"inLanguage":"sv-SE","potentialAction":[{"@type":"ReadAction","target":["https:\/\/muumimukitrahaksi.fi\/tuote\/muumimuki-fazer\/"]}]},{"@type":"ImageObject","inLanguage":"sv-SE","@id":"https:\/\/muumimukitrahaksi.fi\/tuote\/muumimuki-fazer\/#primaryimage","url":"https:\/\/muumimukitrahaksi.fi\/wp-content\/uploads\/2018\/06\/DSC02576-scaled.jpg","contentUrl":"https:\/\/muumimukitrahaksi.fi\/wp-content\/uploads\/2018\/06\/DSC02576-scaled.jpg","width":2286,"height":2560,"caption":"Muumimuki Fazer 288\/400"},{"@type":"BreadcrumbList","@id":"https:\/\/muumimukitrahaksi.fi\/tuote\/muumimuki-fazer\/#breadcrumb","itemListElement":[{"@type":"ListItem","position":1,"name":"Etusivu","item":"https:\/\/muumimukitrahaksi.fi\/sv\/"},{"@type":"ListItem","position":2,"name":"Butik","item":"https:\/\/muumimukitrahaksi.fi\/sv\/butik\/"},{"@type":"ListItem","position":3,"name":"Muumimuki Fazer 288\/400 (2004) *UUSI*"}]},{"@type":"WebSite","@id":"https:\/\/muumimukitrahaksi.fi\/#website","url":"https:\/\/muumimukitrahaksi.fi\/","name":"Muumimukit Rahaksi","description":"Muumimukeja, -kulhoja ja -lautasia ker\u00e4ilij\u00f6ille!","publisher":{"@id":"https:\/\/muumimukitrahaksi.fi\/#organization"},"potentialAction":[{"@type":"SearchAction","target":{"@type":"EntryPoint","urlTemplate":"https:\/\/muumimukitrahaksi.fi\/?s={search_term_string}"},"query-input":{"@type":"PropertyValueSpecification","valueRequired":true,"valueName":"search_term_string"}}],"inLanguage":"sv-SE"},{"@type":"Organization","@id":"https:\/\/muumimukitrahaksi.fi\/#organization","name":"Muumimukit Rahaksi","url":"https:\/\/muumimukitrahaksi.fi\/","logo":{"@type":"ImageObject","inLanguage":"sv-SE","@id":"https:\/\/muumimukitrahaksi.fi\/#\/schema\/logo\/image\/","url":"https:\/\/muumimukitrahaksi.fi\/wp-content\/uploads\/2017\/09\/logooo.jpg","contentUrl":"https:\/\/muumimukitrahaksi.fi\/wp-content\/uploads\/2017\/09\/logooo.jpg","width":514,"height":514,"caption":"Muumimukit Rahaksi"},"image":{"@id":"https:\/\/muumimukitrahaksi.fi\/#\/schema\/logo\/image\/"},"sameAs":["https:\/\/www.facebook.com\/muumimukitrahaksi\/","https:\/\/x.com\/MuumitRahaksi","https:\/\/www.instagram.com\/muumimukitrahaksi\/"]}]}},"_links":{"self":[{"href":"https:\/\/muumimukitrahaksi.fi\/sv\/wp-json\/wp\/v2\/product\/5707","targetHints":{"allow":["GET"]}}],"collection":[{"href":"https:\/\/muumimukitrahaksi.fi\/sv\/wp-json\/wp\/v2\/product"}],"about":[{"href":"https:\/\/muumimukitrahaksi.fi\/sv\/wp-json\/wp\/v2\/types\/product"}],"wp:featuredmedia":[{"embeddable":true,"href":"https:\/\/muumimukitrahaksi.fi\/sv\/wp-json\/wp\/v2\/media\/5560"}],"wp:attachment":[{"href":"https:\/\/muumimukitrahaksi.fi\/sv\/wp-json\/wp\/v2\/media?parent=5707"}],"wp:term":[{"taxonomy":"product_brand","embeddable":true,"href":"https:\/\/muumimukitrahaksi.fi\/sv\/wp-json\/wp\/v2\/product_brand?post=5707"},{"taxonomy":"product_cat","embeddable":true,"href":"https:\/\/muumimukitrahaksi.fi\/sv\/wp-json\/wp\/v2\/product_cat?post=5707"},{"taxonomy":"product_tag","embeddable":true,"href":"https:\/\/muumimukitrahaksi.fi\/sv\/wp-json\/wp\/v2\/product_tag?post=5707"}],"curies":[{"name":"wp","href":"https:\/\/api.w.org\/{rel}","templated":true}]}}