{"id":98109,"date":"2018-08-11T16:32:58","date_gmt":"2018-08-11T13:32:58","guid":{"rendered":"https:\/\/muumimukitrahaksi.fi\/tuote\/muminmugg-sommarteatern-2017\/"},"modified":"2026-02-24T19:12:04","modified_gmt":"2026-02-24T17:12:04","slug":"muminmugg-sommarteatern-2017","status":"publish","type":"product","link":"https:\/\/muumimukitrahaksi.fi\/sv\/produkt\/muminmugg-sommarteatern-2017\/","title":{"rendered":"Muminmugg Sommarteatern (2017)"},"content":{"rendered":"<p style=\"text-align: center;\"><strong>\u2022 Officiell Moomin Characters\u00a0 licensinnehavare \u2022 Delbetalning\/faktura \u2022 Kvalitetsgranskade produkter<\/strong><\/p>\n<p><strong>Muminmuggen Sommarteatern<\/strong> sl\u00e4pptes sommaren 2017 och seglade genast in i samlarnas hj\u00e4rtan. Illustrationen baseras p\u00e5 Tove Janssons roman Farlig midsommar fr\u00e5n 1954. I illustrationen syns lejonet, eller snarare lejonkostymen, Snorkfr\u00f6ken som beundrar kl\u00e4nningar samt Muminpappan och Mumintrollet som\u00a0 arbetar med ett teatermanus. Till muggen kom ocks\u00e5 en tallrik, och dess illustration h\u00e4mtades delvis fr\u00e5n serien Mumintrollet och medborgark\u00e4nslan.<\/p>\n<p><a href=\"https:\/\/www.youtube.com\/watch?v=OPvuEigz3kY\">Kolla videon p\u00e5 muminmuggen Sommarteatern p\u00e5 v\u00e5r Youtubekanal.<\/a><\/p>\n<p>Kolla in andra sommarmuggar<a href=\"https:\/\/muumimukitrahaksi.fi\/sv\/produkt-avdelning\/muggar\/sommarsasongmuggar\/\"> h\u00e4r.<\/a><\/p>\n<p>Har du en Sommarteatern muminmugg och vill s\u00e4lja den? Vi k\u00f6per ocks\u00e5 muminmuggar. Klicka <a href=\"https:\/\/muumimukitrahaksi.fi\/en\/sell-moomin\/\">h\u00e4r<\/a>, fyll i formul\u00e4ret och f\u00e5 en offert samma dag.<\/p>\n","protected":false},"excerpt":{"rendered":"<p style=\"text-align: center;\"><strong>\u2022 H\u00f6gklassiga varor \u2022 Snabb leverans<\/strong><\/p>\n<p>Arabias muminmugg Sommarteatern (ur produktion). Muggen \u00e4r i mycket bra skick. Inga synliga fl\u00e4ckar eller vita prickar.\u00a0Muggarna packas med omsorg och f\u00f6rnybara material.<\/p>\n<p style=\"text-align: center;\"><strong>\u2022 S\u00e4kra betalningss\u00e4tt<\/strong><\/p>\n<p><img loading=\"lazy\" decoding=\"async\" class=\"aligncenter wp-image-20415 size-full\" src=\"https:\/\/muumimukitrahaksi.fi\/wp-content\/uploads\/2020\/06\/maksutavat-2026-pieni-eng.png\" alt=\"Payment options\" width=\"350\" height=\"200\" \/><\/p>\n","protected":false},"featured_media":98110,"template":"","meta":[],"product_brand":[],"product_cat":[537,547,545,534,539],"product_tag":[597,580,627],"class_list":{"0":"post-98109","1":"product","2":"type-product","3":"status-publish","4":"has-post-thumbnail","6":"product_cat-arabia-muggar","7":"product_cat-muggar-ur-produktion","8":"product_cat-muggar-utan-etikett","9":"product_cat-muggar","10":"product_cat-sommarsasongmuggar","11":"product_tag-muminmugg","12":"product_tag-sommarmugg","13":"product_tag-utan-etikett","15":"first","16":"instock","17":"taxable","18":"shipping-taxable","19":"purchasable","20":"product-type-simple"},"yoast_head":"<!-- This site is optimized with the Yoast SEO plugin v27.1.1 - https:\/\/yoast.com\/product\/yoast-seo-wordpress\/ -->\n<title>Muminmugg Sommarteatern (2017) - Muumimukit Rahaksi<\/title>\n<meta name=\"description\" content=\"Arabias muminmugg Sommarteatern (ur produktion). Muggen \u00e4r i mycket bra skick. Inga synliga fl\u00e4ckar eller vita prickar. Muggarna packas med omsorg och f\u00f6rnybara material.\" \/>\n<meta name=\"robots\" content=\"index, follow, max-snippet:-1, max-image-preview:large, max-video-preview:-1\" \/>\n<link rel=\"canonical\" href=\"https:\/\/muumimukitrahaksi.fi\/produkt\/muumimuki-kesateatteri-2017\/\" \/>\n<meta property=\"og:locale\" content=\"sv_SE\" \/>\n<meta property=\"og:type\" content=\"article\" \/>\n<meta property=\"og:title\" content=\"Muminmugg Sommarteatern (2017) - Muumimukit Rahaksi\" \/>\n<meta property=\"og:description\" content=\"Arabias muminmugg Sommarteatern (ur produktion). Muggen \u00e4r i mycket bra skick. Inga synliga fl\u00e4ckar eller vita prickar. Muggarna packas med omsorg och f\u00f6rnybara material.\" \/>\n<meta property=\"og:url\" content=\"https:\/\/muumimukitrahaksi.fi\/produkt\/muumimuki-kesateatteri-2017\/\" \/>\n<meta property=\"og:site_name\" content=\"Muumimukit Rahaksi\" \/>\n<meta property=\"article:publisher\" content=\"https:\/\/www.facebook.com\/muumimukitrahaksi\/\" \/>\n<meta property=\"article:modified_time\" content=\"2026-02-24T17:12:04+00:00\" \/>\n<meta property=\"og:image\" content=\"https:\/\/muumimukitrahaksi.fi\/wp-content\/uploads\/2021\/01\/DSC03119.jpg\" \/>\n\t<meta property=\"og:image:width\" content=\"1000\" \/>\n\t<meta property=\"og:image:height\" content=\"1000\" \/>\n\t<meta property=\"og:image:type\" content=\"image\/jpeg\" \/>\n<meta name=\"twitter:card\" content=\"summary_large_image\" \/>\n<meta name=\"twitter:site\" content=\"@MuumitRahaksi\" \/>\n<meta name=\"twitter:label1\" content=\"Ber\u00e4knad l\u00e4stid\" \/>\n\t<meta name=\"twitter:data1\" content=\"1 minut\" \/>\n<script type=\"application\/ld+json\" class=\"yoast-schema-graph\">{\"@context\":\"https:\/\/schema.org\",\"@graph\":[{\"@type\":\"WebPage\",\"@id\":\"https:\/\/muumimukitrahaksi.fi\/produkt\/muumimuki-kesateatteri-2017\/\",\"url\":\"https:\/\/muumimukitrahaksi.fi\/produkt\/muumimuki-kesateatteri-2017\/\",\"name\":\"Muminmugg Sommarteatern (2017) - Muumimukit Rahaksi\",\"isPartOf\":{\"@id\":\"https:\/\/muumimukitrahaksi.fi\/#website\"},\"primaryImageOfPage\":{\"@id\":\"https:\/\/muumimukitrahaksi.fi\/produkt\/muumimuki-kesateatteri-2017\/#primaryimage\"},\"image\":{\"@id\":\"https:\/\/muumimukitrahaksi.fi\/produkt\/muumimuki-kesateatteri-2017\/#primaryimage\"},\"thumbnailUrl\":\"https:\/\/muumimukitrahaksi.fi\/wp-content\/uploads\/2021\/01\/DSC03119.jpg\",\"datePublished\":\"2018-08-11T13:32:58+00:00\",\"dateModified\":\"2026-02-24T17:12:04+00:00\",\"description\":\"Arabias muminmugg Sommarteatern (ur produktion). Muggen \u00e4r i mycket bra skick. Inga synliga fl\u00e4ckar eller vita prickar. Muggarna packas med omsorg och f\u00f6rnybara material.\",\"breadcrumb\":{\"@id\":\"https:\/\/muumimukitrahaksi.fi\/produkt\/muumimuki-kesateatteri-2017\/#breadcrumb\"},\"inLanguage\":\"sv-SE\",\"potentialAction\":[{\"@type\":\"ReadAction\",\"target\":[\"https:\/\/muumimukitrahaksi.fi\/produkt\/muumimuki-kesateatteri-2017\/\"]}]},{\"@type\":\"ImageObject\",\"inLanguage\":\"sv-SE\",\"@id\":\"https:\/\/muumimukitrahaksi.fi\/produkt\/muumimuki-kesateatteri-2017\/#primaryimage\",\"url\":\"https:\/\/muumimukitrahaksi.fi\/wp-content\/uploads\/2021\/01\/DSC03119.jpg\",\"contentUrl\":\"https:\/\/muumimukitrahaksi.fi\/wp-content\/uploads\/2021\/01\/DSC03119.jpg\",\"width\":1000,\"height\":1000,\"caption\":\"Muminmugg Sommarteatern\"},{\"@type\":\"BreadcrumbList\",\"@id\":\"https:\/\/muumimukitrahaksi.fi\/produkt\/muumimuki-kesateatteri-2017\/#breadcrumb\",\"itemListElement\":[{\"@type\":\"ListItem\",\"position\":1,\"name\":\"Etusivu\",\"item\":\"https:\/\/muumimukitrahaksi.fi\/sv\/\"},{\"@type\":\"ListItem\",\"position\":2,\"name\":\"Butik\",\"item\":\"https:\/\/muumimukitrahaksi.fi\/sv\/butik\/\"},{\"@type\":\"ListItem\",\"position\":3,\"name\":\"Muminmugg Sommarteatern (2017)\"}]},{\"@type\":\"WebSite\",\"@id\":\"https:\/\/muumimukitrahaksi.fi\/#website\",\"url\":\"https:\/\/muumimukitrahaksi.fi\/\",\"name\":\"Muumimukit Rahaksi\",\"description\":\"Muumimukeja, -kulhoja ja -lautasia ker\u00e4ilij\u00f6ille!\",\"publisher\":{\"@id\":\"https:\/\/muumimukitrahaksi.fi\/#organization\"},\"potentialAction\":[{\"@type\":\"SearchAction\",\"target\":{\"@type\":\"EntryPoint\",\"urlTemplate\":\"https:\/\/muumimukitrahaksi.fi\/?s={search_term_string}\"},\"query-input\":{\"@type\":\"PropertyValueSpecification\",\"valueRequired\":true,\"valueName\":\"search_term_string\"}}],\"inLanguage\":\"sv-SE\"},{\"@type\":\"Organization\",\"@id\":\"https:\/\/muumimukitrahaksi.fi\/#organization\",\"name\":\"Muumimukit Rahaksi\",\"url\":\"https:\/\/muumimukitrahaksi.fi\/\",\"logo\":{\"@type\":\"ImageObject\",\"inLanguage\":\"sv-SE\",\"@id\":\"https:\/\/muumimukitrahaksi.fi\/#\/schema\/logo\/image\/\",\"url\":\"https:\/\/muumimukitrahaksi.fi\/wp-content\/uploads\/2017\/09\/logooo.jpg\",\"contentUrl\":\"https:\/\/muumimukitrahaksi.fi\/wp-content\/uploads\/2017\/09\/logooo.jpg\",\"width\":514,\"height\":514,\"caption\":\"Muumimukit Rahaksi\"},\"image\":{\"@id\":\"https:\/\/muumimukitrahaksi.fi\/#\/schema\/logo\/image\/\"},\"sameAs\":[\"https:\/\/www.facebook.com\/muumimukitrahaksi\/\",\"https:\/\/x.com\/MuumitRahaksi\",\"https:\/\/www.instagram.com\/muumimukitrahaksi\/\"]}]}<\/script>\n<!-- \/ Yoast SEO plugin. -->","yoast_head_json":{"title":"Muminmugg Sommarteatern (2017) - Muumimukit Rahaksi","description":"Arabias muminmugg Sommarteatern (ur produktion). Muggen \u00e4r i mycket bra skick. Inga synliga fl\u00e4ckar eller vita prickar. Muggarna packas med omsorg och f\u00f6rnybara material.","robots":{"index":"index","follow":"follow","max-snippet":"max-snippet:-1","max-image-preview":"max-image-preview:large","max-video-preview":"max-video-preview:-1"},"canonical":"https:\/\/muumimukitrahaksi.fi\/produkt\/muumimuki-kesateatteri-2017\/","og_locale":"sv_SE","og_type":"article","og_title":"Muminmugg Sommarteatern (2017) - Muumimukit Rahaksi","og_description":"Arabias muminmugg Sommarteatern (ur produktion). Muggen \u00e4r i mycket bra skick. Inga synliga fl\u00e4ckar eller vita prickar. Muggarna packas med omsorg och f\u00f6rnybara material.","og_url":"https:\/\/muumimukitrahaksi.fi\/produkt\/muumimuki-kesateatteri-2017\/","og_site_name":"Muumimukit Rahaksi","article_publisher":"https:\/\/www.facebook.com\/muumimukitrahaksi\/","article_modified_time":"2026-02-24T17:12:04+00:00","og_image":[{"width":1000,"height":1000,"url":"https:\/\/muumimukitrahaksi.fi\/wp-content\/uploads\/2021\/01\/DSC03119.jpg","type":"image\/jpeg"}],"twitter_card":"summary_large_image","twitter_site":"@MuumitRahaksi","twitter_misc":{"Ber\u00e4knad l\u00e4stid":"1 minut"},"schema":{"@context":"https:\/\/schema.org","@graph":[{"@type":"WebPage","@id":"https:\/\/muumimukitrahaksi.fi\/produkt\/muumimuki-kesateatteri-2017\/","url":"https:\/\/muumimukitrahaksi.fi\/produkt\/muumimuki-kesateatteri-2017\/","name":"Muminmugg Sommarteatern (2017) - Muumimukit Rahaksi","isPartOf":{"@id":"https:\/\/muumimukitrahaksi.fi\/#website"},"primaryImageOfPage":{"@id":"https:\/\/muumimukitrahaksi.fi\/produkt\/muumimuki-kesateatteri-2017\/#primaryimage"},"image":{"@id":"https:\/\/muumimukitrahaksi.fi\/produkt\/muumimuki-kesateatteri-2017\/#primaryimage"},"thumbnailUrl":"https:\/\/muumimukitrahaksi.fi\/wp-content\/uploads\/2021\/01\/DSC03119.jpg","datePublished":"2018-08-11T13:32:58+00:00","dateModified":"2026-02-24T17:12:04+00:00","description":"Arabias muminmugg Sommarteatern (ur produktion). Muggen \u00e4r i mycket bra skick. Inga synliga fl\u00e4ckar eller vita prickar. Muggarna packas med omsorg och f\u00f6rnybara material.","breadcrumb":{"@id":"https:\/\/muumimukitrahaksi.fi\/produkt\/muumimuki-kesateatteri-2017\/#breadcrumb"},"inLanguage":"sv-SE","potentialAction":[{"@type":"ReadAction","target":["https:\/\/muumimukitrahaksi.fi\/produkt\/muumimuki-kesateatteri-2017\/"]}]},{"@type":"ImageObject","inLanguage":"sv-SE","@id":"https:\/\/muumimukitrahaksi.fi\/produkt\/muumimuki-kesateatteri-2017\/#primaryimage","url":"https:\/\/muumimukitrahaksi.fi\/wp-content\/uploads\/2021\/01\/DSC03119.jpg","contentUrl":"https:\/\/muumimukitrahaksi.fi\/wp-content\/uploads\/2021\/01\/DSC03119.jpg","width":1000,"height":1000,"caption":"Muminmugg Sommarteatern"},{"@type":"BreadcrumbList","@id":"https:\/\/muumimukitrahaksi.fi\/produkt\/muumimuki-kesateatteri-2017\/#breadcrumb","itemListElement":[{"@type":"ListItem","position":1,"name":"Etusivu","item":"https:\/\/muumimukitrahaksi.fi\/sv\/"},{"@type":"ListItem","position":2,"name":"Butik","item":"https:\/\/muumimukitrahaksi.fi\/sv\/butik\/"},{"@type":"ListItem","position":3,"name":"Muminmugg Sommarteatern (2017)"}]},{"@type":"WebSite","@id":"https:\/\/muumimukitrahaksi.fi\/#website","url":"https:\/\/muumimukitrahaksi.fi\/","name":"Muumimukit Rahaksi","description":"Muumimukeja, -kulhoja ja -lautasia ker\u00e4ilij\u00f6ille!","publisher":{"@id":"https:\/\/muumimukitrahaksi.fi\/#organization"},"potentialAction":[{"@type":"SearchAction","target":{"@type":"EntryPoint","urlTemplate":"https:\/\/muumimukitrahaksi.fi\/?s={search_term_string}"},"query-input":{"@type":"PropertyValueSpecification","valueRequired":true,"valueName":"search_term_string"}}],"inLanguage":"sv-SE"},{"@type":"Organization","@id":"https:\/\/muumimukitrahaksi.fi\/#organization","name":"Muumimukit Rahaksi","url":"https:\/\/muumimukitrahaksi.fi\/","logo":{"@type":"ImageObject","inLanguage":"sv-SE","@id":"https:\/\/muumimukitrahaksi.fi\/#\/schema\/logo\/image\/","url":"https:\/\/muumimukitrahaksi.fi\/wp-content\/uploads\/2017\/09\/logooo.jpg","contentUrl":"https:\/\/muumimukitrahaksi.fi\/wp-content\/uploads\/2017\/09\/logooo.jpg","width":514,"height":514,"caption":"Muumimukit Rahaksi"},"image":{"@id":"https:\/\/muumimukitrahaksi.fi\/#\/schema\/logo\/image\/"},"sameAs":["https:\/\/www.facebook.com\/muumimukitrahaksi\/","https:\/\/x.com\/MuumitRahaksi","https:\/\/www.instagram.com\/muumimukitrahaksi\/"]}]}},"_links":{"self":[{"href":"https:\/\/muumimukitrahaksi.fi\/sv\/wp-json\/wp\/v2\/product\/98109","targetHints":{"allow":["GET"]}}],"collection":[{"href":"https:\/\/muumimukitrahaksi.fi\/sv\/wp-json\/wp\/v2\/product"}],"about":[{"href":"https:\/\/muumimukitrahaksi.fi\/sv\/wp-json\/wp\/v2\/types\/product"}],"wp:featuredmedia":[{"embeddable":true,"href":"https:\/\/muumimukitrahaksi.fi\/sv\/wp-json\/wp\/v2\/media\/98110"}],"wp:attachment":[{"href":"https:\/\/muumimukitrahaksi.fi\/sv\/wp-json\/wp\/v2\/media?parent=98109"}],"wp:term":[{"taxonomy":"product_brand","embeddable":true,"href":"https:\/\/muumimukitrahaksi.fi\/sv\/wp-json\/wp\/v2\/product_brand?post=98109"},{"taxonomy":"product_cat","embeddable":true,"href":"https:\/\/muumimukitrahaksi.fi\/sv\/wp-json\/wp\/v2\/product_cat?post=98109"},{"taxonomy":"product_tag","embeddable":true,"href":"https:\/\/muumimukitrahaksi.fi\/sv\/wp-json\/wp\/v2\/product_tag?post=98109"}],"curies":[{"name":"wp","href":"https:\/\/api.w.org\/{rel}","templated":true}]}}