{"id":98161,"date":"2019-09-19T14:50:19","date_gmt":"2019-09-19T11:50:19","guid":{"rendered":"https:\/\/muumimukitrahaksi.fi\/tuote\/muminmugg-den-gyllene-svansen-2019-etikett\/"},"modified":"2025-10-20T21:54:01","modified_gmt":"2025-10-20T18:54:01","slug":"muminmugg-den-gyllene-svansen-2019-etikett","status":"publish","type":"product","link":"https:\/\/muumimukitrahaksi.fi\/sv\/produkt\/muminmugg-den-gyllene-svansen-2019-etikett\/","title":{"rendered":"Muminmugg Den gyllene svansen (2019) *ETIKETT*"},"content":{"rendered":"<p style=\"text-align: center;\"><strong>\u2022 Officiell Moomin Characters\u00a0 licensinnehavare \u2022 Delbetalning\/faktura \u2022 Kvalitetsgranskade produkter<\/strong><\/p>\n<p><strong>Muminmuggen Den gyllene svansen<\/strong> sl\u00e4pptes under v\u00e5rvintern 2019 som en del av en serie p\u00e5 fyra animerade muggar. Muggens illustrationer \u00e4r h\u00e4mtade fr\u00e5n avsnitt fem i animationsserien Mumindalen, &#8221;Den gyllene svansen&#8221;. Illustrationerna som \u00e4r gjorda p\u00e5 Gutsy Animations animationsserie Mumindalen, ger Arabias muggar ett nytt ansikte. Den nya animationsseriens ber\u00e4ttelser och illustrationer \u00e4r trogna de ursprungliga historierna. Toves karakteristiska anv\u00e4ndning av ljus och skuggor har f\u00e5ngats p\u00e5 ett lyckat s\u00e4tt i serien.<\/p>\n<p><a href=\"https:\/\/www.youtube.com\/watch?v=AoJrkZ0hFoQ\">Kolla videon p\u00e5 muminmuggen Den gyllene svansen p\u00e5 v\u00e5r Youtubekanal.<\/a><\/p>\n<p>Kolla in andra specialmuggar <a href=\"https:\/\/muumimukitrahaksi.fi\/sv\/produkt-avdelning\/muggar\/specialmuggar\/\">h\u00e4r.\u00a0<\/a><\/p>\n<p>Har du en Den gyllene svansen muminmugg och vill s\u00e4lja den? Vi k\u00f6per ocks\u00e5 muminmuggar. Klicka <a href=\"https:\/\/muumimukitrahaksi.fi\/en\/sell-moomin\/\">h\u00e4r<\/a>, fyll i formul\u00e4ret och f\u00e5 en offert samma dag.<\/p>\n","protected":false},"excerpt":{"rendered":"<p style=\"text-align: center;\"><strong>\u2022 H\u00f6gklassiga varor \u2022 Snabb leverans<\/strong><\/p>\n<p>Arabias muminmugg Den gyllene svansen (ur produktion). Muggen \u00e4r ny och har etiketten kvar. Muggarna packas med omsorg och f\u00f6rnybara material.<\/p>\n<p style=\"text-align: center;\"><strong>\u2022 S\u00e4kra betalningss\u00e4tt<\/strong><\/p>\n<p><img loading=\"lazy\" decoding=\"async\" class=\"aligncenter wp-image-20415 size-full\" src=\"https:\/\/muumimukitrahaksi.fi\/wp-content\/uploads\/2020\/06\/maksutavat-2026-pieni-eng.png\" alt=\"Payment options\" width=\"350\" height=\"200\" \/><\/p>\n","protected":false},"featured_media":98162,"template":"","meta":[],"product_brand":[],"product_cat":[537,544,547,534,538],"product_tag":[626,597,568],"class_list":{"0":"post-98161","1":"product","2":"type-product","3":"status-publish","4":"has-post-thumbnail","6":"product_cat-arabia-muggar","7":"product_cat-muggar-med-etikett","8":"product_cat-muggar-ur-produktion","9":"product_cat-muggar","10":"product_cat-specialmuggar","11":"product_tag-med-etikett","12":"product_tag-muminmugg","13":"product_tag-specialmugg","15":"first","16":"instock","17":"taxable","18":"shipping-taxable","19":"purchasable","20":"product-type-simple"},"yoast_head":"<!-- This site is optimized with the Yoast SEO plugin v27.1.1 - https:\/\/yoast.com\/product\/yoast-seo-wordpress\/ -->\n<title>Muminmugg Den gyllene svansen (2019) *ETIKETT* - Muumimukit Rahaksi<\/title>\n<meta name=\"description\" content=\"Arabias muminmugg Den gyllene svansen (ur produktion). Muggen \u00e4r ny och har etiketten kvar. Muggarna packas med omsorg och f\u00f6rnybara material.\" \/>\n<meta name=\"robots\" content=\"index, follow, max-snippet:-1, max-image-preview:large, max-video-preview:-1\" \/>\n<link rel=\"canonical\" href=\"https:\/\/muumimukitrahaksi.fi\/produkt\/muumimuki-kultainen-hanta-2019-tarra\/\" \/>\n<meta property=\"og:locale\" content=\"sv_SE\" \/>\n<meta property=\"og:type\" content=\"article\" \/>\n<meta property=\"og:title\" content=\"Muminmugg Den gyllene svansen (2019) *ETIKETT* - Muumimukit Rahaksi\" \/>\n<meta property=\"og:description\" content=\"Arabias muminmugg Den gyllene svansen (ur produktion). Muggen \u00e4r ny och har etiketten kvar. Muggarna packas med omsorg och f\u00f6rnybara material.\" \/>\n<meta property=\"og:url\" content=\"https:\/\/muumimukitrahaksi.fi\/produkt\/muumimuki-kultainen-hanta-2019-tarra\/\" \/>\n<meta property=\"og:site_name\" content=\"Muumimukit Rahaksi\" \/>\n<meta property=\"article:publisher\" content=\"https:\/\/www.facebook.com\/muumimukitrahaksi\/\" \/>\n<meta property=\"article:modified_time\" content=\"2025-10-20T18:54:01+00:00\" \/>\n<meta property=\"og:image\" content=\"https:\/\/muumimukitrahaksi.fi\/wp-content\/uploads\/2021\/01\/DSC03176.jpg\" \/>\n\t<meta property=\"og:image:width\" content=\"1000\" \/>\n\t<meta property=\"og:image:height\" content=\"1000\" \/>\n\t<meta property=\"og:image:type\" content=\"image\/jpeg\" \/>\n<meta name=\"twitter:card\" content=\"summary_large_image\" \/>\n<meta name=\"twitter:site\" content=\"@MuumitRahaksi\" \/>\n<meta name=\"twitter:label1\" content=\"Ber\u00e4knad l\u00e4stid\" \/>\n\t<meta name=\"twitter:data1\" content=\"1 minut\" \/>\n<script type=\"application\/ld+json\" class=\"yoast-schema-graph\">{\"@context\":\"https:\/\/schema.org\",\"@graph\":[{\"@type\":\"WebPage\",\"@id\":\"https:\/\/muumimukitrahaksi.fi\/produkt\/muumimuki-kultainen-hanta-2019-tarra\/\",\"url\":\"https:\/\/muumimukitrahaksi.fi\/produkt\/muumimuki-kultainen-hanta-2019-tarra\/\",\"name\":\"Muminmugg Den gyllene svansen (2019) *ETIKETT* - Muumimukit Rahaksi\",\"isPartOf\":{\"@id\":\"https:\/\/muumimukitrahaksi.fi\/#website\"},\"primaryImageOfPage\":{\"@id\":\"https:\/\/muumimukitrahaksi.fi\/produkt\/muumimuki-kultainen-hanta-2019-tarra\/#primaryimage\"},\"image\":{\"@id\":\"https:\/\/muumimukitrahaksi.fi\/produkt\/muumimuki-kultainen-hanta-2019-tarra\/#primaryimage\"},\"thumbnailUrl\":\"https:\/\/muumimukitrahaksi.fi\/wp-content\/uploads\/2021\/01\/DSC03176.jpg\",\"datePublished\":\"2019-09-19T11:50:19+00:00\",\"dateModified\":\"2025-10-20T18:54:01+00:00\",\"description\":\"Arabias muminmugg Den gyllene svansen (ur produktion). Muggen \u00e4r ny och har etiketten kvar. Muggarna packas med omsorg och f\u00f6rnybara material.\",\"breadcrumb\":{\"@id\":\"https:\/\/muumimukitrahaksi.fi\/produkt\/muumimuki-kultainen-hanta-2019-tarra\/#breadcrumb\"},\"inLanguage\":\"sv-SE\",\"potentialAction\":[{\"@type\":\"ReadAction\",\"target\":[\"https:\/\/muumimukitrahaksi.fi\/produkt\/muumimuki-kultainen-hanta-2019-tarra\/\"]}]},{\"@type\":\"ImageObject\",\"inLanguage\":\"sv-SE\",\"@id\":\"https:\/\/muumimukitrahaksi.fi\/produkt\/muumimuki-kultainen-hanta-2019-tarra\/#primaryimage\",\"url\":\"https:\/\/muumimukitrahaksi.fi\/wp-content\/uploads\/2021\/01\/DSC03176.jpg\",\"contentUrl\":\"https:\/\/muumimukitrahaksi.fi\/wp-content\/uploads\/2021\/01\/DSC03176.jpg\",\"width\":1000,\"height\":1000,\"caption\":\"Muminmugg Den gyllene svansen\"},{\"@type\":\"BreadcrumbList\",\"@id\":\"https:\/\/muumimukitrahaksi.fi\/produkt\/muumimuki-kultainen-hanta-2019-tarra\/#breadcrumb\",\"itemListElement\":[{\"@type\":\"ListItem\",\"position\":1,\"name\":\"Etusivu\",\"item\":\"https:\/\/muumimukitrahaksi.fi\/sv\/\"},{\"@type\":\"ListItem\",\"position\":2,\"name\":\"Butik\",\"item\":\"https:\/\/muumimukitrahaksi.fi\/sv\/butik\/\"},{\"@type\":\"ListItem\",\"position\":3,\"name\":\"Muminmugg Den gyllene svansen (2019) *ETIKETT*\"}]},{\"@type\":\"WebSite\",\"@id\":\"https:\/\/muumimukitrahaksi.fi\/#website\",\"url\":\"https:\/\/muumimukitrahaksi.fi\/\",\"name\":\"Muumimukit Rahaksi\",\"description\":\"Muumimukeja, -kulhoja ja -lautasia ker\u00e4ilij\u00f6ille!\",\"publisher\":{\"@id\":\"https:\/\/muumimukitrahaksi.fi\/#organization\"},\"potentialAction\":[{\"@type\":\"SearchAction\",\"target\":{\"@type\":\"EntryPoint\",\"urlTemplate\":\"https:\/\/muumimukitrahaksi.fi\/?s={search_term_string}\"},\"query-input\":{\"@type\":\"PropertyValueSpecification\",\"valueRequired\":true,\"valueName\":\"search_term_string\"}}],\"inLanguage\":\"sv-SE\"},{\"@type\":\"Organization\",\"@id\":\"https:\/\/muumimukitrahaksi.fi\/#organization\",\"name\":\"Muumimukit Rahaksi\",\"url\":\"https:\/\/muumimukitrahaksi.fi\/\",\"logo\":{\"@type\":\"ImageObject\",\"inLanguage\":\"sv-SE\",\"@id\":\"https:\/\/muumimukitrahaksi.fi\/#\/schema\/logo\/image\/\",\"url\":\"https:\/\/muumimukitrahaksi.fi\/wp-content\/uploads\/2017\/09\/logooo.jpg\",\"contentUrl\":\"https:\/\/muumimukitrahaksi.fi\/wp-content\/uploads\/2017\/09\/logooo.jpg\",\"width\":514,\"height\":514,\"caption\":\"Muumimukit Rahaksi\"},\"image\":{\"@id\":\"https:\/\/muumimukitrahaksi.fi\/#\/schema\/logo\/image\/\"},\"sameAs\":[\"https:\/\/www.facebook.com\/muumimukitrahaksi\/\",\"https:\/\/x.com\/MuumitRahaksi\",\"https:\/\/www.instagram.com\/muumimukitrahaksi\/\"]}]}<\/script>\n<!-- \/ Yoast SEO plugin. -->","yoast_head_json":{"title":"Muminmugg Den gyllene svansen (2019) *ETIKETT* - Muumimukit Rahaksi","description":"Arabias muminmugg Den gyllene svansen (ur produktion). Muggen \u00e4r ny och har etiketten kvar. Muggarna packas med omsorg och f\u00f6rnybara material.","robots":{"index":"index","follow":"follow","max-snippet":"max-snippet:-1","max-image-preview":"max-image-preview:large","max-video-preview":"max-video-preview:-1"},"canonical":"https:\/\/muumimukitrahaksi.fi\/produkt\/muumimuki-kultainen-hanta-2019-tarra\/","og_locale":"sv_SE","og_type":"article","og_title":"Muminmugg Den gyllene svansen (2019) *ETIKETT* - Muumimukit Rahaksi","og_description":"Arabias muminmugg Den gyllene svansen (ur produktion). Muggen \u00e4r ny och har etiketten kvar. Muggarna packas med omsorg och f\u00f6rnybara material.","og_url":"https:\/\/muumimukitrahaksi.fi\/produkt\/muumimuki-kultainen-hanta-2019-tarra\/","og_site_name":"Muumimukit Rahaksi","article_publisher":"https:\/\/www.facebook.com\/muumimukitrahaksi\/","article_modified_time":"2025-10-20T18:54:01+00:00","og_image":[{"width":1000,"height":1000,"url":"https:\/\/muumimukitrahaksi.fi\/wp-content\/uploads\/2021\/01\/DSC03176.jpg","type":"image\/jpeg"}],"twitter_card":"summary_large_image","twitter_site":"@MuumitRahaksi","twitter_misc":{"Ber\u00e4knad l\u00e4stid":"1 minut"},"schema":{"@context":"https:\/\/schema.org","@graph":[{"@type":"WebPage","@id":"https:\/\/muumimukitrahaksi.fi\/produkt\/muumimuki-kultainen-hanta-2019-tarra\/","url":"https:\/\/muumimukitrahaksi.fi\/produkt\/muumimuki-kultainen-hanta-2019-tarra\/","name":"Muminmugg Den gyllene svansen (2019) *ETIKETT* - Muumimukit Rahaksi","isPartOf":{"@id":"https:\/\/muumimukitrahaksi.fi\/#website"},"primaryImageOfPage":{"@id":"https:\/\/muumimukitrahaksi.fi\/produkt\/muumimuki-kultainen-hanta-2019-tarra\/#primaryimage"},"image":{"@id":"https:\/\/muumimukitrahaksi.fi\/produkt\/muumimuki-kultainen-hanta-2019-tarra\/#primaryimage"},"thumbnailUrl":"https:\/\/muumimukitrahaksi.fi\/wp-content\/uploads\/2021\/01\/DSC03176.jpg","datePublished":"2019-09-19T11:50:19+00:00","dateModified":"2025-10-20T18:54:01+00:00","description":"Arabias muminmugg Den gyllene svansen (ur produktion). Muggen \u00e4r ny och har etiketten kvar. Muggarna packas med omsorg och f\u00f6rnybara material.","breadcrumb":{"@id":"https:\/\/muumimukitrahaksi.fi\/produkt\/muumimuki-kultainen-hanta-2019-tarra\/#breadcrumb"},"inLanguage":"sv-SE","potentialAction":[{"@type":"ReadAction","target":["https:\/\/muumimukitrahaksi.fi\/produkt\/muumimuki-kultainen-hanta-2019-tarra\/"]}]},{"@type":"ImageObject","inLanguage":"sv-SE","@id":"https:\/\/muumimukitrahaksi.fi\/produkt\/muumimuki-kultainen-hanta-2019-tarra\/#primaryimage","url":"https:\/\/muumimukitrahaksi.fi\/wp-content\/uploads\/2021\/01\/DSC03176.jpg","contentUrl":"https:\/\/muumimukitrahaksi.fi\/wp-content\/uploads\/2021\/01\/DSC03176.jpg","width":1000,"height":1000,"caption":"Muminmugg Den gyllene svansen"},{"@type":"BreadcrumbList","@id":"https:\/\/muumimukitrahaksi.fi\/produkt\/muumimuki-kultainen-hanta-2019-tarra\/#breadcrumb","itemListElement":[{"@type":"ListItem","position":1,"name":"Etusivu","item":"https:\/\/muumimukitrahaksi.fi\/sv\/"},{"@type":"ListItem","position":2,"name":"Butik","item":"https:\/\/muumimukitrahaksi.fi\/sv\/butik\/"},{"@type":"ListItem","position":3,"name":"Muminmugg Den gyllene svansen (2019) *ETIKETT*"}]},{"@type":"WebSite","@id":"https:\/\/muumimukitrahaksi.fi\/#website","url":"https:\/\/muumimukitrahaksi.fi\/","name":"Muumimukit Rahaksi","description":"Muumimukeja, -kulhoja ja -lautasia ker\u00e4ilij\u00f6ille!","publisher":{"@id":"https:\/\/muumimukitrahaksi.fi\/#organization"},"potentialAction":[{"@type":"SearchAction","target":{"@type":"EntryPoint","urlTemplate":"https:\/\/muumimukitrahaksi.fi\/?s={search_term_string}"},"query-input":{"@type":"PropertyValueSpecification","valueRequired":true,"valueName":"search_term_string"}}],"inLanguage":"sv-SE"},{"@type":"Organization","@id":"https:\/\/muumimukitrahaksi.fi\/#organization","name":"Muumimukit Rahaksi","url":"https:\/\/muumimukitrahaksi.fi\/","logo":{"@type":"ImageObject","inLanguage":"sv-SE","@id":"https:\/\/muumimukitrahaksi.fi\/#\/schema\/logo\/image\/","url":"https:\/\/muumimukitrahaksi.fi\/wp-content\/uploads\/2017\/09\/logooo.jpg","contentUrl":"https:\/\/muumimukitrahaksi.fi\/wp-content\/uploads\/2017\/09\/logooo.jpg","width":514,"height":514,"caption":"Muumimukit Rahaksi"},"image":{"@id":"https:\/\/muumimukitrahaksi.fi\/#\/schema\/logo\/image\/"},"sameAs":["https:\/\/www.facebook.com\/muumimukitrahaksi\/","https:\/\/x.com\/MuumitRahaksi","https:\/\/www.instagram.com\/muumimukitrahaksi\/"]}]}},"_links":{"self":[{"href":"https:\/\/muumimukitrahaksi.fi\/sv\/wp-json\/wp\/v2\/product\/98161","targetHints":{"allow":["GET"]}}],"collection":[{"href":"https:\/\/muumimukitrahaksi.fi\/sv\/wp-json\/wp\/v2\/product"}],"about":[{"href":"https:\/\/muumimukitrahaksi.fi\/sv\/wp-json\/wp\/v2\/types\/product"}],"wp:featuredmedia":[{"embeddable":true,"href":"https:\/\/muumimukitrahaksi.fi\/sv\/wp-json\/wp\/v2\/media\/98162"}],"wp:attachment":[{"href":"https:\/\/muumimukitrahaksi.fi\/sv\/wp-json\/wp\/v2\/media?parent=98161"}],"wp:term":[{"taxonomy":"product_brand","embeddable":true,"href":"https:\/\/muumimukitrahaksi.fi\/sv\/wp-json\/wp\/v2\/product_brand?post=98161"},{"taxonomy":"product_cat","embeddable":true,"href":"https:\/\/muumimukitrahaksi.fi\/sv\/wp-json\/wp\/v2\/product_cat?post=98161"},{"taxonomy":"product_tag","embeddable":true,"href":"https:\/\/muumimukitrahaksi.fi\/sv\/wp-json\/wp\/v2\/product_tag?post=98161"}],"curies":[{"name":"wp","href":"https:\/\/api.w.org\/{rel}","templated":true}]}}